{"id":984,"date":"2021-12-18T09:39:48","date_gmt":"2021-12-18T09:39:48","guid":{"rendered":"https:\/\/www.jymachinetech.com\/?post_type=product&#038;p=984"},"modified":"2025-07-25T05:53:04","modified_gmt":"2025-07-25T05:53:04","slug":"biscuit-mold","status":"publish","type":"product","link":"https:\/\/www.jymachinetech.com\/vi\/product\/biscuit-mold\/","title":{"rendered":"Nh\u00e0 m\u00e1y khu\u00f4n b\u00e1nh quy | mua khu\u00f4n b\u00e1nh quy tr\u1ef1c tuy\u1ebfn"},"content":{"rendered":"<h2>Khu\u00f4n B\u00e1nh Quy: Gi\u1ea3i ph\u00e1p \u0110a N\u0103ng cho S\u1ea3n Xu\u1ea5t B\u00e1nh Quy \u0110a D\u1ea1ng<\/h2>\n<p><strong>T\u1ed5ng Quan S\u1ea3n Ph\u1ea9m:<\/strong> T\u1ea1i Nh\u00e0 M\u00e1y Khu\u00f4n B\u00e1nh Quy c\u1ee7a ch\u00fang t\u00f4i, ch\u00fang t\u00f4i chuy\u00ean s\u1ea3n xu\u1ea5t c\u00e1c khu\u00f4n b\u00e1nh quy ch\u1ea5t l\u01b0\u1ee3ng cao, c\u1ea7n thi\u1ebft cho c\u1ea3 s\u1ea3n xu\u1ea5t b\u00e1nh quy c\u1ee9ng v\u00e0 m\u1ec1m trong d\u00e2y chuy\u1ec1n b\u00e1nh quy t\u1ef1 \u0111\u1ed9ng. C\u00e1c khu\u00f4n c\u1ee7a ch\u00fang t\u00f4i \u0111\u01b0\u1ee3c thi\u1ebft k\u1ebf \u0111\u1ec3 \u0111\u00e1p \u1ee9ng y\u00eau c\u1ea7u c\u1ee7a ng\u00e0nh s\u1ea3n xu\u1ea5t b\u00e1nh quy hi\u1ec7n \u0111\u1ea1i, \u0111\u1ea3m b\u1ea3o \u0111\u1ed9 ch\u00ednh x\u00e1c v\u00e0 \u0111\u1ed3ng nh\u1ea5t trong t\u1eebng l\u00f4 h\u00e0ng.<\/p>\n<p><iframe title=\"m\u00e1y l\u00e0m th\u1ea1ch cao khu\u00f4n b\u1ed9t m\u00ec\" width=\"800\" height=\"450\" src=\"https:\/\/www.youtube.com\/embed\/WM_t7DRdsRo?feature=oembed\" frameborder=\"0\" allow=\"accelerometer; autoplay; clipboard-write; encrypted-media; gyroscope; picture-in-picture; web-share\" referrerpolicy=\"strict-origin-when-cross-origin\" allowfullscreen><\/iframe><\/p>\n<h2><strong>C\u00e1c T\u00ednh N\u0103ng &amp; L\u1ee3i \u00cdch Ch\u00ednh:<\/strong><\/h2>\n<ul>\n<li><strong>L\u1ef1a Ch\u1ecdn V\u1eadt Li\u1ec7u \u0110a D\u1ea1ng:<\/strong> Ch\u00fang t\u00f4i s\u1ea3n xu\u1ea5t khu\u00f4n b\u00e1nh quy s\u1eed d\u1ee5ng nhi\u1ec1u lo\u1ea1i v\u1eadt li\u1ec7u bao g\u1ed3m \u0111\u1ed3ng thau, h\u1ee3p kim \u0111\u1ed3ng, th\u00e9p v\u00e0 nh\u1ef1a, m\u1ed7i lo\u1ea1i \u0111\u01b0\u1ee3c ch\u1ecdn l\u1ef1a d\u1ef1a tr\u00ean l\u1ee3i \u00edch ri\u00eang trong c\u00e1c m\u00f4i tr\u01b0\u1eddng s\u1ea3n xu\u1ea5t kh\u00e1c nhau.<\/li>\n<li><strong>D\u1ea3i S\u1ea3n Ph\u1ea9m Phong Ph\u00fa:<\/strong> Ch\u00fang t\u00f4i c\u00f3 c\u00e1c lo\u1ea1i khu\u00f4n d\u00e0nh cho b\u00e1nh quy, b\u00e1nh crackers, th\u1ee9c \u0103n cho th\u00fa c\u01b0ng, v\u00e0 nhi\u1ec1u lo\u1ea1i kh\u00e1c, t\u1ea5t c\u1ea3 \u0111\u1ec1u \u0111\u01b0\u1ee3c thi\u1ebft k\u1ebf v\u1edbi \u0111\u1ed9 ch\u00ednh x\u00e1c cao \u0111\u1ec3 \u0111\u00e1p \u1ee9ng c\u00e1c nhu c\u1ea7u th\u1ecb tr\u01b0\u1eddng \u0111a d\u1ea1ng.<\/li>\n<li><strong>L\u1ef1a Ch\u1ecdn M\u1eabu M\u00e3 T\u00f9y Ch\u1ec9nh:<\/strong> Ch\u00fang t\u00f4i cung c\u1ea5p nhi\u1ec1u l\u1ef1a ch\u1ecdn m\u1eabu m\u00e3 \u0111\u1ec3 kh\u00e1ch h\u00e0ng c\u00f3 th\u1ec3 l\u1ef1a ch\u1ecdn, \u0111\u1ea3m b\u1ea3o r\u1eb1ng c\u00e1c khu\u00f4n c\u1ee7a ch\u00fang t\u00f4i ph\u00f9 h\u1ee3p v\u1edbi nhi\u1ec1u ki\u1ec3u d\u00e1ng s\u1ea3n ph\u1ea9m kh\u00e1c nhau.<\/li>\n<li><strong>D\u1ecbch V\u1ee5 Thi\u1ebft K\u1ebf:<\/strong> \u0110\u1ed9i ng\u0169 c\u1ee7a ch\u00fang t\u00f4i c\u0169ng c\u00f3 th\u1ec3 t\u1ea1o ra c\u00e1c thi\u1ebft k\u1ebf t\u00f9y ch\u1ec9nh cho khu\u00f4n c\u1ee7a b\u1ea1n, cung c\u1ea5p gi\u1ea3i ph\u00e1p c\u00e1 nh\u00e2n h\u00f3a cho qu\u00e1 tr\u00ecnh s\u1ea3n xu\u1ea5t b\u00e1nh quy c\u1ee7a b\u1ea1n.<\/li>\n<li><strong>Thi\u1ebft K\u1ebf Modular:<\/strong> C\u00e1c khu\u00f4n \u0111\u01b0\u1ee3c thi\u1ebft k\u1ebf theo \u00fd t\u01b0\u1edfng modular, gi\u00fap d\u1ec5 d\u00e0ng th\u00e1o l\u1eafp v\u00e0 thay \u0111\u1ed5i, l\u00fd t\u01b0\u1edfng cho c\u00e1c d\u00e2y chuy\u1ec1n s\u1ea3n xu\u1ea5t y\u00eau c\u1ea7u \u0111i\u1ec1u ch\u1ec9nh khu\u00f4n th\u01b0\u1eddng xuy\u00ean.<\/li>\n<\/ul>\n<h2><strong>\u0110i\u1ec3m N\u1ed5i B\u1eadt K\u1ef9 Thu\u1eadt:<\/strong><\/h2>\n<ul>\n<li><strong>Ch\u00ednh X\u00e1c Cao:<\/strong> M\u1ed7i khu\u00f4n \u0111\u01b0\u1ee3c ch\u1ebf t\u1ea1o t\u1ec9 m\u1ec9 v\u1edbi s\u1ef1 ch\u00fa \u00fd \u0111\u1ebfn t\u1eebng chi ti\u1ebft, \u0111\u1ea3m b\u1ea3o m\u1ed7i chi\u1ebfc b\u00e1nh quy th\u00e0nh ph\u1ea9m \u0111\u1ea1t ti\u00eau chu\u1ea9n ch\u1ea5t l\u01b0\u1ee3ng cao nh\u1ea5t.<\/li>\n<li><strong>\u0110\u1ed9 B\u1ec1n:<\/strong> \u0110\u01b0\u1ee3c l\u00e0m t\u1eeb v\u1eadt li\u1ec7u ch\u1eafc ch\u1eafn, c\u00e1c khu\u00f4n c\u1ee7a ch\u00fang t\u00f4i \u0111\u01b0\u1ee3c x\u00e2y d\u1ef1ng \u0111\u1ec3 ch\u1ecbu \u0111\u1ef1ng \u0111\u01b0\u1ee3c s\u1ef1 kh\u1eafc nghi\u1ec7t c\u1ee7a vi\u1ec7c s\u1eed d\u1ee5ng li\u00ean t\u1ee5c trong m\u00f4i tr\u01b0\u1eddng s\u1ea3n xu\u1ea5t.<\/li>\n<li><strong>D\u1ec5 B\u1ea3o Tr\u00ec:<\/strong> Thi\u1ebft k\u1ebf c\u1ee7a khu\u00f4n m\u1eabu c\u1ee7a ch\u00fang t\u00f4i t\u1ea1o \u0111i\u1ec1u ki\u1ec7n d\u1ec5 d\u00e0ng v\u1ec7 sinh v\u00e0 b\u1ea3o tr\u00ec, g\u00f3p ph\u1ea7n k\u00e9o d\u00e0i tu\u1ed5i th\u1ecd v\u00e0 \u0111\u1ea3m b\u1ea3o s\u1ea3n xu\u1ea5t v\u1ec7 sinh.<\/li>\n<\/ul>\n<h2><strong>\u1ee8ng d\u1ee5ng:<\/strong><\/h2>\n<ul>\n<li>Ph\u00f9 h\u1ee3p cho nhi\u1ec1u \u1ee9ng d\u1ee5ng kh\u00e1c nhau, t\u1eeb s\u1ea3n xu\u1ea5t b\u00e1nh quy th\u01b0\u01a1ng m\u1ea1i \u0111\u1ebfn c\u00e1c ti\u1ec7m b\u00e1nh th\u1ee7 c\u00f4ng v\u00e0 s\u1ea3n xu\u1ea5t th\u1ee9c \u0103n cho th\u00fa c\u01b0ng chuy\u00ean d\u1ee5ng.<\/li>\n<\/ul>\n<h2><strong>H\u1ed7 tr\u1ee3 kh\u00e1ch h\u00e0ng &amp; D\u1ecbch v\u1ee5<\/strong><\/h2>\n<ul>\n<li><strong>Ph\u1ea1m vi to\u00e0n c\u1ea7u:<\/strong> Ch\u00fang t\u00f4i cung c\u1ea5p h\u1ec7 th\u1ed1ng t\u1ef1 \u0111\u1ed9ng ho\u00e0n ch\u1ec9nh c\u1ee7a m\u00ecnh <a href=\"https:\/\/www.jymachinetech.com\/vi\/top-hard-dough-biscuit-production-line-for-efficient-baking-solutions\/\" title=\"D\u00e2y chuy\u1ec1n s\u1ea3n xu\u1ea5t b\u00e1nh quy c\u1ee9ng h\u00e0ng \u0111\u1ea7u \u0111\u1ec3 gi\u1ea3i ph\u00e1p n\u01b0\u1edbng hi\u1ec7u qu\u1ea3\"  data-wpil-monitor-id=\"91\" target=\"_blank\">gi\u1ea3i ph\u00e1p d\u00e2y chuy\u1ec1n s\u1ea3n xu\u1ea5t b\u00e1nh quy<\/a> \u0111\u1ebfn kh\u00e1ch h\u00e0ng to\u00e0n c\u1ea7u, t\u1eeb pha tr\u1ed9n \u0111\u1ebfn \u0111\u00f3ng g\u00f3i.<\/li>\n<li><strong>T\u01b0 v\u1ea5n v\u00e0 Thi\u1ebft k\u1ebf:<\/strong> \u0110\u1ed9i ng\u0169 c\u1ee7a ch\u00fang t\u00f4i s\u1eb5n s\u00e0ng h\u1ed7 tr\u1ee3 t\u01b0 v\u1ea5n v\u00e0 d\u1ecbch v\u1ee5 thi\u1ebft k\u1ebf \u0111\u1ec3 \u0111\u1ea3m b\u1ea3o khu\u00f4n ph\u00f9 h\u1ee3p v\u1edbi y\u00eau c\u1ea7u s\u1ea3n xu\u1ea5t c\u1ee5 th\u1ec3 c\u1ee7a b\u1ea1n.<\/li>\n<li><strong>D\u1ecbch v\u1ee5 h\u1eadu m\u00e3i:<\/strong> Ch\u00fang t\u00f4i cung c\u1ea5p d\u1ecbch v\u1ee5 h\u1ed7 tr\u1ee3 v\u00e0 b\u1ea3o tr\u00ec li\u00ean t\u1ee5c \u0111\u1ec3 gi\u1eef khu\u00f4n c\u1ee7a b\u1ea1n \u1edf tr\u1ea1ng th\u00e1i t\u1ed1t nh\u1ea5t.<\/li>\n<\/ul>\n<h2><strong>T\u1ea1i sao ch\u1ecdn khu\u00f4n b\u00e1nh quy c\u1ee7a ch\u00fang t\u00f4i:<\/strong><\/h2>\n<ul>\n<li><strong>Ch\u1ea5t l\u01b0\u1ee3ng &amp; Ch\u00ednh x\u00e1c:<\/strong>\u00a0Khu\u00f4n c\u1ee7a ch\u00fang t\u00f4i \u0111\u01b0\u1ee3c l\u00e0m t\u1eeb ch\u1ea5t li\u1ec7u ch\u1ea5t l\u01b0\u1ee3ng cao v\u00e0 ch\u1ebf t\u00e1c ch\u00ednh x\u00e1c \u0111\u1ec3 s\u1ea3n xu\u1ea5t b\u00e1nh quy \u0111\u1ed3ng nh\u1ea5t.<\/li>\n<li><strong>T\u00f9y ch\u1ec9nh v\u00e0 Linh ho\u1ea1t:<\/strong>\u00a0Ch\u00fang t\u00f4i cung c\u1ea5p c\u00e1c t\u00f9y ch\u1ecdn t\u00f9y ch\u1ec9nh v\u00e0 ph\u01b0\u01a1ng ph\u00e1p linh ho\u1ea1t \u0111\u1ec3 \u0111\u00e1p \u1ee9ng c\u00e1c nhu c\u1ea7u \u0111\u1eb7c bi\u1ec7t c\u1ee7a quy tr\u00ecnh s\u1ea3n xu\u1ea5t c\u1ee7a b\u1ea1n.<\/li>\n<li><strong>H\u1ed7 tr\u1ee3 chuy\u00ean nghi\u1ec7p:<\/strong>\u00a0H\u1ed7 tr\u1ee3 b\u1edfi m\u1ed9t \u0111\u1ed9i ng\u0169 chuy\u00ean gia c\u00f3 kinh nghi\u1ec7m phong ph\u00fa trong s\u1ea3n xu\u1ea5t v\u00e0 thi\u1ebft k\u1ebf khu\u00f4n b\u00e1nh quy.<\/li>\n<\/ul>\n<p><strong>Y\u00eau c\u1ea7u b\u00e1o gi\u00e1 ngay b\u00e2y gi\u1edd:<\/strong> N\u1ebfu b\u1ea1n quan t\u00e2m \u0111\u1ebfn Khu\u00f4n B\u00e1nh Quy c\u1ee7a ch\u00fang t\u00f4i, h\u00e3y xem c\u00e1c s\u1ea3n ph\u1ea9m li\u00ean quan v\u00e0 b\u1eaft \u0111\u1ea7u t\u01b0 v\u1ea5n tr\u00ean trang web c\u1ee7a ch\u00fang t\u00f4i \u0111\u1ec3 nh\u1eadn b\u00e1o gi\u00e1 c\u00e1 nh\u00e2n h\u00f3a v\u00e0 l\u1eddi khuy\u00ean chuy\u00ean gia v\u1ec1 c\u00e1ch n\u00e2ng cao kh\u1ea3 n\u0103ng s\u1ea3n xu\u1ea5t b\u00e1nh quy c\u1ee7a b\u1ea1n.<\/p>\n<div class=\"table-responsive\">\n<table style=\"width: 100%;\" border=\"1\" cellspacing=\"1\" cellpadding=\"1\">\n<tbody>\n<tr>\n<td><span style=\"font-size: 10.5pt;\"><span style=\"font-family: \u7b49\u7ebf;\"><span style=\"font-size: 10.5000pt;\"><span style=\"font-family: \u7b49\u7ebf;\"><span style=\"font-family: \u7b49\u7ebf;\">I<\/span><\/span><\/span><span style=\"font-size: 10.5000pt;\"><span style=\"font-family: \u7b49\u7ebf;\">tem<\/span><\/span><\/span><\/span><\/td>\n<td><span style=\"font-size: 10.5pt;\"><span style=\"font-family: \u7b49\u7ebf;\"><span style=\"font-size: 10.5000pt;\"><span style=\"font-family: \u7b49\u7ebf;\"><span style=\"font-family: \u7b49\u7ebf;\">I<\/span><\/span><\/span><span style=\"font-size: 10.5000pt;\"><span style=\"font-family: \u7b49\u7ebf;\">tem<\/span><\/span><\/span><\/span><\/td>\n<td><span style=\"font-size: 10.5pt;\"><span style=\"font-family: \u7b49\u7ebf;\"><span style=\"font-size: 10.5000pt;\"><span style=\"font-family: \u7b49\u7ebf;\"><span style=\"font-family: \u7b49\u7ebf;\">S<\/span><\/span><\/span><span style=\"font-size: 10.5000pt;\"><span style=\"font-family: \u7b49\u7ebf;\">th\u00f4ng s\u1ed1 k\u1ef9 thu\u1eadt<\/span><\/span><\/span><\/span><\/td>\n<\/tr>\n<tr>\n<td><span style=\"font-size: 10.5pt;\"><span style=\"font-family: \u7b49\u7ebf;\"><span style=\"font-size: 10.5000pt;\"><span style=\"font-family: \u7b49\u7ebf;\"><span style=\"font-family: \u7b49\u7ebf;\">1<\/span><\/span><\/span><\/span><\/span><\/td>\n<td><span style=\"font-size: 10.5pt;\"><span style=\"font-family: \u7b49\u7ebf;\"><span style=\"font-size: 10.5000pt;\"><span style=\"font-family: \u7b49\u7ebf;\"><span style=\"font-family: \u7b49\u7ebf;\">D<\/span><\/span><\/span><span style=\"font-size: 10.5000pt;\"><span style=\"font-family: \u7b49\u7ebf;\">k\u00edch th\u01b0\u1edbc<\/span><\/span><\/span><\/span><\/td>\n<td><span style=\"font-size: 10.5pt;\"><span style=\"font-family: \u7b49\u7ebf;\"><span style=\"font-size: 10.5000pt;\"><span style=\"font-family: \u7b49\u7ebf;\"><span style=\"font-family: \u7b49\u7ebf;\">1<\/span><\/span><\/span><span style=\"font-size: 10.5000pt;\"><span style=\"font-family: \u7b49\u7ebf;\">480*250*250mm<\/span><\/span><\/span><\/span><\/td>\n<\/tr>\n<tr>\n<td>2<\/td>\n<td><span style=\"font-size: 10.5pt;\"><span style=\"font-family: \u7b49\u7ebf;\"><span style=\"font-size: 10.5000pt;\"><span style=\"font-family: \u7b49\u7ebf;\"><span style=\"font-family: \u7b49\u7ebf;\">W<\/span><\/span><\/span><span style=\"font-size: 10.5000pt;\"><span style=\"font-family: \u7b49\u7ebf;\">t\u00e1m<\/span><\/span><\/span><\/span><\/td>\n<td><span style=\"font-size: 10.5pt;\"><span style=\"font-family: \u7b49\u7ebf;\"><span style=\"font-size: 10.5000pt;\"><span style=\"font-family: \u7b49\u7ebf;\"><span style=\"font-family: \u7b49\u7ebf;\">2<\/span><\/span><\/span><span style=\"font-size: 10.5000pt;\"><span style=\"font-family: \u7b49\u7ebf;\">50kg<\/span><\/span><\/span><\/span><\/td>\n<\/tr>\n<\/tbody>\n<\/table>\n<\/div>\n<p>&nbsp;<\/p>\n<p><img fetchpriority=\"high\" decoding=\"async\" class=\"alignnone size-full wp-image-997\" title=\"nh\u00e0 m\u00e1y khu\u00f4n b\u00e1nh quy | mua khu\u00f4n b\u00e1nh quy tr\u1ef1c tuy\u1ebfn\" src=\"https:\/\/www.jymachinetech.com\/wp-content\/uploads\/2021\/12\/1622470502_image.png\" alt=\"nh\u00e0 m\u00e1y khu\u00f4n b\u00e1nh quy | mua khu\u00f4n b\u00e1nh quy tr\u1ef1c tuy\u1ebfn\" width=\"649\" height=\"430\" srcset=\"https:\/\/www.jymachinetech.com\/wp-content\/uploads\/2021\/12\/1622470502_image.png 649w, https:\/\/www.jymachinetech.com\/wp-content\/uploads\/2021\/12\/1622470502_image-18x12.png 18w, https:\/\/www.jymachinetech.com\/wp-content\/uploads\/2021\/12\/1622470502_image-600x398.png 600w\" sizes=\"(max-width: 649px) 100vw, 649px\" \/> <img decoding=\"async\" class=\"alignnone size-full wp-image-998\" title=\"nh\u00e0 m\u00e1y khu\u00f4n b\u00e1nh quy | mua khu\u00f4n b\u00e1nh quy tr\u1ef1c tuy\u1ebfn\" src=\"https:\/\/www.jymachinetech.com\/wp-content\/uploads\/2021\/12\/1622470511_image.png\" alt=\"nh\u00e0 m\u00e1y khu\u00f4n b\u00e1nh quy | mua khu\u00f4n b\u00e1nh quy tr\u1ef1c tuy\u1ebfn\" width=\"552\" height=\"307\" srcset=\"https:\/\/www.jymachinetech.com\/wp-content\/uploads\/2021\/12\/1622470511_image.png 552w, https:\/\/www.jymachinetech.com\/wp-content\/uploads\/2021\/12\/1622470511_image-18x10.png 18w\" sizes=\"(max-width: 552px) 100vw, 552px\" \/> <img decoding=\"async\" class=\"alignnone size-full wp-image-1005\" title=\"nh\u00e0 m\u00e1y khu\u00f4n b\u00e1nh quy | mua khu\u00f4n b\u00e1nh quy tr\u1ef1c tuy\u1ebfn\" src=\"https:\/\/www.jymachinetech.com\/wp-content\/uploads\/2021\/12\/1622470518_image.png\" alt=\"nh\u00e0 m\u00e1y khu\u00f4n b\u00e1nh quy | mua khu\u00f4n b\u00e1nh quy tr\u1ef1c tuy\u1ebfn\" width=\"552\" height=\"336\" srcset=\"https:\/\/www.jymachinetech.com\/wp-content\/uploads\/2021\/12\/1622470518_image.png 552w, https:\/\/www.jymachinetech.com\/wp-content\/uploads\/2021\/12\/1622470518_image-18x12.png 18w\" sizes=\"(max-width: 552px) 100vw, 552px\" \/><\/p>\n<p>&nbsp;<\/p>\n<p><img loading=\"lazy\" decoding=\"async\" class=\"alignnone wp-image-1006 size-full\" title=\"nh\u00e0 m\u00e1y khu\u00f4n b\u00e1nh quy | mua khu\u00f4n b\u00e1nh quy tr\u1ef1c tuy\u1ebfn\" src=\"https:\/\/www.jymachinetech.com\/wp-content\/uploads\/2021\/12\/1622470536_image.png\" alt=\"nh\u00e0 m\u00e1y khu\u00f4n b\u00e1nh quy | mua khu\u00f4n b\u00e1nh quy tr\u1ef1c tuy\u1ebfn\" width=\"346\" height=\"329\" srcset=\"https:\/\/www.jymachinetech.com\/wp-content\/uploads\/2021\/12\/1622470536_image.png 346w, https:\/\/www.jymachinetech.com\/wp-content\/uploads\/2021\/12\/1622470536_image-13x12.png 13w\" sizes=\"(max-width: 346px) 100vw, 346px\" \/><\/p>\n<p>&nbsp;<\/p>\n<p><img loading=\"lazy\" decoding=\"async\" class=\"alignnone size-full wp-image-1007\" title=\"nh\u00e0 m\u00e1y khu\u00f4n b\u00e1nh quy | mua khu\u00f4n b\u00e1nh quy tr\u1ef1c tuy\u1ebfn\" src=\"https:\/\/www.jymachinetech.com\/wp-content\/uploads\/2021\/12\/1622470549_image.png\" alt=\"nh\u00e0 m\u00e1y khu\u00f4n b\u00e1nh quy | mua khu\u00f4n b\u00e1nh quy tr\u1ef1c tuy\u1ebfn\" width=\"515\" height=\"229\" srcset=\"https:\/\/www.jymachinetech.com\/wp-content\/uploads\/2021\/12\/1622470549_image.png 515w, https:\/\/www.jymachinetech.com\/wp-content\/uploads\/2021\/12\/1622470549_image-18x8.png 18w\" sizes=\"(max-width: 515px) 100vw, 515px\" \/><\/p>\n<h2><\/h2>\n<p><img loading=\"lazy\" decoding=\"async\" class=\"alignnone size-full wp-image-1008\" title=\"nh\u00e0 m\u00e1y khu\u00f4n b\u00e1nh quy | mua khu\u00f4n b\u00e1nh quy tr\u1ef1c tuy\u1ebfn\" src=\"https:\/\/www.jymachinetech.com\/wp-content\/uploads\/2021\/12\/1626830896_image.png\" alt=\"nh\u00e0 m\u00e1y khu\u00f4n b\u00e1nh quy | mua khu\u00f4n b\u00e1nh quy tr\u1ef1c tuy\u1ebfn\" width=\"625\" height=\"300\" srcset=\"https:\/\/www.jymachinetech.com\/wp-content\/uploads\/2021\/12\/1626830896_image.png 625w, https:\/\/www.jymachinetech.com\/wp-content\/uploads\/2021\/12\/1626830896_image-18x9.png 18w, https:\/\/www.jymachinetech.com\/wp-content\/uploads\/2021\/12\/1626830896_image-600x288.png 600w\" sizes=\"(max-width: 625px) 100vw, 625px\" \/><\/p>\n<section class=\"details\">\n<div class=\"container\">\n<div class=\"row\">\n<div class=\"tab-nav-main\">\n<div id=\"tab-content\" class=\"tab-content\">\n<div id=\"product-detail\" class=\"tab-pane fade in active\" role=\"tabpanel\"><\/div>\n<\/div>\n<\/div>\n<\/div>\n<\/div>\n<\/section>\n<section class=\"relatedpro\">\n<div class=\"container\">\n<div class=\"row\">\n<div class=\"col-xs-12\"><\/div>\n<\/div>\n<\/div>\n<\/section>","protected":false},"excerpt":{"rendered":"<p>Khu\u00f4n b\u00e1nh quy: Gi\u1ea3i ph\u00e1p \u0111a n\u0103ng cho s\u1ea3n xu\u1ea5t b\u00e1nh quy \u0111a d\u1ea1ng T\u1ed5ng quan s\u1ea3n ph\u1ea9m: T\u1ea1i Nh\u00e0 m\u00e1y khu\u00f4n b\u00e1nh quy c\u1ee7a ch\u00fang t\u00f4i, ch\u00fang t\u00f4i chuy\u00ean ch\u1ebf t\u1ea1o khu\u00f4n b\u00e1nh quy ch\u1ea5t l\u01b0\u1ee3ng cao, c\u1ea7n thi\u1ebft cho c\u1ea3 s\u1ea3n xu\u1ea5t b\u00e1nh quy c\u1ee9ng v\u00e0 m\u1ec1m trong d\u00e2y chuy\u1ec1n b\u00e1nh quy t\u1ef1 \u0111\u1ed9ng. C\u00e1c khu\u00f4n c\u1ee7a ch\u00fang t\u00f4i \u0111\u01b0\u1ee3c thi\u1ebft k\u1ebf \u0111\u1ec3 \u0111\u00e1p \u1ee9ng y\u00eau c\u1ea7u c\u1ee7a ng\u00e0nh s\u1ea3n xu\u1ea5t b\u00e1nh quy hi\u1ec7n \u0111\u1ea1i, \u0111\u1ea3m b\u1ea3o \u0111\u1ed9 ch\u00ednh x\u00e1c v\u00e0 \u0111\u1ed3ng nh\u1ea5t trong t\u1eebng m\u1ebb b\u00e1nh. [\u2026]<\/p>","protected":false},"featured_media":4944,"comment_status":"open","ping_status":"closed","template":"","meta":[],"product_brand":[],"product_cat":[15,95],"product_tag":[],"class_list":{"0":"post-984","1":"product","2":"type-product","3":"status-publish","4":"has-post-thumbnail","6":"product_cat-bakery-equipment","7":"product_cat-biscuit-machine","9":"first","10":"instock","11":"shipping-taxable","12":"product-type-simple"},"_links":{"self":[{"href":"https:\/\/www.jymachinetech.com\/vi\/wp-json\/wp\/v2\/product\/984","targetHints":{"allow":["GET"]}}],"collection":[{"href":"https:\/\/www.jymachinetech.com\/vi\/wp-json\/wp\/v2\/product"}],"about":[{"href":"https:\/\/www.jymachinetech.com\/vi\/wp-json\/wp\/v2\/types\/product"}],"replies":[{"embeddable":true,"href":"https:\/\/www.jymachinetech.com\/vi\/wp-json\/wp\/v2\/comments?post=984"}],"version-history":[{"count":2,"href":"https:\/\/www.jymachinetech.com\/vi\/wp-json\/wp\/v2\/product\/984\/revisions"}],"predecessor-version":[{"id":7306,"href":"https:\/\/www.jymachinetech.com\/vi\/wp-json\/wp\/v2\/product\/984\/revisions\/7306"}],"wp:featuredmedia":[{"embeddable":true,"href":"https:\/\/www.jymachinetech.com\/vi\/wp-json\/wp\/v2\/media\/4944"}],"wp:attachment":[{"href":"https:\/\/www.jymachinetech.com\/vi\/wp-json\/wp\/v2\/media?parent=984"}],"wp:term":[{"taxonomy":"product_brand","embeddable":true,"href":"https:\/\/www.jymachinetech.com\/vi\/wp-json\/wp\/v2\/product_brand?post=984"},{"taxonomy":"product_cat","embeddable":true,"href":"https:\/\/www.jymachinetech.com\/vi\/wp-json\/wp\/v2\/product_cat?post=984"},{"taxonomy":"product_tag","embeddable":true,"href":"https:\/\/www.jymachinetech.com\/vi\/wp-json\/wp\/v2\/product_tag?post=984"}],"curies":[{"name":"wp","href":"https:\/\/api.w.org\/{rel}","templated":true}]}}