{"id":83,"date":"2021-12-18T07:16:26","date_gmt":"2021-12-18T07:16:26","guid":{"rendered":"https:\/\/www.jymachinetech.com\/?post_type=product&#038;p=83"},"modified":"2025-07-25T05:54:36","modified_gmt":"2025-07-25T05:54:36","slug":"feeder","status":"publish","type":"product","link":"https:\/\/www.jymachinetech.com\/vi\/product\/feeder\/","title":{"rendered":"Ph\u1ec5u \u0111\u1ed5 h\u00e0ng b\u00e1n | Nh\u00e0 m\u00e1y ph\u1ec5u \u0111\u1ed5 h\u00e0ng"},"content":{"rendered":"<div class=\"content-style\">\n<p>The feeder is used to feed the dough into the hopper and pre-roll the dough or dough sheets into suitable dough pieces, which are conveyed to the 1\/2\/3 gauge rolls for further rolling. It is an indispensable machine in all kinds of hard biscuit production lines.<\/p>\n<p>&nbsp;<\/p>\n<\/div>\n<div class=\"table-responsive\">\n<table style=\"width: 100%;\">\n<tbody>\n<tr>\n<td style=\"text-align: center;\">M\u1eabu m\u00e3<\/td>\n<td style=\"text-align: center;\">JY1500<\/td>\n<td style=\"text-align: center;\">JY1200<\/td>\n<td style=\"text-align: center;\">JY1000<\/td>\n<td style=\"text-align: center;\">JY600<\/td>\n<\/tr>\n<tr>\n<td style=\"text-align: center;\">K\u1ebft qu\u1ea3<\/td>\n<td style=\"text-align: center;\">1500<\/td>\n<td style=\"text-align: center;\">1200<\/td>\n<td style=\"text-align: center;\">1000<\/td>\n<td style=\"text-align: center;\">600<\/td>\n<\/tr>\n<tr>\n<td style=\"text-align: center;\">Power supply(V\/Hz)<\/td>\n<td style=\"text-align: center;\" colspan=\"4\">220v\/380v\/415v<\/td>\n<\/tr>\n<tr>\n<td style=\"text-align: center;\">Sheeting thickness<\/td>\n<td style=\"text-align: center;\" colspan=\"4\">Adjustable<\/td>\n<\/tr>\n<tr>\n<td style=\"text-align: center;\">C\u00f4ng su\u1ea5t(kw)<\/td>\n<td style=\"text-align: center;\" colspan=\"4\">1.22<\/td>\n<\/tr>\n<tr>\n<td style=\"text-align: center;\">Speed(m\/min)<\/td>\n<td style=\"text-align: center;\" colspan=\"4\">1.2-1.9m\/minute<\/td>\n<\/tr>\n<\/tbody>\n<\/table>\n<\/div>","protected":false},"excerpt":{"rendered":"<ul>\n<li>B\u1ed9 \u0111i\u1ec1u khi\u1ec3n t\u1ea7n s\u1ed1 c\u1ee7a t\u1ed1c \u0111\u1ed9 \u0111\u1ed9ng c\u01a1, s\u1eed d\u1ee5ng c\u1ea3m bi\u1ebfn d\u1ecbch chuy\u1ec3n \u0111\u1ec3 ki\u1ec3m tra \u0111\u1ed9 d\u00e0y c\u1ee7a b\u1ed9t<\/li>\n<li>PLC touch screen adjust the dough thickness, more accurate<\/li>\n<li>Alloy roller stronger<\/li>\n<li>The roller guard is installed on the upper roller to reduce the chance of cutting the dough sheets<\/li>\n<li>The inner white food grade nontoxic nylon gasket prevents the dough sheets from being feed<\/li>\n<li>Rubber roller inside protecting the alloy roller effective<\/li>\n<li>Main frame and body is made of stainless steel<\/li>\n<li>R-shapes bending and waterproof sandblasting coating for longer use-age<\/li>\n<\/ul>","protected":false},"featured_media":86,"comment_status":"open","ping_status":"closed","template":"","meta":[],"product_brand":[],"product_cat":[15],"product_tag":[],"class_list":{"0":"post-83","1":"product","2":"type-product","3":"status-publish","4":"has-post-thumbnail","6":"product_cat-bakery-equipment","8":"first","9":"instock","10":"shipping-taxable","11":"product-type-simple"},"_links":{"self":[{"href":"https:\/\/www.jymachinetech.com\/vi\/wp-json\/wp\/v2\/product\/83","targetHints":{"allow":["GET"]}}],"collection":[{"href":"https:\/\/www.jymachinetech.com\/vi\/wp-json\/wp\/v2\/product"}],"about":[{"href":"https:\/\/www.jymachinetech.com\/vi\/wp-json\/wp\/v2\/types\/product"}],"replies":[{"embeddable":true,"href":"https:\/\/www.jymachinetech.com\/vi\/wp-json\/wp\/v2\/comments?post=83"}],"version-history":[{"count":1,"href":"https:\/\/www.jymachinetech.com\/vi\/wp-json\/wp\/v2\/product\/83\/revisions"}],"predecessor-version":[{"id":7189,"href":"https:\/\/www.jymachinetech.com\/vi\/wp-json\/wp\/v2\/product\/83\/revisions\/7189"}],"wp:featuredmedia":[{"embeddable":true,"href":"https:\/\/www.jymachinetech.com\/vi\/wp-json\/wp\/v2\/media\/86"}],"wp:attachment":[{"href":"https:\/\/www.jymachinetech.com\/vi\/wp-json\/wp\/v2\/media?parent=83"}],"wp:term":[{"taxonomy":"product_brand","embeddable":true,"href":"https:\/\/www.jymachinetech.com\/vi\/wp-json\/wp\/v2\/product_brand?post=83"},{"taxonomy":"product_cat","embeddable":true,"href":"https:\/\/www.jymachinetech.com\/vi\/wp-json\/wp\/v2\/product_cat?post=83"},{"taxonomy":"product_tag","embeddable":true,"href":"https:\/\/www.jymachinetech.com\/vi\/wp-json\/wp\/v2\/product_tag?post=83"}],"curies":[{"name":"wp","href":"https:\/\/api.w.org\/{rel}","templated":true}]}}