{"id":799,"date":"2021-12-18T07:52:22","date_gmt":"2021-12-18T07:52:22","guid":{"rendered":"https:\/\/www.jymachinetech.com\/?post_type=product&#038;p=799"},"modified":"2025-07-25T05:53:50","modified_gmt":"2025-07-25T05:53:50","slug":"oil-spray-machine","status":"publish","type":"product","link":"https:\/\/www.jymachinetech.com\/vi\/product\/oil-spray-machine\/","title":{"rendered":"M\u00e1y phun d\u1ea7u (bao g\u1ed3m b\u1ed9 l\u1ecdc d\u1ea7u)"},"content":{"rendered":"<h2>Lo\u1ea1i v\u00f2i cho s\u1ea3n xu\u1ea5t nh\u1ecf (c\u00f4ng su\u1ea5t 100-600kg\/gi\u1edd)<\/h2>\n<p><img fetchpriority=\"high\" decoding=\"async\" class=\"alignnone size-full wp-image-801\" title=\"m\u00e1y phun d\u1ea7u (bao g\u1ed3m b\u1ed9 l\u1ecdc d\u1ea7u)\" src=\"https:\/\/www.jymachinetech.com\/wp-content\/uploads\/2021\/12\/1615615849_OIL-SPRAY-MACHINE2.png\" alt=\"m\u00e1y phun d\u1ea7u (bao g\u1ed3m b\u1ed9 l\u1ecdc d\u1ea7u)\" width=\"800\" height=\"580\" srcset=\"https:\/\/www.jymachinetech.com\/wp-content\/uploads\/2021\/12\/1615615849_OIL-SPRAY-MACHINE2.png 800w, https:\/\/www.jymachinetech.com\/wp-content\/uploads\/2021\/12\/1615615849_OIL-SPRAY-MACHINE2-18x12.png 18w, https:\/\/www.jymachinetech.com\/wp-content\/uploads\/2021\/12\/1615615849_OIL-SPRAY-MACHINE2-600x435.png 600w\" sizes=\"(max-width: 800px) 100vw, 800px\" \/> <img decoding=\"async\" class=\"alignnone size-full wp-image-803\" title=\"m\u00e1y phun d\u1ea7u (bao g\u1ed3m b\u1ed9 l\u1ecdc d\u1ea7u)\" src=\"https:\/\/www.jymachinetech.com\/wp-content\/uploads\/2021\/12\/image_1615615810_OIL-SPRAY-MACHINE.png\" alt=\"m\u00e1y phun d\u1ea7u (bao g\u1ed3m b\u1ed9 l\u1ecdc d\u1ea7u)\" width=\"800\" height=\"580\" srcset=\"https:\/\/www.jymachinetech.com\/wp-content\/uploads\/2021\/12\/image_1615615810_OIL-SPRAY-MACHINE.png 800w, https:\/\/www.jymachinetech.com\/wp-content\/uploads\/2021\/12\/image_1615615810_OIL-SPRAY-MACHINE-18x12.png 18w, https:\/\/www.jymachinetech.com\/wp-content\/uploads\/2021\/12\/image_1615615810_OIL-SPRAY-MACHINE-600x435.png 600w\" sizes=\"(max-width: 800px) 100vw, 800px\" \/><\/p>\n<h2>M\u00e1y Phun D\u1ea7u: Gi\u1ea3i ph\u00e1p \u0111a n\u0103ng cho l\u1edbp ph\u1ee7 \u0111\u1ec1u trong s\u1ea3n xu\u1ea5t b\u00e1nh quy<\/h2>\n<p><strong>T\u1ed5ng Quan S\u1ea3n Ph\u1ea9m:<\/strong> M\u00e1y Phun D\u1ea7u l\u00e0 thi\u1ebft b\u1ecb kh\u00f4ng th\u1ec3 thi\u1ebfu trong ng\u00e0nh c\u00f4ng nghi\u1ec7p b\u00e1nh quy v\u00e0 ch\u1ebf bi\u1ebfn th\u1ef1c ph\u1ea9m, \u0111\u01b0\u1ee3c thi\u1ebft k\u1ebf \u0111\u1ec3 phun s\u01b0\u01a1ng d\u1ea7u m\u1ecbn \u0111\u1ec1u tr\u00ean s\u1ea3n ph\u1ea9m. M\u00e1y n\u00e0y ph\u00f9 h\u1ee3p cho c\u1ea3 nhu c\u1ea7u s\u1ea3n xu\u1ea5t nh\u1ecf, v\u1edbi c\u00f4ng su\u1ea5t t\u1eeb 100-600kg\/gi\u1edd, v\u00e0 cho nhi\u1ec1u lo\u1ea1i b\u00e1nh quy kh\u00e1c nhau, n\u00e2ng cao k\u1ebft c\u1ea5u v\u00e0 h\u01b0\u01a1ng v\u1ecb.<\/p>\n<h2><strong>C\u00e1c T\u00ednh N\u0103ng &amp; L\u1ee3i \u00cdch Ch\u00ednh:<\/strong><\/h2>\n<ul>\n<li><strong>Ph\u00f9 h\u1ee3p nhi\u1ec1u \u1ee9ng d\u1ee5ng:<\/strong>\u00a0L\u00fd t\u01b0\u1edfng cho nhi\u1ec1u \u1ee9ng d\u1ee5ng, ph\u00f9 h\u1ee3p cho s\u1ea3n xu\u1ea5t b\u00e1nh quy c\u1ee9ng v\u00e0 m\u1ec1m.<\/li>\n<li><strong>Ti\u1ebft ki\u1ec7m kh\u00f4ng gian:<\/strong>\u00a0Thi\u1ebft k\u1ebf nh\u1ecf g\u1ecdn ti\u1ebft ki\u1ec7m di\u1ec7n t\u00edch s\u1ea3n xu\u1ea5t qu\u00fd gi\u00e1 trong khi v\u1eabn duy tr\u00ec n\u0103ng su\u1ea5t cao.<\/li>\n<li><strong>D\u1ec5 B\u1ea3o Tr\u00ec:<\/strong>\u00a0M\u00e1y d\u1ec5 m\u1edf, thu\u1eadn ti\u1ec7n v\u1ec7 sinh v\u00e0 b\u1ea3o tr\u00ec \u0111\u1ec3 \u0111\u1ea3m b\u1ea3o hi\u1ec7u su\u1ea5t \u1ed5n \u0111\u1ecbnh.<\/li>\n<li><strong>Ch\u1ea5t li\u1ec7u ch\u1ea5t l\u01b0\u1ee3ng cao:<\/strong>\u00a0\u0110\u01b0\u1ee3c l\u00e0m b\u1eb1ng th\u00e9p kh\u00f4ng g\u1ec9 SUS304 cho b\u0103ng chuy\u1ec1n l\u01b0\u1edbi, t\u1ea5m b\u00ean v\u00e0 \u0111\u0129a thu h\u1ed3i, \u0111\u1ea3m b\u1ea3o \u0111\u1ed9 b\u1ec1n v\u00e0 v\u1ec7 sinh.<\/li>\n<li><strong>\u0110i\u1ec1u ch\u1ec9nh nhi\u1ec7t \u0111\u1ed9 d\u1ea7u:<\/strong>\u00a0Cho ph\u00e9p ki\u1ec3m so\u00e1t ch\u00ednh x\u00e1c nhi\u1ec7t \u0111\u1ed9 d\u1ea7u ph\u00f9 h\u1ee3p v\u1edbi c\u00e1c lo\u1ea1i b\u00e1nh quy v\u00e0 k\u1ebft qu\u1ea3 mong mu\u1ed1n.<\/li>\n<li><strong>C\u00e1c b\u1ed9 ph\u1eadn \u0111\u00e1ng tin c\u1eady:<\/strong>\u00a0Trang b\u1ecb c\u00e1c b\u1ed9 ph\u1eadn \u0111i\u1ec7n v\u00e0 linh ki\u1ec7n v\u1eadn h\u00e0nh t\u1eeb c\u00e1c th\u01b0\u01a1ng hi\u1ec7u n\u1ed5i ti\u1ebfng \u0111\u1ec3 \u0111\u1ea3m b\u1ea3o hi\u1ec7u su\u1ea5t \u0111\u00e1ng tin c\u1eady.<\/li>\n<\/ul>\n<h2><strong>Th\u00f4ng s\u1ed1 k\u1ef9 thu\u1eadt:<\/strong><\/h2>\n<ul>\n<li><strong>C\u00f4ng su\u1ea5t:<\/strong>\u00a0Thi\u1ebft k\u1ebf \u0111\u1ec3 x\u1eed l\u00fd hi\u1ec7u qu\u1ea3 kh\u1ed1i l\u01b0\u1ee3ng s\u1ea3n xu\u1ea5t nh\u1ecf, t\u1eeb 100-600kg\/gi\u1edd.<\/li>\n<li><strong>Lo\u1ea1i v\u00f2i phun:<\/strong>\u00a0Thi\u1ebft k\u1ebf \u0111\u1eb7c bi\u1ec7t cho s\u1ea3n xu\u1ea5t nh\u1ecf, \u0111\u1ea3m b\u1ea3o ph\u00e2n ph\u1ed1i d\u1ea7u \u0111\u1ec1u.<\/li>\n<li><strong>Ch\u1ea5t li\u1ec7u:<\/strong>\u00a0Th\u00e9p kh\u00f4ng g\u1ec9 SUS304 cho t\u1ea5t c\u1ea3 c\u00e1c b\u1ed9 ph\u1eadn ti\u1ebfp x\u00fac, tu\u00e2n th\u1ee7 ti\u00eau chu\u1ea9n an to\u00e0n th\u1ef1c ph\u1ea9m.<\/li>\n<li><strong>\u0110i\u1ec1u khi\u1ec3n nhi\u1ec7t \u0111\u1ed9 d\u1ea7u:<\/strong>\u00a0Trang b\u1ecb b\u1ed9 \u0111i\u1ec1u ch\u1ec9nh nhi\u1ec7t \u0111\u1ed9 c\u00f3 th\u1ec3 \u0111i\u1ec1u ch\u1ec9nh \u0111\u1ec3 qu\u1ea3n l\u00fd nhi\u1ec7t \u0111\u1ed9 ch\u00ednh x\u00e1c.<\/li>\n<\/ul>\n<h2><strong>\u1ee8ng d\u1ee5ng:<\/strong><\/h2>\n<ul>\n<li>Ho\u00e0n h\u1ea3o cho c\u00e1c nh\u00e0 m\u00e1y b\u00e1nh v\u00e0 nh\u00e0 s\u1ea3n xu\u1ea5t th\u1ef1c ph\u1ea9m s\u1ea3n xu\u1ea5t nhi\u1ec1u lo\u1ea1i b\u00e1nh quy, n\u00e2ng cao k\u1ebft c\u1ea5u v\u00e0 h\u00ecnh th\u1ee9c c\u1ee7a ch\u00fang v\u1edbi l\u1edbp d\u1ea7u m\u1ecbn.<\/li>\n<\/ul>\n<h2><strong>H\u1ed7 tr\u1ee3 kh\u00e1ch h\u00e0ng &amp; D\u1ecbch v\u1ee5<\/strong><\/h2>\n<ul>\n<li><strong>T\u01b0 v\u1ea5n chuy\u00ean nghi\u1ec7p:<\/strong>\u00a0\u0110\u1ed9i ng\u0169 chuy\u00ean gia c\u1ee7a ch\u00fang t\u00f4i s\u1ebd h\u1ed7 tr\u1ee3 b\u1ea1n trong vi\u1ec7c l\u1ef1a ch\u1ecdn c\u1ea5u h\u00ecnh m\u00e1y phun d\u1ea7u ph\u00f9 h\u1ee3p v\u1edbi nhu c\u1ea7u s\u1ea3n xu\u1ea5t c\u1ee7a b\u1ea1n.<\/li>\n<li><strong>L\u1eafp \u0111\u1eb7t v\u00e0 \u0110\u00e0o t\u1ea1o:<\/strong>\u00a0Ch\u00fang t\u00f4i cung c\u1ea5p d\u1ecbch v\u1ee5 l\u1eafp \u0111\u1eb7t to\u00e0n di\u1ec7n v\u00e0 \u0111\u00e0o t\u1ea1o v\u1eadn h\u00e0nh \u0111\u1ec3 \u0111\u1ea3m b\u1ea3o m\u00e1y \u0111\u01b0\u1ee3c s\u1eed d\u1ee5ng hi\u1ec7u qu\u1ea3.<\/li>\n<li><strong>D\u1ecbch v\u1ee5 h\u1eadu m\u00e3i:<\/strong>\u00a0H\u1ed7 tr\u1ee3 chuy\u00ean d\u1ee5ng v\u1ec1 b\u1ea3o tr\u00ec v\u00e0 kh\u1eafc ph\u1ee5c s\u1ef1 c\u1ed1 nh\u1eb1m gi\u1ea3m thi\u1ec3u th\u1eddi gian ng\u01b0ng ho\u1ea1t \u0111\u1ed9ng.<\/li>\n<\/ul>\n<h2><strong>C\u00e2u h\u1ecfi th\u01b0\u1eddng g\u1eb7p:<\/strong><\/h2>\n<p><strong>H: C\u00e1c lo\u1ea1i b\u00e1nh quy n\u00e0o c\u00f3 th\u1ec3 x\u1eed l\u00fd b\u1eb1ng m\u00e1y phun d\u1ea7u?<\/strong> \u0110: M\u00e1y linh ho\u1ea1t v\u00e0 c\u00f3 th\u1ec3 x\u1eed l\u00fd c\u1ea3 b\u00e1nh quy c\u1ee9ng v\u00e0 m\u1ec1m.<\/p>\n<p><strong>H: M\u00e1y phun d\u1ea7u ti\u1ebft ki\u1ec7m kh\u00f4ng gian nh\u01b0 th\u1ebf n\u00e0o?<\/strong> \u0110: V\u1edbi thi\u1ebft k\u1ebf nh\u1ecf g\u1ecdn, m\u00e1y ti\u1ebft ki\u1ec7m kh\u00f4ng gian, ph\u00f9 h\u1ee3p v\u1edbi c\u00e1c c\u01a1 s\u1edf c\u00f3 di\u1ec7n t\u00edch s\u1ea3n xu\u1ea5t h\u1ea1n ch\u1ebf.<\/p>\n<p><strong>H: Vi\u1ec7c v\u1ec7 sinh v\u00e0 b\u1ea3o tr\u00ec m\u00e1y phun d\u1ea7u c\u00f3 d\u1ec5 d\u00e0ng kh\u00f4ng?<\/strong> \u0110: M\u00e1y \u0111\u01b0\u1ee3c thi\u1ebft k\u1ebf d\u1ec5 m\u1edf \u0111\u1ec3 v\u1ec7 sinh v\u00e0 b\u1ea3o tr\u00ec, gi\u1ea3m th\u1eddi gian d\u1eebng m\u00e1y v\u00e0 \u0111\u1ea3m b\u1ea3o v\u1ec7 sinh.<\/p>\n<p><strong>H: V\u1eadt li\u1ec7u n\u00e0o \u0111\u01b0\u1ee3c s\u1eed d\u1ee5ng \u0111\u1ec3 ch\u1ebf t\u1ea1o m\u00e1y phun d\u1ea7u?<\/strong> \u0110: Th\u00e9p kh\u00f4ng g\u1ec9 SUS304 \u0111\u01b0\u1ee3c s\u1eed d\u1ee5ng cho b\u0103ng l\u01b0\u1edbi, b\u1ea3ng b\u00ean v\u00e0 \u0111\u0129a thu h\u1ed3i, \u0111\u1ea3m b\u1ea3o \u0111\u1ed9 b\u1ec1n v\u00e0 d\u1ec5 v\u1ec7 sinh.<\/p>\n<p><strong>H: T\u00f4i c\u00f3 th\u1ec3 \u0111i\u1ec1u ch\u1ec9nh nhi\u1ec7t \u0111\u1ed9 d\u1ea7u trong m\u00e1y phun d\u1ea7u kh\u00f4ng?<\/strong> \u0110: C\u00f3, nhi\u1ec7t \u0111\u1ed9 d\u1ea7u c\u00f3 th\u1ec3 \u0111i\u1ec1u ch\u1ec9nh, gi\u00fap t\u1ed1i \u01b0u h\u00f3a quy tr\u00ecnh cho c\u00e1c lo\u1ea1i b\u00e1nh quy kh\u00e1c nhau.<\/p>\n<p><strong>H: C\u00e1c th\u00e0nh ph\u1ea7n c\u1ee7a th\u01b0\u01a1ng hi\u1ec7u n\u00e0o \u0111\u01b0\u1ee3c s\u1eed d\u1ee5ng trong m\u00e1y phun d\u1ea7u?<\/strong> \u0110: M\u00e1y s\u1eed d\u1ee5ng c\u00e1c linh ki\u1ec7n t\u1eeb c\u00e1c th\u01b0\u01a1ng hi\u1ec7u n\u1ed5i ti\u1ebfng v\u1ec1 ph\u1ea7n \u0111i\u1ec7n v\u00e0 ph\u1ea7n v\u1eadn h\u00e0nh, \u0111\u1ea3m b\u1ea3o \u0111\u1ed9 tin c\u1eady v\u00e0 hi\u1ec7u su\u1ea5t.<\/p>\n<h2><strong>T\u1ea1i sao ch\u1ecdn m\u00e1y phun d\u1ea7u c\u1ee7a ch\u00fang t\u00f4i:<\/strong><\/h2>\n<ul>\n<li><strong>\u0110a d\u1ea1ng:<\/strong>\u00a0Ph\u00f9 h\u1ee3p v\u1edbi nhi\u1ec1u lo\u1ea1i b\u00e1nh quy v\u00e0 nhu c\u1ea7u s\u1ea3n xu\u1ea5t kh\u00e1c nhau.<\/li>\n<li><strong>Ch\u1ea5t l\u01b0\u1ee3ng &amp; \u0110\u1ed9 b\u1ec1n:<\/strong>\u00a0\u0110\u01b0\u1ee3c ch\u1ebf t\u1ea1o b\u1eb1ng v\u1eadt li\u1ec7u ch\u1ea5t l\u01b0\u1ee3ng cao \u0111\u1ec3 hi\u1ec7u su\u1ea5t l\u00e2u d\u00e0i.<\/li>\n<li><strong>T\u00f9y ch\u1ec9nh v\u00e0 Linh ho\u1ea1t:<\/strong>\u00a0Thi\u1ebft k\u1ebf ph\u00f9 h\u1ee3p v\u1edbi nhi\u1ec1u quy m\u00f4 v\u00e0 y\u00eau c\u1ea7u s\u1ea3n xu\u1ea5t kh\u00e1c nhau.<\/li>\n<li><strong>H\u1ed7 tr\u1ee3 chuy\u00ean nghi\u1ec7p:<\/strong>\u00a0H\u1ed7 tr\u1ee3 b\u1edfi \u0111\u1ed9i ng\u0169 chuy\u00ean gia c\u00f3 kinh nghi\u1ec7m s\u00e2u r\u1ed9ng trong thi\u1ebft b\u1ecb x\u1eed l\u00fd b\u00e1nh quy.<\/li>\n<\/ul>\n<p><strong>Y\u00eau c\u1ea7u b\u00e1o gi\u00e1 ngay b\u00e2y gi\u1edd:<\/strong> \u0110\u1ec3 c\u00f3 gi\u00e1 c\u1ea3 c\u00e1 nh\u00e2n h\u00f3a v\u00e0 t\u00ecm hi\u1ec3u th\u00eam v\u1ec1 c\u00e1ch M\u00e1y Phun D\u1ea7u c\u1ee7a ch\u00fang t\u00f4i c\u00f3 th\u1ec3 n\u00e2ng cao quy tr\u00ecnh s\u1ea3n xu\u1ea5t b\u00e1nh quy c\u1ee7a b\u1ea1n, h\u00e3y li\u00ean h\u1ec7 v\u1edbi ch\u00fang t\u00f4i ngay h\u00f4m nay.<\/p>\n<p>&nbsp;<\/p>\n<h2><strong>Lo\u1ea1i \u0111\u0129a ly t\u00e2m cho s\u1ea3n xu\u1ea5t l\u1edbn (c\u00f4ng su\u1ea5t 700-1500kg\/gi\u1edd)\u00a0<\/strong><\/h2>\n<p><img decoding=\"async\" class=\"alignnone size-full wp-image-802\" title=\"m\u00e1y phun d\u1ea7u (bao g\u1ed3m b\u1ed9 l\u1ecdc d\u1ea7u)\" src=\"https:\/\/www.jymachinetech.com\/wp-content\/uploads\/2021\/12\/1615616089_2_Centrifugal-disc-type-for-big-.png\" alt=\"m\u00e1y phun d\u1ea7u (bao g\u1ed3m b\u1ed9 l\u1ecdc d\u1ea7u)\" width=\"1280\" height=\"960\" srcset=\"https:\/\/www.jymachinetech.com\/wp-content\/uploads\/2021\/12\/1615616089_2_Centrifugal-disc-type-for-big-.png 1280w, https:\/\/www.jymachinetech.com\/wp-content\/uploads\/2021\/12\/1615616089_2_Centrifugal-disc-type-for-big--16x12.png 16w, https:\/\/www.jymachinetech.com\/wp-content\/uploads\/2021\/12\/1615616089_2_Centrifugal-disc-type-for-big--600x450.png 600w\" sizes=\"(max-width: 1280px) 100vw, 1280px\" \/><\/p>\n<p><strong>\u01afu \u0111i\u1ec3m<\/strong><br \/>\n\u2022 \u0110\u0129a t\u1ed1c \u0111\u1ed9 cao thu th\u1eadp d\u1ea7u th\u1eeba<br \/>\n\u2022 K\u1ebft n\u1ed1i v\u1edbi b\u0103ng chuy\u1ec1n nh\u1ecf gi\u1ecdt d\u1ea7u ri\u00eang bi\u1ec7t<br \/>\n\u2022 3 l\u1edbp l\u1ecdc d\u1ea7u<br \/>\n\u2022 \u0110i\u1ec1u ch\u1ec9nh t\u1ed1c \u0111\u1ed9 \u0111\u1ea3o ng\u01b0\u1ee3c<br \/>\n\u2022 B\u00ecnh ch\u1ee9a d\u1ea7u s\u1eed d\u1ee5ng b\u00ecnh n\u01b0\u1edbc c\u00e1ch nhi\u1ec7t<br \/>\n\u2022 Trang b\u1ecb b\u1ed9 thu s\u01b0\u01a1ng d\u1ea7u th\u01b0\u01a1ng hi\u1ec7u Anh<br \/>\n\u2022 Hi\u1ec7u qu\u1ea3 cao v\u00e0 ti\u00eau th\u1ee5 d\u1ea7u \u00edt h\u01a1n<br \/>\n\u2022 \u0110\u01b0\u1ee3c trang b\u1ecb nhi\u1ec1u c\u1eeda s\u1ed5 quan s\u00e1t \u0111\u1ec3 xem hi\u1ec7u qu\u1ea3 phun<\/p>\n<p>&nbsp;<\/p>\n<div class=\"table-responsive\">\n<table style=\"width: 100%;\">\n<tbody>\n<tr>\n<td style=\"text-align: center;\">M\u1eabu m\u00e3<\/td>\n<td style=\"text-align: center;\">JYB-280<\/td>\n<td style=\"text-align: center;\">JYB-400<\/td>\n<td style=\"text-align: center;\">JYB-600<\/td>\n<td style=\"text-align: center;\">JYB-800<\/td>\n<td style=\"text-align: center;\">JYB-1000<\/td>\n<td style=\"text-align: center;\">JYB-1200<\/td>\n<td style=\"text-align: center;\">JYB-1500<\/td>\n<\/tr>\n<tr>\n<td style=\"text-align: center;\">Chi\u1ec1u r\u1ed9ng b\u0103ng chuy\u1ec1n<\/td>\n<td style=\"text-align: center;\">320mm<\/td>\n<td style=\"text-align: center;\">430mm<\/td>\n<td style=\"text-align: center;\">630mm<\/td>\n<td style=\"text-align: center;\">830mm<\/td>\n<td style=\"text-align: center;\">1080mm<\/td>\n<td style=\"text-align: center;\">1280mm<\/td>\n<td style=\"text-align: center;\">1580mm<\/td>\n<\/tr>\n<tr>\n<td style=\"text-align: center;\">C\u00f4ng su\u1ea5t<\/td>\n<td style=\"text-align: center;\">5.25kw<\/td>\n<td style=\"text-align: center;\">5.85kw<\/td>\n<td style=\"text-align: center;\">5.85kw<\/td>\n<td style=\"text-align: center;\">11kw<\/td>\n<td style=\"text-align: center;\">18kw<\/td>\n<td style=\"text-align: center;\">22kw<\/td>\n<td style=\"text-align: center;\">24kw<\/td>\n<\/tr>\n<tr>\n<td style=\"text-align: center;\">K\u00edch th\u01b0\u1edbc(mm)<\/td>\n<td style=\"text-align: center;\">1200\u00d7710\u00d71115<\/td>\n<td style=\"text-align: center;\">2200\u00d71000\u00d71255<\/td>\n<td style=\"text-align: center;\">2200\u00d71200\u00d71255<\/td>\n<td style=\"text-align: center;\">2300\u00d71400\u00d71700<\/td>\n<td style=\"text-align: center;\">5000x1950x2460<\/td>\n<td style=\"text-align: center;\">5000x2150x2460<\/td>\n<td style=\"text-align: center;\">5000x2450x2460<\/td>\n<\/tr>\n<tr>\n<td style=\"text-align: center;\">Tr\u1ecdng l\u01b0\u1ee3ng<\/td>\n<td style=\"text-align: center;\">200kg<\/td>\n<td style=\"text-align: center;\">350kg<\/td>\n<td style=\"text-align: center;\">500kg<\/td>\n<td style=\"text-align: center;\">600kg<\/td>\n<td style=\"text-align: center;\">2500kg<\/td>\n<td style=\"text-align: center;\">2600kg<\/td>\n<td style=\"text-align: center;\">2800kg<\/td>\n<\/tr>\n<\/tbody>\n<\/table>\n<\/div>","protected":false},"excerpt":{"rendered":"<p>Hi\u1ec7n nay, m\u1ed9t s\u1ed1 nh\u00e0 s\u1ea3n xu\u1ea5t b\u00e1nh quy th\u00eam m\u00e1y phun d\u1ea7u sau l\u00f2 n\u01b0\u1edbng b\u00e1nh quy. M\u00e1y n\u00e0y c\u00f3 th\u1ec3 c\u1ea3i thi\u1ec7n \u0111\u1ed9 b\u00f3ng v\u00e0 h\u01b0\u01a1ng v\u1ecb c\u1ee7a b\u00e1nh quy, ch\u1ea5t l\u01b0\u1ee3ng s\u1ea3n ph\u1ea9m, v\u00e0 t\u0103ng \u0111a d\u1ea1ng m\u00e0u s\u1eafc. Nguy\u00ean li\u1ec7u c\u00f3 th\u1ec3 s\u1eed d\u1ee5ng d\u1ea7u tinh luy\u1ec7n ch\u1ea5t l\u01b0\u1ee3ng \u1ed5n \u0111\u1ecbnh v\u00e0 v\u1ecb nh\u1eb9. Hi\u1ec7n t\u1ea1i, c\u00e1c nh\u00e0 s\u1ea3n xu\u1ea5t b\u00e1nh quy trong n\u01b0\u1edbc th\u01b0\u1eddng s\u1eed d\u1ee5ng hai lo\u1ea1i m\u00e1y phun d\u1ea7u: 1. Lo\u1ea1i v\u00f2i phun 2. Lo\u1ea1i \u0111\u0129a ly t\u00e2m. C\u00f4ng ty ch\u00fang t\u00f4i c\u00f3 th\u1ec3 s\u1ea3n xu\u1ea5t c\u1ea3 hai lo\u1ea1i m\u00e1y phun d\u1ea7u.<\/p>","protected":false},"featured_media":801,"comment_status":"closed","ping_status":"closed","template":"","meta":[],"product_brand":[],"product_cat":[15],"product_tag":[],"class_list":{"0":"post-799","1":"product","2":"type-product","3":"status-publish","4":"has-post-thumbnail","6":"product_cat-bakery-equipment","8":"first","9":"instock","10":"shipping-taxable","11":"product-type-simple"},"_links":{"self":[{"href":"https:\/\/www.jymachinetech.com\/vi\/wp-json\/wp\/v2\/product\/799","targetHints":{"allow":["GET"]}}],"collection":[{"href":"https:\/\/www.jymachinetech.com\/vi\/wp-json\/wp\/v2\/product"}],"about":[{"href":"https:\/\/www.jymachinetech.com\/vi\/wp-json\/wp\/v2\/types\/product"}],"replies":[{"embeddable":true,"href":"https:\/\/www.jymachinetech.com\/vi\/wp-json\/wp\/v2\/comments?post=799"}],"version-history":[{"count":1,"href":"https:\/\/www.jymachinetech.com\/vi\/wp-json\/wp\/v2\/product\/799\/revisions"}],"predecessor-version":[{"id":7186,"href":"https:\/\/www.jymachinetech.com\/vi\/wp-json\/wp\/v2\/product\/799\/revisions\/7186"}],"wp:featuredmedia":[{"embeddable":true,"href":"https:\/\/www.jymachinetech.com\/vi\/wp-json\/wp\/v2\/media\/801"}],"wp:attachment":[{"href":"https:\/\/www.jymachinetech.com\/vi\/wp-json\/wp\/v2\/media?parent=799"}],"wp:term":[{"taxonomy":"product_brand","embeddable":true,"href":"https:\/\/www.jymachinetech.com\/vi\/wp-json\/wp\/v2\/product_brand?post=799"},{"taxonomy":"product_cat","embeddable":true,"href":"https:\/\/www.jymachinetech.com\/vi\/wp-json\/wp\/v2\/product_cat?post=799"},{"taxonomy":"product_tag","embeddable":true,"href":"https:\/\/www.jymachinetech.com\/vi\/wp-json\/wp\/v2\/product_tag?post=799"}],"curies":[{"name":"wp","href":"https:\/\/api.w.org\/{rel}","templated":true}]}}