{"id":7506,"date":"2025-07-28T12:57:45","date_gmt":"2025-07-28T12:57:45","guid":{"rendered":"https:\/\/www.jymachinetech.com\/?post_type=product&#038;p=7506"},"modified":"2025-07-28T12:57:45","modified_gmt":"2025-07-28T12:57:45","slug":"automatic-weighting-cfa-adding-station","status":"publish","type":"product","link":"https:\/\/www.jymachinetech.com\/vi\/product\/automatic-weighting-cfa-adding-station\/","title":{"rendered":"Tr\u1ea1m C\u00e2n T\u1ef1 \u0110\u1ed9ng &amp; Th\u00eam CFA"},"content":{"rendered":"<p><strong><a href=\"https:\/\/www.jymachinetech.com\/wp-content\/uploads\/2025\/07\/Automatic-Weighting1.jpg\" target=\"_blank\"><img fetchpriority=\"high\" decoding=\"async\" class=\"alignnone size-full wp-image-7507\" src=\"https:\/\/www.jymachinetech.com\/wp-content\/uploads\/2025\/07\/Automatic-Weighting1.jpg\" alt=\"\" width=\"600\" height=\"400\" srcset=\"https:\/\/www.jymachinetech.com\/wp-content\/uploads\/2025\/07\/Automatic-Weighting1.jpg 600w, https:\/\/www.jymachinetech.com\/wp-content\/uploads\/2025\/07\/Automatic-Weighting1-18x12.jpg 18w\" sizes=\"(max-width: 600px) 100vw, 600px\" \/><\/a><br \/>\nGia t\u1ed1c k\u1ebf<\/strong><strong> C\u00e2n<\/strong><br \/>\n\u2013 B\u00ecnh c\u00e2n b\u1eb1ng th\u00e9p kh\u00f4ng g\u1ec9 g\u1eafn tr\u00ean ba c\u1ea3m bi\u1ebfn t\u1ea3i cho \u0111\u01a1n v\u1ecb n\u1ea5u ch\u00edn ho\u00e0n ch\u1ec9nh<br \/>\n\u2013 \u0110\u1ed9 ch\u00ednh x\u00e1c h\u1ec7 th\u1ed1ng \u00b10.1 % b\u1eb1ng ki\u1ec3m so\u00e1t tr\u1ecdng l\u01b0\u1ee3ng r\u00f2ng, t\u1ef1 \u0111\u1ed9ng \u0111i\u1ec1u ch\u1ec9nh cho \u0111\u01b0\u1eddng, glucose, pectin, n\u01b0\u1edbc, v.v.<\/p>\n<p>&nbsp;<\/p>\n<ul>\n<li><strong>Th\u01b0 vi\u1ec7n C\u00f4ng th\u1ee9c<\/strong><br \/>\n\u2013 PLC l\u01b0u tr\u1eef t\u1ed1i \u0111a m\u01b0\u1eddi c\u00f4ng th\u1ee9c \u0111\u00e3 c\u00e0i \u0111\u1eb7t s\u1eb5n; t\u1ea5t c\u1ea3 h\u1ed3 s\u01a1 l\u00f4 h\u00e0ng \u0111\u01b0\u1ee3c ghi l\u1ea1i v\u00e0 c\u00f3 th\u1ec3 xu\u1ea5t ra h\u1ec7 th\u1ed1ng MES\/ERP c\u1ee7a nh\u00e0 m\u00e1y.<\/li>\n<li><strong>C\u1ea5p Li\u00ean t\u1ee5c<\/strong><br \/>\n\u2013 Nguy\u00ean li\u1ec7u \u0111\u01b0\u1ee3c \u0111o \u0111\u1ecbnh l\u01b0\u1ee3ng r\u01a1i v\u00e0o n\u1ed3i n\u1ea5u c\u00f3 l\u1edbp v\u1ecf b\u1ecdc v\u1edbi c\u1eaft t\u1ed1c \u0111\u1ed9 cao (gi\u1ea3i quy\u1ebft c\u1ee5c pectin ho\u1eb7c gelatin trong &lt;3 ph\u00fat).<br \/>\n\u2013 Sir\u00f4 th\u00e0nh ph\u1ea9m \u0111\u01b0\u1ee3c b\u01a1m v\u00e0o b\u1ec3 ch\u1ee9a \u0111\u1ec3 ti\u1ebfp t\u1ee5c giai \u0111o\u1ea1n ti\u1ebfp theo.<\/li>\n<li><strong>Th\u00eam CFA<\/strong><br \/>\n\u2013 M\u00e0u s\u1eafc, h\u01b0\u01a1ng v\u1ecb v\u00e0 axit \u0111\u01b0\u1ee3c \u0111\u1ecbnh l\u01b0\u1ee3ng qua b\u01a1m peristaltic c\u00f3 \u0111\u1ed3ng h\u1ed3 \u0111o l\u01b0u l\u01b0\u1ee3ng \u0111\u1ec3 \u0111\u1ea3m b\u1ea3o \u0111\u1ed9 l\u1eb7p l\u1ea1i \u00b11 %.<br \/>\n\u2013 B\u1ec3 CFA th\u1ee9 hai t\u00f9y ch\u1ecdn cho ph\u00e9p s\u1ea3n ph\u1ea9m hai m\u00e0u ho\u1eb7c s\u1ecdc.<\/li>\n<li><strong>Thi\u1ebft k\u1ebf V\u1ec7 sinh<\/strong><br \/>\n\u2013 T\u1ea5t c\u1ea3 b\u1eb1ng th\u00e9p kh\u00f4ng g\u1ec9 304\/316, b\u1ed9 l\u1ecdc \u1ed1ng tr\u00ean m\u1ed7i \u1ed1ng, b\u00f3ng phun r\u1eeda s\u1eb5n s\u00e0ng CIP v\u00e0 \u0111\u00e1y t\u1ef1 tho\u00e1t n\u01b0\u1edbc.<br \/>\n\u2013 Thay \u0111\u1ed5i c\u00f4ng th\u1ee9c nhanh (&lt;5 ph\u00fat) v\u1edbi k\u1ebft n\u1ed1i k\u1eb9p nhanh.<\/li>\n<\/ul>\n<p>K\u00edch th\u01b0\u1edbc \u0111i\u1ec3n h\u00ecnh: 1.200 mm \u00d7 900 mm \u00d7 1.400 mm, c\u00f4ng su\u1ea5t 1,45 kW, kh\u00ed n\u00e9n 0,6\u20130,8 MPa<\/p>\n<p>&nbsp;<\/p>","protected":false},"excerpt":{"rendered":"<p><strong>Gia t\u1ed1c k\u1ebf<\/strong><strong> C\u00e2n<\/strong><br \/>\n\u2013 B\u00ecnh c\u00e2n b\u1eb1ng th\u00e9p kh\u00f4ng g\u1ec9 g\u1eafn tr\u00ean ba c\u1ea3m bi\u1ebfn t\u1ea3i cho \u0111\u01a1n v\u1ecb n\u1ea5u ch\u00edn ho\u00e0n ch\u1ec9nh<br \/>\n\u2013 \u0110\u1ed9 ch\u00ednh x\u00e1c h\u1ec7 th\u1ed1ng \u00b10.1 % b\u1eb1ng ki\u1ec3m so\u00e1t tr\u1ecdng l\u01b0\u1ee3ng r\u00f2ng, t\u1ef1 \u0111\u1ed9ng \u0111i\u1ec1u ch\u1ec9nh cho \u0111\u01b0\u1eddng, glucose, pectin, n\u01b0\u1edbc, v.v.<\/p>","protected":false},"featured_media":7507,"comment_status":"closed","ping_status":"closed","template":"","meta":[],"product_brand":[],"product_cat":[16],"product_tag":[],"class_list":{"0":"post-7506","1":"product","2":"type-product","3":"status-publish","4":"has-post-thumbnail","6":"product_cat-candy-machine","8":"first","9":"instock","10":"shipping-taxable","11":"product-type-simple"},"_links":{"self":[{"href":"https:\/\/www.jymachinetech.com\/vi\/wp-json\/wp\/v2\/product\/7506","targetHints":{"allow":["GET"]}}],"collection":[{"href":"https:\/\/www.jymachinetech.com\/vi\/wp-json\/wp\/v2\/product"}],"about":[{"href":"https:\/\/www.jymachinetech.com\/vi\/wp-json\/wp\/v2\/types\/product"}],"replies":[{"embeddable":true,"href":"https:\/\/www.jymachinetech.com\/vi\/wp-json\/wp\/v2\/comments?post=7506"}],"version-history":[{"count":1,"href":"https:\/\/www.jymachinetech.com\/vi\/wp-json\/wp\/v2\/product\/7506\/revisions"}],"predecessor-version":[{"id":7508,"href":"https:\/\/www.jymachinetech.com\/vi\/wp-json\/wp\/v2\/product\/7506\/revisions\/7508"}],"wp:featuredmedia":[{"embeddable":true,"href":"https:\/\/www.jymachinetech.com\/vi\/wp-json\/wp\/v2\/media\/7507"}],"wp:attachment":[{"href":"https:\/\/www.jymachinetech.com\/vi\/wp-json\/wp\/v2\/media?parent=7506"}],"wp:term":[{"taxonomy":"product_brand","embeddable":true,"href":"https:\/\/www.jymachinetech.com\/vi\/wp-json\/wp\/v2\/product_brand?post=7506"},{"taxonomy":"product_cat","embeddable":true,"href":"https:\/\/www.jymachinetech.com\/vi\/wp-json\/wp\/v2\/product_cat?post=7506"},{"taxonomy":"product_tag","embeddable":true,"href":"https:\/\/www.jymachinetech.com\/vi\/wp-json\/wp\/v2\/product_tag?post=7506"}],"curies":[{"name":"wp","href":"https:\/\/api.w.org\/{rel}","templated":true}]}}