{"id":7416,"date":"2025-07-28T01:51:30","date_gmt":"2025-07-28T01:51:30","guid":{"rendered":"https:\/\/www.jymachinetech.com\/?post_type=product&#038;p=7416"},"modified":"2025-07-28T02:11:32","modified_gmt":"2025-07-28T02:11:32","slug":"candy-drop-roller-turn-sugar-into-perfect-drops-every-time","status":"publish","type":"product","link":"https:\/\/www.jymachinetech.com\/vi\/product\/candy-drop-roller-turn-sugar-into-perfect-drops-every-time\/","title":{"rendered":"M\u00e1y r\u1ea3i k\u1eb9o d\u1ea1ng l\u0103n \u2013 Bi\u1ebfn \u0111\u01b0\u1eddng th\u00e0nh nh\u1eefng gi\u1ecdt ho\u00e0n h\u1ea3o, m\u1ed7i l\u1ea7n"},"content":{"rendered":"<h1 data-pm-slice=\"1 1 []\">Candy Drop Roller: H\u01b0\u1edbng d\u1eabn To\u00e0n di\u1ec7n<\/h1>\n<p>M\u00e1y l\u00e0m k\u1eb9o Drop Roller<\/p>\n<p><a href=\"https:\/\/www.jymachinetech.com\/wp-content\/uploads\/2025\/07\/\u66ff\u6362\u56fe\u7247\u573a\u666f-7.jpg\" target=\"_blank\"><img fetchpriority=\"high\" decoding=\"async\" class=\"alignnone size-full wp-image-7418\" src=\"https:\/\/www.jymachinetech.com\/wp-content\/uploads\/2025\/07\/\u66ff\u6362\u56fe\u7247\u573a\u666f-7.jpg\" alt=\"\" width=\"659\" height=\"691\" srcset=\"https:\/\/www.jymachinetech.com\/wp-content\/uploads\/2025\/07\/\u66ff\u6362\u56fe\u7247\u573a\u666f-7.jpg 659w, https:\/\/www.jymachinetech.com\/wp-content\/uploads\/2025\/07\/\u66ff\u6362\u56fe\u7247\u573a\u666f-7-11x12.jpg 11w, https:\/\/www.jymachinetech.com\/wp-content\/uploads\/2025\/07\/\u66ff\u6362\u56fe\u7247\u573a\u666f-7-600x629.jpg 600w\" sizes=\"(max-width: 659px) 100vw, 659px\" \/><\/a><\/p>\n<p>Gi\u00e1 c\u1ea3 ph\u1ea3i ch\u0103ng, Linh ho\u1ea1t, \u0110\u1ecbnh h\u00ecnh ho\u00e0n h\u1ea3o<\/p>\n<p><a href=\"https:\/\/www.jymachinetech.com\/wp-content\/uploads\/2025\/07\/Candy-Drop-Roller-2.webp\" target=\"_blank\"><img decoding=\"async\" class=\"alignnone size-full wp-image-7426\" src=\"https:\/\/www.jymachinetech.com\/wp-content\/uploads\/2025\/07\/Candy-Drop-Roller-2.webp\" alt=\"\" width=\"640\" height=\"640\" srcset=\"https:\/\/www.jymachinetech.com\/wp-content\/uploads\/2025\/07\/Candy-Drop-Roller-2.webp 640w, https:\/\/www.jymachinetech.com\/wp-content\/uploads\/2025\/07\/Candy-Drop-Roller-2-12x12.webp 12w, https:\/\/www.jymachinetech.com\/wp-content\/uploads\/2025\/07\/Candy-Drop-Roller-2-300x300.webp 300w, https:\/\/www.jymachinetech.com\/wp-content\/uploads\/2025\/07\/Candy-Drop-Roller-2-600x600.webp 600w, https:\/\/www.jymachinetech.com\/wp-content\/uploads\/2025\/07\/Candy-Drop-Roller-2-100x100.webp 100w\" sizes=\"(max-width: 640px) 100vw, 640px\" \/><\/a><\/p>\n<p>Candy Drop Roller \u0111\u01b0\u1ee3c thi\u1ebft k\u1ebf cho s\u1ea3n xu\u1ea5t k\u1eb9o quy m\u00f4 nh\u1ecf \u0111\u1ebfn trung b\u00ecnh, mang l\u1ea1i \u0111\u1ed9 ch\u00ednh x\u00e1c, ch\u1ea5t l\u01b0\u1ee3ng v\u00e0 hi\u1ec7u qu\u1ea3 trong t\u1eebng m\u1ebb. Gi\u1ea3i ph\u00e1p chi ph\u00ed th\u1ea5p n\u00e0y \u0111\u01b0\u1ee3c s\u1ea3n xu\u1ea5t t\u1ea1i Vi\u1ec7t Nam, ph\u00f9 h\u1ee3p cho c\u00e1c doanh nghi\u1ec7p m\u1ecdi quy m\u00f4 mu\u1ed1n s\u1ea3n xu\u1ea5t \u0111a d\u1ea1ng c\u00e1c lo\u1ea1i k\u1eb9o. M\u00e1y cung c\u1ea5p t\u00ednh linh ho\u1ea1t v\u00e0 hi\u1ec7u qu\u1ea3 s\u1ea3n xu\u1ea5t, cho ph\u00e9p kh\u00e1ch h\u00e0ng ph\u00f9 h\u1ee3p v\u1edbi nhu c\u1ea7u s\u1ea3n xu\u1ea5t v\u00e0 t\u1ea1o ra nhi\u1ec1u lo\u1ea1i <a href=\"https:\/\/www.jymachinetech.com\/vi\/the-ultimate-guide-on-how-candy-is-made-from-ingredients-to-process\/\" title=\"H\u01b0\u1edbng D\u1eabn To\u00e0n Di\u1ec7n v\u1ec1 C\u00e1ch L\u00e0m K\u1eb9o: T\u1eeb Nguy\u00ean Li\u1ec7u \u0111\u1ebfn Quy Tr\u00ecnh\"  data-wpil-monitor-id=\"144\" target=\"_blank\">k\u1eb9o<\/a> thi\u1ebft k\u1ebf, h\u00ecnh d\u1ea1ng v\u00e0 k\u00edch c\u1ee1 kh\u00e1c nhau.<\/p>\n<p>Bi\u1ebfn m\u1ed9t d\u1ea3i \u0111\u01b0\u1eddng caramel \u0111\u00e3 n\u1ea5u ch\u1ea3y th\u00e0nh nh\u1eefng gi\u1ecdt k\u1eb9o c\u1ee9ng ho\u00e0n h\u1ea3o, drage\u00e9s, ho\u1eb7c h\u00ecnh d\u1ea1ng theo m\u00f9a\u2014m\u00e0 kh\u00f4ng c\u1ea7n chi ph\u00ed cao c\u1ee7a c\u00e1c h\u1ec7 th\u1ed1ng khu\u00f4n quay t\u1ed1c \u0111\u1ed9 cao. M\u00e1y n\u00e0y c\u00f3 th\u1ec3 s\u1ea3n xu\u1ea5t c\u1ea3 k\u1eb9o \u0111\u01a1n m\u00e0u \u0111\u1eb7c v\u00e0 k\u1eb9o l\u1edbp hai m\u00e0u, c\u0169ng nh\u01b0 c\u00e1c h\u00ecnh d\u1ea1ng \u0111\u1ed9c \u0111\u00e1o nh\u01b0 b\u00f3ng, oval, tr\u00f2n, l\u00ea, chanh, vu\u00f4ng, gi\u1ecdt ph\u1eb3ng v\u00e0 s\u1ea3n ph\u1ea9m thanh, \u0111\u00e1p \u1ee9ng c\u00e1c y\u00eau c\u1ea7u \u0111a d\u1ea1ng c\u1ee7a c\u00e1c doanh nghi\u1ec7p v\u00e0 kh\u00e1ch h\u00e0ng l\u00e0m k\u1eb9o.<\/p>\n<p>T\u1ea1i sao ch\u1ecdn Drop Roller c\u1ee7a ch\u00fang t\u00f4i?<\/p>\n<p>M\u1ed9t m\u00e1y, v\u00f4 s\u1ed1 h\u00ecnh d\u1ea1ng: Tr\u1ee5c th\u00e9p h\u1ee3p kim, \u0111\u01b0\u1ee3c thi\u1ebft k\u1ebf \u0111\u1eb7c bi\u1ec7t, kh\u1eafc laser v\u00e0 tr\u1ee5c t\u1ea1o h\u00ecnh c\u00f3 th\u1ec3 thay \u0111\u1ed5i trong &lt; 1 ph\u00fat nh\u01b0 m\u1ed9t b\u1ed9. Gi\u1eef m\u1ed9t b\u1ed9 <a href=\"https:\/\/www.jymachinetech.com\/vi\/product\/wafer-biscuit-production-line\/\" title=\"cURL Too many subrequests.\"  data-wpil-monitor-id=\"146\" target=\"_blank\">\u0111\u01a1n v\u1ecb c\u01a1 s\u1edf v\u00e0 m\u1edf r\u1ed9ng d\u00f2ng s\u1ea3n ph\u1ea9m c\u1ee7a b\u1ea1n<\/a> ch\u1ec9 b\u1eb1ng c\u00e1ch th\u00eam c\u00e1c b\u1ed9 tr\u1ee5c m\u1edbi \u0111\u1ec3 t\u1ea1o h\u00ecnh d\u1ea1ng v\u00e0 k\u00edch th\u01b0\u1edbc ph\u00f9 h\u1ee3p cho t\u1eebng lo\u1ea1i k\u1eb9o v\u00e0 h\u00ecnh d\u1ea1ng.<\/p>\n<p>\u0110i\u1ec3m ti\u1ebfp c\u1eadn ph\u00f9 h\u1ee3p ng\u00e2n s\u00e1ch: L\u00fd t\u01b0\u1edfng cho c\u00e1c c\u00f4ng ty m\u1edbi th\u00e0nh l\u1eadp, ph\u00f2ng th\u1eed nghi\u1ec7m ho\u1eb7c nh\u00e0 m\u00e1y \u0111\u00e3 ho\u1ea1t \u0111\u1ed9ng c\u1ea7n c\u00e1c l\u00f4 ng\u1eafn v\u00e0 thay \u0111\u1ed5i th\u01b0\u1eddng xuy\u00ean, cung c\u1ea5p gi\u1ea3i ph\u00e1p chi ph\u00ed th\u1ea5p \u0111\u1ec3 s\u1ea3n xu\u1ea5t \u0111a d\u1ea1ng c\u00e1c lo\u1ea1i k\u1eb9o.<\/p>\n<p>K\u1eb9o \u0111\u01a1n ho\u1eb7c hai m\u00e0u: D\u1ec5 d\u00e0ng x\u1eed l\u00fd kh\u1ed1i l\u01b0\u1ee3ng k\u1eb9o m\u1ed9t m\u00e0u ho\u1eb7c d\u1ea3i s\u1ecdc, cho ph\u00e9p b\u1ea1n s\u1ea3n xu\u1ea5t c\u1ea3 k\u1eb9o \u0111\u01a1n m\u00e0u v\u00e0 k\u1eb9o l\u1edbp hai m\u00e0u.<\/p>\n<p>Ch\u1ea1y b\u1eb1ng tay ho\u1eb7c \u0111i\u1ec7n: Motor c\u1eafm v\u00e0 ch\u1ea1y 110 V \/ 220 V ho\u1eb7c t\u00f9y ch\u1ecdn tay quay\u2014c\u00f9ng hi\u1ec7u su\u1ea5t tr\u1ee5c, kh\u00f4ng ph\u00e1t sinh chi ph\u00ed th\u00eam.<\/p>\n<p>Ch\u1ed1ng d\u00ednh, d\u1ec5 v\u1ec7 sinh: Phun ch\u1ed1ng d\u00ednh nhanh + qu\u1ea1t t\u00f9y ch\u1ecdn gi\u00fap k\u1eb9o kh\u00f4ng d\u00ednh; tr\u1ee5c polymer d\u1ec5 r\u1eeda s\u1ea1ch trong v\u00e0i gi\u00e2y.<\/p>\n<p>\u0110a n\u0103ng v\u00e0 phong ph\u00fa: M\u00e1y drop roller v\u00e0 c\u00e1c m\u1eabu m\u00e3 kh\u00e1c nhau mang l\u1ea1i t\u00ednh linh ho\u1ea1t v\u00e0 <a href=\"https:\/\/www.jymachinetech.com\/vi\/the-best-biscuit-machine-for-efficient-production-and-quality-control\/\" title=\"M\u00e1y B\u00e1nh Quy T\u1ed1t Nh\u1ea5t Cho S\u1ea3n Xu\u1ea5t Hi\u1ec7u Qu\u1ea3 V\u00e0 Ki\u1ec3m So\u00e1t Ch\u1ea5t L\u01b0\u1ee3ng\"  data-wpil-monitor-id=\"147\" target=\"_blank\">hi\u1ec7u qu\u1ea3 s\u1ea3n xu\u1ea5t<\/a>, gi\u00fap c\u00e1c doanh nghi\u1ec7p t\u1ea1o ra nhi\u1ec1u thi\u1ebft k\u1ebf, h\u00ecnh d\u1ea1ng v\u00e0 h\u00ecnh d\u1ea1ng \u0111\u1ed9c \u0111\u00e1o ph\u00f9 h\u1ee3p v\u1edbi nhu c\u1ea7u c\u1ee7a kh\u00e1ch h\u00e0ng.<\/p>\n<p>C\u00e1ch ho\u1ea1t \u0111\u1ed9ng\uff1f<\/p>\n<p>\u2022 N\u1ea5u ch\u1ea3y v\u00e0 l\u00e0m ngu\u1ed9i kh\u1ed1i k\u1eb9o c\u1ee7a b\u1ea1n th\u00e0nh m\u1ed9t d\u1ea3i m\u1ec1m d\u1ebbo.<\/p>\n<p>\u2022 \u0110\u01b0a d\u1ea3i k\u1eb9o qua gi\u1eefa c\u00e1c tr\u1ee5c c\u00e1n b\u1eb1ng \u0111\u1ed3ng \u0111\u00e3 \u0111\u01b0\u1ee3c kh\u1eafc, \u0111\u00e3 c\u1ee9ng l\u1ea1i.<\/p>\n<p>\u2022 Kh\u1ed1i k\u1eb9o \u0111\u01b0\u1ee3c t\u1ea1o th\u00e0nh th\u00e0nh m\u1ed9t t\u1ea5m, sau \u0111\u00f3 \u0111\u01b0\u1ee3c \u0111\u1ecbnh h\u00ecnh b\u1edfi c\u00e1c tr\u1ee5c c\u00e1n kh\u1eafc \u0111\u1ec3 t\u1ea1o ra c\u00e1c h\u00ecnh d\u1ea1ng v\u00e0 k\u1eb9o \u0111\u00e3 \u0111\u1ecbnh h\u00ecnh kh\u00e1c nhau.<\/p>\n<p>\u2022 C\u00e1c vi\u00ean k\u1eb9o \u0111\u00e3 \u0111\u1ecbnh h\u00ecnh \u0111\u01b0\u1ee3c \u0111\u1ec3 ngu\u1ed9i sau khi l\u00e0m l\u1ea1nh, r\u1ed3i b\u1ecb v\u1ee1, s\u00e0ng l\u1ecdc v\u00e0 x\u1eed l\u00fd th\u00eam tr\u01b0\u1edbc khi \u0111\u00f3ng g\u00f3i \u0111\u1ec3 b\u00e1n.<\/p>\n<p><a href=\"https:\/\/www.jymachinetech.com\/wp-content\/uploads\/2025\/07\/Candy-Drop-Roller-3.webp\" target=\"_blank\"><img decoding=\"async\" class=\"alignnone size-full wp-image-7428\" src=\"https:\/\/www.jymachinetech.com\/wp-content\/uploads\/2025\/07\/Candy-Drop-Roller-3.webp\" alt=\"\" width=\"640\" height=\"640\" srcset=\"https:\/\/www.jymachinetech.com\/wp-content\/uploads\/2025\/07\/Candy-Drop-Roller-3.webp 640w, https:\/\/www.jymachinetech.com\/wp-content\/uploads\/2025\/07\/Candy-Drop-Roller-3-12x12.webp 12w, https:\/\/www.jymachinetech.com\/wp-content\/uploads\/2025\/07\/Candy-Drop-Roller-3-300x300.webp 300w, https:\/\/www.jymachinetech.com\/wp-content\/uploads\/2025\/07\/Candy-Drop-Roller-3-600x600.webp 600w, https:\/\/www.jymachinetech.com\/wp-content\/uploads\/2025\/07\/Candy-Drop-Roller-3-100x100.webp 100w\" sizes=\"(max-width: 640px) 100vw, 640px\" \/><\/a><\/p>\n<p>Bao g\u1ed3m &amp; L\u1ef1a ch\u1ecdn<\/p>\n<p>\u2022 1 c\u1eb7p tr\u1ee5c c\u00e1n ti\u00eau chu\u1ea9n (ch\u1ecdn t\u1eeb catalog)<\/p>\n<p>\u2022 B\u1ed9 tr\u1ee5c c\u00e1n ph\u1ee5: c\u00e2y th\u00f4ng Noel, tr\u00e1i tim, sao, ho\u1eb7c logo t\u00f9y ch\u1ec9nh\u2014c\u00f9ng m\u1ee9c gi\u00e1<\/p>\n<p>\u2022 B\u1ed9 qu\u1ea1t l\u00e0m m\u00e1t<\/p>\n<p>\u2022 Ch\u1ea3o s\u00e0ng inox &amp; tr\u1ed1ng \u0111\u1ef1ng k\u1eb9o d\u1ebbo<\/p>\n<p>\u2022 Thi\u1ebft b\u1ecb bao g\u1ed3m c\u00e1c th\u00e0nh ph\u1ea7n nh\u01b0 t\u00f9y ch\u1ecdn tr\u1ee5c r\u01a1i l\u00e0m m\u00e1t b\u1eb1ng n\u01b0\u1edbc \u0111\u1ec3 t\u0103ng n\u0103ng su\u1ea5t (l\u00ean t\u1edbi 300kg m\u1ed7i gi\u1edd), v\u00e0 c\u00e1c m\u00e1y m\u00f3c, ph\u1ee5 ki\u1ec7n b\u1ed5 sung c\u00f3 th\u1ec3 \u0111\u01b0\u1ee3c l\u1eafp \u0111\u1eb7t theo nhu c\u1ea7u \u0111\u1ec3 t\u0103ng <a href=\"https:\/\/www.jymachinetech.com\/vi\/top-machine-gummy-candy-solutions-for-efficient-production\/\" title=\"Gi\u1ea3i ph\u00e1p M\u00e1y m\u00f3c h\u00e0ng \u0111\u1ea7u cho S\u1ea3n xu\u1ea5t K\u1eb9o d\u1ebbo hi\u1ec7u qu\u1ea3\"  data-wpil-monitor-id=\"148\" target=\"_blank\">hi\u1ec7u qu\u1ea3 s\u1ea3n xu\u1ea5t<\/a> v\u00e0 \u0111a d\u1ea1ng h\u00f3a.<\/p>\n<p>\u2022 M\u00e1y tr\u1ee5c r\u01a1i k\u1eb9o \u0111\u01b0\u1ee3c s\u1ea3n xu\u1ea5t v\u00e0 ch\u1ebf t\u1ea1o t\u1ea1i Vi\u1ec7t Nam b\u1eb1ng v\u1eadt li\u1ec7u \u0111\u1ea1t ti\u00eau chu\u1ea9n th\u1ef1c ph\u1ea9m nh\u01b0 th\u00e9p kh\u00f4ng g\u1ec9 v\u00e0 tr\u1ee5c \u0111\u1ed3ng, \u0111\u1ea3m b\u1ea3o \u0111\u1ed9 b\u1ec1n v\u00e0 tu\u00e2n th\u1ee7 c\u00e1c ti\u00eau chu\u1ea9n ng\u00e0nh c\u00f4ng nghi\u1ec7p.<\/p>\n<p>\u0110\u1ec3 bi\u1ebft th\u00f4ng tin v\u1ec1 giao h\u00e0ng v\u00e0 v\u1eadn chuy\u1ec3n, kh\u00e1ch h\u00e0ng vui l\u00f2ng li\u00ean h\u1ec7 v\u1edbi ch\u00fang t\u00f4i. Ch\u00fang t\u00f4i cung c\u1ea5p d\u1ecbch v\u1ee5 v\u1eadn chuy\u1ec3n thi\u1ebft b\u1ecb tr\u00ean to\u00e0n th\u1ebf gi\u1edbi, \u0111\u1ea3m b\u1ea3o c\u00e1c doanh nghi\u1ec7p \u1edf m\u1ecdi n\u01a1i c\u00f3 th\u1ec3 h\u01b0\u1edfng l\u1ee3i t\u1eeb c\u00e1c <a href=\"https:\/\/www.jymachinetech.com\/vi\/product\/pillow-type-biscuit-packaging-machine\/\" title=\"M\u00e1y \u0111\u00f3ng g\u00f3i b\u00e1nh quy h\u00ecnh g\u1ed1i \u0111\u1ec3 b\u00e1n\"  data-wpil-monitor-id=\"149\" target=\"_blank\">m\u00e1y m\u00f3c \u0111a d\u1ea1ng v\u00e0 c\u00e1c gi\u1ea3i ph\u00e1p \u0111\u00f3ng g\u00f3i cho s\u1ea3n xu\u1ea5t k\u1eb9o ng\u1ecdt c\u1ee7a ch\u00fang t\u00f4i<\/a>.<\/p>\n<p><a href=\"https:\/\/www.jymachinetech.com\/wp-content\/uploads\/2025\/07\/Candy-Drop-Roller-4.webp\" target=\"_blank\"><img loading=\"lazy\" decoding=\"async\" class=\"alignnone size-full wp-image-7429\" src=\"https:\/\/www.jymachinetech.com\/wp-content\/uploads\/2025\/07\/Candy-Drop-Roller-4.webp\" alt=\"\" width=\"998\" height=\"666\" srcset=\"https:\/\/www.jymachinetech.com\/wp-content\/uploads\/2025\/07\/Candy-Drop-Roller-4.webp 998w, https:\/\/www.jymachinetech.com\/wp-content\/uploads\/2025\/07\/Candy-Drop-Roller-4-18x12.webp 18w, https:\/\/www.jymachinetech.com\/wp-content\/uploads\/2025\/07\/Candy-Drop-Roller-4-600x400.webp 600w\" sizes=\"(max-width: 998px) 100vw, 998px\" \/><\/a><\/p>","protected":false},"excerpt":{"rendered":"<p data-pm-slice=\"1 1 []\">Candy Drop Roller \u0111\u01b0\u1ee3c thi\u1ebft k\u1ebf cho s\u1ea3n xu\u1ea5t k\u1eb9o quy m\u00f4 nh\u1ecf \u0111\u1ebfn trung b\u00ecnh, mang l\u1ea1i \u0111\u1ed9 ch\u00ednh x\u00e1c, ch\u1ea5t l\u01b0\u1ee3ng v\u00e0 hi\u1ec7u qu\u1ea3 trong t\u1eebng m\u1ebb. Gi\u1ea3i ph\u00e1p chi ph\u00ed th\u1ea5p n\u00e0y \u0111\u01b0\u1ee3c s\u1ea3n xu\u1ea5t t\u1ea1i Vi\u1ec7t Nam, ph\u00f9 h\u1ee3p cho c\u00e1c doanh nghi\u1ec7p m\u1ecdi quy m\u00f4 mu\u1ed1n s\u1ea3n xu\u1ea5t \u0111a d\u1ea1ng c\u00e1c lo\u1ea1i k\u1eb9o. M\u00e1y cung c\u1ea5p t\u00ednh linh ho\u1ea1t v\u00e0 hi\u1ec7u qu\u1ea3 s\u1ea3n xu\u1ea5t, cho ph\u00e9p kh\u00e1ch h\u00e0ng ph\u00f9 h\u1ee3p v\u1edbi nhu c\u1ea7u s\u1ea3n xu\u1ea5t v\u00e0 t\u1ea1o ra nhi\u1ec1u lo\u1ea1i <a href=\"https:\/\/www.jymachinetech.com\/vi\/the-ultimate-guide-on-how-candy-is-made-from-ingredients-to-process\/\" title=\"H\u01b0\u1edbng D\u1eabn To\u00e0n Di\u1ec7n v\u1ec1 C\u00e1ch L\u00e0m K\u1eb9o: T\u1eeb Nguy\u00ean Li\u1ec7u \u0111\u1ebfn Quy Tr\u00ecnh\"  data-wpil-monitor-id=\"145\">k\u1eb9o<\/a> thi\u1ebft k\u1ebf, h\u00ecnh d\u1ea1ng v\u00e0 k\u00edch c\u1ee1 kh\u00e1c nhau.<\/p>","protected":false},"featured_media":7429,"comment_status":"open","ping_status":"closed","template":"","meta":[],"product_brand":[],"product_cat":[16],"product_tag":[196],"class_list":{"0":"post-7416","1":"product","2":"type-product","3":"status-publish","4":"has-post-thumbnail","6":"product_cat-candy-machine","7":"product_tag-candy-drop-roller","9":"first","10":"instock","11":"shipping-taxable","12":"product-type-simple"},"_links":{"self":[{"href":"https:\/\/www.jymachinetech.com\/vi\/wp-json\/wp\/v2\/product\/7416","targetHints":{"allow":["GET"]}}],"collection":[{"href":"https:\/\/www.jymachinetech.com\/vi\/wp-json\/wp\/v2\/product"}],"about":[{"href":"https:\/\/www.jymachinetech.com\/vi\/wp-json\/wp\/v2\/types\/product"}],"replies":[{"embeddable":true,"href":"https:\/\/www.jymachinetech.com\/vi\/wp-json\/wp\/v2\/comments?post=7416"}],"version-history":[{"count":7,"href":"https:\/\/www.jymachinetech.com\/vi\/wp-json\/wp\/v2\/product\/7416\/revisions"}],"predecessor-version":[{"id":7436,"href":"https:\/\/www.jymachinetech.com\/vi\/wp-json\/wp\/v2\/product\/7416\/revisions\/7436"}],"wp:featuredmedia":[{"embeddable":true,"href":"https:\/\/www.jymachinetech.com\/vi\/wp-json\/wp\/v2\/media\/7429"}],"wp:attachment":[{"href":"https:\/\/www.jymachinetech.com\/vi\/wp-json\/wp\/v2\/media?parent=7416"}],"wp:term":[{"taxonomy":"product_brand","embeddable":true,"href":"https:\/\/www.jymachinetech.com\/vi\/wp-json\/wp\/v2\/product_brand?post=7416"},{"taxonomy":"product_cat","embeddable":true,"href":"https:\/\/www.jymachinetech.com\/vi\/wp-json\/wp\/v2\/product_cat?post=7416"},{"taxonomy":"product_tag","embeddable":true,"href":"https:\/\/www.jymachinetech.com\/vi\/wp-json\/wp\/v2\/product_tag?post=7416"}],"curies":[{"name":"wp","href":"https:\/\/api.w.org\/{rel}","templated":true}]}}