{"id":6914,"date":"2025-07-09T02:44:24","date_gmt":"2025-07-09T02:44:24","guid":{"rendered":"https:\/\/www.jymachinetech.com\/?post_type=product&#038;p=6914"},"modified":"2025-07-25T06:04:47","modified_gmt":"2025-07-25T06:04:47","slug":"dorayaki-cake-production-line2000pcs-h-4000pcs-h-5000pcs-h-6000pcs-h-8000pcs-h","status":"publish","type":"product","link":"https:\/\/www.jymachinetech.com\/vi\/product\/dorayaki-cake-production-line2000pcs-h-4000pcs-h-5000pcs-h-6000pcs-h-8000pcs-h\/","title":{"rendered":"Dorayaki Cake Production Line:2000(Pcs\/H) 4000(Pcs\/H) 5000(Pcs\/H) 6000(Pcs\/H) 8000(Pcs\/H)"},"content":{"rendered":"<p>&nbsp;<\/p>\n<p><a href=\"https:\/\/www.jymachinetech.com\/wp-content\/uploads\/2025\/07\/photobank.jpg\" target=\"_blank\"><img fetchpriority=\"high\" decoding=\"async\" class=\"alignnone size-full wp-image-6918\" src=\"https:\/\/www.jymachinetech.com\/wp-content\/uploads\/2025\/07\/photobank.jpg\" alt=\"\" width=\"800\" height=\"662\" srcset=\"https:\/\/www.jymachinetech.com\/wp-content\/uploads\/2025\/07\/photobank.jpg 800w, https:\/\/www.jymachinetech.com\/wp-content\/uploads\/2025\/07\/photobank-15x12.jpg 15w, https:\/\/www.jymachinetech.com\/wp-content\/uploads\/2025\/07\/photobank-600x497.jpg 600w\" sizes=\"(max-width: 800px) 100vw, 800px\" \/><\/a><\/p>\n<table>\n<tbody>\n<tr>\n<td width=\"295\">\u578b\u53f7Model<\/td>\n<td width=\"100\">400<\/td>\n<td width=\"124\">800<\/td>\n<td width=\"120\">1000<\/td>\n<td width=\"124\">1200<\/td>\n<td width=\"126\">1600<\/td>\n<\/tr>\n<tr>\n<td width=\"295\">C\u00f4ng su\u1ea5t: C\u00f4ng su\u1ea5t (\u03c690mm\/c\u00e1i\/h)<\/td>\n<td width=\"100\">2000<\/td>\n<td width=\"124\">4000<\/td>\n<td width=\"120\">5000<\/td>\n<td width=\"124\">6000<\/td>\n<td width=\"126\">8000<\/td>\n<\/tr>\n<tr>\n<td width=\"295\">L\u00f2 kh\u00ed: L\u00f2 kh\u00ed (m\u00b3\/h)<\/td>\n<td width=\"100\">10<\/td>\n<td width=\"124\">12<\/td>\n<td width=\"120\">15<\/td>\n<td width=\"124\">20<\/td>\n<td width=\"126\">24<\/td>\n<\/tr>\n<tr>\n<td width=\"295\">Ti\u00eau th\u1ee5 \u0111i\u1ec7n n\u0103ng: Ti\u00eau th\u1ee5 \u0111i\u1ec7n (Kw\/h)<\/td>\n<td width=\"100\">18<\/td>\n<td width=\"124\">20<\/td>\n<td width=\"120\">25<\/td>\n<td width=\"124\">30<\/td>\n<td width=\"126\">35.5<\/td>\n<\/tr>\n<\/tbody>\n<\/table>\n<p>1, C\u00f4ng su\u1ea5t: 2000 c\u00e1i - 8000 c\u00e1i\/h;<br \/>\n2, M\u1eabu m\u00e1y: JY400 \u2013 JY1600<br \/>\n3, T\u00ean m\u00e1y: D\u00e2y chuy\u1ec1n s\u1ea3n xu\u1ea5t b\u00e1nh Dorayaki t\u1ef1 \u0111\u1ed9ng<br \/>\n4, Quy tr\u00ecnh x\u1eed l\u00fd: tr\u1ed9n - \u0111\u1ecbnh h\u00ecnh - n\u01b0\u1edbng - di chuy\u1ec3n - r\u01a1i - l\u00e0m m\u00e1t - quay t\u1ed1c \u0111\u1ed9 nhanh &amp; ch\u1eadm - \u0111i\u1ec1n nh\u00e2n - x\u1ebfp ch\u1ed3ng - gh\u00e9p - truy\u1ec1n UV - \u0111\u00f3ng g\u00f3i<br \/>\n5, Nguy\u00ean li\u1ec7u ch\u00ednh: \u0111\u01b0\u1eddng, b\u1ed9t m\u00ec, Glucose, n\u01b0\u1edbc, tr\u1ee9ng, s\u00f4 c\u00f4 la, s\u1eefa b\u1ed9t, h\u01b0\u01a1ng li\u1ec7u, m\u00e0u s\u1eafc<br \/>\n6, Di\u1ec7n t\u00edch x\u01b0\u1edfng y\u00eau c\u1ea7u: h\u01a1n 200 m\u00e9t vu\u00f4ng<br \/>\n7, Di\u1ec7n t\u00edch x\u01b0\u1edfng s\u1ea3n ph\u1ea9m cu\u1ed1i c\u00f9ng: h\u01a1n 100 m\u00e9t vu\u00f4ng<br \/>\n8, Di\u1ec7n t\u00edch x\u01b0\u1edfng nguy\u00ean li\u1ec7u: h\u01a1n 100 m\u00e9t vu\u00f4ng<br \/>\n9, C\u00f4ng nh\u00e2n cho m\u1ed7i ca: 10-15 ng\u01b0\u1eddi<br \/>\n<a href=\"https:\/\/www.jymachinetech.com\/wp-content\/uploads\/2025\/07\/\u5fae\u4fe1\u56fe\u7247_20240306162620.jpg\" target=\"_blank\"><img decoding=\"async\" class=\"alignnone wp-image-6924\" src=\"https:\/\/www.jymachinetech.com\/wp-content\/uploads\/2025\/07\/\u5fae\u4fe1\u56fe\u7247_20240306162620.jpg\" alt=\"\" width=\"484\" height=\"336\" srcset=\"https:\/\/www.jymachinetech.com\/wp-content\/uploads\/2025\/07\/\u5fae\u4fe1\u56fe\u7247_20240306162620.jpg 1001w, https:\/\/www.jymachinetech.com\/wp-content\/uploads\/2025\/07\/\u5fae\u4fe1\u56fe\u7247_20240306162620-18x12.jpg 18w, https:\/\/www.jymachinetech.com\/wp-content\/uploads\/2025\/07\/\u5fae\u4fe1\u56fe\u7247_20240306162620-600x416.jpg 600w\" sizes=\"(max-width: 484px) 100vw, 484px\" \/><\/a><\/p>\n<p><b>C\u00c1CH L\u00c0M B\u00c1NH DORAYAKI<\/b><b>B\u00c1NH<\/b><\/p>\n<p><img decoding=\"async\" class=\"alignnone size-large wp-image-6922\" src=\"https:\/\/www.jymachinetech.com\/wp-content\/uploads\/2025\/07\/\u94dc\u9523\u70e7\u6b65\u9aa41-1024x744.png\" alt=\"\" width=\"800\" height=\"581\"><br \/>\nH\u1ec7 th\u1ed1ng b\u00e1nh Dorayaki g\u1ed3m hai m\u00e1y k\u1ebft n\u1ed1i. M\u00e1y n\u01b0\u1edbng b\u00e1nh v\u00e0 m\u00e1y k\u1eb9p sandwich ho\u1ea1t \u0111\u1ed9ng \u0111\u1ed9c l\u1eadp nh\u01b0ng \u0111\u01b0\u1ee3c \u0111\u1ed3ng b\u1ed9 ho\u00e0n to\u00e0n.<br \/>\n\u200b<a href=\"https:\/\/www.jymachinetech.com\/wp-content\/uploads\/2025\/07\/photobank-1-e1752028647447.jpg\" target=\"_blank\"><img loading=\"lazy\" decoding=\"async\" class=\"alignnone wp-image-6923\" src=\"https:\/\/www.jymachinetech.com\/wp-content\/uploads\/2025\/07\/photobank-1-e1752028647447.jpg\" alt=\"\" width=\"654\" height=\"497\" srcset=\"https:\/\/www.jymachinetech.com\/wp-content\/uploads\/2025\/07\/photobank-1-e1752028647447.jpg 800w, https:\/\/www.jymachinetech.com\/wp-content\/uploads\/2025\/07\/photobank-1-e1752028647447-16x12.jpg 16w, https:\/\/www.jymachinetech.com\/wp-content\/uploads\/2025\/07\/photobank-1-e1752028647447-600x456.jpg 600w\" sizes=\"(max-width: 654px) 100vw, 654px\" \/><\/a><br \/>\nFor baking, we use a reinforced copper plate. The extraordinary heat retention capacity produces a very smooth pancake surface.Both gas and electricity can be used as a heat source to bake the products. By changing the speed of the griddle and the position of the depositor the baking time can be adjusted. A top-mounted heater on the pancake production system cooks the pancake from the top before flipping.The positions of both the top-mounted heater and flipper can also be fine-tuned to suit different recipes. Below the dorayaki production machine, debris is removed from the griddle plates and oil is applied to ensure the pancakes are released properly.<\/p>\n<p><a href=\"https:\/\/www.jymachinetech.com\/wp-content\/uploads\/2025\/07\/\u5fae\u4fe1\u56fe\u7247_20240306162643.jpg\" target=\"_blank\"><img loading=\"lazy\" decoding=\"async\" class=\"alignnone wp-image-6925\" src=\"https:\/\/www.jymachinetech.com\/wp-content\/uploads\/2025\/07\/\u5fae\u4fe1\u56fe\u7247_20240306162643.jpg\" alt=\"\" width=\"374\" height=\"217\" srcset=\"https:\/\/www.jymachinetech.com\/wp-content\/uploads\/2025\/07\/\u5fae\u4fe1\u56fe\u7247_20240306162643.jpg 612w, https:\/\/www.jymachinetech.com\/wp-content\/uploads\/2025\/07\/\u5fae\u4fe1\u56fe\u7247_20240306162643-18x10.jpg 18w, https:\/\/www.jymachinetech.com\/wp-content\/uploads\/2025\/07\/\u5fae\u4fe1\u56fe\u7247_20240306162643-600x347.jpg 600w\" sizes=\"(max-width: 374px) 100vw, 374px\" \/><\/a><a href=\"https:\/\/www.jymachinetech.com\/wp-content\/uploads\/2025\/07\/8b2d6756fc339850d1a68d3886343ca-scaled.jpg\" target=\"_blank\"><img loading=\"lazy\" decoding=\"async\" class=\"alignnone wp-image-6920\" src=\"https:\/\/www.jymachinetech.com\/wp-content\/uploads\/2025\/07\/8b2d6756fc339850d1a68d3886343ca-1024x683.jpg\" alt=\"\" width=\"332\" height=\"221\"><\/a><\/p>\n<p>&nbsp;<\/p>\n<p>M\u00e1y k\u1eb9p sandwich \u0111\u1ea7u ti\u00ean c\u0103n ch\u1ec9nh c\u00e1c s\u1ea3n ph\u1ea9m \u0111\u1ebfn t\u1eeb m\u00e1y n\u01b0\u1edbng b\u00e1nh pancake r\u1ed3i l\u1eadt m\u1ed9t n\u1eeda h\u00e0ng pancake \u0111\u1ec3 ph\u1ebft nh\u00e2n. H\u00e0ng pancake c\u00f2n l\u1ea1i kh\u00f4ng l\u1eadt, gi\u1eef m\u1eb7t ph\u1eb3ng \u0111\u1ec3 in \u1ea5n. Cu\u1ed1i c\u00f9ng, b\u00e1nh pancake s\u1eb5n s\u00e0ng \u0111\u1ec3 k\u1eb9p v\u00e0 s\u1ebd \u0111\u01b0\u1ee3c ni\u00eam phong \u0111\u1ec3 gi\u1eef nh\u00e2n b\u00ean trong. \u0110\u01a1n v\u1ecb ni\u00eam phong c\u00f3 th\u1ec3 \u0111\u00f3ng k\u00edn b\u00e1nh gi\u1eef nh\u00e2n ho\u1eb7c ch\u1ec9 k\u1eb9p l\u1ea1i, \u0111\u1ec3 l\u1ea1i c\u00e1c m\u00e9p m\u1edf.<\/p>\n<p>&nbsp;<\/p>","protected":false},"excerpt":{"rendered":"<p>&nbsp; \u578b\u53f7Model 400 800 1000 1200 1600 \u4ea7\u80fdCapacity(\u03c690mmpcs\/h) 2000 4000 5000 6000 8000 \u6c14\u7089Gas\u00a0Oven(m\u00b3\/h) 10 12 15 20 24 \u7528\u7535\u91cfPower\u00a0consumption(Kw\/h) 18 20 25 30 35.5 1,Capacity: 2000pcs-8000pcs\/h; 2,Machine model: JY400 \u2013 JY1600 3,Machine name : Automatic dorayaki cake production line 4,Processing step:mixing -forming -baking-moving-dropping -cooling- fast &amp; slow speed turn-filling -stacking -combining-UV convey-packing 5,Main raw [\u2026]<\/p>","protected":false},"featured_media":6924,"comment_status":"open","ping_status":"closed","template":"","meta":[],"product_brand":[],"product_cat":[96,15],"product_tag":[],"class_list":{"0":"post-6914","1":"product","2":"type-product","3":"status-publish","4":"has-post-thumbnail","6":"product_cat-cake-machine","7":"product_cat-bakery-equipment","9":"first","10":"instock","11":"shipping-taxable","12":"product-type-simple"},"_links":{"self":[{"href":"https:\/\/www.jymachinetech.com\/vi\/wp-json\/wp\/v2\/product\/6914","targetHints":{"allow":["GET"]}}],"collection":[{"href":"https:\/\/www.jymachinetech.com\/vi\/wp-json\/wp\/v2\/product"}],"about":[{"href":"https:\/\/www.jymachinetech.com\/vi\/wp-json\/wp\/v2\/types\/product"}],"replies":[{"embeddable":true,"href":"https:\/\/www.jymachinetech.com\/vi\/wp-json\/wp\/v2\/comments?post=6914"}],"version-history":[{"count":2,"href":"https:\/\/www.jymachinetech.com\/vi\/wp-json\/wp\/v2\/product\/6914\/revisions"}],"predecessor-version":[{"id":6928,"href":"https:\/\/www.jymachinetech.com\/vi\/wp-json\/wp\/v2\/product\/6914\/revisions\/6928"}],"wp:featuredmedia":[{"embeddable":true,"href":"https:\/\/www.jymachinetech.com\/vi\/wp-json\/wp\/v2\/media\/6924"}],"wp:attachment":[{"href":"https:\/\/www.jymachinetech.com\/vi\/wp-json\/wp\/v2\/media?parent=6914"}],"wp:term":[{"taxonomy":"product_brand","embeddable":true,"href":"https:\/\/www.jymachinetech.com\/vi\/wp-json\/wp\/v2\/product_brand?post=6914"},{"taxonomy":"product_cat","embeddable":true,"href":"https:\/\/www.jymachinetech.com\/vi\/wp-json\/wp\/v2\/product_cat?post=6914"},{"taxonomy":"product_tag","embeddable":true,"href":"https:\/\/www.jymachinetech.com\/vi\/wp-json\/wp\/v2\/product_tag?post=6914"}],"curies":[{"name":"wp","href":"https:\/\/api.w.org\/{rel}","templated":true}]}}