{"id":4985,"date":"2025-05-20T01:18:40","date_gmt":"2025-05-20T01:18:40","guid":{"rendered":"https:\/\/www.jymachinetech.com\/?post_type=product&#038;p=4985"},"modified":"2025-05-20T01:27:11","modified_gmt":"2025-05-20T01:27:11","slug":"fully-automatic-marie-biscuit-production-line","status":"publish","type":"product","link":"https:\/\/www.jymachinetech.com\/vi\/product\/fully-automatic-marie-biscuit-production-line\/","title":{"rendered":"D\u00e2y chuy\u1ec1n s\u1ea3n xu\u1ea5t b\u00e1nh quy Marie t\u1ef1 \u0111\u1ed9ng ho\u00e0n to\u00e0n: 250kg\/h, 500kg\/h, 750kg\/h, 1000kg\/h, 1500kg\/h"},"content":{"rendered":"<p>B\u00e1nh quy Marie l\u00e0 lo\u1ea1i b\u00e1nh th\u01b0\u1eddng g\u1ecdi l\u00e0 b\u00e1nh c\u1ee9ng l\u00e0m t\u1eeb b\u1ed9t c\u1ee9ng, trong \u0111\u00f3 ph\u1ea7n l\u1edbn b\u1ed9t c\u1ee9ng c\u1ea7n \u0111\u01b0\u1ee3c l\u00ean men \u0111\u1ec3 Junyu khuy\u00ean d\u00f9ng c\u00e1n l\u1edbp v\u00e0 3-4 b\u1ed9 m\u00e1y c\u00e1n v\u00e0 c\u1eaft b\u00e1nh \u0111\u1ec3 t\u1ea1o ra c\u00e1c s\u1ea3n ph\u1ea9m b\u1ed9t c\u1ee9ng c\u00f3 v\u1ecb gi\u00f2n, b\u1ec1 m\u1eb7t m\u1ecbn v\u00e0 c\u1eaft l\u1edbp theo chi\u1ec1u ngang. nh\u01b0 Marie, b\u00e1nh quy gi\u00f2n, b\u00e1nh quy que v\u00e0 b\u00e1nh soda.. Nguy\u00ean l\u00fd m\u00e1y: Sau khi qua m\u00e1y c\u00e1n l\u1edbp (t\u00f9y ch\u1ecdn), b\u1ed9 c\u1ea5p li\u1ec7u ba tr\u1ee5c, v\u00e0 ba c\u1eb7p m\u00e1y c\u00e1n ph\u1eb3ng, b\u1ed9t \u0111\u01b0\u1ee3c c\u1eaft th\u00e0nh c\u00e1c h\u00ecnh d\u1ea1ng kh\u00e1c nhau b\u1eb1ng tr\u1ee5c khu\u00f4n. Ph\u1ea7n b\u1ed9t c\u00f2n l\u1ea1i \u0111i qua b\u1ed9 t\u00e1ch b\u1ed9t v\u00e0 tr\u1edf v\u1ec1 b\u1ed9 c\u1ea5p li\u1ec7u \u0111\u1ea7u ti\u00ean. B\u00e1nh quy th\u00f4 \u0111i \u0111\u1ebfn thi\u1ebft b\u1ecb ti\u1ebfp theo \u0111\u1ec3 n\u01b0\u1edbng.<\/p>\n<table>\n<tbody>\n<tr>\n<td>M\u1eabu m\u00e3<\/td>\n<td>JYB-280<\/td>\n<td>JYB-400<\/td>\n<td>JYB-600<\/td>\n<td>JYB-800<\/td>\n<td>JYB-1000<\/td>\n<td>JYB-1200<\/td>\n<td>JYB-1500<\/td>\n<td>Ghi ch\u00fa<\/td>\n<\/tr>\n<tr>\n<td>C\u00f4ng su\u1ea5t s\u1ea3n xu\u1ea5t(kg\/h)<\/td>\n<td>0<\/td>\n<td>250<\/td>\n<td>500<\/td>\n<td>750<\/td>\n<td>1000<\/td>\n<td>1250<\/td>\n<td>1500<\/td>\n<td>C\u00f4ng su\u1ea5t t\u00f9y ch\u1ec9nh<\/td>\n<\/tr>\n<tr>\n<td>Chi\u1ec1u d\u00e0i l\u00f2 (m)<\/td>\n<td>16<\/td>\n<td>28<\/td>\n<td>40<\/td>\n<td>40<\/td>\n<td>60<\/td>\n<td>50<\/td>\n<td>70<\/td>\n<td>Ph\u1ee5 thu\u1ed9c<\/td>\n<\/tr>\n<tr>\n<td>Chi\u1ec1u d\u00e0i t\u1ed5ng th\u1ec3 (m)<\/td>\n<td>29.6<\/td>\n<td>64.5<\/td>\n<td>85.5<\/td>\n<td>92.5<\/td>\n<td>125<\/td>\n<td>125<\/td>\n<td>150<\/td>\n<td>N\u1ebfu kh\u00f4ng c\u00f3 b\u0103ng chuy\u1ec1n quay U<\/td>\n<\/tr>\n<tr>\n<td>Nhi\u1ec7t \u0111\u1ed9 n\u01b0\u1edbng (\u00b0C)<\/td>\n<td>190-240\u2103<\/td>\n<td>190-240\u2103<\/td>\n<td>190-240\u2103<\/td>\n<td>190-240\u2103<\/td>\n<td>190-240\u2103<\/td>\n<td>190-240\u2103<\/td>\n<td>190-240\u2103<\/td>\n<td>Ph\u1ee5 thu\u1ed9c<\/td>\n<\/tr>\n<tr>\n<td>C\u00f4ng su\u1ea5t to\u00e0n tuy\u1ebfn (kW)<\/td>\n<td>80<\/td>\n<td>90<\/td>\n<td>300<\/td>\n<td>400<\/td>\n<td>00<\/td>\n<td>800<\/td>\n<td>900<\/td>\n<td>C\u00f3 s\u1eed d\u1ee5ng l\u00f2 n\u01b0\u1edbng \u0111i\u1ec7n kh\u00f4ng<\/td>\n<\/tr>\n<tr>\n<td>L\u00f2 n\u01b0\u1edbng LPG (kg\/h)<\/td>\n<td>10<\/td>\n<td>20<\/td>\n<td>35<\/td>\n<td>45<\/td>\n<td>60<\/td>\n<td>70<\/td>\n<td>80<\/td>\n<td>C\u00f3 s\u1eed d\u1ee5ng l\u00f2 n\u01b0\u1edbng LPG kh\u00f4ng<\/td>\n<\/tr>\n<tr>\n<td>Tr\u1ecdng l\u01b0\u1ee3ng to\u00e0n tuy\u1ebfn (kg)<\/td>\n<td>6000<\/td>\n<td>12000<\/td>\n<td>20000<\/td>\n<td>28000<\/td>\n<td>35000<\/td>\n<td>45000<\/td>\n<td>55000<\/td>\n<td>Kho\u1ea3ng<\/td>\n<\/tr>\n<\/tbody>\n<\/table>\n<h2><strong>\u1ee8ng d\u1ee5ng<\/strong><\/h2>\n<p>D\u00e2y chuy\u1ec1n s\u1ea3n xu\u1ea5t b\u00e1nh quy Marie t\u1ef1 \u0111\u1ed9ng ho\u00e0n to\u00e0n ph\u00f9 h\u1ee3p v\u1edbi nhi\u1ec1u k\u1ecbch b\u1ea3n s\u1ea3n xu\u1ea5t b\u00e1nh quy kh\u00e1c nhau. N\u00f3 c\u00f3 th\u1ec3 \u0111\u01b0\u1ee3c s\u1eed d\u1ee5ng \u0111\u1ec3 s\u1ea3n xu\u1ea5t c\u00e1c lo\u1ea1i b\u00e1nh quy kh\u00e1c nhau, t\u1eeb b\u00e1nh quy Marie truy\u1ec1n th\u1ed1ng \u0111\u1ebfn c\u00e1c s\u1ea3n ph\u1ea9m \u0111\u1eb7c bi\u1ec7t v\u00e0 s\u00e1ng t\u1ea1o h\u01a1n. D\u00f9 cho c\u00e1c nh\u00e0 m\u00e1y s\u1ea3n xu\u1ea5t quy m\u00f4 l\u1edbn hay c\u00e1c \u0111\u01a1n v\u1ecb s\u1ea3n xu\u1ea5t nh\u1ecf h\u01a1n, d\u00f2ng s\u1ea3n ph\u1ea9m n\u00e0y cung c\u1ea5p gi\u1ea3i ph\u00e1p linh ho\u1ea1t v\u00e0 hi\u1ec7u qu\u1ea3 \u0111\u1ec3 \u0111\u00e1p \u1ee9ng \u0111a d\u1ea1ng nhu c\u1ea7u s\u1ea3n xu\u1ea5t.<\/p>\n<p>T\u00f3m l\u1ea1i, d\u00e2y chuy\u1ec1n s\u1ea3n xu\u1ea5t b\u00e1nh quy Marie t\u1ef1 \u0111\u1ed9ng ho\u00e0n to\u00e0n l\u00e0 l\u1ef1a ch\u1ecdn tuy\u1ec7t v\u1eddi cho c\u00e1c doanh nghi\u1ec7p trong ng\u00e0nh c\u00f4ng nghi\u1ec7p ch\u1ebf bi\u1ebfn th\u1ef1c ph\u1ea9m. V\u1edbi kh\u1ea3 n\u0103ng ki\u1ec3m so\u00e1t ch\u00ednh x\u00e1c cao, kh\u1ea3 n\u0103ng s\u1ea3n xu\u1ea5t \u0111a d\u1ea1ng, v\u1eadn h\u00e0nh ti\u1ebft ki\u1ec7m n\u0103ng l\u01b0\u1ee3ng, giao di\u1ec7n th\u00e2n thi\u1ec7n ng\u01b0\u1eddi d\u00f9ng, ti\u00eau chu\u1ea9n v\u1ec7 sinh v\u01b0\u1ee3t tr\u1ed9i, \u0111\u1ea7u ra t\u00f9y ch\u1ec9nh v\u00e0 thi\u1ebft k\u1ebf ti\u1ebft ki\u1ec7m chi ph\u00ed, n\u00f3 cung c\u1ea5p gi\u1ea3i ph\u00e1p hi\u1ec7u qu\u1ea3 v\u00e0 \u0111\u00e1ng tin c\u1eady cho vi\u1ec7c s\u1ea3n xu\u1ea5t b\u00e1nh quy ch\u1ea5t l\u01b0\u1ee3ng cao.<\/p>\n<h2><strong>Quy tr\u00ecnh s\u1ea3n xu\u1ea5t<\/strong><\/h2>\n<h3><strong>Tr\u1ed9n b\u1ed9t<\/strong><\/h3>\n<p><img fetchpriority=\"high\" decoding=\"async\" width=\"987\" height=\"628\" class=\"wp-image-4986\" src=\"https:\/\/www.jymachinetech.com\/wp-content\/uploads\/2025\/05\/private-var-folders-j4-6sbb4pyn5t1dyr4t5z9hb4tc00.png\" alt=\"\/private\/var\/folders\/j4\/6sbb4pyn5t1dyr4t5z9hb4tc0000gn\/T\/com.kingsoft.wpsoffice.mac\/picturecompress_20221107205632\/output_1.pngoutput_1\" srcset=\"https:\/\/www.jymachinetech.com\/wp-content\/uploads\/2025\/05\/private-var-folders-j4-6sbb4pyn5t1dyr4t5z9hb4tc00.png 987w, https:\/\/www.jymachinetech.com\/wp-content\/uploads\/2025\/05\/private-var-folders-j4-6sbb4pyn5t1dyr4t5z9hb4tc00-18x12.png 18w, https:\/\/www.jymachinetech.com\/wp-content\/uploads\/2025\/05\/private-var-folders-j4-6sbb4pyn5t1dyr4t5z9hb4tc00-600x382.png 600w\" sizes=\"(max-width: 987px) 100vw, 987px\" \/><\/p>\n<p>Quy tr\u00ecnh b\u1eaft \u0111\u1ea7u v\u1edbi m\u00e1y tr\u1ed9n b\u1ed9t hi\u1ec7u qu\u1ea3 cao. N\u00f3 tr\u1ed9n \u0111\u1ec1u b\u1ed9t m\u00ec, \u0111\u01b0\u1eddng, ch\u1ea5t b\u00e9o v\u00e0 c\u00e1c th\u00e0nh ph\u1ea7n kh\u00e1c \u0111\u1ec3 t\u1ea1o th\u00e0nh m\u1ed9t kh\u1ed1i b\u1ed9t \u0111\u1ed3ng nh\u1ea5t, \u0111\u1eb7t n\u1ec1n m\u00f3ng cho b\u00e1nh quy ch\u1ea5t l\u01b0\u1ee3ng cao.<\/p>\n<h3><strong>C\u00e1n b\u1ed9t<\/strong><\/h3>\n<p><img decoding=\"async\" width=\"1217\" height=\"685\" class=\"wp-image-4987\" src=\"https:\/\/www.jymachinetech.com\/wp-content\/uploads\/2025\/05\/word-image-4985-2.jpeg\" alt=\"\" srcset=\"https:\/\/www.jymachinetech.com\/wp-content\/uploads\/2025\/05\/word-image-4985-2.jpeg 1217w, https:\/\/www.jymachinetech.com\/wp-content\/uploads\/2025\/05\/word-image-4985-2-18x10.jpeg 18w, https:\/\/www.jymachinetech.com\/wp-content\/uploads\/2025\/05\/word-image-4985-2-600x338.jpeg 600w\" sizes=\"(max-width: 1217px) 100vw, 1217px\" \/><\/p>\n<p>B\u1ed9t sau \u0111\u00f3 \u0111\u01b0\u1ee3c \u0111\u01b0a qua m\u00e1y c\u00e1n b\u1ed9t, m\u00e1y c\u00e1n n\u00e0y c\u00e1n th\u00e0nh c\u00e1c t\u1ea5m m\u1ecfng \u0111\u1ed3ng \u0111\u1ec1u v\u1ec1 \u0111\u1ed9 d\u00e0y. \u0110i\u1ec1u n\u00e0y \u0111\u1ea3m b\u1ea3o m\u1ed7i chi\u1ebfc b\u00e1nh quy c\u00f3 k\u1ebft c\u1ea5u v\u00e0 h\u00ecnh d\u1ea1ng nh\u1ea5t qu\u00e1n.<\/p>\n<h3><strong>\u0110\u1ecbnh h\u00ecnh b\u00e1nh quy - m\u00e1y c\u1eaft quay<\/strong><\/h3>\n<p><img decoding=\"async\" width=\"1056\" height=\"594\" class=\"wp-image-4988\" src=\"https:\/\/www.jymachinetech.com\/wp-content\/uploads\/2025\/05\/wechatimg10142.jpeg\" alt=\"WechatIMG1014 b\u1ea3n sao 2\" srcset=\"https:\/\/www.jymachinetech.com\/wp-content\/uploads\/2025\/05\/wechatimg10142.jpeg 1056w, https:\/\/www.jymachinetech.com\/wp-content\/uploads\/2025\/05\/wechatimg10142-18x10.jpeg 18w, https:\/\/www.jymachinetech.com\/wp-content\/uploads\/2025\/05\/wechatimg10142-600x338.jpeg 600w\" sizes=\"(max-width: 1056px) 100vw, 1056px\" \/><\/p>\n<p>M\u00e1y c\u1eaft quay c\u1eaft b\u1ed9t th\u00e0nh c\u00e1c h\u00ecnh d\u1ea1ng mong mu\u1ed1n. V\u1edbi c\u00e1c tham s\u1ed1 c\u1eaft \u0111i\u1ec1u ch\u1ec9nh \u0111\u01b0\u1ee3c, n\u00f3 \u0111\u1ea3m b\u1ea3o c\u00e1c c\u1ea1nh s\u1ea1ch v\u00e0 gi\u1ea3m thi\u1ec3u l\u00e3ng ph\u00ed b\u1ed9t.<\/p>\n<h3><strong>L\u00f2 n\u01b0\u1edbng \u1ed1ng<\/strong><\/h3>\n<p><img loading=\"lazy\" decoding=\"async\" width=\"701\" height=\"273\" class=\"wp-image-4989\" src=\"https:\/\/www.jymachinetech.com\/wp-content\/uploads\/2025\/05\/word-image-4985-4.png\" alt=\"\" srcset=\"https:\/\/www.jymachinetech.com\/wp-content\/uploads\/2025\/05\/word-image-4985-4.png 701w, https:\/\/www.jymachinetech.com\/wp-content\/uploads\/2025\/05\/word-image-4985-4-18x7.png 18w, https:\/\/www.jymachinetech.com\/wp-content\/uploads\/2025\/05\/word-image-4985-4-600x234.png 600w\" sizes=\"(max-width: 701px) 100vw, 701px\" \/><\/p>\n<p>C\u00e1c mi\u1ebfng b\u1ed9t \u0111\u00e3 \u0111\u1ecbnh h\u00ecnh \u0111i v\u00e0o l\u00f2 n\u01b0\u1edbng \u1ed1ng \u0111\u1ec3 n\u01b0\u1edbng. L\u00f2 c\u00f3 c\u00e1c t\u00f9y ch\u1ecdn l\u00e0m n\u00f3ng \u0111a d\u1ea1ng, bao g\u1ed3m \u0111i\u1ec7n v\u00e0 kh\u00ed t\u1ef1 nhi\u00ean, v\u00e0 c\u00f3 ki\u1ec3m so\u00e1t nhi\u1ec7t \u0111\u1ed9 ch\u00ednh x\u00e1c \u0111\u1ec3 \u0111\u1ea3m b\u1ea3o n\u01b0\u1edbng \u0111\u1ec1u.<\/p>\n<h3><strong>Phun mu\u1ed1i v\u00e0 \u0111\u01b0\u1eddng<\/strong><\/h3>\n<p><img loading=\"lazy\" decoding=\"async\" width=\"1920\" height=\"1080\" class=\"wp-image-4990\" src=\"https:\/\/www.jymachinetech.com\/wp-content\/uploads\/2025\/05\/12251666078584_-pic.jpeg\" alt=\"12251666078584_.pic\" srcset=\"https:\/\/www.jymachinetech.com\/wp-content\/uploads\/2025\/05\/12251666078584_-pic.jpeg 1920w, https:\/\/www.jymachinetech.com\/wp-content\/uploads\/2025\/05\/12251666078584_-pic-18x10.jpeg 18w, https:\/\/www.jymachinetech.com\/wp-content\/uploads\/2025\/05\/12251666078584_-pic-600x338.jpeg 600w\" sizes=\"(max-width: 1920px) 100vw, 1920px\" \/><\/p>\n<p>M\u00e1y phun mu\u1ed1i v\u00e0 \u0111\u01b0\u1eddng phun \u0111\u1ec1u mu\u1ed1i v\u00e0 \u0111\u01b0\u1eddng l\u00ean c\u00e1c mi\u1ebfng b\u1ed9t, t\u0103ng c\u01b0\u1eddng h\u01b0\u01a1ng v\u1ecb v\u00e0 t\u1ea1o \u0111i\u1ec3m nh\u1ea5n tr\u01b0\u1edbc khi n\u01b0\u1edbng.<\/p>\n<h3><strong>X\u1ebfp ch\u1ed3ng b\u00e1nh quy<\/strong><\/h3>\n<p><strong><img loading=\"lazy\" decoding=\"async\" width=\"1920\" height=\"1280\" class=\"wp-image-4991\" src=\"https:\/\/www.jymachinetech.com\/wp-content\/uploads\/2025\/05\/img_3064-scaled.jpeg\" alt=\"IMG_3064 b\u1ea3n sao\" srcset=\"https:\/\/www.jymachinetech.com\/wp-content\/uploads\/2025\/05\/img_3064-scaled.jpeg 1920w, https:\/\/www.jymachinetech.com\/wp-content\/uploads\/2025\/05\/img_3064-scaled-18x12.jpeg 18w, https:\/\/www.jymachinetech.com\/wp-content\/uploads\/2025\/05\/img_3064-scaled-600x400.jpeg 600w\" sizes=\"(max-width: 1920px) 100vw, 1920px\" \/><\/strong><\/p>\n<p>Sau khi ngu\u1ed9i, b\u00e1nh quy \u0111\u01b0\u1ee3c x\u1ebfp ch\u1ed3ng m\u1ed9t c\u00e1ch hi\u1ec7u qu\u1ea3 b\u1eb1ng m\u00e1y chuy\u00ean d\u1ee5ng, chu\u1ea9n b\u1ecb cho qu\u00e1 tr\u00ecnh \u0111\u00f3ng g\u00f3i.<\/p>\n<h3><strong>M\u00e1y l\u00e0m b\u00e1nh quy sandwich kem<\/strong><\/h3>\n<p><strong><img loading=\"lazy\" decoding=\"async\" width=\"636\" height=\"411\" class=\"wp-image-4992\" src=\"https:\/\/www.jymachinetech.com\/wp-content\/uploads\/2025\/05\/1747018083437.png\" alt=\"1747018083437\" srcset=\"https:\/\/www.jymachinetech.com\/wp-content\/uploads\/2025\/05\/1747018083437.png 636w, https:\/\/www.jymachinetech.com\/wp-content\/uploads\/2025\/05\/1747018083437-18x12.png 18w, https:\/\/www.jymachinetech.com\/wp-content\/uploads\/2025\/05\/1747018083437-600x388.png 600w\" sizes=\"(max-width: 636px) 100vw, 636px\" \/><\/strong><\/p>\n<p>\u0110\u1ed1i v\u1edbi b\u00e1nh quy Marie nh\u00e2n kem, m\u00e1y l\u00e0m b\u00e1nh sandwich kem s\u1ebd \u0111i\u1ec1n kem gi\u1eefa hai l\u1edbp b\u00e1nh quy, t\u1ea1o ra b\u00e1nh quy sandwich ngon v\u1edbi l\u01b0\u1ee3ng kem ch\u00ednh x\u00e1c.<\/p>\n<h3><strong>H\u1ec7 th\u1ed1ng \u0111\u00f3ng g\u00f3i<\/strong><\/h3>\n<p>Cu\u1ed1i c\u00f9ng, b\u00e1nh quy \u0111\u01b0\u1ee3c \u0111\u00f3ng g\u00f3i b\u1eb1ng h\u1ec7 th\u1ed1ng \u0111\u00f3ng g\u00f3i t\u1ef1 \u0111\u1ed9ng. \u0110i\u1ec1u n\u00e0y \u0111\u1ea3m b\u1ea3o b\u00e1nh quy \u0111\u01b0\u1ee3c ni\u00eam phong g\u1ecdn g\u00e0ng v\u00e0 b\u1ea3o v\u1ec7 \u0111\u1ec3 ph\u00e2n ph\u1ed1i v\u00e0 b\u00e1n h\u00e0ng<\/p>\n<h2><strong>T\u00ednh n\u0103ng v\u00e0 l\u1ee3i \u00edch<\/strong><\/h2>\n<h3><strong>\u0110i\u1ec1u khi\u1ec3n ch\u00ednh x\u00e1c cao<\/strong><\/h3>\n<p>H\u1ec7 th\u1ed1ng \u0111i\u1ec1u khi\u1ec3n PLC v\u00e0 giao di\u1ec7n m\u00e0n h\u00ecnh c\u1ea3m \u1ee9ng, d\u00e2y chuy\u1ec1n s\u1ea3n xu\u1ea5t cho ph\u00e9p ki\u1ec3m so\u00e1t ch\u00ednh x\u00e1c t\u1eebng b\u01b0\u1edbc c\u1ee7a qu\u00e1 tr\u00ecnh. C\u00e1c th\u00f4ng s\u1ed1 nh\u01b0 nhi\u1ec7t \u0111\u1ed9, th\u1eddi gian v\u00e0 t\u1ed1c \u0111\u1ed9 ph\u1ee7 c\u00f3 th\u1ec3 d\u1ec5 d\u00e0ng \u0111i\u1ec1u ch\u1ec9nh \u0111\u1ec3 \u0111\u00e1p \u1ee9ng y\u00eau c\u1ea7u s\u1ea3n xu\u1ea5t c\u1ee5 th\u1ec3.<\/p>\n<h3><strong>Kh\u1ea3 n\u0103ng s\u1ea3n xu\u1ea5t \u0111a d\u1ea1ng<\/strong><\/h3>\n<p>D\u00e2y chuy\u1ec1n c\u00f3 th\u1ec3 s\u1ea3n xu\u1ea5t nhi\u1ec1u lo\u1ea1i b\u00e1nh quy, bao g\u1ed3m b\u00e1nh quy dai v\u00e0 b\u00e1nh quy gi\u00f2n. B\u1eb1ng c\u00e1ch thay \u0111\u1ed5i khu\u00f4n v\u00e0 \u0111i\u1ec1u ch\u1ec9nh c\u00f4ng th\u1ee9c s\u1ea3n xu\u1ea5t, n\u00f3 c\u00f3 th\u1ec3 t\u1ea1o ra c\u00e1c h\u00ecnh d\u1ea1ng v\u00e0 h\u01b0\u01a1ng v\u1ecb b\u00e1nh quy kh\u00e1c nhau \u0111\u1ec3 \u0111\u00e1p \u1ee9ng nhu c\u1ea7u th\u1ecb tr\u01b0\u1eddng.<\/p>\n<h3><strong>Ho\u1ea1t \u0111\u1ed9ng ti\u1ebft ki\u1ec7m n\u0103ng l\u01b0\u1ee3ng<\/strong><\/h3>\n<p>Thi\u1ebft k\u1ebf v\u1edbi \u00fd t\u01b0\u1edfng ti\u1ebft ki\u1ec7m n\u0103ng l\u01b0\u1ee3ng, d\u00e2y chuy\u1ec1n gi\u00fap gi\u1ea3m chi ph\u00ed v\u1eadn h\u00e0nh. L\u00f2 n\u01b0\u1edbng \u1ed1ng, \u0111\u1eb7c bi\u1ec7t, c\u00f3 c\u00e1c m\u1eabu ch\u1ea1y b\u1eb1ng \u0111i\u1ec7n v\u00e0 gas, mang l\u1ea1i s\u1ef1 linh ho\u1ea1t v\u00e0 hi\u1ec7u qu\u1ea3 v\u1ec1 chi ph\u00ed.<\/p>\n<h3><strong>V\u1eadn h\u00e0nh th\u00e2n thi\u1ec7n v\u1edbi ng\u01b0\u1eddi d\u00f9ng<\/strong><\/h3>\n<p>D\u00e2y chuy\u1ec1n c\u00f3 h\u1ec7 th\u1ed1ng \u0111i\u1ec1u khi\u1ec3n tr\u1ef1c quan d\u1ec5 v\u1eadn h\u00e0nh. V\u1edbi h\u01b0\u1edbng d\u1eabn r\u00f5 r\u00e0ng v\u00e0 quy tr\u00ecnh t\u1ef1 \u0111\u1ed9ng, ng\u01b0\u1eddi v\u1eadn h\u00e0nh c\u00f3 th\u1ec3 nhanh ch\u00f3ng l\u00e0m quen v\u00e0 th\u00e0nh th\u1ea1o trong s\u1eed d\u1ee5ng.<\/p>\n<h3><strong>Ti\u00eau chu\u1ea9n v\u1ec7 sinh v\u01b0\u1ee3t tr\u1ed9i<\/strong><\/h3>\n<p>\u0110\u01b0\u1ee3c l\u00e0m t\u1eeb th\u00e9p kh\u00f4ng g\u1ec9 ch\u1ea5t l\u01b0\u1ee3ng cao, thi\u1ebft b\u1ecb \u0111\u00e1p \u1ee9ng ti\u00eau chu\u1ea9n v\u1ec7 sinh th\u1ef1c ph\u1ea9m. Thi\u1ebft k\u1ebf d\u1ec5 d\u00e0ng v\u1ec7 sinh v\u00e0 b\u1ea3o tr\u00ec, \u0111\u1ea3m b\u1ea3o an to\u00e0n v\u00e0 ch\u1ea5t l\u01b0\u1ee3ng b\u00e1nh quy.<\/p>\n<h3><strong>S\u1ea3n l\u01b0\u1ee3ng t\u00f9y ch\u1ec9nh<\/strong><\/h3>\n<p>C\u00f3 s\u1eb5n c\u00e1c m\u1eabu v\u1edbi c\u00f4ng su\u1ea5t s\u1ea3n xu\u1ea5t kh\u00e1c nhau, d\u00e2y chuy\u1ec1n c\u00f3 th\u1ec3 t\u00f9y ch\u1ec9nh ph\u00f9 h\u1ee3p v\u1edbi nhu c\u1ea7u c\u1ee7a c\u00e1c doanh nghi\u1ec7p m\u1ecdi quy m\u00f4.<\/p>\n<h3><strong>Gi\u1ea3i ph\u00e1p ti\u1ebft ki\u1ec7m chi ph\u00ed<\/strong><\/h3>\n<p>M\u1eb7c d\u00f9 kho\u1ea3n \u0111\u1ea7u t\u01b0 ban \u0111\u1ea7u c\u00f3 th\u1ec3 l\u1edbn, nh\u01b0ng hi\u1ec7u qu\u1ea3 v\u1eadn h\u00e0nh l\u00e2u d\u00e0i v\u00e0 chi ph\u00ed b\u1ea3o tr\u00ec th\u1ea5p c\u1ee7a d\u00e2y chuy\u1ec1n l\u00e0m cho n\u00f3 tr\u1edf th\u00e0nh l\u1ef1a ch\u1ecdn ti\u1ebft ki\u1ec7m chi ph\u00ed cho s\u1ea3n xu\u1ea5t b\u00e1nh quy.<\/p>\n<p>&nbsp;<\/p>","protected":false},"excerpt":{"rendered":"<p>The fully automatic biscuit production line is designed and developed by Junyu Company for customers.providing a complete set of automated equipment from dough making, molding, baking, and packaging. This series of production lines can produce various types of biscuit according to customers&#8217; biscuit and process require, by changing molds and various types of energy tunnel ovens, and using different formula processes.<\/p>","protected":false},"featured_media":4994,"comment_status":"open","ping_status":"closed","template":"","meta":[],"product_brand":[],"product_cat":[95],"product_tag":[],"class_list":{"0":"post-4985","1":"product","2":"type-product","3":"status-publish","4":"has-post-thumbnail","6":"product_cat-biscuit-machine","8":"first","9":"instock","10":"shipping-taxable","11":"product-type-simple"},"_links":{"self":[{"href":"https:\/\/www.jymachinetech.com\/vi\/wp-json\/wp\/v2\/product\/4985","targetHints":{"allow":["GET"]}}],"collection":[{"href":"https:\/\/www.jymachinetech.com\/vi\/wp-json\/wp\/v2\/product"}],"about":[{"href":"https:\/\/www.jymachinetech.com\/vi\/wp-json\/wp\/v2\/types\/product"}],"replies":[{"embeddable":true,"href":"https:\/\/www.jymachinetech.com\/vi\/wp-json\/wp\/v2\/comments?post=4985"}],"version-history":[{"count":1,"href":"https:\/\/www.jymachinetech.com\/vi\/wp-json\/wp\/v2\/product\/4985\/revisions"}],"predecessor-version":[{"id":6929,"href":"https:\/\/www.jymachinetech.com\/vi\/wp-json\/wp\/v2\/product\/4985\/revisions\/6929"}],"wp:featuredmedia":[{"embeddable":true,"href":"https:\/\/www.jymachinetech.com\/vi\/wp-json\/wp\/v2\/media\/4994"}],"wp:attachment":[{"href":"https:\/\/www.jymachinetech.com\/vi\/wp-json\/wp\/v2\/media?parent=4985"}],"wp:term":[{"taxonomy":"product_brand","embeddable":true,"href":"https:\/\/www.jymachinetech.com\/vi\/wp-json\/wp\/v2\/product_brand?post=4985"},{"taxonomy":"product_cat","embeddable":true,"href":"https:\/\/www.jymachinetech.com\/vi\/wp-json\/wp\/v2\/product_cat?post=4985"},{"taxonomy":"product_tag","embeddable":true,"href":"https:\/\/www.jymachinetech.com\/vi\/wp-json\/wp\/v2\/product_tag?post=4985"}],"curies":[{"name":"wp","href":"https:\/\/api.w.org\/{rel}","templated":true}]}}