{"id":4751,"date":"2024-11-13T02:08:21","date_gmt":"2024-11-13T02:08:21","guid":{"rendered":"https:\/\/www.jymachinetech.com\/?post_type=product&#038;p=4751"},"modified":"2025-07-25T06:06:54","modified_gmt":"2025-07-25T06:06:54","slug":"industrial-pancake-production-line","status":"publish","type":"product","link":"https:\/\/www.jymachinetech.com\/vi\/product\/industrial-pancake-production-line\/","title":{"rendered":"HOW TO MAKE SANDWICH PANCAKES  Industrial pancake production Line"},"content":{"rendered":"<p><img fetchpriority=\"high\" decoding=\"async\" class=\"alignnone size-full wp-image-4752\" src=\"https:\/\/www.jymachinetech.com\/wp-content\/uploads\/2024\/11\/\u53c2\u6570.png\" alt=\"\" width=\"746\" height=\"163\" srcset=\"https:\/\/www.jymachinetech.com\/wp-content\/uploads\/2024\/11\/\u53c2\u6570.png 746w, https:\/\/www.jymachinetech.com\/wp-content\/uploads\/2024\/11\/\u53c2\u6570-18x4.png 18w, https:\/\/www.jymachinetech.com\/wp-content\/uploads\/2024\/11\/\u53c2\u6570-600x131.png 600w\" sizes=\"(max-width: 746px) 100vw, 746px\" \/><\/p>\n<p>Sandwich pancake systems are composed of two connected machines. The pancake griddle and sandwiching machine run independently but\u00a0are fully synchronized.<\/p>\n<p>For baking, we use a reinforced copper plate. The extraordinary heat retention capacity produces a very smooth pancake surface.Both gas and electricity can be used as a heat source to bake the products. By changing the speed of the griddle and the position of the depositor the baking time can be adjusted. A top-mounted heater on the pancake production system cooks the pancake from the top before flipping.The positions of both the top-mounted heater and flipper can also be fine-tuned to suit different recipes. Below the dorayaki production machine, debris is removed from the griddle plates and oil is applied to ensure the pancakes are released properly.<\/p>\n<p>The sandwiching machine first aligns the products arriving from the pancake machine and\u00a0then turns half of the pancake rows over to apply the filling. The other row of pancakes is not turned, they remain face up to allow printing. Finally, the pancake is ready for sandwiching and will be sealed to keep the filling in. The sealing unit can<\/p>\n<p>either close the pancake keeping the filling inside or just sandwich it, leaving the edges open.<\/p>\n<p><img decoding=\"async\" class=\"alignnone size-full wp-image-4753\" src=\"https:\/\/www.jymachinetech.com\/wp-content\/uploads\/2024\/11\/1.jpg\" alt=\"\" width=\"800\" height=\"800\" srcset=\"https:\/\/www.jymachinetech.com\/wp-content\/uploads\/2024\/11\/1.jpg 800w, https:\/\/www.jymachinetech.com\/wp-content\/uploads\/2024\/11\/1-12x12.jpg 12w, https:\/\/www.jymachinetech.com\/wp-content\/uploads\/2024\/11\/1-300x300.jpg 300w, https:\/\/www.jymachinetech.com\/wp-content\/uploads\/2024\/11\/1-600x600.jpg 600w, https:\/\/www.jymachinetech.com\/wp-content\/uploads\/2024\/11\/1-100x100.jpg 100w\" sizes=\"(max-width: 800px) 100vw, 800px\" \/> <img decoding=\"async\" class=\"alignnone size-full wp-image-4754\" src=\"https:\/\/www.jymachinetech.com\/wp-content\/uploads\/2024\/11\/2.jpg\" alt=\"\" width=\"800\" height=\"800\" srcset=\"https:\/\/www.jymachinetech.com\/wp-content\/uploads\/2024\/11\/2.jpg 800w, https:\/\/www.jymachinetech.com\/wp-content\/uploads\/2024\/11\/2-12x12.jpg 12w, https:\/\/www.jymachinetech.com\/wp-content\/uploads\/2024\/11\/2-300x300.jpg 300w, https:\/\/www.jymachinetech.com\/wp-content\/uploads\/2024\/11\/2-600x600.jpg 600w, https:\/\/www.jymachinetech.com\/wp-content\/uploads\/2024\/11\/2-100x100.jpg 100w\" sizes=\"(max-width: 800px) 100vw, 800px\" \/> <img loading=\"lazy\" decoding=\"async\" class=\"alignnone size-full wp-image-4755\" src=\"https:\/\/www.jymachinetech.com\/wp-content\/uploads\/2024\/11\/3.jpg\" alt=\"\" width=\"800\" height=\"800\" srcset=\"https:\/\/www.jymachinetech.com\/wp-content\/uploads\/2024\/11\/3.jpg 800w, https:\/\/www.jymachinetech.com\/wp-content\/uploads\/2024\/11\/3-12x12.jpg 12w, https:\/\/www.jymachinetech.com\/wp-content\/uploads\/2024\/11\/3-300x300.jpg 300w, https:\/\/www.jymachinetech.com\/wp-content\/uploads\/2024\/11\/3-600x600.jpg 600w, https:\/\/www.jymachinetech.com\/wp-content\/uploads\/2024\/11\/3-100x100.jpg 100w\" sizes=\"(max-width: 800px) 100vw, 800px\" \/> <img loading=\"lazy\" decoding=\"async\" class=\"alignnone size-full wp-image-4756\" src=\"https:\/\/www.jymachinetech.com\/wp-content\/uploads\/2024\/11\/4.jpg\" alt=\"\" width=\"800\" height=\"800\" srcset=\"https:\/\/www.jymachinetech.com\/wp-content\/uploads\/2024\/11\/4.jpg 800w, https:\/\/www.jymachinetech.com\/wp-content\/uploads\/2024\/11\/4-12x12.jpg 12w, https:\/\/www.jymachinetech.com\/wp-content\/uploads\/2024\/11\/4-300x300.jpg 300w, https:\/\/www.jymachinetech.com\/wp-content\/uploads\/2024\/11\/4-600x600.jpg 600w, https:\/\/www.jymachinetech.com\/wp-content\/uploads\/2024\/11\/4-100x100.jpg 100w\" sizes=\"(max-width: 800px) 100vw, 800px\" \/> <img loading=\"lazy\" decoding=\"async\" class=\"alignnone size-full wp-image-4757\" src=\"https:\/\/www.jymachinetech.com\/wp-content\/uploads\/2024\/11\/4e0c80907e7580f6e8053d5be0b6139.jpg\" alt=\"\" width=\"1279\" height=\"1706\" srcset=\"https:\/\/www.jymachinetech.com\/wp-content\/uploads\/2024\/11\/4e0c80907e7580f6e8053d5be0b6139.jpg 1279w, https:\/\/www.jymachinetech.com\/wp-content\/uploads\/2024\/11\/4e0c80907e7580f6e8053d5be0b6139-9x12.jpg 9w, https:\/\/www.jymachinetech.com\/wp-content\/uploads\/2024\/11\/4e0c80907e7580f6e8053d5be0b6139-600x800.jpg 600w\" sizes=\"(max-width: 1279px) 100vw, 1279px\" \/> <img loading=\"lazy\" decoding=\"async\" class=\"alignnone size-full wp-image-4758\" src=\"https:\/\/www.jymachinetech.com\/wp-content\/uploads\/2024\/11\/5.jpg\" alt=\"\" width=\"800\" height=\"800\" srcset=\"https:\/\/www.jymachinetech.com\/wp-content\/uploads\/2024\/11\/5.jpg 800w, https:\/\/www.jymachinetech.com\/wp-content\/uploads\/2024\/11\/5-12x12.jpg 12w, https:\/\/www.jymachinetech.com\/wp-content\/uploads\/2024\/11\/5-300x300.jpg 300w, https:\/\/www.jymachinetech.com\/wp-content\/uploads\/2024\/11\/5-600x600.jpg 600w, https:\/\/www.jymachinetech.com\/wp-content\/uploads\/2024\/11\/5-100x100.jpg 100w\" sizes=\"(max-width: 800px) 100vw, 800px\" \/> <img loading=\"lazy\" decoding=\"async\" class=\"alignnone size-full wp-image-4759\" src=\"https:\/\/www.jymachinetech.com\/wp-content\/uploads\/2024\/11\/6.jpg\" alt=\"\" width=\"800\" height=\"800\" srcset=\"https:\/\/www.jymachinetech.com\/wp-content\/uploads\/2024\/11\/6.jpg 800w, https:\/\/www.jymachinetech.com\/wp-content\/uploads\/2024\/11\/6-12x12.jpg 12w, https:\/\/www.jymachinetech.com\/wp-content\/uploads\/2024\/11\/6-300x300.jpg 300w, https:\/\/www.jymachinetech.com\/wp-content\/uploads\/2024\/11\/6-600x600.jpg 600w, https:\/\/www.jymachinetech.com\/wp-content\/uploads\/2024\/11\/6-100x100.jpg 100w\" sizes=\"(max-width: 800px) 100vw, 800px\" \/> <img loading=\"lazy\" decoding=\"async\" class=\"alignnone size-full wp-image-4760\" src=\"https:\/\/www.jymachinetech.com\/wp-content\/uploads\/2024\/11\/7.jpg\" alt=\"\" width=\"800\" height=\"800\" srcset=\"https:\/\/www.jymachinetech.com\/wp-content\/uploads\/2024\/11\/7.jpg 800w, https:\/\/www.jymachinetech.com\/wp-content\/uploads\/2024\/11\/7-12x12.jpg 12w, https:\/\/www.jymachinetech.com\/wp-content\/uploads\/2024\/11\/7-300x300.jpg 300w, https:\/\/www.jymachinetech.com\/wp-content\/uploads\/2024\/11\/7-600x600.jpg 600w, https:\/\/www.jymachinetech.com\/wp-content\/uploads\/2024\/11\/7-100x100.jpg 100w\" sizes=\"(max-width: 800px) 100vw, 800px\" \/> <img loading=\"lazy\" decoding=\"async\" class=\"alignnone size-full wp-image-4761\" src=\"https:\/\/www.jymachinetech.com\/wp-content\/uploads\/2024\/11\/8.jpg\" alt=\"\" width=\"800\" height=\"800\" srcset=\"https:\/\/www.jymachinetech.com\/wp-content\/uploads\/2024\/11\/8.jpg 800w, https:\/\/www.jymachinetech.com\/wp-content\/uploads\/2024\/11\/8-12x12.jpg 12w, https:\/\/www.jymachinetech.com\/wp-content\/uploads\/2024\/11\/8-300x300.jpg 300w, https:\/\/www.jymachinetech.com\/wp-content\/uploads\/2024\/11\/8-600x600.jpg 600w, https:\/\/www.jymachinetech.com\/wp-content\/uploads\/2024\/11\/8-100x100.jpg 100w\" sizes=\"(max-width: 800px) 100vw, 800px\" \/> <img loading=\"lazy\" decoding=\"async\" class=\"alignnone size-full wp-image-4762\" src=\"https:\/\/www.jymachinetech.com\/wp-content\/uploads\/2024\/11\/48bd140d3c49be97d6287c711fef975.jpg\" alt=\"\" width=\"1706\" height=\"1279\" srcset=\"https:\/\/www.jymachinetech.com\/wp-content\/uploads\/2024\/11\/48bd140d3c49be97d6287c711fef975.jpg 1706w, https:\/\/www.jymachinetech.com\/wp-content\/uploads\/2024\/11\/48bd140d3c49be97d6287c711fef975-16x12.jpg 16w, https:\/\/www.jymachinetech.com\/wp-content\/uploads\/2024\/11\/48bd140d3c49be97d6287c711fef975-600x450.jpg 600w\" sizes=\"(max-width: 1706px) 100vw, 1706px\" \/> <img loading=\"lazy\" decoding=\"async\" class=\"alignnone size-full wp-image-4763\" src=\"https:\/\/www.jymachinetech.com\/wp-content\/uploads\/2024\/11\/8130711c6fa1063f57ecfce3912f3a4.jpg\" alt=\"\" width=\"1706\" height=\"1279\" srcset=\"https:\/\/www.jymachinetech.com\/wp-content\/uploads\/2024\/11\/8130711c6fa1063f57ecfce3912f3a4.jpg 1706w, https:\/\/www.jymachinetech.com\/wp-content\/uploads\/2024\/11\/8130711c6fa1063f57ecfce3912f3a4-16x12.jpg 16w, https:\/\/www.jymachinetech.com\/wp-content\/uploads\/2024\/11\/8130711c6fa1063f57ecfce3912f3a4-600x450.jpg 600w\" sizes=\"(max-width: 1706px) 100vw, 1706px\" \/><\/p>","protected":false},"excerpt":{"rendered":"<p>H\u1ec7 th\u1ed1ng b\u00e1nh pancake sandwich g\u1ed3m hai m\u00e1y li\u00ean k\u1ebft v\u1edbi nhau. B\u1ebfp n\u01b0\u1edbng b\u00e1nh pancake v\u00e0 m\u00e1y gh\u00e9p sandwich ho\u1ea1t \u0111\u1ed9ng \u0111\u1ed9c l\u1eadp nh\u01b0ng \u0111\u01b0\u1ee3c \u0111\u1ed3ng b\u1ed9 ho\u00e0n to\u00e0n. \u0110\u1ec3 n\u01b0\u1edbng b\u00e1nh, ch\u00fang t\u00f4i s\u1eed d\u1ee5ng t\u1ea5m \u0111\u1ed3ng gia c\u1ed1. Kh\u1ea3 n\u0103ng gi\u1eef nhi\u1ec7t v\u01b0\u1ee3t tr\u1ed9i t\u1ea1o ra b\u1ec1 m\u1eb7t b\u00e1nh pancake r\u1ea5t m\u1ecbn. C\u1ea3 kh\u00ed gas v\u00e0 \u0111i\u1ec7n \u0111\u1ec1u c\u00f3 th\u1ec3 \u0111\u01b0\u1ee3c s\u1eed d\u1ee5ng l\u00e0m ngu\u1ed3n nhi\u1ec7t \u0111\u1ec3 n\u01b0\u1edbng s\u1ea3n ph\u1ea9m. B\u1eb1ng c\u00e1ch thay \u0111\u1ed5i [\u2026]<\/p>","protected":false},"featured_media":4762,"comment_status":"open","ping_status":"closed","template":"","meta":[],"product_brand":[],"product_cat":[15],"product_tag":[],"class_list":{"0":"post-4751","1":"product","2":"type-product","3":"status-publish","4":"has-post-thumbnail","6":"product_cat-bakery-equipment","8":"first","9":"instock","10":"shipping-taxable","11":"product-type-simple"},"_links":{"self":[{"href":"https:\/\/www.jymachinetech.com\/vi\/wp-json\/wp\/v2\/product\/4751","targetHints":{"allow":["GET"]}}],"collection":[{"href":"https:\/\/www.jymachinetech.com\/vi\/wp-json\/wp\/v2\/product"}],"about":[{"href":"https:\/\/www.jymachinetech.com\/vi\/wp-json\/wp\/v2\/types\/product"}],"replies":[{"embeddable":true,"href":"https:\/\/www.jymachinetech.com\/vi\/wp-json\/wp\/v2\/comments?post=4751"}],"version-history":[{"count":1,"href":"https:\/\/www.jymachinetech.com\/vi\/wp-json\/wp\/v2\/product\/4751\/revisions"}],"predecessor-version":[{"id":7210,"href":"https:\/\/www.jymachinetech.com\/vi\/wp-json\/wp\/v2\/product\/4751\/revisions\/7210"}],"wp:featuredmedia":[{"embeddable":true,"href":"https:\/\/www.jymachinetech.com\/vi\/wp-json\/wp\/v2\/media\/4762"}],"wp:attachment":[{"href":"https:\/\/www.jymachinetech.com\/vi\/wp-json\/wp\/v2\/media?parent=4751"}],"wp:term":[{"taxonomy":"product_brand","embeddable":true,"href":"https:\/\/www.jymachinetech.com\/vi\/wp-json\/wp\/v2\/product_brand?post=4751"},{"taxonomy":"product_cat","embeddable":true,"href":"https:\/\/www.jymachinetech.com\/vi\/wp-json\/wp\/v2\/product_cat?post=4751"},{"taxonomy":"product_tag","embeddable":true,"href":"https:\/\/www.jymachinetech.com\/vi\/wp-json\/wp\/v2\/product_tag?post=4751"}],"curies":[{"name":"wp","href":"https:\/\/api.w.org\/{rel}","templated":true}]}}