{"id":1824,"date":"2024-01-19T08:54:33","date_gmt":"2024-01-19T08:54:33","guid":{"rendered":"https:\/\/www.jymachinetech.com\/?post_type=product&#038;p=1824"},"modified":"2025-07-09T09:29:08","modified_gmt":"2025-07-09T09:29:08","slug":"gummy-candy-prodcution-line","status":"publish","type":"product","link":"https:\/\/www.jymachinetech.com\/vi\/product\/gummy-candy-prodcution-line\/","title":{"rendered":"D\u00e2y chuy\u1ec1n s\u1ea3n xu\u1ea5t k\u1eb9o d\u1ebbo"},"content":{"rendered":"<h2>D\u00e2y chuy\u1ec1n s\u1ea3n xu\u1ea5t k\u1eb9o d\u1ebbo t\u1ef1 \u0111\u1ed9ng: 8.000-768.000 C\u00e1i\/gi\u1edd 4m\/13ft \u0111\u1ebfn 16m\/53ft<\/h2>\n<p>Thi\u1ebft k\u1ebf cho s\u1ea3n xu\u1ea5t s\u1ed1 l\u01b0\u1ee3ng l\u1edbn, D\u00e2y chuy\u1ec1n s\u1ea3n xu\u1ea5t k\u1eb9o d\u1ebbo t\u1ef1 \u0111\u1ed9ng c\u1ee7a ch\u00fang t\u00f4i ph\u00f9 h\u1ee3p cho c\u00e1c doanh nghi\u1ec7p mu\u1ed1n s\u1ea3n xu\u1ea5t 12.000-21.000 vi\u00ean m\u1ed7i gi\u1edd. D\u00e2y chuy\u1ec1n hi\u1ec7n \u0111\u1ea1i n\u00e0y \u0111\u01b0\u1ee3c trang b\u1ecb \u0111\u1ec3 x\u1eed l\u00fd c\u00e1c c\u00f4ng th\u1ee9c k\u1eb9o d\u1ebbo kh\u00e1c nhau, bao g\u1ed3m c\u00e1c s\u1ea3n ph\u1ea9m d\u1ef1a tr\u00ean Pectin v\u00e0 Gelatin, v\u1edbi cam k\u1ebft v\u1ec1 ch\u1ea5t l\u01b0\u1ee3ng, hi\u1ec7u qu\u1ea3 v\u00e0 linh ho\u1ea1t.<\/p>\n<p><iframe title=\"D\u00e2y chuy\u1ec1n s\u1ea3n xu\u1ea5t k\u1eb9o d\u1ebbo l\u00e0m k\u1eb9o jelly kh\u1ed5ng l\u1ed3 v\u1edbi gi\u00e1 nh\u00e0 m\u00e1y\" width=\"800\" height=\"450\" src=\"https:\/\/www.youtube.com\/embed\/TtFjhTTotnw?list=PLkC9Irp2ZdYZuq0ZIGXF767bI8w8Jfy_9\" frameborder=\"0\" allow=\"accelerometer; autoplay; clipboard-write; encrypted-media; gyroscope; picture-in-picture; web-share\" referrerpolicy=\"strict-origin-when-cross-origin\" allowfullscreen><\/iframe><\/p>\n<h2><strong>C\u00e1c T\u00ednh N\u0103ng &amp; L\u1ee3i \u00cdch Ch\u00ednh:<\/strong><\/h2>\n<ul>\n<li><strong>S\u1ea3n l\u01b0\u1ee3ng c\u00f4ng su\u1ea5t cao:<\/strong> Nhi\u1ec1u m\u1eabu m\u00e3 (JY-40 \u0111\u1ebfn JY-1500) \u0111\u1ec3 l\u1ef1a ch\u1ecdn, \u0111\u1ea3m b\u1ea3o ph\u00f9 h\u1ee3p ho\u00e0n h\u1ea3o v\u1edbi nhu c\u1ea7u s\u1ea3n xu\u1ea5t c\u1ee7a b\u1ea1n, t\u1eeb 8.000 \u0111\u1ebfn 768.000 vi\u00ean m\u1ed7i gi\u1edd.<\/li>\n<li><strong>T\u00edch h\u1ee3p h\u1ec7 th\u1ed1ng nh\u00e0 b\u1ebfp:<\/strong> H\u1ec7 th\u1ed1ng t\u1ea5t c\u1ea3 trong m\u1ed9t \u0111\u1ec3 h\u00f2a tan nguy\u00ean li\u1ec7u, tr\u1ed9n v\u00e0 ti\u1ec1n n\u1ea5u siro, thi\u1ebft k\u1ebf \u0111\u1ec3 duy tr\u00ec nhi\u1ec7t \u0111\u1ed9 \u1ed5n \u0111\u1ecbnh cho c\u00e1c gi\u1ea3i ph\u00e1p k\u1eb9o v\u00e0 \u0111\u1ed3 u\u1ed1ng kh\u00e1c nhau.<\/li>\n<li><strong>H\u1ec7 th\u1ed1ng n\u1ea5u \u0103n m\u1ed9t b\u01b0\u1edbc:<\/strong> C\u00f3 b\u00ecnh ch\u1ee9a nhi\u1ec1u l\u1edbp v\u1edbi \u0111i\u1ec1u ch\u1ec9nh nhi\u1ec7t \u0111\u1ed9, l\u00fd t\u01b0\u1edfng cho s\u1ea3n xu\u1ea5t li\u00ean t\u1ee5c v\u00e0 d\u1ef1 tr\u1eef c\u00e1c lo\u1ea1i Pectin ho\u1eb7c Gelatin kh\u00e1c nhau.<\/li>\n<li><strong>C\u00f4ng ngh\u1ec7 nghi\u1ec1n v\u00e0 n\u1ea5u ti\u00ean ti\u1ebfn:<\/strong> M\u00e1y \u0111i k\u00e8m h\u1ec7 th\u1ed1ng \u0111i\u1ec1u khi\u1ec3n \u0111\u1ed9c l\u1eadp, c\u00e0i \u0111\u1eb7t nhi\u1ec7t \u0111\u1ed9, khu\u1ea5y tr\u1ed9n b\u1eb1ng th\u00e9p kh\u00f4ng g\u1ec9, m\u00e1y \u0111\u1ed3ng h\u00f3a v\u00e0 c\u00e1c t\u00ednh n\u0103ng ti\u00ean ti\u1ebfn kh\u00e1c \u0111\u1ec3 t\u1ed1i \u01b0u h\u00f3a qu\u00e1 tr\u00ecnh s\u1ea3n xu\u1ea5t k\u1eb9o.<\/li>\n<li><strong>Ho\u00e0n to\u00e0n t\u1ef1 \u0111\u1ed9ng:<\/strong> H\u1ec7 th\u1ed1ng c\u1ea5p li\u1ec7u t\u1ef1 \u0111\u1ed9ng, \u0111i\u1ec1u khi\u1ec3n khu\u00f4n, \u0111\u1ed5 khu\u00f4n, th\u00e1o khu\u00f4n v\u00e0 l\u00e0m l\u1ea1nh \u0111\u1ea3m b\u1ea3o qu\u00e1 tr\u00ecnh s\u1ea3n xu\u1ea5t li\u1ec1n m\u1ea1ch v\u1edbi \u00edt can thi\u1ec7p th\u1ee7 c\u00f4ng.<\/li>\n<li><strong>Thi\u1ebft K\u1ebf Modular:<\/strong> L\u1eafp \u0111\u1eb7t v\u00e0 th\u00e1o r\u1eddi d\u1ec5 d\u00e0ng \u0111\u1ec3 thi\u1ebft l\u1eadp nhanh ch\u00f3ng v\u00e0 b\u1ea3o tr\u00ec, t\u1eadp trung v\u00e0o modular h\u00f3a \u0111\u1ec3 ti\u1ebft ki\u1ec7m th\u1eddi gian l\u1eafp \u0111\u1eb7t.<\/li>\n<li><strong>\u0110a d\u1ea1ng:<\/strong> C\u00f3 kh\u1ea3 n\u0103ng s\u1ea3n xu\u1ea5t nhi\u1ec1u lo\u1ea1i k\u1eb9o d\u1ebbo kh\u00e1c nhau, bao g\u1ed3m k\u1eb9o d\u1ebbo h\u00ecnh g\u1ea5u, v\u00e0 th\u00edch \u1ee9ng v\u1edbi c\u00e1c c\u00f4ng th\u1ee9c kh\u00e1c nhau, k\u1ec3 c\u1ea3 k\u1eb9o c\u00f3 ch\u1ee9a CBD.<\/li>\n<li><strong>T\u00f9y ch\u1ec9nh &amp; Tu\u00e2n th\u1ee7:<\/strong> M\u00e1y m\u00f3c c\u00f3 th\u1ec3 t\u00f9y ch\u1ec9nh \u0111\u1ec3 \u0111\u00e1p \u1ee9ng c\u00e1c y\u00eau c\u1ea7u v\u1ec1 \u0111i\u1ec7n \u00e1p v\u00e0 d\u00f2ng \u0111i\u1ec7n c\u1ee5 th\u1ec3 v\u00e0 \u0111i k\u00e8m c\u00e1c ch\u1ee9ng nh\u1eadn nh\u01b0 CE \u0111\u1ec3 gi\u00fap v\u01b0\u1ee3t qua c\u00e1c ti\u00eau chu\u1ea9n FDA v\u00e0 GMP.<\/li>\n<li><strong>V\u1eadn h\u00e0nh th\u00e2n thi\u1ec7n v\u1edbi ng\u01b0\u1eddi d\u00f9ng:<\/strong> C\u00f3 m\u00e0n h\u00ecnh k\u1ef9 thu\u1eadt s\u1ed1 v\u00e0 c\u1ea3m \u1ee9ng \u0111\u1ec3 \u0111i\u1ec1u ch\u1ec9nh nhi\u1ec7t \u0111\u1ed9 v\u00e0 tr\u1ecdng l\u01b0\u1ee3ng d\u1ec5 d\u00e0ng, ph\u00f9 h\u1ee3p cho ng\u01b0\u1eddi m\u1edbi b\u1eaft \u0111\u1ea7u ho\u1eb7c kh\u00f4ng c\u00f3 kinh nghi\u1ec7m tr\u01b0\u1edbc \u0111\u00f3.<\/li>\n<li><strong>H\u1ed7 tr\u1ee3 &amp; D\u1ecbch v\u1ee5:<\/strong> H\u1ed7 tr\u1ee3 to\u00e0n di\u1ec7n t\u1eeb thi\u1ebft k\u1ebf c\u00f4ng th\u1ee9c \u0111\u1ebfn h\u1ed7 tr\u1ee3 s\u1ea3n ph\u1ea9m, \u0111\u1ea3m b\u1ea3o qu\u00e1 tr\u00ecnh chuy\u1ec3n \u0111\u1ed5i sang s\u1ea3n xu\u1ea5t k\u1eb9o d\u1ebbo di\u1ec5n ra su\u00f4n s\u1ebb.<\/li>\n<\/ul>\n<h2><strong>Th\u00f4ng s\u1ed1 k\u1ef9 thu\u1eadt:<\/strong><\/h2>\n<ul>\n<li><strong>Ph\u1ea1m vi c\u00f4ng su\u1ea5t:<\/strong>\u00a08.000-768.000 C\u00e1i\/gi\u1edd, t\u00f9y theo m\u1eabu m\u00e1y.<\/li>\n<li><strong>Chi\u1ec1u d\u00e0i:<\/strong>\u00a013ft\/4m \u0111\u1ebfn 53ft\/16m, ph\u00f9 h\u1ee3p v\u1edbi nhi\u1ec1u y\u00eau c\u1ea7u kh\u00f4ng gian s\u1ea3n xu\u1ea5t kh\u00e1c nhau.<\/li>\n<li><strong>H\u1ec7 th\u1ed1ng \u0111i\u1ec1u khi\u1ec3n:<\/strong>\u00a0\u0110\u1ed9c l\u1eadp v\u1edbi m\u00e0n h\u00ecnh k\u1ef9 thu\u1eadt s\u1ed1 v\u00e0 giao di\u1ec7n c\u1ea3m \u1ee9ng.<\/li>\n<li><strong>Ch\u1ea5t li\u1ec7u:<\/strong>\u00a0Khung b\u1eb1ng th\u00e9p kh\u00f4ng g\u1ec9 \u0111\u1ec3 b\u1ec1n b\u1ec9 v\u00e0 v\u1ec7 sinh.<\/li>\n<li><strong>T\u00ednh n\u0103ng an to\u00e0n:<\/strong>\u00a0Bao g\u1ed3m ch\u1ee9c n\u0103ng d\u1eebng kh\u1ea9n c\u1ea5p v\u00e0 c\u00e1c thi\u1ebft b\u1ecb b\u1ea3o v\u1ec7 an to\u00e0n.<\/li>\n<\/ul>\n<h2><strong>\u1ee8ng d\u1ee5ng:<\/strong><\/h2>\n<ul>\n<li>Ph\u00f9 h\u1ee3p \u0111\u1ec3 s\u1ea3n xu\u1ea5t g\u1ea5u k\u1eb9o d\u1ebbo, k\u1eb9o c\u00f3 ch\u1ee9a CBD, k\u1eb9o taffy, k\u1eb9o m\u00fat v\u00e0 c\u00e1c lo\u1ea1i k\u1eb9o d\u1ebbo kh\u00e1c.<\/li>\n<\/ul>\n<h2><strong>H\u1ed7 tr\u1ee3 kh\u00e1ch h\u00e0ng &amp; D\u1ecbch v\u1ee5<\/strong><\/h2>\n<ul>\n<li><strong>L\u1eafp \u0111\u1eb7t chuy\u00ean nghi\u1ec7p:<\/strong>\u00a0L\u1eafp \u0111\u1eb7t v\u00e0 c\u00e0i \u0111\u1eb7t t\u1ea1i ch\u1ed7 b\u1edfi \u0111\u1ed9i ng\u0169 k\u1ef9 thu\u1eadt c\u1ee7a ch\u00fang t\u00f4i.<\/li>\n<li><strong>\u0110\u00e0o t\u1ea1o:<\/strong>\u00a0\u0110\u00e0o t\u1ea1o to\u00e0n di\u1ec7n cho nh\u00e2n vi\u00ean v\u1eadn h\u00e0nh \u0111\u1ec3 \u0111\u1ea3m b\u1ea3o v\u1eadn h\u00e0nh m\u00e1y hi\u1ec7u qu\u1ea3.<\/li>\n<li><strong>D\u1ecbch v\u1ee5 h\u1eadu m\u00e3i:<\/strong>\u00a0Trung t\u00e2m ph\u1ee5 t\u00f9ng ho\u1ea1t \u0111\u1ed9ng 24\/7 v\u00e0 h\u1ed7 tr\u1ee3 k\u1ef9 thu\u1eadt \u0111\u1ecba ph\u01b0\u01a1ng \u0111\u1ec3 h\u1ed7 tr\u1ee3 k\u1ecbp th\u1eddi.<\/li>\n<li><strong>D\u1ecbch V\u1ee5 Thi\u1ebft K\u1ebf:<\/strong>\u00a0Thi\u1ebft k\u1ebf b\u1ed1 c\u1ee5c nh\u00e0 m\u00e1y mi\u1ec5n ph\u00ed, m\u1eabu h\u00ecnh d\u1ea1ng t\u00f9y ch\u1ec9nh v\u00e0 thi\u1ebft k\u1ebf c\u00f4ng th\u1ee9c s\u1ea3n ph\u1ea9m.<\/li>\n<\/ul>\n<p><strong>Gi\u00e1 c\u1ea3 v\u00e0 kh\u1ea3 n\u0103ng cung c\u1ea5p:<\/strong> Li\u00ean h\u1ec7 \u0111\u1ed9i ng\u0169 b\u00e1n h\u00e0ng c\u1ee7a ch\u00fang t\u00f4i \u0111\u1ec3 nh\u1eadn b\u00e1o gi\u00e1 chi ti\u1ebft v\u00e0 th\u00f4ng tin v\u1ec1 kh\u1ea3 n\u0103ng cung c\u1ea5p d\u00e2y chuy\u1ec1n s\u1ea3n xu\u1ea5t k\u1eb9o d\u1ebbo t\u1ef1 \u0111\u1ed9ng.<\/p>\n<h2><strong>T\u1ea1i sao ch\u1ecdn d\u00e2y chuy\u1ec1n s\u1ea3n xu\u1ea5t k\u1eb9o d\u1ebbo c\u1ee7a ch\u00fang t\u00f4i?<\/strong><\/h2>\n<ul>\n<li><strong>\u0110\u1ed9i ng\u0169 d\u1ecbch v\u1ee5 qu\u1ed1c t\u1ebf:<\/strong>\u00a0Cung c\u1ea5p h\u1ed7 tr\u1ee3 to\u00e0n c\u1ea7u v\u00e0 d\u1ecbch v\u1ee5 \u0111\u1ecba ph\u01b0\u01a1ng.<\/li>\n<li><strong>B\u1ea3o tr\u00ec m\u00e1y m\u00f3c \u0111\u1ed9ng v\u1eadt:<\/strong>\u00a0\u0110\u1ea3m b\u1ea3o tu\u1ed5i th\u1ecd v\u00e0 hi\u1ec7u su\u1ea5t c\u1ee7a m\u00e1y m\u00f3c c\u1ee7a b\u1ea1n.<\/li>\n<li><strong>D\u1ecbch v\u1ee5 mi\u1ec5n ph\u00ed:<\/strong>\u00a0Bao g\u1ed3m thi\u1ebft k\u1ebf b\u1ed1 tr\u00ed nh\u00e0 m\u00e1y, m\u1eabu h\u00ecnh d\u1ea1ng t\u00f9y ch\u1ec9nh v\u00e0 thi\u1ebft k\u1ebf c\u00f4ng th\u1ee9c s\u1ea3n ph\u1ea9m.<\/li>\n<li><strong>Hi\u1ec3n th\u1ecb 3D:<\/strong>\u00a0Cung c\u1ea5p chuy\u1ebfn tham quan \u1ea3o v\u1ec1 s\u01a1 \u0111\u1ed3 thi\u1ebft b\u1ecb \u0111\u1ec3 hi\u1ec3u r\u00f5 h\u01a1n v\u00e0 l\u1eadp k\u1ebf ho\u1ea1ch.<\/li>\n<li><strong>Chuy\u1ebfn tham quan nh\u00e0 m\u00e1y kh\u00e1ch h\u00e0ng:<\/strong>\u00a0Ch\u1ee9ng ki\u1ebfn tr\u1ef1c ti\u1ebfp qu\u00e1 tr\u00ecnh s\u1ea3n xu\u1ea5t v\u00e0 hi\u1ec7u su\u1ea5t m\u00e1y m\u00f3c.<\/li>\n<\/ul>","protected":false},"excerpt":{"rendered":"<ul>\n<li>Ho\u1ea1t \u0111\u1ed9ng \u0111\u01a1n gi\u1ea3n<\/li>\n<li>Gi\u00e1 c\u1ea3 h\u1ee3p l\u00fd<\/li>\n<li>C\u00e0i \u0111\u1eb7t \u0111i\u1ec1u h\u00f2a<\/li>\n<li>\u0110\u1ed5 servo<\/li>\n<li>\u0110i\u1ec1u khi\u1ec3n k\u00edch th\u01b0\u1edbc \u0111i\u1ec1u ch\u1ec9nh PLC<\/li>\n<li>Chuy\u1ec3n t\u1ef1 \u0111\u1ed9ng sang h\u1ec7 th\u1ed1ng l\u00e0m m\u00e1t \u0111a l\u1edbp<\/li>\n<li>Th\u00e1o khu\u00f4n v\u00e0 chuy\u1ec3n ra t\u1ef1 \u0111\u1ed9ng<\/li>\n<li>\u0110i\u1ec1u khi\u1ec3n nhi\u1ec7t \u0111\u1ed9 bi\u1ebfn \u0111\u1ed5i k\u1ef9 thu\u1eadt s\u1ed1<\/li>\n<li>Ph\u1ee5 t\u00f9ng thay th\u1ebf mi\u1ec5n ph\u00ed \u0111\u1ec3 b\u1ea3o tr\u00ec<\/li>\n<li>L\u1eafp r\u00e1p nhanh &amp; s\u1eed d\u1ee5ng nhanh h\u01a1n<\/li>\n<li>C\u1eeda s\u1ed5 nh\u00ecn th\u1ea5y b\u1ea3o v\u1ec7 s\u1ea3n xu\u1ea5t an to\u00e0n<\/li>\n<li>Thi\u1ebft k\u1ebf ti\u1ebft ki\u1ec7m kh\u00f4ng gian nh\u1ecf g\u1ecdn cho chi\u1ec1u d\u00e0i 13ft<\/li>\n<li>Thi\u1ebft k\u1ebf m\u00f4-\u0111un \u0111\u1ec3 l\u1eafp \u0111\u1eb7t nhanh h\u01a1n<\/li>\n<\/ul>","protected":false},"featured_media":4927,"comment_status":"closed","ping_status":"closed","template":"","meta":[],"product_brand":[],"product_cat":[16,98],"product_tag":[],"class_list":{"0":"post-1824","1":"product","2":"type-product","3":"status-publish","4":"has-post-thumbnail","6":"product_cat-candy-machine","7":"product_cat-gummy-candy-machine","9":"first","10":"instock","11":"shipping-taxable","12":"product-type-simple"},"_links":{"self":[{"href":"https:\/\/www.jymachinetech.com\/vi\/wp-json\/wp\/v2\/product\/1824","targetHints":{"allow":["GET"]}}],"collection":[{"href":"https:\/\/www.jymachinetech.com\/vi\/wp-json\/wp\/v2\/product"}],"about":[{"href":"https:\/\/www.jymachinetech.com\/vi\/wp-json\/wp\/v2\/types\/product"}],"replies":[{"embeddable":true,"href":"https:\/\/www.jymachinetech.com\/vi\/wp-json\/wp\/v2\/comments?post=1824"}],"version-history":[{"count":4,"href":"https:\/\/www.jymachinetech.com\/vi\/wp-json\/wp\/v2\/product\/1824\/revisions"}],"predecessor-version":[{"id":6944,"href":"https:\/\/www.jymachinetech.com\/vi\/wp-json\/wp\/v2\/product\/1824\/revisions\/6944"}],"wp:featuredmedia":[{"embeddable":true,"href":"https:\/\/www.jymachinetech.com\/vi\/wp-json\/wp\/v2\/media\/4927"}],"wp:attachment":[{"href":"https:\/\/www.jymachinetech.com\/vi\/wp-json\/wp\/v2\/media?parent=1824"}],"wp:term":[{"taxonomy":"product_brand","embeddable":true,"href":"https:\/\/www.jymachinetech.com\/vi\/wp-json\/wp\/v2\/product_brand?post=1824"},{"taxonomy":"product_cat","embeddable":true,"href":"https:\/\/www.jymachinetech.com\/vi\/wp-json\/wp\/v2\/product_cat?post=1824"},{"taxonomy":"product_tag","embeddable":true,"href":"https:\/\/www.jymachinetech.com\/vi\/wp-json\/wp\/v2\/product_tag?post=1824"}],"curies":[{"name":"wp","href":"https:\/\/api.w.org\/{rel}","templated":true}]}}