{"id":1638,"date":"2021-12-28T13:58:29","date_gmt":"2021-12-28T13:58:29","guid":{"rendered":"https:\/\/www.jymachinetech.com\/?post_type=product&#038;p=1638"},"modified":"2025-07-25T06:08:57","modified_gmt":"2025-07-25T06:08:57","slug":"bakery-equipment-cake-baking-mold","status":"publish","type":"product","link":"https:\/\/www.jymachinetech.com\/vi\/product\/bakery-equipment-cake-baking-mold\/","title":{"rendered":"Nh\u00e0 m\u00e1y khu\u00f4n b\u00e1nh | D\u00e2y chuy\u1ec1n s\u1ea3n xu\u1ea5t b\u00e1nh"},"content":{"rendered":"<h2>Nh\u00e0 m\u00e1y khu\u00f4n n\u01b0\u1edbng b\u00e1nh: \u0110\u1ed1i t\u00e1c c\u1ee7a b\u1ea1n trong s\u1ef1 xu\u1ea5t s\u1eafc c\u1ee7a vi\u1ec7c l\u00e0m b\u00e1nh<\/h2>\n<p><strong>T\u1ed5ng Quan S\u1ea3n Ph\u1ea9m:<\/strong> Nh\u00e0 m\u00e1y khu\u00f4n n\u01b0\u1edbng b\u00e1nh c\u1ee7a ch\u00fang t\u00f4i chuy\u00ean cung c\u1ea5p \u0111a d\u1ea1ng c\u00e1c lo\u1ea1i khu\u00f4n v\u00e0 khay n\u01b0\u1edbng thi\u1ebft k\u1ebf \u0111\u1ec3 \u0111\u00e1p \u1ee9ng nhu c\u1ea7u \u0111a d\u1ea1ng c\u1ee7a ng\u00e0nh c\u00f4ng nghi\u1ec7p b\u00e1nh. D\u00f9 b\u1ea1n l\u00e0m b\u00e1nh, b\u00e1nh m\u00ec, b\u00e1nh quy hay b\u00e1nh quy gi\u00f2n, ch\u00fang t\u00f4i c\u00f3 nhi\u1ec1u l\u1ef1a ch\u1ecdn ph\u00f9 h\u1ee3p v\u1edbi y\u00eau c\u1ea7u d\u00e2y chuy\u1ec1n s\u1ea3n xu\u1ea5t c\u1ee7a b\u1ea1n.<\/p>\n<p><iframe title=\"L\u00e0m th\u1ebf n\u00e0o \u0111\u1ec3 l\u00e0m b\u00e1nh? M\u00e1y l\u00e0m b\u00e1nh t\u1ef1 \u0111\u1ed9ng ho\u00e0n to\u00e0n d\u00e2y chuy\u1ec1n s\u1ea3n xu\u1ea5t b\u00e1nh v\u1edbi c\u00f4ng su\u1ea5t 1000kg\/h\" width=\"800\" height=\"600\" src=\"https:\/\/www.youtube.com\/embed\/15ysobg9fiA?feature=oembed\" frameborder=\"0\" allow=\"accelerometer; autoplay; clipboard-write; encrypted-media; gyroscope; picture-in-picture; web-share\" referrerpolicy=\"strict-origin-when-cross-origin\" allowfullscreen><\/iframe><\/p>\n<h2><strong>C\u00e1c t\u00ednh n\u0103ng &amp; \u01afu \u0111i\u1ec3m ch\u00ednh:<\/strong><\/h2>\n<ul>\n<li><strong>T\u00f9y ch\u1ec9nh:<\/strong> Ch\u00fang t\u00f4i cung c\u1ea5p khu\u00f4n n\u01b0\u1edbng t\u00f9y ch\u1ec9nh v\u1edbi nhi\u1ec1u h\u00ecnh d\u1ea1ng v\u00e0 tr\u1ecdng l\u01b0\u1ee3ng kh\u00e1c nhau \u0111\u1ec3 ph\u00f9 h\u1ee3p v\u1edbi thi\u1ebft k\u1ebf s\u1ea3n ph\u1ea9m c\u1ee7a b\u1ea1n.<\/li>\n<li><strong>L\u1ef1a ch\u1ecdn v\u1eadt li\u1ec7u:<\/strong> Ch\u1ecdn t\u1eeb h\u1ee3p kim nh\u00f4m ch\u1ea5t l\u01b0\u1ee3ng cao ph\u1ee7 Teflon ho\u1eb7c khu\u00f4n silicon \u0111\u1ec3 \u0111\u1ea1t hi\u1ec7u su\u1ea5t v\u01b0\u1ee3t tr\u1ed9i.<\/li>\n<li><strong>K\u00edch th\u01b0\u1edbc l\u1edbn:<\/strong> Khu\u00f4n c\u00f3 s\u1eb5n v\u1edbi k\u00edch th\u01b0\u1edbc nh\u01b0 400x600mm, ph\u00f9 h\u1ee3p cho nhu c\u1ea7u s\u1ea3n xu\u1ea5t quy m\u00f4 l\u1edbn.<\/li>\n<li><strong>\u0110a d\u1ea1ng:<\/strong> Khu\u00f4n c\u1ee7a ch\u00fang t\u00f4i \u0111\u01b0\u1ee3c thi\u1ebft k\u1ebf \u0111\u1ec3 t\u1ea1o ra c\u00e1c h\u00ecnh d\u1ea1ng b\u00e1nh kh\u00e1c nhau, n\u00e2ng cao \u0111a d\u1ea1ng s\u1ea3n ph\u1ea9m c\u1ee7a b\u1ea1n.<\/li>\n<li><strong>D\u1ec5 S\u1eed D\u1ee5ng:<\/strong> Cung c\u1ea5p gi\u1ea3i ph\u00e1p d\u1ec5 d\u00e0ng v\u00e0 s\u1ea1ch s\u1ebd cho qu\u00e1 tr\u00ecnh n\u01b0\u1edbng c\u1ee7a b\u1ea1n, \u0111\u1ea3m b\u1ea3o quy tr\u00ecnh l\u00e0m vi\u1ec7c s\u1ea1ch s\u1ebd v\u00e0 hi\u1ec7u qu\u1ea3.<\/li>\n<li><strong>Temperature Resistance:<\/strong> An to\u00e0n cho l\u00f2 n\u01b0\u1edbng \u0111\u1ebfn 280\u00b0C, \u0111\u1ea3m b\u1ea3o ph\u00f9 h\u1ee3p v\u1edbi c\u00e1c nhi\u1ec7t \u0111\u1ed9 n\u01b0\u1edbng kh\u00e1c nhau.<\/li>\n<li><strong>An to\u00e0n cho m\u00e1y r\u1eeda ch\u00e9n v\u00e0 t\u1ee7 \u0111\u00f4ng:<\/strong> An to\u00e0n khi s\u1eed d\u1ee5ng trong t\u1ee7 \u0111\u00f4ng v\u00e0 m\u00e1y r\u1eeda ch\u00e9n, gi\u00fap l\u01b0u tr\u1eef v\u00e0 l\u00e0m s\u1ea1ch d\u1ec5 d\u00e0ng.<\/li>\n<li><strong>Kh\u00f4ng m\u00f9i v\u00e0 kh\u00f4ng v\u1ecb:<\/strong> \u0110\u1ea3m b\u1ea3o kh\u00f4ng h\u1ea5p th\u1ee5 m\u00f9i ho\u1eb7c v\u1ecb trong qu\u00e1 tr\u00ecnh n\u1ea5u, gi\u1eef nguy\u00ean h\u01b0\u01a1ng v\u1ecb c\u1ee7a s\u1ea3n ph\u1ea9m n\u01b0\u1edbng c\u1ee7a b\u1ea1n.<\/li>\n<li><strong>L\u1edbp ph\u1ee7 ch\u1ed1ng d\u00ednh:<\/strong> C\u00f3 l\u1edbp ph\u1ee7 ch\u1ed1ng d\u00ednh gi\u00fap d\u1ec5 d\u00e0ng l\u1ea5y b\u00e1nh ra v\u00e0 v\u1ec7 sinh nhanh ch\u00f3ng.<\/li>\n<li><strong>Ph\u00e2n ph\u1ed1i nhi\u1ec7t \u0111\u1ec1u:<\/strong> Thi\u1ebft k\u1ebf \u0111\u1ec3 ph\u00e2n ph\u1ed1i nhi\u1ec7t \u0111\u1ec1u, ng\u0103n ng\u1eeba bi\u1ebfn d\u1ea1ng v\u00e0 \u0111\u1ea3m b\u1ea3o k\u1ebft qu\u1ea3 n\u01b0\u1edbng \u0111\u1ed3ng nh\u1ea5t.<\/li>\n<\/ul>\n<h2><img fetchpriority=\"high\" decoding=\"async\" width=\"800\" height=\"800\" class=\"wp-image-1644\" title=\"Nh\u00e0 m\u00e1y khu\u00f4n n\u01b0\u1edbng b\u00e1nh kem | D\u00e2y chuy\u1ec1n s\u1ea3n xu\u1ea5t b\u00e1nh kem\" src=\"https:\/\/www.jymachinetech.com\/wp-content\/uploads\/2021\/12\/word-image-5.jpeg\" alt=\"Nh\u00e0 m\u00e1y khu\u00f4n n\u01b0\u1edbng b\u00e1nh kem | D\u00e2y chuy\u1ec1n s\u1ea3n xu\u1ea5t b\u00e1nh kem\" srcset=\"https:\/\/www.jymachinetech.com\/wp-content\/uploads\/2021\/12\/word-image-5.jpeg 800w, https:\/\/www.jymachinetech.com\/wp-content\/uploads\/2021\/12\/word-image-5-12x12.jpeg 12w, https:\/\/www.jymachinetech.com\/wp-content\/uploads\/2021\/12\/word-image-5-300x300.jpeg 300w, https:\/\/www.jymachinetech.com\/wp-content\/uploads\/2021\/12\/word-image-5-600x600.jpeg 600w, https:\/\/www.jymachinetech.com\/wp-content\/uploads\/2021\/12\/word-image-5-100x100.jpeg 100w\" sizes=\"(max-width: 800px) 100vw, 800px\" \/><\/h2>\n<h2><strong>\u1ee8ng d\u1ee5ng:<\/strong><\/h2>\n<ul>\n<li><strong>Khay N\u01b0\u1edbng B\u00e1nh Th\u01b0\u1eddng:<\/strong> Ho\u00e0n h\u1ea3o \u0111\u1ec3 s\u1ea3n xu\u1ea5t cookie v\u00e0 b\u00e1nh quy, nh\u1eefng khay n\u00e0y l\u00e0 ph\u1ea7n thi\u1ebft y\u1ebfu c\u1ee7a b\u1ea5t k\u1ef3 ti\u1ec7m b\u00e1nh n\u00e0o.<\/li>\n<li><strong>Khay N\u01b0\u1edbng B\u00e1nh\/B\u00e1nh M\u00ec:<\/strong> L\u00fd t\u01b0\u1edfng cho d\u00e2y chuy\u1ec1n s\u1ea3n xu\u1ea5t t\u1ef1 \u0111\u1ed9ng ho\u00e0n to\u00e0n ho\u1eb7c b\u00e1n t\u1ef1 \u0111\u1ed9ng, nh\u1eefng khay n\u00e0y c\u00f3 th\u1ec3 t\u00f9y ch\u1ec9nh \u0111\u1ec3 ph\u00f9 h\u1ee3p v\u1edbi m\u00e1y m\u00f3c c\u1ee7a b\u1ea1n.<\/li>\n<\/ul>\n<h2><strong>M\u1eb9o S\u1eed D\u1ee5ng Tr\u01b0\u1edbc v\u00e0 B\u1ea3o Tr\u00ec:<\/strong><\/h2>\n<p>\u0110\u1ec3 \u0111\u1ea1t k\u1ebft qu\u1ea3 t\u1ed1i \u01b0u, n\u00ean r\u1eeda khay b\u1eb1ng n\u01b0\u1edbc \u1ea5m c\u00f3 x\u00e0 ph\u00f2ng tr\u01b0\u1edbc l\u1ea7n s\u1eed d\u1ee5ng \u0111\u1ea7u ti\u00ean v\u00e0 sau m\u1ed7i l\u1ea7n s\u1eed d\u1ee5ng \u0111\u1ec3 duy tr\u00ec v\u1ec7 sinh v\u00e0 k\u00e9o d\u00e0i tu\u1ed5i th\u1ecd c\u1ee7a khu\u00f4n.<\/p>\n<h2><strong>T\u1ea1i sao ch\u1ecdn Nh\u00e0 m\u00e1y Khu\u00f4n N\u01b0\u1edbng B\u00e1nh c\u1ee7a ch\u00fang t\u00f4i?<\/strong><\/h2>\n<ul>\n<li><strong>Gi\u1ea3i ph\u00e1p t\u00f9y ch\u1ec9nh:<\/strong> Ch\u00fang t\u00f4i cung c\u1ea5p c\u00e1c lo\u1ea1i khu\u00f4n v\u00e0 khay n\u01b0\u1edbng ph\u00f9 h\u1ee3p v\u1edbi nhu c\u1ea7u d\u00e2y chuy\u1ec1n s\u1ea3n xu\u1ea5t c\u1ee7a b\u1ea1n.<\/li>\n<li><strong>Ch\u1ea5t Li\u1ec7u Ch\u1ea5t L\u01b0\u1ee3ng:<\/strong> Vi\u1ec7c s\u1eed d\u1ee5ng v\u1eadt li\u1ec7u cao c\u1ea5p c\u1ee7a ch\u00fang t\u00f4i \u0111\u1ea3m b\u1ea3o \u0111\u1ed9 b\u1ec1n v\u00e0 hi\u1ec7u su\u1ea5t trong qu\u00e1 tr\u00ecnh n\u01b0\u1edbng c\u1ee7a b\u1ea1n.<\/li>\n<li><strong>Thi\u1ebft K\u1ebf S\u00e1ng T\u1ea1o:<\/strong> C\u00e1c khu\u00f4n c\u1ee7a ch\u00fang t\u00f4i \u0111\u01b0\u1ee3c thi\u1ebft k\u1ebf v\u1edbi c\u00e1c t\u00ednh n\u0103ng nh\u01b0 ph\u00e2n ph\u1ed1i nhi\u1ec7t \u0111\u1ec1u v\u00e0 b\u1ec1 m\u1eb7t ch\u1ed1ng d\u00ednh \u0111\u1ec3 \u0111\u1ea1t k\u1ebft qu\u1ea3 n\u01b0\u1edbng v\u01b0\u1ee3t tr\u1ed9i.<\/li>\n<li><strong>H\u1ed7 tr\u1ee3 to\u00e0n di\u1ec7n:<\/strong> Ch\u00fang t\u00f4i cung c\u1ea5p h\u1ed7 tr\u1ee3 li\u00ean t\u1ee5c v\u00e0 l\u1eddi khuy\u00ean b\u1ea3o tr\u00ec \u0111\u1ec3 gi\u1eef cho khu\u00f4n n\u01b0\u1edbng c\u1ee7a b\u1ea1n lu\u00f4n trong t\u00ecnh tr\u1ea1ng t\u1ed1t nh\u1ea5t.<\/li>\n<\/ul>\n<p>&nbsp;<\/p>\n<h2><strong>Khay n\u01b0\u1edbng b\u00e1nh\/b\u00e1nh m\u00ec<\/strong><\/h2>\n<p><img decoding=\"async\" width=\"800\" height=\"816\" class=\"wp-image-1645\" title=\"Nh\u00e0 m\u00e1y khu\u00f4n n\u01b0\u1edbng b\u00e1nh kem | D\u00e2y chuy\u1ec1n s\u1ea3n xu\u1ea5t b\u00e1nh kem\" src=\"https:\/\/www.jymachinetech.com\/wp-content\/uploads\/2021\/12\/word-image-6.jpeg\" alt=\"Nh\u00e0 m\u00e1y khu\u00f4n n\u01b0\u1edbng b\u00e1nh kem | D\u00e2y chuy\u1ec1n s\u1ea3n xu\u1ea5t b\u00e1nh kem\" srcset=\"https:\/\/www.jymachinetech.com\/wp-content\/uploads\/2021\/12\/word-image-6.jpeg 800w, https:\/\/www.jymachinetech.com\/wp-content\/uploads\/2021\/12\/word-image-6-12x12.jpeg 12w, https:\/\/www.jymachinetech.com\/wp-content\/uploads\/2021\/12\/word-image-6-600x612.jpeg 600w\" sizes=\"(max-width: 800px) 100vw, 800px\" \/><\/p>\n<p><img decoding=\"async\" width=\"800\" height=\"874\" class=\"wp-image-1646\" title=\"Nh\u00e0 m\u00e1y khu\u00f4n n\u01b0\u1edbng b\u00e1nh kem | D\u00e2y chuy\u1ec1n s\u1ea3n xu\u1ea5t b\u00e1nh kem\" src=\"https:\/\/www.jymachinetech.com\/wp-content\/uploads\/2021\/12\/word-image-7.jpeg\" alt=\"Nh\u00e0 m\u00e1y khu\u00f4n n\u01b0\u1edbng b\u00e1nh kem | D\u00e2y chuy\u1ec1n s\u1ea3n xu\u1ea5t b\u00e1nh kem\" srcset=\"https:\/\/www.jymachinetech.com\/wp-content\/uploads\/2021\/12\/word-image-7.jpeg 800w, https:\/\/www.jymachinetech.com\/wp-content\/uploads\/2021\/12\/word-image-7-11x12.jpeg 11w, https:\/\/www.jymachinetech.com\/wp-content\/uploads\/2021\/12\/word-image-7-600x656.jpeg 600w\" sizes=\"(max-width: 800px) 100vw, 800px\" \/><\/p>\n<p>&nbsp;<\/p>\n<p>&nbsp;<\/p>","protected":false},"excerpt":{"rendered":"<p>D\u00f9 b\u1ea1n mu\u1ed1n l\u00e0m lo\u1ea1i b\u00e1nh ho\u1eb7c b\u00e1nh m\u00ec n\u00e0o, ch\u00fang t\u00f4i c\u00f3 th\u1ec3 cung c\u1ea5p c\u00e1c lo\u1ea1i khu\u00f4n n\u01b0\u1edbng kh\u00e1c nhau \u0111\u1ec3 b\u1ea1n l\u1ef1a ch\u1ecdn.<\/p>","protected":false},"featured_media":1647,"comment_status":"closed","ping_status":"closed","template":"","meta":[],"product_brand":[],"product_cat":[15],"product_tag":[],"class_list":{"0":"post-1638","1":"product","2":"type-product","3":"status-publish","4":"has-post-thumbnail","6":"product_cat-bakery-equipment","8":"first","9":"instock","10":"shipping-taxable","11":"product-type-simple"},"_links":{"self":[{"href":"https:\/\/www.jymachinetech.com\/vi\/wp-json\/wp\/v2\/product\/1638","targetHints":{"allow":["GET"]}}],"collection":[{"href":"https:\/\/www.jymachinetech.com\/vi\/wp-json\/wp\/v2\/product"}],"about":[{"href":"https:\/\/www.jymachinetech.com\/vi\/wp-json\/wp\/v2\/types\/product"}],"replies":[{"embeddable":true,"href":"https:\/\/www.jymachinetech.com\/vi\/wp-json\/wp\/v2\/comments?post=1638"}],"version-history":[{"count":1,"href":"https:\/\/www.jymachinetech.com\/vi\/wp-json\/wp\/v2\/product\/1638\/revisions"}],"predecessor-version":[{"id":7217,"href":"https:\/\/www.jymachinetech.com\/vi\/wp-json\/wp\/v2\/product\/1638\/revisions\/7217"}],"wp:featuredmedia":[{"embeddable":true,"href":"https:\/\/www.jymachinetech.com\/vi\/wp-json\/wp\/v2\/media\/1647"}],"wp:attachment":[{"href":"https:\/\/www.jymachinetech.com\/vi\/wp-json\/wp\/v2\/media?parent=1638"}],"wp:term":[{"taxonomy":"product_brand","embeddable":true,"href":"https:\/\/www.jymachinetech.com\/vi\/wp-json\/wp\/v2\/product_brand?post=1638"},{"taxonomy":"product_cat","embeddable":true,"href":"https:\/\/www.jymachinetech.com\/vi\/wp-json\/wp\/v2\/product_cat?post=1638"},{"taxonomy":"product_tag","embeddable":true,"href":"https:\/\/www.jymachinetech.com\/vi\/wp-json\/wp\/v2\/product_tag?post=1638"}],"curies":[{"name":"wp","href":"https:\/\/api.w.org\/{rel}","templated":true}]}}