{"id":1554,"date":"2021-12-26T08:23:23","date_gmt":"2021-12-26T08:23:23","guid":{"rendered":"https:\/\/www.jymachinetech.com\/?post_type=product&#038;p=1554"},"modified":"2025-07-25T05:57:01","modified_gmt":"2025-07-25T05:57:01","slug":"pillow-type-biscuit-packaging-machine","status":"publish","type":"product","link":"https:\/\/www.jymachinetech.com\/vi\/product\/pillow-type-biscuit-packaging-machine\/","title":{"rendered":"M\u00e1y \u0111\u00f3ng g\u00f3i b\u00e1nh quy h\u00ecnh g\u1ed1i \u0111\u1ec3 b\u00e1n"},"content":{"rendered":"<h2>M\u00e1y \u0111\u00f3ng g\u00f3i b\u00e1nh quy d\u1ea1ng g\u1ed1i: Gi\u1ea3i ph\u00e1p t\u1ed1i \u01b0u cho \u0111\u00f3ng g\u00f3i ch\u1ea5t r\u1eafn<\/h2>\n<p><strong>T\u1ed5ng Quan S\u1ea3n Ph\u1ea9m:<\/strong> M\u00e1y \u0111\u00f3ng g\u00f3i b\u00e1nh quy d\u1ea1ng g\u1ed1i l\u00e0 gi\u1ea3i ph\u00e1p \u0111\u00f3ng g\u00f3i s\u00e1ng t\u1ea1o v\u00e0 \u0111a n\u0103ng \u0111\u01b0\u1ee3c thi\u1ebft k\u1ebf \u0111\u1ec3 \u0111\u00e1p \u1ee9ng nhu c\u1ea7u \u0111\u00f3ng g\u00f3i ch\u1ea5t r\u1eafn c\u1ee7a nhi\u1ec1u ng\u00e0nh c\u00f4ng nghi\u1ec7p. M\u00e1y n\u00e0y \u0111\u1eb7c bi\u1ec7t ph\u00f9 h\u1ee3p cho c\u00e1c s\u1ea3n ph\u1ea9m nh\u01b0 b\u00e1nh quy, b\u00e1nh cookies, b\u00e1nh m\u00ec, b\u00e1nh trung thu, k\u1eb9o v\u00e0 c\u00e1c m\u1eb7t h\u00e0ng r\u1eafn kh\u00e1c \u0111\u01b0\u1ee3c ki\u1ec3m so\u00e1t t\u1ed1t. C\u00e1c t\u00ednh n\u0103ng ti\u00ean ti\u1ebfn c\u1ee7a n\u00f3 \u0111\u1ea3m b\u1ea3o s\u1ea3n ph\u1ea9m c\u1ee7a b\u1ea1n \u0111\u01b0\u1ee3c \u0111\u00f3ng g\u00f3i hi\u1ec7u qu\u1ea3, gi\u1eef nguy\u00ean ch\u1ea5t l\u01b0\u1ee3ng v\u00e0 h\u00ecnh th\u1ee9c tr\u00ecnh b\u00e0y.<\/p>\n<p><iframe title=\"M\u00e1y \u0111\u00f3ng g\u00f3i b\u00e1nh quy t\u1ef1 \u0111\u1ed9ng nh\u1ecf 250g 500g 1kg\" width=\"800\" height=\"600\" src=\"https:\/\/www.youtube.com\/embed\/p9ELBsGSa98?list=PLkC9Irp2ZdYa10tGNGE32CKnGF6V4rKxk\" frameborder=\"0\" allow=\"accelerometer; autoplay; clipboard-write; encrypted-media; gyroscope; picture-in-picture; web-share\" referrerpolicy=\"strict-origin-when-cross-origin\" allowfullscreen><\/iframe><\/p>\n<h2><strong>C\u00e1c T\u00ednh N\u0103ng &amp; L\u1ee3i \u00cdch Ch\u00ednh:<\/strong><\/h2>\n<ul>\n<li><strong>\u0110\u00f3ng g\u00f3i ch\u1ea5t r\u1eafn \u0111a n\u0103ng:<\/strong> \u0110\u01b0\u1ee3c thi\u1ebft k\u1ebf \u0111\u1ec3 ph\u00f9 h\u1ee3p v\u1edbi nhi\u1ec1u lo\u1ea1i s\u1ea3n ph\u1ea9m r\u1eafn, tr\u1edf th\u00e0nh l\u1ef1a ch\u1ecdn l\u00fd t\u01b0\u1edfng cho c\u00e1c d\u00e2y chuy\u1ec1n s\u1ea3n xu\u1ea5t \u0111a d\u1ea1ng.<\/li>\n<li><strong>\u0110i\u1ec1u khi\u1ec3n t\u1ea7n s\u1ed1 \u0111\u00f4i:<\/strong> Cung c\u1ea5p ki\u1ec3m so\u00e1t ch\u00ednh x\u00e1c \u0111\u1ed1i v\u1edbi ho\u1ea1t \u0111\u1ed9ng c\u1ee7a m\u00e1y, \u0111\u1ea3m b\u1ea3o ch\u1ea5t l\u01b0\u1ee3ng \u0111\u00f3ng g\u00f3i nh\u1ea5t qu\u00e1n.<\/li>\n<li><strong>Chi\u1ec1u d\u00e0i t\u00fai linh ho\u1ea1t:<\/strong> Thi\u1ebft l\u1eadp chi\u1ec1u d\u00e0i t\u00fai thay \u0111\u1ed5i cho ph\u00e9p s\u1eed d\u1ee5ng m\u00e0ng hi\u1ec7u qu\u1ea3, gi\u1ea3m thi\u1ec3u l\u00e3ng ph\u00ed v\u1eadt li\u1ec7u.<\/li>\n<li><strong>Hi\u1ec7u qu\u1ea3 v\u1ec1 th\u1eddi gian v\u00e0 m\u00e0ng:<\/strong> T\u1ed1i \u01b0u h\u00f3a quy tr\u00ecnh \u0111\u00f3ng g\u00f3i, ti\u1ebft ki\u1ec7m th\u1eddi gian v\u00e0 m\u00e0ng, gi\u1ea3m chi ph\u00ed v\u1eadn h\u00e0nh.<\/li>\n<li><strong>V\u1eadn h\u00e0nh th\u00e2n thi\u1ec7n v\u1edbi ng\u01b0\u1eddi d\u00f9ng:<\/strong> \u0110i\u1ec1u khi\u1ec3n tr\u1ef1c quan v\u00e0 giao di\u1ec7n \u0111\u01a1n gi\u1ea3n gi\u00fap gi\u1ea3m th\u1eddi gian h\u1ecdc t\u1eadp, cho ph\u00e9p c\u00e0i \u0111\u1eb7t v\u00e0 v\u1eadn h\u00e0nh nhanh ch\u00f3ng.<\/li>\n<li><strong>\u0110i\u1ec1u khi\u1ec3n nhi\u1ec7t \u0111\u1ed9 PID ri\u00eang bi\u1ec7t:<\/strong> Qu\u1ea3n l\u00fd nhi\u1ec7t \u0111\u1ed9 ch\u00ednh x\u00e1c ph\u00f9 h\u1ee3p v\u1edbi c\u00e1c lo\u1ea1i v\u1eadt li\u1ec7u \u0111\u00f3ng g\u00f3i kh\u00e1c nhau, \u0111\u1ea3m b\u1ea3o ch\u1ea5t l\u01b0\u1ee3ng ni\u00eam phong t\u1ed1i \u01b0u.<\/li>\n<li><strong>Theo d\u00f5i d\u1ea5u hi\u1ec7u quang h\u1ecdc nh\u1ea1y cao:<\/strong> Theo d\u00f5i ti\u00ean ti\u1ebfn \u0111\u1ea3m b\u1ea3o \u0111\u0103ng k\u00fd ch\u00ednh x\u00e1c v\u00e0 c\u0103n ch\u1ec9nh, t\u1ea1o ra c\u00e1c g\u00f3i \u0111\u00f3ng chuy\u00ean nghi\u1ec7p.<\/li>\n<li><strong>H\u1ec7 th\u1ed1ng truy\u1ec1n \u0111\u1ed9ng \u0111\u01a1n gi\u1ea3n:<\/strong> Thi\u1ebft k\u1ebf c\u01a1 kh\u00ed d\u1ec5 b\u1ea3o tr\u00ec, hi\u1ec7u su\u1ea5t \u0111\u00e1ng tin c\u1eady.<\/li>\n<li><strong>Ch\u1ee9c n\u0103ng ch\u1ea9n \u0111o\u00e1n l\u1ed7i t\u1ef1 \u0111\u1ed9ng:<\/strong> Ch\u1ea9n \u0111o\u00e1n t\u00edch h\u1ee3p gi\u00fap x\u00e1c \u0111\u1ecbnh v\u00e0 x\u1eed l\u00fd s\u1ef1 c\u1ed1 nhanh ch\u00f3ng, gi\u1ea3m th\u1eddi gian ch\u1ebft.<\/li>\n<\/ul>\n<h2><strong>C\u00e1c th\u00e0nh ph\u1ea7n &amp; C\u01a1 ch\u1ebf n\u00e2ng cao:<\/strong><\/h2>\n<ul>\n<li><strong>B\u0103ng chuy\u1ec1n c\u1ea5p li\u1ec7u:<\/strong> T\u1ea3i th\u1ee7 c\u00f4ng, h\u1ec7 th\u1ed1ng n\u00e0y \u0111\u1ea3m b\u1ea3o s\u1ea3n ph\u1ea9m \u0111\u01b0\u1ee3c chuy\u1ec3n m\u01b0\u1ee3t m\u00e0 \u0111\u1ebfn m\u00e0ng \u0111\u1ec3 \u0111\u00f3ng g\u00f3i \u0111\u1ed3ng nh\u1ea5t.<\/li>\n<li><strong>B\u1ea3ng \u0111i\u1ec1u khi\u1ec3n:<\/strong> Trang b\u1ecb b\u1ed9 \u0111i\u1ec1u khi\u1ec3n nhi\u1ec7t \u0111\u1ed9 PID ri\u00eang bi\u1ec7t, ph\u00f9 h\u1ee3p cho nhi\u1ec1u lo\u1ea1i v\u1eadt li\u1ec7u, bao g\u1ed3m m\u00e0ng nh\u00f4m, m\u00e0ng gi\u1ea5y, m\u00e0ng PE v\u00e0 m\u00e0ng composite.<\/li>\n<li><strong>Thi\u1ebft b\u1ecb t\u1ea1o t\u00fai:<\/strong> Thi\u1ebft b\u1ecb t\u1ea1o t\u00fai d\u1ea1ng kh\u1edbp n\u1ed1i n\u00e2ng cao qu\u00e1 tr\u00ecnh g\u1ea5p, t\u1ea1o th\u00e0nh t\u00fai ch\u1ea5t l\u01b0\u1ee3ng cao.<\/li>\n<li><strong>Thi\u1ebft b\u1ecb h\u00e0n cu\u1ed1i quay:<\/strong> C\u00e1c gi\u1ea3i ph\u00e1p h\u00e0n t\u00f9y ch\u1ec9nh bao g\u1ed3m h\u00e0n \u0111\u1ea7u ph\u1eb3ng, h\u00ecnh s\u00f3ng, l\u1ed7 euro ho\u1eb7c l\u1ed7 tr\u00f2n, ph\u00f9 h\u1ee3p v\u1edbi y\u00eau c\u1ea7u c\u1ee5 th\u1ec3 c\u1ee7a kh\u00e1ch h\u00e0ng.<\/li>\n<\/ul>\n<h2><strong>T\u00f9y ch\u1ec9nh &amp; \u1ee8ng d\u1ee5ng:<\/strong><\/h2>\n<p>M\u00e1y \u0111\u00f3ng g\u00f3i b\u00e1nh quy d\u1ea1ng g\u1ed1i kh\u00f4ng ch\u1ec9 gi\u1edbi h\u1ea1n \u1edf b\u00e1nh quy; n\u00f3 c\u00f2n c\u00f3 th\u1ec3 \u0111\u01b0\u1ee3c \u0111i\u1ec1u ch\u1ec9nh \u0111\u1ec3 ph\u00f9 h\u1ee3p v\u1edbi c\u00e1c s\u1ea3n ph\u1ea9m r\u1eafn kh\u00e1c. D\u00f9 b\u1ea1n c\u1ea7n \u0111\u00f3ng g\u00f3i t\u1eebng s\u1ea3n ph\u1ea9m ho\u1eb7c s\u1ed1 l\u01b0\u1ee3ng l\u1edbn, m\u00e1y n\u00e0y \u0111\u1ec1u c\u00f3 th\u1ec3 t\u00f9y ch\u1ec9nh theo y\u00eau c\u1ea7u c\u1ee7a b\u1ea1n.<\/p>\n<h2><strong>C\u00e1c bi\u1ebfn th\u1ec3 m\u1eabu m\u00e3:<\/strong><\/h2>\n<p>D\u00f2ng s\u1ea3n ph\u1ea9m c\u1ee7a ch\u00fang t\u00f4i (JY-280, JY-380, JY-480, JY-580) cung c\u1ea5p c\u00e1c c\u00f4ng su\u1ea5t kh\u00e1c nhau \u0111\u1ec3 ph\u00f9 h\u1ee3p v\u1edbi c\u00e1c kh\u1ed1i l\u01b0\u1ee3ng s\u1ea3n xu\u1ea5t v\u00e0 chi\u1ec1u r\u1ed9ng m\u00e0ng kh\u00e1c nhau, \u0111\u1ea3m b\u1ea3o c\u00f3 m\u1eabu ph\u00f9 h\u1ee3p v\u1edbi ho\u1ea1t \u0111\u1ed9ng c\u1ee7a b\u1ea1n.<\/p>\n<h2><strong>Th\u00f4ng s\u1ed1 k\u1ef9 thu\u1eadt:<\/strong><\/h2>\n<p>M\u1ed7i m\u1eabu c\u00f3 k\u00edch th\u01b0\u1edbc c\u1ee5 th\u1ec3, kh\u1ea3 n\u0103ng chi\u1ec1u r\u1ed9ng m\u00e0ng v\u00e0 y\u00eau c\u1ea7u v\u1ec1 c\u00f4ng su\u1ea5t ph\u00f9 h\u1ee3p \u0111\u1ec3 \u0111\u00e1p \u1ee9ng c\u00e1c quy m\u00f4 s\u1ea3n xu\u1ea5t kh\u00e1c nhau.<\/p>\n<h2><strong>H\u1ed7 tr\u1ee3 &amp; D\u1ecbch v\u1ee5 h\u1eadu m\u00e3i:<\/strong><\/h2>\n<p>Ch\u00fang t\u00f4i cung c\u1ea5p h\u1ed7 tr\u1ee3 h\u1eadu m\u00e3i to\u00e0n di\u1ec7n, bao g\u1ed3m h\u01b0\u1edbng d\u1eabn l\u1eafp \u0111\u1eb7t, \u0111\u00e0o t\u1ea1o v\u1eadn h\u00e0nh v\u00e0 h\u1ed7 tr\u1ee3 k\u1ef9 thu\u1eadt li\u00ean t\u1ee5c \u0111\u1ec3 \u0111\u1ea3m b\u1ea3o m\u00e1y c\u1ee7a b\u1ea1n ho\u1ea1t \u0111\u1ed9ng t\u1ed1i \u01b0u.<\/p>\n<h2><strong>T\u1ea1i sao ch\u1ecdn M\u00e1y \u0111\u00f3ng g\u00f3i b\u00e1nh quy d\u1ea1ng g\u1ed1i c\u1ee7a ch\u00fang t\u00f4i?<\/strong><\/h2>\n<ul>\n<li><strong>Ch\u1ea5t l\u01b0\u1ee3ng x\u00e2y d\u1ef1ng:<\/strong>\u00a0\u0110\u01b0\u1ee3c ch\u1ebf t\u1ea1o t\u1eeb v\u1eadt li\u1ec7u ch\u1ea5t l\u01b0\u1ee3ng cao \u0111\u1ec3 b\u1ec1n b\u1ec9 v\u00e0 hi\u1ec7u su\u1ea5t \u1ed5n \u0111\u1ecbnh.<\/li>\n<li><strong>C\u00f4ng ngh\u1ec7 s\u00e1ng t\u1ea1o:<\/strong>\u00a0\u00c1p d\u1ee5ng c\u00f4ng ngh\u1ec7 m\u1edbi nh\u1ea5t \u0111\u1ec3 ki\u1ec3m so\u00e1t ch\u00ednh x\u00e1c v\u00e0 k\u1ebft qu\u1ea3 \u0111\u00f3ng g\u00f3i t\u1ed1i \u01b0u.<\/li>\n<li><strong>T\u00f9y ch\u1ecdn t\u00f9y ch\u1ec9nh:<\/strong>\u00a0C\u00f3 s\u1eb5n nhi\u1ec1u m\u1eabu \u0111\u1ec3 ph\u00f9 h\u1ee3p v\u1edbi c\u00e1c nhu c\u1ea7u v\u00e0 s\u1edf th\u00edch s\u1ea3n xu\u1ea5t kh\u00e1c nhau.<\/li>\n<li><strong>H\u1ed7 tr\u1ee3 \u0111\u00e1ng tin c\u1eady:<\/strong>\u00a0Cung c\u1ea5p d\u1ecbch v\u1ee5 kh\u00e1ch h\u00e0ng v\u00e0 h\u1ed7 tr\u1ee3 k\u1ef9 thu\u1eadt \u0111\u00e1ng tin c\u1eady trong su\u1ed1t v\u00f2ng \u0111\u1eddi c\u1ee7a m\u00e1y m\u00f3c c\u1ee7a b\u1ea1n.<\/li>\n<\/ul>\n<div class=\"table-responsive\">\n<table style=\"width: 100%;\">\n<tbody>\n<tr>\n<td>M\u1eabu m\u00e3<\/td>\n<td>JY-280<\/td>\n<td>JY-380<\/td>\n<td>JY-480<\/td>\n<td>JY-580<\/td>\n<\/tr>\n<tr>\n<td>Chi\u1ec1u r\u1ed9ng m\u00e0ng phim<\/td>\n<td>T\u1ed1i \u0111a: 250mm<\/td>\n<td>T\u1ed1i \u0111a: 350mm<\/td>\n<td>T\u1ed1i \u0111a: 450mm<\/td>\n<td>T\u1ed1i \u0111a: 550mm<\/td>\n<\/tr>\n<tr>\n<td>Chi\u1ec1u r\u1ed9ng t\u00fai<\/td>\n<td>30-110mm<\/td>\n<td>50-160mm<\/td>\n<td>60-200mm<\/td>\n<td>60-260mm<\/td>\n<\/tr>\n<tr>\n<td>Chi\u1ec1u cao s\u1ea3n ph\u1ea9m<\/td>\n<td>T\u1ed1i \u0111a 40mm<\/td>\n<td>T\u1ed1i \u0111a 40mm<\/td>\n<td>T\u1ed1i \u0111a 80mm<\/td>\n<td>T\u1ed1i \u0111a: 80mm<\/td>\n<\/tr>\n<tr>\n<td>\u0111\u01b0\u1eddng k\u00ednh cu\u1ed9n phim<\/td>\n<td>T\u1ed1i \u0111a 320mm<\/td>\n<td>T\u1ed1i \u0111a 320mm<\/td>\n<td>T\u1ed1i \u0111a 320mm<\/td>\n<td>T\u1ed1i \u0111a: 320mm<\/td>\n<\/tr>\n<tr>\n<td>t\u1ed1c \u0111\u1ed9 \u0111\u00f3ng g\u00f3i<\/td>\n<td>40-230 t\u00fai\/ph\u00fat<\/td>\n<td>40-230 t\u00fai\/ph\u00fat<\/td>\n<td>30-180 t\u00fai\/ph\u00fat<\/td>\n<td>30-180 t\u00fai\/ph\u00fat<\/td>\n<\/tr>\n<tr>\n<td>C\u00f4ng su\u1ea5t<\/td>\n<td>2.4kw<\/td>\n<td>2.6kw<\/td>\n<td>2.6kw<\/td>\n<td>2.6kw<\/td>\n<\/tr>\n<tr>\n<td>K\u00edch th\u01b0\u1edbc(mm)<\/td>\n<td>3770*670*1450<\/td>\n<td>4020*770*1450<\/td>\n<td>4020*920*1450<\/td>\n<td>4020*920*1450<\/td>\n<\/tr>\n<tr>\n<td>Tr\u1ecdng l\u01b0\u1ee3ng m\u00e1y<\/td>\n<td>450kg<\/td>\n<td>540kg<\/td>\n<td>750kg<\/td>\n<td>800kg<\/td>\n<\/tr>\n<\/tbody>\n<\/table>\n<\/div>\n<p>&nbsp;<\/p>\n<p><img fetchpriority=\"high\" decoding=\"async\" class=\"alignnone wp-image-1892\" title=\"M\u00e1y \u0111\u00f3ng g\u00f3i b\u00e1nh quy d\u1ea1ng g\u1ed1i \u0111\u1ec3 b\u00e1n h\u00e0ng\" src=\"https:\/\/www.jymachinetech.com\/wp-content\/uploads\/2021\/12\/pillow-biscuit-packaging-1-1024x496.png\" alt=\"M\u00e1y \u0111\u00f3ng g\u00f3i b\u00e1nh quy d\u1ea1ng g\u1ed1i \u0111\u1ec3 b\u00e1n h\u00e0ng\" width=\"800\" height=\"388\" \/><\/p>\n<p><img decoding=\"async\" class=\"alignnone wp-image-1893 size-full\" title=\"M\u00e1y \u0111\u00f3ng g\u00f3i b\u00e1nh quy d\u1ea1ng g\u1ed1i \u0111\u1ec3 b\u00e1n h\u00e0ng\" src=\"https:\/\/www.jymachinetech.com\/wp-content\/uploads\/2021\/12\/pillow-biscuit-packaging-2.png\" alt=\"M\u00e1y \u0111\u00f3ng g\u00f3i b\u00e1nh quy d\u1ea1ng g\u1ed1i \u0111\u1ec3 b\u00e1n h\u00e0ng\" width=\"800\" height=\"600\" srcset=\"https:\/\/www.jymachinetech.com\/wp-content\/uploads\/2021\/12\/pillow-biscuit-packaging-2.png 800w, https:\/\/www.jymachinetech.com\/wp-content\/uploads\/2021\/12\/pillow-biscuit-packaging-2-16x12.png 16w, https:\/\/www.jymachinetech.com\/wp-content\/uploads\/2021\/12\/pillow-biscuit-packaging-2-600x450.png 600w\" sizes=\"(max-width: 800px) 100vw, 800px\" \/><\/p>\n<h2>B\u0103ng t\u1ea3i c\u1ea5p li\u1ec7u<\/h2>\n<p>C\u00f4ng nh\u00e2n \u0111\u1eb7t s\u1ea3n ph\u1ea9m l\u00ean b\u0103ng t\u1ea3i c\u1ea5p li\u1ec7u b\u1eb1ng tay, s\u1ea3n ph\u1ea9m s\u1ebd \u0111i qua phim tr\u1ef1c ti\u1ebfp.<\/p>\n<p><img decoding=\"async\" class=\"alignnone wp-image-1894\" title=\"M\u00e1y \u0111\u00f3ng g\u00f3i b\u00e1nh quy d\u1ea1ng g\u1ed1i \u0111\u1ec3 b\u00e1n h\u00e0ng\" src=\"https:\/\/www.jymachinetech.com\/wp-content\/uploads\/2021\/12\/pillow-biscuit-packaging-3.png\" alt=\"M\u00e1y \u0111\u00f3ng g\u00f3i b\u00e1nh quy d\u1ea1ng g\u1ed1i \u0111\u1ec3 b\u00e1n h\u00e0ng\" width=\"800\" height=\"394\" srcset=\"https:\/\/www.jymachinetech.com\/wp-content\/uploads\/2021\/12\/pillow-biscuit-packaging-3.png 780w, https:\/\/www.jymachinetech.com\/wp-content\/uploads\/2021\/12\/pillow-biscuit-packaging-3-18x9.png 18w, https:\/\/www.jymachinetech.com\/wp-content\/uploads\/2021\/12\/pillow-biscuit-packaging-3-600x295.png 600w\" sizes=\"(max-width: 800px) 100vw, 800px\" \/><\/p>\n<h2>B\u1ea3ng \u0111i\u1ec1u khi\u1ec3n<\/h2>\n<p>B\u1ed9 \u0111i\u1ec1u ch\u1ec9nh nhi\u1ec7t \u0111\u1ed9 PID ri\u00eang ph\u00f9 h\u1ee3p cho nhi\u1ec1u lo\u1ea1i v\u1eadt li\u1ec7u \u0111\u00f3ng g\u00f3i. V\u00e0 d\u1ec5 d\u00e0ng thay \u0111\u1ed5i nhi\u1ec7t \u0111\u1ed9 cho phim nh\u00f4m, phim gi\u1ea5y, phim PE, v\u00e0 phim composite. D\u00f9 b\u1ea1n c\u1ea7n lo\u1ea1i phim n\u00e0o, ch\u00fang t\u00f4i c\u0169ng c\u00f3 th\u1ec3 gi\u1edbi thi\u1ec7u nh\u00e0 cung c\u1ea5p ph\u00f9 h\u1ee3p cho t\u1eebng kh\u00e1ch h\u00e0ng.<\/p>\n<p><img loading=\"lazy\" decoding=\"async\" class=\"alignnone wp-image-1895\" title=\"M\u00e1y \u0111\u00f3ng g\u00f3i b\u00e1nh quy d\u1ea1ng g\u1ed1i \u0111\u1ec3 b\u00e1n h\u00e0ng\" src=\"https:\/\/www.jymachinetech.com\/wp-content\/uploads\/2021\/12\/pillow-biscuit-packaging-4.png\" alt=\"M\u00e1y \u0111\u00f3ng g\u00f3i b\u00e1nh quy d\u1ea1ng g\u1ed1i \u0111\u1ec3 b\u00e1n h\u00e0ng\" width=\"800\" height=\"419\" srcset=\"https:\/\/www.jymachinetech.com\/wp-content\/uploads\/2021\/12\/pillow-biscuit-packaging-4.png 818w, https:\/\/www.jymachinetech.com\/wp-content\/uploads\/2021\/12\/pillow-biscuit-packaging-4-18x9.png 18w, https:\/\/www.jymachinetech.com\/wp-content\/uploads\/2021\/12\/pillow-biscuit-packaging-4-600x314.png 600w\" sizes=\"(max-width: 800px) 100vw, 800px\" \/><\/p>\n<h2>Thi\u1ebft b\u1ecb t\u1ea1o t\u00fai<\/h2>\n<p>Thi\u1ebft b\u1ecb t\u1ea1o t\u00fai d\u1ea1ng b\u00e0i vi\u1ebft c\u00f3 th\u1ec3 g\u1eadp m\u00e0ng phim v\u1edbi hi\u1ec7u su\u1ea5t t\u1ed1t h\u01a1n.<\/p>\n<p><img loading=\"lazy\" decoding=\"async\" class=\"alignnone wp-image-1897\" title=\"M\u00e1y \u0111\u00f3ng g\u00f3i b\u00e1nh quy d\u1ea1ng g\u1ed1i \u0111\u1ec3 b\u00e1n h\u00e0ng\" src=\"https:\/\/www.jymachinetech.com\/wp-content\/uploads\/2021\/12\/pillow-biscuit-packaging-6.png\" alt=\"M\u00e1y \u0111\u00f3ng g\u00f3i b\u00e1nh quy d\u1ea1ng g\u1ed1i \u0111\u1ec3 b\u00e1n h\u00e0ng\" width=\"800\" height=\"380\" srcset=\"https:\/\/www.jymachinetech.com\/wp-content\/uploads\/2021\/12\/pillow-biscuit-packaging-6.png 530w, https:\/\/www.jymachinetech.com\/wp-content\/uploads\/2021\/12\/pillow-biscuit-packaging-6-18x9.png 18w\" sizes=\"(max-width: 800px) 100vw, 800px\" \/><\/p>\n<h2>Thi\u1ebft b\u1ecb h\u00e0n cu\u1ed1i quay<\/h2>\n<p>C\u00e1c b\u1ed9 c\u1eaft c\u00f3 th\u1ec3 t\u1ea1o li\u00ean k\u1ebft t\u00fai cho c\u00e1c lo\u1ea1i t\u00fai kh\u00e1c nhau v\u1edbi m\u00e9p cu\u1ed1i ph\u1eb3ng, d\u1ea1ng s\u00f3ng, l\u1ed7 euro ho\u1eb7c l\u1ed7 tr\u00f2n. \u0110\u01b0\u1ee3c t\u00f9y ch\u1ec9nh theo y\u00eau c\u1ea7u c\u1ee7a t\u1eebng kh\u00e1ch h\u00e0ng.<\/p>\n<p><img loading=\"lazy\" decoding=\"async\" class=\"alignnone wp-image-1898 size-full\" title=\"M\u00e1y \u0111\u00f3ng g\u00f3i b\u00e1nh quy d\u1ea1ng g\u1ed1i \u0111\u1ec3 b\u00e1n h\u00e0ng\" src=\"https:\/\/www.jymachinetech.com\/wp-content\/uploads\/2021\/12\/pillow-biscuit-packaging-7.png\" alt=\"M\u00e1y \u0111\u00f3ng g\u00f3i b\u00e1nh quy d\u1ea1ng g\u1ed1i \u0111\u1ec3 b\u00e1n h\u00e0ng\" width=\"800\" height=\"600\" srcset=\"https:\/\/www.jymachinetech.com\/wp-content\/uploads\/2021\/12\/pillow-biscuit-packaging-7.png 800w, https:\/\/www.jymachinetech.com\/wp-content\/uploads\/2021\/12\/pillow-biscuit-packaging-7-16x12.png 16w, https:\/\/www.jymachinetech.com\/wp-content\/uploads\/2021\/12\/pillow-biscuit-packaging-7-600x450.png 600w\" sizes=\"(max-width: 800px) 100vw, 800px\" \/><\/p>\n<h2>Tham kh\u1ea3o h\u00ecnh \u1ea3nh \u0111\u00f3ng g\u00f3i<\/h2>\n<p>Lo\u1ea1i bao b\u00ec nh\u1ecf n\u00e0y \u0111\u01b0\u1ee3c s\u1eed d\u1ee5ng cho t\u1ea5t c\u1ea3 c\u00e1c lo\u1ea1i bao b\u00ec b\u00e1nh quy. \u0110\u1ec3 b\u00e1n h\u00e0ng ti\u1ec7n l\u1ee3i h\u01a1n, d\u00f9 b\u00e1n l\u1ebb hay b\u00e1n s\u1ec9 theo h\u1ed9p, \u0111\u00e2y l\u00e0 l\u1ef1a ch\u1ecdn l\u00fd t\u01b0\u1edfng.<\/p>\n<p><img loading=\"lazy\" decoding=\"async\" class=\"alignnone wp-image-1899\" title=\"M\u00e1y \u0111\u00f3ng g\u00f3i b\u00e1nh quy d\u1ea1ng g\u1ed1i \u0111\u1ec3 b\u00e1n h\u00e0ng\" src=\"https:\/\/www.jymachinetech.com\/wp-content\/uploads\/2021\/12\/pillow-biscuit-packaging-8-1024x484.png\" alt=\"M\u00e1y \u0111\u00f3ng g\u00f3i b\u00e1nh quy d\u1ea1ng g\u1ed1i \u0111\u1ec3 b\u00e1n h\u00e0ng\" width=\"800\" height=\"378\" \/><\/p>","protected":false},"excerpt":{"rendered":"<p>M\u00e1y \u0111\u00f3ng g\u00f3i b\u00e1nh quy n\u00e0y \u0111\u01b0\u1ee3c thi\u1ebft k\u1ebf \u0111\u1ec3 \u0111\u00f3ng g\u00f3i d\u1ea1ng g\u1ed1i c\u00e1c lo\u1ea1i ch\u1ea5t r\u1eafn; ph\u00f9 h\u1ee3p v\u1edbi t\u1ea5t c\u1ea3 c\u00e1c lo\u1ea1i ch\u1ea5t r\u1eafn \u0111\u01b0\u1ee3c \u0111i\u1ec1u ch\u1ec9nh t\u1ed1t, nh\u01b0 b\u00e1nh quy, b\u00e1nh cookies, b\u00e1nh m\u00ec, b\u00e1nh trung thu, k\u1eb9o, v.v., v\u00e0 h\u00e0ng h\u00f3a, ph\u1ee5 ki\u1ec7n c\u00f4ng nghi\u1ec7p, v.v.<\/p>","protected":false},"featured_media":1555,"comment_status":"closed","ping_status":"closed","template":"","meta":[],"product_brand":[],"product_cat":[106,19],"product_tag":[],"class_list":{"0":"post-1554","1":"product","2":"type-product","3":"status-publish","4":"has-post-thumbnail","6":"product_cat-biscuit-packaging-machine","7":"product_cat-packing-machine","9":"first","10":"instock","11":"shipping-taxable","12":"product-type-simple"},"_links":{"self":[{"href":"https:\/\/www.jymachinetech.com\/vi\/wp-json\/wp\/v2\/product\/1554","targetHints":{"allow":["GET"]}}],"collection":[{"href":"https:\/\/www.jymachinetech.com\/vi\/wp-json\/wp\/v2\/product"}],"about":[{"href":"https:\/\/www.jymachinetech.com\/vi\/wp-json\/wp\/v2\/types\/product"}],"replies":[{"embeddable":true,"href":"https:\/\/www.jymachinetech.com\/vi\/wp-json\/wp\/v2\/comments?post=1554"}],"version-history":[{"count":1,"href":"https:\/\/www.jymachinetech.com\/vi\/wp-json\/wp\/v2\/product\/1554\/revisions"}],"predecessor-version":[{"id":7190,"href":"https:\/\/www.jymachinetech.com\/vi\/wp-json\/wp\/v2\/product\/1554\/revisions\/7190"}],"wp:featuredmedia":[{"embeddable":true,"href":"https:\/\/www.jymachinetech.com\/vi\/wp-json\/wp\/v2\/media\/1555"}],"wp:attachment":[{"href":"https:\/\/www.jymachinetech.com\/vi\/wp-json\/wp\/v2\/media?parent=1554"}],"wp:term":[{"taxonomy":"product_brand","embeddable":true,"href":"https:\/\/www.jymachinetech.com\/vi\/wp-json\/wp\/v2\/product_brand?post=1554"},{"taxonomy":"product_cat","embeddable":true,"href":"https:\/\/www.jymachinetech.com\/vi\/wp-json\/wp\/v2\/product_cat?post=1554"},{"taxonomy":"product_tag","embeddable":true,"href":"https:\/\/www.jymachinetech.com\/vi\/wp-json\/wp\/v2\/product_tag?post=1554"}],"curies":[{"name":"wp","href":"https:\/\/api.w.org\/{rel}","templated":true}]}}