{"id":1481,"date":"2021-12-22T14:32:27","date_gmt":"2021-12-22T14:32:27","guid":{"rendered":"https:\/\/www.jymachinetech.com\/?post_type=product&#038;p=1481"},"modified":"2025-07-28T02:12:54","modified_gmt":"2025-07-28T02:12:54","slug":"sugar-sanding-machine","status":"publish","type":"product","link":"https:\/\/www.jymachinetech.com\/vi\/product\/sugar-sanding-machine\/","title":{"rendered":"M\u00e1y s\u1ea5y \u0110\u01b0\u1eddng \u0111\u1ec3 B\u00e1n | Nh\u00e0 m\u00e1y &amp; Nh\u00e0 s\u1ea3n xu\u1ea5t"},"content":{"rendered":"<h2>M\u00e1y s\u1ea5y \u0110\u01b0\u1eddng: Ho\u00e0n thi\u1ec7n ho\u00e0n h\u1ea3o cho K\u1eb9o c\u1ee7a b\u1ea1n<\/h2>\n<p><strong>T\u1ed5ng Quan S\u1ea3n Ph\u1ea9m:<\/strong> M\u00e1y s\u1ea5y \u0110\u01b0\u1eddng, c\u00f2n g\u1ecdi l\u00e0 roller \u0111\u01b0\u1eddng, l\u00e0 thi\u1ebft b\u1ecb thi\u1ebft y\u1ebfu trong d\u00e2y chuy\u1ec1n s\u1ea3n xu\u1ea5t k\u1eb9o d\u1ebbo. N\u00f3 ph\u1ee7 m\u1ed9t l\u1edbp m\u1ecfng \u0111\u01b0\u1eddng l\u00ean b\u1ec1 m\u1eb7t k\u1eb9o d\u1ebbo, ng\u0103n d\u00ednh v\u00e0 n\u00e2ng cao k\u1ebft c\u1ea5u c\u0169ng nh\u01b0 v\u1ebb ngo\u00e0i c\u1ee7a s\u1ea3n ph\u1ea9m cu\u1ed1i c\u00f9ng. \u0110\u01b0\u1ee3c ch\u1ebf t\u1ea1o t\u1eeb th\u00e9p kh\u00f4ng g\u1ec9 304 \u0111\u1ec3 b\u1ec1n b\u1ec9 v\u00e0 v\u1ec7 sinh, m\u00e1y n\u00e0y \u0111\u01b0\u1ee3c thi\u1ebft k\u1ebf d\u1ec5 s\u1eed d\u1ee5ng v\u00e0 \u0111\u00e1ng tin c\u1eady.<\/p>\n<p><iframe title=\"M\u00e1y l\u00e0m k\u1eb9o \u0111\u01b0\u1eddng, m\u00e1y l\u00e0m k\u1eb9o c\u1ee9ng, m\u00e1y \u0111\u1ed5 nh\u00e2n k\u1eb9o, m\u00e1y l\u00e0m k\u1eb9o #, shorts #, toffee\" width=\"800\" height=\"450\" src=\"https:\/\/www.youtube.com\/embed\/wslvhTfhfMA?feature=oembed\" frameborder=\"0\" allow=\"accelerometer; autoplay; clipboard-write; encrypted-media; gyroscope; picture-in-picture; web-share\" referrerpolicy=\"strict-origin-when-cross-origin\" allowfullscreen><\/iframe><\/p>\n<h2><strong>C\u00e1c T\u00ednh N\u0103ng &amp; L\u1ee3i \u00cdch Ch\u00ednh:<\/strong><\/h2>\n<ul>\n<li><strong>Ti\u00eau chu\u1ea9n An to\u00e0n v\u00e0 S\u1ee9c kh\u1ecfe:<\/strong>\u00a0Ch\u1ebf t\u1ea1o b\u1eb1ng v\u1eadt li\u1ec7u SUS 304 \u0111\u1ec3 \u0111\u1ea3m b\u1ea3o ti\u00eau chu\u1ea9n an to\u00e0n v\u00e0 s\u1ee9c kh\u1ecfe v\u01b0\u1ee3t tr\u1ed9i.<\/li>\n<li><strong>\u0110i\u1ec1u khi\u1ec3n T\u1ef1 \u0111\u1ed9ng:<\/strong>\u00a0Trang b\u1ecb h\u1ec7 th\u1ed1ng \u0111i\u1ec1u khi\u1ec3n t\u1ef1 \u0111\u1ed9ng \u0111\u1ec3 v\u1eadn h\u00e0nh \u1ed5n \u0111\u1ecbnh v\u1edbi \u00edt can thi\u1ec7p th\u1ee7 c\u00f4ng.<\/li>\n<li><strong>Ch\u1ea5t l\u01b0\u1ee3ng Cao &amp; Gi\u00e1 C\u1ea3 C\u1ea1nh Tranh:<\/strong>\u00a0K\u1ebft h\u1ee3p hi\u1ec7u su\u1ea5t cao v\u1edbi gi\u00e1 th\u00e0nh h\u1ee3p l\u00fd.<\/li>\n<li><strong>Kh\u1ea3 n\u0103ng B\u0103ng T\u1ea3i N\u00e2ng:<\/strong>\u00a0Trang b\u1ecb b\u0103ng t\u1ea3i n\u00e2ng \u0111\u1ec3 x\u1eed l\u00fd k\u1eb9o hi\u1ec7u qu\u1ea3.<\/li>\n<li><strong>Thi\u1ebft k\u1ebf Hai L\u1edbp:<\/strong>\u00a0Cho ph\u00e9p ph\u00e2n ph\u1ed1i \u0111\u01b0\u1eddng t\u1ed1t h\u01a1n v\u00e0 ph\u1ee7 \u0111\u1ec1u h\u01a1n.<\/li>\n<li><strong>C\u01a1 ch\u1ebf Quay Hai Chi\u1ec1u:<\/strong>\u00a0\u0110\u1ea3m b\u1ea3o ph\u1ee7 \u0111\u01b0\u1eddng to\u00e0n di\u1ec7n t\u1eeb m\u1ecdi g\u00f3c \u0111\u1ed9.<\/li>\n<li><strong>T\u00f9y ch\u1ecdn Ph\u1ee7 D\u1ea7u ho\u1eb7c S\u00e1p:<\/strong>\u00a0\u0110a n\u0103ng cho s\u1eed d\u1ee5ng v\u1edbi k\u1eb9o th\u1ea1ch, c\u00f3 th\u1ec3 ph\u1ee7 d\u1ea7u ho\u1eb7c s\u00e1p.<\/li>\n<li><strong>T\u01b0\u01a1ng th\u00edch v\u1edbi B\u00ecnh Phun H\u01a1i:<\/strong>\u00a0C\u00f3 th\u1ec3 t\u00edch h\u1ee3p v\u1edbi b\u00ecnh phun h\u01a1i \u0111\u1ec3 \u0111\u00e1p \u1ee9ng c\u00e1c nhu c\u1ea7u x\u1eed l\u00fd b\u1ed5 sung.<\/li>\n<li><strong>L\u1eafp \u0111\u1eb7t &amp; B\u1ea3o tr\u00ec d\u1ec5 d\u00e0ng:<\/strong>\u00a0Thi\u1ebft k\u1ebf \u0111\u1ec3 l\u1eafp \u0111\u1eb7t \u0111\u01a1n gi\u1ea3n v\u00e0 b\u1ea3o tr\u00ec kh\u00f4ng phi\u1ec1n ph\u1ee9c.<\/li>\n<\/ul>\n<h2><strong>Th\u00f4ng s\u1ed1 k\u1ef9 thu\u1eadt:<\/strong><\/h2>\n<ul>\n<li><strong>Ch\u1ea5t li\u1ec7u:<\/strong>\u00a0Th\u00e9p kh\u00f4ng g\u1ec9 304 \u0111\u1ec3 ch\u1ed1ng \u0103n m\u00f2n v\u00e0 d\u1ec5 v\u1ec7 sinh.<\/li>\n<li><strong>Ch\u1ebf \u0111\u1ed9 v\u1eadn h\u00e0nh:<\/strong>\u00a0T\u1ef1 \u0111\u1ed9ng v\u1edbi t\u00f9y ch\u1ecdn c\u1ea5p li\u1ec7u th\u1ee7 c\u00f4ng cho \u0111\u01b0\u1eddng v\u00e0 k\u1eb9o.<\/li>\n<li><strong>T\u00f9y ch\u1ecdn ph\u1ee7:<\/strong>\u00a0Ph\u00f9 h\u1ee3p \u0111\u1ec3 ph\u1ee7 \u0111\u01b0\u1eddng, d\u1ea7u ho\u1eb7c s\u00e1p, m\u1edf r\u1ed9ng ph\u1ea1m vi \u1ee9ng d\u1ee5ng c\u1ee7a m\u00e1y.<\/li>\n<\/ul>\n<h2><strong>\u1ee8ng d\u1ee5ng:<\/strong><\/h2>\n<ul>\n<li>L\u00fd t\u01b0\u1edfng cho k\u1eb9o d\u1ebbo v\u00e0 k\u1eb9o jelly, n\u00e2ng cao k\u1ebft c\u1ea5u v\u00e0 ng\u0103n d\u00ednh. C\u0169ng ph\u00f9 h\u1ee3p cho socola v\u00e0 c\u00e1c lo\u1ea1i k\u1eb9o kh\u00e1c c\u1ea7n ph\u1ee7 \u0111\u01b0\u1eddng, d\u1ea7u ho\u1eb7c s\u00e1p.<\/li>\n<\/ul>\n<h2><strong>H\u1ed7 tr\u1ee3 kh\u00e1ch h\u00e0ng &amp; D\u1ecbch v\u1ee5<\/strong><\/h2>\n<ul>\n<li><strong>L\u1eafp \u0111\u1eb7t chuy\u00ean nghi\u1ec7p:<\/strong>\u00a0\u0110\u1ed9i ng\u0169 k\u1ef9 s\u01b0 c\u1ee7a ch\u00fang t\u00f4i \u0111\u1ea3m b\u1ea3o l\u1eafp \u0111\u1eb7t ch\u00ednh x\u00e1c v\u00e0 t\u00edch h\u1ee3p v\u1edbi d\u00e2y chuy\u1ec1n s\u1ea3n xu\u1ea5t hi\u1ec7n c\u00f3 c\u1ee7a b\u1ea1n.<\/li>\n<li><strong>\u0110\u00e0o t\u1ea1o to\u00e0n di\u1ec7n:<\/strong>\u00a0Ch\u00fang t\u00f4i cung c\u1ea5p \u0111\u00e0o t\u1ea1o chi ti\u1ebft cho ng\u01b0\u1eddi v\u1eadn h\u00e0nh \u0111\u1ec3 \u0111\u1ea3m b\u1ea3o m\u00e1y \u0111\u01b0\u1ee3c s\u1eed d\u1ee5ng an to\u00e0n v\u00e0 hi\u1ec7u qu\u1ea3.<\/li>\n<li><strong>D\u1ecbch v\u1ee5 h\u1eadu m\u00e3i:<\/strong>\u00a0Ph\u1ea3n h\u1ed3i nhanh ch\u00f3ng m\u1ecdi v\u1ea5n \u0111\u1ec1 b\u1ea3o tr\u00ec ho\u1eb7c v\u1eadn h\u00e0nh, \u0111\u01b0\u1ee3c h\u1ed7 tr\u1ee3 b\u1edfi d\u1ecbch v\u1ee5 k\u1ef9 thu\u1eadt tr\u1ef1c tuy\u1ebfn trong v\u00f2ng 24 gi\u1edd.<\/li>\n<li><strong>Ch\u01b0\u01a1ng tr\u00ecnh b\u1ea3o tr\u00ec h\u00e0ng n\u0103m:<\/strong>\u00a0Cung c\u1ea5p h\u1ed7 tr\u1ee3 li\u00ean t\u1ee5c \u0111\u1ec3 gi\u1eef cho m\u00e1y c\u1ee7a b\u1ea1n \u1edf tr\u1ea1ng th\u00e1i t\u1ed1i \u01b0u.<\/li>\n<\/ul>\n<h2><strong>C\u00e2u h\u1ecfi th\u01b0\u1eddng g\u1eb7p:<\/strong><\/h2>\n<p><strong>H\u1ecfi: Ph\u01b0\u01a1ng ph\u00e1p ph\u1ee7 \u0111\u01b0\u1eddng l\u00e0 g\u00ec?<\/strong> \u0110\u00e1p: Ph\u1ee7 \u0111\u01b0\u1eddng l\u00e0 qu\u00e1 tr\u00ecnh \u00e1p d\u1ee5ng l\u1edbp h\u1ea1t \u0111\u01b0\u1eddng l\u00ean k\u1eb9o \u0111\u1ec3 tr\u00e1nh d\u00ednh v\u00e0 t\u1ea1o ra k\u1ebft c\u1ea5u, ho\u00e0n thi\u1ec7n \u0111\u1eb7c tr\u01b0ng.<\/p>\n<p><strong>H\u1ecfi: Ph\u1ee7 \u0111\u01b0\u1eddng th\u1ef1c hi\u1ec7n tr\u01b0\u1edbc hay sau khi s\u1ea5y k\u1eb9o?<\/strong> \u0110\u00e1p: <a href=\"https:\/\/www.jymachinetech.com\/vi\/product\/candy-drop-roller-turn-sugar-into-perfect-drops-every-time\/\" title=\"M\u00e1y r\u1ea3i k\u1eb9o d\u1ea1ng l\u0103n \u2013 Bi\u1ebfn \u0111\u01b0\u1eddng th\u00e0nh nh\u1eefng gi\u1ecdt ho\u00e0n h\u1ea3o, m\u1ed7i l\u1ea7n\"  data-wpil-monitor-id=\"151\" target=\"_blank\">m\u00e1y ph\u1ee7 \u0111\u01b0\u1eddng<\/a> c\u00f3 th\u1ec3 s\u1eed d\u1ee5ng tr\u01b0\u1edbc ho\u1eb7c sau khi s\u1ea5y k\u1eb9o, t\u00f9y thu\u1ed9c v\u00e0o k\u1ebft c\u1ea5u mong mu\u1ed1n c\u1ee7a s\u1ea3n ph\u1ea9m cu\u1ed1i c\u00f9ng.<\/p>\n<p><strong>H\u1ecfi: M\u00e1y c\u00f3 th\u1ec3 d\u00f9ng \u0111\u1ec3 ph\u1ee7 d\u1ea7u ho\u1eb7c s\u00e1p kh\u00f4ng?<\/strong> A: Trong khi m\u00e1y ch\u1ee7 y\u1ebfu \u0111\u01b0\u1ee3c thi\u1ebft k\u1ebf \u0111\u1ec3 ph\u1ee7 \u0111\u01b0\u1eddng, n\u00f3 c\u0169ng c\u00f3 th\u1ec3 \u0111\u01b0\u1ee3c \u0111i\u1ec1u ch\u1ec9nh \u0111\u1ec3 ph\u00f9 h\u1ee3p v\u1edbi c\u00e1c \u1ee9ng d\u1ee5ng ph\u1ee7 d\u1ea7u ho\u1eb7c s\u00e1p v\u1edbi m\u1ed9t s\u1ed1 s\u1eeda \u0111\u1ed5i.<\/p>\n<p><strong>Q: Th\u1eddi gian giao h\u00e0ng c\u1ee7a m\u00e1y l\u00e0 bao l\u00e2u n\u1ebfu t\u00f4i \u0111\u1eb7t h\u00e0ng ngay b\u00e2y gi\u1edd?<\/strong> A: Th\u1eddi gian giao h\u00e0ng ti\u00eau chu\u1ea9n l\u00e0 20-40 ng\u00e0y, nh\u01b0ng t\u1ed1t nh\u1ea5t n\u00ean x\u00e1c nh\u1eadn th\u1eddi gian ch\u00ednh x\u00e1c v\u1edbi \u0111\u1ed9i ng\u0169 b\u00e1n h\u00e0ng c\u1ee7a ch\u00fang t\u00f4i tr\u01b0\u1edbc khi \u0111\u1eb7t h\u00e0ng.<\/p>\n<p><strong>Q: L\u00e0m th\u1ebf n\u00e0o \u0111\u1ec3 b\u1ea3o tr\u00ec m\u00e1y m\u00f3c?<\/strong> A: Ch\u00fang t\u00f4i cung c\u1ea5p h\u01b0\u1edbng d\u1eabn b\u1ea3o tr\u00ec chi ti\u1ebft k\u00e8m theo m\u1ed7i m\u00e1y, n\u00eau r\u00f5 c\u00e1c ho\u1ea1t \u0111\u1ed9ng h\u00e0ng ng\u00e0y, m\u00f4 t\u1ea3 m\u00e1y v\u00e0 quy tr\u00ecnh b\u1ea3o tr\u00ec.<\/p>\n<h2><strong>T\u1ea1i sao ch\u1ecdn ch\u00fang t\u00f4i \u2013 Nh\u00e0 s\u1ea3n xu\u1ea5t:<\/strong><\/h2>\n<ul>\n<li><strong>Kinh nghi\u1ec7m th\u1ef1c t\u1ebf t\u1ea1i nh\u00e0 m\u00e1y:<\/strong>\u00a0Ch\u00fang t\u00f4i l\u00e0 m\u1ed9t c\u01a1 s\u1edf s\u1ea3n xu\u1ea5t ch\u00ednh h\u00e3ng v\u1edbi h\u1ed3 s\u01a1 th\u00e0nh t\u00edch \u0111\u00e3 \u0111\u01b0\u1ee3c ch\u1ee9ng minh trong ng\u00e0nh thi\u1ebft b\u1ecb b\u00e1nh k\u1eb9o.<\/li>\n<li><strong>Chuy\u00ean nghi\u1ec7p &amp; Chuy\u00ean m\u00f4n:<\/strong>\u00a0H\u01a1n 40 n\u0103m kinh nghi\u1ec7m s\u1ea3n xu\u1ea5t m\u00e1y m\u00f3c, \u0111\u01b0\u1ee3c h\u1ed7 tr\u1ee3 b\u1edfi \u0111\u1ed9i ng\u0169 thi\u1ebft k\u1ebf v\u00e0 k\u1ef9 s\u01b0 \u0111\u1ec3 cung c\u1ea5p h\u1ed7 tr\u1ee3 k\u1ef9 thu\u1eadt to\u00e0n di\u1ec7n.<\/li>\n<li><strong>\u0110\u1ed9 tin c\u1eady &amp; Ch\u1ea5t l\u01b0\u1ee3ng:<\/strong>\u00a0M\u1ed9t nh\u00e0 m\u00e1y hi\u1ec7n \u0111\u1ea1i v\u1edbi h\u01a1n 200 c\u00f4ng nh\u00e2n, ki\u1ec3m so\u00e1t ch\u1ea5t l\u01b0\u1ee3ng nghi\u00eam ng\u1eb7t v\u00e0 tu\u00e2n th\u1ee7 ti\u00eau chu\u1ea9n s\u1ea3n xu\u1ea5t c\u1ee7a \u0110\u1ee9c.<\/li>\n<li><strong>M\u00e1y m\u00f3c ch\u1ea5t l\u01b0\u1ee3ng cao:<\/strong>\u00a0T\u1ea5t c\u1ea3 c\u00e1c m\u00e1y \u0111\u1ec1u \u0111\u01b0\u1ee3c s\u1ea3n xu\u1ea5t t\u1ea1i nh\u00e0 m\u00e1y \u0111\u1ea1t ti\u00eau chu\u1ea9n GMP, s\u1eed d\u1ee5ng v\u1eadt li\u1ec7u SUS304 v\u00e0 l\u1edbp ph\u1ee7 b\u1ec1 m\u1eb7t phun c\u00e1t \u0111\u1ec3 b\u1ec1n b\u1ec9.<\/li>\n<\/ul>\n<h2><strong>Cam k\u1ebft c\u1ee7a ch\u00fang t\u00f4i v\u1edbi b\u1ea1n:<\/strong><\/h2>\n<ul>\n<li><strong>Gi\u1ea3i ph\u00e1p t\u00f9y ch\u1ec9nh:<\/strong>\u00a0Ch\u00fang t\u00f4i cung c\u1ea5p l\u1eadp k\u1ebf ho\u1ea1ch b\u1ed1 tr\u00ed nh\u00e0 m\u00e1y, thi\u1ebft k\u1ebf 3D, l\u1eadp k\u1ebf ho\u1ea1ch d\u1ef1 \u00e1n, thi\u1ebft k\u1ebf h\u00ecnh d\u1ea1ng t\u00f9y ch\u1ec9nh v\u00e0 ph\u00e1t tri\u1ec3n c\u00f4ng th\u1ee9c s\u1ea3n ph\u1ea9m \u0111\u1ec3 \u0111\u00e1p \u1ee9ng nhu c\u1ea7u c\u1ee5 th\u1ec3 c\u1ee7a b\u1ea1n.<\/li>\n<\/ul>\n<p><strong>Y\u00eau c\u1ea7u b\u00e1o gi\u00e1 ngay b\u00e2y gi\u1edd:<\/strong> \u0110\u1ec3 nh\u1eadn b\u00e1o gi\u00e1 c\u00e1 nh\u00e2n h\u00f3a v\u00e0 tr\u1ea3i nghi\u1ec7m s\u1ef1 kh\u00e1c bi\u1ec7t m\u00e0 M\u00e1y Ph\u1ee7 \u0110\u01b0\u1eddng c\u1ee7a ch\u00fang t\u00f4i c\u00f3 th\u1ec3 mang l\u1ea1i trong s\u1ea3n xu\u1ea5t b\u00e1nh k\u1eb9o c\u1ee7a b\u1ea1n, h\u00e3y li\u00ean h\u1ec7 v\u1edbi ch\u00fang t\u00f4i ngay h\u00f4m nay.<\/p>\n<h2><span lang=\"EN-GB\"><strong>C\u1ee5 th\u1ec3<\/strong><\/span><strong><span lang=\"EN-US\">h\u00f3a<\/span><\/strong><\/h2>\n<div class=\"table-responsive\">\n<table class=\"Table\" style=\"border-collapse: collapse; border: solid windowtext 1.0pt; margin-left: 9px; margin-right: 9px;\" width=\"553\" align=\"left\">\n<tbody>\n<tr style=\"height: 16.2pt;\">\n<td style=\"border: solid windowtext 1.0pt; width: 196.2pt; padding: 0cm 5.4pt 0cm 5.4pt; height: 16.2pt;\" valign=\"top\" width=\"262\"><span style=\"font-size: 10.5pt;\"><span style=\"font-family: \u7b49\u7ebf;\">M\u1eabu m\u00e3<\/span><\/span><\/td>\n<td style=\"border: solid windowtext 1.0pt; width: 218.3pt; border-left: none; padding: 0cm 5.4pt 0cm 5.4pt; height: 16.2pt;\" valign=\"top\" width=\"291\"><span style=\"font-size: 10.5pt;\"><span style=\"font-family: \u7b49\u7ebf;\">1000<\/span><\/span><\/td>\n<\/tr>\n<tr style=\"height: 16.2pt;\">\n<td style=\"border: solid windowtext 1.0pt; width: 196.2pt; border-top: none; padding: 0cm 5.4pt 0cm 5.4pt; height: 16.2pt;\" valign=\"top\" width=\"262\"><span style=\"font-size: 10.5pt;\"><span style=\"font-family: \u7b49\u7ebf;\">\u0110\u01b0\u1eddng k\u00ednh trong<\/span><\/span><\/td>\n<td style=\"border-bottom: solid windowtext 1.0pt; width: 218.3pt; border-top: none; border-left: none; border-right: solid windowtext 1.0pt; padding: 0cm 5.4pt 0cm 5.4pt; height: 16.2pt;\" valign=\"top\" width=\"291\"><span style=\"font-size: 10.5pt;\"><span style=\"font-family: \u7b49\u7ebf;\">890mm<\/span><\/span><\/td>\n<\/tr>\n<tr style=\"height: 16.2pt;\">\n<td style=\"border: solid windowtext 1.0pt; width: 196.2pt; border-top: none; padding: 0cm 5.4pt 0cm 5.4pt; height: 16.2pt;\" valign=\"top\" width=\"262\"><span style=\"font-size: 10.5pt;\"><span style=\"font-family: \u7b49\u7ebf;\">C\u00f4ng su\u1ea5t<\/span><\/span><\/td>\n<td style=\"border-bottom: solid windowtext 1.0pt; width: 218.3pt; border-top: none; border-left: none; border-right: solid windowtext 1.0pt; padding: 0cm 5.4pt 0cm 5.4pt; height: 16.2pt;\" valign=\"top\" width=\"291\"><span style=\"font-size: 10.5pt;\"><span style=\"font-family: \u7b49\u7ebf;\">1.1kw<\/span><\/span><\/td>\n<\/tr>\n<tr style=\"height: 16.2pt;\">\n<td style=\"border: solid windowtext 1.0pt; width: 196.2pt; border-top: none; padding: 0cm 5.4pt 0cm 5.4pt; height: 16.2pt;\" valign=\"top\" width=\"262\"><span style=\"font-size: 10.5pt;\"><span style=\"font-family: \u7b49\u7ebf;\">C\u00f4ng Su\u1ea5t<\/span><\/span><\/td>\n<td style=\"border-bottom: solid windowtext 1.0pt; width: 218.3pt; border-top: none; border-left: none; border-right: solid windowtext 1.0pt; padding: 0cm 5.4pt 0cm 5.4pt; height: 16.2pt;\" valign=\"top\" width=\"291\"><span style=\"font-size: 10.5pt;\"><span style=\"font-family: \u7b49\u7ebf;\">300-400kg\/gi\u1edd<\/span><\/span><\/td>\n<\/tr>\n<\/tbody>\n<\/table>\n<\/div>\n<p>&nbsp;<\/p>\n<p>&nbsp;<\/p>\n<p>&nbsp;<\/p>\n<p><img fetchpriority=\"high\" decoding=\"async\" class=\"alignnone size-full wp-image-1484\" title=\"M\u00e1y s\u00e0ng \u0111\u01b0\u1eddng \u0111\u1ec3 b\u00e1n | nh\u00e0 m\u00e1y &amp; nh\u00e0 s\u1ea3n xu\u1ea5t\" src=\"https:\/\/www.jymachinetech.com\/wp-content\/uploads\/2021\/12\/1631065198_image.png\" alt=\"M\u00e1y s\u00e0ng \u0111\u01b0\u1eddng \u0111\u1ec3 b\u00e1n | nh\u00e0 m\u00e1y &amp; nh\u00e0 s\u1ea3n xu\u1ea5t\" width=\"354\" height=\"175\" srcset=\"https:\/\/www.jymachinetech.com\/wp-content\/uploads\/2021\/12\/1631065198_image.png 354w, https:\/\/www.jymachinetech.com\/wp-content\/uploads\/2021\/12\/1631065198_image-18x9.png 18w\" sizes=\"(max-width: 354px) 100vw, 354px\" \/><\/p>\n<h2><strong><span lang=\"EN-US\">Tham kh\u1ea3o h\u00ecnh \u1ea3nh k\u1eb9o<\/span><\/strong><\/h2>\n<p><img decoding=\"async\" class=\"alignnone size-full wp-image-1483\" title=\"M\u00e1y s\u00e0ng \u0111\u01b0\u1eddng \u0111\u1ec3 b\u00e1n | nh\u00e0 m\u00e1y &amp; nh\u00e0 s\u1ea3n xu\u1ea5t\" src=\"https:\/\/www.jymachinetech.com\/wp-content\/uploads\/2021\/12\/1631064115_image.png\" alt=\"M\u00e1y s\u00e0ng \u0111\u01b0\u1eddng \u0111\u1ec3 b\u00e1n | nh\u00e0 m\u00e1y &amp; nh\u00e0 s\u1ea3n xu\u1ea5t\" width=\"415\" height=\"114\" srcset=\"https:\/\/www.jymachinetech.com\/wp-content\/uploads\/2021\/12\/1631064115_image.png 415w, https:\/\/www.jymachinetech.com\/wp-content\/uploads\/2021\/12\/1631064115_image-18x5.png 18w\" sizes=\"(max-width: 415px) 100vw, 415px\" \/><\/p>\n<p>Theo d\u00e2y chuy\u1ec1n m\u00e1y c\u1ee7a b\u1ea1n, m\u00e1y c\u1ee7a ch\u00fang t\u00f4i c\u00f3 th\u1ec3 t\u00f9y ch\u1ec9nh, nh\u01b0 b\u0103ng chuy\u1ec1n n\u00e2ng, phun h\u01a1i n\u01b0\u1edbc, v.v.<\/p>\n<p>&nbsp;<\/p>","protected":false},"excerpt":{"rendered":"<div class=\"content-style\">\n<p><span lang=\"EN-US\">L\u1edbp ph\u1ee7 \u0111\u01b0\u1eddng cho k\u1eb9o cu\u1ed1i c\u00f9ng<\/span><\/p>\n<\/div>","protected":false},"featured_media":4926,"comment_status":"closed","ping_status":"closed","template":"","meta":[],"product_brand":[],"product_cat":[16,98],"product_tag":[],"class_list":{"0":"post-1481","1":"product","2":"type-product","3":"status-publish","4":"has-post-thumbnail","6":"product_cat-candy-machine","7":"product_cat-gummy-candy-machine","9":"first","10":"instock","11":"shipping-taxable","12":"product-type-simple"},"_links":{"self":[{"href":"https:\/\/www.jymachinetech.com\/vi\/wp-json\/wp\/v2\/product\/1481","targetHints":{"allow":["GET"]}}],"collection":[{"href":"https:\/\/www.jymachinetech.com\/vi\/wp-json\/wp\/v2\/product"}],"about":[{"href":"https:\/\/www.jymachinetech.com\/vi\/wp-json\/wp\/v2\/types\/product"}],"replies":[{"embeddable":true,"href":"https:\/\/www.jymachinetech.com\/vi\/wp-json\/wp\/v2\/comments?post=1481"}],"version-history":[{"count":2,"href":"https:\/\/www.jymachinetech.com\/vi\/wp-json\/wp\/v2\/product\/1481\/revisions"}],"predecessor-version":[{"id":7438,"href":"https:\/\/www.jymachinetech.com\/vi\/wp-json\/wp\/v2\/product\/1481\/revisions\/7438"}],"wp:featuredmedia":[{"embeddable":true,"href":"https:\/\/www.jymachinetech.com\/vi\/wp-json\/wp\/v2\/media\/4926"}],"wp:attachment":[{"href":"https:\/\/www.jymachinetech.com\/vi\/wp-json\/wp\/v2\/media?parent=1481"}],"wp:term":[{"taxonomy":"product_brand","embeddable":true,"href":"https:\/\/www.jymachinetech.com\/vi\/wp-json\/wp\/v2\/product_brand?post=1481"},{"taxonomy":"product_cat","embeddable":true,"href":"https:\/\/www.jymachinetech.com\/vi\/wp-json\/wp\/v2\/product_cat?post=1481"},{"taxonomy":"product_tag","embeddable":true,"href":"https:\/\/www.jymachinetech.com\/vi\/wp-json\/wp\/v2\/product_tag?post=1481"}],"curies":[{"name":"wp","href":"https:\/\/api.w.org\/{rel}","templated":true}]}}