{"id":1344,"date":"2021-12-21T08:38:14","date_gmt":"2021-12-21T08:38:14","guid":{"rendered":"https:\/\/www.jymachinetech.com\/?post_type=product&#038;p=1344"},"modified":"2025-07-25T08:43:39","modified_gmt":"2025-07-25T08:43:39","slug":"toffee-candy-depositing-line","status":"publish","type":"product","link":"https:\/\/www.jymachinetech.com\/vi\/product\/toffee-candy-depositing-line\/","title":{"rendered":"D\u00e2y chuy\u1ec1n ph\u00e2n ph\u1ed1i k\u1eb9o toffee | M\u00e1y l\u00e0m k\u1eb9o toffee | M\u00e1y l\u00e0m k\u1eb9o caramel"},"content":{"rendered":"<p>Shanghai Junyu cung c\u1ea5p cho b\u1ea1n nhi\u1ec1u lo\u1ea1i M\u00e1y l\u00e0m Toffee ho\u00e0n ch\u1ec9nh t\u1eeb pha tr\u1ed9n v\u00e0 h\u00f2a tan \u0111\u01b0\u1eddng, x\u1eed l\u00fd syrup, \u0111\u1ebfn n\u1ea5u ch\u1ea3y kh\u1ed1i toffee, l\u00e0m m\u00e1t kh\u1ed1i toffee, t\u1ea1o h\u00ecnh toffee, \u0111\u00f3ng g\u00f3i toffee v\u00e0 \u0111\u00f3ng g\u00f3i t\u1ea5t c\u1ea3 t\u1eeb m\u1ed9t ngu\u1ed3n.<\/p>\n<p>\u0110i\u1ec1u g\u00ec n\u1eefa m\u00e0 ng\u01b0\u1eddi t\u00ecm ki\u1ebfm Nh\u00e0 s\u1ea3n xu\u1ea5t m\u00e1y Toffee c\u1ea7n khi h\u1ecd \u0111\u00e3 t\u00ecm th\u1ea5y gi\u1ea3i ph\u00e1p tr\u1ecdn g\u00f3i b\u1edfi Shanghai Junyu?<\/p>\n<p><iframe title=\"M\u00e1y l\u00e0m k\u1eb9o \u0111\u01b0\u1eddng, m\u00e1y l\u00e0m k\u1eb9o c\u1ee9ng, m\u00e1y \u0111\u1ed5 nh\u00e2n k\u1eb9o, m\u00e1y l\u00e0m k\u1eb9o #, shorts #, toffee\" width=\"800\" height=\"450\" src=\"https:\/\/www.youtube.com\/embed\/wslvhTfhfMA?feature=oembed\" frameborder=\"0\" allow=\"accelerometer; autoplay; clipboard-write; encrypted-media; gyroscope; picture-in-picture; web-share\" referrerpolicy=\"strict-origin-when-cross-origin\" allowfullscreen><\/iframe><\/p>\n<p>M\u00e1y \u0111\u1ed5 toffee c\u00f3 th\u1ec3 \u0111\u01b0\u1ee3c l\u00e0m \u0111\u01a1n gi\u1ea3n khi b\u1ea1n \u0111\u01b0\u1ee3c h\u1ed7 tr\u1ee3 b\u1edfi c\u00e1c chuy\u00ean gia c\u1ee7a Shanghai Junyu, ch\u00fang t\u00f4i kh\u00f4ng ch\u1ec9 cung c\u1ea5p thi\u1ebft b\u1ecb \u0111\u1ec3 l\u00e0m k\u1eb9o toffee m\u00e0 c\u00f2n gi\u00fap b\u1ea1n thi\u1ebft k\u1ebf b\u1ed1 tr\u00ed nh\u00e0 m\u00e1y, x\u00e2y d\u1ef1ng c\u00f4ng th\u1ee9c, th\u1eadm ch\u00ed quy\u1ebft \u0111\u1ecbnh lo\u1ea1i m\u00e1y \u0111\u00f3ng g\u00f3i d\u1ef1a tr\u00ean s\u1ea3n ph\u1ea9m v\u00e0 nhu c\u1ea7u th\u1ecb tr\u01b0\u1eddng hi\u1ec7n t\u1ea1i.<\/p>\n<p><img fetchpriority=\"high\" decoding=\"async\" class=\"alignnone wp-image-4055 size-full\" title=\"d\u00e2y chuy\u1ec1n \u0111\u1ed5 k\u1eb9o c\u1ee9ng | m\u00e1y l\u00e0m k\u1eb9o c\u1ee9ng | m\u00e1y l\u00e0m k\u1eb9o caramel\" src=\"https:\/\/www.jymachinetech.com\/wp-content\/uploads\/2021\/12\/Pasted-20-e1670212203886.png\" alt=\"d\u00e2y chuy\u1ec1n \u0111\u1ed5 k\u1eb9o c\u1ee9ng | m\u00e1y l\u00e0m k\u1eb9o c\u1ee9ng | m\u00e1y l\u00e0m k\u1eb9o caramel\" width=\"888\" height=\"499\" srcset=\"https:\/\/www.jymachinetech.com\/wp-content\/uploads\/2021\/12\/Pasted-20-e1670212203886.png 888w, https:\/\/www.jymachinetech.com\/wp-content\/uploads\/2021\/12\/Pasted-20-e1670212203886-18x10.png 18w, https:\/\/www.jymachinetech.com\/wp-content\/uploads\/2021\/12\/Pasted-20-e1670212203886-600x337.png 600w\" sizes=\"(max-width: 888px) 100vw, 888px\" \/><\/p>\n<div class=\"table-responsive\">\n<table style=\"width: 100%; height: auto;\" border=\"1\" cellspacing=\"1\" cellpadding=\"1\">\n<tbody>\n<tr>\n<td>M\u1eabu m\u00e3<\/td>\n<td>JYT-150<\/td>\n<td>JYT-300<\/td>\n<td>JYT-450<\/td>\n<td>JYT-600<\/td>\n<td>JYT-1200<\/td>\n<\/tr>\n<tr>\n<td>c\u00f4ng su\u1ea5t(kg\/gi\u1edd)<\/td>\n<td>100-150<\/td>\n<td>200-300<\/td>\n<td>350-450<\/td>\n<td>600-1000<\/td>\n<td>1200-2000<\/td>\n<\/tr>\n<\/tbody>\n<\/table>\n<\/div>\n<p>&nbsp;<\/p>\n<h2>\u01afu \u0111i\u1ec3m c\u1ee7a d\u00e2y chuy\u1ec1n \u0111\u1ed5 k\u1eb9o toffee<\/h2>\n<h2>H\u1ec7 th\u1ed1ng n\u1ea5u \u0103n trong nh\u00e0 b\u1ebfp c\u1ee7a m\u00e1y l\u00e0m k\u1eb9o toffee<\/h2>\n<ul>\n<li>N\u1ea5u \u0103n &amp; L\u01b0u tr\u1eef<\/li>\n<li>H\u1ec7 th\u1ed1ng \u0111i\u1ec1u khi\u1ec3n \u0111\u1ed9c l\u1eadp<\/li>\n<li>C\u00e0i \u0111\u1eb7t nhi\u1ec7t \u0111\u1ed9<\/li>\n<li>Khu\u1ea5y tr\u1ed9n b\u1eb1ng th\u00e9p kh\u00f4ng g\u1ec9<\/li>\n<li>Hi\u1ec3n th\u1ecb k\u1ef9 thu\u1eadt s\u1ed1<\/li>\n<li>C\u1eeda s\u1ed5 quan s\u00e1t<\/li>\n<li>Th\u1ea3i thu\u1eadn ti\u1ec7n<\/li>\n<li>L\u1eafp r\u00e1p nhanh &amp; s\u1eed d\u1ee5ng nhanh h\u01a1n<\/li>\n<li>L\u1ed3ng h\u01a1i \u0111\u1ec3 l\u00e0m n\u00f3ng<\/li>\n<li>Khung th\u00e9p kh\u00f4ng g\u1ec9, b\u00ean c\u00e1ch nhi\u1ec7t v\u00e0 \u1ed1ng d\u1eabn<\/li>\n<li>H\u1ec7 th\u1ed1ng t\u1ef1 \u0111\u1ed9ng ho\u00e0n ch\u1ec9nh<\/li>\n<li>Chuy\u1ec3n b\u1eb1ng b\u01a1m &amp; \u1ed1ng d\u1eabn<\/li>\n<li>Modular h\u00f3a \u0111\u1ec3 l\u1eafp \u0111\u1eb7t nhanh<\/li>\n<\/ul>\n<p><img decoding=\"async\" class=\"alignnone wp-image-4056 size-full\" title=\"d\u00e2y chuy\u1ec1n \u0111\u1ed5 k\u1eb9o c\u1ee9ng | m\u00e1y l\u00e0m k\u1eb9o c\u1ee9ng | m\u00e1y l\u00e0m k\u1eb9o caramel\" src=\"https:\/\/www.jymachinetech.com\/wp-content\/uploads\/2021\/12\/Pasted-21-e1670212346351.png\" alt=\"d\u00e2y chuy\u1ec1n \u0111\u1ed5 k\u1eb9o c\u1ee9ng | m\u00e1y l\u00e0m k\u1eb9o c\u1ee9ng | m\u00e1y l\u00e0m k\u1eb9o caramel\" width=\"888\" height=\"610\" srcset=\"https:\/\/www.jymachinetech.com\/wp-content\/uploads\/2021\/12\/Pasted-21-e1670212346351.png 888w, https:\/\/www.jymachinetech.com\/wp-content\/uploads\/2021\/12\/Pasted-21-e1670212346351-18x12.png 18w, https:\/\/www.jymachinetech.com\/wp-content\/uploads\/2021\/12\/Pasted-21-e1670212346351-600x412.png 600w\" sizes=\"(max-width: 888px) 100vw, 888px\" \/><\/p>\n<p>&nbsp;<\/p>\n<h2>N\u1ed3i n\u1ea5u kh\u1ed1i toffee<\/h2>\n<ul>\n<li>Hai h\u1ec7 th\u1ed1ng n\u1ed3i n\u1ea5u \u0111\u1ec3 \u0111\u1ea1t caramel nhanh h\u01a1n v\u00e0 ch\u00ednh x\u00e1c h\u01a1n.<\/li>\n<li>N\u1ea5u \u0103n hi\u1ec7u qu\u1ea3 cao b\u1eb1ng h\u01a1i n\u01b0\u1edbc, \u00edt b\u1ecdt kh\u00ed, \u00edt bi\u1ebfn d\u1ea1ng.<\/li>\n<li>N\u1ea5u v\u00e0 caramel h\u00f3a di\u1ec5n ra \u0111\u1ed3ng th\u1eddi v\u00e0 ri\u00eang bi\u1ec7t.<\/li>\n<li>\u0110i\u1ec1u khi\u1ec3n \u0111\u1ed9c l\u1eadp cho m\u00e0u s\u1eafc, h\u01b0\u01a1ng v\u1ecb, \u0111\u1ed9 \u1ea9m v\u00e0 k\u1ebft c\u1ea5u.<\/li>\n<li>H\u1ec7 th\u1ed1ng c\u1ea5p nguy\u00ean li\u1ec7u t\u1ef1 \u0111\u1ed9ng, thay \u0111\u1ed5i nhanh ch\u00f3ng.<\/li>\n<li>T\u1ef7 l\u1ec7 ph\u1ebf ph\u1ea9m th\u1ea5p, nh\u00e2n c\u00f4ng \u00edt, chi ph\u00ed th\u1ea5p.<\/li>\n<li>Th\u00eam m\u00e0u s\u1eafc\/h\u01b0\u01a1ng v\u1ecb t\u1ef1 \u0111\u1ed9ng<\/li>\n<\/ul>\n<p><img decoding=\"async\" class=\"alignnone wp-image-4058 size-full\" title=\"d\u00e2y chuy\u1ec1n \u0111\u1ed5 k\u1eb9o c\u1ee9ng | m\u00e1y l\u00e0m k\u1eb9o c\u1ee9ng | m\u00e1y l\u00e0m k\u1eb9o caramel\" src=\"https:\/\/www.jymachinetech.com\/wp-content\/uploads\/2021\/12\/Pasted-23-e1670212460361.png\" alt=\"d\u00e2y chuy\u1ec1n \u0111\u1ed5 k\u1eb9o c\u1ee9ng | m\u00e1y l\u00e0m k\u1eb9o c\u1ee9ng | m\u00e1y l\u00e0m k\u1eb9o caramel\" width=\"888\" height=\"596\" srcset=\"https:\/\/www.jymachinetech.com\/wp-content\/uploads\/2021\/12\/Pasted-23-e1670212460361.png 888w, https:\/\/www.jymachinetech.com\/wp-content\/uploads\/2021\/12\/Pasted-23-e1670212460361-18x12.png 18w, https:\/\/www.jymachinetech.com\/wp-content\/uploads\/2021\/12\/Pasted-23-e1670212460361-600x403.png 600w\" sizes=\"(max-width: 888px) 100vw, 888px\" \/><\/p>\n<h2>M\u00e1y \u0111\u1ed5 k\u1eb9o toffee<\/h2>\n<ul>\n<li>C\u00e1c b\u1ec1 m\u1eb7t ch\u1ed1ng th\u1ea5m n\u01b0\u1edbc v\u00e0 m\u1edd, k\u00e9o d\u00e0i tu\u1ed5i th\u1ecd, \u0111\u1ea1t ti\u00eau chu\u1ea9n GMP.<\/li>\n<li>D\u1ea3i ho\u1eb7c l\u1edbp \u0111\u01b0\u1ee3c \u0111\u1ecbnh ngh\u0129a ch\u00ednh x\u00e1c.<\/li>\n<li>\u0110\u1ed5 ch\u00ednh x\u00e1c cao, kh\u00f4ng l\u1ec7ch l\u1ea1c.<\/li>\n<li>Khu\u00f4n silicone m\u1ec1m cho c\u00f4ng th\u1ee9c \u0111\u1eb7c h\u01a1n.<\/li>\n<li>H\u1ec7 th\u1ed1ng l\u00e0m m\u00e1t \u0111\u1ed9c l\u1eadp \u0111\u1ec3 ki\u1ec3m so\u00e1t nhi\u1ec7t \u0111\u1ed9 ch\u00ednh x\u00e1c h\u01a1n.<\/li>\n<li>\u0110\u1ed5 li\u00ean t\u1ee5c ch\u00ednh x\u00e1c, \u00edt b\u1ecdt kh\u00ed &amp; flash.<\/li>\n<li>Ch\u1ee9c n\u0103ng r\u1eeda t\u1ef1 \u0111\u1ed9ng, h\u1ec7 th\u1ed1ng l\u00e0m s\u1ea1ch \u0111\u01b0\u1eddng \u1ed1ng \u0111\u01a1n c\u1ea5u tr\u00fac ch\u1eb7t ch\u1ebd, ti\u1ebft ki\u1ec7m kh\u00f4ng gian.<\/li>\n<\/ul>\n<p><img loading=\"lazy\" decoding=\"async\" class=\"alignnone wp-image-4060 size-full\" title=\"d\u00e2y chuy\u1ec1n \u0111\u1ed5 k\u1eb9o c\u1ee9ng | m\u00e1y l\u00e0m k\u1eb9o c\u1ee9ng | m\u00e1y l\u00e0m k\u1eb9o caramel\" src=\"https:\/\/www.jymachinetech.com\/wp-content\/uploads\/2021\/12\/Pasted-25-e1670212624994.png\" alt=\"d\u00e2y chuy\u1ec1n \u0111\u1ed5 k\u1eb9o c\u1ee9ng | m\u00e1y l\u00e0m k\u1eb9o c\u1ee9ng | m\u00e1y l\u00e0m k\u1eb9o caramel\" width=\"888\" height=\"435\" srcset=\"https:\/\/www.jymachinetech.com\/wp-content\/uploads\/2021\/12\/Pasted-25-e1670212624994.png 888w, https:\/\/www.jymachinetech.com\/wp-content\/uploads\/2021\/12\/Pasted-25-e1670212624994-18x9.png 18w, https:\/\/www.jymachinetech.com\/wp-content\/uploads\/2021\/12\/Pasted-25-e1670212624994-600x294.png 600w\" sizes=\"(max-width: 888px) 100vw, 888px\" \/><\/p>\n<p><img loading=\"lazy\" decoding=\"async\" class=\"alignnone wp-image-4061 size-full\" title=\"d\u00e2y chuy\u1ec1n \u0111\u1ed5 k\u1eb9o c\u1ee9ng | m\u00e1y l\u00e0m k\u1eb9o c\u1ee9ng | m\u00e1y l\u00e0m k\u1eb9o caramel\" src=\"https:\/\/www.jymachinetech.com\/wp-content\/uploads\/2021\/12\/Pasted-26-e1670212649961.png\" alt=\"d\u00e2y chuy\u1ec1n \u0111\u1ed5 k\u1eb9o c\u1ee9ng | m\u00e1y l\u00e0m k\u1eb9o c\u1ee9ng | m\u00e1y l\u00e0m k\u1eb9o caramel\" width=\"888\" height=\"414\" srcset=\"https:\/\/www.jymachinetech.com\/wp-content\/uploads\/2021\/12\/Pasted-26-e1670212649961.png 888w, https:\/\/www.jymachinetech.com\/wp-content\/uploads\/2021\/12\/Pasted-26-e1670212649961-18x8.png 18w, https:\/\/www.jymachinetech.com\/wp-content\/uploads\/2021\/12\/Pasted-26-e1670212649961-600x280.png 600w\" sizes=\"(max-width: 888px) 100vw, 888px\" \/><\/p>\n<h2>H\u1ec7 th\u1ed1ng t\u00e1ch khu\u00f4n t\u1ef1 \u0111\u1ed9ng<\/h2>\n<p><img loading=\"lazy\" decoding=\"async\" class=\"alignnone wp-image-4063 size-full\" title=\"d\u00e2y chuy\u1ec1n \u0111\u1ed5 k\u1eb9o c\u1ee9ng | m\u00e1y l\u00e0m k\u1eb9o c\u1ee9ng | m\u00e1y l\u00e0m k\u1eb9o caramel\" src=\"https:\/\/www.jymachinetech.com\/wp-content\/uploads\/2021\/12\/Pasted-28-e1670212735584.png\" alt=\"d\u00e2y chuy\u1ec1n \u0111\u1ed5 k\u1eb9o c\u1ee9ng | m\u00e1y l\u00e0m k\u1eb9o c\u1ee9ng | m\u00e1y l\u00e0m k\u1eb9o caramel\" width=\"888\" height=\"440\" srcset=\"https:\/\/www.jymachinetech.com\/wp-content\/uploads\/2021\/12\/Pasted-28-e1670212735584.png 888w, https:\/\/www.jymachinetech.com\/wp-content\/uploads\/2021\/12\/Pasted-28-e1670212735584-18x9.png 18w, https:\/\/www.jymachinetech.com\/wp-content\/uploads\/2021\/12\/Pasted-28-e1670212735584-600x297.png 600w\" sizes=\"(max-width: 888px) 100vw, 888px\" \/><\/p>\n<h2>\u0110\u01b0\u1eddng h\u1ea7m l\u00e0m m\u00e1t<\/h2>\n<p><img loading=\"lazy\" decoding=\"async\" class=\"alignnone wp-image-4065 size-full\" title=\"d\u00e2y chuy\u1ec1n \u0111\u1ed5 k\u1eb9o c\u1ee9ng | m\u00e1y l\u00e0m k\u1eb9o c\u1ee9ng | m\u00e1y l\u00e0m k\u1eb9o caramel\" src=\"https:\/\/www.jymachinetech.com\/wp-content\/uploads\/2021\/12\/Pasted-30-e1670212805697.png\" alt=\"d\u00e2y chuy\u1ec1n \u0111\u1ed5 k\u1eb9o c\u1ee9ng | m\u00e1y l\u00e0m k\u1eb9o c\u1ee9ng | m\u00e1y l\u00e0m k\u1eb9o caramel\" width=\"888\" height=\"420\" srcset=\"https:\/\/www.jymachinetech.com\/wp-content\/uploads\/2021\/12\/Pasted-30-e1670212805697.png 888w, https:\/\/www.jymachinetech.com\/wp-content\/uploads\/2021\/12\/Pasted-30-e1670212805697-18x9.png 18w, https:\/\/www.jymachinetech.com\/wp-content\/uploads\/2021\/12\/Pasted-30-e1670212805697-600x284.png 600w\" sizes=\"(max-width: 888px) 100vw, 888px\" \/><\/p>\n<h2>Khu\u00f4n k\u1eb9o<\/h2>\n<p><img loading=\"lazy\" decoding=\"async\" width=\"998\" height=\"551\" class=\"alignnone wp-image-4067 size-full\" title=\"d\u00e2y chuy\u1ec1n \u0111\u1ed5 k\u1eb9o c\u1ee9ng | m\u00e1y l\u00e0m k\u1eb9o c\u1ee9ng | m\u00e1y l\u00e0m k\u1eb9o caramel\" src=\"https:\/\/www.jymachinetech.com\/wp-content\/uploads\/2021\/12\/Pasted-32.png\" alt=\"d\u00e2y chuy\u1ec1n \u0111\u1ed5 k\u1eb9o c\u1ee9ng | m\u00e1y l\u00e0m k\u1eb9o c\u1ee9ng | m\u00e1y l\u00e0m k\u1eb9o caramel\" srcset=\"https:\/\/www.jymachinetech.com\/wp-content\/uploads\/2021\/12\/Pasted-32.png 998w, https:\/\/www.jymachinetech.com\/wp-content\/uploads\/2021\/12\/Pasted-32-18x10.png 18w, https:\/\/www.jymachinetech.com\/wp-content\/uploads\/2021\/12\/Pasted-32-600x331.png 600w\" sizes=\"(max-width: 998px) 100vw, 998px\" \/><\/p>\n<p><img loading=\"lazy\" decoding=\"async\" width=\"949\" height=\"477\" class=\"alignnone wp-image-4069 size-full\" title=\"d\u00e2y chuy\u1ec1n \u0111\u1ed5 k\u1eb9o c\u1ee9ng | m\u00e1y l\u00e0m k\u1eb9o c\u1ee9ng | m\u00e1y l\u00e0m k\u1eb9o caramel\" src=\"https:\/\/www.jymachinetech.com\/wp-content\/uploads\/2021\/12\/Pasted-34.png\" alt=\"d\u00e2y chuy\u1ec1n \u0111\u1ed5 k\u1eb9o c\u1ee9ng | m\u00e1y l\u00e0m k\u1eb9o c\u1ee9ng | m\u00e1y l\u00e0m k\u1eb9o caramel\" srcset=\"https:\/\/www.jymachinetech.com\/wp-content\/uploads\/2021\/12\/Pasted-34.png 949w, https:\/\/www.jymachinetech.com\/wp-content\/uploads\/2021\/12\/Pasted-34-18x9.png 18w, https:\/\/www.jymachinetech.com\/wp-content\/uploads\/2021\/12\/Pasted-34-600x302.png 600w\" sizes=\"(max-width: 949px) 100vw, 949px\" \/><\/p>\n<p><img loading=\"lazy\" decoding=\"async\" width=\"939\" height=\"491\" class=\"alignnone wp-image-4072 size-full\" title=\"d\u00e2y chuy\u1ec1n \u0111\u1ed5 k\u1eb9o c\u1ee9ng | m\u00e1y l\u00e0m k\u1eb9o c\u1ee9ng | m\u00e1y l\u00e0m k\u1eb9o caramel\" src=\"https:\/\/www.jymachinetech.com\/wp-content\/uploads\/2021\/12\/Pasted-37.png\" alt=\"d\u00e2y chuy\u1ec1n \u0111\u1ed5 k\u1eb9o c\u1ee9ng | m\u00e1y l\u00e0m k\u1eb9o c\u1ee9ng | m\u00e1y l\u00e0m k\u1eb9o caramel\" srcset=\"https:\/\/www.jymachinetech.com\/wp-content\/uploads\/2021\/12\/Pasted-37.png 939w, https:\/\/www.jymachinetech.com\/wp-content\/uploads\/2021\/12\/Pasted-37-18x9.png 18w, https:\/\/www.jymachinetech.com\/wp-content\/uploads\/2021\/12\/Pasted-37-600x314.png 600w\" sizes=\"(max-width: 939px) 100vw, 939px\" \/><\/p>\n<p>&nbsp;<\/p>\n<h2>B\u1ea1n mu\u1ed1n s\u1ea3n xu\u1ea5t lo\u1ea1i k\u1eb9o toffee n\u00e0o?<\/h2>\n<p><img loading=\"lazy\" decoding=\"async\" width=\"1009\" height=\"391\" class=\"alignnone wp-image-4074 size-full\" title=\"d\u00e2y chuy\u1ec1n \u0111\u1ed5 k\u1eb9o c\u1ee9ng | m\u00e1y l\u00e0m k\u1eb9o c\u1ee9ng | m\u00e1y l\u00e0m k\u1eb9o caramel\" src=\"https:\/\/www.jymachinetech.com\/wp-content\/uploads\/2021\/12\/Pasted-39.png\" alt=\"d\u00e2y chuy\u1ec1n \u0111\u1ed5 k\u1eb9o c\u1ee9ng | m\u00e1y l\u00e0m k\u1eb9o c\u1ee9ng | m\u00e1y l\u00e0m k\u1eb9o caramel\" srcset=\"https:\/\/www.jymachinetech.com\/wp-content\/uploads\/2021\/12\/Pasted-39.png 1009w, https:\/\/www.jymachinetech.com\/wp-content\/uploads\/2021\/12\/Pasted-39-18x7.png 18w, https:\/\/www.jymachinetech.com\/wp-content\/uploads\/2021\/12\/Pasted-39-600x233.png 600w\" sizes=\"(max-width: 1009px) 100vw, 1009px\" \/><\/p>\n<h2>B\u1ea1n c\u1ea7n lo\u1ea1i bao b\u00ec n\u00e0o?<\/h2>\n<p>D\u01b0\u1edbi \u0111\u00e2y l\u00e0 m\u1ed9t s\u1ed1 m\u00e1y g\u00f3i k\u1eb9o \u0111\u1ec3 b\u1ea1n tham kh\u1ea3o.<\/p>\n<h2>M\u00e1y g\u00f3i ki\u1ec3u g\u1ed1i<\/h2>\n<p><img loading=\"lazy\" decoding=\"async\" class=\"alignnone wp-image-4075 size-full\" title=\"d\u00e2y chuy\u1ec1n \u0111\u1ed5 k\u1eb9o c\u1ee9ng | m\u00e1y l\u00e0m k\u1eb9o c\u1ee9ng | m\u00e1y l\u00e0m k\u1eb9o caramel\" src=\"https:\/\/www.jymachinetech.com\/wp-content\/uploads\/2021\/12\/Pasted-40.png\" alt=\"d\u00e2y chuy\u1ec1n \u0111\u1ed5 k\u1eb9o c\u1ee9ng | m\u00e1y l\u00e0m k\u1eb9o c\u1ee9ng | m\u00e1y l\u00e0m k\u1eb9o caramel\" width=\"960\" height=\"725\" srcset=\"https:\/\/www.jymachinetech.com\/wp-content\/uploads\/2021\/12\/Pasted-40.png 960w, https:\/\/www.jymachinetech.com\/wp-content\/uploads\/2021\/12\/Pasted-40-16x12.png 16w, https:\/\/www.jymachinetech.com\/wp-content\/uploads\/2021\/12\/Pasted-40-600x453.png 600w\" sizes=\"(max-width: 960px) 100vw, 960px\" \/><\/p>\n<h2>M\u00e1y g\u00f3i xo\u1eafn k\u00e9p<\/h2>\n<p><img loading=\"lazy\" decoding=\"async\" class=\"alignnone wp-image-4076 size-full\" title=\"d\u00e2y chuy\u1ec1n \u0111\u1ed5 k\u1eb9o c\u1ee9ng | m\u00e1y l\u00e0m k\u1eb9o c\u1ee9ng | m\u00e1y l\u00e0m k\u1eb9o caramel\" src=\"https:\/\/www.jymachinetech.com\/wp-content\/uploads\/2021\/12\/Pasted-41.png\" alt=\"d\u00e2y chuy\u1ec1n \u0111\u1ed5 k\u1eb9o c\u1ee9ng | m\u00e1y l\u00e0m k\u1eb9o c\u1ee9ng | m\u00e1y l\u00e0m k\u1eb9o caramel\" width=\"905\" height=\"653\" srcset=\"https:\/\/www.jymachinetech.com\/wp-content\/uploads\/2021\/12\/Pasted-41.png 905w, https:\/\/www.jymachinetech.com\/wp-content\/uploads\/2021\/12\/Pasted-41-18x12.png 18w, https:\/\/www.jymachinetech.com\/wp-content\/uploads\/2021\/12\/Pasted-41-600x433.png 600w\" sizes=\"(max-width: 905px) 100vw, 905px\" \/><\/p>\n<h2>B\u1ea1n c\u00f3 lo l\u1eafng v\u1ec1 c\u00f4ng th\u1ee9c b\u00e1nh k\u1eb9o kh\u00f4ng?<\/h2>\n<p><img loading=\"lazy\" decoding=\"async\" width=\"893\" height=\"688\" class=\"alignnone wp-image-4078 size-full\" title=\"d\u00e2y chuy\u1ec1n \u0111\u1ed5 k\u1eb9o c\u1ee9ng | m\u00e1y l\u00e0m k\u1eb9o c\u1ee9ng | m\u00e1y l\u00e0m k\u1eb9o caramel\" src=\"https:\/\/www.jymachinetech.com\/wp-content\/uploads\/2021\/12\/Pasted-43.png\" alt=\"d\u00e2y chuy\u1ec1n \u0111\u1ed5 k\u1eb9o c\u1ee9ng | m\u00e1y l\u00e0m k\u1eb9o c\u1ee9ng | m\u00e1y l\u00e0m k\u1eb9o caramel\" srcset=\"https:\/\/www.jymachinetech.com\/wp-content\/uploads\/2021\/12\/Pasted-43.png 893w, https:\/\/www.jymachinetech.com\/wp-content\/uploads\/2021\/12\/Pasted-43-16x12.png 16w, https:\/\/www.jymachinetech.com\/wp-content\/uploads\/2021\/12\/Pasted-43-600x462.png 600w\" sizes=\"(max-width: 893px) 100vw, 893px\" \/><\/p>\n<h2><\/h2>\n<h2><strong><b>Y\u00eau c\u1ea7u b\u00e1o gi\u00e1 th\u00eam v\u1ec1 <\/b><\/strong><strong><b>\u0111\u1ed5 k\u1eb9o<\/b><\/strong><strong><b>\u00a0m\u00e1y m\u00f3c<\/b><\/strong><\/h2>\n<p>H\u1ecfi: C\u00f3 bao nhi\u00eau lo\u1ea1i <a href=\"https:\/\/www.jymachinetech.com\/vi\/top-benefits-of-using-a-candy-manufacturing-machine-for-your-business\/\" title=\"Nh\u1eefng l\u1ee3i \u00edch h\u00e0ng \u0111\u1ea7u khi s\u1eed d\u1ee5ng m\u00e1y s\u1ea3n xu\u1ea5t k\u1eb9o cho doanh nghi\u1ec7p c\u1ee7a b\u1ea1n\"  data-wpil-monitor-id=\"56\" target=\"_blank\">k\u1eb9o m\u00e0 m\u00e1y n\u00e0y<\/a> c\u00f3 th\u1ec3 l\u00e0m?<\/p>\n<p>\u0110\u00e1p: N\u00f3 c\u00f3 th\u1ec3 l\u00e0m c\u00e1c s\u1ea3n ph\u1ea9m k\u1eb9o toffee, ch\u1eb3ng h\u1ea1n nh\u01b0 k\u1eb9o toffee m\u1ed9t m\u00e0u, k\u1eb9o toffee nh\u00e2n gi\u1eefa, ho\u1eb7c k\u1eb9o m\u00fat toffee.<\/p>\n<p>H\u1ecfi: T\u00f4i c\u00f3 th\u1ec3 l\u00e0m s\u00f4 c\u00f4 la b\u1eb1ng m\u00e1y n\u00e0y kh\u00f4ng?<\/p>\n<p>\u0110\u00e1p: Kh\u00f4ng, v\u00ec \u0111\u00e2y l\u00e0 ti\u00eau chu\u1ea9n c\u1ee7a ch\u00fang t\u00f4i <a href=\"https:\/\/www.jymachinetech.com\/vi\/beginners-guide-using-gummy-candy-machine-homemade-gummies\/\" title=\"H\u01b0\u1edbng d\u1eabn d\u00e0nh cho ng\u01b0\u1eddi m\u1edbi b\u1eaft \u0111\u1ea7u s\u1eed d\u1ee5ng m\u00e1y l\u00e0m k\u1eb9o d\u1ebbo\"  data-wpil-monitor-id=\"62\" target=\"_blank\">m\u00e1y l\u00e0m k\u1eb9o<\/a>.<\/p>\n<p>H: B\u1ea1n c\u00f3 th\u1ec3 l\u00e0m bao nhi\u00eau mi\u1ebfng trong m\u1ed9t gi\u1edd?<\/p>\n<p>\u0110\u00e1p: \u00cdt nh\u1ea5t 21600 chi\u1ebfc trong m\u1ed9t gi\u1edd.<\/p>\n<p>H: C\u00f4ng su\u1ea5t c\u1ee7a m\u00e1y l\u00e0m k\u1eb9o b\u1ea1n c\u1ea7n l\u00e0 bao nhi\u00eau?<\/p>\n<p>\u0110\u00e1p: Th\u00f4ng th\u01b0\u1eddng ch\u00fang t\u00f4i c\u00f3 th\u1ec3 cung c\u1ea5p c\u00f4ng su\u1ea5t t\u1eeb 40-2000kg m\u1ed7i gi\u1edd.<\/p>\n<p>H\u1ecfi: M\u00e1y c\u1ee7a b\u1ea1n c\u00f3 th\u1ec3 l\u00e0m k\u1eb9o h\u00ecnh d\u1ea1ng v\u00e0 k\u00edch th\u01b0\u1edbc n\u00e0o?<\/p>\n<p>\u0110\u00e1p: B\u1ea5t k\u1ec3 lo\u1ea1i k\u1eb9o n\u00e0o b\u1ea1n c\u1ea7n, ch\u00fang t\u00f4i \u0111\u1ec1u c\u00f3 th\u1ec3 cung c\u1ea5p h\u00ecnh d\u1ea1ng v\u00e0 k\u00edch th\u01b0\u1edbc t\u00f9y ch\u1ec9nh cho b\u1ea1n.<\/p>\n<p>H\u1ecfi: Lo\u1ea1i gia nhi\u1ec7t n\u00e0o? Gia nhi\u1ec7t \u0111i\u1ec7n hay gia nhi\u1ec7t h\u01a1i n\u01b0\u1edbc?<\/p>\n<p>A: Ch\u00fang t\u00f4i c\u00f3 th\u1ec3 cung c\u1ea5p h\u1ec7 th\u1ed1ng s\u01b0\u1edfi \u0111i\u1ec7n ho\u1eb7c s\u01b0\u1edfi h\u01a1i theo m\u00f4i tr\u01b0\u1eddng c\u1ee7a kh\u00e1ch h\u00e0ng.<\/p>\n<h2><strong><span lang=\"EN-US\">T\u1ea1i sao mua m\u00e1y t\u1eeb ch\u00fang t\u00f4i \u2013 Nh\u00e0 s\u1ea3n xu\u1ea5t<\/span><\/strong><\/h2>\n<ul>\n<li value=\"50\"><b><span lang=\"EN-US\">Th\u1eadt s\u1ef1<\/span><\/b><b><span lang=\"EN-US\">nh\u00e0 m\u00e1y<\/span><\/b><b><span lang=\"EN-US\">\u00a0kh\u00f4ng ph\u1ea3i l\u00e0 c\u00f4ng ty th\u01b0\u01a1ng m\u1ea1i<\/span><\/b><\/li>\n<\/ul>\n<p><span lang=\"EN-US\">\u00a0 \u00a0 \u00a0 \u00a0Ch\u00fang ta c\u00f3 th\u1ec3 tham quan nh\u00e0 m\u00e1y c\u00f9ng b\u1ea1n kh\u00f4ng?<\/span><\/p>\n<ul>\n<li value=\"50\"><b><span lang=\"EN-US\">Chuy\u00ean nghi\u1ec7p<\/span><\/b><\/li>\n<\/ul>\n<p><span lang=\"EN-US\">\u00a0 \u00a0 \u00a0 \u00a0Nh\u00e0 m\u00e1y c\u1ee7a ch\u00fang t\u00f4i c\u00f3 h\u01a1n 40 n\u0103m kinh nghi\u1ec7m s\u1ea3n xu\u1ea5t m\u00e1y m\u00f3c.<br \/>\nC\u00f3 12 nh\u00e0 thi\u1ebft k\u1ebf b\u1ea3n v\u1ebd v\u00e0 20 k\u1ef9 s\u01b0 chuy\u00ean nghi\u1ec7p c\u00f3 th\u1ec3 cung c\u1ea5p h\u1ed7 tr\u1ee3 k\u1ef9 thu\u1eadt cho b\u1ea1n m\u1ecdi l\u00fac m\u1ecdi n\u01a1i.<\/span><\/p>\n<ul>\n<li value=\"50\"><b><span lang=\"EN-US\">\u0110\u1ed9 tin c\u1eady<\/span><\/b><\/li>\n<\/ul>\n<p><span lang=\"EN-US\">\u00a0 \u00a0 \u00a0 Nh\u00e0 m\u00e1y hi\u1ec7n \u0111\u1ea1i c\u00f3 h\u01a1n 200 c\u00f4ng nh\u00e2n.<br \/>\nH\u1ec7 th\u1ed1ng ki\u1ec3m so\u00e1t ch\u1ea5t l\u01b0\u1ee3ng nghi\u00eam ng\u1eb7t, ti\u00eau chu\u1ea9n \u0110\u1ee9c ti\u00ean ti\u1ebfn<br \/>\nTrung t\u00e2m gia c\u00f4ng CNC cung c\u1ea5p quy tr\u00ecnh c\u00f4ng ngh\u1ec7 ch\u00ednh x\u00e1c \u0111\u1ec3 x\u1eed l\u00fd m\u1ecdi chi ti\u1ebft c\u1ee7a t\u1eebng m\u00e1y. \u0110\u1ed9i ng\u0169 k\u1ef9 s\u01b0 chuy\u00ean nghi\u1ec7p mang \u0111\u1ebfn cho b\u1ea1n k\u1ebf ho\u1ea1ch t\u1ed1t nh\u1ea5t ph\u00f9 h\u1ee3p v\u1edbi y\u00eau c\u1ea7u c\u1ee7a b\u1ea1n.<\/span><\/p>\n<ul>\n<li value=\"50\"><b><span lang=\"EN-US\">M\u00e1y m\u00f3c Ch\u1ea5t l\u01b0\u1ee3ng Cao<\/span><\/b><\/li>\n<\/ul>\n<p><span lang=\"EN-US\">\u00a0 \u00a0 \u00a0 T\u1ea5t c\u1ea3 m\u00e1y m\u00f3c \u0111\u1ec1u \u0111\u01b0\u1ee3c s\u1ea3n xu\u1ea5t t\u1ea1i nh\u00e0 m\u00e1y \u0111\u1ea1t ti\u00eau chu\u1ea9n GMP<\/span><br \/>\n<span lang=\"EN-US\">\u00a0 \u00a0 \u00a0 Ch\u00fang t\u00f4i c\u00f3 trung t\u00e2m CNC \u0111\u1ec3 gi\u1eef \u0111\u1ed9 ch\u00ednh x\u00e1c c\u1ee7a m\u00e1y.<\/span><br \/>\n<span lang=\"EN-US\">\u00a0 \u00a0 \u00a0 T\u1ea5t c\u1ea3 m\u00e1y m\u00f3c s\u1eed d\u1ee5ng SUS304 v\u00e0 x\u1eed l\u00fd b\u1ec1 m\u1eb7t b\u1eb1ng phun c\u00e1t<\/span><\/p>\n<p>&nbsp;<\/p>\n<h2><strong><span lang=\"EN-US\">Nh\u1eefng g\u00ec ch\u00fang t\u00f4i c\u00f3 th\u1ec3 l\u00e0m cho b\u1ea1n<\/span><\/strong><\/h2>\n<ul>\n<li value=\"50\"><span lang=\"EN-US\">B\u1ed1 tr\u00ed nh\u00e0 m\u00e1y<\/span><\/li>\n<li><span lang=\"EN-US\">Thi\u1ebft k\u1ebf 3D &amp; k\u1ebf ho\u1ea1ch d\u1ef1 \u00e1n<\/span><\/li>\n<li value=\"50\"><span lang=\"EN-US\">Thi\u1ebft k\u1ebf h\u00ecnh d\u1ea1ng t\u00f9y ch\u1ec9nh<\/span><\/li>\n<li><span lang=\"EN-US\">C\u00f4ng th\u1ee9c k\u1eb9o<\/span><\/li>\n<\/ul>","protected":false},"excerpt":{"rendered":"<p>High quality toffee &amp; caramel production can be made by fully automatic servo driven PLC controlled depositing line in an assortment of shape and color include addes-value center filling such as chocolate,jam etc.<br \/>\nThis line mainly consists of auto weighing and mixing system(can be optional),pressure dissolving system,toffee candy cooker,depositor and cooling tunnel and adopt the advances servo system to control the processing.<\/p>","protected":false},"featured_media":1349,"comment_status":"open","ping_status":"closed","template":"","meta":[],"product_brand":[],"product_cat":[16,102],"product_tag":[141,142,143],"class_list":{"0":"post-1344","1":"product","2":"type-product","3":"status-publish","4":"has-post-thumbnail","6":"product_cat-candy-machine","7":"product_cat-toffee-candy-machine","8":"product_tag-hard-candy-machine","9":"product_tag-hard-candy-production-line","10":"product_tag-toffee-candy-machine","12":"first","13":"instock","14":"shipping-taxable","15":"product-type-simple"},"_links":{"self":[{"href":"https:\/\/www.jymachinetech.com\/vi\/wp-json\/wp\/v2\/product\/1344","targetHints":{"allow":["GET"]}}],"collection":[{"href":"https:\/\/www.jymachinetech.com\/vi\/wp-json\/wp\/v2\/product"}],"about":[{"href":"https:\/\/www.jymachinetech.com\/vi\/wp-json\/wp\/v2\/types\/product"}],"replies":[{"embeddable":true,"href":"https:\/\/www.jymachinetech.com\/vi\/wp-json\/wp\/v2\/comments?post=1344"}],"version-history":[{"count":3,"href":"https:\/\/www.jymachinetech.com\/vi\/wp-json\/wp\/v2\/product\/1344\/revisions"}],"predecessor-version":[{"id":7286,"href":"https:\/\/www.jymachinetech.com\/vi\/wp-json\/wp\/v2\/product\/1344\/revisions\/7286"}],"wp:featuredmedia":[{"embeddable":true,"href":"https:\/\/www.jymachinetech.com\/vi\/wp-json\/wp\/v2\/media\/1349"}],"wp:attachment":[{"href":"https:\/\/www.jymachinetech.com\/vi\/wp-json\/wp\/v2\/media?parent=1344"}],"wp:term":[{"taxonomy":"product_brand","embeddable":true,"href":"https:\/\/www.jymachinetech.com\/vi\/wp-json\/wp\/v2\/product_brand?post=1344"},{"taxonomy":"product_cat","embeddable":true,"href":"https:\/\/www.jymachinetech.com\/vi\/wp-json\/wp\/v2\/product_cat?post=1344"},{"taxonomy":"product_tag","embeddable":true,"href":"https:\/\/www.jymachinetech.com\/vi\/wp-json\/wp\/v2\/product_tag?post=1344"}],"curies":[{"name":"wp","href":"https:\/\/api.w.org\/{rel}","templated":true}]}}