{"id":1218,"date":"2020-06-10T06:29:23","date_gmt":"2020-06-10T06:29:23","guid":{"rendered":"https:\/\/www.jymachinetech.com\/?post_type=product&#038;p=1218"},"modified":"2025-07-25T08:44:13","modified_gmt":"2025-07-25T08:44:13","slug":"starch-less-depositing","status":"publish","type":"product","link":"https:\/\/www.jymachinetech.com\/vi\/product\/starch-less-depositing\/","title":{"rendered":"M\u00e1y l\u00e0m k\u1eb9o kh\u00f4ng tinh b\u1ed9t | D\u00e2y chuy\u1ec1n s\u1ea3n xu\u1ea5t k\u1eb9o jelly toffee lollipop"},"content":{"rendered":"<p>H\u1ec7 th\u1ed1ng ph\u00e2n ph\u1ed1i kh\u00f4ng tinh b\u1ed9t n\u00e0y \u0111\u01b0\u1ee3c thi\u1ebft k\u1ebf \u0111\u1ec3 l\u00e0m k\u1eb9o d\u1ea1ng \u0111\u00fac.<\/p>\n<p>N\u00f3 c\u00f3 nhi\u1ec1u lo\u1ea1i s\u1ea3n ph\u1ea9m nh\u01b0 Gummy m\u1ec1m, Jelly, Toffee, Lollipop &amp; K\u1eb9o c\u1ee9ng v\u1edbi c\u00e1c h\u1ec7 th\u1ed1ng n\u1ea5u kh\u00e1c nhau.<\/p>\n<p>V\u00e0 nhi\u1ec1u ki\u1ec3u d\u00e1ng nh\u01b0 nh\u00e2n b\u00ean trong, Cola hai b\u00ean, Hamburger l\u1edbp l\u1edbp, Tornado hai ho\u1eb7c ba m\u00e0u\u2026<\/p>\n<p>G\u1eedi cho ch\u00fang t\u00f4i h\u00ecnh \u1ea3nh c\u00e1c lo\u1ea1i k\u1eb9o b\u1ea1n quan t\u00e2m \u0111\u1ec3 b\u1eaft \u0111\u1ea7u s\u1ea3n xu\u1ea5t m\u00e1y t\u00f9y ch\u1ec9nh ngay b\u00e2y gi\u1edd!<\/p>\n<h2><strong>Th\u00f4ng s\u1ed1 k\u1ef9 thu\u1eadt<\/strong><\/h2>\n<div class=\"table-responsive\">\n<table>\n<tbody>\n<tr>\n<td width=\"60\"><strong><b>M\u1eabu m\u00e3<\/b><\/strong><\/td>\n<td width=\"60\"><strong><b>JY<\/b><\/strong><strong><b>-40<\/b><\/strong><\/td>\n<td width=\"60\"><strong><b>JY<\/b><\/strong><strong><b>-80<\/b><\/strong><\/td>\n<td width=\"60\"><strong><b>JY<\/b><\/strong><strong><b>-150<\/b><\/strong><\/td>\n<td width=\"60\"><strong><b>JY<\/b><\/strong><strong><b>-300<\/b><\/strong><\/td>\n<td width=\"60\"><strong><b>JY<\/b><\/strong><strong><b>-600<\/b><\/strong><\/td>\n<td width=\"60\"><strong><b>JY<\/b><\/strong><strong><b>-1500<\/b><\/strong><\/td>\n<\/tr>\n<tr>\n<td width=\"60\">C\u00f4ng Su\u1ea5t<\/p>\n<p>C\u00c1I\/GI\u1edc<\/td>\n<td width=\"60\">8,000-<\/p>\n<p>12,000<\/td>\n<td width=\"60\">12,000-<\/p>\n<p>21,600<\/td>\n<td width=\"60\">25,000-<\/p>\n<p>43,200<\/td>\n<td width=\"60\">50,000-<\/p>\n<p>86,400<\/td>\n<td width=\"60\">10,000-<\/p>\n<p>172,800<\/td>\n<td width=\"60\">384,000-<\/p>\n<p>768,000<\/td>\n<\/tr>\n<tr>\n<td width=\"60\">Chi\u1ec1u d\u00e0i<\/td>\n<td width=\"60\"><\/td>\n<td width=\"60\"><\/td>\n<td width=\"60\"><\/td>\n<td width=\"60\"><\/td>\n<td width=\"60\"><\/td>\n<td width=\"60\"><\/td>\n<\/tr>\n<\/tbody>\n<\/table>\n<\/div>\n<p>&nbsp;<\/p>\n<h2><strong><span lang=\"EN-US\">C\u00e1c lo\u1ea1i k\u1eb9o c\u00f3 th\u1ec3 l\u00e0m b\u1eb1ng m\u00e1y n\u00e0y?<\/span><\/strong><\/h2>\n<p><img fetchpriority=\"high\" decoding=\"async\" class=\"alignnone size-full wp-image-1220\" title=\"m\u00e1y l\u00e0m k\u1eb9o kh\u00f4ng tinh b\u1ed9t | d\u00e2y chuy\u1ec1n s\u1ea3n xu\u1ea5t k\u1eb9o jelly, k\u1eb9o d\u1ebbo, k\u1eb9o m\u00fat\" src=\"https:\/\/www.jymachinetech.com\/wp-content\/uploads\/2021\/12\/Starch-less-depositing-2.png\" alt=\"m\u00e1y l\u00e0m k\u1eb9o kh\u00f4ng tinh b\u1ed9t | d\u00e2y chuy\u1ec1n s\u1ea3n xu\u1ea5t k\u1eb9o jelly, k\u1eb9o d\u1ebbo, k\u1eb9o m\u00fat\" width=\"1272\" height=\"383\" srcset=\"https:\/\/www.jymachinetech.com\/wp-content\/uploads\/2021\/12\/Starch-less-depositing-2.png 1272w, https:\/\/www.jymachinetech.com\/wp-content\/uploads\/2021\/12\/Starch-less-depositing-2-18x5.png 18w, https:\/\/www.jymachinetech.com\/wp-content\/uploads\/2021\/12\/Starch-less-depositing-2-600x181.png 600w\" sizes=\"(max-width: 1272px) 100vw, 1272px\" \/><\/p>\n<p>&nbsp;<\/p>\n<h2>N\u1ed3i n\u1ea5u ch\u00e2n kh\u00f4ng phim vi m\u00f4<\/h2>\n<p>Quy tr\u00ecnh n\u1ea5u phim m\u1ecfng \u0111\u1ed9c \u0111\u00e1o c\u1ee7a n\u00f3 mang l\u1ea1i ch\u1ea5t l\u01b0\u1ee3ng cao \u1ed5n \u0111\u1ecbnh cho nhi\u1ec1u lo\u1ea1i siro \u0111\u01b0\u1eddng v\u00e0 siro kh\u00f4ng \u0111\u01b0\u1eddng \u0111\u1ec3 l\u00e0m k\u1eb9o c\u1ee9ng v\u00e0 lollipop.<\/p>\n<p>Rotor c\u00f3 b\u1ea3n l\u1ec1 qu\u00e9t m\u1ed9t l\u1edbp phim m\u1ecfng, \u0111\u1ec1u c\u1ee7a siro l\u00ean trong \u1ed1ng n\u01a1i n\u00f3 nhanh ch\u00f3ng n\u1ea5u ch\u00edn. V\u1edbi n\u0103ng su\u1ea5t cao, \u0111\u1ed9 trong su\u1ed1t cao c\u1ee7a siro \u0111\u1ec3 k\u00e9o d\u00e0i th\u1eddi gian b\u1ea3o qu\u1ea3n, v\u00e0 v\u1eadn h\u00e0nh ti\u1ec7n l\u1ee3i, \u0111\u00e2y l\u00e0 s\u1ef1 l\u1ef1a ch\u1ecdn h\u00e0ng \u0111\u1ea7u cho c\u00e1c lo\u1ea1i k\u1eb9o ch\u1ea5t l\u01b0\u1ee3ng cao.<\/p>\n<h2>N\u1ed3i n\u1ea5u ch\u00e2n kh\u00f4ng k\u1eb9o Gummy<\/h2>\n<p>M\u00e1y n\u00e0y ti\u00ean ti\u1ebfn v\u00e0 ph\u00f9 h\u1ee3p \u0111\u1ec3 n\u1ea5u pectin, agar, carrageenan v\u00e0 c\u00e1c lo\u1ea1i tinh b\u1ed9t bi\u1ebfn \u0111\u1ed5i kh\u00e1c \u0111\u1ec3 s\u1ea3n xu\u1ea5t gummy. Qu\u00e1 tr\u00ecnh n\u1ea5u k\u00edn v\u00f2ng s\u1eed d\u1ee5ng ch\u1ebf \u0111\u1ed9 nhi\u1ec7t \u0111\u1ed9 ho\u1eb7c \u00e1p su\u1ea5t \u0111\u1ec3 \u0111\u1ea1t \u0111\u01b0\u1ee3c nhi\u1ec7t \u0111\u1ed9 cu\u1ed1i c\u00f9ng ch\u00ednh x\u00e1c ho\u1eb7c \u0111\u1ed9 \u1ea9m, gi\u00fap gi\u1ea3m th\u1eddi gian s\u1ea5y gummy, k\u00e9o d\u00e0i h\u1ea1n s\u1eed d\u1ee5ng v\u00e0 gi\u1ea3m b\u1ecdt kh\u00ed trong qu\u00e1 tr\u00ecnh li\u00ean t\u1ee5c.<\/p>\n<h2>N\u1ed3i n\u1ea5u Toffee &amp; Caramel<\/h2>\n<p>\u0110\u00e2y l\u00e0 n\u1ed3i n\u1ea5u cho c\u00e1c lo\u1ea1i k\u1eb9o m\u1ec1m nh\u01b0 k\u1eb9o d\u1ebbo, caramel, toffee v\u00e0 fudge.<\/p>\n<p>V\u00e0 Caramel s\u1eed d\u1ee5ng b\u1ed9 trao \u0111\u1ed5i nhi\u1ec7t d\u1ea1ng t\u1ea5m hi\u1ec7u qu\u1ea3 cao \u0111\u1ec3 n\u1ea5u h\u1ed7n h\u1ee3p \u0111\u01b0\u1eddng \/ glucose c\u01a1 b\u1ea3n, trong khi s\u1eefa \u0111\u1eb7c ho\u1eb7c c\u00e1c ch\u1ea5t nh\u1ea1y nhi\u1ec7t kh\u00e1c \u0111\u01b0\u1ee3c b\u01a1m v\u00e0o sau PHE v\u00e0 sau \u0111\u00f3 n\u1ea5u trong b\u00ecnh caramel \u0111\u1ec3 ph\u00e1t tri\u1ec3n m\u00e0u s\u1eafc v\u00e0 h\u01b0\u01a1ng v\u1ecb mong mu\u1ed1n. H\u1ec7 th\u1ed1ng \u0111\u01a1n gi\u1ea3n, kh\u00f4ng c\u1ea7n b\u1ea3o tr\u00ec n\u00e0y cho ph\u00e9p s\u1ea3n xu\u1ea5t c\u00e1c lo\u1ea1i toffee v\u00e0 caramel cao c\u1ea5p v\u1edbi h\u00e0m l\u01b0\u1ee3ng s\u1eefa cao.<\/p>\n<h2>M\u00e1y t\u1ea1o kh\u00ed li\u00ean t\u1ee5c<\/h2>\n<p>Ba v\u00f9ng \u0111i\u1ec1u ch\u1ec9nh nhi\u1ec7t \u0111\u1ed9 v\u1edbi b\u1ed9 l\u00e0m l\u1ea1nh n\u00f3ng &amp; l\u1ea1nh \u0111\u1ec3 ki\u1ec3m so\u00e1t m\u00e1y t\u1ea1o kh\u00ed trong qu\u00e1 tr\u00ecnh tr\u1ed9n \u0111\u1ec3 \u0111\u1ea1t k\u1ebft qu\u1ea3 t\u1ed1t h\u01a1n c\u1ee7a qu\u00e1 tr\u00ecnh t\u1ea1o kh\u00ed.<\/p>\n<p>B\u00ean trong v\u1edbi thanh tr\u1ed9n d\u00e0y \u0111\u1eb7c quay t\u1ed1c \u0111\u1ed9 cao \u0111\u1ec3 \u0111\u1ea1t \u0111\u01b0\u1ee3c m\u1eadt \u0111\u1ed9 v\u00e0 c\u1ea5u tr\u00fac mong mu\u1ed1n.<\/p>\n<h2>N\u1ed3i n\u1ea5u k\u1eb9o s\u1eefa &amp; k\u1eb9o d\u1ebbo k\u00e9o<\/h2>\n<p>N\u1ed3i n\u1ea5u ch\u00e2n kh\u00f4ng m\u00e0ng m\u1ecfng li\u00ean t\u1ee5c n\u00e0y \u0111\u01b0\u1ee3c s\u1eed d\u1ee5ng cho k\u1eb9o s\u1eefa, k\u1eb9o b\u01a1 c\u1ee9ng, v.v\u2026<\/p>\n<p>S\u1ef1 kh\u00e1c bi\u1ec7t l\u00e0 n\u00f3 s\u1ebd b\u1ea3o v\u1ec7 c\u00e1c th\u00e0nh ph\u1ea7n c\u1ee7a s\u1ea3n ph\u1ea9m s\u1eefa kh\u1ecfi nhi\u1ec7t \u0111\u1ed9 cao t\u1eeb n\u1ed3i n\u1ea5u th\u00f4ng th\u01b0\u1eddng v\u00e0 gi\u1eef \u0111\u01b0\u1ee3c h\u01b0\u01a1ng v\u1ecb s\u1eefa t\u1ed1i \u0111a.<\/p>\n<p>&nbsp;<\/p>\n<h2>H\u1ec7 th\u1ed1ng b\u1ebfp t\u1ef1 \u0111\u1ed9ng<\/h2>\n<p><img decoding=\"async\" class=\"alignnone size-full wp-image-1800\" title=\"m\u00e1y l\u00e0m k\u1eb9o kh\u00f4ng tinh b\u1ed9t | d\u00e2y chuy\u1ec1n s\u1ea3n xu\u1ea5t k\u1eb9o jelly, k\u1eb9o d\u1ebbo, k\u1eb9o m\u00fat\" src=\"https:\/\/www.jymachinetech.com\/wp-content\/uploads\/2021\/12\/kitchen-system.jpg\" alt=\"m\u00e1y l\u00e0m k\u1eb9o kh\u00f4ng tinh b\u1ed9t | d\u00e2y chuy\u1ec1n s\u1ea3n xu\u1ea5t k\u1eb9o jelly, k\u1eb9o d\u1ebbo, k\u1eb9o m\u00fat\" width=\"999\" height=\"666\" srcset=\"https:\/\/www.jymachinetech.com\/wp-content\/uploads\/2021\/12\/kitchen-system.jpg 999w, https:\/\/www.jymachinetech.com\/wp-content\/uploads\/2021\/12\/kitchen-system-18x12.jpg 18w, https:\/\/www.jymachinetech.com\/wp-content\/uploads\/2021\/12\/kitchen-system-600x400.jpg 600w\" sizes=\"(max-width: 999px) 100vw, 999px\" \/><\/p>\n<h2>M\u00e1y t\u1ea1o h\u00ecnh<\/h2>\n<p><img decoding=\"async\" class=\"alignnone size-full wp-image-1798\" title=\"m\u00e1y l\u00e0m k\u1eb9o kh\u00f4ng tinh b\u1ed9t | d\u00e2y chuy\u1ec1n s\u1ea3n xu\u1ea5t k\u1eb9o jelly, k\u1eb9o d\u1ebbo, k\u1eb9o m\u00fat\" src=\"https:\/\/www.jymachinetech.com\/wp-content\/uploads\/2021\/12\/forming-machine.jpg\" alt=\"m\u00e1y l\u00e0m k\u1eb9o kh\u00f4ng tinh b\u1ed9t | d\u00e2y chuy\u1ec1n s\u1ea3n xu\u1ea5t k\u1eb9o jelly, k\u1eb9o d\u1ebbo, k\u1eb9o m\u00fat\" width=\"999\" height=\"666\" srcset=\"https:\/\/www.jymachinetech.com\/wp-content\/uploads\/2021\/12\/forming-machine.jpg 999w, https:\/\/www.jymachinetech.com\/wp-content\/uploads\/2021\/12\/forming-machine-18x12.jpg 18w, https:\/\/www.jymachinetech.com\/wp-content\/uploads\/2021\/12\/forming-machine-600x400.jpg 600w\" sizes=\"(max-width: 999px) 100vw, 999px\" \/><\/p>\n<h2>M\u00e1y r\u00f3t k\u1eb9o d\u1ebbo<\/h2>\n<p><img loading=\"lazy\" decoding=\"async\" class=\"alignnone size-full wp-image-1799\" title=\"m\u00e1y l\u00e0m k\u1eb9o kh\u00f4ng tinh b\u1ed9t | d\u00e2y chuy\u1ec1n s\u1ea3n xu\u1ea5t k\u1eb9o jelly, k\u1eb9o d\u1ebbo, k\u1eb9o m\u00fat\" src=\"https:\/\/www.jymachinetech.com\/wp-content\/uploads\/2021\/12\/gummy-depositor.jpg\" alt=\"m\u00e1y l\u00e0m k\u1eb9o kh\u00f4ng tinh b\u1ed9t | d\u00e2y chuy\u1ec1n s\u1ea3n xu\u1ea5t k\u1eb9o jelly, k\u1eb9o d\u1ebbo, k\u1eb9o m\u00fat\" width=\"999\" height=\"666\" srcset=\"https:\/\/www.jymachinetech.com\/wp-content\/uploads\/2021\/12\/gummy-depositor.jpg 999w, https:\/\/www.jymachinetech.com\/wp-content\/uploads\/2021\/12\/gummy-depositor-18x12.jpg 18w, https:\/\/www.jymachinetech.com\/wp-content\/uploads\/2021\/12\/gummy-depositor-600x400.jpg 600w\" sizes=\"(max-width: 999px) 100vw, 999px\" \/><\/p>\n<h2>H\u1ec7 th\u1ed1ng ti\u00eam que k\u1eb9o m\u00fat<\/h2>\n<p><img loading=\"lazy\" decoding=\"async\" class=\"alignnone size-full wp-image-1801\" title=\"m\u00e1y l\u00e0m k\u1eb9o kh\u00f4ng tinh b\u1ed9t | d\u00e2y chuy\u1ec1n s\u1ea3n xu\u1ea5t k\u1eb9o jelly, k\u1eb9o d\u1ebbo, k\u1eb9o m\u00fat\" src=\"https:\/\/www.jymachinetech.com\/wp-content\/uploads\/2021\/12\/Lollipop-stick-injection-system.jpg\" alt=\"m\u00e1y l\u00e0m k\u1eb9o kh\u00f4ng tinh b\u1ed9t | d\u00e2y chuy\u1ec1n s\u1ea3n xu\u1ea5t k\u1eb9o jelly, k\u1eb9o d\u1ebbo, k\u1eb9o m\u00fat\" width=\"999\" height=\"681\" srcset=\"https:\/\/www.jymachinetech.com\/wp-content\/uploads\/2021\/12\/Lollipop-stick-injection-system.jpg 999w, https:\/\/www.jymachinetech.com\/wp-content\/uploads\/2021\/12\/Lollipop-stick-injection-system-18x12.jpg 18w, https:\/\/www.jymachinetech.com\/wp-content\/uploads\/2021\/12\/Lollipop-stick-injection-system-600x409.jpg 600w\" sizes=\"(max-width: 999px) 100vw, 999px\" \/><\/p>\n<h2>C\u00e1p \u0111i\u1ec1u khi\u1ec3n<\/h2>\n<p><img loading=\"lazy\" decoding=\"async\" class=\"alignnone size-full wp-image-1796\" title=\"m\u00e1y l\u00e0m k\u1eb9o kh\u00f4ng tinh b\u1ed9t | d\u00e2y chuy\u1ec1n s\u1ea3n xu\u1ea5t k\u1eb9o jelly, k\u1eb9o d\u1ebbo, k\u1eb9o m\u00fat\" src=\"https:\/\/www.jymachinetech.com\/wp-content\/uploads\/2021\/12\/control-cable.jpg\" alt=\"m\u00e1y l\u00e0m k\u1eb9o kh\u00f4ng tinh b\u1ed9t | d\u00e2y chuy\u1ec1n s\u1ea3n xu\u1ea5t k\u1eb9o jelly, k\u1eb9o d\u1ebbo, k\u1eb9o m\u00fat\" width=\"999\" height=\"666\" srcset=\"https:\/\/www.jymachinetech.com\/wp-content\/uploads\/2021\/12\/control-cable.jpg 999w, https:\/\/www.jymachinetech.com\/wp-content\/uploads\/2021\/12\/control-cable-18x12.jpg 18w, https:\/\/www.jymachinetech.com\/wp-content\/uploads\/2021\/12\/control-cable-600x400.jpg 600w\" sizes=\"(max-width: 999px) 100vw, 999px\" \/><\/p>\n<h2>H\u1ec7 th\u1ed1ng l\u00e0m m\u00e1t b\u1eb1ng tunnel<\/h2>\n<p>&nbsp;<\/p>\n<h2>T\u00e1ch khu\u00f4n<\/h2>\n<p><img loading=\"lazy\" decoding=\"async\" class=\"alignnone size-full wp-image-1797\" title=\"m\u00e1y l\u00e0m k\u1eb9o kh\u00f4ng tinh b\u1ed9t | d\u00e2y chuy\u1ec1n s\u1ea3n xu\u1ea5t k\u1eb9o jelly, k\u1eb9o d\u1ebbo, k\u1eb9o m\u00fat\" src=\"https:\/\/www.jymachinetech.com\/wp-content\/uploads\/2021\/12\/demolding.jpg\" alt=\"m\u00e1y l\u00e0m k\u1eb9o kh\u00f4ng tinh b\u1ed9t | d\u00e2y chuy\u1ec1n s\u1ea3n xu\u1ea5t k\u1eb9o jelly, k\u1eb9o d\u1ebbo, k\u1eb9o m\u00fat\" width=\"999\" height=\"666\" srcset=\"https:\/\/www.jymachinetech.com\/wp-content\/uploads\/2021\/12\/demolding.jpg 999w, https:\/\/www.jymachinetech.com\/wp-content\/uploads\/2021\/12\/demolding-18x12.jpg 18w, https:\/\/www.jymachinetech.com\/wp-content\/uploads\/2021\/12\/demolding-600x400.jpg 600w\" sizes=\"(max-width: 999px) 100vw, 999px\" \/><\/p>\n<p>&nbsp;<\/p>\n<h2>S\u1ea3n xu\u1ea5t m\u00e1y l\u00e0m k\u1eb9o kh\u00f4ng tinh b\u1ed9t<\/h2>\n<p><img loading=\"lazy\" decoding=\"async\" class=\"alignnone size-full wp-image-1802\" title=\"m\u00e1y l\u00e0m k\u1eb9o kh\u00f4ng tinh b\u1ed9t | d\u00e2y chuy\u1ec1n s\u1ea3n xu\u1ea5t k\u1eb9o jelly, k\u1eb9o d\u1ebbo, k\u1eb9o m\u00fat\" src=\"https:\/\/www.jymachinetech.com\/wp-content\/uploads\/2021\/12\/prodcutin1.jpg\" alt=\"m\u00e1y l\u00e0m k\u1eb9o kh\u00f4ng tinh b\u1ed9t | d\u00e2y chuy\u1ec1n s\u1ea3n xu\u1ea5t k\u1eb9o jelly, k\u1eb9o d\u1ebbo, k\u1eb9o m\u00fat\" width=\"999\" height=\"666\" srcset=\"https:\/\/www.jymachinetech.com\/wp-content\/uploads\/2021\/12\/prodcutin1.jpg 999w, https:\/\/www.jymachinetech.com\/wp-content\/uploads\/2021\/12\/prodcutin1-18x12.jpg 18w, https:\/\/www.jymachinetech.com\/wp-content\/uploads\/2021\/12\/prodcutin1-600x400.jpg 600w\" sizes=\"(max-width: 999px) 100vw, 999px\" \/><\/p>\n<p><img loading=\"lazy\" decoding=\"async\" class=\"alignnone size-full wp-image-1803\" title=\"m\u00e1y l\u00e0m k\u1eb9o kh\u00f4ng tinh b\u1ed9t | d\u00e2y chuy\u1ec1n s\u1ea3n xu\u1ea5t k\u1eb9o jelly, k\u1eb9o d\u1ebbo, k\u1eb9o m\u00fat\" src=\"https:\/\/www.jymachinetech.com\/wp-content\/uploads\/2021\/12\/production1.jpg\" alt=\"m\u00e1y l\u00e0m k\u1eb9o kh\u00f4ng tinh b\u1ed9t | d\u00e2y chuy\u1ec1n s\u1ea3n xu\u1ea5t k\u1eb9o jelly, k\u1eb9o d\u1ebbo, k\u1eb9o m\u00fat\" width=\"999\" height=\"666\" srcset=\"https:\/\/www.jymachinetech.com\/wp-content\/uploads\/2021\/12\/production1.jpg 999w, https:\/\/www.jymachinetech.com\/wp-content\/uploads\/2021\/12\/production1-18x12.jpg 18w, https:\/\/www.jymachinetech.com\/wp-content\/uploads\/2021\/12\/production1-600x400.jpg 600w\" sizes=\"(max-width: 999px) 100vw, 999px\" \/><\/p>\n<p><img loading=\"lazy\" decoding=\"async\" class=\"alignnone size-full wp-image-1804\" title=\"m\u00e1y l\u00e0m k\u1eb9o kh\u00f4ng tinh b\u1ed9t | d\u00e2y chuy\u1ec1n s\u1ea3n xu\u1ea5t k\u1eb9o jelly, k\u1eb9o d\u1ebbo, k\u1eb9o m\u00fat\" src=\"https:\/\/www.jymachinetech.com\/wp-content\/uploads\/2021\/12\/production2.jpg\" alt=\"m\u00e1y l\u00e0m k\u1eb9o kh\u00f4ng tinh b\u1ed9t | d\u00e2y chuy\u1ec1n s\u1ea3n xu\u1ea5t k\u1eb9o jelly, k\u1eb9o d\u1ebbo, k\u1eb9o m\u00fat\" width=\"999\" height=\"666\" srcset=\"https:\/\/www.jymachinetech.com\/wp-content\/uploads\/2021\/12\/production2.jpg 999w, https:\/\/www.jymachinetech.com\/wp-content\/uploads\/2021\/12\/production2-18x12.jpg 18w, https:\/\/www.jymachinetech.com\/wp-content\/uploads\/2021\/12\/production2-600x400.jpg 600w\" sizes=\"(max-width: 999px) 100vw, 999px\" \/><\/p>\n<p><img loading=\"lazy\" decoding=\"async\" class=\"alignnone size-full wp-image-1806\" title=\"m\u00e1y l\u00e0m k\u1eb9o kh\u00f4ng tinh b\u1ed9t | d\u00e2y chuy\u1ec1n s\u1ea3n xu\u1ea5t k\u1eb9o jelly, k\u1eb9o d\u1ebbo, k\u1eb9o m\u00fat\" src=\"https:\/\/www.jymachinetech.com\/wp-content\/uploads\/2021\/12\/production4.jpg\" alt=\"m\u00e1y l\u00e0m k\u1eb9o kh\u00f4ng tinh b\u1ed9t | d\u00e2y chuy\u1ec1n s\u1ea3n xu\u1ea5t k\u1eb9o jelly, k\u1eb9o d\u1ebbo, k\u1eb9o m\u00fat\" width=\"999\" height=\"666\" srcset=\"https:\/\/www.jymachinetech.com\/wp-content\/uploads\/2021\/12\/production4.jpg 999w, https:\/\/www.jymachinetech.com\/wp-content\/uploads\/2021\/12\/production4-18x12.jpg 18w, https:\/\/www.jymachinetech.com\/wp-content\/uploads\/2021\/12\/production4-600x400.jpg 600w\" sizes=\"(max-width: 999px) 100vw, 999px\" \/><\/p>\n<h2>C\u00e2u h\u1ecfi th\u01b0\u1eddng g\u1eb7p v\u1ec1 m\u00e1y l\u00e0m k\u1eb9o kh\u00f4ng tinh b\u1ed9t<\/h2>\n<p>Q1: T\u00f4i kh\u00f4ng c\u00f3 kinh nghi\u1ec7m &amp; c\u00f4ng th\u1ee9c, b\u1ea1n c\u00f3 th\u1ec3 gi\u00fap kh\u00f4ng?<\/p>\n<p>-A: C\u00f3, ch\u00fang t\u00f4i cung c\u1ea5p m\u1ed9t k\u1ebf ho\u1ea1ch to\u00e0n di\u1ec7n t\u1eeb c\u00f4ng th\u1ee9c \u0111\u1ebfn h\u1ed7 tr\u1ee3 s\u1ea3n ph\u1ea9m<\/p>\n<p>Q2: T\u00f4i c\u00f3 th\u1ec3 l\u00e0m k\u1eb9o c\u1ee9ng <a href=\"https:\/\/www.jymachinetech.com\/vi\/top-benefits-of-using-a-candy-manufacturing-machine-for-your-business\/\" title=\"Nh\u1eefng l\u1ee3i \u00edch h\u00e0ng \u0111\u1ea7u khi s\u1eed d\u1ee5ng m\u00e1y s\u1ea3n xu\u1ea5t k\u1eb9o cho doanh nghi\u1ec7p c\u1ee7a b\u1ea1n\"  data-wpil-monitor-id=\"54\" target=\"_blank\">tr\u00ean m\u00e1y n\u00e0y kh\u00f4ng?<\/a>?<\/p>\n<p>-A: C\u00f3, nh\u01b0ng c\u00f2n k\u1eb9o d\u1ebbo k\u00e9o, k\u1eb9o m\u00fat n\u1eefa.<\/p>\n<p>Q3: \u0110i\u1ec7n \u00e1p v\u00e0 Ampe c\u1ee7a m\u00e1y l\u00e0 bao nhi\u00eau?<\/p>\n<p>-A: Ch\u00fang t\u00f4i t\u00f9y ch\u1ec9nh thi\u1ebft b\u1ecb theo \u0111i\u1ec7n \u00e1p c\u1ee7a b\u1ea1n, v\u00e0 v\u1edbi c\u00e1c \u0111i\u1ec7n \u00e1p kh\u00e1c nhau, ch\u00fang t\u00f4i s\u1ebd t\u00ednh to\u00e1n danh s\u00e1ch ampe cho b\u1ea1n.<\/p>\n<p>Q4: T\u00f4i mu\u1ed1n th\u00eam m\u1ed9t nh\u00e0 thu\u1ed1c b\u00ean trong <a href=\"https:\/\/www.jymachinetech.com\/vi\/beginners-guide-using-gummy-candy-machine-homemade-gummies\/\" title=\"H\u01b0\u1edbng d\u1eabn d\u00e0nh cho ng\u01b0\u1eddi m\u1edbi b\u1eaft \u0111\u1ea7u s\u1eed d\u1ee5ng m\u00e1y l\u00e0m k\u1eb9o d\u1ebbo\"  data-wpil-monitor-id=\"61\" target=\"_blank\">k\u1eb9o c\u1ee7a m\u00e1y b\u1ea1n<\/a> c\u00f3 ch\u1ee9ng nh\u1eadn n\u00e0o gi\u00fap t\u00f4i v\u01b0\u1ee3t qua y\u00eau c\u1ea7u c\u1ee7a FDA kh\u00f4ng?<\/p>\n<p>-A: C\u00f3, ch\u00fang t\u00f4i c\u00f3 ch\u1ee9ng nh\u1eadn CE v\u00e0 \u0111\u00e3 s\u1eed d\u1ee5ng t\u1ea5t c\u1ea3 c\u00e1c th\u01b0\u01a1ng hi\u1ec7u \u0111\u01b0\u1ee3c li\u1ec7t k\u00ea b\u1edfi UL&amp;EU theo ti\u00eau chu\u1ea9n GMP nghi\u00eam ng\u1eb7t.<\/p>\n<p>Q5\uff1aT\u00f4i c\u1ea7n chu\u1ea9n b\u1ecb g\u00ec n\u1eefa, m\u00e1y n\u00e0y c\u00f3 c\u1ea7n kh\u00ed n\u00e9n s\u1ea1ch kh\u00f4ng?<\/p>\n<p>-A: Trong ph\u1ea7n l\u1edbn kh\u00f4ng gian c\u1ee7a kh\u00e1ch h\u00e0ng, m\u00e1y n\u00e0y ch\u1ec9 c\u1ea7n k\u1ebft n\u1ed1i ngu\u1ed3n \u0111i\u1ec7n, ti\u1ebft ki\u1ec7m chi ph\u00ed v\u00e0 qu\u00e1 tr\u00ecnh ph\u00e1t tri\u1ec3n lu\u1ed3ng kh\u00ed n\u00e9n ph\u1ee9c t\u1ea1p. S\u1eed d\u1ee5ng servo \u0111\u1ec3 ki\u1ec3m so\u00e1t \u0111\u01a1n gi\u1ea3n &amp; th\u00f4ng minh, kh\u00f4ng c\u1ea7n k\u1ebft n\u1ed1i h\u1ec7 th\u1ed1ng ph\u1ee5 cho m\u00e1y.<\/p>\n<p>Q6: T\u00f4i n\u00ean c\u00e0i \u0111\u1eb7t nhi\u1ec7t \u0111\u1ed9 v\u00e0 tr\u1ecdng l\u01b0\u1ee3ng k\u1eb9o nh\u01b0 th\u1ebf n\u00e0o?<\/p>\n<p>-A: B\u1eb1ng h\u1ed9p \u0111i\u1ec1u khi\u1ec3n v\u00e0 c\u00e0i \u0111\u1eb7t tr\u00ean m\u00e0n h\u00ecnh c\u1ea3m \u1ee9ng \u0111\u1ec3 \u0111i\u1ec1u ch\u1ec9nh.<\/p>\n<p>Q7: T\u00f4i c\u00f3 c\u1ea7n di chuy\u1ec3n khu\u00f4n m\u1eabu \u0111\u1ebfn b\u01b0\u1edbc l\u00e0m m\u00e1t kh\u00f4ng?<\/p>\n<p>-A: Kh\u00f4ng, m\u00e1y ho\u00e0n to\u00e0n t\u1ef1 \u0111\u1ed9ng t\u1eeb b\u1ed9 phun v\u00e0 l\u00e0m m\u00e1t, b\u1ea1n ch\u1ec9 c\u1ea7n thu th\u1eadp k\u1eb9o v\u00e0 m\u00e1y s\u1ebd t\u1ef1 tho\u00e1t ra!<\/p>\n<p>Q8: T\u00f4i c\u00f3 c\u1ea7n chuy\u00ean gia \u0111\u1ec3 l\u1eafp \u0111\u1eb7t m\u00e1y kh\u00f4ng?<\/p>\n<p>-A: H\u1ec7 th\u1ed1ng \u0111i\u1ec7n c\u1ee7a m\u00e1y \u0111\u01b0\u1ee3c k\u1ebft n\u1ed1i b\u1eb1ng b\u1ed9 n\u1ed1i nhanh v\u00e0 d\u1ec5 d\u00e0ng c\u00e0i \u0111\u1eb7t tr\u00ean m\u00e0n h\u00ecnh c\u1ea3m \u1ee9ng nh\u01b0 \u0111i\u1ec7n tho\u1ea1i th\u00f4ng minh ho\u1eb7c n\u1ebfu c\u1ea7n, ch\u00fang t\u00f4i c\u00f3 \u0111\u1ed9i h\u1ed7 tr\u1ee3 k\u1ef9 thu\u1eadt \u0111\u1ecba ph\u01b0\u01a1ng c\u00f3 th\u1ec3 gi\u00fap.<\/p>\n<p>Ch\u00fang t\u00f4i cung c\u1ea5p m\u00e1y l\u00e0m k\u1eb9o gummy vitamin, N\u1ebfu b\u1ea1n quan t\u00e2m \u0111\u1ebfn m\u00e1y l\u00e0m k\u1eb9o gummy vitamin, b\u1ea1n c\u00f3 th\u1ec3 xem c\u00e1c s\u1ea3n ph\u1ea9m li\u00ean quan v\u00e0 b\u1eaft \u0111\u1ea7u t\u01b0 v\u1ea5n tr\u00ean trang web c\u1ee7a ch\u00fang t\u00f4i.<\/p>\n<h2><strong><b>T\u1ea1i sao<\/b><\/strong><strong><b>\u00a0<\/b><\/strong><strong><b>ch\u1ecdn<\/b><\/strong><strong><b>\u00a0junyu?<\/b><\/strong><\/h2>\n<ul>\n<li>\u0110\u1ed9i ng\u0169 D\u1ecbch v\u1ee5 Qu\u1ed1c t\u1ebf<\/li>\n<li>D\u1ecbch v\u1ee5 \u0111\u1ecba ph\u01b0\u01a1ng NormathAmerica<\/li>\n<li>B\u1ea3o tr\u00ec m\u00e1y Anumalmachine<\/li>\n<li>Trung t\u00e2m ph\u1ee5 t\u00f9ng 24H\/7 ng\u00e0y<\/li>\n<li>Thi\u1ebft k\u1ebf nh\u00e0 m\u00e1y mi\u1ec5n ph\u00ed<\/li>\n<li>M\u1eabu h\u00ecnh t\u00f9y ch\u1ec9nh mi\u1ec5n ph\u00ed<\/li>\n<li>Thi\u1ebft k\u1ebf c\u00f4ng th\u1ee9c s\u1ea3n ph\u1ea9m<\/li>\n<li>Thi\u1ebft k\u1ebf m\u00e1y m\u00f3c<\/li>\n<li>Hi\u1ec3n th\u1ecb 3D s\u01a1 \u0111\u1ed3 thi\u1ebft b\u1ecb<\/li>\n<li>Chuy\u1ebfn tham quan nh\u00e0 m\u00e1y kh\u00e1ch h\u00e0ng<\/li>\n<li>Nh\u00e0 m\u00e1y th\u1ef1c t\u1ebf Chuy\u00ean nghi\u1ec7p &amp; \u0110\u00e1ng tin c\u1eady<\/li>\n<li>Nh\u1eadn b\u00e1o gi\u00e1 ngay<\/li>\n<\/ul>","protected":false},"excerpt":{"rendered":"<ul>\n<li>High precision<\/li>\n<li>Automaticweighting<\/li>\n<li>HigherIndustrial\u00a0capacity<\/li>\n<li>H\u1ec7 th\u1ed1ng t\u1ef1 \u0111\u1ed9ng nh\u00e0 b\u1ebfp &amp; c\u1ea5p li\u1ec7u<\/li>\n<li>Automatic drying system<\/li>\n<li>Gi\u00e1 c\u1ea3 h\u1ee3p l\u00fd<\/li>\n<li>Versatile process<\/li>\n<li>Flexible system<\/li>\n<li>Unique modular design<\/li>\n<li>Longer mechanical life<\/li>\n<li>Modular design<\/li>\n<li>OBD system<\/li>\n<li>Remote control<\/li>\n<\/ul>","protected":false},"featured_media":1809,"comment_status":"closed","ping_status":"closed","template":"","meta":[],"product_brand":[],"product_cat":[16,100,102],"product_tag":[32,33],"class_list":{"0":"post-1218","1":"product","2":"type-product","3":"status-publish","4":"has-post-thumbnail","6":"product_cat-candy-machine","7":"product_cat-lollipop-machine","8":"product_cat-toffee-candy-machine","9":"product_tag-candy-machine","10":"product_tag-vacuum-cooker","12":"first","13":"instock","14":"shipping-taxable","15":"product-type-simple"},"_links":{"self":[{"href":"https:\/\/www.jymachinetech.com\/vi\/wp-json\/wp\/v2\/product\/1218","targetHints":{"allow":["GET"]}}],"collection":[{"href":"https:\/\/www.jymachinetech.com\/vi\/wp-json\/wp\/v2\/product"}],"about":[{"href":"https:\/\/www.jymachinetech.com\/vi\/wp-json\/wp\/v2\/types\/product"}],"replies":[{"embeddable":true,"href":"https:\/\/www.jymachinetech.com\/vi\/wp-json\/wp\/v2\/comments?post=1218"}],"version-history":[{"count":3,"href":"https:\/\/www.jymachinetech.com\/vi\/wp-json\/wp\/v2\/product\/1218\/revisions"}],"predecessor-version":[{"id":7285,"href":"https:\/\/www.jymachinetech.com\/vi\/wp-json\/wp\/v2\/product\/1218\/revisions\/7285"}],"wp:featuredmedia":[{"embeddable":true,"href":"https:\/\/www.jymachinetech.com\/vi\/wp-json\/wp\/v2\/media\/1809"}],"wp:attachment":[{"href":"https:\/\/www.jymachinetech.com\/vi\/wp-json\/wp\/v2\/media?parent=1218"}],"wp:term":[{"taxonomy":"product_brand","embeddable":true,"href":"https:\/\/www.jymachinetech.com\/vi\/wp-json\/wp\/v2\/product_brand?post=1218"},{"taxonomy":"product_cat","embeddable":true,"href":"https:\/\/www.jymachinetech.com\/vi\/wp-json\/wp\/v2\/product_cat?post=1218"},{"taxonomy":"product_tag","embeddable":true,"href":"https:\/\/www.jymachinetech.com\/vi\/wp-json\/wp\/v2\/product_tag?post=1218"}],"curies":[{"name":"wp","href":"https:\/\/api.w.org\/{rel}","templated":true}]}}