{"id":1141,"date":"2021-12-20T11:32:52","date_gmt":"2021-12-20T11:32:52","guid":{"rendered":"https:\/\/www.jymachinetech.com\/?post_type=product&#038;p=1141"},"modified":"2025-07-25T05:52:33","modified_gmt":"2025-07-25T05:52:33","slug":"biscuit-stacking-machine-machine-for-biscuit","status":"publish","type":"product","link":"https:\/\/www.jymachinetech.com\/vi\/product\/biscuit-stacking-machine-machine-for-biscuit\/","title":{"rendered":"M\u00e1y x\u1ebfp b\u00e1nh quy | m\u00e1y cho b\u00e1nh quy"},"content":{"rendered":"<p>M\u00e1y x\u1ebfp b\u00e1nh quy l\u00e0 gi\u1ea3i ph\u00e1p t\u1ef1 \u0111\u1ed9ng ti\u00ean ti\u1ebfn \u0111\u01b0\u1ee3c thi\u1ebft k\u1ebf \u0111\u1ec3 t\u1ed1i \u01b0u h\u00f3a quy tr\u00ecnh \u0111\u00f3ng g\u00f3i b\u00e1nh quy. N\u00f3 chuy\u1ec3n \u0111\u1ed5i b\u00e1nh quy ph\u1eb3ng th\u00e0nh d\u1ea1ng \u0111\u1ee9ng, t\u1ea1o th\u00e0nh c\u00e1c '\u0111o\u1ea1n' li\u00ean t\u1ee5c \u0111\u01b0\u1ee3c c\u0103n ch\u1ec9nh ho\u00e0n h\u1ea3o \u0111\u1ec3 x\u1eed l\u00fd ti\u1ebfp b\u1edfi m\u00e1y \u0111\u00f3ng g\u00f3i ho\u1eb7c m\u00e1y k\u1eb9p kem.<\/p>\n<p><iframe title=\"L\u00e0m th\u1ebf n\u00e0o \u0111\u1ec3 l\u00e0m b\u00e1nh quy trong nh\u00e0 m\u00e1y c\u1ee7a ch\u00fang t\u00f4i? D\u00e2y chuy\u1ec1n s\u1ea3n xu\u1ea5t b\u00e1nh quy t\u1ef1 \u0111\u1ed9ng ho\u00e0n ch\u1ec9nh 1200mm, m\u00e1y l\u00e0m b\u00e1nh quy t\u1ef1 \u0111\u1ed9ng\" width=\"800\" height=\"450\" src=\"https:\/\/www.youtube.com\/embed\/kwUAEOGspq0?start=1&#038;feature=oembed\" frameborder=\"0\" allow=\"accelerometer; autoplay; clipboard-write; encrypted-media; gyroscope; picture-in-picture; web-share\" referrerpolicy=\"strict-origin-when-cross-origin\" allowfullscreen><\/iframe><\/p>\n<h2><strong>C\u00e1c T\u00ednh N\u0103ng &amp; L\u1ee3i \u00cdch Ch\u00ednh:<\/strong><\/h2>\n<ul>\n<li><strong>H\u1ec7 Th\u1ed1ng Gi\u00e1m S\u00e1t T\u1ef1 \u0110\u1ed9ng:<\/strong>\u00a0\u0110\u1ea3m b\u1ea3o ho\u1ea1t \u0111\u1ed9ng \u0111\u00e1ng tin c\u1eady v\u00e0 \u00edt s\u1ef1 can thi\u1ec7p c\u1ee7a con ng\u01b0\u1eddi.<\/li>\n<li><strong>H\u01b0\u1edbng D\u1eabn Kho\u00e1 C\u1ed1 \u0110\u1ecbnh T\u1eeb T\u00ednh:<\/strong>\u00a0Cung c\u1ea5p h\u01b0\u1edbng d\u1eabn b\u00e1nh quy an to\u00e0n trong su\u1ed1t qu\u00e1 tr\u00ecnh x\u1ebfp ch\u1ed3ng.<\/li>\n<li><strong>T\u1ea5m Ph\u00e2n Chia:<\/strong>\u00a0H\u1ed7 tr\u1ee3 x\u1ebfp ch\u1ed3ng b\u00e1nh quy c\u00f3 t\u1ed5 ch\u1ee9c trong m\u00f4i tr\u01b0\u1eddng ki\u1ec3m so\u00e1t.<\/li>\n<li><strong>B\u00e1nh Xe \u0110i\u1ec1u Ch\u1ec9nh Nhanh:<\/strong>\u00a0Cho ph\u00e9p \u0111i\u1ec1u ch\u1ec9nh v\u1ecb tr\u00ed trung t\u00e2m d\u1ec5 d\u00e0ng, ph\u00f9 h\u1ee3p v\u1edbi nhi\u1ec1u k\u00edch c\u1ee1 b\u00e1nh quy kh\u00e1c nhau.<\/li>\n<li><strong>\u0110a D\u1ea1ng Trong Vi\u1ec7c X\u1ebfp Ch\u1ed3ng:<\/strong>\u00a0L\u00fd t\u01b0\u1edfng \u0111\u1ec3 x\u1ebfp ch\u1ed3ng c\u00e1c s\u1ea3n ph\u1ea9m c\u00f3 k\u00edch th\u01b0\u1edbc kh\u00e1c nhau m\u1ed9t c\u00e1ch ch\u00ednh x\u00e1c.<\/li>\n<li><strong>Ho\u1ea1t \u0110\u1ed9ng Tr\u01a1n Tr\u01b0\u1ee3t:<\/strong>\u00a0Gi\u00fap qu\u00e1 tr\u00ecnh chuy\u1ec3n b\u00e1nh quy nhanh ch\u00f3ng, \u00edt gi\u00e1n \u0111o\u1ea1n.<\/li>\n<li><strong>K\u1ebft Qu\u1ea3 X\u1ebfp Ch\u1ed3ng G\u1ecdn G\u00e0ng:<\/strong>\u00a0\u0110\u1ea3m b\u1ea3o x\u1ebfp ch\u1ed3ng s\u1ea1ch s\u1ebd, g\u1ecdn g\u00e0ng, n\u00e2ng cao tr\u00ecnh b\u00e0y s\u1ea3n ph\u1ea9m cu\u1ed1i c\u00f9ng.<\/li>\n<li><strong>Chi\u1ec1u R\u1ed9ng K\u00eanh X\u1ebfp Ch\u1ed3ng C\u00f3 Th\u1ec3 \u0110i\u1ec1u Ch\u1ec9nh:<\/strong>\u00a0Tu\u1ef3 ch\u1ec9nh ph\u00f9 h\u1ee3p v\u1edbi chi\u1ec1u r\u1ed9ng c\u1ee7a b\u00e1nh quy \u0111ang x\u1eed l\u00fd.<\/li>\n<li><strong>T\u1ef7 L\u1ec7 V\u1ee1 S\u1ea3n Ph\u1ea9m Th\u1ea5p:<\/strong>\u00a0Thi\u1ebft k\u1ebf \u0111\u1ec3 gi\u1ea3m thi\u1ec3u h\u01b0 h\u1ecfng b\u00e1nh quy trong qu\u00e1 tr\u00ecnh x\u1ebfp ch\u1ed3ng.<\/li>\n<li><strong>Th\u00e2n b\u1eb1ng th\u00e9p kh\u00f4ng g\u1ec9:<\/strong>\u00a0\u0110\u1ea3m b\u1ea3o \u0111\u1ed9 b\u1ec1n, v\u1ec7 sinh v\u00e0 d\u1ec5 d\u00e0ng v\u1ec7 sinh.<\/li>\n<li><strong>Ho\u1ea1t \u0111\u1ed9ng an to\u00e0n v\u00e0 \u1ed5n \u0111\u1ecbnh:<\/strong>\u00a0\u0110\u00e1p \u1ee9ng ti\u00eau chu\u1ea9n an to\u00e0n cho m\u00f4i tr\u01b0\u1eddng s\u1ea3n xu\u1ea5t \u0111\u00e1ng tin c\u1eady v\u00e0 an to\u00e0n.<\/li>\n<\/ul>\n<h2><strong>Th\u00f4ng s\u1ed1 k\u1ef9 thu\u1eadt:<\/strong><\/h2>\n<ul>\n<li><strong>Body Material:<\/strong>\u00a0Th\u00e9p kh\u00f4ng g\u1ec9 ch\u1ed1ng \u0103n m\u00f2n v\u00e0 d\u1ec5 b\u1ea3o tr\u00ec.<\/li>\n<li><strong>Kh\u1ea3 n\u0103ng \u0111i\u1ec1u ch\u1ec9nh:<\/strong>\u00a0C\u00f3 b\u00e1nh xe sao \u0111i\u1ec1u ch\u1ec9nh v\u00e0 chi\u1ec1u r\u1ed9ng k\u00eanh x\u1ebfp ch\u1ed3ng \u0111\u1ec3 ph\u00f9 h\u1ee3p v\u1edbi c\u00e1c k\u00edch c\u1ee1 b\u00e1nh quy kh\u00e1c nhau.<\/li>\n<\/ul>\n<h2><strong>\u1ee8ng d\u1ee5ng:<\/strong><\/h2>\n<ul>\n<li>Ho\u00e0n h\u1ea3o \u0111\u1ec3 t\u00edch h\u1ee3p v\u1edbi c\u00e1c h\u1ec7 th\u1ed1ng hi\u1ec7n c\u00f3 <a href=\"https:\/\/www.jymachinetech.com\/vi\/top-hard-dough-biscuit-production-line-for-efficient-baking-solutions\/\" title=\"D\u00e2y chuy\u1ec1n s\u1ea3n xu\u1ea5t b\u00e1nh quy c\u1ee9ng h\u00e0ng \u0111\u1ea7u \u0111\u1ec3 gi\u1ea3i ph\u00e1p n\u01b0\u1edbng hi\u1ec7u qu\u1ea3\"  data-wpil-monitor-id=\"94\" target=\"_blank\">d\u00e2y chuy\u1ec1n s\u1ea3n xu\u1ea5t b\u00e1nh quy<\/a>, n\u00e2ng cao quy tr\u00ecnh \u0111\u00f3ng g\u00f3i cho nhi\u1ec1u lo\u1ea1i b\u00e1nh quy kh\u00e1c nhau.<\/li>\n<\/ul>\n<p><img fetchpriority=\"high\" decoding=\"async\" class=\"alignnone size-full wp-image-1142\" title=\"m\u00e1y x\u1ebfp b\u00e1nh quy | m\u00e1y l\u00e0m b\u00e1nh quy\" src=\"https:\/\/www.jymachinetech.com\/wp-content\/uploads\/2021\/12\/Biscuit-stacking-machine-1.png\" alt=\"m\u00e1y x\u1ebfp b\u00e1nh quy | m\u00e1y l\u00e0m b\u00e1nh quy\" width=\"606\" height=\"270\" srcset=\"https:\/\/www.jymachinetech.com\/wp-content\/uploads\/2021\/12\/Biscuit-stacking-machine-1.png 606w, https:\/\/www.jymachinetech.com\/wp-content\/uploads\/2021\/12\/Biscuit-stacking-machine-1-18x8.png 18w, https:\/\/www.jymachinetech.com\/wp-content\/uploads\/2021\/12\/Biscuit-stacking-machine-1-600x267.png 600w\" sizes=\"(max-width: 606px) 100vw, 606px\" \/><\/p>\n<ul>\n<li><\/li>\n<\/ul>\n<h2><strong><span lang=\"EN-US\">cURL Too many subrequests.<\/span><\/strong><\/h2>\n<div class=\"table-responsive\">\n<table class=\"Table\" style=\"border-collapse: collapse; border: solid windowtext 1.0pt; margin-left: 9px; margin-right: 9px;\" width=\"98%\" align=\"left\">\n<tbody>\n<tr>\n<td style=\"border: solid windowtext 1.0pt; width: 85.15pt; padding: 0cm 5.4pt 0cm 5.4pt;\" valign=\"top\" width=\"114\"><span style=\"font-size: 10.5pt;\"><span style=\"font-family: \u7b49\u7ebf;\">M\u1eabu m\u00e3<\/span><\/span><\/td>\n<td style=\"border: solid windowtext 1.0pt; width: 106.0pt; border-left: none; padding: 0cm 5.4pt 0cm 5.4pt;\" valign=\"top\" width=\"141\"><span style=\"font-size: 10.5pt;\"><span style=\"font-family: \u7b49\u7ebf;\">C\u00f4ng Su\u1ea5t<\/span><\/span><\/td>\n<td style=\"border: solid windowtext 1.0pt; width: 127.55pt; border-left: none; padding: 0cm 5.4pt 0cm 5.4pt;\" valign=\"top\" width=\"170\"><span style=\"font-size: 10.5pt;\"><span style=\"font-family: \u7b49\u7ebf;\">K\u00edch th\u01b0\u1edbc m\u00e1y x\u1ebfp ch\u1ed3ng<\/span><\/span><\/td>\n<td style=\"border: solid windowtext 1.0pt; width: 127.6pt; border-left: none; padding: 0cm 5.4pt 0cm 5.4pt;\" valign=\"top\" width=\"170\"><span style=\"font-size: 10.5pt;\"><span style=\"font-family: \u7b49\u7ebf;\">K\u00edch th\u01b0\u1edbc n\u1ec1n t\u1ea3ng \u0111\u00f3ng g\u00f3i<\/span><\/span><\/td>\n<\/tr>\n<tr>\n<td style=\"border: solid windowtext 1.0pt; width: 85.15pt; border-top: none; padding: 0cm 5.4pt 0cm 5.4pt;\" valign=\"top\" width=\"114\"><span style=\"font-size: 10.5pt;\"><span style=\"font-family: \u7b49\u7ebf;\">JYB-280<\/span><\/span><\/td>\n<td style=\"border-bottom: solid windowtext 1.0pt; width: 106.0pt; border-top: none; border-left: none; border-right: solid windowtext 1.0pt; padding: 0cm 5.4pt 0cm 5.4pt;\" valign=\"top\" width=\"141\"><span style=\"font-size: 10.5pt;\"><span style=\"font-family: \u7b49\u7ebf;\">50-80kg\/h<\/span><\/span><\/td>\n<td style=\"border-bottom: solid windowtext 1.0pt; width: 127.55pt; border-top: none; border-left: none; border-right: solid windowtext 1.0pt; padding: 0cm 5.4pt 0cm 5.4pt;\" valign=\"top\" width=\"170\"><span style=\"font-size: 10.5pt;\"><span style=\"font-family: \u7b49\u7ebf;\">2680*550*885mm<\/span><\/span><\/td>\n<td style=\"border-bottom: solid windowtext 1.0pt; width: 127.6pt; border-top: none; border-left: none; border-right: solid windowtext 1.0pt; padding: 0cm 5.4pt 0cm 5.4pt;\" valign=\"top\" width=\"170\"><span style=\"font-size: 10.5pt;\"><span style=\"font-family: \u7b49\u7ebf;\">3000*420*380mm<\/span><\/span><\/td>\n<\/tr>\n<tr>\n<td style=\"border: solid windowtext 1.0pt; width: 85.15pt; border-top: none; padding: 0cm 5.4pt 0cm 5.4pt;\" valign=\"top\" width=\"114\"><span style=\"font-size: 10.5pt;\"><span style=\"font-family: \u7b49\u7ebf;\">JYB-400<\/span><\/span><\/td>\n<td style=\"border-bottom: solid windowtext 1.0pt; width: 106.0pt; border-top: none; border-left: none; border-right: solid windowtext 1.0pt; padding: 0cm 5.4pt 0cm 5.4pt;\" valign=\"top\" width=\"141\"><span style=\"font-size: 10.5pt;\"><span style=\"font-family: \u7b49\u7ebf;\">150-250kg\/h<\/span><\/span><\/td>\n<td style=\"border-bottom: solid windowtext 1.0pt; width: 127.55pt; border-top: none; border-left: none; border-right: solid windowtext 1.0pt; padding: 0cm 5.4pt 0cm 5.4pt;\" width=\"170\"><span style=\"font-size: 10.5pt;\"><span style=\"font-family: \u7b49\u7ebf;\">3500*650*1400mm<\/span><\/span><\/td>\n<td style=\"border-bottom: solid windowtext 1.0pt; width: 127.6pt; border-top: none; border-left: none; border-right: solid windowtext 1.0pt; padding: 0cm 5.4pt 0cm 5.4pt;\" valign=\"top\" width=\"170\"><span style=\"font-size: 10.5pt;\"><span style=\"font-family: \u7b49\u7ebf;\">3000*600*750mm<\/span><\/span><\/td>\n<\/tr>\n<tr>\n<td style=\"border: solid windowtext 1.0pt; width: 85.15pt; border-top: none; padding: 0cm 5.4pt 0cm 5.4pt;\" valign=\"top\" width=\"114\"><span style=\"font-size: 10.5pt;\"><span style=\"font-family: \u7b49\u7ebf;\">JYB-600<\/span><\/span><\/td>\n<td style=\"border-bottom: solid windowtext 1.0pt; width: 106.0pt; border-top: none; border-left: none; border-right: solid windowtext 1.0pt; padding: 0cm 5.4pt 0cm 5.4pt;\" valign=\"top\" width=\"141\"><span style=\"font-size: 10.5pt;\"><span style=\"font-family: \u7b49\u7ebf;\">300-500kg\/h<\/span><\/span><\/td>\n<td style=\"border-bottom: solid windowtext 1.0pt; width: 127.55pt; border-top: none; border-left: none; border-right: solid windowtext 1.0pt; padding: 0cm 5.4pt 0cm 5.4pt;\" valign=\"top\" width=\"170\"><span style=\"font-size: 10.5pt;\"><span style=\"font-family: \u7b49\u7ebf;\">3500*850*1400mm<\/span><\/span><\/td>\n<td style=\"border-bottom: solid windowtext 1.0pt; width: 127.6pt; border-top: none; border-left: none; border-right: solid windowtext 1.0pt; padding: 0cm 5.4pt 0cm 5.4pt;\" valign=\"top\" width=\"170\"><span style=\"font-size: 10.5pt;\"><span style=\"font-family: \u7b49\u7ebf;\">6500*850*850mm<\/span><\/span><\/td>\n<\/tr>\n<tr>\n<td style=\"border: solid windowtext 1.0pt; width: 85.15pt; border-top: none; padding: 0cm 5.4pt 0cm 5.4pt;\" valign=\"top\" width=\"114\"><span style=\"font-size: 10.5pt;\"><span style=\"font-family: \u7b49\u7ebf;\">JYB-800<\/span><\/span><\/td>\n<td style=\"border-bottom: solid windowtext 1.0pt; width: 106.0pt; border-top: none; border-left: none; border-right: solid windowtext 1.0pt; padding: 0cm 5.4pt 0cm 5.4pt;\" valign=\"top\" width=\"141\"><span style=\"font-size: 10.5pt;\"><span style=\"font-family: \u7b49\u7ebf;\">800kg\/h<\/span><\/span><\/td>\n<td style=\"border-bottom: solid windowtext 1.0pt; width: 127.55pt; border-top: none; border-left: none; border-right: solid windowtext 1.0pt; padding: 0cm 5.4pt 0cm 5.4pt;\" valign=\"top\" width=\"170\"><span style=\"font-size: 10.5pt;\"><span style=\"font-family: \u7b49\u7ebf;\">3500*1050*1400mm<\/span><\/span><\/td>\n<td style=\"border-bottom: solid windowtext 1.0pt; width: 127.6pt; border-top: none; border-left: none; border-right: solid windowtext 1.0pt; padding: 0cm 5.4pt 0cm 5.4pt;\" valign=\"top\" width=\"170\"><span style=\"font-size: 10.5pt;\"><span style=\"font-family: \u7b49\u7ebf;\">6500*1050*850mm<\/span><\/span><\/td>\n<\/tr>\n<tr>\n<td style=\"border: solid windowtext 1.0pt; width: 85.15pt; border-top: none; padding: 0cm 5.4pt 0cm 5.4pt;\" valign=\"top\" width=\"114\"><span style=\"font-size: 10.5pt;\"><span style=\"font-family: \u7b49\u7ebf;\">JYB-1000<\/span><\/span><\/td>\n<td style=\"border-bottom: solid windowtext 1.0pt; width: 106.0pt; border-top: none; border-left: none; border-right: solid windowtext 1.0pt; padding: 0cm 5.4pt 0cm 5.4pt;\" valign=\"top\" width=\"141\"><span style=\"font-size: 10.5pt;\"><span style=\"font-family: \u7b49\u7ebf;\">1000kg\/h<\/span><\/span><\/td>\n<td style=\"border-bottom: solid windowtext 1.0pt; width: 127.55pt; border-top: none; border-left: none; border-right: solid windowtext 1.0pt; padding: 0cm 5.4pt 0cm 5.4pt;\" valign=\"top\" width=\"170\"><span style=\"font-size: 10.5pt;\"><span style=\"font-family: \u7b49\u7ebf;\">2100*2100*1200mm<\/span><\/span><\/td>\n<td style=\"border-bottom: solid windowtext 1.0pt; width: 127.6pt; border-top: none; border-left: none; border-right: solid windowtext 1.0pt; padding: 0cm 5.4pt 0cm 5.4pt;\" valign=\"top\" width=\"170\"><span style=\"font-size: 10.5pt;\"><span style=\"font-family: \u7b49\u7ebf;\">12000*2100*800mm<\/span><\/span><\/td>\n<\/tr>\n<tr>\n<td style=\"border: solid windowtext 1.0pt; width: 85.15pt; border-top: none; padding: 0cm 5.4pt 0cm 5.4pt;\" valign=\"top\" width=\"114\"><span style=\"font-size: 10.5pt;\"><span style=\"font-family: \u7b49\u7ebf;\">JYB-1200<\/span><\/span><\/td>\n<td style=\"border-bottom: solid windowtext 1.0pt; width: 106.0pt; border-top: none; border-left: none; border-right: solid windowtext 1.0pt; padding: 0cm 5.4pt 0cm 5.4pt;\" valign=\"top\" width=\"141\"><span style=\"font-size: 10.5pt;\"><span style=\"font-family: \u7b49\u7ebf;\">1200kg\/h<\/span><\/span><\/td>\n<td style=\"border-bottom: solid windowtext 1.0pt; width: 127.55pt; border-top: none; border-left: none; border-right: solid windowtext 1.0pt; padding: 0cm 5.4pt 0cm 5.4pt;\" valign=\"top\" width=\"170\"><span style=\"font-size: 10.5pt;\"><span style=\"font-family: \u7b49\u7ebf;\">2100*2200*1200mm<\/span><\/span><\/td>\n<td style=\"border-bottom: solid windowtext 1.0pt; width: 127.6pt; border-top: none; border-left: none; border-right: solid windowtext 1.0pt; padding: 0cm 5.4pt 0cm 5.4pt;\" valign=\"top\" width=\"170\"><span style=\"font-size: 10.5pt;\"><span style=\"font-family: \u7b49\u7ebf;\">20000*2300*800mm<\/span><\/span><\/td>\n<\/tr>\n<tr>\n<td style=\"border: solid windowtext 1.0pt; width: 85.15pt; border-top: none; padding: 0cm 5.4pt 0cm 5.4pt;\" valign=\"top\" width=\"114\"><span style=\"font-size: 10.5pt;\"><span style=\"font-family: \u7b49\u7ebf;\">JYB-1500<\/span><\/span><\/td>\n<td style=\"border-bottom: solid windowtext 1.0pt; width: 106.0pt; border-top: none; border-left: none; border-right: solid windowtext 1.0pt; padding: 0cm 5.4pt 0cm 5.4pt;\" valign=\"top\" width=\"141\"><span style=\"font-size: 10.5pt;\"><span style=\"font-family: \u7b49\u7ebf;\">1500kg\/h<\/span><\/span><\/td>\n<td style=\"border-bottom: solid windowtext 1.0pt; width: 127.55pt; border-top: none; border-left: none; border-right: solid windowtext 1.0pt; padding: 0cm 5.4pt 0cm 5.4pt;\" valign=\"top\" width=\"170\"><span style=\"font-size: 10.5pt;\"><span style=\"font-family: \u7b49\u7ebf;\">2100*2400*1200mm<\/span><\/span><\/td>\n<td style=\"border-bottom: solid windowtext 1.0pt; width: 127.6pt; border-top: none; border-left: none; border-right: solid windowtext 1.0pt; padding: 0cm 5.4pt 0cm 5.4pt;\" valign=\"top\" width=\"170\"><span style=\"font-size: 10.5pt;\"><span style=\"font-family: \u7b49\u7ebf;\">12000*2600*800mm<\/span><\/span><\/td>\n<\/tr>\n<\/tbody>\n<\/table>\n<\/div>\n<p>&nbsp;<\/p>\n<p>&nbsp;<\/p>\n<p>&nbsp;<\/p>\n<p>&nbsp;<\/p>\n<p>&nbsp;<\/p>\n<h2>Th\u00eam y\u00eau c\u1ea7u b\u00e1o gi\u00e1 v\u1ec1 M\u00e1y x\u1ebfp b\u00e1nh quy<\/h2>\n<p><strong>H: M\u00e1y x\u1ebfp c\u00f3 c\u1ea7n thi\u1ebft cho d\u00e2y chuy\u1ec1n b\u00e1nh quy kh\u00f4ng?<\/strong><\/p>\n<ul>\n<li><strong>A:<\/strong> Kh\u00f4ng b\u1eaft bu\u1ed9c. N\u1ebfu kh\u00f4ng gian h\u1ea1n ch\u1ebf, b\u1ea1n c\u00f3 th\u1ec3 di chuy\u1ec3n n\u00f3 v\u00e0 c\u1ea7n th\u00eam 2 ng\u01b0\u1eddi \u0111\u1ec3 x\u1ebfp th\u1ee7 c\u00f4ng tr\u01b0\u1edbc khi \u0111\u00f3ng g\u00f3i.<\/li>\n<\/ul>\n<p><strong>H: M\u00e1y c\u00f3 th\u1ec3 x\u1ebfp c\u00e1c lo\u1ea1i b\u00e1nh quy kh\u00e1c nhau kh\u00f4ng?<\/strong><\/p>\n<ul>\n<li><strong>A:<\/strong> C\u00f3, \u0111\u01b0\u1ee3c. K\u00eanh x\u1ebfp c\u00f3 th\u1ec3 \u0111i\u1ec1u ch\u1ec9nh cho c\u00e1c lo\u1ea1i b\u00e1nh quy kh\u00e1c nhau.<\/li>\n<\/ul>\n<p><strong>H: C\u1ea7n bao nhi\u00eau c\u00f4ng nh\u00e2n cho m\u00e1y n\u00e0y?<\/strong><\/p>\n<ul>\n<li><strong>A:<\/strong> Kh\u00f4ng c\u1ea7n, v\u00ec n\u00f3 ho\u00e0n to\u00e0n t\u1ef1 \u0111\u1ed9ng.<\/li>\n<\/ul>\n<p><strong>H: M\u00e1y c\u00f3 th\u1ec3 x\u1ebfp c\u1ea3 b\u00e1nh quy c\u1ee9ng v\u00e0 m\u1ec1m kh\u00f4ng?<\/strong><\/p>\n<ul>\n<li><strong>A:<\/strong> C\u00f3, c\u00f3 th\u1ec3 x\u1eed l\u00fd c\u1ea3 hai lo\u1ea1i.<\/li>\n<\/ul>\n<p><strong>H: T\u00f4i c\u00f3 th\u1ec3 mua m\u00e1y x\u1ebfp n\u1ebfu <a href=\"https:\/\/www.jymachinetech.com\/vi\/essential-guide-to-the-biscuit-production-line-for-efficient-baking\/\" title=\"H\u01b0\u1edbng D\u1eabn C\u1ea7n Thi\u1ebft V\u1ec1 D\u00e2y Chuy\u1ec1n S\u1ea3n Xu\u1ea5t B\u00e1nh Quy \u0110\u1ec3 N\u01b0\u1edbng Hi\u1ec7u Qu\u1ea3\"  data-wpil-monitor-id=\"106\" target=\"_blank\">d\u00e2y chuy\u1ec1n s\u1ea3n xu\u1ea5t b\u00e1nh quy<\/a> kh\u00f4ng ph\u1ea3i t\u1eeb c\u00f4ng ty c\u1ee7a b\u1ea1n?<\/strong><\/p>\n<ul>\n<li><strong>A:<\/strong> V\u00e2ng, b\u1ea1n c\u00f3 th\u1ec3. Ch\u00fang t\u00f4i ch\u1ec9 c\u1ea7n bi\u1ebft chi\u1ec1u r\u1ed9ng b\u0103ng chuy\u1ec1n l\u00e0m m\u00e1t \u0111\u1ec3 \u0111\u1ec1 xu\u1ea5t m\u00e1y ph\u00f9 h\u1ee3p.<\/li>\n<\/ul>\n<p><strong>cURL Too many subrequests.<\/strong><\/p>\n<ul>\n<li><strong>A:<\/strong> \u0110\u1ed1i v\u1edbi m\u00e1y nh\u1ecf nh\u1ea5t, th\u1eddi gian giao h\u00e0ng t\u1eeb 15-30 ng\u00e0y. \u0110\u1ec3 bi\u1ebft ch\u00ednh x\u00e1c th\u1eddi gian giao h\u00e0ng, vui l\u00f2ng ki\u1ec3m tra v\u1edbi ch\u00fang t\u00f4i tr\u01b0\u1edbc khi \u0111\u1eb7t h\u00e0ng.<\/li>\n<\/ul>\n<p>&nbsp;<\/p>\n<p>&nbsp;<\/p>\n<p><img decoding=\"async\" class=\"alignnone size-full wp-image-1080\" title=\"m\u00e1y x\u1ebfp b\u00e1nh quy | m\u00e1y l\u00e0m b\u00e1nh quy\" src=\"https:\/\/www.jymachinetech.com\/wp-content\/uploads\/2021\/12\/Small-biscuit-machine-line-8.png\" alt=\"m\u00e1y x\u1ebfp b\u00e1nh quy | m\u00e1y l\u00e0m b\u00e1nh quy\" width=\"1992\" height=\"326\" srcset=\"https:\/\/www.jymachinetech.com\/wp-content\/uploads\/2021\/12\/Small-biscuit-machine-line-8.png 1992w, https:\/\/www.jymachinetech.com\/wp-content\/uploads\/2021\/12\/Small-biscuit-machine-line-8-18x3.png 18w, https:\/\/www.jymachinetech.com\/wp-content\/uploads\/2021\/12\/Small-biscuit-machine-line-8-600x98.png 600w\" sizes=\"(max-width: 1992px) 100vw, 1992px\" \/><\/p>\n<h2>Why Buy Machines from Us \u2013 Manufacturer<\/h2>\n<h3><strong>Nh\u00e0 m\u00e1y th\u1ef1c s\u1ef1, kh\u00f4ng ph\u1ea3i c\u00f4ng ty trung gian<\/strong><\/h3>\n<ul>\n<li><strong>Factory Tour Invitation<\/strong>: We invite you to visit our factory and witness our manufacturing process firsthand. See the state-of-the-art facilities and meet the dedicated team behind our high-quality machines. Experience the transparency and integrity that comes with dealing directly with a manufacturer.<\/li>\n<\/ul>\n<h3><strong>Chuy\u00ean M\u00f4n Chuy\u00ean Nghi\u1ec7p<\/strong><\/h3>\n<ul>\n<li><strong>Decades of Experience<\/strong>: With over 40 years of machine manufacturing experience, our factory stands as a testament to excellence and innovation in the industry.<\/li>\n<li><strong>Skilled Design Team<\/strong>: Our team includes 12 highly skilled drawing designers who ensure every machine is meticulously planned and tailored to meet specific requirements.<\/li>\n<li><strong>Expert Engineers<\/strong>: We have 20 professional engineers on staff, ready to provide technical support and assistance anytime and anywhere. Their expertise ensures that you receive not only a machine but a comprehensive solution.<\/li>\n<\/ul>\n<h3><strong>\u0110\u1ed9 tin c\u1eady<\/strong><\/h3>\n<ul>\n<li><strong>Robust Workforce<\/strong>: Our modern factory employs over 200 skilled workers who are committed to producing the highest quality machines.<\/li>\n<li><strong>Strict Quality Control<\/strong>: We maintain a rigorous quality control system to ensure that every machine meets our exacting standards. Our commitment to quality is unwavering, ensuring reliability and performance in every product.<\/li>\n<li><strong>Advanced Manufacturing<\/strong>: Utilizing advanced German-standard CNC machining centers, we achieve precision and consistency in every detail of each machine. This technology enables us to handle complex processes with accuracy, resulting in superior products.<\/li>\n<li><strong>Custom Solutions<\/strong>: Our professional engineering team works closely with you to develop the best plan according to your specific requirements. Whether you need a customized layout or a unique machine design, we deliver tailored solutions.<\/li>\n<\/ul>\n<h3><strong>M\u00e1y m\u00f3c Ch\u1ea5t l\u01b0\u1ee3ng Cao<\/strong><\/h3>\n<ul>\n<li><strong>GMP Standard Factory<\/strong>: All our machines are manufactured in a GMP-standard facility, ensuring they meet stringent quality and safety standards.<\/li>\n<li><strong>Precision Manufacturing<\/strong>: We operate CNC centers that guarantee the precision and accuracy of our machines. This technology allows us to produce components that fit perfectly and operate seamlessly.<\/li>\n<li><strong>Superior Materials<\/strong>: Our machines are constructed using SUS304 stainless steel, known for its durability and resistance to corrosion. The sandblasting surface coating adds an extra layer of protection and enhances the aesthetic appeal.<\/li>\n<\/ul>\n<h3><strong>cURL Too many subrequests.<\/strong><\/h3>\n<ul>\n<li><strong>cURL Too many subrequests.<\/strong>cURL Too many subrequests.<\/li>\n<li><strong>cURL Too many subrequests.<\/strong>cURL Too many subrequests.<\/li>\n<li><strong>Thi\u1ebft k\u1ebf H\u00ecnh d\u1ea1ng T\u00f9y ch\u1ec9nh<\/strong>cURL Too many subrequests.<\/li>\n<li><strong>cURL Too many subrequests.<\/strong>cURL Too many subrequests.<\/li>\n<\/ul>\n<h3><strong>T\u1ea1i Sao Ch\u1ecdn Ch\u00fang T\u00f4i?<\/strong><\/h3>\n<ul>\n<li><strong>cURL Too many subrequests.<\/strong>cURL Too many subrequests.<\/li>\n<li><strong>cURL Too many subrequests.<\/strong>cURL Too many subrequests.<\/li>\n<li><strong>cURL Too many subrequests.<\/strong>cURL Too many subrequests.<\/li>\n<li><strong>cURL Too many subrequests.<\/strong>cURL Too many subrequests.<\/li>\n<li><strong>cURL Too many subrequests.<\/strong>cURL Too many subrequests.<\/li>\n<li><strong>cURL Too many subrequests.<\/strong>cURL Too many subrequests.<\/li>\n<li><strong>cURL Too many subrequests.<\/strong>cURL Too many subrequests.<\/li>\n<li><strong>cURL Too many subrequests.<\/strong>cURL Too many subrequests.<\/li>\n<\/ul>\n<h3><strong>cURL Too many subrequests.<\/strong><\/h3>\n<ul>\n<li>Tr\u1ea3i nghi\u1ec7m s\u1ef1 kh\u00e1c bi\u1ec7t v\u1edbi c\u00e1c m\u00e1y \u0111\u00e1ng tin c\u1eady, ch\u1ea5t l\u01b0\u1ee3ng cao v\u00e0 h\u1ed7 tr\u1ee3 chuy\u00ean nghi\u1ec7p c\u1ee7a ch\u00fang t\u00f4i. Li\u00ean h\u1ec7 v\u1edbi ch\u00fang t\u00f4i h\u00f4m nay \u0111\u1ec3 nh\u1eadn b\u00e1o gi\u00e1 v\u00e0 b\u1eaft \u0111\u1ea7u h\u00e0nh tr\u00ecnh c\u1ee7a b\u1ea1n <a href=\"https:\/\/www.jymachinetech.com\/vi\/the-best-cake-production-line-enhancing-efficiency-and-quality\/\" title=\"D\u00e2y chuy\u1ec1n s\u1ea3n xu\u1ea5t b\u00e1nh ngon nh\u1ea5t: N\u00e2ng cao hi\u1ec7u qu\u1ea3 v\u00e0 ch\u1ea5t l\u01b0\u1ee3ng\"  data-wpil-monitor-id=\"72\" target=\"_blank\">t\u0103ng hi\u1ec7u qu\u1ea3 v\u00e0 ch\u1ea5t l\u01b0\u1ee3ng s\u1ea3n xu\u1ea5t<\/a>.<\/li>\n<\/ul>","protected":false},"excerpt":{"rendered":"<p>Thu th\u1eadp b\u00e1nh quy \u0111\u1ec3 chuy\u1ec3n t\u1eeb b\u0103ng chuy\u1ec1n l\u00e0m m\u00e1t sang x\u1ebfp ch\u1ed3ng \u0111\u1ec3 d\u1ec5 \u0111\u00f3ng g\u00f3i.<\/p>","protected":false},"featured_media":1143,"comment_status":"open","ping_status":"closed","template":"","meta":[],"product_brand":[],"product_cat":[15,95],"product_tag":[],"class_list":{"0":"post-1141","1":"product","2":"type-product","3":"status-publish","4":"has-post-thumbnail","6":"product_cat-bakery-equipment","7":"product_cat-biscuit-machine","9":"first","10":"instock","11":"shipping-taxable","12":"product-type-simple"},"_links":{"self":[{"href":"https:\/\/www.jymachinetech.com\/vi\/wp-json\/wp\/v2\/product\/1141","targetHints":{"allow":["GET"]}}],"collection":[{"href":"https:\/\/www.jymachinetech.com\/vi\/wp-json\/wp\/v2\/product"}],"about":[{"href":"https:\/\/www.jymachinetech.com\/vi\/wp-json\/wp\/v2\/types\/product"}],"replies":[{"embeddable":true,"href":"https:\/\/www.jymachinetech.com\/vi\/wp-json\/wp\/v2\/comments?post=1141"}],"version-history":[{"count":4,"href":"https:\/\/www.jymachinetech.com\/vi\/wp-json\/wp\/v2\/product\/1141\/revisions"}],"predecessor-version":[{"id":7320,"href":"https:\/\/www.jymachinetech.com\/vi\/wp-json\/wp\/v2\/product\/1141\/revisions\/7320"}],"wp:featuredmedia":[{"embeddable":true,"href":"https:\/\/www.jymachinetech.com\/vi\/wp-json\/wp\/v2\/media\/1143"}],"wp:attachment":[{"href":"https:\/\/www.jymachinetech.com\/vi\/wp-json\/wp\/v2\/media?parent=1141"}],"wp:term":[{"taxonomy":"product_brand","embeddable":true,"href":"https:\/\/www.jymachinetech.com\/vi\/wp-json\/wp\/v2\/product_brand?post=1141"},{"taxonomy":"product_cat","embeddable":true,"href":"https:\/\/www.jymachinetech.com\/vi\/wp-json\/wp\/v2\/product_cat?post=1141"},{"taxonomy":"product_tag","embeddable":true,"href":"https:\/\/www.jymachinetech.com\/vi\/wp-json\/wp\/v2\/product_tag?post=1141"}],"curies":[{"name":"wp","href":"https:\/\/api.w.org\/{rel}","templated":true}]}}