{"id":87,"date":"2021-12-18T07:21:50","date_gmt":"2021-12-18T07:21:50","guid":{"rendered":"https:\/\/www.jymachinetech.com\/?post_type=product&#038;p=87"},"modified":"2025-07-25T05:54:16","modified_gmt":"2025-07-25T05:54:16","slug":"dough-mixer","status":"publish","type":"product","link":"https:\/\/www.jymachinetech.com\/tr\/product\/dough-mixer\/","title":{"rendered":"Dough mixer Factory | Dough mixer For Sales"},"content":{"rendered":"<p>Bu kar\u0131\u015ft\u0131r\u0131c\u0131, malzeme iyi da\u011f\u0131l\u0131m\u0131n\u0131 ve hamurun h\u0131zl\u0131 geli\u015fimini sa\u011flamak i\u00e7in benzersiz \u2018$\u2019 tasar\u0131m\u0131yla kar\u0131\u015ft\u0131rma b\u0131\u00e7a\u011f\u0131na sahiptir. Yumu\u015fak ve esnek hamur geli\u015ftirmek kritiktir.<br \/>\nBu kar\u0131\u015ft\u0131rma i\u015flemi, hamurda \u00e7ok fazla y\u0131rtma ve ekstr\u00fcde etmeden yo\u011furma, yuvarlama ve katlama i\u015flemlerini i\u00e7erir, bu nedenle ideal bir se\u00e7imdir.<\/p>\n<p><img fetchpriority=\"high\" decoding=\"async\" class=\"alignnone wp-image-777 size-full\" title=\"dough mixer factory | dough mixer for sales\" src=\"https:\/\/www.jymachinetech.com\/wp-content\/uploads\/2021\/12\/Dough-mixer2.png\" alt=\"dough mixer factory | dough mixer for sales\" width=\"800\" height=\"580\" srcset=\"https:\/\/www.jymachinetech.com\/wp-content\/uploads\/2021\/12\/Dough-mixer2.png 800w, https:\/\/www.jymachinetech.com\/wp-content\/uploads\/2021\/12\/Dough-mixer2-18x12.png 18w, https:\/\/www.jymachinetech.com\/wp-content\/uploads\/2021\/12\/Dough-mixer2-600x435.png 600w\" sizes=\"(max-width: 800px) 100vw, 800px\" \/><br \/>\nD\u00fc\u015f\u00fck h\u0131zda kar\u0131\u015ft\u0131rma s\u00fcresi 20-25 dakika olacakt\u0131r.<br \/>\n\u00d6zel ni\u015fasta hamuru i\u00e7in y\u00fcksek h\u0131zda kar\u0131\u015ft\u0131rma s\u00fcresi 10-12 dakika olacakt\u0131r.<\/p>\n<p><iframe title=\"K\u0131rma makinesi, Bisk\u00fcvi \u00fcretim hatt\u0131, Hamur levha \u015eekillendirme ve Kesim Hatt\u0131\" width=\"800\" height=\"450\" src=\"https:\/\/www.youtube.com\/embed\/PUkXg4ThEyc?feature=oembed\" frameborder=\"0\" allow=\"accelerometer; autoplay; clipboard-write; encrypted-media; gyroscope; picture-in-picture; web-share\" referrerpolicy=\"strict-origin-when-cross-origin\" allowfullscreen><\/iframe><\/p>\n<h2><strong>A. 50-500 kg\/parti k\u00fc\u00e7\u00fck ve \u00e7oklu \u00fcretimler i\u00e7in<\/strong><\/h2>\n<ul>\n<li>Sert ve yumu\u015fak hamur i\u00e7in \u00e7ok fonksiyonlu<\/li>\n<li>Alan tasarrufu sa\u011flay\u0131c\u0131<\/li>\n<li>A\u00e7\u0131labilir a\u00e7\u0131 ayar\u0131<\/li>\n<li>\u0130leri ve geri: 90-120o<\/li>\n<li>Paslanmaz \u00e7elik $ tipi b\u0131\u00e7ak<\/li>\n<li>\u00c7evrimi\u00e7i kar\u0131\u015ft\u0131rma etkisi sa\u011flamak i\u00e7in tart\u0131m sistemiyle do\u011frudan ba\u011flant\u0131l\u0131<\/li>\n<\/ul>\n<h2><strong>B. 500-1500 kg\/parti b\u00fcy\u00fck veya s\u00fcrekli \u00fcretim i\u00e7in<\/strong><\/h2>\n<ul>\n<li>PLC kontrol sistemi ve dokunmatik ekran<\/li>\n<li>SEW motor<\/li>\n<li>Otomatik hamur kesici ve konvey\u00f6r ile ba\u011flant\u0131l\u0131<\/li>\n<li>Yap\u0131\u015fmaz PU kay\u0131\u015f<\/li>\n<li>Paslanmaz \u00e7elik $ tipi b\u0131\u00e7ak<\/li>\n<li>Maksimum h\u0131z aral\u0131klar\u0131 ve d\u00fczg\u00fcn ba\u015flang\u0131\u00e7 ile invert s\u00fcr\u00fcc\u00fc, minimum g\u00fc\u00e7 kullan\u0131m\u0131 sa\u011flar.<\/li>\n<\/ul>\n<p>&nbsp;<\/p>\n<div class=\"table-responsive\">\n<table style=\"width: 100%;\">\n<tbody>\n<tr>\n<td style=\"text-align: center;\">cURL Too many subrequests.<\/td>\n<td style=\"text-align: center;\">G\u00fc\u00e7(kw)<\/td>\n<td style=\"text-align: center;\">Kar\u0131\u015ft\u0131rma H\u0131z\u0131 (r\/dak)<\/td>\n<td style=\"text-align: center;\">A\u011f\u0131rl\u0131k(kg)<\/td>\n<td style=\"text-align: center;\">Kar\u0131\u015f\u0131m kapasitesi<\/td>\n<td style=\"text-align: center;\">Boyut(mm)<\/td>\n<\/tr>\n<tr>\n<td style=\"text-align: center;\">JY-50<\/td>\n<td style=\"text-align: center;\">3.55<\/td>\n<td style=\"text-align: center;\">26<\/td>\n<td style=\"text-align: center;\">290<\/td>\n<td style=\"text-align: center;\">50kg<\/td>\n<td style=\"text-align: center;\">1110*630*1070<\/td>\n<\/tr>\n<tr>\n<td style=\"text-align: center;\">JY-75<\/td>\n<td style=\"text-align: center;\">4.75<\/td>\n<td style=\"text-align: center;\">27<\/td>\n<td style=\"text-align: center;\">414<\/td>\n<td style=\"text-align: center;\">75kg<\/td>\n<td style=\"text-align: center;\">1188*710*1220<\/td>\n<\/tr>\n<tr>\n<td style=\"text-align: center;\">JY-100<\/td>\n<td style=\"text-align: center;\">6.25<\/td>\n<td style=\"text-align: center;\">29<\/td>\n<td style=\"text-align: center;\">485<\/td>\n<td style=\"text-align: center;\">100kg<\/td>\n<td style=\"text-align: center;\">1250*740*1300<\/td>\n<\/tr>\n<tr>\n<td style=\"text-align: center;\">JY-150<\/td>\n<td style=\"text-align: center;\">8.6<\/td>\n<td style=\"text-align: center;\">28<\/td>\n<td style=\"text-align: center;\">1056<\/td>\n<td style=\"text-align: center;\">150kg<\/td>\n<td style=\"text-align: center;\">1632*800*1420<\/td>\n<\/tr>\n<tr>\n<td style=\"text-align: center;\">JY-200<\/td>\n<td style=\"text-align: center;\">13.2<\/td>\n<td style=\"text-align: center;\">20<\/td>\n<td style=\"text-align: center;\">1620<\/td>\n<td style=\"text-align: center;\">200kg<\/td>\n<td style=\"text-align: center;\">1690*980*1700<\/td>\n<\/tr>\n<tr>\n<td style=\"text-align: center;\">JY-250<\/td>\n<td style=\"text-align: center;\">13.2<\/td>\n<td style=\"text-align: center;\">20<\/td>\n<td style=\"text-align: center;\">1640<\/td>\n<td style=\"text-align: center;\">250kg<\/td>\n<td style=\"text-align: center;\">1704*1040*1750<\/td>\n<\/tr>\n<\/tbody>\n<\/table>\n<\/div>\n<p>&nbsp;<\/p>\n<h2><strong>\u00c7ift b\u0131\u00e7akl\u0131 hamur kar\u0131\u015ft\u0131r\u0131c\u0131 (Dikey)<\/strong><\/h2>\n<p>Bu kar\u0131\u015ft\u0131r\u0131c\u0131, y\u00fcksek kar\u0131\u015ft\u0131rma i\u00e7in \u00e7ift dikey mil b\u0131\u00e7a\u011f\u0131na sahiptir. Y\u00fcksek ama nazik kar\u0131\u015ft\u0131rma hareketi, malzemeleri gluten proteinleri a\u015famas\u0131nda y\u00fcksek enerji giri\u015fi olmadan iyi kar\u0131\u015ft\u0131r\u0131r.<\/p>\n<p><img decoding=\"async\" class=\"alignnone wp-image-772 size-full\" title=\"dough mixer factory | dough mixer for sales\" src=\"https:\/\/www.jymachinetech.com\/wp-content\/uploads\/2021\/12\/1615615440_Double-blades-dough-mixer-Vertical.png\" alt=\"dough mixer factory | dough mixer for sales\" width=\"720\" height=\"960\" srcset=\"https:\/\/www.jymachinetech.com\/wp-content\/uploads\/2021\/12\/1615615440_Double-blades-dough-mixer-Vertical.png 720w, https:\/\/www.jymachinetech.com\/wp-content\/uploads\/2021\/12\/1615615440_Double-blades-dough-mixer-Vertical-9x12.png 9w, https:\/\/www.jymachinetech.com\/wp-content\/uploads\/2021\/12\/1615615440_Double-blades-dough-mixer-Vertical-600x800.png 600w\" sizes=\"(max-width: 720px) 100vw, 720px\" \/><br \/>\nTekerlekli kar\u0131\u015ft\u0131rma tanklar\u0131, malzemelerle doldurulur, ya elle ya da yar\u0131 otomatik tank doldurma sistemi ile, fermantasyon d\u00f6nemi ve farkl\u0131 hamur t\u00fcrleri aras\u0131nda zaman tasarrufu sa\u011flar.<\/p>\n<p>&nbsp;<\/p>\n<h2><strong>Avantajlar\u0131 <\/strong>Hamur yo\u011furma makinesi<\/h2>\n<ul>\n<li>Bisk\u00fcvi fermantasyon s\u00fcresi 4-8 saat<\/li>\n<li>Parti b\u00fcy\u00fckl\u00fc\u011f\u00fc: 300\/500\/800kg<\/li>\n<li>\u00c7\u0131rp\u0131c\u0131 H\u0131z\u0131: 25 rpm<\/li>\n<li>Basit ve g\u00fcvenli i\u015fletim<\/li>\n<li>Son kar\u0131\u015ft\u0131rmadan sonra optimum kontrol i\u00e7in zamanlay\u0131c\u0131<\/li>\n<li>Paslanmaz \u00e7elik \u00e7ift dikey mil b\u0131\u00e7aklar<\/li>\n<li>Tamir ve zaman tasarrufu i\u00e7in tekerlekli kar\u0131\u015ft\u0131rma tanklar\u0131<\/li>\n<li>Hijyenik ve bak\u0131m kolay<\/li>\n<\/ul>\n<p>&nbsp;<\/p>\n<div class=\"table-responsive\">\n<table style=\"width: 100%;\">\n<tbody>\n<tr>\n<td style=\"text-align: center;\">cURL Too many subrequests.<\/td>\n<td style=\"text-align: center;\">cURL Too many subrequests.<\/td>\n<td style=\"text-align: center;\">Kar\u0131\u015ft\u0131rma H\u0131z\u0131<\/td>\n<td style=\"text-align: center;\">Kase H\u0131z\u0131<\/td>\n<td style=\"text-align: center;\">Kase kapasitesi<\/td>\n<td style=\"text-align: center;\">Boyut<\/td>\n<\/tr>\n<tr>\n<td style=\"text-align: center;\">JY-30<\/td>\n<td style=\"text-align: center;\">0.85\/1.1kw\/saat<\/td>\n<td style=\"text-align: center;\">123\/185d\/dak<\/td>\n<td style=\"text-align: center;\">12\/24 d\/dak<\/td>\n<td style=\"text-align: center;\">34L<\/td>\n<td style=\"text-align: center;\">750*430*990<\/td>\n<\/tr>\n<tr>\n<td style=\"text-align: center;\">JY-40<\/td>\n<td style=\"text-align: center;\">0.85\/1.5kw\/saat<\/td>\n<td style=\"text-align: center;\">114\/230 d\/dak<\/td>\n<td style=\"text-align: center;\">12\/24 d\/dak<\/td>\n<td style=\"text-align: center;\">48L<\/td>\n<td style=\"text-align: center;\">920*510*1050<\/td>\n<\/tr>\n<tr>\n<td style=\"text-align: center;\">JY-60<\/td>\n<td style=\"text-align: center;\">1.5\/2.4 kw\/saat<\/td>\n<td style=\"text-align: center;\">115\/230 d\/dak<\/td>\n<td style=\"text-align: center;\">10\/20 d\/dak<\/td>\n<td style=\"text-align: center;\">68L<\/td>\n<td style=\"text-align: center;\">950*550*1100<\/td>\n<\/tr>\n<tr>\n<td style=\"text-align: center;\">JY-80<\/td>\n<td style=\"text-align: center;\">2.2\/3.3 kw\/saat<\/td>\n<td style=\"text-align: center;\">125\/250 r\/dak<\/td>\n<td style=\"text-align: center;\">10\/20 d\/dak<\/td>\n<td style=\"text-align: center;\">84L<\/td>\n<td style=\"text-align: center;\">1050*600*1150<\/td>\n<\/tr>\n<tr>\n<td style=\"text-align: center;\">JY-120<\/td>\n<td style=\"text-align: center;\">3\/4.5 kw\/saat<\/td>\n<td style=\"text-align: center;\">125\/250 r\/dak<\/td>\n<td style=\"text-align: center;\">10\/20 d\/dak<\/td>\n<td style=\"text-align: center;\">122L<\/td>\n<td style=\"text-align: center;\">1200*690*1330<\/td>\n<\/tr>\n<tr>\n<td style=\"text-align: center;\">JY-240<\/td>\n<td style=\"text-align: center;\">4\/7.5 kw\/saat<\/td>\n<td style=\"text-align: center;\">125\/250 r\/dak<\/td>\n<td style=\"text-align: center;\">10\/20 d\/dak<\/td>\n<td style=\"text-align: center;\">240L<\/td>\n<td style=\"text-align: center;\">1300*880*1580<\/td>\n<\/tr>\n<\/tbody>\n<\/table>\n<\/div>","protected":false},"excerpt":{"rendered":"<p>Keklerin ba\u015far\u0131yla yap\u0131lmas\u0131nda kar\u0131\u015ft\u0131rma anahtard\u0131r, ister yumu\u015fak hamur ister soda gibi gluten proteini olsun. Farkl\u0131 kar\u0131\u015ft\u0131r\u0131c\u0131lar tamamen farkl\u0131 etkiler yarat\u0131r.<\/p>","protected":false},"featured_media":776,"comment_status":"open","ping_status":"closed","template":"","meta":[],"product_brand":[],"product_cat":[15],"product_tag":[],"class_list":{"0":"post-87","1":"product","2":"type-product","3":"status-publish","4":"has-post-thumbnail","6":"product_cat-bakery-equipment","8":"first","9":"instock","10":"shipping-taxable","11":"product-type-simple"},"_links":{"self":[{"href":"https:\/\/www.jymachinetech.com\/tr\/wp-json\/wp\/v2\/product\/87","targetHints":{"allow":["GET"]}}],"collection":[{"href":"https:\/\/www.jymachinetech.com\/tr\/wp-json\/wp\/v2\/product"}],"about":[{"href":"https:\/\/www.jymachinetech.com\/tr\/wp-json\/wp\/v2\/types\/product"}],"replies":[{"embeddable":true,"href":"https:\/\/www.jymachinetech.com\/tr\/wp-json\/wp\/v2\/comments?post=87"}],"version-history":[{"count":1,"href":"https:\/\/www.jymachinetech.com\/tr\/wp-json\/wp\/v2\/product\/87\/revisions"}],"predecessor-version":[{"id":7188,"href":"https:\/\/www.jymachinetech.com\/tr\/wp-json\/wp\/v2\/product\/87\/revisions\/7188"}],"wp:featuredmedia":[{"embeddable":true,"href":"https:\/\/www.jymachinetech.com\/tr\/wp-json\/wp\/v2\/media\/776"}],"wp:attachment":[{"href":"https:\/\/www.jymachinetech.com\/tr\/wp-json\/wp\/v2\/media?parent=87"}],"wp:term":[{"taxonomy":"product_brand","embeddable":true,"href":"https:\/\/www.jymachinetech.com\/tr\/wp-json\/wp\/v2\/product_brand?post=87"},{"taxonomy":"product_cat","embeddable":true,"href":"https:\/\/www.jymachinetech.com\/tr\/wp-json\/wp\/v2\/product_cat?post=87"},{"taxonomy":"product_tag","embeddable":true,"href":"https:\/\/www.jymachinetech.com\/tr\/wp-json\/wp\/v2\/product_tag?post=87"}],"curies":[{"name":"wp","href":"https:\/\/api.w.org\/{rel}","templated":true}]}}