{"id":83,"date":"2021-12-18T07:16:26","date_gmt":"2021-12-18T07:16:26","guid":{"rendered":"https:\/\/www.jymachinetech.com\/?post_type=product&#038;p=83"},"modified":"2025-07-25T05:54:36","modified_gmt":"2025-07-25T05:54:36","slug":"feeder","status":"publish","type":"product","link":"https:\/\/www.jymachinetech.com\/tr\/product\/feeder\/","title":{"rendered":"Feeder For Sales | Feeder Factory"},"content":{"rendered":"<div class=\"content-style\">\n<p>Besleyici, hamuru hazneye beslemek ve uygun hamur par\u00e7alar\u0131na \u00f6n yuvarlama yapmak i\u00e7in kullan\u0131l\u0131r, bu par\u00e7alar daha sonra 1\/2\/3 \u00f6l\u00e7\u00fc silindirlerine iletilerek daha fazla yuvarlama yap\u0131l\u0131r. Her t\u00fcrl\u00fc sert bisk\u00fcvi \u00fcretim hatt\u0131nda vazge\u00e7ilmez bir makinedir.<\/p>\n<p>&nbsp;<\/p>\n<\/div>\n<div class=\"table-responsive\">\n<table style=\"width: 100%;\">\n<tbody>\n<tr>\n<td style=\"text-align: center;\">cURL Too many subrequests.<\/td>\n<td style=\"text-align: center;\">JY1500<\/td>\n<td style=\"text-align: center;\">JY1200<\/td>\n<td style=\"text-align: center;\">JY1000<\/td>\n<td style=\"text-align: center;\">JY600<\/td>\n<\/tr>\n<tr>\n<td style=\"text-align: center;\">\u00c7\u0131k\u0131\u015f<\/td>\n<td style=\"text-align: center;\">1500<\/td>\n<td style=\"text-align: center;\">1200<\/td>\n<td style=\"text-align: center;\">1000<\/td>\n<td style=\"text-align: center;\">600<\/td>\n<\/tr>\n<tr>\n<td style=\"text-align: center;\">G\u00fc\u00e7 kayna\u011f\u0131(V\/Hz)<\/td>\n<td style=\"text-align: center;\" colspan=\"4\">220v\/380v\/415v<\/td>\n<\/tr>\n<tr>\n<td style=\"text-align: center;\">Hamur kal\u0131nl\u0131\u011f\u0131<\/td>\n<td style=\"text-align: center;\" colspan=\"4\">Ayarlanabilir<\/td>\n<\/tr>\n<tr>\n<td style=\"text-align: center;\">G\u00fc\u00e7(kw)<\/td>\n<td style=\"text-align: center;\" colspan=\"4\">1.22<\/td>\n<\/tr>\n<tr>\n<td style=\"text-align: center;\">H\u0131z(m\/dakika)<\/td>\n<td style=\"text-align: center;\" colspan=\"4\">1.2-1.9m\/dakika<\/td>\n<\/tr>\n<\/tbody>\n<\/table>\n<\/div>","protected":false},"excerpt":{"rendered":"<ul>\n<li>Frequency controller of motor speed, using displacement transducer to inspect the thickness of dough<\/li>\n<li>PLC touch screen adjust the dough thickness, more accurate<\/li>\n<li>Alloy roller stronger<\/li>\n<li>The roller guard is installed on the upper roller to reduce the chance of cutting the dough sheets<\/li>\n<li>The inner white food grade nontoxic nylon gasket prevents the dough sheets from being feed<\/li>\n<li>Rubber roller inside protecting the alloy roller effective<\/li>\n<li>Main frame and body is made of stainless steel<\/li>\n<li>R-shapes bending and waterproof sandblasting coating for longer use-age<\/li>\n<\/ul>","protected":false},"featured_media":86,"comment_status":"open","ping_status":"closed","template":"","meta":[],"product_brand":[],"product_cat":[15],"product_tag":[],"class_list":{"0":"post-83","1":"product","2":"type-product","3":"status-publish","4":"has-post-thumbnail","6":"product_cat-bakery-equipment","8":"first","9":"instock","10":"shipping-taxable","11":"product-type-simple"},"_links":{"self":[{"href":"https:\/\/www.jymachinetech.com\/tr\/wp-json\/wp\/v2\/product\/83","targetHints":{"allow":["GET"]}}],"collection":[{"href":"https:\/\/www.jymachinetech.com\/tr\/wp-json\/wp\/v2\/product"}],"about":[{"href":"https:\/\/www.jymachinetech.com\/tr\/wp-json\/wp\/v2\/types\/product"}],"replies":[{"embeddable":true,"href":"https:\/\/www.jymachinetech.com\/tr\/wp-json\/wp\/v2\/comments?post=83"}],"version-history":[{"count":1,"href":"https:\/\/www.jymachinetech.com\/tr\/wp-json\/wp\/v2\/product\/83\/revisions"}],"predecessor-version":[{"id":7189,"href":"https:\/\/www.jymachinetech.com\/tr\/wp-json\/wp\/v2\/product\/83\/revisions\/7189"}],"wp:featuredmedia":[{"embeddable":true,"href":"https:\/\/www.jymachinetech.com\/tr\/wp-json\/wp\/v2\/media\/86"}],"wp:attachment":[{"href":"https:\/\/www.jymachinetech.com\/tr\/wp-json\/wp\/v2\/media?parent=83"}],"wp:term":[{"taxonomy":"product_brand","embeddable":true,"href":"https:\/\/www.jymachinetech.com\/tr\/wp-json\/wp\/v2\/product_brand?post=83"},{"taxonomy":"product_cat","embeddable":true,"href":"https:\/\/www.jymachinetech.com\/tr\/wp-json\/wp\/v2\/product_cat?post=83"},{"taxonomy":"product_tag","embeddable":true,"href":"https:\/\/www.jymachinetech.com\/tr\/wp-json\/wp\/v2\/product_tag?post=83"}],"curies":[{"name":"wp","href":"https:\/\/api.w.org\/{rel}","templated":true}]}}