{"id":804,"date":"2021-12-18T07:59:30","date_gmt":"2021-12-18T07:59:30","guid":{"rendered":"https:\/\/www.jymachinetech.com\/?post_type=product&#038;p=804"},"modified":"2025-07-25T05:53:41","modified_gmt":"2025-07-25T05:53:41","slug":"planetary-mixer","status":"publish","type":"product","link":"https:\/\/www.jymachinetech.com\/tr\/product\/planetary-mixer\/","title":{"rendered":"Sat\u0131\u015f \u0130\u00e7in Planetary Mikser | Planetary Mikser Fabrikas\u0131"},"content":{"rendered":"<h2>Gezegenli Kar\u0131\u015ft\u0131r\u0131c\u0131: G\u0131da End\u00fcstrisi \u0130\u00e7in \u00c7ok Y\u00f6nl\u00fc ve G\u00fc\u00e7l\u00fc Kar\u0131\u015ft\u0131rma \u00c7\u00f6z\u00fcm\u00fc<\/h2>\n<p><strong>\u00dcr\u00fcn Genel Bak\u0131\u015f:<\/strong> Gezegenli Kar\u0131\u015ft\u0131r\u0131c\u0131, \u00e7e\u015fitli kar\u0131\u015ft\u0131rma ihtiya\u00e7lar\u0131na cevap verecek geli\u015fmi\u015f bir g\u0131da i\u015fleme makinesidir. Hareket ettirici se\u00e7imleri ve de\u011fi\u015fken h\u0131z ayarlar\u0131yla, a\u011f\u0131r ekmek hamurundan hassas hamur ve kar\u0131\u015f\u0131mlara kadar her \u015feyi i\u015flemek i\u00e7in idealdir.<\/p>\n<p><iframe title=\"K\u00fc\u00e7\u00fck kapasite bisk\u00fcvi yap\u0131m makinesi\" width=\"800\" height=\"450\" src=\"https:\/\/www.youtube.com\/embed\/3Q81AFCGqp0?feature=oembed\" frameborder=\"0\" allow=\"accelerometer; autoplay; clipboard-write; encrypted-media; gyroscope; picture-in-picture; web-share\" referrerpolicy=\"strict-origin-when-cross-origin\" allowfullscreen><\/iframe><\/p>\n<h2><strong>Hareket Ettirici Se\u00e7imi:<\/strong><\/h2>\n<ul>\n<li><strong>Hamur Kolu:<\/strong>\u00a0A\u011f\u0131r ekmek hamuru veya y\u00fcksek viskoziteli di\u011fer g\u0131da maddeleri i\u00e7in tasarlanm\u0131\u015f olup, kapsaml\u0131 ve nazik kar\u0131\u015ft\u0131rma i\u00e7in d\u00fc\u015f\u00fck h\u0131z ayar\u0131na ihtiya\u00e7 duyar.<\/li>\n<li><strong>\u00c7\u0131rp\u0131c\u0131:<\/strong>\u00a0\u0130nce hamurlar, kekler, patates p\u00fcresi ve i\u00e7 harc\u0131 gibi pasty g\u0131dalar\u0131n i\u015flenmesi i\u00e7in m\u00fckemmeldir, verimli kar\u0131\u015ft\u0131rma i\u00e7in orta h\u0131z ayar\u0131 kullan\u0131l\u0131r.<\/li>\n<li><strong>Tel \u00c7\u0131rp\u0131c\u0131:<\/strong>\u00a0S\u0131v\u0131 g\u0131dalar\u0131n kar\u0131\u015ft\u0131r\u0131lmas\u0131, krem \u015fanti \u00e7\u0131rpma ve yumurta \u00e7\u0131rpma i\u00e7in idealdir, h\u0131zl\u0131 hava kabarc\u0131\u011f\u0131 olu\u015fturma amac\u0131yla y\u00fcksek h\u0131z ayar\u0131 kullan\u0131l\u0131r.<\/li>\n<\/ul>\n<h2><strong>Key Features &amp; Benefits:<\/strong><\/h2>\n<ul>\n<li><strong>G\u0131da S\u0131n\u0131f\u0131 Paslanmaz \u00c7elik Kova:<\/strong>\u00a0Kar\u0131\u015ft\u0131r\u0131lan g\u0131da \u00fcr\u00fcnlerinin hijyen ve g\u00fcvenli\u011fini sa\u011flar.<\/li>\n<li><strong>Motor A\u015f\u0131r\u0131 Y\u00fck Korumas\u0131:<\/strong>\u00a0A\u015f\u0131r\u0131 y\u00fck nedeniyle kar\u0131\u015ft\u0131r\u0131c\u0131 ve bile\u015fenlerini hasardan korur.<\/li>\n<li><strong>G\u00fcvenlik Kova Kilidi:<\/strong>\u00a0Kovay\u0131 \u00e7al\u0131\u015fma s\u0131ras\u0131nda g\u00fcvenli bir \u015fekilde yerinde tutar, kazalar\u0131 \u00f6nler.<\/li>\n<li><strong>Saf Bak\u0131r Motor ve D\u00fc\u015f\u00fck G\u00fcr\u00fclt\u00fc:<\/strong>\u00a0G\u00fc\u00e7l\u00fc performans sa\u011flar, minimum g\u00fcr\u00fclt\u00fc rahats\u0131zl\u0131\u011f\u0131 ile \u00e7al\u0131\u015f\u0131r.<\/li>\n<li><strong>Gezegen Hareketli Kar\u0131\u015ft\u0131rma:<\/strong>\u00a0Detayl\u0131 ve homojen kar\u0131\u015f\u0131m sa\u011flar, her seferinde tutarl\u0131 sonu\u00e7lar elde edilmesini sa\u011flar.<\/li>\n<li><strong>\u00c7ok Y\u00f6nl\u00fc Is\u0131 Da\u011f\u0131l\u0131m\u0131:<\/strong>\u00a0Motorun uzun s\u00fcre kullan\u0131m s\u0131ras\u0131nda serin kalmas\u0131n\u0131 sa\u011flar, \u00f6mr\u00fcn\u00fc uzat\u0131r.<\/li>\n<li><strong>Ayarlanabilir H\u0131z Ayarlar\u0131:<\/strong>\u00a0Kar\u0131\u015ft\u0131rma i\u015flemi \u00fczerinde hassas kontrol sa\u011flar, h\u0131zl\u0131, orta ve yava\u015f h\u0131z se\u00e7enekleri ile.<\/li>\n<\/ul>\n<h2><strong>Teknik \u00d6zellikler:<\/strong><\/h2>\n<ul>\n<li><strong>Kase Malzemesi:<\/strong>\u00a0Dayan\u0131kl\u0131l\u0131k ve kolay temizlik i\u00e7in g\u0131da s\u0131n\u0131f\u0131 paslanmaz \u00e7elik.<\/li>\n<li><strong>Motor Detaylar\u0131:<\/strong>\u00a0Verimlilik ve d\u00fc\u015f\u00fck g\u00fcr\u00fclt\u00fc ile \u00e7al\u0131\u015fmak \u00fczere saf bak\u0131r motor ile donat\u0131lm\u0131\u015ft\u0131r.<\/li>\n<li><strong>H\u0131z Ayarlar\u0131:<\/strong>\u00a0Farkl\u0131 kar\u0131\u015ft\u0131rma g\u00f6revlerine uyum sa\u011flamak i\u00e7in d\u00fc\u015f\u00fck, orta ve y\u00fcksek h\u0131z ayarlar\u0131 sunar.<\/li>\n<\/ul>\n<h2><strong>Applications:<\/strong><\/h2>\n<ul>\n<li>F\u0131r\u0131nlar, ticari mutfaklar, g\u0131da i\u015fleme tesisleri ve \u00e7e\u015fitli g\u0131da malzemeleri i\u00e7in sa\u011flam bir kar\u0131\u015ft\u0131r\u0131c\u0131 gerektiren mutfaklar i\u00e7in uygundur.<\/li>\n<\/ul>\n<h2><strong>M\u00fc\u015fteri Deste\u011fi ve Hizmetleri:<\/strong><\/h2>\n<ul>\n<li><strong>Professional Consultation:<\/strong>\u00a0\u00d6zel kar\u0131\u015ft\u0131rma ihtiya\u00e7lar\u0131n\u0131z i\u00e7in en iyi konfig\u00fcrasyonu belirlemenize yard\u0131mc\u0131 olacak ekibimiz var.<\/li>\n<li><strong>Installation and Training:<\/strong>\u00a0Operasyonlar\u0131n\u0131z\u0131n g\u00fcvenli ve etkili bir \u015fekilde \u00e7al\u0131\u015fmas\u0131n\u0131 sa\u011flamak i\u00e7in kapsaml\u0131 kurulum hizmetleri ve e\u011fitim sunuyoruz.<\/li>\n<li><strong>After-Sales Service:<\/strong>\u00a0Bak\u0131m ve ar\u0131za giderme konusunda \u00f6zel destek ile operasyonlar\u0131n\u0131z\u0131n sorunsuz devam etmesini sa\u011fl\u0131yoruz.<\/li>\n<\/ul>\n<h2><strong>Neden Planetary Kar\u0131\u015ft\u0131r\u0131c\u0131m\u0131z\u0131 Tercih Etmelisiniz?<\/strong><\/h2>\n<ul>\n<li><strong>Kalite ve Dayan\u0131kl\u0131l\u0131k:<\/strong>\u00a0Zorlu ortamlarda uzun \u00f6m\u00fcrl\u00fc performans i\u00e7in y\u00fcksek kaliteli malzemelerle \u00fcretilmi\u015ftir.<\/li>\n<li><strong>\u00c7ok Y\u00f6nl\u00fcl\u00fck ve \u0130\u015flevsellik:<\/strong>\u00a0Farkl\u0131 kar\u0131\u015ft\u0131r\u0131c\u0131lar ve h\u0131z ayarlar\u0131 ile \u00e7e\u015fitli g\u0131da i\u015fleme g\u00f6revleri i\u00e7in uygundur.<\/li>\n<li><strong>G\u00fcvenlik ve G\u00fcvenilirlik:<\/strong>\u00a0G\u00fcvenilir \u00e7al\u0131\u015fma i\u00e7in g\u00fcvenlik \u00f6zellikleri ve sa\u011flam bir motor i\u00e7erir.<\/li>\n<li><strong>cURL Too many subrequests.<\/strong>\u00a0Geni\u015f deneyime sahip profesyonellerden olu\u015fan bir ekibin deste\u011fiyle.<\/li>\n<\/ul>\n<p><strong>Get a Quote Now:<\/strong> Ki\u015fiselle\u015ftirilmi\u015f fiyatland\u0131rma ve Planetary Mixer'\u0131m\u0131z\u0131n g\u0131da i\u015fleme operasyonlar\u0131n\u0131z\u0131 nas\u0131l kolayla\u015ft\u0131rabilece\u011fi hakk\u0131nda daha fazla bilgi edinmek i\u00e7in bug\u00fcn bizimle ileti\u015fime ge\u00e7in.<\/p>\n<h2><strong>\u00d6ZELK\u0130\u015e\u0130 DETAYI<\/strong><\/h2>\n<p>&nbsp;<\/p>\n<div class=\"table-responsive\">\n<table style=\"width: 100%;\">\n<tbody>\n<tr>\n<td style=\"text-align: center;\">T\u0130P<\/td>\n<td style=\"text-align: center;\">HAC\u0130M<\/td>\n<td style=\"text-align: center;\">G\u00dc\u00c7<\/td>\n<td style=\"text-align: center;\">KARI\u015eTIRMA HIZI<\/td>\n<td style=\"text-align: center;\">A\u011eIRLIK<\/td>\n<td style=\"text-align: center;\">\u00d6L\u00c7\u00dc (MM)<\/td>\n<\/tr>\n<tr>\n<td style=\"text-align: center;\">JY30<\/td>\n<td style=\"text-align: center;\">30L<\/td>\n<td style=\"text-align: center;\">750W<\/td>\n<td style=\"text-align: center;\">137\/275\/410 r\/dak<\/td>\n<td style=\"text-align: center;\">125kg<\/td>\n<td style=\"text-align: center;\">570*430*765<\/td>\n<\/tr>\n<tr>\n<td style=\"text-align: center;\">JY60<\/td>\n<td style=\"text-align: center;\">60L<\/td>\n<td style=\"text-align: center;\">2.2KW<\/td>\n<td style=\"text-align: center;\">230\/400\/600 r\/dak<\/td>\n<td style=\"text-align: center;\">560kg<\/td>\n<td style=\"text-align: center;\">1050*700*1500<\/td>\n<\/tr>\n<tr>\n<td style=\"text-align: center;\">JY80<\/td>\n<td style=\"text-align: center;\">80L<\/td>\n<td style=\"text-align: center;\">3KW<\/td>\n<td style=\"text-align: center;\">73\/109\/143\/216 r\/dak<\/td>\n<td style=\"text-align: center;\">750kg<\/td>\n<td style=\"text-align: center;\">1050*620*1430<\/td>\n<\/tr>\n<tr>\n<td style=\"text-align: center;\">JY100<\/td>\n<td style=\"text-align: center;\">100L<\/td>\n<td style=\"text-align: center;\">4KW<\/td>\n<td style=\"text-align: center;\">125\/225\/375\/475 r\/dak<\/td>\n<td style=\"text-align: center;\">1200kg<\/td>\n<td style=\"text-align: center;\">1150*750*1700<\/td>\n<\/tr>\n<tr>\n<td style=\"text-align: center;\">JY200<\/td>\n<td style=\"text-align: center;\">200L<\/td>\n<td style=\"text-align: center;\">7.5KW<\/td>\n<td style=\"text-align: center;\">125\/225\/375\/475 r\/dak<\/td>\n<td style=\"text-align: center;\">2000kg<\/td>\n<td style=\"text-align: center;\">1450*1100*1800<\/td>\n<\/tr>\n<tr>\n<td style=\"text-align: center;\">JY300<\/td>\n<td style=\"text-align: center;\">300L<\/td>\n<td style=\"text-align: center;\">11.5KW<\/td>\n<td style=\"text-align: center;\">125\/225\/375\/475 r\/dak<\/td>\n<td style=\"text-align: center;\">2500kg<\/td>\n<td style=\"text-align: center;\">1650*1400*1800<\/td>\n<\/tr>\n<\/tbody>\n<\/table>\n<\/div>","protected":false},"excerpt":{"rendered":"<p>Planetary kar\u0131\u015ft\u0131r\u0131c\u0131 bir\u00e7ok fonksiyona sahiptir, \u00f6rne\u011fin kar\u0131\u015ft\u0131rma, yo\u011furma, s\u00fct, yumurta gibi malzemeleri kar\u0131\u015ft\u0131rmak i\u00e7in. Makineler, 3 t\u00fcr kar\u0131\u015ft\u0131r\u0131c\u0131 ile tamamlanm\u0131\u015f olup, un kar\u0131\u015ft\u0131rma, i\u00e7 malzeme kar\u0131\u015ft\u0131rma, yumurta \u0131s\u0131tma gibi farkl\u0131 kar\u0131\u015ft\u0131rma ama\u00e7lar\u0131 i\u00e7in 3 h\u0131z seviyesi vard\u0131r. G\u0131da ile temas eden t\u00fcm par\u00e7alar paslanmaz \u00e7elikten yap\u0131lm\u0131\u015ft\u0131r.<\/p>","protected":false},"featured_media":805,"comment_status":"open","ping_status":"closed","template":"","meta":[],"product_brand":[],"product_cat":[15],"product_tag":[],"class_list":{"0":"post-804","1":"product","2":"type-product","3":"status-publish","4":"has-post-thumbnail","6":"product_cat-bakery-equipment","8":"first","9":"instock","10":"shipping-taxable","11":"product-type-simple"},"_links":{"self":[{"href":"https:\/\/www.jymachinetech.com\/tr\/wp-json\/wp\/v2\/product\/804","targetHints":{"allow":["GET"]}}],"collection":[{"href":"https:\/\/www.jymachinetech.com\/tr\/wp-json\/wp\/v2\/product"}],"about":[{"href":"https:\/\/www.jymachinetech.com\/tr\/wp-json\/wp\/v2\/types\/product"}],"replies":[{"embeddable":true,"href":"https:\/\/www.jymachinetech.com\/tr\/wp-json\/wp\/v2\/comments?post=804"}],"version-history":[{"count":1,"href":"https:\/\/www.jymachinetech.com\/tr\/wp-json\/wp\/v2\/product\/804\/revisions"}],"predecessor-version":[{"id":7185,"href":"https:\/\/www.jymachinetech.com\/tr\/wp-json\/wp\/v2\/product\/804\/revisions\/7185"}],"wp:featuredmedia":[{"embeddable":true,"href":"https:\/\/www.jymachinetech.com\/tr\/wp-json\/wp\/v2\/media\/805"}],"wp:attachment":[{"href":"https:\/\/www.jymachinetech.com\/tr\/wp-json\/wp\/v2\/media?parent=804"}],"wp:term":[{"taxonomy":"product_brand","embeddable":true,"href":"https:\/\/www.jymachinetech.com\/tr\/wp-json\/wp\/v2\/product_brand?post=804"},{"taxonomy":"product_cat","embeddable":true,"href":"https:\/\/www.jymachinetech.com\/tr\/wp-json\/wp\/v2\/product_cat?post=804"},{"taxonomy":"product_tag","embeddable":true,"href":"https:\/\/www.jymachinetech.com\/tr\/wp-json\/wp\/v2\/product_tag?post=804"}],"curies":[{"name":"wp","href":"https:\/\/api.w.org\/{rel}","templated":true}]}}