{"id":78,"date":"2021-12-18T07:10:21","date_gmt":"2021-12-18T07:10:21","guid":{"rendered":"https:\/\/www.jymachinetech.com\/?post_type=product&#038;p=78"},"modified":"2025-07-25T05:49:05","modified_gmt":"2025-07-25T05:49:05","slug":"dough-sheeter","status":"publish","type":"product","link":"https:\/\/www.jymachinetech.com\/tr\/product\/dough-sheeter\/","title":{"rendered":"Dough sheet relaxing system | dough sheeter"},"content":{"rendered":"<h2><strong>Hamur Levhas\u0131 Rahatlatma Sistemi: Hamur \u0130\u015fleme S\u00fcrecinde Tutarl\u0131l\u0131k ve Kaliteyi Sa\u011flama<\/strong><\/h2>\n<p><strong>\u00dcr\u00fcn Genel Bak\u0131\u015f:<\/strong> Hamur Levhas\u0131 Rahatlatma Sistemi, hamur i\u015fleme ak\u0131\u015f\u0131nda, \u00f6zellikle hamurun kesim i\u00e7in sert hamur d\u00f6ner kal\u0131ba girmeden \u00f6nce \u00f6nemli bir bile\u015fendir. Bu sistem, hamuru serbest b\u0131rakmak ve tekrarlanan yuvarlama nedeniyle olu\u015fan stresi hafifletmek \u00fczere tasarlanm\u0131\u015ft\u0131r, b\u00f6ylece hamurun kalitesini ve plastisitesini korur.<\/p>\n<p><iframe title=\"K\u0131rma makinesi, Bisk\u00fcvi \u00fcretim hatt\u0131, Hamur levha \u015eekillendirme ve Kesim Hatt\u0131\" width=\"800\" height=\"450\" src=\"https:\/\/www.youtube.com\/embed\/PUkXg4ThEyc?start=8&#038;feature=oembed\" frameborder=\"0\" allow=\"accelerometer; autoplay; clipboard-write; encrypted-media; gyroscope; picture-in-picture; web-share\" referrerpolicy=\"strict-origin-when-cross-origin\" allowfullscreen><\/iframe><\/p>\n<h2><strong>Key Features &amp; Benefits:<\/strong><\/h2>\n<ul>\n<li><strong>Stres-Serbest B\u0131rakan Konvey\u00f6r:<\/strong>\u00a0Hamuru rahatlatmak i\u00e7in tasarlanm\u0131\u015f \u00f6zel bir konvey\u00f6r, yuvarlama sonras\u0131 i\u015f par\u00e7as\u0131 deformasyonlar\u0131n\u0131 \u00f6nler.<\/li>\n<li><strong>\u00d6n \u015eekillendirme Silindiri Montaj\u0131:<\/strong>\u00a0Hamur \u015feridinin \u015fekillendirme silindiri giri\u015finden \u00f6nce monte edilmi\u015ftir, b\u00f6ylece \u00fcretimin bir sonraki a\u015famas\u0131 i\u00e7in optimal hamur durumu sa\u011flan\u0131r.<\/li>\n<li><strong>Basit Ayar Sistemi:<\/strong>\u00a0Silindirler aras\u0131ndaki bo\u015flu\u011fu kolayca ayarlamaya olanak tan\u0131r, farkl\u0131 hamur t\u00fcrleri ve kal\u0131nl\u0131k gereksinimlerine uyum sa\u011flar.<\/li>\n<li><strong>Geli\u015fmi\u015f Hamur Kalitesi:<\/strong>\u00a0Hamurun dokusunu ve plastisitesini korur, bu da tutarl\u0131 \u00fcr\u00fcn kalitesi i\u00e7in kritiktir.<\/li>\n<li><strong>Plastisite Koruma:<\/strong>\u00a0Hamurun fazla i\u015flenme riskini azalt\u0131r, bu da sertlik veya d\u00fczensiz pi\u015firme ile sonu\u00e7lanabilir.<\/li>\n<\/ul>\n<h2><strong>Teknik \u00d6zellikler:<\/strong><\/h2>\n<ul>\n<li><strong>Ayarlanabilirlik:<\/strong>\u00a0Farkl\u0131 hamur kal\u0131nl\u0131klar\u0131 ve t\u00fcrlerine uygun silindir bo\u015flu\u011fu ayarlamas\u0131 i\u00e7in kullan\u0131m\u0131 kolay bir sistem i\u00e7erir.<\/li>\n<li><strong>Malzeme Uyumlulu\u011fu:<\/strong>\u00a0Yumu\u015fak ve sert hamurlar dahil olmak \u00fczere geni\u015f hamur form\u00fclasyonlar\u0131yla \u00e7al\u0131\u015facak \u015fekilde tasarlanm\u0131\u015ft\u0131r.<\/li>\n<li><strong>\u0130n\u015faat:<\/strong>\u00a0S\u00fcrekli hamur i\u015fleme taleplerine dayanacak dayan\u0131kl\u0131 malzemelerle in\u015fa edilmi\u015ftir.<\/li>\n<\/ul>\n<h2><strong>Applications:<\/strong><\/h2>\n<ul>\n<li>F\u0131r\u0131nlar i\u00e7in idealdir, hem el yap\u0131m\u0131 hem de ticari, kesim ve kal\u0131plama \u00f6ncesinde hassas hamur i\u015fleme gerektiren yerler i\u00e7in.<\/li>\n<li>D\u00fczenli hamur kalitesinin \u00f6nemli oldu\u011fu otomatik \u00fcretim hatlar\u0131nda kullan\u0131m i\u00e7in m\u00fckemmeldir.<\/li>\n<\/ul>\n<h2><strong>M\u00fc\u015fteri Deste\u011fi ve Hizmetleri:<\/strong><\/h2>\n<ul>\n<li><strong>Professional Consultation:<\/strong>\u00a0Uzman ekibimiz, \u00f6zel hamur i\u015fleme ihtiya\u00e7lar\u0131n\u0131z i\u00e7in en iyi kurulumu belirlemenize yard\u0131mc\u0131 olacakt\u0131r.<\/li>\n<li><strong>Installation and Training:<\/strong>\u00a0Kapsaml\u0131 kurulum hizmetleri ve operat\u00f6r e\u011fitimi sa\u011flayarak sistemin etkin kullan\u0131lmas\u0131n\u0131 sa\u011fl\u0131yoruz.<\/li>\n<li><strong>After-Sales Service:<\/strong>\u00a0Dedicated support for maintenance and troubleshooting to minimize downtime.<\/li>\n<\/ul>\n<h2><strong>SSS:<\/strong><\/h2>\n<p><strong>Soru: Hamur Levha Rahatlatma Sisteminin amac\u0131 nedir?<\/strong> Cevap: Sistem, yuvarlama sonras\u0131 hamurda stresin azalt\u0131lmas\u0131n\u0131 sa\u011flayarak tutarl\u0131 kaliteyi korur ve sonraki i\u015flemlerde deformasyonu \u00f6nler.<\/p>\n<p><strong>Soru: Hamur Levha Rahatlatma Sistemi nas\u0131l \u00e7al\u0131\u015f\u0131r?<\/strong> Cevap: Hamuru nazik\u00e7e i\u015fleyen stres azalt\u0131c\u0131 bir konvey\u00f6r kullan\u0131r, b\u00f6ylece \u015fekillendirme silindrine beslenmeden \u00f6nce rahatlamas\u0131na izin verir.<\/p>\n<p><strong>Soru: Sistem farkl\u0131 hamur t\u00fcrlerini i\u015fleyebilir mi?<\/strong> Cevap: Evet, sistem ayarlanabilir olup \u00e7e\u015fitli hamur form\u00fclasyonlar\u0131 ve k\u0131vamlar\u0131na uyum sa\u011flayabilir.<\/p>\n<p><strong>Soru: Ayar sistemi nas\u0131l \u00e7al\u0131\u015f\u0131r?<\/strong> Cevap: Silindirler aras\u0131ndaki bo\u015fluk, i\u015flenen hamurun kal\u0131nl\u0131\u011f\u0131 ve t\u00fcr\u00fcne uygun \u015fekilde kolayca ayarlanabilir.<\/p>\n<p><strong>Soru: Hamur Levha Rahatlatma Sisteminin kullanman\u0131n faydalar\u0131 nelerdir?<\/strong> Cevap: Sistem, hamur kalitesini korur, e\u015fit pi\u015firme sa\u011flar ve deformasyonu \u00f6nler, b\u00f6ylece \u00fcr\u00fcn tutarl\u0131l\u0131\u011f\u0131 ve kalitesini art\u0131r\u0131r.<\/p>\n<h2><strong>Hamur Levha Rahatlatma Sistemimizi Neden Se\u00e7melisiniz:<\/strong><\/h2>\n<ul>\n<li><strong>Kalite &amp; Tutarl\u0131l\u0131k:<\/strong>\u00a0Hamurun kalitesini ve plastisitesini koruyarak \u00fcst\u00fcn \u00fcr\u00fcnler elde edilmesini sa\u011flar.<\/li>\n<li><strong>cURL Too many subrequests.<\/strong>\u00a0Farkl\u0131 hamur t\u00fcrleri ve i\u015fleme gereksinimlerine uyum sa\u011flamak i\u00e7in ayarlanabilir ayarlar sunar.<\/li>\n<li><strong>cURL Too many subrequests.<\/strong>\u00a0Hamur i\u015fleme ekipmanlar\u0131nda geni\u015f deneyime sahip profesyonellerden olu\u015fan bir ekibin deste\u011fiyle.<\/li>\n<\/ul>\n<p><strong>Get a Quote Now:<\/strong> Ki\u015fiselle\u015ftirilmi\u015f fiyatland\u0131rma ve Hamur Levha Rahatlatma Sistemimizin hamur i\u015fleme kabiliyetlerinizi nas\u0131l geli\u015ftirebilece\u011fi hakk\u0131nda daha fazla bilgi almak i\u00e7in bug\u00fcn bizimle ileti\u015fime ge\u00e7in.<\/p>","protected":false},"excerpt":{"rendered":"<ul>\n<li>Conveyor input can be adjustable from front to back.<\/li>\n<li>Conveyor output can be adjustable for the height.<\/li>\n<li>Self-weight tension<\/li>\n<li>Individual power can be adjustable speed separately.<\/li>\n<li>Dough leftovers collection plate<\/li>\n<\/ul>","protected":false},"featured_media":82,"comment_status":"open","ping_status":"closed","template":"","meta":[],"product_brand":[],"product_cat":[15],"product_tag":[21],"class_list":{"0":"post-78","1":"product","2":"type-product","3":"status-publish","4":"has-post-thumbnail","6":"product_cat-bakery-equipment","7":"product_tag-dough-sheeter","9":"first","10":"instock","11":"shipping-taxable","12":"product-type-simple"},"_links":{"self":[{"href":"https:\/\/www.jymachinetech.com\/tr\/wp-json\/wp\/v2\/product\/78","targetHints":{"allow":["GET"]}}],"collection":[{"href":"https:\/\/www.jymachinetech.com\/tr\/wp-json\/wp\/v2\/product"}],"about":[{"href":"https:\/\/www.jymachinetech.com\/tr\/wp-json\/wp\/v2\/types\/product"}],"replies":[{"embeddable":true,"href":"https:\/\/www.jymachinetech.com\/tr\/wp-json\/wp\/v2\/comments?post=78"}],"version-history":[{"count":1,"href":"https:\/\/www.jymachinetech.com\/tr\/wp-json\/wp\/v2\/product\/78\/revisions"}],"predecessor-version":[{"id":7175,"href":"https:\/\/www.jymachinetech.com\/tr\/wp-json\/wp\/v2\/product\/78\/revisions\/7175"}],"wp:featuredmedia":[{"embeddable":true,"href":"https:\/\/www.jymachinetech.com\/tr\/wp-json\/wp\/v2\/media\/82"}],"wp:attachment":[{"href":"https:\/\/www.jymachinetech.com\/tr\/wp-json\/wp\/v2\/media?parent=78"}],"wp:term":[{"taxonomy":"product_brand","embeddable":true,"href":"https:\/\/www.jymachinetech.com\/tr\/wp-json\/wp\/v2\/product_brand?post=78"},{"taxonomy":"product_cat","embeddable":true,"href":"https:\/\/www.jymachinetech.com\/tr\/wp-json\/wp\/v2\/product_cat?post=78"},{"taxonomy":"product_tag","embeddable":true,"href":"https:\/\/www.jymachinetech.com\/tr\/wp-json\/wp\/v2\/product_tag?post=78"}],"curies":[{"name":"wp","href":"https:\/\/api.w.org\/{rel}","templated":true}]}}