{"id":7509,"date":"2025-07-28T12:59:32","date_gmt":"2025-07-28T12:59:32","guid":{"rendered":"https:\/\/www.jymachinetech.com\/?post_type=product&#038;p=7509"},"modified":"2025-07-28T12:59:32","modified_gmt":"2025-07-28T12:59:32","slug":"raising-film-continuous-cooker","status":"publish","type":"product","link":"https:\/\/www.jymachinetech.com\/tr\/product\/raising-film-continuous-cooker\/","title":{"rendered":"Raising Film S\u00fcrekli Pi\u015firici"},"content":{"rendered":"<p>Pektin tipi Jel \u015feker Y\u00fckseltici-film<\/p>\n<p><a href=\"https:\/\/www.jymachinetech.com\/wp-content\/uploads\/2025\/07\/Raising-Film1.jpg\" target=\"_blank\"><img fetchpriority=\"high\" decoding=\"async\" class=\"alignnone size-full wp-image-7510\" src=\"https:\/\/www.jymachinetech.com\/wp-content\/uploads\/2025\/07\/Raising-Film1.jpg\" alt=\"\" width=\"600\" height=\"400\" srcset=\"https:\/\/www.jymachinetech.com\/wp-content\/uploads\/2025\/07\/Raising-Film1.jpg 600w, https:\/\/www.jymachinetech.com\/wp-content\/uploads\/2025\/07\/Raising-Film1-18x12.jpg 18w\" sizes=\"(max-width: 600px) 100vw, 600px\" \/><\/a><\/p>\n<ul>\n<li>\n<strong>Venturi fla\u015f<\/strong> \u2013 \u015furup ani bas\u0131n\u00e7 d\u00fc\u015f\u00fc\u015f\u00fc ya\u015far; fazla nem buharla\u015f\u0131r.<br \/>\n\u2022 <strong>Mikrofilm t\u00fcp\u00fc<\/strong> \u2013 buharla \u0131s\u0131t\u0131lm\u0131\u015f, kaz\u0131y\u0131c\u0131 b\u0131\u00e7aklar ince \u015furup filmi (&lt; 1 mm) olu\u015fturur.<br \/>\n\u2022 <strong>H\u0131zl\u0131 pi\u015firme<\/strong> \u2013 kalma s\u00fcresi \u2248 2\u20133 sn; vakum kaynama noktas\u0131n\u0131 105\u2013110 \u00b0C\u2019ye d\u00fc\u015f\u00fcr\u00fcr, \u0131s\u0131 bozulmas\u0131n\u0131, inversiyonu ve bulan\u0131kl\u0131\u011f\u0131 \u00f6nler.<br \/>\n\u2022 <strong>Toplama odas\u0131<\/strong> \u2013 hedef kat\u0131 madde i\u00e7eren bitmi\u015f \u015furup, renk, aroma ve \u00e7\u00f6kelti i\u00e7in haz\u0131rd\u0131r.<br \/>\n\u2022 Pi\u015firici <strong>vakum alt\u0131nda \u00e7al\u0131\u015f\u0131r<\/strong> (\u2248 50\u2013100 mbar), bu y\u00fczden kaynama noktas\u0131 d\u00fc\u015fer <strong>105\u2013110 \u00b0C<\/strong>, karamelizasyonu, inversiyonu ve berrakl\u0131k kayb\u0131n\u0131 \u00f6nler.<br \/>\n\u2022 H\u0131zl\u0131 buharla\u015fma, \u015furubu istenen kat\u0131 maddeye (\u2248 78\u201382 \u00b0Brix) getirir ve renk\/aroma dozaj\u0131na haz\u0131r hale getirir.<\/li>\n<li>\n<strong>D\u00fc\u015f\u00fck s\u0131cakl\u0131kta pi\u015firme = minimum bozulma<\/strong>, daha iyi renk, daha uzun raf \u00f6mr\u00fc sa\u011flar.<br \/>\n\u2022 <strong>K\u0131sa kalma s\u00fcresi<\/strong> \u2013 tatlar aras\u0131nda h\u0131zl\u0131 ge\u00e7i\u015fler sa\u011flar.<br \/>\n\u2022 <strong>D\u00fczenli nem<\/strong> ve <strong>kristal berrakl\u0131\u011f\u0131nda \u00fcr\u00fcn<\/strong> \u2013 j\u00f6leler, sert \u015fekerler, lolipoplar i\u00e7in kritik \u00f6nemde.<\/li>\n<\/ul>","protected":false},"excerpt":{"rendered":"<ul>\n<li><strong>Venturi fla\u015f<\/strong> \u2013 \u015furup ani bas\u0131n\u00e7 d\u00fc\u015f\u00fc\u015f\u00fc ya\u015far; fazla nem buharla\u015f\u0131r.<br \/>\n\u2022 <strong>Mikrofilm t\u00fcp\u00fc<\/strong> \u2013 buharla \u0131s\u0131t\u0131lm\u0131\u015f, kaz\u0131y\u0131c\u0131 b\u0131\u00e7aklar ince \u015furup filmi (&lt; 1 mm) olu\u015fturur.<\/li>\n<\/ul>","protected":false},"featured_media":7510,"comment_status":"closed","ping_status":"closed","template":"","meta":[],"product_brand":[],"product_cat":[16],"product_tag":[],"class_list":{"0":"post-7509","1":"product","2":"type-product","3":"status-publish","4":"has-post-thumbnail","6":"product_cat-candy-machine","8":"first","9":"instock","10":"shipping-taxable","11":"product-type-simple"},"_links":{"self":[{"href":"https:\/\/www.jymachinetech.com\/tr\/wp-json\/wp\/v2\/product\/7509","targetHints":{"allow":["GET"]}}],"collection":[{"href":"https:\/\/www.jymachinetech.com\/tr\/wp-json\/wp\/v2\/product"}],"about":[{"href":"https:\/\/www.jymachinetech.com\/tr\/wp-json\/wp\/v2\/types\/product"}],"replies":[{"embeddable":true,"href":"https:\/\/www.jymachinetech.com\/tr\/wp-json\/wp\/v2\/comments?post=7509"}],"version-history":[{"count":3,"href":"https:\/\/www.jymachinetech.com\/tr\/wp-json\/wp\/v2\/product\/7509\/revisions"}],"predecessor-version":[{"id":7516,"href":"https:\/\/www.jymachinetech.com\/tr\/wp-json\/wp\/v2\/product\/7509\/revisions\/7516"}],"wp:featuredmedia":[{"embeddable":true,"href":"https:\/\/www.jymachinetech.com\/tr\/wp-json\/wp\/v2\/media\/7510"}],"wp:attachment":[{"href":"https:\/\/www.jymachinetech.com\/tr\/wp-json\/wp\/v2\/media?parent=7509"}],"wp:term":[{"taxonomy":"product_brand","embeddable":true,"href":"https:\/\/www.jymachinetech.com\/tr\/wp-json\/wp\/v2\/product_brand?post=7509"},{"taxonomy":"product_cat","embeddable":true,"href":"https:\/\/www.jymachinetech.com\/tr\/wp-json\/wp\/v2\/product_cat?post=7509"},{"taxonomy":"product_tag","embeddable":true,"href":"https:\/\/www.jymachinetech.com\/tr\/wp-json\/wp\/v2\/product_tag?post=7509"}],"curies":[{"name":"wp","href":"https:\/\/api.w.org\/{rel}","templated":true}]}}