{"id":7457,"date":"2025-07-28T05:54:45","date_gmt":"2025-07-28T05:54:45","guid":{"rendered":"https:\/\/www.jymachinetech.com\/?post_type=product&#038;p=7457"},"modified":"2025-07-28T05:55:21","modified_gmt":"2025-07-28T05:55:21","slug":"semi-automatic-starch-mogul-line-80-800kg-h-capacity-industry-leading-advantages","status":"publish","type":"product","link":"https:\/\/www.jymachinetech.com\/tr\/product\/semi-automatic-starch-mogul-line-80-800kg-h-capacity-industry-leading-advantages\/","title":{"rendered":"Yar\u0131 Otomatik Ni\u015fasta Mogu Hatt\u0131 | 80-800kg\/saat Kapasite | End\u00fcstri Lideri Avantajlar"},"content":{"rendered":"<h2 data-pm-slice=\"1 1 []\"><strong>Yar\u0131 Otomatik Ni\u015fasta Mogu Hatt\u0131 | 80-800kg\/saat Kapasite | End\u00fcstri Lideri Avantajlar<br \/>\n<a href=\"https:\/\/www.jymachinetech.com\/wp-content\/uploads\/2025\/07\/Starch-Mogul-Line1.jpg\" target=\"_blank\"><img fetchpriority=\"high\" decoding=\"async\" class=\"alignnone size-full wp-image-7461\" src=\"https:\/\/www.jymachinetech.com\/wp-content\/uploads\/2025\/07\/Starch-Mogul-Line1.jpg\" alt=\"\" width=\"1427\" height=\"469\" srcset=\"https:\/\/www.jymachinetech.com\/wp-content\/uploads\/2025\/07\/Starch-Mogul-Line1.jpg 1427w, https:\/\/www.jymachinetech.com\/wp-content\/uploads\/2025\/07\/Starch-Mogul-Line1-18x6.jpg 18w, https:\/\/www.jymachinetech.com\/wp-content\/uploads\/2025\/07\/Starch-Mogul-Line1-600x197.jpg 600w\" sizes=\"(max-width: 1427px) 100vw, 1427px\" \/><\/a><br \/>\n<\/strong><\/h2>\n<p>Ni\u015fasta bazl\u0131 j\u00f6le ve sak\u0131zl\u0131 \u015fekerlerin k\u00fc\u00e7\u00fck ila orta \u00f6l\u00e7ekli \u00fcretimi i\u00e7in kompakt ancak g\u00fc\u00e7l\u00fc bir \u00e7\u00f6z\u00fcm. \u0130\u015f g\u00fcc\u00fcn\u00fc azaltmak, zemin alan\u0131n\u0131 k\u00fc\u00e7\u00fcltmek ve yine de d\u00fczg\u00fcn, y\u00fcksek kaliteli \u00fcr\u00fcnler sunmak i\u00e7in klasik ni\u015fasta kal\u0131plama s\u00fcrecini korurken k\u0131smi otomasyon ekler. Sistem, fudge, j\u00f6le \u015feker, sa\u011fl\u0131k \u00fcr\u00fcnleri ve jelatin bazl\u0131 \u015fekerler dahil olmak \u00fczere farkl\u0131 t\u00fcrde \u015fekerlerin \u00fcretimi i\u00e7in tasarlanm\u0131\u015ft\u0131r. Carrageenan, agar ve arap zamk\u0131 gibi \u00e7e\u015fitli jelle\u015ftirici maddelerin kullan\u0131m\u0131n\u0131 destekleyerek vejetaryen ve sa\u011fl\u0131k odakl\u0131 se\u00e7enekler i\u00e7in uygun hale getirir. Ni\u015fasta d\u00f6kme hatlar\u0131n\u0131n \u00e7ok y\u00f6nl\u00fcl\u00fc\u011f\u00fc, \u00e7ok \u00e7e\u015fitli tariflere ve pazara \u00f6zel \u00fcr\u00fcnlere olanak tan\u0131r.<\/p>\n<p><strong>Temel Yerle\u015fim<\/strong><\/p>\n<p>\u2460 Pi\u015firme \u00dcnitesi \u2013 elektrikli veya buharl\u0131 ceketli kazan \u015feker\/glikoz\/su \u00e7\u00f6zer; PLC \u00b11 \u00b0C hassasiyet sa\u011flar. Mutfak sistemi, tutarl\u0131l\u0131k ve verimlilik sa\u011flayan otomatik malzeme tart\u0131m\u0131n\u0131 i\u00e7erir. Mutfak sistemi, \u015furup ve di\u011fer bile\u015fenler dahil olmak \u00fczere t\u00fcm hammaddelerin haz\u0131rlanmas\u0131ndan ve kar\u0131\u015ft\u0131r\u0131lmas\u0131ndan sorumludur ve i\u015flem kalite i\u00e7in hassas bir \u015fekilde kontrol edilir.<\/p>\n<p>\u2461 Yar\u0131 Otomatik D\u00f6kme \u2013 servo tahrikli tepsi konvey\u00f6r\u00fc (d\u00fc\u015f\u00fck h\u0131zl\u0131 fren + y\u00fcksek h\u0131zl\u0131 \u00e7al\u0131\u015ft\u0131rma) 18\u201322 \u00e7evrim\/dakika b\u0131rak\u0131r; tek veya \u00e7ift renkli, merkezi dolgulu veya katmanl\u0131 \u015fekiller m\u00fcmk\u00fcnd\u00fcr.<\/p>\n<p>\u2462 Ni\u015fasta Ko\u015fulland\u0131rma ve Geri D\u00f6n\u00fc\u015f\u00fcm \u2013 entegre titre\u015fimli elek ve hava d\u00f6n\u00fc\u015f\u00fc, ham madde maliyetini d\u00fc\u015f\u00fcrerek ni\u015fastan\u0131n 'ini hemen yeniden kullan\u0131m i\u00e7in geri kazan\u0131r.<\/p>\n<p>\u2463 K\u00fcrleme \/ Kurutma \u2013 tepsiler s\u0131cakl\u0131k kontroll\u00fc bir odada 2\u20134 saat kal\u0131r; ekstra konvey\u00f6rlere gerek yoktur.<\/p>\n<p>\u2464 Ni\u015fasta Alma ve Ya\u011flama\u3001\u015eekerleme \u2013 toz ba\u015fl\u0131\u011f\u0131 ve iste\u011fe ba\u011fl\u0131 \u015feker\/ya\u011f kaplama makinesi ile manuel bo\u015faltma istasyonu.<\/p>\n<p>Ekipman, hijyeni art\u0131rmak ve bak\u0131m\u0131 azaltmak i\u00e7in f\u0131r\u00e7as\u0131z bir tasar\u0131ma sahiptir. Y\u00fcksek kaliteli malzemeler, tutarl\u0131 \u00fcr\u00fcn kalitesi i\u00e7in istikrarl\u0131 bir \u00e7al\u0131\u015fma ve tarife g\u00fcvenli \u00e7al\u0131\u015fma sa\u011flayarak dayan\u0131kl\u0131l\u0131k ve g\u0131da g\u00fcvenli\u011fi i\u00e7in kullan\u0131l\u0131r.<\/p>\n<p><strong>Otomatik pi\u015firme sistemi<\/strong><\/p>\n<p>\u015eeker \u00fcretimini bir sonraki seviyeye ta\u015f\u0131mak m\u0131 istiyorsunuz? Bizim\u00a0<strong>Otomatik \u015eeker Pi\u015firme Sistemimiz<\/strong>\u00a0zor i\u015fleri halleder\u2014b\u00f6ylece yenili\u011fe odaklanabilirsiniz.<\/p>\n<p>Sorunsuz, eller serbest \u00e7al\u0131\u015fma i\u00e7in tasarlanm\u0131\u015ft\u0131r; \u00f6d\u00fcn vermeyen kalite ile \u00fcretimi \u00f6l\u00e7eklendirmek i\u00e7in oyunun kurallar\u0131n\u0131 de\u011fi\u015ftirir. Sistem, geni\u015f kapasitesi ve g\u00fcvenilir \u00e7al\u0131\u015fmas\u0131 nedeniyle y\u00fcksek sat\u0131\u015f potansiyelini destekler.<br \/>\n<a href=\"https:\/\/www.jymachinetech.com\/wp-content\/uploads\/2025\/07\/Starch-Mogul-Line2.jpg\" target=\"_blank\"><img decoding=\"async\" class=\"alignnone size-full wp-image-7462\" src=\"https:\/\/www.jymachinetech.com\/wp-content\/uploads\/2025\/07\/Starch-Mogul-Line2.jpg\" alt=\"\" width=\"1033\" height=\"704\" srcset=\"https:\/\/www.jymachinetech.com\/wp-content\/uploads\/2025\/07\/Starch-Mogul-Line2.jpg 1033w, https:\/\/www.jymachinetech.com\/wp-content\/uploads\/2025\/07\/Starch-Mogul-Line2-18x12.jpg 18w, https:\/\/www.jymachinetech.com\/wp-content\/uploads\/2025\/07\/Starch-Mogul-Line2-600x409.jpg 600w\" sizes=\"(max-width: 1033px) 100vw, 1033px\" \/><\/a><\/p>\n<p><strong>Kal\u0131plar\u0131n bas\u0131lmas\u0131 ve \u015feker d\u00f6k\u00fcm\u00fc<\/strong><\/p>\n<p><strong>\u015eeker kal\u0131plar\u0131 - kal\u0131p yaz\u0131c\u0131s\u0131<\/strong><\/p>\n<p>Yar\u0131 \u015eeker D\u00f6k\u00fcc\u00fc: Her D\u00f6k\u00fc\u015fte Esneklik\u200b<\/p>\n<p>\u015eeker \u00fcretiminiz i\u00e7in <a title=\"Verimli \u00dcretim ve Kalite Kontrol\u00fc \u0130\u00e7in En \u0130yi Jelibon \u015eeker Makinesi\" href=\"https:\/\/www.jymachinetech.com\/tr\/best-gummy-candy-machine-for-efficient-production-and-quality-control\/\" data-wpil-monitor-id=\"168\" target=\"_blank\">kontrol ve verimlilik dengesine mi ihtiyac\u0131n\u0131z var<\/a>? Bizim <strong>Yar\u0131 Otomatik \u015eeker D\u00f6k\u00fcm Makinesi<\/strong> Tam olarak bunu sa\u011flar.\u200b<\/p>\n<p>Manuel ve tam otomasyon aras\u0131nda orta yolu kullanmak \u00fczere tasarland\u0131, k\u00fc\u00e7\u00fck ila orta \u00f6l\u00e7ekli partiler i\u00e7in idealdir:<\/p>\n<p>\u015eekerlerinizi benzersiz tasar\u0131mlarla \u00f6ne \u00e7\u0131karmak m\u0131 istiyorsunuz? Bizim\u00a0<strong>\u015feker kal\u0131plar\u0131m\u0131z<\/strong>\u00a0ve\u00a0<strong>kal\u0131p yaz\u0131c\u0131<\/strong>\u00a0fikirleri yenilebilir sanat haline d\u00f6n\u00fc\u015ft\u00fcrmek i\u00e7in burada.<\/p>\n<p>Klasik ihtiya\u00e7lar i\u00e7in, haz\u0131r \u015feker kal\u0131plar\u0131m\u0131z y\u00fczlerce \u015fekil se\u00e7ene\u011fiyle gelir\u2014oyuncu hayvanlardan \u015f\u0131k geometrik desenlere\u2014istikrarl\u0131, g\u00f6ze \u00e7arpan tatlar i\u00e7in m\u00fckemmel.<\/p>\n<p>E\u015fsiz bir \u015fey mi ar\u0131yorsunuz? Kal\u0131p yaz\u0131c\u0131m\u0131zla saatler i\u00e7inde \u00f6zel kal\u0131plar olu\u015fturabilirsiniz. Tasar\u0131m\u0131n\u0131z\u0131 y\u00fckleyin, ve o, markan\u0131za uygun, logo, mevsim temas\u0131 veya imza \u015fekli gibi, hassas, g\u0131da g\u00fcvenli kal\u0131plar basar.<\/p>\n<p><a href=\"https:\/\/www.jymachinetech.com\/wp-content\/uploads\/2025\/07\/Starch-Mogul-Line3.png\" target=\"_blank\"><img decoding=\"async\" class=\"alignnone size-full wp-image-7463\" src=\"https:\/\/www.jymachinetech.com\/wp-content\/uploads\/2025\/07\/Starch-Mogul-Line3.png\" alt=\"\" width=\"1110\" height=\"600\" srcset=\"https:\/\/www.jymachinetech.com\/wp-content\/uploads\/2025\/07\/Starch-Mogul-Line3.png 1110w, https:\/\/www.jymachinetech.com\/wp-content\/uploads\/2025\/07\/Starch-Mogul-Line3-18x10.png 18w, https:\/\/www.jymachinetech.com\/wp-content\/uploads\/2025\/07\/Starch-Mogul-Line3-600x324.png 600w\" sizes=\"(max-width: 1110px) 100vw, 1110px\" \/><\/a><\/p>\n<p><strong>Zaman kazand\u0131r\u0131c\u0131<\/strong>: Tam otomasyonun karma\u015fas\u0131 olmadan manuel i\u015fi azalt\u0131r, \u00fcretimi h\u0131zland\u0131r\u0131r.\u200b<\/p>\n<p><strong>Uyarlanabilir tasar\u0131m<\/strong>: Farkl\u0131 \u015feker tarifleri i\u00e7in \u00e7al\u0131\u015f\u0131r\u2014men\u00fcn\u00fcz b\u00fcy\u00fcd\u00fck\u00e7e yeni tariflere kolayca uyum sa\u011flar.\u200b<\/p>\n<p>\u0130ster butik marka olarak geni\u015fliyorsunuz, ister orta \u00f6l\u00e7ekli operasyonu optimize ediyorsan\u0131z, ihtiya\u00e7lar\u0131n\u0131zla birlikte b\u00fcy\u00fcr.<\/p>\n<p><strong>Jel \u015feker d\u00f6k\u00fcm makinesi<br \/>\n<a href=\"https:\/\/www.jymachinetech.com\/wp-content\/uploads\/2025\/07\/Starch-Mogul-Line4.png\" target=\"_blank\"><img loading=\"lazy\" decoding=\"async\" class=\"alignnone size-full wp-image-7464\" src=\"https:\/\/www.jymachinetech.com\/wp-content\/uploads\/2025\/07\/Starch-Mogul-Line4.png\" alt=\"\" width=\"1068\" height=\"752\" srcset=\"https:\/\/www.jymachinetech.com\/wp-content\/uploads\/2025\/07\/Starch-Mogul-Line4.png 1068w, https:\/\/www.jymachinetech.com\/wp-content\/uploads\/2025\/07\/Starch-Mogul-Line4-18x12.png 18w, https:\/\/www.jymachinetech.com\/wp-content\/uploads\/2025\/07\/Starch-Mogul-Line4-600x422.png 600w\" sizes=\"(max-width: 1068px) 100vw, 1068px\" \/><\/a><br \/>\n<\/strong><\/p>\n<p>Tepsi boyutlar\u0131: 400x400mm \/ 300x600mm \/ 400x600mm \/ 400x800mm \/ veya \u00f6zelle\u015ftirilmi\u015f<\/p>\n<table style=\"min-width: 100px;\">\n<colgroup>\n<col style=\"min-width: 25px;\" \/>\n<col style=\"min-width: 25px;\" \/>\n<col style=\"min-width: 25px;\" \/>\n<col style=\"min-width: 25px;\" \/><\/colgroup>\n<tbody>\n<tr>\n<th colspan=\"1\" rowspan=\"1\">Yar\u0131 Otomatik Model<\/th>\n<th colspan=\"1\" rowspan=\"1\">JYS-150<\/th>\n<th colspan=\"1\" rowspan=\"1\">JYJ-300<\/th>\n<th colspan=\"1\" rowspan=\"1\">JYJ-600<\/th>\n<\/tr>\n<tr>\n<td colspan=\"1\" rowspan=\"1\">Tepsi boyutu(cm)<\/td>\n<td colspan=\"1\" rowspan=\"1\">40&#215;40<\/td>\n<td colspan=\"1\" rowspan=\"1\">40&#215;60<\/td>\n<td colspan=\"1\" rowspan=\"1\">40&#215;80<\/td>\n<\/tr>\n<tr>\n<td colspan=\"1\" rowspan=\"1\">\u015eeker miktar\u0131(dakika ba\u015f\u0131na) \u015feker a\u011f\u0131rl\u0131\u011f\u0131na ba\u011fl\u0131d\u0131r<\/td>\n<td colspan=\"1\" rowspan=\"1\">Yakla\u015f\u0131k 64-180 adet<\/td>\n<td colspan=\"1\" rowspan=\"1\">Yakla\u015f\u0131k 200-300 adet<\/td>\n<td colspan=\"1\" rowspan=\"1\">Yakla\u015f\u0131k 528-720 adet<\/td>\n<\/tr>\n<tr>\n<td colspan=\"1\" rowspan=\"1\">Doldurma h\u0131z\u0131 (kez\/dakika)<\/td>\n<td colspan=\"1\" rowspan=\"1\">15-20<\/td>\n<td colspan=\"1\" rowspan=\"1\">15-20<\/td>\n<td colspan=\"1\" rowspan=\"1\">15-20<\/td>\n<\/tr>\n<\/tbody>\n<\/table>\n<p><strong>Kal\u0131p doldurma\/\u00e7\u0131karma s\u0131ras\u0131nda aktif vakum toz bask\u0131s\u0131<\/strong><\/p>\n<p><strong>15% daha h\u0131zl\u0131 ni\u015fasta geri d\u00f6n\u00fc\u015f\u00fcm\u00fc, yer\u00e7ekimi beslemeli sistemlere g\u00f6re<\/strong><\/p>\n<p><strong>\u0130\u00e7erik OSHA\/CE PM2.5 standartlar\u0131na uygun<\/strong><\/p>\n<p><strong>H\u0131zl\u0131 de\u011fi\u015fen kal\u0131p \u015fekilleri (kalpler, hayvanlar vb.)<\/strong><\/p>\n<p><strong>Tek renk veya \u00e7ift renk veya merkez doldurma<\/strong><\/p>\n<p><strong>40% tam otomatik hatlara g\u00f6re daha d\u00fc\u015f\u00fck g\u00fc\u00e7 t\u00fcketimi<\/strong><\/p>\n<p><strong>Otomatik hatlardan daha az alan gerektirir.<\/strong><\/p>\n<p><strong>D\u00fcnya genelinde kullan\u0131labilir geni\u015f voltaj uyumlulu\u011fu (110-440V)<\/strong><\/p>\n<p><strong>Vakum teknolojisi ile devrim niteli\u011finde Tozsuz \u00dcretim<\/strong>J\u00f6le, \u015fekerleme ve ni\u015fasta kal\u0131pl\u0131 \u015fekerlemeler i\u00e7in tasarland\u0131.<\/p>\n<p><a href=\"https:\/\/www.jymachinetech.com\/wp-content\/uploads\/2025\/07\/Starch-Mogul-Line5.png\" target=\"_blank\"><img loading=\"lazy\" decoding=\"async\" class=\"alignnone size-full wp-image-7465\" src=\"https:\/\/www.jymachinetech.com\/wp-content\/uploads\/2025\/07\/Starch-Mogul-Line5.png\" alt=\"\" width=\"1174\" height=\"587\" srcset=\"https:\/\/www.jymachinetech.com\/wp-content\/uploads\/2025\/07\/Starch-Mogul-Line5.png 1174w, https:\/\/www.jymachinetech.com\/wp-content\/uploads\/2025\/07\/Starch-Mogul-Line5-18x9.png 18w, https:\/\/www.jymachinetech.com\/wp-content\/uploads\/2025\/07\/Starch-Mogul-Line5-600x300.png 600w\" sizes=\"(max-width: 1174px) 100vw, 1174px\" \/><\/a><\/p>\n<p>\u00d6zellikler\u00a0<strong>entegre vakum toz emme sistemi<\/strong>\u00a0ki: <strong>35% ile alan\u0131 azalt\u0131r<\/strong>\u00a0geleneksel tozlama sistemlerine g\u00f6re \u00a0<strong>Havadaki tozu 'a kadar azalt\u0131r<\/strong>\u00a0(ISO 14644-1'e g\u00f6re test edilmi\u015ftir) \u00a0<strong>\u0130kincil temizlik maliyetlerini ortadan kald\u0131r\u0131r<\/strong>Kar\u0131\u015ft\u0131rmadan kurutmaya kadar tam s\u00fcre\u00e7 otomasyonu, elde edilen\u00a0<strong>80-150kg\/parti kapasitesi<\/strong>\u00a0yar\u0131 operasyonel esneklikle.<\/p>\n<p><strong>\u00d6ne \u00e7\u0131kan \u00f6zellikler:<\/strong><\/p>\n<ul>\n<li>G\u00fcvenilir, s\u00fcrekli \u00e7al\u0131\u015fma i\u00e7in kararl\u0131 \u00e7al\u0131\u015fma<\/li>\n<li>Tarif g\u00fcvenli <a title=\"Jelibon Ay\u0131 Makinesi \u00dcretim S\u00fcrecinde Hijyeni Nas\u0131l Koruyor?\" href=\"https:\/\/www.jymachinetech.com\/tr\/how-is-chocolate-made-in-factories-25\/\" data-wpil-monitor-id=\"169\" target=\"_blank\">\u00fcr\u00fcn\u00fcn\u00fc koruma s\u00fcreci<\/a> b\u00fct\u00fcnl\u00fck<\/li>\n<li>Hassas kontroll\u00fc \u015furup ak\u0131\u015f\u0131 ve malzeme dozaj\u0131<\/li>\n<li>Jelatin bazl\u0131 \u015fekerler ve di\u011fer t\u00fcrleri \u00fcretmek i\u00e7in \u00e7ok y\u00f6nl\u00fc<\/li>\n<\/ul>\n<p>\u015eekerlerinize o m\u00fckemmel \u015fekerli dokunu\u015fu vermek mi istiyorsunuz? <a href=\"https:\/\/www.jymachinetech.com\/tr\/product\/steam-humidifying-sugar-sanding-machine\/\" title=\"Buhar Nemlendirme ve \u015eeker Serpmeli Makine\"  data-wpil-monitor-id=\"252\" target=\"_blank\">Ekibimiz<\/a> <strong>\u015eeker Kaplama Makinesi<\/strong> cevap budur.\u200b<\/p>\n<p>\u015eekerleri e\u015fit \u015fekilde kaplamak i\u00e7in tasarlanm\u0131\u015ft\u0131r, ikramlar\u0131n\u0131z\u0131n tad\u0131 kadar iyi g\u00f6r\u00fcnmesini sa\u011flamak i\u00e7in olmazsa olmazd\u0131r:<\/p>\n<p>Kar\u015f\u0131la\u015ft\u0131r\u0131lacak temel \u00f6zellikler<\/p>\n<p>\u2022 K\u00fc\u00e7\u00fck ticari: 25\u2013200 kg\/parti \u2022 Y\u00fcksek hacimli s\u00fcrekli: 800\u20133 600 kg\/saat \u2022 Malzeme: SS 304\/316, g\u0131da s\u0131n\u0131f\u0131 \u2022 Is\u0131tma: elektrik, gaz, buhar veya s\u0131cak hava enjeksiyonu \u2022 Kontroller: PLC + dokunmatik ekran, de\u011fi\u015fken bant\/tambur h\u0131z\u0131, buhar jetleri, toz ba\u015fl\u0131klar\u0131 \u2022 Temizleme: h\u0131zl\u0131 serbest b\u0131rak\u0131lan tambur, ters \u00e7evrilebilir de\u015farj, kolayca a\u00e7\u0131lan \u015feker hunisi<\/p>\n<p>Tipik uygulamalar \u2022 \u015eeker kapl\u0131 ay\u0131c\u0131klar ve j\u00f6leler \u2022 \u00c7ikolata-f\u0131nd\u0131k drajeleri (badem, yer f\u0131st\u0131\u011f\u0131, kaju) \u2022 Farmas\u00f6tik tabletler ve mikro gran\u00fcller \u2022 Baharatl\u0131 veya aromal\u0131 kuruyemi\u015fler ve tohumlar<\/p>\n<p>Ne yapar \u2022 Ay\u0131c\u0131klar\u0131, tabletleri, kuruyemi\u015fleri veya \u015fekerleri \u015feker, \u00e7ikolata, baharat veya ya\u011f ile e\u015fit \u015fekilde kaplar. \u2022 G\u00f6r\u00fcn\u00fcm\u00fc, tad\u0131 ve raf \u00f6mr\u00fcn\u00fc iyile\u015ftiren parlak, mat veya \u201ckumlu\u201d bir y\u00fczey olu\u015fturur.<\/p>\n<p>Ana t\u00fcrler \u2022 <strong>D\u00f6ner \/ Pan Kaplama Makinesi<\/strong> \u2013 klasik d\u00f6ner tambur; parti veya s\u00fcrekli; 25 kg \u2013 3.600 kg\/s \u2022 <strong>Mini \/ Laboratuvar Kaplama Makinesi<\/strong> \u2013 2\u201340 kg\/parti, masa\u00fcst\u00fc, 30 kg ayak izi \u2022 <strong>S\u00fcrekli Kaplama Makinesi<\/strong> \u2013 mogul hatlar\u0131yla entegre; buharla\u015ft\u0131rma + z\u0131mpara tamburu, 3.600 kg\/s\u2019ye kadar<\/p>\n<p>\u00c7in'de ni\u015fasta mogul hatlar\u0131n\u0131n \u00f6nde gelen \u00fcreticisi olarak, \u015fekerleme \u00fcretimi i\u00e7in y\u00fcksek kaliteli, otomatik \u00e7\u00f6z\u00fcmler sunmada geni\u015f deneyime sahibiz. Daha fazla bilgi veya destek i\u00e7in l\u00fctfen e-posta veya posta yoluyla bizimle ileti\u015fime ge\u00e7in.<\/p>\n<h3>Ni\u015fasta Mogul Tan\u0131t\u0131m\u0131<\/h3>\n<p>Ni\u015fasta mogul, herhangi bir modern <a title=\"En \u0130yi J\u00f6le \u015eeker \u00dcretim Hatt\u0131: Verimlilik ve Kaliteyi Art\u0131rma\" href=\"https:\/\/www.jymachinetech.com\/tr\/the-best-gummy-candy-production-line-boosting-efficiency-and-quality\/\" data-wpil-monitor-id=\"165\" target=\"_blank\">Jelibon \u015feker \u00fcretim hatt\u0131<\/a>, g\u00fcvenilir bir ni\u015fasta ko\u015fullama sistemi i\u00e7in temel g\u00f6revi g\u00f6ren temel bir makinedir. Bu geli\u015fmi\u015f makine, tamamen otomatik bir \u00fcretim hatt\u0131yla sorunsuz entegrasyon i\u00e7in tasarlanm\u0131\u015f olup, <a title=\"\u015eekerin Nas\u0131l Yap\u0131ld\u0131\u011f\u0131na Dair Nihai Rehber: Malzemelerden \u0130\u015fleme\" href=\"https:\/\/www.jymachinetech.com\/tr\/the-ultimate-guide-on-how-candy-is-made-from-ingredients-to-process\/\" data-wpil-monitor-id=\"167\" target=\"_blank\">y\u00fcksek kaliteli jelibonlar \u00fcretmek isteyen \u00fcreticiler i\u00e7in ideal \u00e7\u00f6z\u00fcmd\u00fcr<\/a> hedefiniz klasik tek renkli jelibonlar, yenilik\u00e7i merkez dolgulu jelibonlar, canl\u0131 \u00e7ift renkli jelibonlar veya \u00e7ok katmanl\u0131 jelibonlar \u00fcretmek olsun, ni\u015fasta mogul hatt\u0131 ihtiyac\u0131n\u0131z olan esneklik ve hassasiyeti sa\u011flar.<\/p>\n<p>Geli\u015fmi\u015f tasar\u0131m\u0131 sayesinde, ni\u015fasta mogul \u00e7e\u015fitli \u015fekerleme \u00fcr\u00fcnleri \u00fcretimi i\u00e7in uygundur. Jelatin bazl\u0131 \u015fekerler ve pektin bazl\u0131 \u015fekerlerden k\u00f6p\u00fckl\u00fc \u015fekerler, marshmallow ve daha fazlas\u0131na kadar, bu sistem farkl\u0131 tariflere ve \u00fcretim gereksinimlerine kolayca uyum sa\u011flar. Geli\u015fmi\u015f teknolojisi, her partinin kat\u0131 kalite standartlar\u0131n\u0131 kar\u015f\u0131lamas\u0131n\u0131 sa\u011flayarak tutarl\u0131 sonu\u00e7lar ve verimli \u00e7al\u0131\u015fma destekler. \u00dcr\u00fcn yelpazesini geni\u015fletmek veya mevcut \u015fekerlerinin kalitesini art\u0131rmak isteyen \u015firketler i\u00e7in, ni\u015fasta mogul modern ve y\u00fcksek performansl\u0131 bir \u00fcretim hatt\u0131n\u0131n vazge\u00e7ilmez bir par\u00e7as\u0131d\u0131r.<\/p>\n<hr \/>\n<h3>Ana \u00d6zellikler ve Avantajlar<\/h3>\n<p>Ni\u015fasta mogul hatt\u0131, verimlilik ve \u00fcr\u00fcn kalitesini art\u0131ran yenilik\u00e7i \u00f6zellikleriyle \u00f6ne \u00e7\u0131kar. \u00c7ekirde\u011finde, her par\u00e7ada \u015fekil, boyut ve doku tutarl\u0131l\u0131\u011f\u0131 sa\u011flamak i\u00e7in hassas ve tutarl\u0131 \u015feker \u00e7\u00f6zeltileri yerle\u015ftirmeyi garanti eden servo tahrikli bir yerle\u015ftirme sistemi bulunur. Bu kontrol seviyesi, merkez dolgulu veya \u00e7ok katmanl\u0131 jelibonlar gibi karma\u015f\u0131k \u00fcr\u00fcnler \u00fcretirken \u00f6zellikle \u00f6nemlidir.<\/p>\n<p>G\u00fcvenlik ve \u00fcr\u00fcn b\u00fct\u00fcnl\u00fc\u011f\u00fc, \u00fcretim s\u00fcrecinden metal kontaminantlar\u0131n\u0131 aktif olarak uzakla\u015ft\u0131ran g\u00fc\u00e7l\u00fc manyetik filtre ile daha da art\u0131r\u0131l\u0131r. Entegre ni\u015fasta toplama ve geri d\u00f6n\u00fc\u015f\u00fcm sistemi, hammadde israf\u0131n\u0131 azaltmakla kalmaz, ayn\u0131 zamanda \u00fcretimi kolayla\u015ft\u0131r\u0131r ve operasyonu daha s\u00fcrd\u00fcr\u00fclebilir ve maliyet etkin hale getirir. Mogul hatt\u0131ndaki otomasyon, i\u015f\u00e7ilik maliyetlerini azaltmaya yard\u0131mc\u0131 olurken, ekibinizin daha y\u00fcksek katma de\u011ferli g\u00f6revlere odaklanmas\u0131n\u0131 sa\u011flar.<\/p>\n<p>Ayr\u0131ca, makinenin f\u0131r\u00e7as\u0131z tasar\u0131m\u0131 bak\u0131m ihtiya\u00e7lar\u0131n\u0131 en aza indirir ve kontaminasyon riskini azalt\u0131r, \u00fcr\u00fcn g\u00fcvenli\u011fini ve uzun vadeli g\u00fcvenilirli\u011fi destekler. Bu geli\u015fmi\u015f \u00f6zellikler, ni\u015fasta mogul hatt\u0131n\u0131 verimlili\u011fi art\u0131rmak, kaliteyi sa\u011flamak ve rekabet avantaj\u0131n\u0131 korumak isteyen herhangi bir \u015fekerleme \u00fcreticisi i\u00e7in ak\u0131ll\u0131 bir yat\u0131r\u0131m haline getirir.<\/p>\n<hr \/>\n<h3>\u00dcretim Hatt\u0131 Avantajlar\u0131<\/h3>\n<p>Modern bir <a title=\"Ni\u015fasta mogul tepsisi | ni\u015fasta mougle hat tedarik\u00e7ileri\" href=\"https:\/\/www.jymachinetech.com\/tr\/product\/starch-mogul-tray\/\" data-wpil-monitor-id=\"166\" target=\"_blank\">\u00fcretim hatt\u0131n\u0131 se\u00e7mek, ni\u015fasta mogul ile donat\u0131lm\u0131\u015ft\u0131r<\/a> bir dizi operasyonel avantaj sunar. Hatt\u0131n geni\u015f kapasitesi ve verimli tasar\u0131m\u0131 sayesinde y\u00fcksek \u00e7\u0131kt\u0131 elde edilir, bu da en zorlu \u00fcretim gereksinimlerini bile kar\u015f\u0131laman\u0131z\u0131 sa\u011flar. Tam otomatik sistem, sezgisel kontroller ve hem kararl\u0131l\u0131\u011f\u0131 hem de \u00fcr\u00fcn g\u00fcvenli\u011fini sa\u011flayan re\u00e7ete y\u00f6netimi ile kolay kullan\u0131m sa\u011flar.<\/p>\n<p>Servo tahrikli d\u00f6kme sistemi hassas, tekrarlanabilir sonu\u00e7lar sunarken, ni\u015fasta toplama ve geri d\u00f6n\u00fc\u015f\u00fcm sistemi at\u0131\u011f\u0131 en aza indirir ve kaynak kullan\u0131m\u0131n\u0131 en \u00fcst d\u00fczeye \u00e7\u0131kar\u0131r. Ana \u00fcretim s\u00fcrecini destekleyen yard\u0131mc\u0131 sistem, t\u00fcm hatt\u0131n sorunsuz \u00e7al\u0131\u015fmas\u0131n\u0131 sa\u011flayan temel yard\u0131mc\u0131 i\u015flevler sa\u011flar. Bu arada, \u00fcr\u00fcn bitirme sistemi, her \u015fekerleme partisinin paketleme i\u00e7in m\u00fckemmel \u015fekilde haz\u0131rlanmas\u0131n\u0131 sa\u011flayarak kalite standartlar\u0131n\u0131z\u0131 ve m\u00fc\u015fteri beklentilerinizi kar\u015f\u0131lar.<\/p>\n<p>\u0130ster \u00fcretimi \u00f6l\u00e7eklendiriyor ister \u00fcr\u00fcn yelpazenizi \u00e7e\u015fitlendiriyor olun, bu \u00fcretim hatt\u0131 ihtiya\u00e7lar\u0131n\u0131za uyum sa\u011flayacak \u015fekilde tasarlanm\u0131\u015ft\u0131r; tutarl\u0131 kalite, operasyonel verimlilik ve \u00e7ok \u00e7e\u015fitli tarifleri ve \u015fekerleme t\u00fcrlerini i\u015fleme esnekli\u011fi sunar.<\/p>\n<hr \/>\n<h3>Neden Mogul Hatt\u0131 \u00c7\u00f6z\u00fcm\u00fcm\u00fcz\u00fc Se\u00e7melisiniz?<\/h3>\n<p>En kaliteli sak\u0131zl\u0131 \u015fekerler, jelatin bazl\u0131 \u015fekerler ve pektin bazl\u0131 \u015fekerler \u00fcretmeye gelince, ni\u015fasta mogul hatt\u0131m\u0131z hem geli\u015fmi\u015f hem de uyarlanabilir bir \u00e7\u00f6z\u00fcm sunar. Modern \u00fcreticilerin ihtiya\u00e7lar\u0131 g\u00f6z \u00f6n\u00fcnde bulundurularak tasarlanan mogul hatt\u0131m\u0131z, ister klasik sak\u0131zl\u0131 \u015fekerlere, ister yenilik\u00e7i i\u00e7i dolgulu ikramlara veya \u00f6zel \u015fekerlemelere odaklan\u0131yor olun, \u00f6zel \u00fcretim hedeflerinize uyacak \u015fekilde uyarlanabilir.<\/p>\n<p>M\u00fc\u015fteri memnuniyetine olan ba\u011fl\u0131l\u0131\u011f\u0131m\u0131z, makinenin kendisinin \u00f6tesine ge\u00e7er. \u0130lk dan\u0131\u015fmadan kurulum ve devam eden bak\u0131ma kadar, uzmanlardan olu\u015fan ekibimiz yolun her ad\u0131m\u0131nda sizi desteklemek i\u00e7in burada. \u0130htiyac\u0131n\u0131z olan rehberli\u011fe her zaman eri\u015febilmeniz i\u00e7in e-posta, mesaj veya telefon yoluyla ileti\u015fime ge\u00e7meyi kolayla\u015ft\u0131r\u0131yoruz.<\/p>\n<p>S\u00fcrd\u00fcr\u00fclebilirlik de bir \u00f6nceliktir: makinelerimiz enerji verimlili\u011fi ve azalt\u0131lm\u0131\u015f \u00e7evresel etki i\u00e7in tasarlanm\u0131\u015ft\u0131r ve \u015firketinizin ye\u015fil giri\u015fimlerini desteklerken \u00fcretim hedeflerinize ula\u015fman\u0131za yard\u0131mc\u0131 olur. Kalite, ileri teknoloji ve duyarl\u0131 hizmete odaklanan mogul hatt\u0131 \u00e7\u00f6z\u00fcm\u00fcm\u00fcz, rekabet\u00e7i \u015fekerleme \u00fcretim d\u00fcnyas\u0131nda ba\u015far\u0131l\u0131 olmak isteyen her i\u015fletme i\u00e7in ak\u0131ll\u0131ca bir se\u00e7imdir.<\/p>\n<p>&nbsp;<\/p>","protected":false},"excerpt":{"rendered":"<p>Semi-Automatic Starch Mogul Line | 80-800kg\/h Capacity | Industry-Leading Advantages A compact but powerful solution for small-to-medium scale production of starch-based jelly and gummy candies. It keeps the classic starch-mold process while adding partial automation to cut labor, reduce floor space and still deliver uniform, high-quality products. The system is designed for producing different types [&hellip;]<\/p>","protected":false},"featured_media":7464,"comment_status":"closed","ping_status":"closed","template":"","meta":[],"product_brand":[],"product_cat":[16],"product_tag":[200],"class_list":{"0":"post-7457","1":"product","2":"type-product","3":"status-publish","4":"has-post-thumbnail","6":"product_cat-candy-machine","7":"product_tag-starch-mogul-line","9":"first","10":"instock","11":"shipping-taxable","12":"product-type-simple"},"_links":{"self":[{"href":"https:\/\/www.jymachinetech.com\/tr\/wp-json\/wp\/v2\/product\/7457","targetHints":{"allow":["GET"]}}],"collection":[{"href":"https:\/\/www.jymachinetech.com\/tr\/wp-json\/wp\/v2\/product"}],"about":[{"href":"https:\/\/www.jymachinetech.com\/tr\/wp-json\/wp\/v2\/types\/product"}],"replies":[{"embeddable":true,"href":"https:\/\/www.jymachinetech.com\/tr\/wp-json\/wp\/v2\/comments?post=7457"}],"version-history":[{"count":4,"href":"https:\/\/www.jymachinetech.com\/tr\/wp-json\/wp\/v2\/product\/7457\/revisions"}],"predecessor-version":[{"id":7541,"href":"https:\/\/www.jymachinetech.com\/tr\/wp-json\/wp\/v2\/product\/7457\/revisions\/7541"}],"wp:featuredmedia":[{"embeddable":true,"href":"https:\/\/www.jymachinetech.com\/tr\/wp-json\/wp\/v2\/media\/7464"}],"wp:attachment":[{"href":"https:\/\/www.jymachinetech.com\/tr\/wp-json\/wp\/v2\/media?parent=7457"}],"wp:term":[{"taxonomy":"product_brand","embeddable":true,"href":"https:\/\/www.jymachinetech.com\/tr\/wp-json\/wp\/v2\/product_brand?post=7457"},{"taxonomy":"product_cat","embeddable":true,"href":"https:\/\/www.jymachinetech.com\/tr\/wp-json\/wp\/v2\/product_cat?post=7457"},{"taxonomy":"product_tag","embeddable":true,"href":"https:\/\/www.jymachinetech.com\/tr\/wp-json\/wp\/v2\/product_tag?post=7457"}],"curies":[{"name":"wp","href":"https:\/\/api.w.org\/{rel}","templated":true}]}}