{"id":7416,"date":"2025-07-28T01:51:30","date_gmt":"2025-07-28T01:51:30","guid":{"rendered":"https:\/\/www.jymachinetech.com\/?post_type=product&#038;p=7416"},"modified":"2025-07-28T02:11:32","modified_gmt":"2025-07-28T02:11:32","slug":"candy-drop-roller-turn-sugar-into-perfect-drops-every-time","status":"publish","type":"product","link":"https:\/\/www.jymachinetech.com\/tr\/product\/candy-drop-roller-turn-sugar-into-perfect-drops-every-time\/","title":{"rendered":"Candy Drop Roller \u2013 \u015eekeri Her Seferinde M\u00fckemmel Damlalar Haline Getirin"},"content":{"rendered":"<h1 data-pm-slice=\"1 1 []\">\u015eeker Damlas\u0131 Rulosu: Kapsaml\u0131 Bir Rehber<\/h1>\n<p>Damlal\u0131 Rulo \u015eeker Makinesi<\/p>\n<p><a href=\"https:\/\/www.jymachinetech.com\/wp-content\/uploads\/2025\/07\/\u66ff\u6362\u56fe\u7247\u573a\u666f-7.jpg\" target=\"_blank\"><img fetchpriority=\"high\" decoding=\"async\" class=\"alignnone size-full wp-image-7418\" src=\"https:\/\/www.jymachinetech.com\/wp-content\/uploads\/2025\/07\/\u66ff\u6362\u56fe\u7247\u573a\u666f-7.jpg\" alt=\"\" width=\"659\" height=\"691\" srcset=\"https:\/\/www.jymachinetech.com\/wp-content\/uploads\/2025\/07\/\u66ff\u6362\u56fe\u7247\u573a\u666f-7.jpg 659w, https:\/\/www.jymachinetech.com\/wp-content\/uploads\/2025\/07\/\u66ff\u6362\u56fe\u7247\u573a\u666f-7-11x12.jpg 11w, https:\/\/www.jymachinetech.com\/wp-content\/uploads\/2025\/07\/\u66ff\u6362\u56fe\u7247\u573a\u666f-7-600x629.jpg 600w\" sizes=\"(max-width: 659px) 100vw, 659px\" \/><\/a><\/p>\n<p>Uygun Fiyatl\u0131, Esnek, \u015eekil Olarak M\u00fckemmel<\/p>\n<p><a href=\"https:\/\/www.jymachinetech.com\/wp-content\/uploads\/2025\/07\/Candy-Drop-Roller-2.webp\" target=\"_blank\"><img decoding=\"async\" class=\"alignnone size-full wp-image-7426\" src=\"https:\/\/www.jymachinetech.com\/wp-content\/uploads\/2025\/07\/Candy-Drop-Roller-2.webp\" alt=\"\" width=\"640\" height=\"640\" srcset=\"https:\/\/www.jymachinetech.com\/wp-content\/uploads\/2025\/07\/Candy-Drop-Roller-2.webp 640w, https:\/\/www.jymachinetech.com\/wp-content\/uploads\/2025\/07\/Candy-Drop-Roller-2-12x12.webp 12w, https:\/\/www.jymachinetech.com\/wp-content\/uploads\/2025\/07\/Candy-Drop-Roller-2-300x300.webp 300w, https:\/\/www.jymachinetech.com\/wp-content\/uploads\/2025\/07\/Candy-Drop-Roller-2-600x600.webp 600w, https:\/\/www.jymachinetech.com\/wp-content\/uploads\/2025\/07\/Candy-Drop-Roller-2-100x100.webp 100w\" sizes=\"(max-width: 640px) 100vw, 640px\" \/><\/a><\/p>\n<p>\u015eeker Damlas\u0131 Rulosu, d\u00fc\u015f\u00fck ila orta hacimli \u015feker \u00fcretimi i\u00e7in tasarlanm\u0131\u015ft\u0131r ve her partide hassasiyet, kalite ve verimlilik sunar. Bu d\u00fc\u015f\u00fck maliyetli \u00e7\u00f6z\u00fcm T\u00fcrkiye'de \u00fcretilmekte olup, \u00e7e\u015fitli \u015fekerlemeler \u00fcretmek isteyen her b\u00fcy\u00fckl\u00fckteki i\u015fletme i\u00e7in uygundur. Makine, m\u00fc\u015fterilerin \u00fcretim ihtiya\u00e7lar\u0131n\u0131 kar\u015f\u0131lamas\u0131na ve \u00e7ok \u00e7e\u015fitli \u00fcr\u00fcnler yaratmas\u0131na olanak tan\u0131yan \u00e7ok y\u00f6nl\u00fcl\u00fck ve \u00fcretim verimlili\u011fi sunar. <a href=\"https:\/\/www.jymachinetech.com\/tr\/the-ultimate-guide-on-how-candy-is-made-from-ingredients-to-process\/\" title=\"\u015eekerin Nas\u0131l Yap\u0131ld\u0131\u011f\u0131na Dair Nihai Rehber: Malzemelerden \u0130\u015fleme\"  data-wpil-monitor-id=\"144\" target=\"_blank\">\u015fekerleme<\/a> tasar\u0131mlar, \u015fekiller ve boyutlar.<\/p>\n<p>Pi\u015fmi\u015f \u015fekerden olu\u015fan d\u00fcz bir \u015feridi kusursuz sert \u015feker damlalar\u0131na, drajelere veya mevsimlik \u015fekillere d\u00f6n\u00fc\u015ft\u00fcr\u00fcn; y\u00fcksek h\u0131zl\u0131 d\u00f6ner kal\u0131p sistemlerinin fiyat etiketi olmadan. Bu tek makine hem tek renkli d\u00fcz \u015fekerler hem de iki renkli katmanl\u0131 \u015fekerler ile toplar, oval, yuvarlak, armut, limon, kare, d\u00fcz damlalar ve bar \u00fcr\u00fcnleri gibi yenilik \u015fekiller \u00fcretebilir ve \u015fekerleme i\u015fletmelerinin ve m\u00fc\u015fterilerinin \u00e7e\u015fitli gereksinimlerini kar\u015f\u0131lar.<\/p>\n<p>Neden Damla Rulomuzu Se\u00e7melisiniz?<\/p>\n<p>Tek makine, sonsuz \u015fekil: G\u0131da s\u0131n\u0131f\u0131, \u00f6zel olarak tasarlanm\u0131\u015f, oyulmu\u015f pirin\u00e7 rulolar ve \u015fekillendirme rulolar\u0131 bir set olarak &lt; 1 dakikada de\u011fi\u015ftirilir. Bir taban <a href=\"https:\/\/www.jymachinetech.com\/tr\/product\/wafer-biscuit-production-line\/\" title=\"Wafli Bisk\u00fcvi \u00dcretim Hatt\u0131 | Wafli Yap\u0131m Makinesi Fabrikas\u0131\"  data-wpil-monitor-id=\"146\" target=\"_blank\">\u00fcniteyi koruyun ve \u00fcr\u00fcn yelpazenizi geni\u015fletin<\/a> sadece her \u015feker boyutu ve \u015fekli i\u00e7in gerekli \u015fekli ve boyutlar\u0131 olu\u015fturmak \u00fczere yeni rulo setleri ekleyerek.<\/p>\n<p>B\u00fct\u00e7e dostu giri\u015f noktas\u0131: Yeni ba\u015flayanlar, test mutfaklar\u0131 veya k\u0131sa s\u00fcreli ve s\u0131k de\u011fi\u015fikliklere ihtiya\u00e7 duyan yerle\u015fik tesisler i\u00e7in idealdir ve \u00e7e\u015fitli \u015fekerlemeler \u00fcretmek i\u00e7in d\u00fc\u015f\u00fck maliyetli bir \u00e7\u00f6z\u00fcm sunar.<\/p>\n<p>D\u00fcz veya iki tonlu \u015fekerler: Tek renkli \u015feker hamurunu veya \u00e7izgili \u015feritleri e\u015fit kolayl\u0131kla i\u015fler ve hem tek renkli d\u00fcz \u015fekerler hem de iki renkli katmanl\u0131 \u015fekerler \u00fcretmenize olanak tan\u0131r.<\/p>\n<p>Manuel veya elektrikli tahrik: 110 V \/ 220 V tak ve \u00e7al\u0131\u015ft\u0131r motor veya el krank\u0131 se\u00e7ene\u011fi; ayn\u0131 rulo performans\u0131, ek maliyet yok.<\/p>\n<p>Yap\u0131\u015fmaz, kolay temizlenir: H\u0131zl\u0131 \u015fekerleme ay\u0131rma spreyi + iste\u011fe ba\u011fl\u0131 fan, \u015fekerin yap\u0131\u015fmas\u0131n\u0131 \u00f6nler; polimer rulolar saniyeler i\u00e7inde temizlenir.<\/p>\n<p>\u00c7ok y\u00f6nl\u00fcl\u00fck ve \u00e7e\u015fitlilik: Damla rulo makinesi ve \u00e7e\u015fitli modelleri \u00e7ok y\u00f6nl\u00fcl\u00fck ve <a href=\"https:\/\/www.jymachinetech.com\/tr\/the-best-biscuit-machine-for-efficient-production-and-quality-control\/\" title=\"The Best Biscuit Machine for Efficient Production and Quality Control\"  data-wpil-monitor-id=\"147\" target=\"_blank\">\u00fcretim verimlili\u011fi<\/a>sunarak, i\u015fletmelerin m\u00fc\u015fterilerinin ihtiya\u00e7lar\u0131n\u0131 kar\u015f\u0131lamak i\u00e7in \u00e7ok \u00e7e\u015fitli \u015feker tasar\u0131mlar\u0131, \u015fekiller ve yenilik \u015fekilleri olu\u015fturmas\u0131na olanak tan\u0131r.<\/p>\n<p>Nas\u0131l \u00c7al\u0131\u015f\u0131r?<\/p>\n<p>\u2022 \u015eeker hamurunuzu pi\u015firin ve esnek bir \u015ferit haline gelene kadar so\u011futun.<\/p>\n<p>\u2022 \u015eeridi sertle\u015ftirilmi\u015f, oyulmu\u015f pirin\u00e7 \u015fekillendirme silindirleri aras\u0131ndan ge\u00e7irin.<\/p>\n<p>\u2022 \u015eeker hamuru bir tabaka halinde olu\u015fturulur, daha sonra \u00e7e\u015fitli \u015fekiller ve \u015fekillendirilmi\u015f \u015fekerler \u00fcretmek i\u00e7in oyulmu\u015f silindirler taraf\u0131ndan \u015fekillendirilir.<\/p>\n<p>\u2022 \u015eekillendirilmi\u015f \u015fekerler so\u011fuduktan sonra sertle\u015fmeye b\u0131rak\u0131l\u0131r, ard\u0131ndan k\u0131r\u0131l\u0131r, elenir ve sat\u0131\u015f i\u00e7in paketlenmeden \u00f6nce daha fazla i\u015flenir.<\/p>\n<p><a href=\"https:\/\/www.jymachinetech.com\/wp-content\/uploads\/2025\/07\/Candy-Drop-Roller-3.webp\" target=\"_blank\"><img decoding=\"async\" class=\"alignnone size-full wp-image-7428\" src=\"https:\/\/www.jymachinetech.com\/wp-content\/uploads\/2025\/07\/Candy-Drop-Roller-3.webp\" alt=\"\" width=\"640\" height=\"640\" srcset=\"https:\/\/www.jymachinetech.com\/wp-content\/uploads\/2025\/07\/Candy-Drop-Roller-3.webp 640w, https:\/\/www.jymachinetech.com\/wp-content\/uploads\/2025\/07\/Candy-Drop-Roller-3-12x12.webp 12w, https:\/\/www.jymachinetech.com\/wp-content\/uploads\/2025\/07\/Candy-Drop-Roller-3-300x300.webp 300w, https:\/\/www.jymachinetech.com\/wp-content\/uploads\/2025\/07\/Candy-Drop-Roller-3-600x600.webp 600w, https:\/\/www.jymachinetech.com\/wp-content\/uploads\/2025\/07\/Candy-Drop-Roller-3-100x100.webp 100w\" sizes=\"(max-width: 640px) 100vw, 640px\" \/><\/a><\/p>\n<p>Dahil Olanlar ve Se\u00e7enekler<\/p>\n<p>\u2022 1 \u00e7ift standart silindir (katalogdan se\u00e7in)<\/p>\n<p>\u2022 Ekstra silindir setleri: Noel a\u011fa\u00e7lar\u0131, kalpler, y\u0131ld\u0131zlar veya \u00f6zel logo\u2014ayn\u0131 fiyat<\/p>\n<p>\u2022 So\u011futma fan\u0131 kiti<\/p>\n<p>\u2022 Paslanmaz elek tavas\u0131 ve draje tamburu<\/p>\n<p>\u2022 Ekipman, daha y\u00fcksek \u00e7\u0131kt\u0131 i\u00e7in (saatte 300 kg'a kadar) su so\u011futmal\u0131 damla silindiri se\u00e7ene\u011fi gibi bile\u015fenleri i\u00e7erir ve gerekti\u011finde ek makineler ve aksesuarlar kurulabilir. <a href=\"https:\/\/www.jymachinetech.com\/tr\/top-machine-gummy-candy-solutions-for-efficient-production\/\" title=\"Verimli \u00dcretim \u0130\u00e7in En \u0130yi Jel \u015eekerli \u015eekerleme \u00c7\u00f6z\u00fcmleri\"  data-wpil-monitor-id=\"148\" target=\"_blank\">\u00fcretim verimlili\u011fi<\/a> ve \u00e7ok y\u00f6nl\u00fcl\u00fck.<\/p>\n<p>\u2022 \u015eeker damla silindiri makinesi, dayan\u0131kl\u0131l\u0131k ve end\u00fcstri standartlar\u0131na uygunluk sa\u011flayan paslanmaz \u00e7elik ve pirin\u00e7 silindirler gibi g\u0131da s\u0131n\u0131f\u0131 malzeme kullan\u0131larak T\u00fcrkiye'de \u00fcretilmektedir.<\/p>\n<p>Teslimat ve nakliye bilgileri i\u00e7in m\u00fc\u015fterilerimiz bize yazmaya davetlidir. Ekipman\u0131m\u0131z\u0131 d\u00fcnya \u00e7ap\u0131nda g\u00f6ndermeyi teklif ediyoruz ve her yerdeki i\u015fletmelerin \u00e7ok y\u00f6nl\u00fc <a href=\"https:\/\/www.jymachinetech.com\/tr\/product\/pillow-type-biscuit-packaging-machine\/\" title=\"Pillow Type Biscuit Packaging Machine For Sales\"  data-wpil-monitor-id=\"149\" target=\"_blank\">makinelerimizden ve \u015feker \u00fcretimi i\u00e7in paketlenmi\u015f \u00e7\u00f6z\u00fcmlerimizden yararlanabilmelerini sa\u011fl\u0131yoruz.<\/a>.<\/p>\n<p><a href=\"https:\/\/www.jymachinetech.com\/wp-content\/uploads\/2025\/07\/Candy-Drop-Roller-4.webp\" target=\"_blank\"><img loading=\"lazy\" decoding=\"async\" class=\"alignnone size-full wp-image-7429\" src=\"https:\/\/www.jymachinetech.com\/wp-content\/uploads\/2025\/07\/Candy-Drop-Roller-4.webp\" alt=\"\" width=\"998\" height=\"666\" srcset=\"https:\/\/www.jymachinetech.com\/wp-content\/uploads\/2025\/07\/Candy-Drop-Roller-4.webp 998w, https:\/\/www.jymachinetech.com\/wp-content\/uploads\/2025\/07\/Candy-Drop-Roller-4-18x12.webp 18w, https:\/\/www.jymachinetech.com\/wp-content\/uploads\/2025\/07\/Candy-Drop-Roller-4-600x400.webp 600w\" sizes=\"(max-width: 998px) 100vw, 998px\" \/><\/a><\/p>","protected":false},"excerpt":{"rendered":"<p data-pm-slice=\"1 1 []\">\u015eeker Damlas\u0131 Rulosu, d\u00fc\u015f\u00fck ila orta hacimli \u015feker \u00fcretimi i\u00e7in tasarlanm\u0131\u015ft\u0131r ve her partide hassasiyet, kalite ve verimlilik sunar. Bu d\u00fc\u015f\u00fck maliyetli \u00e7\u00f6z\u00fcm T\u00fcrkiye'de \u00fcretilmekte olup, \u00e7e\u015fitli \u015fekerlemeler \u00fcretmek isteyen her b\u00fcy\u00fckl\u00fckteki i\u015fletme i\u00e7in uygundur. Makine, m\u00fc\u015fterilerin \u00fcretim ihtiya\u00e7lar\u0131n\u0131 kar\u015f\u0131lamas\u0131na ve \u00e7ok \u00e7e\u015fitli \u00fcr\u00fcnler yaratmas\u0131na olanak tan\u0131yan \u00e7ok y\u00f6nl\u00fcl\u00fck ve \u00fcretim verimlili\u011fi sunar. <a href=\"https:\/\/www.jymachinetech.com\/tr\/the-ultimate-guide-on-how-candy-is-made-from-ingredients-to-process\/\" title=\"\u015eekerin Nas\u0131l Yap\u0131ld\u0131\u011f\u0131na Dair Nihai Rehber: Malzemelerden \u0130\u015fleme\"  data-wpil-monitor-id=\"145\">\u015fekerleme<\/a> tasar\u0131mlar, \u015fekiller ve boyutlar.<\/p>","protected":false},"featured_media":7429,"comment_status":"open","ping_status":"closed","template":"","meta":[],"product_brand":[],"product_cat":[16],"product_tag":[196],"class_list":{"0":"post-7416","1":"product","2":"type-product","3":"status-publish","4":"has-post-thumbnail","6":"product_cat-candy-machine","7":"product_tag-candy-drop-roller","9":"first","10":"instock","11":"shipping-taxable","12":"product-type-simple"},"_links":{"self":[{"href":"https:\/\/www.jymachinetech.com\/tr\/wp-json\/wp\/v2\/product\/7416","targetHints":{"allow":["GET"]}}],"collection":[{"href":"https:\/\/www.jymachinetech.com\/tr\/wp-json\/wp\/v2\/product"}],"about":[{"href":"https:\/\/www.jymachinetech.com\/tr\/wp-json\/wp\/v2\/types\/product"}],"replies":[{"embeddable":true,"href":"https:\/\/www.jymachinetech.com\/tr\/wp-json\/wp\/v2\/comments?post=7416"}],"version-history":[{"count":7,"href":"https:\/\/www.jymachinetech.com\/tr\/wp-json\/wp\/v2\/product\/7416\/revisions"}],"predecessor-version":[{"id":7436,"href":"https:\/\/www.jymachinetech.com\/tr\/wp-json\/wp\/v2\/product\/7416\/revisions\/7436"}],"wp:featuredmedia":[{"embeddable":true,"href":"https:\/\/www.jymachinetech.com\/tr\/wp-json\/wp\/v2\/media\/7429"}],"wp:attachment":[{"href":"https:\/\/www.jymachinetech.com\/tr\/wp-json\/wp\/v2\/media?parent=7416"}],"wp:term":[{"taxonomy":"product_brand","embeddable":true,"href":"https:\/\/www.jymachinetech.com\/tr\/wp-json\/wp\/v2\/product_brand?post=7416"},{"taxonomy":"product_cat","embeddable":true,"href":"https:\/\/www.jymachinetech.com\/tr\/wp-json\/wp\/v2\/product_cat?post=7416"},{"taxonomy":"product_tag","embeddable":true,"href":"https:\/\/www.jymachinetech.com\/tr\/wp-json\/wp\/v2\/product_tag?post=7416"}],"curies":[{"name":"wp","href":"https:\/\/api.w.org\/{rel}","templated":true}]}}