{"id":6914,"date":"2025-07-09T02:44:24","date_gmt":"2025-07-09T02:44:24","guid":{"rendered":"https:\/\/www.jymachinetech.com\/?post_type=product&#038;p=6914"},"modified":"2025-07-25T06:04:47","modified_gmt":"2025-07-25T06:04:47","slug":"dorayaki-cake-production-line2000pcs-h-4000pcs-h-5000pcs-h-6000pcs-h-8000pcs-h","status":"publish","type":"product","link":"https:\/\/www.jymachinetech.com\/tr\/product\/dorayaki-cake-production-line2000pcs-h-4000pcs-h-5000pcs-h-6000pcs-h-8000pcs-h\/","title":{"rendered":"Dorayaki Cake Production Line:2000(Pcs\/H) 4000(Pcs\/H) 5000(Pcs\/H) 6000(Pcs\/H) 8000(Pcs\/H)"},"content":{"rendered":"<p>&nbsp;<\/p>\n<p><a href=\"https:\/\/www.jymachinetech.com\/wp-content\/uploads\/2025\/07\/photobank.jpg\" target=\"_blank\"><img fetchpriority=\"high\" decoding=\"async\" class=\"alignnone size-full wp-image-6918\" src=\"https:\/\/www.jymachinetech.com\/wp-content\/uploads\/2025\/07\/photobank.jpg\" alt=\"\" width=\"800\" height=\"662\" srcset=\"https:\/\/www.jymachinetech.com\/wp-content\/uploads\/2025\/07\/photobank.jpg 800w, https:\/\/www.jymachinetech.com\/wp-content\/uploads\/2025\/07\/photobank-15x12.jpg 15w, https:\/\/www.jymachinetech.com\/wp-content\/uploads\/2025\/07\/photobank-600x497.jpg 600w\" sizes=\"(max-width: 800px) 100vw, 800px\" \/><\/a><\/p>\n<table>\n<tbody>\n<tr>\n<td width=\"295\">\u578b\u53f7Model<\/td>\n<td width=\"100\">400<\/td>\n<td width=\"124\">800<\/td>\n<td width=\"120\">1000<\/td>\n<td width=\"124\">1200<\/td>\n<td width=\"126\">1600<\/td>\n<\/tr>\n<tr>\n<td width=\"295\">\u00dcretim Kapasitesi (\u03c690mm pks\/saat)<\/td>\n<td width=\"100\">2000<\/td>\n<td width=\"124\">4000<\/td>\n<td width=\"120\">5000<\/td>\n<td width=\"124\">6000<\/td>\n<td width=\"126\">8000<\/td>\n<\/tr>\n<tr>\n<td width=\"295\">Gaz F\u0131r\u0131n\u0131 (m\u00b3\/saat)<\/td>\n<td width=\"100\">10<\/td>\n<td width=\"124\">12<\/td>\n<td width=\"120\">15<\/td>\n<td width=\"124\">20<\/td>\n<td width=\"126\">24<\/td>\n<\/tr>\n<tr>\n<td width=\"295\">Elektrik T\u00fcketimi (Kw\/saat)<\/td>\n<td width=\"100\">18<\/td>\n<td width=\"124\">20<\/td>\n<td width=\"120\">25<\/td>\n<td width=\"124\">30<\/td>\n<td width=\"126\">35.5<\/td>\n<\/tr>\n<\/tbody>\n<\/table>\n<p>1, Kapasite: 2000pks-8000pks\/saat;<br \/>\n2, Makine modeli: JY400 \u2013 JY1600<br \/>\n3, Makine ad\u0131: Otomatik dorayaki kek \u00fcretim hatt\u0131<br \/>\n4, \u0130\u015flem a\u015famas\u0131: kar\u0131\u015ft\u0131rma - \u015fekillendirme - pi\u015firme - ta\u015f\u0131ma - d\u00f6kme - so\u011futma - h\u0131zl\u0131 ve yava\u015f h\u0131z d\u00f6n\u00fc\u015f\u00fc - doldurma - istifleme - birle\u015ftirme - UV ta\u015f\u0131ma - paketleme<br \/>\n5, Ana hammaddeler: \u015feker, un, Glikoz, su, yumurta, \u00e7ikolata, s\u00fct tozu, aroma, renk<br \/>\n6, Gerekli at\u00f6lye alan\u0131: 200 metrekareden fazla<br \/>\n7, Son \u00fcr\u00fcn at\u00f6lye alan\u0131: 100 metrekareden fazla<br \/>\n8, Hammaddeler at\u00f6lye alan\u0131: 100 metrekareden fazla<br \/>\n9, Her vardiyada \u00e7al\u0131\u015fan say\u0131s\u0131: 10-15 ki\u015fi<br \/>\n<a href=\"https:\/\/www.jymachinetech.com\/wp-content\/uploads\/2025\/07\/\u5fae\u4fe1\u56fe\u7247_20240306162620.jpg\" target=\"_blank\"><img decoding=\"async\" class=\"alignnone wp-image-6924\" src=\"https:\/\/www.jymachinetech.com\/wp-content\/uploads\/2025\/07\/\u5fae\u4fe1\u56fe\u7247_20240306162620.jpg\" alt=\"\" width=\"484\" height=\"336\" srcset=\"https:\/\/www.jymachinetech.com\/wp-content\/uploads\/2025\/07\/\u5fae\u4fe1\u56fe\u7247_20240306162620.jpg 1001w, https:\/\/www.jymachinetech.com\/wp-content\/uploads\/2025\/07\/\u5fae\u4fe1\u56fe\u7247_20240306162620-18x12.jpg 18w, https:\/\/www.jymachinetech.com\/wp-content\/uploads\/2025\/07\/\u5fae\u4fe1\u56fe\u7247_20240306162620-600x416.jpg 600w\" sizes=\"(max-width: 484px) 100vw, 484px\" \/><\/a><\/p>\n<p><b>DORAYAKI NASIL YAPILIR<\/b><b>AKES<\/b><\/p>\n<p><img decoding=\"async\" class=\"alignnone size-large wp-image-6922\" src=\"https:\/\/www.jymachinetech.com\/wp-content\/uploads\/2025\/07\/\u94dc\u9523\u70e7\u6b65\u9aa41-1024x744.png\" alt=\"\" width=\"800\" height=\"581\"><br \/>\nDorayaki kek sistemleri iki ba\u011fl\u0131 makineden olu\u015fur. Kek tava ve sandvi\u00e7 makinesi ba\u011f\u0131ms\u0131z \u00e7al\u0131\u015f\u0131r ancak tamamen senkronizedir.<br \/>\n\u200b<a href=\"https:\/\/www.jymachinetech.com\/wp-content\/uploads\/2025\/07\/photobank-1-e1752028647447.jpg\" target=\"_blank\"><img loading=\"lazy\" decoding=\"async\" class=\"alignnone wp-image-6923\" src=\"https:\/\/www.jymachinetech.com\/wp-content\/uploads\/2025\/07\/photobank-1-e1752028647447.jpg\" alt=\"\" width=\"654\" height=\"497\" srcset=\"https:\/\/www.jymachinetech.com\/wp-content\/uploads\/2025\/07\/photobank-1-e1752028647447.jpg 800w, https:\/\/www.jymachinetech.com\/wp-content\/uploads\/2025\/07\/photobank-1-e1752028647447-16x12.jpg 16w, https:\/\/www.jymachinetech.com\/wp-content\/uploads\/2025\/07\/photobank-1-e1752028647447-600x456.jpg 600w\" sizes=\"(max-width: 654px) 100vw, 654px\" \/><\/a><br \/>\nPi\u015firme i\u00e7in g\u00fc\u00e7lendirilmi\u015f bak\u0131r levha kullan\u0131yoruz. Ola\u011fan\u00fcst\u00fc \u0131s\u0131 tutma kapasitesi \u00e7ok p\u00fcr\u00fczs\u00fcz bir pancake y\u00fczeyi sa\u011flar. Hem gaz hem de elektrik \u0131s\u0131 kayna\u011f\u0131 olarak kullan\u0131labilir. Tavan\u0131n h\u0131z\u0131n\u0131 ve deposunun konumunu de\u011fi\u015ftirerek pi\u015firme s\u00fcresi ayarlanabilir. Pancake \u00fcretim sisteminde \u00fcstten \u0131s\u0131t\u0131c\u0131, pancake'leri \u00e7evirmeden \u00f6nce \u00fcstten pi\u015firir. Hem \u00fcst \u0131s\u0131t\u0131c\u0131 hem de \u00e7evirici konumlar\u0131 farkl\u0131 tariflere uyacak \u015fekilde ince ayar yap\u0131labilir. Dorayaki \u00fcretim makinesinin alt\u0131nda, tava plakalar\u0131ndaki kal\u0131nt\u0131lar temizlenir ve keklerin d\u00fczg\u00fcn \u015fekilde \u00e7\u0131kmas\u0131 i\u00e7in ya\u011f uygulan\u0131r.<\/p>\n<p><a href=\"https:\/\/www.jymachinetech.com\/wp-content\/uploads\/2025\/07\/\u5fae\u4fe1\u56fe\u7247_20240306162643.jpg\" target=\"_blank\"><img loading=\"lazy\" decoding=\"async\" class=\"alignnone wp-image-6925\" src=\"https:\/\/www.jymachinetech.com\/wp-content\/uploads\/2025\/07\/\u5fae\u4fe1\u56fe\u7247_20240306162643.jpg\" alt=\"\" width=\"374\" height=\"217\" srcset=\"https:\/\/www.jymachinetech.com\/wp-content\/uploads\/2025\/07\/\u5fae\u4fe1\u56fe\u7247_20240306162643.jpg 612w, https:\/\/www.jymachinetech.com\/wp-content\/uploads\/2025\/07\/\u5fae\u4fe1\u56fe\u7247_20240306162643-18x10.jpg 18w, https:\/\/www.jymachinetech.com\/wp-content\/uploads\/2025\/07\/\u5fae\u4fe1\u56fe\u7247_20240306162643-600x347.jpg 600w\" sizes=\"(max-width: 374px) 100vw, 374px\" \/><\/a><a href=\"https:\/\/www.jymachinetech.com\/wp-content\/uploads\/2025\/07\/8b2d6756fc339850d1a68d3886343ca-scaled.jpg\" target=\"_blank\"><img loading=\"lazy\" decoding=\"async\" class=\"alignnone wp-image-6920\" src=\"https:\/\/www.jymachinetech.com\/wp-content\/uploads\/2025\/07\/8b2d6756fc339850d1a68d3886343ca-1024x683.jpg\" alt=\"\" width=\"332\" height=\"221\"><\/a><\/p>\n<p>&nbsp;<\/p>\n<p>Sandvi\u00e7 makinesi \u00f6nce pancake makinesinden gelen \u00fcr\u00fcnleri hizalar ve ard\u0131ndan pancake s\u0131ralar\u0131n\u0131n yar\u0131s\u0131n\u0131 \u00e7evirerek i\u00e7eri\u011fi uygular. Di\u011fer pancake s\u0131ras\u0131 \u00e7evrilmez, y\u00fczleri yukar\u0131da kal\u0131r ve bask\u0131 yap\u0131labilir. Son olarak, pancake sandvi\u00e7 yapmaya haz\u0131r hale gelir ve i\u00e7eri\u011fin i\u00e7erde kalmas\u0131 i\u00e7in m\u00fch\u00fcrlenir. M\u00fch\u00fcrleme \u00fcnitesi ya pancake'i kapat\u0131p i\u00e7eri\u011fi tutar ya da sadece sandvi\u00e7 yapar, kenarlar\u0131 a\u00e7\u0131k b\u0131rak\u0131r.<\/p>\n<p>&nbsp;<\/p>","protected":false},"excerpt":{"rendered":"<p>&nbsp; Model No: 400 800 1000 1200 1600 Kapasite (\u03c690mm par\u00e7a\/saat): 2000 4000 5000 6000 8000 Gaz F\u0131r\u0131n\u0131 (m\u00b3\/saat): 10 12 15 20 24 Elektrik T\u00fcketimi (Kw\/saat): 18 20 25 30 35.5 1,Kapasite: 2000 adet-8000 adet\/saat; 2,Makine modeli: JY400 \u2013 JY1600 3,Makine ad\u0131: Otomatik dorayaki kek \u00fcretim hatt\u0131 4,\u0130\u015flem a\u015famas\u0131: kar\u0131\u015ft\u0131rma - \u015fekillendirme - pi\u015firme - ta\u015f\u0131ma - d\u00f6kme - so\u011futma - h\u0131zl\u0131 ve yava\u015f h\u0131z d\u00f6n\u00fc\u015f\u00fc - doldurma - istifleme - birle\u015ftirme - UV ta\u015f\u0131ma - paketleme 5,Ana hammaddeler [\u2026]<\/p>","protected":false},"featured_media":6924,"comment_status":"open","ping_status":"closed","template":"","meta":[],"product_brand":[],"product_cat":[96,15],"product_tag":[],"class_list":{"0":"post-6914","1":"product","2":"type-product","3":"status-publish","4":"has-post-thumbnail","6":"product_cat-cake-machine","7":"product_cat-bakery-equipment","9":"first","10":"instock","11":"shipping-taxable","12":"product-type-simple"},"_links":{"self":[{"href":"https:\/\/www.jymachinetech.com\/tr\/wp-json\/wp\/v2\/product\/6914","targetHints":{"allow":["GET"]}}],"collection":[{"href":"https:\/\/www.jymachinetech.com\/tr\/wp-json\/wp\/v2\/product"}],"about":[{"href":"https:\/\/www.jymachinetech.com\/tr\/wp-json\/wp\/v2\/types\/product"}],"replies":[{"embeddable":true,"href":"https:\/\/www.jymachinetech.com\/tr\/wp-json\/wp\/v2\/comments?post=6914"}],"version-history":[{"count":2,"href":"https:\/\/www.jymachinetech.com\/tr\/wp-json\/wp\/v2\/product\/6914\/revisions"}],"predecessor-version":[{"id":6928,"href":"https:\/\/www.jymachinetech.com\/tr\/wp-json\/wp\/v2\/product\/6914\/revisions\/6928"}],"wp:featuredmedia":[{"embeddable":true,"href":"https:\/\/www.jymachinetech.com\/tr\/wp-json\/wp\/v2\/media\/6924"}],"wp:attachment":[{"href":"https:\/\/www.jymachinetech.com\/tr\/wp-json\/wp\/v2\/media?parent=6914"}],"wp:term":[{"taxonomy":"product_brand","embeddable":true,"href":"https:\/\/www.jymachinetech.com\/tr\/wp-json\/wp\/v2\/product_brand?post=6914"},{"taxonomy":"product_cat","embeddable":true,"href":"https:\/\/www.jymachinetech.com\/tr\/wp-json\/wp\/v2\/product_cat?post=6914"},{"taxonomy":"product_tag","embeddable":true,"href":"https:\/\/www.jymachinetech.com\/tr\/wp-json\/wp\/v2\/product_tag?post=6914"}],"curies":[{"name":"wp","href":"https:\/\/api.w.org\/{rel}","templated":true}]}}