{"id":5031,"date":"2025-05-20T01:40:09","date_gmt":"2025-05-20T01:40:09","guid":{"rendered":"https:\/\/www.jymachinetech.com\/?post_type=product&#038;p=5031"},"modified":"2025-07-25T06:05:05","modified_gmt":"2025-07-25T06:05:05","slug":"compressed-biscuit-bar-production-line","status":"publish","type":"product","link":"https:\/\/www.jymachinetech.com\/tr\/product\/compressed-biscuit-bar-production-line\/","title":{"rendered":"Compressed Biscuit bar Production Line Process 2880-7680(pcs\/h) 5760-15360(pcs\/h)"},"content":{"rendered":"<p>Sert bisk\u00fcvi, uzun s\u00fcre dayan\u0131kl\u0131 olmas\u0131 i\u00e7in tasarlanm\u0131\u015f bir bisk\u00fcvi t\u00fcr\u00fcd\u00fcr, genellikle askeri ve acil durum m\u00fcdahaleleri i\u00e7in kullan\u0131l\u0131r, Bisk\u00fcvi \u00fcreticileri genellikle k\u0131r\u0131k bisk\u00fcvileri malzeme tasarrufu sa\u011flamak amac\u0131yla yeniden presler veya preslenmi\u015f bisk\u00fcvileri k\u0131r\u0131p sonra tekrar presleyip paketler, satmadan \u00f6nce, junyu di\u011fer \u00fcreticilerden ay\u0131ran \u00f6zellik ise arka u\u00e7 ekipmanlar\u0131n\u0131 otomatikle\u015ftirebilmemizdir, \u00f6rne\u011fin vakum paketleme. Makine prensibi: \u0130lk ad\u0131m, bisk\u00fcvi \u015fekillendirme ve pi\u015firme ekipmanlar\u0131yla ayn\u0131d\u0131r ve ard\u0131ndan bisk\u00fcviler, bir bisk\u00fcvi s\u0131k\u0131\u015ft\u0131rma makinesi taraf\u0131ndan farkl\u0131 \u015fekillere k\u0131r\u0131l\u0131r ve s\u0131k\u0131\u015ft\u0131r\u0131l\u0131r ve sonra vakumlan\u0131r<\/p>\n<h2><strong>Teknik \u00d6zellikler ve Avantajlar<\/strong><\/h2>\n<table>\n<tbody>\n<tr>\n<td>cURL Too many subrequests.<\/td>\n<td>JY4*4<\/td>\n<td>JY4*8<\/td>\n<\/tr>\n<tr>\n<td>cURL Too many subrequests.<\/td>\n<td>2880-7680(adet\/saat)<\/td>\n<td>5760-15360(adet\/saat)<\/td>\n<\/tr>\n<tr>\n<td>Maksimum bas\u0131n\u00e7<\/td>\n<td>180-250(kg\/metrekare)<\/td>\n<td>200-450(kg\/metrekare)<\/td>\n<\/tr>\n<tr>\n<td>Maksimum tablet \u00e7ap\u0131<\/td>\n<td>40\u00d780(mm)<\/td>\n<td>40\u00d780(mm)<\/td>\n<\/tr>\n<tr>\n<td>Maksimum dolgu derinli\u011fi<\/td>\n<td>20-40(mm)<\/td>\n<td>20-40(mm)<\/td>\n<\/tr>\n<tr>\n<td>Maksimum kal\u0131nl\u0131k<\/td>\n<td>10-30(mm)<\/td>\n<td>10-30(mm)<\/td>\n<\/tr>\n<tr>\n<td>Maksimum \u00e7al\u0131\u015fma \u00e7ap\u0131<\/td>\n<td>960(mm)<\/td>\n<td>960(mm)<\/td>\n<\/tr>\n<tr>\n<td>D\u00f6ner tabla h\u0131z\u0131<\/td>\n<td>3-8(d\/dak)<\/td>\n<td>3-8(d\/dak)<\/td>\n<\/tr>\n<tr>\n<td>Ana Motor G\u00fcc\u00fc<\/td>\n<td>11KW<\/td>\n<td>15KW<\/td>\n<\/tr>\n<tr>\n<td>Genel Boyutlar<\/td>\n<td>1900x1260x1960(mm)<\/td>\n<td>2200x1300x2000(mm)<\/td>\n<\/tr>\n<\/tbody>\n<\/table>\n<p>S\u0131k\u0131\u015ft\u0131r\u0131lm\u0131\u015f bisk\u00fcvi \u00fcretim hatt\u0131, verimli ve y\u00fcksek kaliteli bisk\u00fcvi \u00fcretimi i\u00e7in tasarlanm\u0131\u015f tamamen otomatik bir sistemdir. \u0130\u015fte s\u00fcrecin detayl\u0131 bir genel g\u00f6r\u00fcn\u00fcm\u00fc:<\/p>\n<h2><strong>Hammadde Haz\u0131rl\u0131\u011f\u0131<\/strong><\/h2>\n<p><img fetchpriority=\"high\" decoding=\"async\" width=\"707\" height=\"788\" class=\"wp-image-5032\" src=\"https:\/\/www.jymachinetech.com\/wp-content\/uploads\/2025\/05\/bb75ab052b9a1aaa1f1b0ec8491bea2.png\" alt=\"bb75ab052b9a1aaa1f1b0ec8491bea2\" srcset=\"https:\/\/www.jymachinetech.com\/wp-content\/uploads\/2025\/05\/bb75ab052b9a1aaa1f1b0ec8491bea2.png 707w, https:\/\/www.jymachinetech.com\/wp-content\/uploads\/2025\/05\/bb75ab052b9a1aaa1f1b0ec8491bea2-11x12.png 11w, https:\/\/www.jymachinetech.com\/wp-content\/uploads\/2025\/05\/bb75ab052b9a1aaa1f1b0ec8491bea2-600x669.png 600w\" sizes=\"(max-width: 707px) 100vw, 707px\" \/><\/p>\n<p><strong><strong>K\u0131r\u0131lm\u0131\u015f Bisk\u00fcviler<\/strong><\/strong>: \u00d6nceden pi\u015firilmi\u015f bisk\u00fcviler, \u00f6zel bir k\u0131rma makinesi kullan\u0131larak k\u00fc\u00e7\u00fck par\u00e7alara k\u0131r\u0131l\u0131r. Bu ad\u0131m, sonraki kar\u0131\u015ft\u0131rma ve s\u0131k\u0131\u015ft\u0131rma i\u015flemleri i\u00e7in do\u011fru par\u00e7ac\u0131k boyutunu sa\u011flar.<\/p>\n<p><strong><strong>Di\u011fer Malzemeler<\/strong><\/strong>: \u015eeker tozu, kuruyemi\u015fler, kuru meyveler, s\u00fct tozu ve bitkisel ya\u011f gibi malzemeler haz\u0131rlan\u0131r ve k\u0131r\u0131lm\u0131\u015f bisk\u00fcvilerle kar\u0131\u015ft\u0131r\u0131lmaya haz\u0131r hale getirilir.<\/p>\n<p>Junyu'nun otomatik bisk\u00fcvi \u015fekillendirme makineleri de vard\u0131r.<\/p>\n<h2><strong>Mixing<\/strong><\/h2>\n<p><img decoding=\"async\" width=\"1853\" height=\"1920\" class=\"wp-image-5033\" src=\"https:\/\/www.jymachinetech.com\/wp-content\/uploads\/2025\/05\/unnamed-file-1-scaled.jpeg\" alt=\"Hamur Yo\u011furma Makinesi Resmi_Kopya\" srcset=\"https:\/\/www.jymachinetech.com\/wp-content\/uploads\/2025\/05\/unnamed-file-1-scaled.jpeg 1853w, https:\/\/www.jymachinetech.com\/wp-content\/uploads\/2025\/05\/unnamed-file-1-scaled-12x12.jpeg 12w, https:\/\/www.jymachinetech.com\/wp-content\/uploads\/2025\/05\/unnamed-file-1-scaled-600x622.jpeg 600w\" sizes=\"(max-width: 1853px) 100vw, 1853px\" \/><\/p>\n<p><strong><strong>Kar\u0131\u015ft\u0131rma \u0130\u015flemi<\/strong><\/strong>: K\u0131r\u0131lm\u0131\u015f bisk\u00fcviler ve di\u011fer malzemeler, homojen bir kar\u0131\u015f\u0131m elde etmek i\u00e7in \u00f6zel bir kar\u0131\u015ft\u0131rma makinesinde iyice kar\u0131\u015ft\u0131r\u0131l\u0131r. Bu ad\u0131m, tutarl\u0131 \u00fcr\u00fcn kalitesi ve lezzet i\u00e7in \u00e7ok \u00f6nemlidir.<\/p>\n<h2><strong>3. S\u0131k\u0131\u015ft\u0131rma ve \u015eekillendirme<\/strong><\/h2>\n<p><strong><strong>S\u0131k\u0131\u015ft\u0131rma Mekanizmas\u0131<\/strong><\/strong>: Kar\u0131\u015f\u0131m, hidrolik veya pn\u00f6matik sistemlerle donat\u0131lm\u0131\u015f bir s\u0131k\u0131\u015ft\u0131rma makinesine beslenir. Makine, \u00f6zel tasarlanm\u0131\u015f kal\u0131plar kullanarak kar\u0131\u015f\u0131m\u0131 istenilen \u015fekil ve boyuta s\u0131k\u0131\u015ft\u0131r\u0131r. Bu, bisk\u00fcvilerin d\u00fczg\u00fcn g\u00f6r\u00fcn\u00fcm ve dokuya sahip olmas\u0131n\u0131 sa\u011flar.<\/p>\n<h2><strong><img decoding=\"async\" width=\"1920\" height=\"1440\" class=\"wp-image-5034\" src=\"https:\/\/www.jymachinetech.com\/wp-content\/uploads\/2025\/05\/52c30de17a88010531fad10108e9d1a-scaled.jpeg\" alt=\"52c30de17a88010531fad10108e9d1a\" srcset=\"https:\/\/www.jymachinetech.com\/wp-content\/uploads\/2025\/05\/52c30de17a88010531fad10108e9d1a-scaled.jpeg 1920w, https:\/\/www.jymachinetech.com\/wp-content\/uploads\/2025\/05\/52c30de17a88010531fad10108e9d1a-scaled-16x12.jpeg 16w, https:\/\/www.jymachinetech.com\/wp-content\/uploads\/2025\/05\/52c30de17a88010531fad10108e9d1a-scaled-600x450.jpeg 600w\" sizes=\"(max-width: 1920px) 100vw, 1920px\" \/><\/strong><\/h2>\n<h2><strong> Packaging<\/strong><\/h2>\n<p><img loading=\"lazy\" decoding=\"async\" width=\"1920\" height=\"1920\" class=\"wp-image-5035\" src=\"https:\/\/www.jymachinetech.com\/wp-content\/uploads\/2025\/05\/x-22-8-26-img_e3757-jpgimg_e3757-scaled.jpeg\" alt=\"X:\\\u963f\u8d35\\22.8.26\u5957\u888b\u673a+\u5c0f\u771f\u7a7a\\\u5927\u56fe\\IMG_E3757.JPGIMG_E3757\" srcset=\"https:\/\/www.jymachinetech.com\/wp-content\/uploads\/2025\/05\/x-22-8-26-img_e3757-jpgimg_e3757-scaled.jpeg 1920w, https:\/\/www.jymachinetech.com\/wp-content\/uploads\/2025\/05\/x-22-8-26-img_e3757-jpgimg_e3757-scaled-12x12.jpeg 12w, https:\/\/www.jymachinetech.com\/wp-content\/uploads\/2025\/05\/x-22-8-26-img_e3757-jpgimg_e3757-scaled-300x300.jpeg 300w, https:\/\/www.jymachinetech.com\/wp-content\/uploads\/2025\/05\/x-22-8-26-img_e3757-jpgimg_e3757-scaled-600x600.jpeg 600w, https:\/\/www.jymachinetech.com\/wp-content\/uploads\/2025\/05\/x-22-8-26-img_e3757-jpgimg_e3757-scaled-100x100.jpeg 100w\" sizes=\"(max-width: 1920px) 100vw, 1920px\" \/><\/p>\n<p><strong><strong>Ambalajlama Ekipmanlar\u0131<\/strong><\/strong>: Kurutulmu\u015f bisk\u00fcviler, otomatik ambalaj makineleri kullan\u0131larak paketlenir. Paketleme s\u00fcreci, bisk\u00fcvilerin tazeli\u011finin korunmas\u0131 ve m\u00fch\u00fcrlenmesini sa\u011flar, tekli veya toplu paketleme se\u00e7enekleri mevcuttur.<\/p>\n<h2><strong>Applications<\/strong><\/h2>\n<p>Bu hat ile \u00fcretilen s\u0131k\u0131\u015ft\u0131r\u0131lm\u0131\u015f bisk\u00fcviler, askeri kullan\u0131m, do\u011fa y\u00fcr\u00fcy\u00fc\u015f\u00fc ve kamp gibi a\u00e7\u0131k hava aktiviteleri ve acil g\u0131da tedarikleri i\u00e7in idealdir. Pratik, besleyici ve uzun \u00f6m\u00fcrl\u00fc bir g\u0131da se\u00e7ene\u011fi sunar.<\/p>\n<p>S\u0131k\u0131\u015ft\u0131r\u0131lm\u0131\u015f bisk\u00fcvi \u00fcretim hatt\u0131, g\u0131da \u00fcretim i\u015fletmeleri i\u00e7in verimli ve esnek bir \u00e7\u00f6z\u00fcm sunar, \u00e7e\u015fitli senaryolarda y\u00fcksek kaliteli s\u0131k\u0131\u015ft\u0131r\u0131lm\u0131\u015f bisk\u00fcvilerin talebini kar\u015f\u0131lar.<\/p>\n<p><strong>Avantajlar<\/strong><\/p>\n<p>Y\u00fcksek \u00fcretim verimlili\u011fi:<\/p>\n<p>T\u00fcm s\u00fcre\u00e7lerin sorunsuz entegre edilmesiyle s\u00fcrekli \u00fcretim sa\u011flar. Bu, \u00fcretim kapasitesini \u00f6nemli \u00f6l\u00e7\u00fcde art\u0131r\u0131r ve b\u00fcy\u00fck \u00f6l\u00e7ekli \u00fcretim taleplerini kar\u015f\u0131lar.<\/p>\n<p>G\u00fc\u00e7l\u00fc \u00fcr\u00fcn tutarl\u0131l\u0131\u011f\u0131:<\/p>\n<p>Otomatik ekipmanlar, her bir bisk\u00fcvin dolgu miktar\u0131n\u0131 ve da\u011f\u0131l\u0131m\u0131n\u0131 hassas \u015fekilde kontrol eder, \u00fcr\u00fcn kalitesinin uniform olmas\u0131n\u0131 sa\u011flar ve marka tutarl\u0131l\u0131\u011f\u0131 beklentilerini kar\u015f\u0131lar.<\/p>\n<p>\u0130\u015f\u00e7ilik maliyetlerinde \u00f6nemli azalma:<\/p>\n<p>Bu, manuel i\u015f g\u00fcc\u00fcne olan ba\u011f\u0131ml\u0131l\u0131\u011f\u0131 azalt\u0131r, uzun vadeli i\u015f\u00e7ilik maliyetlerini d\u00fc\u015f\u00fcr\u00fcr ve i\u015fletmelerin insan kaynaklar\u0131n\u0131 daha etkin kullanmas\u0131n\u0131 sa\u011flar.<\/p>\n<p>Geli\u015fmi\u015f hijyen standartlar\u0131:<\/p>\n<p>\u0130leri temizlik sistemi ile donat\u0131lm\u0131\u015f ve g\u0131da ile manuel temas\u0131 azaltarak y\u00fcksek hijyen standartlar\u0131n\u0131 sa\u011flar ve g\u0131da g\u00fcvenli\u011fi d\u00fczenlemelerine uyumu temin eder.<\/p>\n<p>Harika esneklik ve \u00f6l\u00e7eklenebilirlik:<\/p>\n<p>Hatt\u0131, \u00e7e\u015fitli t\u00fcr ve tatlarda bisk\u00fcvi \u00fcretmek \u00fczere kolayca ayarlanabilir. Mod\u00fcler tasar\u0131m\u0131, piyasa taleplerine uygun olarak gelecekte geni\u015fleme veya y\u00fckseltmeler yap\u0131lmas\u0131n\u0131 kolayla\u015ft\u0131r\u0131r.<\/p>\n<p>&nbsp;<\/p>","protected":false},"excerpt":{"rendered":"<p>Hard tack biscuit is a type of biscuit for long-lasting usually use for military and emergency response,Biscuit manufacturers often re-press broken biscuits to save materials, or they can crush the pressed biscuit.then press, again and package the biscuits before selling them, what makes junyu different from othermanufacturers is that we can automate the back-end equipment [&hellip;]<\/p>","protected":false},"featured_media":5036,"comment_status":"open","ping_status":"closed","template":"","meta":[],"product_brand":[],"product_cat":[95],"product_tag":[],"class_list":{"0":"post-5031","1":"product","2":"type-product","3":"status-publish","4":"has-post-thumbnail","6":"product_cat-biscuit-machine","8":"first","9":"instock","10":"shipping-taxable","11":"product-type-simple"},"_links":{"self":[{"href":"https:\/\/www.jymachinetech.com\/tr\/wp-json\/wp\/v2\/product\/5031","targetHints":{"allow":["GET"]}}],"collection":[{"href":"https:\/\/www.jymachinetech.com\/tr\/wp-json\/wp\/v2\/product"}],"about":[{"href":"https:\/\/www.jymachinetech.com\/tr\/wp-json\/wp\/v2\/types\/product"}],"replies":[{"embeddable":true,"href":"https:\/\/www.jymachinetech.com\/tr\/wp-json\/wp\/v2\/comments?post=5031"}],"version-history":[{"count":1,"href":"https:\/\/www.jymachinetech.com\/tr\/wp-json\/wp\/v2\/product\/5031\/revisions"}],"predecessor-version":[{"id":7207,"href":"https:\/\/www.jymachinetech.com\/tr\/wp-json\/wp\/v2\/product\/5031\/revisions\/7207"}],"wp:featuredmedia":[{"embeddable":true,"href":"https:\/\/www.jymachinetech.com\/tr\/wp-json\/wp\/v2\/media\/5036"}],"wp:attachment":[{"href":"https:\/\/www.jymachinetech.com\/tr\/wp-json\/wp\/v2\/media?parent=5031"}],"wp:term":[{"taxonomy":"product_brand","embeddable":true,"href":"https:\/\/www.jymachinetech.com\/tr\/wp-json\/wp\/v2\/product_brand?post=5031"},{"taxonomy":"product_cat","embeddable":true,"href":"https:\/\/www.jymachinetech.com\/tr\/wp-json\/wp\/v2\/product_cat?post=5031"},{"taxonomy":"product_tag","embeddable":true,"href":"https:\/\/www.jymachinetech.com\/tr\/wp-json\/wp\/v2\/product_tag?post=5031"}],"curies":[{"name":"wp","href":"https:\/\/api.w.org\/{rel}","templated":true}]}}