{"id":5022,"date":"2025-05-20T01:37:17","date_gmt":"2025-05-20T01:37:17","guid":{"rendered":"https:\/\/www.jymachinetech.com\/?post_type=product&#038;p=5022"},"modified":"2025-07-25T06:05:32","modified_gmt":"2025-07-25T06:05:32","slug":"chocolate-center-filling-bear-biscuit-production-line","status":"publish","type":"product","link":"https:\/\/www.jymachinetech.com\/tr\/product\/chocolate-center-filling-bear-biscuit-production-line\/","title":{"rendered":"Chocolate Center filling Bear Biscuit Production Line: 250kg\/h, 500kg\/h, 750kg\/h, 1000kg\/h, 1500kg\/h"},"content":{"rendered":"<p><strong><strong>Y\u00fcksek Otomasyon<\/strong><\/strong>: Manuel i\u015f\u00e7ilikleri azalt\u0131r ve \u00fcretim verimlili\u011fini art\u0131r\u0131r.<\/p>\n<p><strong><strong>\u00c7e\u015fitli \u00dcr\u00fcnler<\/strong><\/strong>: Kal\u0131plar ve tarifler de\u011fi\u015ftirilerek \u00e7e\u015fitli \u015fekil ve aromalarda ay\u0131 teddy ay\u0131 bisk\u00fcvi \u00fcretilebilir.<\/p>\n<p><strong><strong>Energy Efficient<\/strong><\/strong>: \u0130\u015fletme maliyetlerini azaltmak i\u00e7in enerji tasarrufu teknolojileri ile donat\u0131lm\u0131\u015ft\u0131r.<\/p>\n<p><strong><strong>Hijyenik Tasar\u0131m<\/strong><\/strong>: G\u0131da g\u00fcvenli\u011fi standartlar\u0131n\u0131 kar\u015f\u0131lamak i\u00e7in g\u0131da s\u0131n\u0131f\u0131 malzemeler ve kolay temizlenebilir tasar\u0131mlar kullan\u0131r.<\/p>\n<p><strong><strong>Kullan\u0131c\u0131 Dostu<\/strong><\/strong>: Kolay kullan\u0131m ve izleme i\u00e7in sezgisel bir kontrol sistemi \u00f6zellikleri ta\u015f\u0131r.<\/p>\n<table>\n<tbody>\n<tr>\n<td>cURL Too many subrequests.<\/td>\n<td>JYB-280<\/td>\n<td>JYB-400<\/td>\n<td>JYB-600<\/td>\n<td>JYB-800<\/td>\n<td>JYB-1000<\/td>\n<td>JYB-1200<\/td>\n<td>JYB-1500<\/td>\n<td>Not<\/td>\n<\/tr>\n<tr>\n<td>\u00dcretim kapasitesi(kg\/s)<\/td>\n<td>0<\/td>\n<td>250<\/td>\n<td>500<\/td>\n<td>750<\/td>\n<td>1000<\/td>\n<td>1250<\/td>\n<td>1500<\/td>\n<td>\u00d6zelle\u015ftirilmi\u015f kapasite<\/td>\n<\/tr>\n<tr>\n<td>F\u0131r\u0131n Uzunlu\u011fu(m)<\/td>\n<td>16<\/td>\n<td>28<\/td>\n<td>40<\/td>\n<td>40<\/td>\n<td>60<\/td>\n<td>50<\/td>\n<td>70<\/td>\n<td>Ba\u011fl\u0131d\u0131r<\/td>\n<\/tr>\n<tr>\n<td>Toplam uzunluk(m)<\/td>\n<td>29.6<\/td>\n<td>64.5<\/td>\n<td>85.5<\/td>\n<td>92.5<\/td>\n<td>125<\/td>\n<td>125<\/td>\n<td>150<\/td>\n<td>U d\u00f6n\u00fc\u015f\u00fc konvey\u00f6r\u00fc yoksa<\/td>\n<\/tr>\n<tr>\n<td>Pi\u015firme s\u0131cakl\u0131\u011f\u0131(\u00b0C)<\/td>\n<td>190-240\u00b0C<\/td>\n<td>190-240\u00b0C<\/td>\n<td>190-240\u00b0C<\/td>\n<td>190-240\u00b0C<\/td>\n<td>190-240\u00b0C<\/td>\n<td>190-240\u00b0C<\/td>\n<td>190-240\u00b0C<\/td>\n<td>Ba\u011fl\u0131d\u0131r<\/td>\n<\/tr>\n<tr>\n<td>T\u00fcm hat g\u00fc\u00e7(kW)<\/td>\n<td>80<\/td>\n<td>90<\/td>\n<td>300<\/td>\n<td>400<\/td>\n<td>00<\/td>\n<td>800<\/td>\n<td>900<\/td>\n<td>Elektrikli F\u0131r\u0131n Kullan\u0131l\u0131rsa<\/td>\n<\/tr>\n<tr>\n<td>LPG F\u0131r\u0131n(kg\/s)<\/td>\n<td>10<\/td>\n<td>20<\/td>\n<td>35<\/td>\n<td>45<\/td>\n<td>60<\/td>\n<td>70<\/td>\n<td>80<\/td>\n<td>LPG F\u0131r\u0131n Kullan\u0131l\u0131rsa<\/td>\n<\/tr>\n<tr>\n<td>T\u00fcm hat a\u011f\u0131rl\u0131\u011f\u0131(kg)<\/td>\n<td>6000<\/td>\n<td>12000<\/td>\n<td>20000<\/td>\n<td>28000<\/td>\n<td>35000<\/td>\n<td>45000<\/td>\n<td>55000<\/td>\n<td>Yakla\u015f\u0131k<\/td>\n<\/tr>\n<\/tbody>\n<\/table>\n<h2><strong>\u00dcretim S\u00fcreci<\/strong><\/h2>\n<h3><strong>Hamur Kar\u0131\u015ft\u0131rma<\/strong><\/h3>\n<p><img fetchpriority=\"high\" decoding=\"async\" width=\"1853\" height=\"1920\" class=\"wp-image-5023\" src=\"https:\/\/www.jymachinetech.com\/wp-content\/uploads\/2025\/05\/unnamed-file-scaled.jpeg\" alt=\"Hamur Yo\u011furma Makinesi Resmi_Kopya\" srcset=\"https:\/\/www.jymachinetech.com\/wp-content\/uploads\/2025\/05\/unnamed-file-scaled.jpeg 1853w, https:\/\/www.jymachinetech.com\/wp-content\/uploads\/2025\/05\/unnamed-file-scaled-12x12.jpeg 12w, https:\/\/www.jymachinetech.com\/wp-content\/uploads\/2025\/05\/unnamed-file-scaled-600x622.jpeg 600w\" sizes=\"(max-width: 1853px) 100vw, 1853px\" \/><\/p>\n<p>\u0130\u015flem, un, \u015feker, ya\u011flar ve di\u011fer malzemeleri verimli bir \u015fekilde kar\u0131\u015ft\u0131ran bir hamur kar\u0131\u015ft\u0131r\u0131c\u0131 ile ba\u015flar. Bu ad\u0131m, hamurun teddy ay\u0131 bisk\u00fcvilerine \u015fekil vermek i\u00e7in uygun k\u0131vama gelmesini sa\u011flar.<\/p>\n<h3><strong>Fermentasyon<\/strong><\/h3>\n<p>Tarife g\u00f6re gerekiyorsa, hamur fermente edilir. Bu ad\u0131m, hamurun dokusu ve aromas\u0131 geli\u015fimi i\u00e7in \u00e7ok \u00f6nemlidir ve daha keyifli bir yeme deneyimi sa\u011flar.<\/p>\n<h3><strong>Desen Bask\u0131s\u0131<\/strong><\/h3>\n<p>Hamura \u00e7e\u015fitli desenler basmak i\u00e7in \u00f6zel bir bask\u0131 makinesi kullan\u0131l\u0131r. Bu, teddy ay\u0131 bisk\u00fcvilerine g\u00f6rsel \u00e7ekicilik ve karakter katarak t\u00fcketicilere daha cazip hale getirir.<\/p>\n<h3><strong>D\u00f6ner Kesici<\/strong><\/h3>\n<p><img decoding=\"async\" width=\"1920\" height=\"1080\" class=\"wp-image-5024\" src=\"https:\/\/www.jymachinetech.com\/wp-content\/uploads\/2025\/05\/private-var-folders-j4-6sbb4pyn5t1dyr4t5z9hb4tc00-scaled.jpeg\" alt=\"\/private\/var\/folders\/j4\/6sbb4pyn5t1dyr4t5z9hb4tc0000gn\/T\/com.kingsoft.wpsoffice.mac\/picturecompress_20230224111330\/output_1.jpgoutput_1\" srcset=\"https:\/\/www.jymachinetech.com\/wp-content\/uploads\/2025\/05\/private-var-folders-j4-6sbb4pyn5t1dyr4t5z9hb4tc00-scaled.jpeg 1920w, https:\/\/www.jymachinetech.com\/wp-content\/uploads\/2025\/05\/private-var-folders-j4-6sbb4pyn5t1dyr4t5z9hb4tc00-scaled-18x10.jpeg 18w, https:\/\/www.jymachinetech.com\/wp-content\/uploads\/2025\/05\/private-var-folders-j4-6sbb4pyn5t1dyr4t5z9hb4tc00-scaled-600x338.jpeg 600w\" sizes=\"(max-width: 1920px) 100vw, 1920px\" \/><\/p>\n<p>D\u00f6ner kesici, hamuru ikonik teddy ay\u0131 formuna \u015fekillendirir. Hassasiyet ve verimlilikle, bu makine her bir bisk\u00fcvin e\u015fit \u015fekilde \u015fekillendirilmesini sa\u011flar ve tutarl\u0131 bir \u00fcr\u00fcn sunar.<\/p>\n<h3><strong>Pi\u015firme F\u0131r\u0131n\u0131<\/strong><\/h3>\n<p><img decoding=\"async\" width=\"1455\" height=\"572\" class=\"wp-image-5025\" src=\"https:\/\/www.jymachinetech.com\/wp-content\/uploads\/2025\/05\/2023-02-24-11-21-27.png\" alt=\"Ekran G\u00f6r\u00fcnt\u00fcs\u00fc 2023-02-24 11.21.27\" srcset=\"https:\/\/www.jymachinetech.com\/wp-content\/uploads\/2025\/05\/2023-02-24-11-21-27.png 1455w, https:\/\/www.jymachinetech.com\/wp-content\/uploads\/2025\/05\/2023-02-24-11-21-27-18x7.png 18w, https:\/\/www.jymachinetech.com\/wp-content\/uploads\/2025\/05\/2023-02-24-11-21-27-600x236.png 600w\" sizes=\"(max-width: 1455px) 100vw, 1455px\" \/><\/p>\n<p>Teddy ay\u0131 bisk\u00fcvileri, elektrik, gaz veya di\u011fer yak\u0131tlar ile \u0131s\u0131t\u0131lan t\u00fcnel f\u0131r\u0131ndan ge\u00e7er. F\u0131r\u0131n\u0131n hassas s\u0131cakl\u0131k kontrol\u00fc, e\u015fit pi\u015firme sa\u011flar ve bisk\u00fcvilerin alt\u0131n rengi ve lezzetli tad\u0131n\u0131 ortaya \u00e7\u0131kar\u0131r.<\/p>\n<h3><strong>\u00c7ikolata Dolgu Sistemi<\/strong><\/h3>\n<p><img loading=\"lazy\" decoding=\"async\" width=\"622\" height=\"375\" class=\"wp-image-5026\" src=\"https:\/\/www.jymachinetech.com\/wp-content\/uploads\/2025\/05\/word-image-5022-4.png\" alt=\"\" srcset=\"https:\/\/www.jymachinetech.com\/wp-content\/uploads\/2025\/05\/word-image-5022-4.png 622w, https:\/\/www.jymachinetech.com\/wp-content\/uploads\/2025\/05\/word-image-5022-4-18x12.png 18w, https:\/\/www.jymachinetech.com\/wp-content\/uploads\/2025\/05\/word-image-5022-4-600x362.png 600w\" sizes=\"(max-width: 622px) 100vw, 622px\" \/><\/p>\n<p>Pi\u015firdikten sonra, bisk\u00fcviler \u00e7ikolata dolgu istasyonuna ge\u00e7er. Burada, dolgu makinesi \u00e7ikolata veya di\u011fer dolgular\u0131 bisk\u00fcvilere enjekte eder, ekstra lezzet ve keyif katar.<\/p>\n<h3><strong>Ambalajlama Sistemi<\/strong><\/h3>\n<p>Son olarak, doldurulmu\u015f teddy ay\u0131 bisk\u00fcvileri otomatik paketleme sistemi ile paketlenir. Bu, \u00fcr\u00fcnlerin d\u00fczg\u00fcnce m\u00fch\u00fcrlenmesini ve da\u011f\u0131t\u0131m ile sat\u0131\u015fa haz\u0131r hale getirilmesini sa\u011flar.<\/p>\n<p>&nbsp;<\/p>","protected":false},"excerpt":{"rendered":"<p>Y\u00fcksek Otomasyonlu: Manuel i\u015f g\u00fcc\u00fcn\u00fc azalt\u0131r ve \u00fcretim verimlili\u011fini art\u0131r\u0131r. \u00c7e\u015fitli \u00dcr\u00fcnler: Kal\u0131plar ve tarifler de\u011fi\u015ftirilerek farkl\u0131 \u015fekil ve tatlarda ay\u0131c\u0131k bisk\u00fcvi \u00fcretilebilir. Enerji Verimli: \u0130\u015fletme maliyetlerini azaltmak i\u00e7in enerji tasarrufu sa\u011flayan teknolojilerle donat\u0131lm\u0131\u015ft\u0131r. Hijyenik Tasar\u0131m: G\u0131da s\u0131n\u0131f\u0131 malzemeler ve kolay temizlenebilir tasar\u0131mlar kullanarak g\u0131da g\u00fcvenli\u011fi standartlar\u0131n\u0131 kar\u015f\u0131lar. [\u2026]<\/p>","protected":false},"featured_media":5029,"comment_status":"open","ping_status":"closed","template":"","meta":[],"product_brand":[],"product_cat":[95],"product_tag":[],"class_list":{"0":"post-5022","1":"product","2":"type-product","3":"status-publish","4":"has-post-thumbnail","6":"product_cat-biscuit-machine","8":"first","9":"instock","10":"shipping-taxable","11":"product-type-simple"},"_links":{"self":[{"href":"https:\/\/www.jymachinetech.com\/tr\/wp-json\/wp\/v2\/product\/5022","targetHints":{"allow":["GET"]}}],"collection":[{"href":"https:\/\/www.jymachinetech.com\/tr\/wp-json\/wp\/v2\/product"}],"about":[{"href":"https:\/\/www.jymachinetech.com\/tr\/wp-json\/wp\/v2\/types\/product"}],"replies":[{"embeddable":true,"href":"https:\/\/www.jymachinetech.com\/tr\/wp-json\/wp\/v2\/comments?post=5022"}],"version-history":[{"count":1,"href":"https:\/\/www.jymachinetech.com\/tr\/wp-json\/wp\/v2\/product\/5022\/revisions"}],"predecessor-version":[{"id":7208,"href":"https:\/\/www.jymachinetech.com\/tr\/wp-json\/wp\/v2\/product\/5022\/revisions\/7208"}],"wp:featuredmedia":[{"embeddable":true,"href":"https:\/\/www.jymachinetech.com\/tr\/wp-json\/wp\/v2\/media\/5029"}],"wp:attachment":[{"href":"https:\/\/www.jymachinetech.com\/tr\/wp-json\/wp\/v2\/media?parent=5022"}],"wp:term":[{"taxonomy":"product_brand","embeddable":true,"href":"https:\/\/www.jymachinetech.com\/tr\/wp-json\/wp\/v2\/product_brand?post=5022"},{"taxonomy":"product_cat","embeddable":true,"href":"https:\/\/www.jymachinetech.com\/tr\/wp-json\/wp\/v2\/product_cat?post=5022"},{"taxonomy":"product_tag","embeddable":true,"href":"https:\/\/www.jymachinetech.com\/tr\/wp-json\/wp\/v2\/product_tag?post=5022"}],"curies":[{"name":"wp","href":"https:\/\/api.w.org\/{rel}","templated":true}]}}