{"id":5005,"date":"2025-05-20T01:32:43","date_gmt":"2025-05-20T01:32:43","guid":{"rendered":"https:\/\/www.jymachinetech.com\/?post_type=product&#038;p=5005"},"modified":"2025-07-25T06:05:49","modified_gmt":"2025-07-25T06:05:49","slug":"small-automatic-biscuit-production-line","status":"publish","type":"product","link":"https:\/\/www.jymachinetech.com\/tr\/product\/small-automatic-biscuit-production-line\/","title":{"rendered":"Small automatic biscuit production line: 250kg\/h, 500kg\/h, 750kg\/h"},"content":{"rendered":"<p>\u00dcretim kapasitesi modellere g\u00f6re de\u011fi\u015fir: k\u00fc\u00e7\u00fck tam otomatik hatlar 100-800 kg\/s \u00fcretebilirken, b\u00fcy\u00fckleri 800-1500 kg\/s kapasiteye sahiptir. D\u00fczen, mevcut alana g\u00f6re ayarlanabilir ve gerekirse d\u00f6n\u00fc\u015f b\u00f6l\u00fcmleri eklenebilir.<\/p>\n<p>Ekipman, y\u00fcksek otomasyonlu yeni ve kompakt bir tasar\u0131ma sahiptir. Beslemeden yuvarlamaya, \u015fekillendirmeye, at\u0131k geri d\u00f6n\u00fc\u015f\u00fcm\u00fcne, kurutmaya, ya\u011f p\u00fcsk\u00fcrtmeye ve so\u011futmaya kadar s\u00fcreci tamamen otomatikle\u015ftirir.<\/p>\n<p>Farkl\u0131 t\u00fcrde bisk\u00fcviler \u00fcretebilir, yumu\u015fak ve sert olanlar dahil. Kal\u0131plar\u0131 de\u011fi\u015ftirerek ve tarifleri ayarlayarak, krema, sandvi\u00e7, soda, hayvan \u015fekilli ve sebze bisk\u00fcvileri gibi pop\u00fcler premium bisk\u00fcviler olu\u015fturabilir.<\/p>\n<p>Jy \u015eirketi, m\u00fc\u015fterilere geni\u015f bir kal\u0131p ve i\u015fleme form\u00fcl\u00fc yelpazesi sunar.<\/p>\n<table>\n<tbody>\n<tr>\n<td>Model\uff08<strong>k\u00fc\u00e7\u00fck ve orta<\/strong>\uff09<\/td>\n<td>JYB-280<\/td>\n<td>JYB-400<\/td>\n<td>JYB-600<\/td>\n<td>JYB-800<\/td>\n<\/tr>\n<tr>\n<td>\u00dcretim kapasitesi(kg\/s)<\/td>\n<td>100<\/td>\n<td>250<\/td>\n<td>500<\/td>\n<td>750<\/td>\n<\/tr>\n<tr>\n<td>F\u0131r\u0131n Uzunlu\u011fu(m)<\/td>\n<td>16<\/td>\n<td>28<\/td>\n<td>40<\/td>\n<td>40<\/td>\n<\/tr>\n<tr>\n<td>Fabrika alan\u0131 gereksinimi(m)<\/td>\n<td>5&#215;25<\/td>\n<td>10&#215;40<\/td>\n<td>15&#215;50<\/td>\n<td>15&#215;50<\/td>\n<\/tr>\n<tr>\n<td>Pi\u015firme s\u0131cakl\u0131\u011f\u0131(\u00b0C)<\/td>\n<td>190-240\u00b0C<\/td>\n<td>190-240\u00b0C<\/td>\n<td>190-240\u00b0C<\/td>\n<td>190-240\u00b0C<\/td>\n<\/tr>\n<tr>\n<td>T\u00fcm hat g\u00fc\u00e7(kW)<\/td>\n<td>80<\/td>\n<td>90<\/td>\n<td>300<\/td>\n<td>400<\/td>\n<\/tr>\n<tr>\n<td>LPG F\u0131r\u0131n(kg\/s)<\/td>\n<td>10<\/td>\n<td>20<\/td>\n<td>35<\/td>\n<td>45<\/td>\n<\/tr>\n<tr>\n<td>T\u00fcm hat a\u011f\u0131rl\u0131\u011f\u0131(kg)<\/td>\n<td>6000<\/td>\n<td>12000<\/td>\n<td>20000<\/td>\n<td>28000<\/td>\n<\/tr>\n<\/tbody>\n<\/table>\n<p>Kapasite :<\/p>\n<p><img fetchpriority=\"high\" decoding=\"async\" width=\"1030\" height=\"472\" class=\"wp-image-5006\" src=\"https:\/\/www.jymachinetech.com\/wp-content\/uploads\/2025\/05\/60168b76457e04baec2ab46a0d91174.jpeg\" alt=\"60168b76457e04baec2ab46a0d91174\" srcset=\"https:\/\/www.jymachinetech.com\/wp-content\/uploads\/2025\/05\/60168b76457e04baec2ab46a0d91174.jpeg 1030w, https:\/\/www.jymachinetech.com\/wp-content\/uploads\/2025\/05\/60168b76457e04baec2ab46a0d91174-18x8.jpeg 18w, https:\/\/www.jymachinetech.com\/wp-content\/uploads\/2025\/05\/60168b76457e04baec2ab46a0d91174-600x275.jpeg 600w\" sizes=\"(max-width: 1030px) 100vw, 1030px\" \/><\/p>\n<p><strong>Un kar\u0131\u015ft\u0131r\u0131c\u0131:<\/strong><\/p>\n<p>Un kar\u0131\u015ft\u0131r\u0131c\u0131, unu \u015feker ve kabartma tozu gibi di\u011fer kuru malzemelerle kar\u0131\u015ft\u0131rmak i\u00e7in kullan\u0131l\u0131r, homojen kuru kar\u0131\u015f\u0131m olu\u015fturarak bisk\u00fcvi \u00fcretimi i\u00e7in temel sa\u011flar.<\/p>\n<p><img decoding=\"async\" width=\"258\" height=\"258\" class=\"wp-image-5007\" src=\"https:\/\/www.jymachinetech.com\/wp-content\/uploads\/2025\/05\/word-image-5005-2.png\" alt=\"\" srcset=\"https:\/\/www.jymachinetech.com\/wp-content\/uploads\/2025\/05\/word-image-5005-2.png 258w, https:\/\/www.jymachinetech.com\/wp-content\/uploads\/2025\/05\/word-image-5005-2-12x12.png 12w, https:\/\/www.jymachinetech.com\/wp-content\/uploads\/2025\/05\/word-image-5005-2-100x100.png 100w\" sizes=\"(max-width: 258px) 100vw, 258px\" \/><\/p>\n<p><strong>Hamur kesme ve konvey\u00f6r:<\/strong><\/p>\n<p>Bu bile\u015fen, hamuru uniform par\u00e7alara ay\u0131r\u0131r ve \u00fcretimin bir sonraki a\u015famas\u0131na ta\u015f\u0131r, tutarl\u0131 boyut ve verimli i\u015f ak\u0131\u015f\u0131 sa\u011flar.<\/p>\n<p><img decoding=\"async\" width=\"693\" height=\"520\" class=\"wp-image-5008\" src=\"https:\/\/www.jymachinetech.com\/wp-content\/uploads\/2025\/05\/word-image-5005-3.png\" alt=\"\" srcset=\"https:\/\/www.jymachinetech.com\/wp-content\/uploads\/2025\/05\/word-image-5005-3.png 693w, https:\/\/www.jymachinetech.com\/wp-content\/uploads\/2025\/05\/word-image-5005-3-16x12.png 16w, https:\/\/www.jymachinetech.com\/wp-content\/uploads\/2025\/05\/word-image-5005-3-600x450.png 600w\" sizes=\"(max-width: 693px) 100vw, 693px\" \/> <img loading=\"lazy\" decoding=\"async\" width=\"361\" height=\"377\" class=\"wp-image-5009\" src=\"https:\/\/www.jymachinetech.com\/wp-content\/uploads\/2025\/05\/2023-08-15-9-27-28.png\" alt=\"Ekran G\u00f6r\u00fcnt\u00fcs\u00fc 2023-08-15 09.27.28\" srcset=\"https:\/\/www.jymachinetech.com\/wp-content\/uploads\/2025\/05\/2023-08-15-9-27-28.png 361w, https:\/\/www.jymachinetech.com\/wp-content\/uploads\/2025\/05\/2023-08-15-9-27-28-11x12.png 11w\" sizes=\"(max-width: 361px) 100vw, 361px\" \/><\/p>\n<p><strong>D\u00f6nen kal\u0131plama makinesi (yumu\u015fak bisk\u00fcvi):<br \/>\n<\/strong> D\u00f6nen kal\u0131plama, yumu\u015fak bisk\u00fcvi hamurunu istenen \u015fekillere d\u00f6nd\u00fcrerek \u015fekillendirir, tek tip ve d\u00fczg\u00fcn \u015fekilli yumu\u015fak bisk\u00fcviler \u00fcretmek i\u00e7in idealdir.<\/p>\n<p><img loading=\"lazy\" decoding=\"async\" width=\"649\" height=\"433\" class=\"wp-image-5010\" src=\"https:\/\/www.jymachinetech.com\/wp-content\/uploads\/2025\/05\/img_2752.jpeg\" alt=\"IMG_2752\" srcset=\"https:\/\/www.jymachinetech.com\/wp-content\/uploads\/2025\/05\/img_2752.jpeg 649w, https:\/\/www.jymachinetech.com\/wp-content\/uploads\/2025\/05\/img_2752-18x12.jpeg 18w, https:\/\/www.jymachinetech.com\/wp-content\/uploads\/2025\/05\/img_2752-600x400.jpeg 600w\" sizes=\"(max-width: 649px) 100vw, 649px\" \/><\/p>\n<p><strong>D\u00f6nen kesici (sert hamur bisk\u00fcvi):<br \/>\n<\/strong> Sert hamur bisk\u00fcvileri i\u00e7in tasarlanm\u0131\u015f bu ekipman, hamuru hassas ve uniform \u015fekillere keser, temiz kenarlar ve tutarl\u0131 \u00fcr\u00fcn kalitesi sa\u011flar.<\/p>\n<p><strong><img loading=\"lazy\" decoding=\"async\" width=\"640\" height=\"543\" class=\"wp-image-5011\" src=\"https:\/\/www.jymachinetech.com\/wp-content\/uploads\/2025\/05\/cc1b17952468b6816fb542cf1bbd773.jpeg\" alt=\"cc1b17952468b6816fb542cf1bbd773\" srcset=\"https:\/\/www.jymachinetech.com\/wp-content\/uploads\/2025\/05\/cc1b17952468b6816fb542cf1bbd773.jpeg 640w, https:\/\/www.jymachinetech.com\/wp-content\/uploads\/2025\/05\/cc1b17952468b6816fb542cf1bbd773-14x12.jpeg 14w, https:\/\/www.jymachinetech.com\/wp-content\/uploads\/2025\/05\/cc1b17952468b6816fb542cf1bbd773-600x509.jpeg 600w\" sizes=\"(max-width: 640px) 100vw, 640px\" \/><\/strong><\/p>\n<p><strong>Tuz ve \u015feker serpi\u015ftirme:<\/strong><\/p>\n<p>Bu makine, hamur par\u00e7alar\u0131na tuz ve \u015feker e\u015fit \u015fekilde da\u011f\u0131tarak lezzeti art\u0131r\u0131r ve pi\u015firmeden \u00f6nce son dokunu\u015fu sa\u011flar.<\/p>\n<p><img loading=\"lazy\" decoding=\"async\" width=\"592\" height=\"289\" class=\"wp-image-5012\" src=\"https:\/\/www.jymachinetech.com\/wp-content\/uploads\/2025\/05\/1747017655252.png\" alt=\"1747017655252\" srcset=\"https:\/\/www.jymachinetech.com\/wp-content\/uploads\/2025\/05\/1747017655252.png 592w, https:\/\/www.jymachinetech.com\/wp-content\/uploads\/2025\/05\/1747017655252-18x9.png 18w\" sizes=\"(max-width: 592px) 100vw, 592px\" \/><\/p>\n<p><strong>T\u00fcnel F\u0131r\u0131n:<\/strong><\/p>\n<p>Elektrikli veya LPG veya dizel ile donat\u0131lm\u0131\u015f t\u00fcnel f\u0131r\u0131n, kurabiyeleri konvey\u00f6r band\u0131 \u00fczerinde hareket ederken pi\u015firir, e\u015fit pi\u015firme ve verimli \u00fcretim sa\u011flar.<\/p>\n<p><strong><img loading=\"lazy\" decoding=\"async\" width=\"713\" height=\"535\" class=\"wp-image-5013\" src=\"https:\/\/www.jymachinetech.com\/wp-content\/uploads\/2025\/05\/35c9d21670375e51e5c2d38138c52b1.jpeg\" alt=\"35c9d21670375e51e5c2d38138c52b1\" srcset=\"https:\/\/www.jymachinetech.com\/wp-content\/uploads\/2025\/05\/35c9d21670375e51e5c2d38138c52b1.jpeg 713w, https:\/\/www.jymachinetech.com\/wp-content\/uploads\/2025\/05\/35c9d21670375e51e5c2d38138c52b1-16x12.jpeg 16w, https:\/\/www.jymachinetech.com\/wp-content\/uploads\/2025\/05\/35c9d21670375e51e5c2d38138c52b1-600x450.jpeg 600w\" sizes=\"(max-width: 713px) 100vw, 713px\" \/><\/strong><\/p>\n<p><strong>180o D\u00f6n\u00fc\u015f\uff1a<\/strong><\/p>\n<p>180\/90 derece d\u00f6n\u00fc\u015f mekanizmas\u0131, kurabiyelerin konvey\u00f6r band\u0131nda verimli bir \u015fekilde yeniden d\u00fczenlenmesine olanak tan\u0131r, farkl\u0131 \u00fcretim a\u015famalar\u0131 aras\u0131nda sorunsuz ge\u00e7i\u015fleri kolayla\u015ft\u0131r\u0131r.<\/p>\n<p><img loading=\"lazy\" decoding=\"async\" width=\"728\" height=\"485\" class=\"wp-image-5014\" src=\"https:\/\/www.jymachinetech.com\/wp-content\/uploads\/2025\/05\/img_3066.jpeg\" alt=\"IMG_3066\" srcset=\"https:\/\/www.jymachinetech.com\/wp-content\/uploads\/2025\/05\/img_3066.jpeg 728w, https:\/\/www.jymachinetech.com\/wp-content\/uploads\/2025\/05\/img_3066-18x12.jpeg 18w, https:\/\/www.jymachinetech.com\/wp-content\/uploads\/2025\/05\/img_3066-600x400.jpeg 600w\" sizes=\"(max-width: 728px) 100vw, 728px\" \/><\/p>\n<p><strong>Kurabiye istifleme\uff1a<\/strong><\/p>\n<p>Bu ekipman, pi\u015fmi\u015f kurabiyeleri verimli bir \u015fekilde istifler, onlar\u0131 paketleme veya daha ileri i\u015flemler gibi sonraki s\u00fcre\u00e7lere haz\u0131rlar.<\/p>\n<p><strong><img loading=\"lazy\" decoding=\"async\" width=\"1920\" height=\"1280\" class=\"wp-image-5015\" src=\"https:\/\/www.jymachinetech.com\/wp-content\/uploads\/2025\/05\/img_3064-1-scaled.jpeg\" alt=\"IMG_3064&#039;nin kopyas\u0131\" srcset=\"https:\/\/www.jymachinetech.com\/wp-content\/uploads\/2025\/05\/img_3064-1-scaled.jpeg 1920w, https:\/\/www.jymachinetech.com\/wp-content\/uploads\/2025\/05\/img_3064-1-scaled-18x12.jpeg 18w, https:\/\/www.jymachinetech.com\/wp-content\/uploads\/2025\/05\/img_3064-1-scaled-600x400.jpeg 600w\" sizes=\"(max-width: 1920px) 100vw, 1920px\" \/><\/strong><\/p>\n<p><strong>Krema Kurabiye Sandvi\u00e7leme Makinesi\uff1a<\/strong><\/p>\n<p>\u0130ki kat kurabiye aras\u0131na krema doldurur, sandvi\u00e7 kurabiyeleri olu\u015fturur ve krema uygulamas\u0131n\u0131 hassas yaparak lezzetli, e\u015fit doldurulmu\u015f \u00fcr\u00fcn sa\u011flar.<\/p>\n<p><strong><img loading=\"lazy\" decoding=\"async\" width=\"636\" height=\"411\" class=\"wp-image-5016\" src=\"https:\/\/www.jymachinetech.com\/wp-content\/uploads\/2025\/05\/1747018083437-1.png\" alt=\"1747018083437\" srcset=\"https:\/\/www.jymachinetech.com\/wp-content\/uploads\/2025\/05\/1747018083437-1.png 636w, https:\/\/www.jymachinetech.com\/wp-content\/uploads\/2025\/05\/1747018083437-1-18x12.png 18w, https:\/\/www.jymachinetech.com\/wp-content\/uploads\/2025\/05\/1747018083437-1-600x388.png 600w\" sizes=\"(max-width: 636px) 100vw, 636px\" \/><\/strong><\/p>\n<p><strong>Soru ve Cevap<\/strong><\/p>\n<h2><strong>1. Yumu\u015fak bisk\u00fcvi ile sert bisk\u00fcvi aras\u0131ndaki fark nedir?<\/strong><\/h2>\n<p>Kek k\u0131r\u0131nt\u0131l\u0131 bir dokuya sahip bir bisk\u00fcvi t\u00fcr\u00fcd\u00fcr, oysa sert bisk\u00fcvi daha sert bir dokuya sahiptir ve \u00e7i\u011fnemeye kar\u015f\u0131 daha diren\u00e7lidir. Kek genellikle daha y\u00fcksek ya\u011f ve \u015feker i\u00e7eri\u011fine sahip olup, daha k\u0131r\u0131nt\u0131l\u0131 bir yap\u0131 sa\u011flar. Sert bisk\u00fcvi ise daha d\u00fc\u015f\u00fck ya\u011f ve \u015feker i\u00e7eri\u011fine sahip olup, daha sert bir dokuya neden olur. Kek y\u00fczeyi genellikle kabar\u0131k desenlere sahipken, sert bisk\u00fcvi genellikle \u00e7ukur yuvarlak deliklere ve daha p\u00fcr\u00fczs\u00fcz g\u00f6r\u00fcn\u00fcme sahiptir.<\/p>\n<h2><strong>2. Kurabiye nedir?<\/strong><\/h2>\n<p>Kurabiye, genellikle tatl\u0131 olan ve un, \u015feker, tereya\u011f\u0131 gibi \u00e7e\u015fitli malzemelerden yap\u0131labilen k\u00fc\u00e7\u00fck, d\u00fcz pi\u015fmi\u015f hamur i\u015fidir. Kurabiyelerin farkl\u0131 dokular\u0131 ve tatlar\u0131 olabilir; yumu\u015fak ve \u00e7i\u011fnenebilirden, \u00e7\u0131t\u0131r ve tereya\u011fl\u0131ya kadar \u00e7e\u015fitlilik g\u00f6sterir.<\/p>\n<h2><strong>3. Bisk\u00fcvi ana t\u00fcrleri nelerdir?<\/strong><\/h2>\n<p>Bisk\u00fcviler genel olarak birka\u00e7 t\u00fcre ayr\u0131labilir: sert bisk\u00fcvi, yumu\u015fak bisk\u00fcvi, soda bisk\u00fcvileri ve wafler. Yumu\u015fak bisk\u00fcvi daha sert bir dokuya sahip olup, \u00e7i\u011fnemeye kar\u015f\u0131 daha diren\u00e7lidir, yumu\u015fak bisk\u00fcvi k\u0131r\u0131nt\u0131l\u0131 bir dokuya sahiptir, soda bisk\u00fcvileri fermente hamurdan yap\u0131l\u0131r ve belirgin fermente aromas\u0131 vard\u0131r, wafler ise hafif ve g\u00f6zeneklidir, daha az \u015feker ve ya\u011f i\u00e7erir.<\/p>\n<h2><strong>4. Hangi t\u00fcr f\u0131r\u0131nlar mevcuttur?<\/strong><\/h2>\n<p><strong><strong>D\u00f6ner Rafl\u0131 F\u0131r\u0131nlar<\/strong><\/strong>: Y\u00fcksek hacimli pi\u015firme i\u015flemleri i\u00e7in tasarlanm\u0131\u015f olup, e\u015fit pi\u015firme sa\u011flamak amac\u0131yla d\u00f6ner raf sistemi kullan\u0131r.<\/p>\n<p><strong><strong>T\u00fcnel F\u0131r\u0131nlar<\/strong><\/strong>: S\u00fcrekli, y\u00fcksek hacimli \u00fcretim i\u00e7in \u00f6zel f\u0131r\u0131nlar. \u00dcr\u00fcnler konvey\u00f6r band\u0131 \u00fczerinde f\u0131r\u0131n i\u00e7inde hareket eder.<\/p>\n<h2><strong>5. Ka\u00e7 t\u00fcr t\u00fcnel f\u0131r\u0131n\u0131n\u0131z var? T\u00fcnel f\u0131r\u0131nlar\u0131n enerji kaynaklar\u0131 nelerdir?<\/strong><\/h2>\n<h3><strong>Elektrik<\/strong><\/h3>\n<p>Elektrikli t\u00fcnel f\u0131r\u0131nlar Joule etkisiyle \u0131s\u0131 \u00fcretir. Kullan\u0131m\u0131 ve bak\u0131m\u0131 basittir, farkl\u0131 b\u00f6lgeleri farkl\u0131 s\u0131cakl\u0131klara \u0131s\u0131tabilirler. Y\u00fcksek verimlidir, emisyonu yoktur ve hassas s\u0131cakl\u0131k kontrol\u00fc sa\u011flar.<\/p>\n<p>K\u0131z\u0131l\u00f6tesi teknoloji, f\u0131r\u0131nlarda kullan\u0131labilir ve gaz veya elektrikle \u00e7al\u0131\u015ft\u0131r\u0131labilir. Termal enerjiyi elektromanyetik dalgalar \u015feklinde aktar\u0131r ve y\u00fczey k\u0131zartmas\u0131, kurutma, k\u00fcrleme ve \u00fcr\u00fcn \u00fczeri kaplamalar\u0131n eritilmesi gibi i\u015flemler i\u00e7in etkilidir.<\/p>\n<h3><strong>Do\u011fal Gaz<\/strong><\/h3>\n<p>Do\u011fal gaz, t\u00fcnel f\u0131r\u0131nlar i\u00e7in en yayg\u0131n enerji kaynaklar\u0131ndan biridir. \u0130yi s\u0131cakl\u0131k kontrol\u00fc, esneklik sa\u011flar ve temiz, hijyenik bir \u015fekilde \u00e7al\u0131\u015f\u0131r.<\/p>\n<p>LPG ta\u015f\u0131nabilir ve \u00e7ok y\u00f6nl\u00fcd\u00fcr, do\u011fal gaz altyap\u0131s\u0131n\u0131n olmad\u0131\u011f\u0131 alanlar i\u00e7in uygundur. Do\u011fal gazdan daha y\u00fcksek enerji yo\u011funlu\u011funa sahiptir ve s\u0131cakl\u0131k kontrol\u00fc ile esneklik a\u00e7\u0131s\u0131ndan benzer avantajlar sunar.<\/p>\n<p>Gazl\u0131 f\u0131r\u0131nlar\u0131n ba\u015flang\u0131\u00e7 maliyeti elektrikli f\u0131r\u0131nlardan daha y\u00fcksek olabilir, ancak d\u00fc\u015f\u00fck i\u015fletme maliyetleri ve h\u0131zl\u0131 \u0131s\u0131nma sa\u011flarlar.<\/p>\n<h3><strong>Dizel Yak\u0131t<\/strong><\/h3>\n<p>Dizel yak\u0131t daha az yayg\u0131nd\u0131r ancak do\u011fal gaz veya LPG'nin bulunmad\u0131\u011f\u0131 b\u00f6lgelerde kullan\u0131labilir.<\/p>\n<p>Yak\u0131t ya\u011f\u0131 bazen do\u011fal gaz veya LPG'nin bulunmad\u0131\u011f\u0131 alanlarda kullan\u0131l\u0131r. G\u00f6receli olarak ucuzdur ancak do\u011fal gaz veya LPG'ye k\u0131yasla daha y\u00fcksek emisyonlar \u00fcretir.<\/p>\n<h3><strong>Hibrit<\/strong><\/h3>\n<p>Hibrit t\u00fcnel f\u0131r\u0131nlar, do\u011frudan yanmal\u0131 konveksiyon ve dolayl\u0131 konveksiyon gibi farkl\u0131 \u0131s\u0131tma teknolojilerini birle\u015ftirir ve tek bir makinede birden fazla \u0131s\u0131tma y\u00f6nteminin avantajlar\u0131n\u0131 sunar. Bu, daha fazla esneklik ve daha iyi \u00fcr\u00fcn kalitesi sa\u011flar.<\/p>\n<ol>\n<li><strong>Makineler i\u00e7in alan gereksinimi nedir?<\/strong><\/li>\n<\/ol>\n<table>\n<tbody>\n<tr>\n<td>Model\uff08<strong>k\u00fc\u00e7\u00fck ve orta<\/strong>\uff09<\/td>\n<td>JYB-280<\/td>\n<td>JYB-400<\/td>\n<td>JYB-600<\/td>\n<td>JYB-800<\/td>\n<\/tr>\n<tr>\n<td>\u00dcretim kapasitesi(kg\/s)<\/td>\n<td>100<\/td>\n<td>250<\/td>\n<td>500<\/td>\n<td>50<\/td>\n<\/tr>\n<tr>\n<td>F\u0131r\u0131n Uzunlu\u011fu(m)<\/td>\n<td>16<\/td>\n<td>28<\/td>\n<td>40<\/td>\n<td>40<\/td>\n<\/tr>\n<tr>\n<td>Fabrika alan\u0131 gereksinimi(m)<\/td>\n<td>5&#215;25<\/td>\n<td>10&#215;40<\/td>\n<td>15&#215;50<\/td>\n<td>15&#215;50<\/td>\n<\/tr>\n<\/tbody>\n<\/table>\n<p><strong>Junyu, daha fazla kapasite ve daha b\u00fcy\u00fck makine se\u00e7ene\u011fi sunar.<\/strong><\/p>\n<p>&nbsp;<\/p>","protected":false},"excerpt":{"rendered":"<p>The fully automatic biscuit production line consists of a dough mixer, forming machine (roll cutting, roller printing), tunnel oven (electric\/gas heating), oil sprayer, turning machine (not required if factory space is sufficient), cooling conveyor, biscuit finishing machine, filling machine, and packaging machine. The tunnel oven offers various heating options, including electricity, gas, and thermal oil, catering to customer preferences.<\/p>","protected":false},"featured_media":5020,"comment_status":"open","ping_status":"closed","template":"","meta":[],"product_brand":[],"product_cat":[95],"product_tag":[],"class_list":{"0":"post-5005","1":"product","2":"type-product","3":"status-publish","4":"has-post-thumbnail","6":"product_cat-biscuit-machine","8":"first","9":"instock","10":"shipping-taxable","11":"product-type-simple"},"_links":{"self":[{"href":"https:\/\/www.jymachinetech.com\/tr\/wp-json\/wp\/v2\/product\/5005","targetHints":{"allow":["GET"]}}],"collection":[{"href":"https:\/\/www.jymachinetech.com\/tr\/wp-json\/wp\/v2\/product"}],"about":[{"href":"https:\/\/www.jymachinetech.com\/tr\/wp-json\/wp\/v2\/types\/product"}],"replies":[{"embeddable":true,"href":"https:\/\/www.jymachinetech.com\/tr\/wp-json\/wp\/v2\/comments?post=5005"}],"version-history":[{"count":2,"href":"https:\/\/www.jymachinetech.com\/tr\/wp-json\/wp\/v2\/product\/5005\/revisions"}],"predecessor-version":[{"id":6085,"href":"https:\/\/www.jymachinetech.com\/tr\/wp-json\/wp\/v2\/product\/5005\/revisions\/6085"}],"wp:featuredmedia":[{"embeddable":true,"href":"https:\/\/www.jymachinetech.com\/tr\/wp-json\/wp\/v2\/media\/5020"}],"wp:attachment":[{"href":"https:\/\/www.jymachinetech.com\/tr\/wp-json\/wp\/v2\/media?parent=5005"}],"wp:term":[{"taxonomy":"product_brand","embeddable":true,"href":"https:\/\/www.jymachinetech.com\/tr\/wp-json\/wp\/v2\/product_brand?post=5005"},{"taxonomy":"product_cat","embeddable":true,"href":"https:\/\/www.jymachinetech.com\/tr\/wp-json\/wp\/v2\/product_cat?post=5005"},{"taxonomy":"product_tag","embeddable":true,"href":"https:\/\/www.jymachinetech.com\/tr\/wp-json\/wp\/v2\/product_tag?post=5005"}],"curies":[{"name":"wp","href":"https:\/\/api.w.org\/{rel}","templated":true}]}}