{"id":4997,"date":"2025-05-20T01:24:34","date_gmt":"2025-05-20T01:24:34","guid":{"rendered":"https:\/\/www.jymachinetech.com\/?post_type=product&#038;p=4997"},"modified":"2025-05-20T01:26:53","modified_gmt":"2025-05-20T01:26:53","slug":"digestive-biscuit-production-line","status":"publish","type":"product","link":"https:\/\/www.jymachinetech.com\/tr\/product\/digestive-biscuit-production-line\/","title":{"rendered":"Digestive Biscuit Production Line: 250kg\/h, 500kg\/h, 750kg\/h, 1000kg\/h, 1500kg\/h"},"content":{"rendered":"<p>Yumu\u015fak bisk\u00fcviler, ya\u011f, d\u00fc\u015f\u00fck glutenli un ve \u015feker kullan\u0131larak yap\u0131lan bir t\u00fcr bisk\u00fcvidir. Bu t\u00fcr bisk\u00fcvinin p\u00fcr\u00fczs\u00fcz bir tad\u0131 vard\u0131r, hamur haz\u0131rlama s\u0131ras\u0131nda daha az gluten i\u00e7erir ve iyi plastiklik ve yap\u0131\u015fkanl\u0131k sa\u011flar. Bu nedenle, Junyu m\u00fc\u015fterilere, bisk\u00fcvilerin desen ve ilgisini art\u0131rabilecek silindirik bask\u0131 makineleri kullanmalar\u0131n\u0131 \u00f6nerir. Tipik yumu\u015fak bisk\u00fcviler Oreo, Digestive, karamel tereya\u011fl\u0131 bisk\u00fcviler, yulaf ezmesi bisk\u00fcvileri vb. Makine prensibi: Yatay hamur kar\u0131\u015ft\u0131rma sonras\u0131. Hamur do\u011frudan \u015fekillendirme makinesine ta\u015f\u0131n\u0131r ve silindirik bask\u0131 yap\u0131l\u0131r, kay\u0131\u015f alt\u0131nda \u015fekilleri yakalamaya yard\u0131mc\u0131 olan bir kau\u00e7uk silindir bulunur. Ham bisk\u00fcvi, tuz ve \u015feker sericiye do\u011frudan ge\u00e7ebilir ve ard\u0131ndan pi\u015firme i\u00e7in f\u0131r\u0131na girer. Genellikle, gereken pi\u015firme s\u00fcresi sert bisk\u00fcviye g\u00f6re daha k\u0131sad\u0131r.<\/p>\n<table>\n<tbody>\n<tr>\n<td>cURL Too many subrequests.<\/td>\n<td>JYB-280<\/td>\n<td>JYB-400<\/td>\n<td>JYB-600<\/td>\n<td>JYB-800<\/td>\n<td>JYB-1000<\/td>\n<td>JYB-1200<\/td>\n<td>JYB-1500<\/td>\n<td>Not<\/td>\n<\/tr>\n<tr>\n<td>\u00dcretim kapasitesi(kg\/s)<\/td>\n<td>0<\/td>\n<td>250<\/td>\n<td>500<\/td>\n<td>750<\/td>\n<td>1000<\/td>\n<td>1250<\/td>\n<td>1500<\/td>\n<td>\u00d6zelle\u015ftirilmi\u015f kapasite<\/td>\n<\/tr>\n<tr>\n<td>F\u0131r\u0131n Uzunlu\u011fu(m)<\/td>\n<td>16<\/td>\n<td>28<\/td>\n<td>40<\/td>\n<td>40<\/td>\n<td>60<\/td>\n<td>50<\/td>\n<td>70<\/td>\n<td>Ba\u011fl\u0131d\u0131r<\/td>\n<\/tr>\n<tr>\n<td>Toplam uzunluk(m)<\/td>\n<td>29.6<\/td>\n<td>64.5<\/td>\n<td>85.5<\/td>\n<td>92.5<\/td>\n<td>125<\/td>\n<td>125<\/td>\n<td>150<\/td>\n<td>U d\u00f6n\u00fc\u015f\u00fc konvey\u00f6r\u00fc yoksa<\/td>\n<\/tr>\n<tr>\n<td>Pi\u015firme s\u0131cakl\u0131\u011f\u0131(\u00b0C)<\/td>\n<td>190-240\u00b0C<\/td>\n<td>190-240\u00b0C<\/td>\n<td>190-240\u00b0C<\/td>\n<td>190-240\u00b0C<\/td>\n<td>190-240\u00b0C<\/td>\n<td>190-240\u00b0C<\/td>\n<td>190-240\u00b0C<\/td>\n<td>Ba\u011fl\u0131d\u0131r<\/td>\n<\/tr>\n<tr>\n<td>T\u00fcm hat g\u00fc\u00e7(kW)<\/td>\n<td>80<\/td>\n<td>90<\/td>\n<td>300<\/td>\n<td>400<\/td>\n<td>00<\/td>\n<td>800<\/td>\n<td>900<\/td>\n<td>Elektrikli F\u0131r\u0131n Kullan\u0131l\u0131rsa<\/td>\n<\/tr>\n<tr>\n<td>LPG F\u0131r\u0131n(kg\/s)<\/td>\n<td>10<\/td>\n<td>20<\/td>\n<td>35<\/td>\n<td>45<\/td>\n<td>60<\/td>\n<td>70<\/td>\n<td>80<\/td>\n<td>LPG F\u0131r\u0131n Kullan\u0131l\u0131rsa<\/td>\n<\/tr>\n<tr>\n<td>T\u00fcm hat a\u011f\u0131rl\u0131\u011f\u0131(kg)<\/td>\n<td>6000<\/td>\n<td>12000<\/td>\n<td>20000<\/td>\n<td>28000<\/td>\n<td>35000<\/td>\n<td>45000<\/td>\n<td>55000<\/td>\n<td>Yakla\u015f\u0131k<\/td>\n<\/tr>\n<\/tbody>\n<\/table>\n<h2><strong>\u00dcretim S\u00fcreci<\/strong><\/h2>\n<h3><strong>Hammadde Haz\u0131rl\u0131\u011f\u0131<\/strong><\/h3>\n<p>\u00dcretim s\u00fcreci, un, \u015feker, ya\u011flar ve su gibi hammaddelerin haz\u0131rlanmas\u0131yla ba\u015flar. Bu malzemeler, homojen bir hamur olu\u015fturmak i\u00e7in hamur kar\u0131\u015ft\u0131r\u0131c\u0131da kar\u0131\u015ft\u0131r\u0131l\u0131r.<\/p>\n<h3><strong>Hamur Kar\u0131\u015ft\u0131rma<\/strong><\/h3>\n<p><img fetchpriority=\"high\" decoding=\"async\" width=\"431\" height=\"574\" class=\"wp-image-4998\" src=\"https:\/\/www.jymachinetech.com\/wp-content\/uploads\/2025\/05\/b71102bb3a0582ca8c2c330212448a9.jpeg\" alt=\"b71102bb3a0582ca8c2c330212448a9\" srcset=\"https:\/\/www.jymachinetech.com\/wp-content\/uploads\/2025\/05\/b71102bb3a0582ca8c2c330212448a9.jpeg 431w, https:\/\/www.jymachinetech.com\/wp-content\/uploads\/2025\/05\/b71102bb3a0582ca8c2c330212448a9-9x12.jpeg 9w\" sizes=\"(max-width: 431px) 100vw, 431px\" \/><\/p>\n<p>Y\u00fcksek verimli bir hamur kar\u0131\u015ft\u0131r\u0131c\u0131, hamurun e\u015fit \u015fekilde kar\u0131\u015fmas\u0131n\u0131 sa\u011flar. Bu ad\u0131m, kurabiyelerin do\u011fru k\u0131vam ve dokuya ula\u015fmas\u0131 i\u00e7in \u00e7ok \u00f6nemlidir.<\/p>\n<h3><strong>Kurabiye \u015eekillendirme<\/strong><\/h3>\n<h3><strong><img decoding=\"async\" width=\"1920\" height=\"1440\" class=\"wp-image-4999\" src=\"https:\/\/www.jymachinetech.com\/wp-content\/uploads\/2025\/05\/6ab6-b9e3cf8a621896d4f44673235a263219-scaled.jpeg\" alt=\"6ab6-b9e3cf8a621896d4f44673235a263219\" srcset=\"https:\/\/www.jymachinetech.com\/wp-content\/uploads\/2025\/05\/6ab6-b9e3cf8a621896d4f44673235a263219-scaled.jpeg 1920w, https:\/\/www.jymachinetech.com\/wp-content\/uploads\/2025\/05\/6ab6-b9e3cf8a621896d4f44673235a263219-scaled-16x12.jpeg 16w, https:\/\/www.jymachinetech.com\/wp-content\/uploads\/2025\/05\/6ab6-b9e3cf8a621896d4f44673235a263219-scaled-600x450.jpeg 600w\" sizes=\"(max-width: 1920px) 100vw, 1920px\" \/><\/strong><\/h3>\n<p>D\u00f6ner kal\u0131plama makinesi, hamur levhalar\u0131n\u0131 istenilen kurabiye \u015fekillerine \u015fekillendirir. Kal\u0131plama makinesinin kal\u0131plar\u0131, klasik sindirilebilir kurabiye \u015fekli de dahil olmak \u00fczere \u00e7e\u015fitli \u015fekiller yaratacak \u015fekilde tasarlanm\u0131\u015ft\u0131r.<\/p>\n<h3><strong>T\u00fcnel F\u0131r\u0131n<\/strong><\/h3>\n<p><img decoding=\"async\" width=\"1000\" height=\"686\" class=\"wp-image-5000\" src=\"https:\/\/www.jymachinetech.com\/wp-content\/uploads\/2025\/05\/5fdd3d259d255d17ae7545a8f241dd9.jpeg\" alt=\"5fdd3d259d255d17ae7545a8f241dd9\" srcset=\"https:\/\/www.jymachinetech.com\/wp-content\/uploads\/2025\/05\/5fdd3d259d255d17ae7545a8f241dd9.jpeg 1000w, https:\/\/www.jymachinetech.com\/wp-content\/uploads\/2025\/05\/5fdd3d259d255d17ae7545a8f241dd9-18x12.jpeg 18w, https:\/\/www.jymachinetech.com\/wp-content\/uploads\/2025\/05\/5fdd3d259d255d17ae7545a8f241dd9-600x412.jpeg 600w\" sizes=\"(max-width: 1000px) 100vw, 1000px\" \/> Kurabiyeler, elektrik ve gaz dahil olmak \u00fczere \u00e7e\u015fitli \u0131s\u0131tma se\u00e7enekleri sunan t\u00fcnel f\u0131r\u0131nda pi\u015firilir. F\u0131r\u0131n\u0131n ak\u0131ll\u0131 s\u0131cakl\u0131k kontrol\u00fc, e\u015fit pi\u015firme ve tutarl\u0131 \u00fcr\u00fcn sa\u011flar.<\/p>\n<h3><strong>Spreyleme Sistemi<\/strong><\/h3>\n<p><img loading=\"lazy\" decoding=\"async\" width=\"349\" height=\"231\" class=\"wp-image-5001\" src=\"https:\/\/www.jymachinetech.com\/wp-content\/uploads\/2025\/05\/word-image-4997-4.png\" alt=\"\" srcset=\"https:\/\/www.jymachinetech.com\/wp-content\/uploads\/2025\/05\/word-image-4997-4.png 349w, https:\/\/www.jymachinetech.com\/wp-content\/uploads\/2025\/05\/word-image-4997-4-18x12.png 18w\" sizes=\"(max-width: 349px) 100vw, 349px\" \/><\/p>\n<p>Pi\u015firmenin ard\u0131ndan, bir spreyleme sistemi kurabiyelere bir ya\u011f tabakas\u0131 uygular. Bu ad\u0131m, kurabiyelerin lezzetini ve dokusunu art\u0131r\u0131r.<\/p>\n<h3><strong>Cooling<\/strong><\/h3>\n<p>Kurabiyeler, so\u011futucu konvey\u00f6r \u00fczerinde so\u011futulur. Bu ad\u0131m, kurabiyelerin dokusunu stabilize etmek ve bir sonraki a\u015famaya haz\u0131r hale getirmek i\u00e7in \u00e7ok \u00f6nemlidir.<\/p>\n<h3><strong>Ambalajlama Sistemi<\/strong><\/h3>\n<p>Son olarak, kurabiyeler otomatik bir paketleme sistemi kullan\u0131larak paketlenir. Bu, kurabiyelerin d\u00fczg\u00fcnce m\u00fch\u00fcrlenmesini ve da\u011f\u0131t\u0131m ile sat\u0131\u015f i\u00e7in korunmas\u0131n\u0131 sa\u011flar.<\/p>\n<h2><strong>\u00d6zellikler ve Avantajlar<\/strong><\/h2>\n<p>Tam otomatik gevrek sindirilebilir kurabiye \u00fcretim hatlar\u0131, b\u00fcy\u00fck \u00f6l\u00e7ekli \u00fcretim tesisleri ve daha k\u00fc\u00e7\u00fck \u00f6l\u00e7ekli \u00fcretim birimleri i\u00e7in uygundur. Geleneksel gevrek sindirilebilir kurabiyelerden, daha \u00f6zel ve yenilik\u00e7i \u00fcr\u00fcnlere kadar geni\u015f bir yelpazede kurabiye \u00fcretebilirler.<\/p>\n<p>\u00d6zetle, tam otomatik gevrek sindirilebilir kurabiye \u00fcretim hatt\u0131, y\u00fcksek kaliteli kurabiye \u00fcretimi i\u00e7in verimli ve g\u00fcvenilir bir \u00e7\u00f6z\u00fcm sunar. Kesin kontrol\u00fc, \u00e7ok y\u00f6nl\u00fc yetenekleri, enerji verimli \u00e7al\u0131\u015fmas\u0131, kullan\u0131c\u0131 dostu aray\u00fcz\u00fc, \u00fcst\u00fcn hijyen standartlar\u0131, \u00f6zelle\u015ftirilebilir \u00e7\u0131k\u0131\u015f ve maliyet etkin tasar\u0131m\u0131 ile g\u0131da \u00fcretim sekt\u00f6r\u00fcnde herhangi bir i\u015fletme i\u00e7in m\u00fckemmel bir se\u00e7imdir.<\/p>\n<p>**Hemen \u015eimdi Hareket Et! S\u0131n\u0131rl\u0131 S\u00fcre Teklifi**<\/p>\n<p>**Bug\u00fcn \u00dccretsiz \u00d6zel Teklif Talep Edin!**<\/p>\n<p>**Canl\u0131 Demo Rezervasyonu Yap\u0131n: Hatt\u0131 \u0130\u015f Ba\u015f\u0131nda G\u00f6r\u00fcn!**<\/p>\n<p><strong>Soru ve Cevap<\/strong><\/p>\n<h2><strong>1. Yumu\u015fak bisk\u00fcvi ile sert bisk\u00fcvi aras\u0131ndaki fark nedir?<\/strong><\/h2>\n<p>Kek k\u0131r\u0131nt\u0131l\u0131 bir dokuya sahip bir bisk\u00fcvi t\u00fcr\u00fcd\u00fcr, oysa sert bisk\u00fcvi daha sert bir dokuya sahiptir ve \u00e7i\u011fnemeye kar\u015f\u0131 daha diren\u00e7lidir. Kek genellikle daha y\u00fcksek ya\u011f ve \u015feker i\u00e7eri\u011fine sahip olup, daha k\u0131r\u0131nt\u0131l\u0131 bir yap\u0131 sa\u011flar. Sert bisk\u00fcvi ise daha d\u00fc\u015f\u00fck ya\u011f ve \u015feker i\u00e7eri\u011fine sahip olup, daha sert bir dokuya neden olur. Kek y\u00fczeyi genellikle kabar\u0131k desenlere sahipken, sert bisk\u00fcvi genellikle \u00e7ukur yuvarlak deliklere ve daha p\u00fcr\u00fczs\u00fcz g\u00f6r\u00fcn\u00fcme sahiptir.<\/p>\n<h2><strong>2. Kurabiye nedir?<\/strong><\/h2>\n<p>Kurabiye, genellikle tatl\u0131 olan ve un, \u015feker, tereya\u011f\u0131 gibi \u00e7e\u015fitli malzemelerden yap\u0131labilen k\u00fc\u00e7\u00fck, d\u00fcz pi\u015fmi\u015f hamur i\u015fidir. Kurabiyelerin farkl\u0131 dokular\u0131 ve tatlar\u0131 olabilir; yumu\u015fak ve \u00e7i\u011fnenebilirden, \u00e7\u0131t\u0131r ve tereya\u011fl\u0131ya kadar \u00e7e\u015fitlilik g\u00f6sterir.<\/p>\n<h2><strong>3. Bisk\u00fcvi ana t\u00fcrleri nelerdir?<\/strong><\/h2>\n<p>Bisk\u00fcviler genel olarak birka\u00e7 t\u00fcre ayr\u0131labilir: sert bisk\u00fcvi, yumu\u015fak bisk\u00fcvi, soda bisk\u00fcvileri ve wafler. Yumu\u015fak bisk\u00fcvi daha sert bir dokuya sahip olup, \u00e7i\u011fnemeye kar\u015f\u0131 daha diren\u00e7lidir, yumu\u015fak bisk\u00fcvi k\u0131r\u0131nt\u0131l\u0131 bir dokuya sahiptir, soda bisk\u00fcvileri fermente hamurdan yap\u0131l\u0131r ve belirgin fermente aromas\u0131 vard\u0131r, wafler ise hafif ve g\u00f6zeneklidir, daha az \u015feker ve ya\u011f i\u00e7erir.<\/p>\n<h2><strong>4. Hangi t\u00fcr f\u0131r\u0131nlar mevcuttur?<\/strong><\/h2>\n<p><strong><strong>D\u00f6ner Rafl\u0131 F\u0131r\u0131nlar<\/strong><\/strong>: Y\u00fcksek hacimli pi\u015firme i\u015flemleri i\u00e7in tasarlanm\u0131\u015f olup, e\u015fit pi\u015firme sa\u011flamak amac\u0131yla d\u00f6ner raf sistemi kullan\u0131r.<\/p>\n<p><strong><strong>T\u00fcnel F\u0131r\u0131nlar<\/strong><\/strong>: S\u00fcrekli, y\u00fcksek hacimli \u00fcretim i\u00e7in \u00f6zel f\u0131r\u0131nlar. \u00dcr\u00fcnler konvey\u00f6r band\u0131 \u00fczerinde f\u0131r\u0131n i\u00e7inde hareket eder.<\/p>\n<h2><strong>5. Ka\u00e7 t\u00fcr t\u00fcnel f\u0131r\u0131n\u0131n\u0131z var? T\u00fcnel f\u0131r\u0131nlar\u0131n enerji kaynaklar\u0131 nelerdir?<\/strong><\/h2>\n<h3><strong>Elektrik<\/strong><\/h3>\n<p>Elektrikli t\u00fcnel f\u0131r\u0131nlar Joule etkisiyle \u0131s\u0131 \u00fcretir. Kullan\u0131m\u0131 ve bak\u0131m\u0131 basittir, farkl\u0131 b\u00f6lgeleri farkl\u0131 s\u0131cakl\u0131klara \u0131s\u0131tabilirler. Y\u00fcksek verimlidir, emisyonu yoktur ve hassas s\u0131cakl\u0131k kontrol\u00fc sa\u011flar.<\/p>\n<p>K\u0131z\u0131l\u00f6tesi teknoloji, f\u0131r\u0131nlarda kullan\u0131labilir ve gaz veya elektrikle \u00e7al\u0131\u015ft\u0131r\u0131labilir. Termal enerjiyi elektromanyetik dalgalar \u015feklinde aktar\u0131r ve y\u00fczey k\u0131zartmas\u0131, kurutma, k\u00fcrleme ve \u00fcr\u00fcn \u00fczeri kaplamalar\u0131n eritilmesi gibi i\u015flemler i\u00e7in etkilidir.<\/p>\n<h3><strong>Do\u011fal Gaz<\/strong><\/h3>\n<p>Do\u011fal gaz, t\u00fcnel f\u0131r\u0131nlar i\u00e7in en yayg\u0131n enerji kaynaklar\u0131ndan biridir. \u0130yi s\u0131cakl\u0131k kontrol\u00fc, esneklik sa\u011flar ve temiz, hijyenik bir \u015fekilde \u00e7al\u0131\u015f\u0131r.<\/p>\n<p>LPG ta\u015f\u0131nabilir ve \u00e7ok y\u00f6nl\u00fcd\u00fcr, do\u011fal gaz altyap\u0131s\u0131n\u0131n olmad\u0131\u011f\u0131 alanlar i\u00e7in uygundur. Do\u011fal gazdan daha y\u00fcksek enerji yo\u011funlu\u011funa sahiptir ve s\u0131cakl\u0131k kontrol\u00fc ile esneklik a\u00e7\u0131s\u0131ndan benzer avantajlar sunar.<\/p>\n<p>Gazl\u0131 f\u0131r\u0131nlar\u0131n ba\u015flang\u0131\u00e7 maliyeti elektrikli f\u0131r\u0131nlardan daha y\u00fcksek olabilir, ancak d\u00fc\u015f\u00fck i\u015fletme maliyetleri ve h\u0131zl\u0131 \u0131s\u0131nma sa\u011flarlar.<\/p>\n<h3><strong>Dizel Yak\u0131t<\/strong><\/h3>\n<p>Dizel yak\u0131t daha az yayg\u0131nd\u0131r ancak do\u011fal gaz veya LPG'nin bulunmad\u0131\u011f\u0131 b\u00f6lgelerde kullan\u0131labilir.<\/p>\n<p>Yak\u0131t ya\u011f\u0131 bazen do\u011fal gaz veya LPG'nin bulunmad\u0131\u011f\u0131 alanlarda kullan\u0131l\u0131r. G\u00f6receli olarak ucuzdur ancak do\u011fal gaz veya LPG'ye k\u0131yasla daha y\u00fcksek emisyonlar \u00fcretir.<\/p>\n<h3><strong>Hibrit<\/strong><\/h3>\n<p>Hibrit t\u00fcnel f\u0131r\u0131nlar, do\u011frudan yanmal\u0131 konveksiyon ve dolayl\u0131 konveksiyon gibi farkl\u0131 \u0131s\u0131tma teknolojilerini birle\u015ftirir ve tek bir makinede birden fazla \u0131s\u0131tma y\u00f6nteminin avantajlar\u0131n\u0131 sunar. Bu, daha fazla esneklik ve daha iyi \u00fcr\u00fcn kalitesi sa\u011flar.<\/p>\n<p>&nbsp;<\/p>","protected":false},"excerpt":{"rendered":"<p>The fully automatic biscuit production line is designed and developed by Junyu Company for customers.providing a complete set of automated equipment from dough making, molding, baking, and packaging. This series of production lines can produce various types of biscuit according to customers&#8217; biscuit and process require, by changing molds and various types of energy tunnel ovens, and using different formula processes.<\/p>","protected":false},"featured_media":5004,"comment_status":"open","ping_status":"closed","template":"","meta":[],"product_brand":[],"product_cat":[95],"product_tag":[],"class_list":{"0":"post-4997","1":"product","2":"type-product","3":"status-publish","4":"has-post-thumbnail","6":"product_cat-biscuit-machine","8":"first","9":"instock","10":"shipping-taxable","11":"product-type-simple"},"_links":{"self":[{"href":"https:\/\/www.jymachinetech.com\/tr\/wp-json\/wp\/v2\/product\/4997","targetHints":{"allow":["GET"]}}],"collection":[{"href":"https:\/\/www.jymachinetech.com\/tr\/wp-json\/wp\/v2\/product"}],"about":[{"href":"https:\/\/www.jymachinetech.com\/tr\/wp-json\/wp\/v2\/types\/product"}],"replies":[{"embeddable":true,"href":"https:\/\/www.jymachinetech.com\/tr\/wp-json\/wp\/v2\/comments?post=4997"}],"version-history":[{"count":0,"href":"https:\/\/www.jymachinetech.com\/tr\/wp-json\/wp\/v2\/product\/4997\/revisions"}],"wp:featuredmedia":[{"embeddable":true,"href":"https:\/\/www.jymachinetech.com\/tr\/wp-json\/wp\/v2\/media\/5004"}],"wp:attachment":[{"href":"https:\/\/www.jymachinetech.com\/tr\/wp-json\/wp\/v2\/media?parent=4997"}],"wp:term":[{"taxonomy":"product_brand","embeddable":true,"href":"https:\/\/www.jymachinetech.com\/tr\/wp-json\/wp\/v2\/product_brand?post=4997"},{"taxonomy":"product_cat","embeddable":true,"href":"https:\/\/www.jymachinetech.com\/tr\/wp-json\/wp\/v2\/product_cat?post=4997"},{"taxonomy":"product_tag","embeddable":true,"href":"https:\/\/www.jymachinetech.com\/tr\/wp-json\/wp\/v2\/product_tag?post=4997"}],"curies":[{"name":"wp","href":"https:\/\/api.w.org\/{rel}","templated":true}]}}