{"id":4848,"date":"2025-01-13T02:38:46","date_gmt":"2025-01-13T02:38:46","guid":{"rendered":"https:\/\/www.jymachinetech.com\/?post_type=product&#038;p=4848"},"modified":"2025-07-25T06:06:27","modified_gmt":"2025-07-25T06:06:27","slug":"advanced-automatic-biscuit-cracker-machine-fully-automated-hard-soft-biscuit-production","status":"publish","type":"product","link":"https:\/\/www.jymachinetech.com\/tr\/product\/advanced-automatic-biscuit-cracker-machine-fully-automated-hard-soft-biscuit-production\/","title":{"rendered":"cURL Too many subrequests."},"content":{"rendered":"<p><strong>Tam Otomatik Sert ve Yumu\u015fak Bisk\u00fcvi\/Kraker Makinesi<\/strong><br \/>\n<strong>cURL Too many subrequests.<\/strong>: 100-1500kg\/saat<br \/>\n<strong>cURL Too many subrequests.<\/strong>: Gaz \/ Elektrik \/ Dizel Ya\u011f\u0131<br \/>\n<strong>Otomasyon<\/strong>: Kar\u0131\u015ft\u0131rmadan paketlemeye tamamen otomatik<br \/>\n<strong>Garanti<\/strong>: Bir Y\u0131l Garanti ve \u00d6m\u00fcr Boyu Sat\u0131\u015f Sonras\u0131 Destek<br \/>\n<strong>Kontrol Sistemi<\/strong>: Uzaktan Kumandal\u0131 SIEMENS PLC<br \/>\n<strong>Yurtd\u0131\u015f\u0131 Kurulum<\/strong>: Kurulum ve Destek i\u00e7in Uzman M\u00fchendisler<\/p>\n<p>The <strong>Tam Otomatik Sert ve Yumu\u015fak Bisk\u00fcvi\/Kraker Makinesi<\/strong> bisk\u00fcvi \u00fcreticileri i\u00e7in ola\u011fan\u00fcst\u00fc verimlilik, tutarl\u0131 kalite ve \u00e7ok y\u00f6nl\u00fcl\u00fck sa\u011flayan geli\u015fmi\u015f bir \u00fcretim hatt\u0131d\u0131r. \u00dcretebilir <strong>saatte 1500 kg<\/strong>, bu tamamen otomatik sistem, malzemelerin kar\u0131\u015ft\u0131r\u0131lmas\u0131ndan nihai \u00fcr\u00fcn paketlemesine kadar t\u00fcm bisk\u00fcvi yap\u0131m s\u00fcrecini kolayla\u015ft\u0131r\u0131r.<\/p>\n<p><iframe title=\"JYB-600mm tam otomatik yumu\u015fak hamur bisk\u00fcvi \u00fcretim hatt\u0131 bisk\u00fcvi yap\u0131m makinesi pi\u015firme f\u0131r\u0131n\u0131\" width=\"800\" height=\"450\" src=\"https:\/\/www.youtube.com\/embed\/tfeA7oqCrUU?feature=oembed\" frameborder=\"0\" allow=\"accelerometer; autoplay; clipboard-write; encrypted-media; gyroscope; picture-in-picture; web-share\" referrerpolicy=\"strict-origin-when-cross-origin\" allowfullscreen><\/iframe><\/p>\n<p><strong>\u00c7ok Y\u00f6nl\u00fc ve \u00d6zelle\u015ftirilebilir \u00dcretim<\/strong><br \/>\nBu makine, \u00e7\u0131t\u0131r bisk\u00fcvi, yumu\u015fak bisk\u00fcvi, sandvi\u00e7 bisk\u00fcvi, soda bisk\u00fcvi, hayvan bisk\u00fcvisi, parmak bisk\u00fcvi ve daha fazlas\u0131 gibi \u00e7e\u015fitli bisk\u00fcvi t\u00fcrlerini i\u015fleyebilir. Kal\u0131plar\u0131 ve form\u00fclleri kolayca ayarlayarak farkl\u0131 \u00fcr\u00fcnler aras\u0131nda ge\u00e7i\u015f yapabilirsiniz, bu da \u00fcr\u00fcn yelpazesini \u00e7e\u015fitlendirmek isteyen \u015firketler i\u00e7in ideal bir se\u00e7imdir.<\/p>\n<p><strong>Ana \u00d6zellikler<\/strong>:<\/p>\n<ul>\n<li><strong>Geli\u015fmi\u015f Otomasyon<\/strong>: T\u00fcm \u00fcretim s\u00fcreci tamamen otomatik olup, tutarl\u0131l\u0131\u011f\u0131 sa\u011flar ve i\u015f\u00e7ilik maliyetlerini azalt\u0131r. Hamurun kar\u0131\u015ft\u0131r\u0131lmas\u0131ndan bitmi\u015f \u00fcr\u00fcn\u00fcn paketlenmesine kadar her \u015feyi bu makine halleder.<\/li>\n<li><strong>Birden \u00c7ok F\u0131r\u0131n Se\u00e7ene\u011fi<\/strong>: Aras\u0131nda se\u00e7im yap\u0131n <strong>Gaz<\/strong>, <strong>Elektrik<\/strong>, veya <strong>Dizel Ya\u011f\u0131<\/strong> \u00fcretim ihtiya\u00e7lar\u0131n\u0131za ve maliyet de\u011ferlendirmelerinize g\u00f6re f\u0131r\u0131nlar.<\/li>\n<li><strong>Y\u00fcksek Verimli Pi\u015firme<\/strong>The <strong>pi\u015firme f\u0131r\u0131nlar\u0131<\/strong> mevcut <strong>Konveksiyon<\/strong>, <strong>Do\u011frudan Gaz Yak\u0131tl\u0131<\/strong>, veya <strong>Hibrit<\/strong> konfig\u00fcrasyonlarda, k\u00fc\u00e7\u00fck ve b\u00fcy\u00fck \u00f6l\u00e7ekli \u00fcretim i\u00e7in esnek ve enerji verimli pi\u015firme se\u00e7enekleri sunar.<\/li>\n<li><strong>Kapsaml\u0131 Ekipman Seti<\/strong>: Makine \u015funlar\u0131 i\u00e7erir <strong>kar\u0131\u015ft\u0131r\u0131c\u0131lar<\/strong>, <strong>hamur besleme sistemleri<\/strong>, <strong>tabaka verme ekipmanlar\u0131<\/strong>, <strong>laminat\u00f6rler<\/strong>, <strong>d\u00f6ner kesiciler<\/strong>, <strong>s\u00fcsleyiciler<\/strong>makine mekanikleri <strong>\u015feker veya tuz serpici<\/strong>. Ayr\u0131ca bir <strong>d\u00f6ner kal\u0131plama makinesi<\/strong> yumu\u015fak bisk\u00fcvi i\u00e7in, <strong>so\u011futma konvey\u00f6rleri<\/strong>, ve bir <strong>y\u0131\u011f\u0131c\u0131<\/strong> son \u00fcr\u00fcnleri toplamak i\u00e7in.<\/li>\n<li><strong>SIEMENS PLC Uzaktan Kumanda<\/strong>: Makine, kolay izleme ve maksimum operasyonel kolayl\u0131k i\u00e7in uzaktan ayarlamalar yapmaya olanak tan\u0131yan <strong>SIEMENS PLC kontrol sistemi<\/strong>ile donat\u0131lm\u0131\u015ft\u0131r.<\/li>\n<li><strong>Yurtd\u0131\u015f\u0131 Kurulum ve Destek<\/strong>: Uzman m\u00fchendislerimiz, <strong>yurtd\u0131\u015f\u0131 kurulum<\/strong>i\u00e7in haz\u0131rd\u0131r, makinenizin sorunsuz kurulumu ve s\u00fcre\u00e7 boyunca tam destek sa\u011flar.<\/li>\n<\/ul>\n<p><strong>Dayan\u0131kl\u0131 ve G\u00fcvenilir<\/strong><br \/>\nY\u00fcksek kaliteli malzemelerden \u00fcretilmi\u015f bu bisk\u00fcvi\/k\u0131r\u0131c\u0131 makinesi, dayan\u0131kl\u0131l\u0131k ve uzun vadeli performans i\u00e7in tasarlanm\u0131\u015ft\u0131r. Sa\u011flam yap\u0131s\u0131, makinenin y\u00fcksek talep alt\u0131nda bile sorunsuz \u00e7al\u0131\u015fmas\u0131n\u0131 sa\u011flar ve size b\u00fcy\u00fck \u00f6l\u00e7ekli \u00fcretim i\u00e7in g\u00fcvenilir bir \u00e7\u00f6z\u00fcm sunar.<\/p>\n<p><strong>Ba\u015flang\u0131\u00e7tan sona verimlilik<\/strong><br \/>\nT\u00fcm \u00fcretim hatt\u0131, verimlili\u011fi en \u00fcst d\u00fczeye \u00e7\u0131karmak, ar\u0131zalar\u0131 azaltmak ve \u00fcretim kapasitesini art\u0131rmak i\u00e7in tasarlanm\u0131\u015ft\u0131r. <strong>kar\u0131\u015ft\u0131rma a\u015famas\u0131<\/strong> to <strong>pi\u015firme<\/strong>, <strong>so\u011futma<\/strong>makine mekanikleri <strong>son ambalaj<\/strong>, her bile\u015fen sorunsuz bir \u015fekilde birlikte \u00e7al\u0131\u015farak bisk\u00fcvi yap\u0131m ihtiya\u00e7lar\u0131n\u0131z i\u00e7in y\u00fcksek \u00e7\u0131kt\u0131 ve y\u00fcksek kaliteli bir \u00e7\u00f6z\u00fcm sa\u011flar.<\/p>\n<p>\u0130ster \u00e7e\u015fitli sert bisk\u00fcviler, yumu\u015fak bisk\u00fcviler veya krakerler \u00fcretiyor olun, bu tam otomatik makine tutarl\u0131 sonu\u00e7lar kolayl\u0131kla sa\u011flar ve hem b\u00fcy\u00fck \u00f6l\u00e7ekli \u00fcreticilerin hem de \u00fcr\u00fcn yelpazesini geni\u015fletmek isteyen i\u015fletmelerin ihtiya\u00e7lar\u0131n\u0131 kar\u015f\u0131lar.<\/p>\n<table>\n<tbody>\n<tr>\n<td>cURL Too many subrequests.<\/td>\n<td>600<\/td>\n<td>800<\/td>\n<td>1000<\/td>\n<td>1200<\/td>\n<td>1500<\/td>\n<\/tr>\n<tr>\n<td>\u00dcretim kapasitesi(kg\/s)<\/td>\n<td>500<\/td>\n<td>700<\/td>\n<td>1000<\/td>\n<td>1200<\/td>\n<td>1500<\/td>\n<\/tr>\n<tr>\n<td>Toplam uzunluk(mm)<\/td>\n<td>85500<\/td>\n<td>92500<\/td>\n<td>125000<\/td>\n<td>150000<\/td>\n<td>170000<\/td>\n<\/tr>\n<tr>\n<td>Pi\u015firme s\u0131cakl\u0131\u011f\u0131(\u2103)<\/td>\n<td>190-240<\/td>\n<td>190-240<\/td>\n<td>190-240<\/td>\n<td>190-240<\/td>\n<td>190-240<\/td>\n<\/tr>\n<\/tbody>\n<\/table>\n<p><img fetchpriority=\"high\" decoding=\"async\" width=\"705\" height=\"705\" class=\"wp-image-4849\" src=\"https:\/\/www.jymachinetech.com\/wp-content\/uploads\/2025\/01\/horizontal-dough-mixer.jpeg\" alt=\"Yatay-Hamur-Mikseri\" srcset=\"https:\/\/www.jymachinetech.com\/wp-content\/uploads\/2025\/01\/horizontal-dough-mixer.jpeg 705w, https:\/\/www.jymachinetech.com\/wp-content\/uploads\/2025\/01\/horizontal-dough-mixer-12x12.jpeg 12w, https:\/\/www.jymachinetech.com\/wp-content\/uploads\/2025\/01\/horizontal-dough-mixer-300x300.jpeg 300w, https:\/\/www.jymachinetech.com\/wp-content\/uploads\/2025\/01\/horizontal-dough-mixer-600x600.jpeg 600w, https:\/\/www.jymachinetech.com\/wp-content\/uploads\/2025\/01\/horizontal-dough-mixer-100x100.jpeg 100w\" sizes=\"(max-width: 705px) 100vw, 705px\" \/><\/p>\n<p>The <strong>Yatay Hamur Kar\u0131\u015ft\u0131r\u0131c\u0131<\/strong> bisk\u00fcvi \u00fcretim hatt\u0131nda temel bir bile\u015fen olup, hamur haz\u0131rlamada optimal sonu\u00e7lar vermek \u00fczere tasarlanm\u0131\u015ft\u0131r. Bu geli\u015fmi\u015f kar\u0131\u015ft\u0131r\u0131c\u0131, kar\u0131\u015ft\u0131rma s\u0131ras\u0131nda hamuru yo\u011furmak, takvimlemek ve katlamak \u00fczere m\u00fchendislik ile tasarlanm\u0131\u015ft\u0131r, b\u00f6ylece tutarl\u0131 ve y\u00fcksek kaliteli bir hamur dokusu sa\u011flar.<\/p>\n<p>Hamur bu a\u015famalardan ge\u00e7tikten sonra, ortaya \u00e7\u0131kar <strong>p\u00fcr\u00fczs\u00fcz y\u00fczey<\/strong> ve \u00fcst\u00fcn <strong>esneklik<\/strong>, <strong>sertlik<\/strong>makine mekanikleri <strong>uzayabilirlik<\/strong>\u2014m\u00fckemmel dokuya sahip bisk\u00fcviler \u00fcretmek i\u00e7in anahtar \u00f6zellikler. Kar\u0131\u015ft\u0131r\u0131c\u0131n\u0131n tasar\u0131m\u0131, hamurun e\u015fit \u015fekilde i\u015flenmesini garanti eder, bu da nihai \u00fcr\u00fcn\u00fcn tutarl\u0131 kalitesini elde etmek i\u00e7in \u00e7ok \u00f6nemlidir.<\/p>\n<p><strong>Farkl\u0131 Bisk\u00fcvi T\u00fcrleri \u0130\u00e7in \u00c7ok Y\u00f6nl\u00fc<\/strong><br \/>\nYatay Hamur Kar\u0131\u015ft\u0131r\u0131c\u0131, olduk\u00e7a uyarlanabilir olup, hem <strong>sert bisk\u00fcviler<\/strong> ve <strong>k\u0131t\u0131r bisk\u00fcviler<\/strong>i\u00e7in uygundur. \u00c7ok y\u00f6nl\u00fcl\u00fc\u011f\u00fc, \u00fcreticilerin geni\u015f bir yelpazede bisk\u00fcvi dokular\u0131 yaratmas\u0131na olanak tan\u0131r, piyasadaki \u00e7e\u015fitli talepleri kar\u015f\u0131lar ve y\u00fcksek \u00fcretim standartlar\u0131n\u0131 korur.<\/p>\n<p>Bu kar\u0131\u015ft\u0131r\u0131c\u0131, verimlilik, dayan\u0131kl\u0131l\u0131k ve tutarl\u0131l\u0131k i\u00e7in tasarlanm\u0131\u015ft\u0131r ve hamur haz\u0131rlama s\u00fcrecini kolayla\u015ft\u0131rmak ve her seferinde \u00fcst\u00fcn \u00fcr\u00fcn kalitesi sa\u011flamak isteyen bisk\u00fcvi \u00fcreticileri i\u00e7in vazge\u00e7ilmez bir ara\u00e7t\u0131r.<\/p>\n<p><img decoding=\"async\" width=\"994\" height=\"580\" class=\"wp-image-4850\" src=\"https:\/\/www.jymachinetech.com\/wp-content\/uploads\/2025\/01\/word-image-4848-2.png\" alt=\"\" srcset=\"https:\/\/www.jymachinetech.com\/wp-content\/uploads\/2025\/01\/word-image-4848-2.png 994w, https:\/\/www.jymachinetech.com\/wp-content\/uploads\/2025\/01\/word-image-4848-2-18x12.png 18w, https:\/\/www.jymachinetech.com\/wp-content\/uploads\/2025\/01\/word-image-4848-2-600x350.png 600w\" sizes=\"(max-width: 994px) 100vw, 994px\" \/> <img decoding=\"async\" width=\"965\" height=\"724\" class=\"wp-image-4851\" src=\"https:\/\/www.jymachinetech.com\/wp-content\/uploads\/2025\/01\/unnamed-file.png\" alt=\"Konvey\u00f6r band\u0131\" srcset=\"https:\/\/www.jymachinetech.com\/wp-content\/uploads\/2025\/01\/unnamed-file.png 965w, https:\/\/www.jymachinetech.com\/wp-content\/uploads\/2025\/01\/unnamed-file-16x12.png 16w, https:\/\/www.jymachinetech.com\/wp-content\/uploads\/2025\/01\/unnamed-file-600x450.png 600w\" sizes=\"(max-width: 965px) 100vw, 965px\" \/> <img loading=\"lazy\" decoding=\"async\" width=\"713\" height=\"713\" class=\"wp-image-4852\" src=\"https:\/\/www.jymachinetech.com\/wp-content\/uploads\/2025\/01\/dough-tipping-machine.jpeg\" alt=\"Hamur-\u0130\u015fleme-Makinesi\" srcset=\"https:\/\/www.jymachinetech.com\/wp-content\/uploads\/2025\/01\/dough-tipping-machine.jpeg 713w, https:\/\/www.jymachinetech.com\/wp-content\/uploads\/2025\/01\/dough-tipping-machine-12x12.jpeg 12w, https:\/\/www.jymachinetech.com\/wp-content\/uploads\/2025\/01\/dough-tipping-machine-300x300.jpeg 300w, https:\/\/www.jymachinetech.com\/wp-content\/uploads\/2025\/01\/dough-tipping-machine-600x600.jpeg 600w, https:\/\/www.jymachinetech.com\/wp-content\/uploads\/2025\/01\/dough-tipping-machine-100x100.jpeg 100w\" sizes=\"(max-width: 713px) 100vw, 713px\" \/><\/p>\n<p>The <strong>Hamur Laminat\u00f6r\u00fc<\/strong> birlikte \u00e7al\u0131\u015f\u0131r <strong>Rulo Levha \u015eekillendirme Makinesi<\/strong>, sert bisk\u00fcvilerin \u00fcretiminde \u00f6nemli bir rol oynar. Bu geli\u015fmi\u015f laminasyon sistemi, hamurda \u00e7ok katmanl\u0131 yap\u0131lar olu\u015fturarak hem dokusunu hem de yap\u0131s\u0131n\u0131 iyile\u015ftirir.<\/p>\n<p>\u0130\u00e7in <strong>sert bisk\u00fcviler<\/strong>, hamur laminat\u00f6r\u00fc \u00f6zellikle avantajl\u0131d\u0131r, \u00e7\u00fcnk\u00fc hem <strong>kalite<\/strong> ve <strong>s\u0131n\u0131f<\/strong>, geli\u015ftirilmi\u015f uniformite ve dokuya sahip bisk\u00fcviler elde edilmesini sa\u011flar. Laminasyon i\u015flemi, \u00e7\u0131t\u0131rl\u0131k ve yumu\u015fakl\u0131k aras\u0131nda ideal dengeyi yakalamaya yard\u0131mc\u0131 olur ve nihai \u00fcr\u00fcne premium bir his ve tat kazand\u0131r\u0131r.<\/p>\n<p>Ayr\u0131ca, bu makine, <strong>fermente krakerler<\/strong>\u00fcretiminde de vazge\u00e7ilmezdir, \u00e7\u00fcnk\u00fc laminasyon s\u00fcreci uygun fermantasyonu ve optimal hamur geli\u015fimini sa\u011flar. Hamuru dikkatlice katmanlara ay\u0131rarak, laminat\u00f6r krakerlerin hafif, havadar bir dokuya ve tutarl\u0131 bir \u0131s\u0131r\u0131k hissine sahip olmas\u0131n\u0131 sa\u011flar, bu da y\u00fcksek kaliteli bisk\u00fcvi \u00fcretiminde vazge\u00e7ilmez bir ekipman haline getirir.<\/p>\n<p><img loading=\"lazy\" decoding=\"async\" width=\"800\" height=\"800\" class=\"wp-image-4853\" src=\"https:\/\/www.jymachinetech.com\/wp-content\/uploads\/2025\/01\/rotary-cutter-rotary-moulder.jpeg\" alt=\"D\u00f6ner-Kesici.D\u00f6ner-\u00d6\u011f\u00fct\u00fcc\u00fc\" srcset=\"https:\/\/www.jymachinetech.com\/wp-content\/uploads\/2025\/01\/rotary-cutter-rotary-moulder.jpeg 800w, https:\/\/www.jymachinetech.com\/wp-content\/uploads\/2025\/01\/rotary-cutter-rotary-moulder-12x12.jpeg 12w, https:\/\/www.jymachinetech.com\/wp-content\/uploads\/2025\/01\/rotary-cutter-rotary-moulder-300x300.jpeg 300w, https:\/\/www.jymachinetech.com\/wp-content\/uploads\/2025\/01\/rotary-cutter-rotary-moulder-600x600.jpeg 600w, https:\/\/www.jymachinetech.com\/wp-content\/uploads\/2025\/01\/rotary-cutter-rotary-moulder-100x100.jpeg 100w\" sizes=\"(max-width: 800px) 100vw, 800px\" \/><\/p>\n<p>1. Farkl\u0131 bisk\u00fcvi t\u00fcrleri i\u00e7in \u00f6zel olarak tasarlanm\u0131\u015f makine<br \/>\n2. T\u00fcm \u015fekillerde bisk\u00fcvi i\u00e7in \u00e7e\u015fitli kal\u0131p se\u00e7enekleri<\/p>\n<p><img loading=\"lazy\" decoding=\"async\" width=\"668\" height=\"668\" class=\"wp-image-4854\" src=\"https:\/\/www.jymachinetech.com\/wp-content\/uploads\/2025\/01\/photobank-3.jpeg\" alt=\"fotobank (3)\" srcset=\"https:\/\/www.jymachinetech.com\/wp-content\/uploads\/2025\/01\/photobank-3.jpeg 668w, https:\/\/www.jymachinetech.com\/wp-content\/uploads\/2025\/01\/photobank-3-12x12.jpeg 12w, https:\/\/www.jymachinetech.com\/wp-content\/uploads\/2025\/01\/photobank-3-300x300.jpeg 300w, https:\/\/www.jymachinetech.com\/wp-content\/uploads\/2025\/01\/photobank-3-600x600.jpeg 600w, https:\/\/www.jymachinetech.com\/wp-content\/uploads\/2025\/01\/photobank-3-100x100.jpeg 100w\" sizes=\"(max-width: 668px) 100vw, 668px\" \/><\/p>\n<p><img loading=\"lazy\" decoding=\"async\" width=\"1093\" height=\"585\" class=\"wp-image-4855\" src=\"https:\/\/www.jymachinetech.com\/wp-content\/uploads\/2025\/01\/a5f1ae7f0b6e4d069dbcf4685b4436a.png\" alt=\"a5f1ae7f0b6e4d069dbcf4685b4436a\" srcset=\"https:\/\/www.jymachinetech.com\/wp-content\/uploads\/2025\/01\/a5f1ae7f0b6e4d069dbcf4685b4436a.png 1093w, https:\/\/www.jymachinetech.com\/wp-content\/uploads\/2025\/01\/a5f1ae7f0b6e4d069dbcf4685b4436a-18x10.png 18w, https:\/\/www.jymachinetech.com\/wp-content\/uploads\/2025\/01\/a5f1ae7f0b6e4d069dbcf4685b4436a-600x321.png 600w\" sizes=\"(max-width: 1093px) 100vw, 1093px\" \/><\/p>\n<p>The <strong>f\u0131r\u0131n<\/strong> sistemi, \u00fc\u00e7 farkl\u0131 \u0131s\u0131tma se\u00e7ene\u011fi ile esneklik sunar: <strong>Gaz<\/strong>, <strong>Elektrik<\/strong>makine mekanikleri <strong>Dizel<\/strong>. Belirli \u00fcr\u00fcn gereksinimlerinize g\u00f6re, \u00fcretim maliyetlerini ve verimlili\u011fi optimize etmek i\u00e7in en uygun enerji kayna\u011f\u0131n\u0131 se\u00e7ebilirsiniz. Her t\u00fcr f\u0131r\u0131n, tutarl\u0131 ve e\u015fit \u0131s\u0131 da\u011f\u0131l\u0131m\u0131 sa\u011flayacak \u015fekilde tasarlanm\u0131\u015ft\u0131r ve \u00e7e\u015fitli bisk\u00fcvi t\u00fcrleri i\u00e7in \u00fcst\u00fcn pi\u015firme sonu\u00e7lar\u0131 sa\u011flar.<\/p>\n<p>Bu f\u0131r\u0131nlar, \u00e7oklu <strong>ba\u011f\u0131ms\u0131z s\u0131cakl\u0131k b\u00f6lgeleri<\/strong>, pi\u015firme s\u00fcreci \u00fczerinde hassas kontrol sa\u011flar. Her b\u00f6lge, farkl\u0131 kurabiye \u00e7e\u015fitlerinin \u00f6zel ihtiya\u00e7lar\u0131na g\u00f6re ayr\u0131 ayr\u0131 ayarlanabilir, b\u00f6ylece e\u015fit pi\u015firme ve m\u00fckemmel doku her seferinde sa\u011flan\u0131r. Sert, yumu\u015fak veya \u00f6zel kurabiyeler pi\u015firiyorsan\u0131z, \u00f6zelle\u015ftirilebilir s\u0131cakl\u0131k ayarlar\u0131 her partinin en y\u00fcksek kalite standartlar\u0131na ula\u015fmas\u0131n\u0131 sa\u011flar.<\/p>\n<p><img loading=\"lazy\" decoding=\"async\" width=\"528\" height=\"400\" class=\"wp-image-4856\" src=\"https:\/\/www.jymachinetech.com\/wp-content\/uploads\/2025\/01\/word-image-4848-8.png\" alt=\"\" srcset=\"https:\/\/www.jymachinetech.com\/wp-content\/uploads\/2025\/01\/word-image-4848-8.png 528w, https:\/\/www.jymachinetech.com\/wp-content\/uploads\/2025\/01\/word-image-4848-8-16x12.png 16w\" sizes=\"(max-width: 528px) 100vw, 528px\" \/> <img loading=\"lazy\" decoding=\"async\" width=\"637\" height=\"637\" class=\"wp-image-4857\" src=\"https:\/\/www.jymachinetech.com\/wp-content\/uploads\/2025\/01\/photobank.png\" alt=\"fotobank\" srcset=\"https:\/\/www.jymachinetech.com\/wp-content\/uploads\/2025\/01\/photobank.png 637w, https:\/\/www.jymachinetech.com\/wp-content\/uploads\/2025\/01\/photobank-12x12.png 12w, https:\/\/www.jymachinetech.com\/wp-content\/uploads\/2025\/01\/photobank-300x300.png 300w, https:\/\/www.jymachinetech.com\/wp-content\/uploads\/2025\/01\/photobank-600x600.png 600w, https:\/\/www.jymachinetech.com\/wp-content\/uploads\/2025\/01\/photobank-100x100.png 100w\" sizes=\"(max-width: 637px) 100vw, 637px\" \/><\/p>\n<p><img loading=\"lazy\" decoding=\"async\" width=\"800\" height=\"800\" class=\"wp-image-4858\" src=\"https:\/\/www.jymachinetech.com\/wp-content\/uploads\/2025\/01\/bakery-oven.jpeg\" alt=\"F\u0131r\u0131n\" srcset=\"https:\/\/www.jymachinetech.com\/wp-content\/uploads\/2025\/01\/bakery-oven.jpeg 800w, https:\/\/www.jymachinetech.com\/wp-content\/uploads\/2025\/01\/bakery-oven-12x12.jpeg 12w, https:\/\/www.jymachinetech.com\/wp-content\/uploads\/2025\/01\/bakery-oven-300x300.jpeg 300w, https:\/\/www.jymachinetech.com\/wp-content\/uploads\/2025\/01\/bakery-oven-600x600.jpeg 600w, https:\/\/www.jymachinetech.com\/wp-content\/uploads\/2025\/01\/bakery-oven-100x100.jpeg 100w\" sizes=\"(max-width: 800px) 100vw, 800px\" \/><\/p>\n<p><img loading=\"lazy\" decoding=\"async\" width=\"1265\" height=\"843\" class=\"wp-image-4859\" src=\"https:\/\/www.jymachinetech.com\/wp-content\/uploads\/2025\/01\/img_2743.jpeg\" alt=\"IMG_2743\" srcset=\"https:\/\/www.jymachinetech.com\/wp-content\/uploads\/2025\/01\/img_2743.jpeg 1265w, https:\/\/www.jymachinetech.com\/wp-content\/uploads\/2025\/01\/img_2743-18x12.jpeg 18w, https:\/\/www.jymachinetech.com\/wp-content\/uploads\/2025\/01\/img_2743-600x400.jpeg 600w\" sizes=\"(max-width: 1265px) 100vw, 1265px\" \/><\/p>\n<p><img loading=\"lazy\" decoding=\"async\" width=\"1265\" height=\"843\" class=\"wp-image-4860\" src=\"https:\/\/www.jymachinetech.com\/wp-content\/uploads\/2025\/01\/img_3069.jpeg\" alt=\"IMG_3069\" srcset=\"https:\/\/www.jymachinetech.com\/wp-content\/uploads\/2025\/01\/img_3069.jpeg 1265w, https:\/\/www.jymachinetech.com\/wp-content\/uploads\/2025\/01\/img_3069-18x12.jpeg 18w, https:\/\/www.jymachinetech.com\/wp-content\/uploads\/2025\/01\/img_3069-600x400.jpeg 600w\" sizes=\"(max-width: 1265px) 100vw, 1265px\" \/><\/p>\n<ul>\n<li><strong>\u00d6zelle\u015ftirilmi\u015f So\u011futma Sistemi<\/strong>:<br \/>\nSo\u011futma sistemi, fabrikan\u0131z\u0131n b\u00fcy\u00fckl\u00fc\u011f\u00fcne \u00f6zel ihtiya\u00e7lara uygun tasarlanm\u0131\u015f olup, alan ve verimlili\u011fi optimize eden ki\u015fiye \u00f6zel bir \u00e7\u00f6z\u00fcm sunar. \u0130ster kompakt bir \u00fcretim alan\u0131n\u0131z olsun, ister b\u00fcy\u00fck \u00f6l\u00e7ekli bir tesis, so\u011futma sistemimiz optimal hava ak\u0131\u015f\u0131 ve etkili so\u011futma sa\u011flayacak \u015fekilde yap\u0131land\u0131r\u0131labilir, b\u00f6ylece \u00fcretim s\u00fcresi k\u0131sal\u0131r ve \u00fcr\u00fcn kalitesi artar.<\/li>\n<li><strong>Geli\u015fmi\u015f Sisli Tip Ya\u011flama P\u00fcsk\u00fcrt\u00fcc\u00fc<\/strong>:<br \/>\nYenilik\u00e7i <strong>sisli tip ya\u011flama p\u00fcsk\u00fcrt\u00fcc\u00fc<\/strong>, bu sistem, ya\u011f t\u00fcketimini en aza indirirken kurabiyeleriniz \u00fczerinde e\u015fit ve tutarl\u0131 bir kaplama sa\u011flar. \u0130nce bir ya\u011f buhar\u0131 kullanarak, israf\u0131 azalt\u0131r, ya\u011f maliyetlerinizi d\u00fc\u015f\u00fcr\u00fcr ve nihai \u00fcr\u00fcn\u00fcn\u00fcz\u00fcn kalitesini veya tad\u0131n\u0131 bozmaz. Bu geli\u015fmi\u015f p\u00fcsk\u00fcrtme teknolojisi \u00fcretim verimlili\u011fini art\u0131r\u0131r ve \u00e7evre dostudur, maliyet bilincine sahip \u00fcreticiler i\u00e7in ak\u0131ll\u0131ca bir se\u00e7imdir.<\/li>\n<li><strong>Yenilik\u00e7i Y\u0131\u011f\u0131nlama Tasar\u0131m\u0131<\/strong>:<br \/>\nYeni <strong>y\u0131\u011f\u0131nlama tasar\u0131m\u0131m\u0131z<\/strong> , kurabiyelerin daha verimli ve stabil \u015fekilde istiflenmesini sa\u011flar. Geli\u015ftirilmi\u015f fonksiyonellik ile \u00fcr\u00fcn hasar\u0131n\u0131 en aza indirir ve istifleme hassasiyetini art\u0131r\u0131r, b\u00f6ylece daha d\u00fczenli ve g\u00fcvenilir istifleme sa\u011flar. Bu tasar\u0131m ayr\u0131ca son paketleme s\u00fcrecini optimize eder, genel \u00fcretim verimlili\u011fini art\u0131r\u0131r ve tesisinizde daha d\u00fczg\u00fcn bir i\u015f ak\u0131\u015f\u0131 sa\u011flar.<\/li>\n<\/ul>\n<p><img loading=\"lazy\" decoding=\"async\" width=\"1265\" height=\"843\" class=\"wp-image-4861\" src=\"https:\/\/www.jymachinetech.com\/wp-content\/uploads\/2025\/01\/img_3064.jpeg\" alt=\"IMG_3064&#039;nin kopyas\u0131\" srcset=\"https:\/\/www.jymachinetech.com\/wp-content\/uploads\/2025\/01\/img_3064.jpeg 1265w, https:\/\/www.jymachinetech.com\/wp-content\/uploads\/2025\/01\/img_3064-18x12.jpeg 18w, https:\/\/www.jymachinetech.com\/wp-content\/uploads\/2025\/01\/img_3064-600x400.jpeg 600w\" sizes=\"(max-width: 1265px) 100vw, 1265px\" \/><\/p>\n<p><img loading=\"lazy\" decoding=\"async\" width=\"800\" height=\"800\" class=\"wp-image-4862\" src=\"https:\/\/www.jymachinetech.com\/wp-content\/uploads\/2025\/01\/photobank-4.jpeg\" alt=\"fotobank (4)\" srcset=\"https:\/\/www.jymachinetech.com\/wp-content\/uploads\/2025\/01\/photobank-4.jpeg 800w, https:\/\/www.jymachinetech.com\/wp-content\/uploads\/2025\/01\/photobank-4-12x12.jpeg 12w, https:\/\/www.jymachinetech.com\/wp-content\/uploads\/2025\/01\/photobank-4-300x300.jpeg 300w, https:\/\/www.jymachinetech.com\/wp-content\/uploads\/2025\/01\/photobank-4-600x600.jpeg 600w, https:\/\/www.jymachinetech.com\/wp-content\/uploads\/2025\/01\/photobank-4-100x100.jpeg 100w\" sizes=\"(max-width: 800px) 100vw, 800px\" \/><\/p>\n<p><iframe title=\"K\u0131rma makinesi, Bisk\u00fcvi \u00fcretim hatt\u0131, Hamur levha \u015eekillendirme ve Kesim Hatt\u0131\" width=\"800\" height=\"450\" src=\"https:\/\/www.youtube.com\/embed\/PUkXg4ThEyc?feature=oembed\" frameborder=\"0\" allow=\"accelerometer; autoplay; clipboard-write; encrypted-media; gyroscope; picture-in-picture; web-share\" referrerpolicy=\"strict-origin-when-cross-origin\" allowfullscreen><\/iframe><\/p>","protected":false},"excerpt":{"rendered":"<p>Fully Automatic Hard and Soft Biscuit\/Cracker Machine Capacity: 100-1500kgs per hour Oven Type: Gas \/ Electric \/ Diesel Oil Automation: Fully automated from mixing to packing Warranty: One Year Warranty &amp; Lifetime After-Sales Support Control System: SIEMENS PLC with Remote Control Overseas Installation: Expert Engineers for Installation &amp; Support The Fully Automatic Hard and Soft [&hellip;]<\/p>","protected":false},"featured_media":4942,"comment_status":"open","ping_status":"closed","template":"","meta":[],"product_brand":[],"product_cat":[95],"product_tag":[],"class_list":{"0":"post-4848","1":"product","2":"type-product","3":"status-publish","4":"has-post-thumbnail","6":"product_cat-biscuit-machine","8":"first","9":"instock","10":"shipping-taxable","11":"product-type-simple"},"_links":{"self":[{"href":"https:\/\/www.jymachinetech.com\/tr\/wp-json\/wp\/v2\/product\/4848","targetHints":{"allow":["GET"]}}],"collection":[{"href":"https:\/\/www.jymachinetech.com\/tr\/wp-json\/wp\/v2\/product"}],"about":[{"href":"https:\/\/www.jymachinetech.com\/tr\/wp-json\/wp\/v2\/types\/product"}],"replies":[{"embeddable":true,"href":"https:\/\/www.jymachinetech.com\/tr\/wp-json\/wp\/v2\/comments?post=4848"}],"version-history":[{"count":1,"href":"https:\/\/www.jymachinetech.com\/tr\/wp-json\/wp\/v2\/product\/4848\/revisions"}],"predecessor-version":[{"id":7209,"href":"https:\/\/www.jymachinetech.com\/tr\/wp-json\/wp\/v2\/product\/4848\/revisions\/7209"}],"wp:featuredmedia":[{"embeddable":true,"href":"https:\/\/www.jymachinetech.com\/tr\/wp-json\/wp\/v2\/media\/4942"}],"wp:attachment":[{"href":"https:\/\/www.jymachinetech.com\/tr\/wp-json\/wp\/v2\/media?parent=4848"}],"wp:term":[{"taxonomy":"product_brand","embeddable":true,"href":"https:\/\/www.jymachinetech.com\/tr\/wp-json\/wp\/v2\/product_brand?post=4848"},{"taxonomy":"product_cat","embeddable":true,"href":"https:\/\/www.jymachinetech.com\/tr\/wp-json\/wp\/v2\/product_cat?post=4848"},{"taxonomy":"product_tag","embeddable":true,"href":"https:\/\/www.jymachinetech.com\/tr\/wp-json\/wp\/v2\/product_tag?post=4848"}],"curies":[{"name":"wp","href":"https:\/\/api.w.org\/{rel}","templated":true}]}}