{"id":4751,"date":"2024-11-13T02:08:21","date_gmt":"2024-11-13T02:08:21","guid":{"rendered":"https:\/\/www.jymachinetech.com\/?post_type=product&#038;p=4751"},"modified":"2025-07-25T06:06:54","modified_gmt":"2025-07-25T06:06:54","slug":"industrial-pancake-production-line","status":"publish","type":"product","link":"https:\/\/www.jymachinetech.com\/tr\/product\/industrial-pancake-production-line\/","title":{"rendered":"HOW TO MAKE SANDWICH PANCAKES  Industrial pancake production Line"},"content":{"rendered":"<p><img fetchpriority=\"high\" decoding=\"async\" class=\"alignnone size-full wp-image-4752\" src=\"https:\/\/www.jymachinetech.com\/wp-content\/uploads\/2024\/11\/\u53c2\u6570.png\" alt=\"\" width=\"746\" height=\"163\" srcset=\"https:\/\/www.jymachinetech.com\/wp-content\/uploads\/2024\/11\/\u53c2\u6570.png 746w, https:\/\/www.jymachinetech.com\/wp-content\/uploads\/2024\/11\/\u53c2\u6570-18x4.png 18w, https:\/\/www.jymachinetech.com\/wp-content\/uploads\/2024\/11\/\u53c2\u6570-600x131.png 600w\" sizes=\"(max-width: 746px) 100vw, 746px\" \/><\/p>\n<p>Sandvi\u00e7 krep sistemleri iki ba\u011fl\u0131 makineden olu\u015fur. Krep tava ve sandvi\u00e7 makinesi ba\u011f\u0131ms\u0131z \u00e7al\u0131\u015f\u0131r ancak tamamen senkronizedir.<\/p>\n<p>Pi\u015firme i\u00e7in g\u00fc\u00e7lendirilmi\u015f bak\u0131r levha kullan\u0131yoruz. Ola\u011fan\u00fcst\u00fc \u0131s\u0131 tutma kapasitesi \u00e7ok p\u00fcr\u00fczs\u00fcz bir pancake y\u00fczeyi sa\u011flar. Hem gaz hem de elektrik \u0131s\u0131 kayna\u011f\u0131 olarak kullan\u0131labilir. Tavan\u0131n h\u0131z\u0131n\u0131 ve deposunun konumunu de\u011fi\u015ftirerek pi\u015firme s\u00fcresi ayarlanabilir. Pancake \u00fcretim sisteminde \u00fcstten \u0131s\u0131t\u0131c\u0131, pancake'leri \u00e7evirmeden \u00f6nce \u00fcstten pi\u015firir. Hem \u00fcst \u0131s\u0131t\u0131c\u0131 hem de \u00e7evirici konumlar\u0131 farkl\u0131 tariflere uyacak \u015fekilde ince ayar yap\u0131labilir. Dorayaki \u00fcretim makinesinin alt\u0131nda, tava plakalar\u0131ndaki kal\u0131nt\u0131lar temizlenir ve keklerin d\u00fczg\u00fcn \u015fekilde \u00e7\u0131kmas\u0131 i\u00e7in ya\u011f uygulan\u0131r.<\/p>\n<p>Sandvi\u00e7 makinesi ilk olarak krep makinesinden gelen \u00fcr\u00fcnleri hizalar ve ard\u0131ndan krep s\u0131ralar\u0131n\u0131n yar\u0131s\u0131n\u0131 \u00e7evirerek i\u00e7eriye dolgu uygular. Di\u011fer s\u0131ralar \u00e7evrilmez, y\u00fczleri yukar\u0131da kal\u0131r ve bask\u0131 yap\u0131lmas\u0131na izin verir. Son olarak, krep sandvi\u00e7 yapmaya haz\u0131rd\u0131r ve i\u00e7eriye dolgunun kalmas\u0131n\u0131 sa\u011flamak i\u00e7in m\u00fch\u00fcrlenir. M\u00fch\u00fcrleme \u00fcnitesi<\/p>\n<p>ya krepin i\u00e7eriye dolgusunu tutacak \u015fekilde kapat\u0131r ya da sadece sandvi\u00e7 yapar, kenarlar\u0131 a\u00e7\u0131k b\u0131rak\u0131r.<\/p>\n<p><img decoding=\"async\" class=\"alignnone size-full wp-image-4753\" src=\"https:\/\/www.jymachinetech.com\/wp-content\/uploads\/2024\/11\/1.jpg\" alt=\"\" width=\"800\" height=\"800\" srcset=\"https:\/\/www.jymachinetech.com\/wp-content\/uploads\/2024\/11\/1.jpg 800w, https:\/\/www.jymachinetech.com\/wp-content\/uploads\/2024\/11\/1-12x12.jpg 12w, https:\/\/www.jymachinetech.com\/wp-content\/uploads\/2024\/11\/1-300x300.jpg 300w, https:\/\/www.jymachinetech.com\/wp-content\/uploads\/2024\/11\/1-600x600.jpg 600w, https:\/\/www.jymachinetech.com\/wp-content\/uploads\/2024\/11\/1-100x100.jpg 100w\" sizes=\"(max-width: 800px) 100vw, 800px\" \/> <img decoding=\"async\" class=\"alignnone size-full wp-image-4754\" src=\"https:\/\/www.jymachinetech.com\/wp-content\/uploads\/2024\/11\/2.jpg\" alt=\"\" width=\"800\" height=\"800\" srcset=\"https:\/\/www.jymachinetech.com\/wp-content\/uploads\/2024\/11\/2.jpg 800w, https:\/\/www.jymachinetech.com\/wp-content\/uploads\/2024\/11\/2-12x12.jpg 12w, https:\/\/www.jymachinetech.com\/wp-content\/uploads\/2024\/11\/2-300x300.jpg 300w, https:\/\/www.jymachinetech.com\/wp-content\/uploads\/2024\/11\/2-600x600.jpg 600w, https:\/\/www.jymachinetech.com\/wp-content\/uploads\/2024\/11\/2-100x100.jpg 100w\" sizes=\"(max-width: 800px) 100vw, 800px\" \/> <img loading=\"lazy\" decoding=\"async\" class=\"alignnone size-full wp-image-4755\" src=\"https:\/\/www.jymachinetech.com\/wp-content\/uploads\/2024\/11\/3.jpg\" alt=\"\" width=\"800\" height=\"800\" srcset=\"https:\/\/www.jymachinetech.com\/wp-content\/uploads\/2024\/11\/3.jpg 800w, https:\/\/www.jymachinetech.com\/wp-content\/uploads\/2024\/11\/3-12x12.jpg 12w, https:\/\/www.jymachinetech.com\/wp-content\/uploads\/2024\/11\/3-300x300.jpg 300w, https:\/\/www.jymachinetech.com\/wp-content\/uploads\/2024\/11\/3-600x600.jpg 600w, https:\/\/www.jymachinetech.com\/wp-content\/uploads\/2024\/11\/3-100x100.jpg 100w\" sizes=\"(max-width: 800px) 100vw, 800px\" \/> <img loading=\"lazy\" decoding=\"async\" class=\"alignnone size-full wp-image-4756\" src=\"https:\/\/www.jymachinetech.com\/wp-content\/uploads\/2024\/11\/4.jpg\" alt=\"\" width=\"800\" height=\"800\" srcset=\"https:\/\/www.jymachinetech.com\/wp-content\/uploads\/2024\/11\/4.jpg 800w, https:\/\/www.jymachinetech.com\/wp-content\/uploads\/2024\/11\/4-12x12.jpg 12w, https:\/\/www.jymachinetech.com\/wp-content\/uploads\/2024\/11\/4-300x300.jpg 300w, https:\/\/www.jymachinetech.com\/wp-content\/uploads\/2024\/11\/4-600x600.jpg 600w, https:\/\/www.jymachinetech.com\/wp-content\/uploads\/2024\/11\/4-100x100.jpg 100w\" sizes=\"(max-width: 800px) 100vw, 800px\" \/> <img loading=\"lazy\" decoding=\"async\" class=\"alignnone size-full wp-image-4757\" src=\"https:\/\/www.jymachinetech.com\/wp-content\/uploads\/2024\/11\/4e0c80907e7580f6e8053d5be0b6139.jpg\" alt=\"\" width=\"1279\" height=\"1706\" srcset=\"https:\/\/www.jymachinetech.com\/wp-content\/uploads\/2024\/11\/4e0c80907e7580f6e8053d5be0b6139.jpg 1279w, https:\/\/www.jymachinetech.com\/wp-content\/uploads\/2024\/11\/4e0c80907e7580f6e8053d5be0b6139-9x12.jpg 9w, https:\/\/www.jymachinetech.com\/wp-content\/uploads\/2024\/11\/4e0c80907e7580f6e8053d5be0b6139-600x800.jpg 600w\" sizes=\"(max-width: 1279px) 100vw, 1279px\" \/> <img loading=\"lazy\" decoding=\"async\" class=\"alignnone size-full wp-image-4758\" src=\"https:\/\/www.jymachinetech.com\/wp-content\/uploads\/2024\/11\/5.jpg\" alt=\"\" width=\"800\" height=\"800\" srcset=\"https:\/\/www.jymachinetech.com\/wp-content\/uploads\/2024\/11\/5.jpg 800w, https:\/\/www.jymachinetech.com\/wp-content\/uploads\/2024\/11\/5-12x12.jpg 12w, https:\/\/www.jymachinetech.com\/wp-content\/uploads\/2024\/11\/5-300x300.jpg 300w, https:\/\/www.jymachinetech.com\/wp-content\/uploads\/2024\/11\/5-600x600.jpg 600w, https:\/\/www.jymachinetech.com\/wp-content\/uploads\/2024\/11\/5-100x100.jpg 100w\" sizes=\"(max-width: 800px) 100vw, 800px\" \/> <img loading=\"lazy\" decoding=\"async\" class=\"alignnone size-full wp-image-4759\" src=\"https:\/\/www.jymachinetech.com\/wp-content\/uploads\/2024\/11\/6.jpg\" alt=\"\" width=\"800\" height=\"800\" srcset=\"https:\/\/www.jymachinetech.com\/wp-content\/uploads\/2024\/11\/6.jpg 800w, https:\/\/www.jymachinetech.com\/wp-content\/uploads\/2024\/11\/6-12x12.jpg 12w, https:\/\/www.jymachinetech.com\/wp-content\/uploads\/2024\/11\/6-300x300.jpg 300w, https:\/\/www.jymachinetech.com\/wp-content\/uploads\/2024\/11\/6-600x600.jpg 600w, https:\/\/www.jymachinetech.com\/wp-content\/uploads\/2024\/11\/6-100x100.jpg 100w\" sizes=\"(max-width: 800px) 100vw, 800px\" \/> <img loading=\"lazy\" decoding=\"async\" class=\"alignnone size-full wp-image-4760\" src=\"https:\/\/www.jymachinetech.com\/wp-content\/uploads\/2024\/11\/7.jpg\" alt=\"\" width=\"800\" height=\"800\" srcset=\"https:\/\/www.jymachinetech.com\/wp-content\/uploads\/2024\/11\/7.jpg 800w, https:\/\/www.jymachinetech.com\/wp-content\/uploads\/2024\/11\/7-12x12.jpg 12w, https:\/\/www.jymachinetech.com\/wp-content\/uploads\/2024\/11\/7-300x300.jpg 300w, https:\/\/www.jymachinetech.com\/wp-content\/uploads\/2024\/11\/7-600x600.jpg 600w, https:\/\/www.jymachinetech.com\/wp-content\/uploads\/2024\/11\/7-100x100.jpg 100w\" sizes=\"(max-width: 800px) 100vw, 800px\" \/> <img loading=\"lazy\" decoding=\"async\" class=\"alignnone size-full wp-image-4761\" src=\"https:\/\/www.jymachinetech.com\/wp-content\/uploads\/2024\/11\/8.jpg\" alt=\"\" width=\"800\" height=\"800\" srcset=\"https:\/\/www.jymachinetech.com\/wp-content\/uploads\/2024\/11\/8.jpg 800w, https:\/\/www.jymachinetech.com\/wp-content\/uploads\/2024\/11\/8-12x12.jpg 12w, https:\/\/www.jymachinetech.com\/wp-content\/uploads\/2024\/11\/8-300x300.jpg 300w, https:\/\/www.jymachinetech.com\/wp-content\/uploads\/2024\/11\/8-600x600.jpg 600w, https:\/\/www.jymachinetech.com\/wp-content\/uploads\/2024\/11\/8-100x100.jpg 100w\" sizes=\"(max-width: 800px) 100vw, 800px\" \/> <img loading=\"lazy\" decoding=\"async\" class=\"alignnone size-full wp-image-4762\" src=\"https:\/\/www.jymachinetech.com\/wp-content\/uploads\/2024\/11\/48bd140d3c49be97d6287c711fef975.jpg\" alt=\"\" width=\"1706\" height=\"1279\" srcset=\"https:\/\/www.jymachinetech.com\/wp-content\/uploads\/2024\/11\/48bd140d3c49be97d6287c711fef975.jpg 1706w, https:\/\/www.jymachinetech.com\/wp-content\/uploads\/2024\/11\/48bd140d3c49be97d6287c711fef975-16x12.jpg 16w, https:\/\/www.jymachinetech.com\/wp-content\/uploads\/2024\/11\/48bd140d3c49be97d6287c711fef975-600x450.jpg 600w\" sizes=\"(max-width: 1706px) 100vw, 1706px\" \/> <img loading=\"lazy\" decoding=\"async\" class=\"alignnone size-full wp-image-4763\" src=\"https:\/\/www.jymachinetech.com\/wp-content\/uploads\/2024\/11\/8130711c6fa1063f57ecfce3912f3a4.jpg\" alt=\"\" width=\"1706\" height=\"1279\" srcset=\"https:\/\/www.jymachinetech.com\/wp-content\/uploads\/2024\/11\/8130711c6fa1063f57ecfce3912f3a4.jpg 1706w, https:\/\/www.jymachinetech.com\/wp-content\/uploads\/2024\/11\/8130711c6fa1063f57ecfce3912f3a4-16x12.jpg 16w, https:\/\/www.jymachinetech.com\/wp-content\/uploads\/2024\/11\/8130711c6fa1063f57ecfce3912f3a4-600x450.jpg 600w\" sizes=\"(max-width: 1706px) 100vw, 1706px\" \/><\/p>","protected":false},"excerpt":{"rendered":"<p>Sandwich pancake systems are composed of two connected machines. The pancake griddle and sandwiching machine run independently but\u00a0are fully synchronized. For baking, we use a reinforced copper plate. The extraordinary heat retention capacity produces a very smooth pancake surface.Both gas and electricity can be used as a heat source to bake the products. By changing [&hellip;]<\/p>","protected":false},"featured_media":4762,"comment_status":"open","ping_status":"closed","template":"","meta":[],"product_brand":[],"product_cat":[15],"product_tag":[],"class_list":{"0":"post-4751","1":"product","2":"type-product","3":"status-publish","4":"has-post-thumbnail","6":"product_cat-bakery-equipment","8":"first","9":"instock","10":"shipping-taxable","11":"product-type-simple"},"_links":{"self":[{"href":"https:\/\/www.jymachinetech.com\/tr\/wp-json\/wp\/v2\/product\/4751","targetHints":{"allow":["GET"]}}],"collection":[{"href":"https:\/\/www.jymachinetech.com\/tr\/wp-json\/wp\/v2\/product"}],"about":[{"href":"https:\/\/www.jymachinetech.com\/tr\/wp-json\/wp\/v2\/types\/product"}],"replies":[{"embeddable":true,"href":"https:\/\/www.jymachinetech.com\/tr\/wp-json\/wp\/v2\/comments?post=4751"}],"version-history":[{"count":1,"href":"https:\/\/www.jymachinetech.com\/tr\/wp-json\/wp\/v2\/product\/4751\/revisions"}],"predecessor-version":[{"id":7210,"href":"https:\/\/www.jymachinetech.com\/tr\/wp-json\/wp\/v2\/product\/4751\/revisions\/7210"}],"wp:featuredmedia":[{"embeddable":true,"href":"https:\/\/www.jymachinetech.com\/tr\/wp-json\/wp\/v2\/media\/4762"}],"wp:attachment":[{"href":"https:\/\/www.jymachinetech.com\/tr\/wp-json\/wp\/v2\/media?parent=4751"}],"wp:term":[{"taxonomy":"product_brand","embeddable":true,"href":"https:\/\/www.jymachinetech.com\/tr\/wp-json\/wp\/v2\/product_brand?post=4751"},{"taxonomy":"product_cat","embeddable":true,"href":"https:\/\/www.jymachinetech.com\/tr\/wp-json\/wp\/v2\/product_cat?post=4751"},{"taxonomy":"product_tag","embeddable":true,"href":"https:\/\/www.jymachinetech.com\/tr\/wp-json\/wp\/v2\/product_tag?post=4751"}],"curies":[{"name":"wp","href":"https:\/\/api.w.org\/{rel}","templated":true}]}}