{"id":4617,"date":"2024-06-27T08:39:29","date_gmt":"2024-06-27T08:39:29","guid":{"rendered":"https:\/\/www.jymachinetech.com\/?post_type=product&#038;p=4617"},"modified":"2025-04-01T03:17:13","modified_gmt":"2025-04-01T03:17:13","slug":"liquorice-candy-production-line","status":"publish","type":"product","link":"https:\/\/www.jymachinetech.com\/tr\/product\/liquorice-candy-production-line\/","title":{"rendered":"Liquorice Candy Production Line | Automatic Licorice Candy Making Machine For Multiple Use"},"content":{"rendered":"<p>Lik\u00f6rl\u00fc \u015eeker \u00dcretim Hatt\u0131m\u0131z, verimlilik ve tutarl\u0131l\u0131k ile \u00e7e\u015fitli lik\u00f6r ve yumu\u015fak \u015fekerler \u00fcretmek isteyen \u00fcreticilere geli\u015fmi\u015f bir \u00e7\u00f6z\u00fcmd\u00fcr. Bu hat, klasik lik\u00f6r \u015fekerlerinin yan\u0131 s\u0131ra Ek\u015fi Bant \u015eeker ve \u00e7ok renkli \u015feker kapl\u0131 ek\u015fi bant \u00e7i\u011fneme \u015fekerleri gibi yenilik\u00e7i \u00fcr\u00fcnlerin \u00fcretimine de hizmet eder.<\/p>\n<p><strong>Ana Bile\u015fenler:<\/strong><\/p>\n<ul>\n<li><strong>Ceketli Pi\u015firici<\/strong>: M\u00fckemmel \u015feker dokusu i\u00e7in e\u015fit \u0131s\u0131 da\u011f\u0131l\u0131m\u0131 sa\u011flar.<\/li>\n<li><strong>Jelatinli Ni\u015fasta Makinesi<\/strong>: Lik\u00f6r dahil olmak \u00fczere geni\u015f yelpazedeki \u015fekerlerin temelini haz\u0131rlar.<\/li>\n<li><strong>Ekstruder<\/strong>: \u015eekerleri geleneksel \u015fekiller veya ikonik Ek\u015fi Bant gibi yenilik\u00e7i formlara d\u00f6n\u00fc\u015ft\u00fcr\u00fcr.<\/li>\n<li><strong>Jel Pumpas\u0131<\/strong>: Yumu\u015fak \u015feker \u015feritleri ve G\u00f6kku\u015fa\u011f\u0131 Bantl\u0131 Jel Ek\u015fi \u015eekerler i\u00e7in jel da\u011f\u0131t\u0131r.<\/li>\n<li><strong>Toz Kar\u0131\u015ft\u0131r\u0131c\u0131<\/strong>: \u015eekerlerde ek\u015fi merkez i\u00e7in ek\u015fi tozlar entegre eder.<\/li>\n<li><strong>cURL Too many subrequests.<\/strong>: Yeni ekstr\u00fcde edilen \u015fekerlerin dokusunu ve \u015feklini belirler.<\/li>\n<li><strong>Buhar P\u00fcsk\u00fcrt\u00fcc\u00fc<\/strong>: Yumu\u015fak \u015feker \u015feridi i\u00e7in m\u00fckemmel nem dokunu\u015funu ekler.<\/li>\n<li><strong>Kesme ve \u015eekillendirme Makinesi<\/strong>: \u015eekerleri d\u00fczg\u00fcn ve \u00e7ekici hale getirmek i\u00e7in hassas \u015fekilde keser ve \u015fekillendirir.<\/li>\n<\/ul>\n<p><strong>Uygulama Alan\u0131:<\/strong> Bu \u00fcretim hatt\u0131 sadece geleneksel lik\u00f6r \u015fekerleri i\u00e7in de\u011fil, ayn\u0131 zamanda canl\u0131 G\u00f6kku\u015fa\u011f\u0131 Bantl\u0131 Jel Ek\u015fi \u015eeker gibi \u00e7e\u015fitli ek\u015fi bant \u015fekerleri \u00fcretimi i\u00e7in de uygundur. Hatt\u0131n \u00e7ok y\u00f6nl\u00fcl\u00fc\u011f\u00fc, farkl\u0131 \u015fekil ve boyutlarda yumu\u015fak \u015feker \u015feritleri \u00fcretmeye olanak tan\u0131r ve m\u00fc\u015fterilerin taleplerine g\u00f6re ek\u015fi veya tatl\u0131 dolgularla \u00f6zelle\u015ftirilebilir.<\/p>\n<p><strong>\u00d6zellikler ve Avantajlar:<\/strong><\/p>\n<ul>\n<li><strong>\u00c7ok Y\u00f6nl\u00fcl\u00fck<\/strong>: Kolayca geni\u015f bir lik\u00f6r ve ek\u015fi bant \u015fekerleri yelpazesi \u00fcretir.<\/li>\n<li><strong>\u00d6zelle\u015ftirme<\/strong>: Toz veya j\u00f6le merkezli \u015fekerler ve \u00e7e\u015fitli \u015fekil ve renklerde \u015fekerler olu\u015fturmak i\u00e7in ayarlar.<\/li>\n<li><strong>Verimlilik<\/strong>: Piyasa taleplerini kar\u015f\u0131lamak i\u00e7in y\u00fcksek \u00fcretim kapasitesi.<\/li>\n<li><strong>Quality<\/strong>: \u00dcretim s\u00fcreci \u00fczerinde hassas kontrol sayesinde tutarl\u0131 doku ve tat.<\/li>\n<li><strong>G\u00fcvenlik<\/strong>: G\u00fcvenli bir \u00fcretim ortam\u0131 i\u00e7in g\u00fcvenlik \u00f6zellikleri ile donat\u0131lm\u0131\u015ft\u0131r.<\/li>\n<li><strong>Kullan\u0131m Kolayl\u0131\u011f\u0131<\/strong>: Sorunsuz \u00fcretim y\u00f6netimi i\u00e7in kullan\u0131c\u0131 dostu aray\u00fcz.<\/li>\n<\/ul>\n<p><strong>Kalite G\u00fcvencesi:<\/strong> M\u00fcrekkep Nane \u015eeker \u00dcretim Hatt\u0131m\u0131z, her \u015fekerin tat ve doku beklentilerini kar\u015f\u0131lamas\u0131n\u0131 sa\u011flayan en y\u00fcksek kalite standartlar\u0131na uygundur.<\/p>\n<p><strong>Sat\u0131\u015f Sonras\u0131 Destek:<\/strong> Garanti, bak\u0131m hizmetleri ve yedek par\u00e7a tedariki dahil olmak \u00fczere kapsaml\u0131 sat\u0131\u015f sonras\u0131 destek sa\u011fl\u0131yoruz.<\/p>\n<p><strong>Fiyatland\u0131rma ve Mevcudiyet:<\/strong> Fiyatland\u0131rma ve stok durumu hakk\u0131nda detayl\u0131 bilgi i\u00e7in l\u00fctfen sat\u0131\u015f ekibimizle ileti\u015fime ge\u00e7in ve ki\u015fiselle\u015ftirilmi\u015f dan\u0131\u015fmanl\u0131k al\u0131n.<\/p>\n<p><a href=\"https:\/\/www.jymachinetech.com\/tr\/?attachment_id=4646\" rel=\"attachment wp-att-4646\" target=\"_blank\"><img fetchpriority=\"high\" decoding=\"async\" class=\"alignnone size-full wp-image-4646\" title=\"Liquorice Candy Production Line | Automatic Licorice Candy Making Machine For Multiple Use\" src=\"https:\/\/www.jymachinetech.com\/wp-content\/uploads\/2024\/06\/liquorice-candy-28.jpg\" alt=\"Liquorice Candy Production Line | Automatic Licorice Candy Making Machine For Multiple Use\" width=\"800\" height=\"800\" srcset=\"https:\/\/www.jymachinetech.com\/wp-content\/uploads\/2024\/06\/liquorice-candy-28.jpg 800w, https:\/\/www.jymachinetech.com\/wp-content\/uploads\/2024\/06\/liquorice-candy-28-12x12.jpg 12w, https:\/\/www.jymachinetech.com\/wp-content\/uploads\/2024\/06\/liquorice-candy-28-300x300.jpg 300w, https:\/\/www.jymachinetech.com\/wp-content\/uploads\/2024\/06\/liquorice-candy-28-600x600.jpg 600w, https:\/\/www.jymachinetech.com\/wp-content\/uploads\/2024\/06\/liquorice-candy-28-100x100.jpg 100w\" sizes=\"(max-width: 800px) 100vw, 800px\" \/><\/a><\/p>\n<p>Nane \u015fekeri \u00fcretiminin b\u00fcy\u00fcleyici d\u00fcnyas\u0131na dal\u0131n, bu eski tatl\u0131'n\u0131n zengin tarihi modern \u00fcretim teknikleriyle bulu\u015fuyor. Do\u011fal tad\u0131n\u0131n toprakl\u0131 lezzetinden, \u00e7i\u011fneme keyfi sunan yap\u0131\u015fkan yap\u0131s\u0131na kadar, nane \u015fekeri \u015fekerleme evreninde benzersiz bir yere sahiptir. Bu kapsaml\u0131 \u00fcretim a\u00e7\u0131klamas\u0131, malzeme se\u00e7iminden son ambalajlamaya kadar nane \u015fekeri \u00fcretim hatt\u0131 olu\u015fturma s\u00fcrecinde size rehberlik edecektir.<\/p>\n<h2><strong>1. Malzeme Temini ve Haz\u0131rl\u0131\u011f\u0131<\/strong><\/h2>\n<p>Nane \u015fekeri yolculu\u011fu, ana malzemelerin dikkatli temini ve haz\u0131rlanmas\u0131yla ba\u015flar. Ana bile\u015fen, genellikle nane olarak bilinen Glycyrrhiza glabra bitkisinin k\u00f6klerinden elde edilen \u00f6zd\u00fcr. Bu \u00f6z, \u015fekerin kendine \u00f6zg\u00fc tad\u0131n\u0131 ve bir\u00e7ok sa\u011fl\u0131k faydas\u0131n\u0131 sa\u011flar. Di\u011fer malzemeler aras\u0131nda \u015feker, m\u0131s\u0131r \u015furubu ve son \u00fcr\u00fcn\u00fc geli\u015ftirmek i\u00e7in \u00e7e\u015fitli aroma ve g\u0131da s\u0131n\u0131f\u0131 renkler bulunur.<\/p>\n<h2><strong>2. Nane K\u00f6klerinin Temizlenmesi ve Kavrulmas\u0131<\/strong><\/h2>\n<p>Al\u0131m s\u0131ras\u0131nda, nane k\u00f6kleri herhangi bir kir veya safs\u0131zl\u0131\u011f\u0131 gidermek i\u00e7in kapsaml\u0131 bir temizlik i\u015flemine tabi tutulur. Daha sonra, do\u011fal tatlar\u0131n\u0131 ortaya \u00e7\u0131karmak ve ekstraksiyona haz\u0131rlamak i\u00e7in kavrulur. Bu ad\u0131m, son \u00fcr\u00fcn\u00fcn lezzet profilini etkiledi\u011fi i\u00e7in \u00e7ok \u00f6nemlidir.<\/p>\n<p><a href=\"https:\/\/www.jymachinetech.com\/tr\/?attachment_id=4644\" rel=\"attachment wp-att-4644\" target=\"_blank\"><img decoding=\"async\" class=\"alignnone size-full wp-image-4644\" title=\"Liquorice Candy Production Line | Automatic Licorice Candy Making Machine For Multiple Use\" src=\"https:\/\/www.jymachinetech.com\/wp-content\/uploads\/2024\/06\/liquorice-candy-26.jpg\" alt=\"Liquorice Candy Production Line | Automatic Licorice Candy Making Machine For Multiple Use\" width=\"800\" height=\"800\" srcset=\"https:\/\/www.jymachinetech.com\/wp-content\/uploads\/2024\/06\/liquorice-candy-26.jpg 800w, https:\/\/www.jymachinetech.com\/wp-content\/uploads\/2024\/06\/liquorice-candy-26-12x12.jpg 12w, https:\/\/www.jymachinetech.com\/wp-content\/uploads\/2024\/06\/liquorice-candy-26-300x300.jpg 300w, https:\/\/www.jymachinetech.com\/wp-content\/uploads\/2024\/06\/liquorice-candy-26-600x600.jpg 600w, https:\/\/www.jymachinetech.com\/wp-content\/uploads\/2024\/06\/liquorice-candy-26-100x100.jpg 100w\" sizes=\"(max-width: 800px) 100vw, 800px\" \/><\/a><\/p>\n<h2><strong>3. Nane Aromas\u0131 Ekstraksiyonu<\/strong><\/h2>\n<p>Kavrulmu\u015f k\u00f6kler, de\u011ferli nane aroma bile\u015fenlerini \u00e7\u0131karmak i\u00e7in i\u015flenir. Bu genellikle \u00e7\u00f6z\u00fcc\u00fc ekstraksiyon y\u00f6ntemiyle yap\u0131l\u0131r ve bitki materyalinden aroma bile\u015fenlerini ay\u0131r\u0131r.<\/p>\n<h2><strong>4. Kar\u0131\u015ft\u0131rma ve Pi\u015firme<\/strong><\/h2>\n<p>Bir sonraki a\u015famada, \u00e7\u0131kar\u0131lan nane aromas\u0131, \u015feker, m\u0131s\u0131r \u015furubu ve di\u011fer malzemeler b\u00fcy\u00fck kar\u0131\u015ft\u0131rma kaplar\u0131nda birle\u015ftirilir. Bu kar\u0131\u015f\u0131m, istenen k\u0131vama ve dokuya ula\u015fmak i\u00e7in hassas s\u0131cakl\u0131klarda pi\u015firilir. Pi\u015firme i\u015flemi, \u015fekerlerin karamelle\u015fmesine de yard\u0131mc\u0131 olur ve \u015fekerin lezzetini art\u0131r\u0131r.<\/p>\n<p><a href=\"https:\/\/www.jymachinetech.com\/tr\/?attachment_id=4641\" rel=\"attachment wp-att-4641\" target=\"_blank\"><img decoding=\"async\" class=\"alignnone size-full wp-image-4641\" title=\"Liquorice Candy Production Line | Automatic Licorice Candy Making Machine For Multiple Use\" src=\"https:\/\/www.jymachinetech.com\/wp-content\/uploads\/2024\/06\/liquorice-candy-23.jpg\" alt=\"Liquorice Candy Production Line | Automatic Licorice Candy Making Machine For Multiple Use\" width=\"800\" height=\"800\" srcset=\"https:\/\/www.jymachinetech.com\/wp-content\/uploads\/2024\/06\/liquorice-candy-23.jpg 800w, https:\/\/www.jymachinetech.com\/wp-content\/uploads\/2024\/06\/liquorice-candy-23-12x12.jpg 12w, https:\/\/www.jymachinetech.com\/wp-content\/uploads\/2024\/06\/liquorice-candy-23-300x300.jpg 300w, https:\/\/www.jymachinetech.com\/wp-content\/uploads\/2024\/06\/liquorice-candy-23-600x600.jpg 600w, https:\/\/www.jymachinetech.com\/wp-content\/uploads\/2024\/06\/liquorice-candy-23-100x100.jpg 100w\" sizes=\"(max-width: 800px) 100vw, 800px\" \/><\/a><\/p>\n<h2><strong>5. Aromaland\u0131rma ve Renk Verme<\/strong><\/h2>\n<p>Temel nane kar\u0131\u015f\u0131m\u0131 haz\u0131r olduktan sonra, belirli aromalar ve renkler eklenir. \u0130ster geleneksel siyah nane, ister daha canl\u0131 k\u0131rm\u0131z\u0131, ye\u015fil veya sar\u0131 \u00e7e\u015fitler olsun, g\u0131da s\u0131n\u0131f\u0131 renkler istenilen tonu yakalamak i\u00e7in kullan\u0131l\u0131r. Anason, nane veya hatta \u00e7ikolata gibi aromalar da eklenerek geni\u015f bir nane \u015fekeri \u00e7e\u015fidi olu\u015fturulabilir.<\/p>\n<h2><strong>6. So\u011futma ve \u00c7ekme<\/strong><\/h2>\n<p>Kar\u0131\u015f\u0131m uygun s\u0131cakl\u0131\u011fa ula\u015ft\u0131ktan sonra so\u011futulur ve ard\u0131ndan \u00e7ekilir. \u00c7ekme i\u015flemi, \u015fekerin gerilerek katlanmas\u0131yla hava i\u00e7ine al\u0131nmas\u0131n\u0131 sa\u011flayan geleneksel bir y\u00f6ntemdir ve \u00e7i\u011fnenebilir bir doku olu\u015fturur. Modern \u00fcretim hatlar\u0131 bu i\u015flem i\u00e7in otomatik \u00e7ekiciler kullanabilir, b\u00f6ylece tutarl\u0131l\u0131k ve verimlilik sa\u011flan\u0131r.<\/p>\n<p><a href=\"https:\/\/www.jymachinetech.com\/tr\/?attachment_id=4635\" rel=\"attachment wp-att-4635\" target=\"_blank\"><img loading=\"lazy\" decoding=\"async\" class=\"alignnone size-full wp-image-4635\" title=\"Liquorice Candy Production Line | Automatic Licorice Candy Making Machine For Multiple Use\" src=\"https:\/\/www.jymachinetech.com\/wp-content\/uploads\/2024\/06\/liquorice-candy-17.jpg\" alt=\"Liquorice Candy Production Line | Automatic Licorice Candy Making Machine For Multiple Use\" width=\"800\" height=\"800\" srcset=\"https:\/\/www.jymachinetech.com\/wp-content\/uploads\/2024\/06\/liquorice-candy-17.jpg 800w, https:\/\/www.jymachinetech.com\/wp-content\/uploads\/2024\/06\/liquorice-candy-17-12x12.jpg 12w, https:\/\/www.jymachinetech.com\/wp-content\/uploads\/2024\/06\/liquorice-candy-17-300x300.jpg 300w, https:\/\/www.jymachinetech.com\/wp-content\/uploads\/2024\/06\/liquorice-candy-17-600x600.jpg 600w, https:\/\/www.jymachinetech.com\/wp-content\/uploads\/2024\/06\/liquorice-candy-17-100x100.jpg 100w\" sizes=\"(max-width: 800px) 100vw, 800px\" \/><\/a><\/p>\n<p>&nbsp;<\/p>\n<p>&nbsp;<\/p>\n<h2><strong>7. Kesme ve \u015eekillendirme<\/strong><\/h2>\n<p>\u00c7ekilen \u015feker daha sonra istenilen \u015fekil ve boyutlarda kesilir. Geleneksel \u015feker genellikle ip veya burgu \u015feklinde olurken, modern \u00fcretim hatlar\u0131 \u00e7e\u015fitli \u015fekiller yaratabilir; \u00f6rne\u011fin yuvarlaklar, tekerlekler veya hatta yenilik\u00e7i formlar.<\/p>\n<h2><strong>8. Kurutma ve Sertle\u015ftirme<\/strong><\/h2>\n<p>Kesilen \u015feker par\u00e7alar\u0131 raflara konur ve kurumas\u0131 ile sertle\u015fmesi sa\u011flan\u0131r. Bu s\u00fcre\u00e7 birka\u00e7 saat s\u00fcrebilir ve \u015fekerin nihai dokusunu elde etmek i\u00e7in \u00f6nemlidir. Baz\u0131 durumlarda, uniform kuruma sa\u011flamak amac\u0131yla belirli nem seviyelerine sahip kontroll\u00fc bir ortam kullan\u0131l\u0131r.<\/p>\n<p><a href=\"https:\/\/www.jymachinetech.com\/tr\/?attachment_id=4637\" rel=\"attachment wp-att-4637\" target=\"_blank\"><img loading=\"lazy\" decoding=\"async\" class=\"alignnone size-full wp-image-4637\" title=\"Liquorice Candy Production Line | Automatic Licorice Candy Making Machine For Multiple Use\" src=\"https:\/\/www.jymachinetech.com\/wp-content\/uploads\/2024\/06\/liquorice-candy-19.jpg\" alt=\"Liquorice Candy Production Line | Automatic Licorice Candy Making Machine For Multiple Use\" width=\"800\" height=\"800\" srcset=\"https:\/\/www.jymachinetech.com\/wp-content\/uploads\/2024\/06\/liquorice-candy-19.jpg 800w, https:\/\/www.jymachinetech.com\/wp-content\/uploads\/2024\/06\/liquorice-candy-19-12x12.jpg 12w, https:\/\/www.jymachinetech.com\/wp-content\/uploads\/2024\/06\/liquorice-candy-19-300x300.jpg 300w, https:\/\/www.jymachinetech.com\/wp-content\/uploads\/2024\/06\/liquorice-candy-19-600x600.jpg 600w, https:\/\/www.jymachinetech.com\/wp-content\/uploads\/2024\/06\/liquorice-candy-19-100x100.jpg 100w\" sizes=\"(max-width: 800px) 100vw, 800px\" \/><\/a><\/p>\n<h2><strong>9. Kalite Kontrol ve Denetim<\/strong><\/h2>\n<p>Her \u015feker partisi titizlikle kalite kontrol\u00fcnden ge\u00e7irilir. Bu, g\u00f6r\u00fcn\u00fcm, doku ve boyut a\u00e7\u0131s\u0131ndan g\u00f6rsel incelemeleri ve lezzetin \u00fcr\u00fcn \u00f6zellikleriyle uyumlu olup olmad\u0131\u011f\u0131n\u0131 belirlemek i\u00e7in tat testlerini i\u00e7erir.<\/p>\n<h2><strong>10. Paketleme<\/strong><\/h2>\n<p>Son \u015fekerler paketlenir. \u00dcr\u00fcne g\u00f6re, bu basit plastik ambalajdan hediye setleri veya toptan sat\u0131\u015flar i\u00e7in daha detayl\u0131 ambalajlara kadar de\u011fi\u015febilir. Modern paketleme makineleri, \u015fekerlerin tazeli\u011fini ve kalitesini koruyacak \u015fekilde m\u00fch\u00fcrlenmesini sa\u011flar.<\/p>\n<h2><strong>11. Depolama ve Da\u011f\u0131t\u0131m<\/strong><\/h2>\n<p>Uygun depolama, \u015feker kalitesinin korunmas\u0131 i\u00e7in kritiktir. Paketlenmi\u015f \u015fekerler, sat\u0131c\u0131lar veya \u00e7e\u015fitli pazarlara ihra\u00e7 edilmeden \u00f6nce serin ve kuru bir ortamda saklan\u0131r.<\/p>\n<p><a href=\"https:\/\/www.jymachinetech.com\/tr\/?attachment_id=4631\" rel=\"attachment wp-att-4631\" target=\"_blank\"><img loading=\"lazy\" decoding=\"async\" class=\"alignnone size-large wp-image-4631\" title=\"Liquorice Candy Production Line | Automatic Licorice Candy Making Machine For Multiple Use\" src=\"https:\/\/www.jymachinetech.com\/wp-content\/uploads\/2024\/06\/liquorice-candy-13-1024x768.jpg\" alt=\"Liquorice Candy Production Line | Automatic Licorice Candy Making Machine For Multiple Use\" width=\"1024\" height=\"768\" \/><\/a><\/p>\n<h2><strong>\u0130statistiksel Veriler<\/strong><\/h2>\n<p>K\u00fcresel \u015feker piyasas\u0131n\u0131n 2020-2025 d\u00f6neminde %4.11 CAGR ile b\u00fcy\u00fcmesi beklenmektedir, bu da d\u00fcnya genelinde \u015feker \u00fcr\u00fcnlerine olan talebin g\u00fc\u00e7l\u00fc oldu\u011funu g\u00f6stermektedir. Bu b\u00fcy\u00fcme, \u015fekerin sa\u011fl\u0131kl\u0131 at\u0131\u015ft\u0131rmal\u0131k se\u00e7ene\u011fi olarak tan\u0131nmas\u0131n\u0131n artmas\u0131 ve benzersiz tat profiliyle desteklenmektedir.<\/p>\n<h2>SSS<\/h2>\n<p>Bir \u015feker \u00fcretim hatt\u0131 sat\u0131n almay\u0131 d\u00fc\u015f\u00fcn\u00fcrken, potansiyel al\u0131c\u0131lar genellikle yat\u0131r\u0131m\u0131n i\u015f ihtiya\u00e7lar\u0131na uygun olup olmad\u0131\u011f\u0131n\u0131 anlamak i\u00e7in \u00e7e\u015fitli sorular sorar. \u0130\u015fte karar verme s\u00fcrecine rehberlik edebilecek baz\u0131 \u00f6nemli sorular:<\/p>\n<ol>\n<li><strong>\u015eeker \u00fcretim hatt\u0131n\u0131n kapasitesi nedir?<\/strong>\n<ul>\n<li>\u00dcretim hatt\u0131n\u0131n \u00e7\u0131kt\u0131 kapasitesini anlamak, piyasa taleplerini kar\u015f\u0131lamak ve \u00fcretim takvimlerini planlamak i\u00e7in \u00e7ok \u00f6nemlidir.<\/li>\n<\/ul>\n<\/li>\n<li><strong>\u00dcretim hatt\u0131, \u015feker \u015fekilleri ve boyutlar\u0131 a\u00e7\u0131s\u0131ndan ne kadar \u00e7ok y\u00f6nl\u00fcd\u00fcr?<\/strong>\n<ul>\n<li>Hatt\u0131n \u00fcretebilece\u011fi \u00fcr\u00fcn yelpazesini bilmek, \u00e7e\u015fitli t\u00fcketici tercihlerine uygun olup olmad\u0131\u011f\u0131n\u0131 belirlemeye yard\u0131mc\u0131 olur.<\/li>\n<\/ul>\n<\/li>\n<li><strong>Toplam maliyetler nelerdir, sat\u0131n alma fiyat\u0131, i\u015fletme maliyetleri ve bak\u0131m dahil mi?<\/strong>\n<ul>\n<li>B\u00fct\u00e7eleme ve yat\u0131r\u0131m getirisi (ROI) hesaplamalar\u0131 i\u00e7in t\u00fcm ili\u015fkili maliyetlerin kapsaml\u0131 bir \u015fekilde anla\u015f\u0131lmas\u0131 esast\u0131r.<\/li>\n<\/ul>\n<\/li>\n<li><strong>\u00dcretim hatt\u0131 hangi t\u00fcr \u015fekerleme aromalar\u0131 ve renklerini kar\u015f\u0131layabilir?<\/strong>\n<ul>\n<li>Aroma ve renk \u00fcretiminde esneklik, sunulan \u00fcr\u00fcn \u00e7e\u015fitlili\u011fini etkileyebilir.<\/li>\n<\/ul>\n<\/li>\n<li><strong>\u00dcretim hatt\u0131 uluslararas\u0131 g\u0131da g\u00fcvenli\u011fi ve kalite standartlar\u0131na uyuyor mu?<\/strong>\n<ul>\n<li>ISO, HACCP ve FDA d\u00fczenlemeleri gibi standartlara uyum, \u00fcr\u00fcn g\u00fcvenli\u011fi ve pazarlanabilirli\u011fi sa\u011flar.<\/li>\n<\/ul>\n<\/li>\n<li><strong>\u00dcretim hatt\u0131n\u0131n sundu\u011fu otomasyon seviyesi nedir?<\/strong>\n<ul>\n<li>Otomasyon, verimlilik, \u00fcretim h\u0131z\u0131 ve i\u015fg\u00fcc\u00fc gereksinimleri \u00fczerinde \u00f6nemli bir etki yapabilir.<\/li>\n<\/ul>\n<\/li>\n<li><strong>\u00dcretim ve bak\u0131m i\u00e7in \u00fcretici hangi e\u011fitim ve destekleri sa\u011flar?<\/strong>\n<ul>\n<li>Yeterli e\u011fitim ve s\u00fcrekli destek, \u00fcretim hatt\u0131n\u0131n sorunsuz \u00e7al\u0131\u015fmas\u0131 i\u00e7in hayati \u00f6nemdedir.<\/li>\n<\/ul>\n<\/li>\n<li><strong>Garanti ko\u015fullar\u0131 ve sat\u0131\u015f sonras\u0131 hizmet se\u00e7enekleri nelerdir?<\/strong>\n<ul>\n<li>Kapsam\u0131n ne oldu\u011fu ve hizmetin eri\u015filebilirli\u011fi, olas\u0131 gelecekteki sorunlar konusunda g\u00fcven sa\u011flar.<\/li>\n<\/ul>\n<\/li>\n<li><strong>\u00dcretim hatt\u0131, b\u00fcy\u00fcyen i\u015f ihtiya\u00e7lar\u0131na g\u00f6re \u00f6zelle\u015ftirilebilir veya \u00f6l\u00e7eklendirilebilir mi?<\/strong>\n<ul>\n<li>\u00dcretim hatt\u0131n\u0131 de\u011fi\u015fen i\u015f gereksinimlerine uyarlama yetene\u011fi \u00f6nemli bir fakt\u00f6rd\u00fcr.<\/li>\n<\/ul>\n<\/li>\n<li><strong>\u00dcretim hatt\u0131n\u0131n teslim ve kurulum i\u00e7in ortalama s\u00fcre nedir?<\/strong>\n<ul>\n<li>Kurulum zaman \u00e7izelgesini anlamak, planlama ve pazar giri\u015f s\u00fcrelerini kar\u015f\u0131lamada yard\u0131mc\u0131 olur.<\/li>\n<\/ul>\n<\/li>\n<li><strong>\u00dcretim hatt\u0131nda enerji verimlili\u011fi \u00f6zellikleri var m\u0131 ve operasyonel maliyetleri azaltabilir mi?<\/strong>\n<ul>\n<li>Enerji tasarruflu makineler, uzun vadeli tasarruflara ve \u00e7evresel s\u00fcrd\u00fcr\u00fclebilirli\u011fe katk\u0131da bulunabilir.<\/li>\n<\/ul>\n<\/li>\n<li><strong>Bu \u00fcretim hatt\u0131 performans, g\u00fcvenilirlik ve fiyat a\u00e7\u0131s\u0131ndan rakiplerle nas\u0131l kar\u015f\u0131la\u015ft\u0131r\u0131l\u0131r?<\/strong>\n<ul>\n<li>Kar\u015f\u0131la\u015ft\u0131rmal\u0131 analiz, yat\u0131r\u0131ma en iyi de\u011feri sa\u011flayan se\u00e7enekler hakk\u0131nda i\u00e7g\u00f6r\u00fc sunabilir.<\/li>\n<\/ul>\n<\/li>\n<li><strong>\u00dcretim hatt\u0131 sat\u0131n almak i\u00e7in hangi finansman se\u00e7enekleri veya kiralama imkanlar\u0131 mevcuttur?<\/strong>\n<ul>\n<li>Esnek finansman, edinimi daha y\u00f6netilebilir hale getirebilir.<\/li>\n<\/ul>\n<\/li>\n<li><strong>\u00dcretim s\u00fcrecinde kullan\u0131lan hammaddeler, ambalaj malzemeleri veya t\u00fcketim malzemeleri i\u00e7in ek maliyetler var m\u0131?<\/strong>\n<ul>\n<li>T\u00fcm malzeme maliyetlerini dikkate almak, do\u011fru finansal planlama i\u00e7in \u00f6nemlidir.<\/li>\n<\/ul>\n<\/li>\n<li><strong>\u00dcretim hatt\u0131n\u0131n beklenen kullan\u0131m \u00f6mr\u00fc nedir ve bile\u015fenlerin y\u00fckseltilmesi veya de\u011fi\u015ftirilmesi s\u00fcreci nas\u0131ld\u0131r?<\/strong>\n<ul>\n<li>Ekipman\u0131n dayan\u0131kl\u0131l\u0131\u011f\u0131 ve y\u00fckseltilebilirli\u011fi hakk\u0131nda bilgi sahibi olmak, uzun vadeli i\u015f stratejisini etkileyebilir.<\/li>\n<\/ul>\n<\/li>\n<\/ol>\n<p>Bu sorular\u0131 yan\u0131tlayarak, potansiyel al\u0131c\u0131lar i\u015f hedeflerine ve operasyonel gereksinimlere uygun bir lolipop \u015feker \u00fcretim hatt\u0131na yat\u0131r\u0131m yapma konusunda bilin\u00e7li kararlar verebilirler.<\/p>\n<p><a href=\"https:\/\/www.jymachinetech.com\/tr\/?attachment_id=4630\" rel=\"attachment wp-att-4630\" target=\"_blank\"><img loading=\"lazy\" decoding=\"async\" class=\"alignnone size-full wp-image-4630\" title=\"Liquorice Candy Production Line | Automatic Licorice Candy Making Machine For Multiple Use\" src=\"https:\/\/www.jymachinetech.com\/wp-content\/uploads\/2024\/06\/liquorice-candy-12.jpg\" alt=\"Liquorice Candy Production Line | Automatic Licorice Candy Making Machine For Multiple Use\" width=\"800\" height=\"800\" srcset=\"https:\/\/www.jymachinetech.com\/wp-content\/uploads\/2024\/06\/liquorice-candy-12.jpg 800w, https:\/\/www.jymachinetech.com\/wp-content\/uploads\/2024\/06\/liquorice-candy-12-12x12.jpg 12w, https:\/\/www.jymachinetech.com\/wp-content\/uploads\/2024\/06\/liquorice-candy-12-300x300.jpg 300w, https:\/\/www.jymachinetech.com\/wp-content\/uploads\/2024\/06\/liquorice-candy-12-600x600.jpg 600w, https:\/\/www.jymachinetech.com\/wp-content\/uploads\/2024\/06\/liquorice-candy-12-100x100.jpg 100w\" sizes=\"(max-width: 800px) 100vw, 800px\" \/><\/a><\/p>\n<h2><strong>\u0130leti\u015fim<\/strong><\/h2>\n<p>Kendi lolipop \u015feker imparatorlu\u011funuzu kurma s\u00fcrecine ilgi duyuyor musunuz? Piyasay\u0131 daha yak\u0131ndan inceleyin, t\u00fcketici tercihlerini anlay\u0131n ve bir lolipop \u015feker \u00fcretim hatt\u0131na yat\u0131r\u0131m yapmay\u0131 d\u00fc\u015f\u00fcn\u00fcn. Do\u011fru malzeme, ekipman ve tutku kombinasyonu ile, siz de lolipop \u015feker tutkunlar\u0131na ne\u015fe getirebilirsiniz.<\/p>\n<p><a href=\"https:\/\/www.jymachinetech.com\/tr\/?attachment_id=4632\" rel=\"attachment wp-att-4632\" target=\"_blank\"><img loading=\"lazy\" decoding=\"async\" class=\"alignnone size-full wp-image-4632\" title=\"Liquorice Candy Production Line | Automatic Licorice Candy Making Machine For Multiple Use\" src=\"https:\/\/www.jymachinetech.com\/wp-content\/uploads\/2024\/06\/liquorice-candy-14.jpg\" alt=\"Liquorice Candy Production Line | Automatic Licorice Candy Making Machine For Multiple Use\" width=\"800\" height=\"800\" srcset=\"https:\/\/www.jymachinetech.com\/wp-content\/uploads\/2024\/06\/liquorice-candy-14.jpg 800w, https:\/\/www.jymachinetech.com\/wp-content\/uploads\/2024\/06\/liquorice-candy-14-12x12.jpg 12w, https:\/\/www.jymachinetech.com\/wp-content\/uploads\/2024\/06\/liquorice-candy-14-300x300.jpg 300w, https:\/\/www.jymachinetech.com\/wp-content\/uploads\/2024\/06\/liquorice-candy-14-600x600.jpg 600w, https:\/\/www.jymachinetech.com\/wp-content\/uploads\/2024\/06\/liquorice-candy-14-100x100.jpg 100w\" sizes=\"(max-width: 800px) 100vw, 800px\" \/><\/a><\/p>\n<p>&nbsp;<\/p>","protected":false},"excerpt":{"rendered":"<p>Our Liquorice Candy Production Line is a sophisticated solution for manufacturers seeking to produce a variety of licorice and soft candies with efficiency and consistency. This line is designed to cater to the creation of classic licorice candies, as well as innovative products like Sour Belt Candy and multicolored sugar coated sour belt chew candies. [&hellip;]<\/p>","protected":false},"featured_media":4931,"comment_status":"open","ping_status":"closed","template":"","meta":[],"product_brand":[],"product_cat":[98],"product_tag":[],"class_list":{"0":"post-4617","1":"product","2":"type-product","3":"status-publish","4":"has-post-thumbnail","6":"product_cat-gummy-candy-machine","8":"first","9":"instock","10":"shipping-taxable","11":"product-type-simple"},"_links":{"self":[{"href":"https:\/\/www.jymachinetech.com\/tr\/wp-json\/wp\/v2\/product\/4617","targetHints":{"allow":["GET"]}}],"collection":[{"href":"https:\/\/www.jymachinetech.com\/tr\/wp-json\/wp\/v2\/product"}],"about":[{"href":"https:\/\/www.jymachinetech.com\/tr\/wp-json\/wp\/v2\/types\/product"}],"replies":[{"embeddable":true,"href":"https:\/\/www.jymachinetech.com\/tr\/wp-json\/wp\/v2\/comments?post=4617"}],"version-history":[{"count":0,"href":"https:\/\/www.jymachinetech.com\/tr\/wp-json\/wp\/v2\/product\/4617\/revisions"}],"wp:featuredmedia":[{"embeddable":true,"href":"https:\/\/www.jymachinetech.com\/tr\/wp-json\/wp\/v2\/media\/4931"}],"wp:attachment":[{"href":"https:\/\/www.jymachinetech.com\/tr\/wp-json\/wp\/v2\/media?parent=4617"}],"wp:term":[{"taxonomy":"product_brand","embeddable":true,"href":"https:\/\/www.jymachinetech.com\/tr\/wp-json\/wp\/v2\/product_brand?post=4617"},{"taxonomy":"product_cat","embeddable":true,"href":"https:\/\/www.jymachinetech.com\/tr\/wp-json\/wp\/v2\/product_cat?post=4617"},{"taxonomy":"product_tag","embeddable":true,"href":"https:\/\/www.jymachinetech.com\/tr\/wp-json\/wp\/v2\/product_tag?post=4617"}],"curies":[{"name":"wp","href":"https:\/\/api.w.org\/{rel}","templated":true}]}}