{"id":3524,"date":"2024-06-17T09:36:22","date_gmt":"2024-06-17T09:36:22","guid":{"rendered":"https:\/\/www.jymachinetech.com\/?post_type=product&#038;p=3524"},"modified":"2025-07-25T06:07:31","modified_gmt":"2025-07-25T06:07:31","slug":"chocolate-chips-making-machine","status":"publish","type":"product","link":"https:\/\/www.jymachinetech.com\/tr\/product\/chocolate-chips-making-machine\/","title":{"rendered":"Chocolate Chips Making Machine | Automatic Chocolate Chips Production Line"},"content":{"rendered":"<p>\u00c7ikolata Par\u00e7ac\u0131klar\u0131 Yap\u0131m Makinemiz, \u00e7e\u015fitli \u00e7ikolata par\u00e7ac\u0131klar\u0131n\u0131n s\u00fcrekli \u00fcretimi i\u00e7in tasarlanm\u0131\u015f en geli\u015fmi\u015f ekipmand\u0131r. Bu yenilik\u00e7i makine, y\u00fcksek hacimli \u00e7ikolata \u00fcretiminin taleplerini kar\u015f\u0131lamak \u00fczere titizlikle m\u00fchendislik \u00e7al\u0131\u015fmalar\u0131 sonucu ortaya \u00e7\u0131km\u0131\u015ft\u0131r.<\/p>\n<h2><strong>Ana \u00d6zellikler:<\/strong><\/h2>\n<ul>\n<li><strong>\u00c7oklu Damlalar \u00dcretimi<\/strong>: Verimlili\u011fi art\u0131rmak i\u00e7in \u00e7oklu damla halinde \u00e7ikolata par\u00e7ac\u0131klar\u0131 \u00fcretme kapasitesine sahiptir.<\/li>\n<li><strong>Su Dola\u015f\u0131m Sistemi<\/strong>: \u00dcretim s\u0131ras\u0131nda optimal s\u0131cakl\u0131k kontrol\u00fc i\u00e7in \u00e7ift katmanl\u0131 boru ve tank sistemi ile donat\u0131lm\u0131\u015ft\u0131r.<\/li>\n<li><strong>cURL Too many subrequests.<\/strong>: T\u00fcm par\u00e7alar kolay temizleme ve \u00e7\u0131karma i\u00e7in tasarlanm\u0131\u015f olup hijyen sa\u011flar ve duru\u015f s\u00fcresini azalt\u0131r.<\/li>\n<li><strong>Hassas D\u00f6k\u00fcm<\/strong>: Daha do\u011fru damla d\u00f6k\u00fcm imkan\u0131 sunarak \u00fcr\u00fcn kalitesinde tutarl\u0131l\u0131k sa\u011flar.<\/li>\n<li><strong>Otomatik \u00c7al\u0131\u015fma<\/strong>: Tam otomatik \u00fcretim i\u00e7in PLC program\u0131 ile kontrol edilir, manuel i\u015f\u00e7ilik azalt\u0131l\u0131r ve \u00e7\u0131kt\u0131 art\u0131r\u0131l\u0131r.<\/li>\n<li><strong>Geli\u015ftirilmi\u015f D\u00f6k\u00fcm Plakas\u0131<\/strong>: Performans\u0131 ve dayan\u0131kl\u0131l\u0131\u011f\u0131 art\u0131rmak i\u00e7in geli\u015ftirilmi\u015f yap\u0131.<\/li>\n<li><strong>Dayan\u0131kl\u0131l\u0131k<\/strong>: \u0130thal elektrikli bile\u015fenler ile uzun \u00f6m\u00fcrl\u00fc olacak \u015fekilde tasarlanm\u0131\u015ft\u0131r, uzun servis \u00f6mr\u00fc sa\u011flar.<\/li>\n<li><strong>Y\u00fcksek Verimlilik<\/strong>: Geleneksel piston d\u00f6k\u00fcm sistemlerini a\u015far, \u00fcr\u00fcn boyutunda uniformluk ve m\u00fckemmel \u015fekillendirme etkisi sunar.<\/li>\n<\/ul>\n<p><a href=\"https:\/\/www.jymachinetech.com\/tr\/?attachment_id=1501\" rel=\"attachment wp-att-1501\" target=\"_blank\"><img fetchpriority=\"high\" decoding=\"async\" class=\"alignnone size-full wp-image-1501\" title=\"\u00e7ikolata par\u00e7ac\u0131\u011f\u0131 yapma makinesi | otomatik \u00e7ikolata par\u00e7ac\u0131\u011f\u0131 \u00fcretim hatt\u0131\" src=\"https:\/\/www.jymachinetech.com\/wp-content\/uploads\/2021\/12\/image_1616395548_Chocolate-Enrobing-Machine.jpg\" alt=\"\u00e7ikolata par\u00e7ac\u0131\u011f\u0131 yapma makinesi | otomatik \u00e7ikolata par\u00e7ac\u0131\u011f\u0131 \u00fcretim hatt\u0131\" width=\"800\" height=\"580\" srcset=\"https:\/\/www.jymachinetech.com\/wp-content\/uploads\/2021\/12\/image_1616395548_Chocolate-Enrobing-Machine.jpg 800w, https:\/\/www.jymachinetech.com\/wp-content\/uploads\/2021\/12\/image_1616395548_Chocolate-Enrobing-Machine-18x12.jpg 18w, https:\/\/www.jymachinetech.com\/wp-content\/uploads\/2021\/12\/image_1616395548_Chocolate-Enrobing-Machine-600x435.jpg 600w\" sizes=\"(max-width: 800px) 100vw, 800px\" \/><\/a><\/p>\n<h2><strong>S\u0131k\u00e7a Sorulan Sorular:<\/strong><\/h2>\n<ul>\n<li><strong>Q:<\/strong> \u00c7ikolata Par\u00e7ac\u0131klar\u0131 Yap\u0131m Makinesi nedir? <strong>A:<\/strong> \u00c7e\u015fitli \u00e7ikolata par\u00e7ac\u0131klar\u0131 \u00fcretimi i\u00e7in yeni tasarlanm\u0131\u015f ekipman, s\u00fcrekli ve b\u00fcy\u00fck \u00f6l\u00e7ekli operasyonlara uygundur.<\/li>\n<li><strong>Q:<\/strong> Makine farkl\u0131 t\u00fcrde \u00e7ikolata par\u00e7ac\u0131klar\u0131 yapabilir mi? <strong>A:<\/strong> Evet, makine boyut ayarlar\u0131na izin verir. Ancak, \u00e7ikolata s\u0131v\u0131s\u0131n\u0131n viskozitesi kuyruk olu\u015fumunu etkileyebilir.<\/li>\n<li><strong>Q:<\/strong> Makine saatte ka\u00e7 adet \u00e7ikolata par\u00e7ac\u0131\u011f\u0131 \u00fcretebilir? <strong>A:<\/strong> \u00dcretim kapasitesi \u00fcr\u00fcn boyutu ve a\u011f\u0131rl\u0131\u011f\u0131na ba\u011fl\u0131d\u0131r. \u00dcr\u00fcn detaylar\u0131n\u0131za g\u00f6re kesin hesaplama sa\u011flayabiliriz.<\/li>\n<li><strong>Q:<\/strong> S: Kurulum ve hata ay\u0131klama hizmetleri sunuyor musunuz? <strong>A:<\/strong> Evet, profesyonel m\u00fchendislerimiz gerekirse yerinde kurulum ve hata ay\u0131klama hizmetleri sunabilir.<\/li>\n<li><strong>Q:<\/strong> \u00c7ikolata \u00fcretimi i\u00e7in form\u00fcl sunabilir misiniz? <strong>A:<\/strong> Kesinlikle, her m\u00fc\u015fteri i\u00e7in en iyi sonu\u00e7lar\u0131 sa\u011flamak amac\u0131yla \u00f6zel form\u00fcller sunuyoruz.<\/li>\n<li><strong>Q:<\/strong> \u015eimdi sipari\u015f verirsem teslimat s\u00fcresi nedir? <strong>A:<\/strong> En k\u00fc\u00e7\u00fck makinemiz i\u00e7in teslimat s\u00fcresi yakla\u015f\u0131k 15-30 g\u00fcnd\u00fcr. Kesin teslimat s\u00fcreleri i\u00e7in l\u00fctfen sipari\u015f vermeden \u00f6nce bilgi al\u0131n.<\/li>\n<li><strong>Q:<\/strong> Hangi \u00f6deme y\u00f6ntemlerini kabul ediyorsunuz? <strong>A:<\/strong> T\u00fcm \u00f6deme ko\u015fullar\u0131n\u0131 kabul ediyoruz, bunlar aras\u0131nda T\/T (\u00f6n \u00f6deme 30%, teslimattan \u00f6nce 70%), vesaik mukabili akreditif ve di\u011fer m\u00fczakere edilebilir y\u00f6ntemler bulunmaktad\u0131r.<\/li>\n<\/ul>\n<p><b> <a href=\"https:\/\/www.jymachinetech.com\/tr\/?attachment_id=1503\" rel=\"attachment wp-att-1503\" target=\"_blank\"><img decoding=\"async\" class=\"alignnone size-large wp-image-1503\" title=\"\u00e7ikolata par\u00e7ac\u0131\u011f\u0131 yapma makinesi | otomatik \u00e7ikolata par\u00e7ac\u0131\u011f\u0131 \u00fcretim hatt\u0131\" src=\"https:\/\/www.jymachinetech.com\/wp-content\/uploads\/2021\/12\/WX20211223-171106@2x-1024x247.png\" alt=\"\u00e7ikolata par\u00e7ac\u0131\u011f\u0131 yapma makinesi | otomatik \u00e7ikolata par\u00e7ac\u0131\u011f\u0131 \u00fcretim hatt\u0131\" width=\"940\" height=\"227\" \/><\/a><\/b><\/p>\n<h2><strong>Teknik \u00d6zellikler:<\/strong><\/h2>\n<ul>\n<li><strong>Kapasite:<\/strong>\u00a0Binlerce \u00e7ikolata par\u00e7ac\u0131\u011f\u0131 \u00fcretmek \u00fczere tasarlanm\u0131\u015f, daha y\u00fcksek hacimler i\u00e7in \u00f6l\u00e7eklenebilir se\u00e7eneklerle.<\/li>\n<li><strong>\u00c7ikolata S\u0131cakl\u0131k Kontrol\u00fc:<\/strong>\u00a0Kal\u0131p \u015fekillendirme i\u00e7in optimal viskoziteyi sa\u011flamak amac\u0131yla hassas s\u0131cakl\u0131k d\u00fczenlemesi.<\/li>\n<li><strong>Kal\u0131p \u00c7e\u015fitlili\u011fi:<\/strong>\u00a0Basit yuvarlaklardan karma\u015f\u0131k tasar\u0131mlara kadar geni\u015f bir \u00e7ikolata par\u00e7ac\u0131\u011f\u0131 \u015fekli yelpazesi \u00fcretebilir.<\/li>\n<li><strong>Konvey\u00f6r H\u0131z\u0131:<\/strong>\u00a0\u00dcretim h\u0131z\u0131na ve so\u011futma ihtiya\u00e7lar\u0131na g\u00f6re ayarlanabilir.<\/li>\n<li><strong>G\u00fc\u00e7 Gereksinimleri:<\/strong>\u00a0Mevcut tesis altyap\u0131s\u0131yla uyumlulu\u011fu sa\u011flamak i\u00e7in detayl\u0131 \u00f6zellikler.<\/li>\n<\/ul>\n<h2><strong>Applications:<\/strong><\/h2>\n<p>Otomatik \u00c7ikolata Par\u00e7ac\u0131\u011f\u0131 \u00dcretim Hatt\u0131, geni\u015f bir uygulama yelpazesi i\u00e7in uygundur, \u015funlar\u0131 i\u00e7erir:<\/p>\n<ul>\n<li>F\u0131r\u0131nlama ve kurabiye \u00fcretimi<\/li>\n<li>Dondurma ve dondurulmu\u015f tatl\u0131 \u00fcstleri<\/li>\n<li>\u015eekerleme ve \u00e7ikolata bar\u0131 i\u00e7eri\u011fi<\/li>\n<li>F\u0131r\u0131n ve pastane s\u00fcslemeleri<\/li>\n<li>\u00d6zel ve zanaatkar \u00e7ikolata \u00fcr\u00fcnleri<\/li>\n<\/ul>\n<h2><strong>M\u00fc\u015fteri Deste\u011fi:<\/strong><\/h2>\n<p>M\u00fc\u015fteri memnuniyetine olan ba\u011fl\u0131l\u0131\u011f\u0131m\u0131z sat\u0131\u015f\u0131n \u00f6tesine ge\u00e7er. Sunuyoruz:<\/p>\n<ul>\n<li><strong>Kapsaml\u0131 Kurulum Hizmetleri:<\/strong>\u00a0Uzman ekibimiz, \u00fcretim hatt\u0131n\u0131z\u0131n en iyi \u015fekilde kurulmas\u0131n\u0131 ve kalibre edilmesini sa\u011flayacakt\u0131r.<\/li>\n<li><strong>Operat\u00f6r E\u011fitimi:<\/strong>\u00a0Personelinizin \u00fcretim hatt\u0131n\u0131 verimli bir \u015fekilde kullanmas\u0131 ve bak\u0131m\u0131n\u0131 yapmas\u0131 i\u00e7in detayl\u0131 e\u011fitim.<\/li>\n<li><strong>After-Sales Service:<\/strong>\u00a0Herhangi bir sorun ortaya \u00e7\u0131kt\u0131\u011f\u0131nda h\u0131zl\u0131 ve etkili destek, minimum kesinti sa\u011flar.<\/li>\n<li><strong>Yedek Par\u00e7a Mevcudiyeti:<\/strong>\u00a0\u00dcretim hatt\u0131n\u0131z\u0131n sorunsuz \u00e7al\u0131\u015fmas\u0131n\u0131 sa\u011flamak i\u00e7in g\u00fcvenilir yedek par\u00e7a tedariki.<\/li>\n<\/ul>\n<h2><strong>Fiyatland\u0131rma ve Mevcudiyet:<\/strong><\/h2>\n<p>Sat\u0131\u015f ekibimiz, \u00f6zel \u00fcretim ihtiya\u00e7lar\u0131n\u0131za g\u00f6re detayl\u0131 teklif sunmaya ve Otomatik \u00c7ikolata Par\u00e7ac\u0131\u011f\u0131 \u00dcretim Hatt\u0131m\u0131z\u0131n mevcut durumunu bildirmeye haz\u0131rd\u0131r.<\/p>","protected":false},"excerpt":{"rendered":"<p>Chocolate chip making machine is a special equipment for producing chocolate and milk chocolate drop products. It can produce different shapes and weights of 0.1-5g chocolate chips, such as chocolate chips with tails at the top (such as water drops), and buttons shape chocolate chips without tails.<\/p>","protected":false},"featured_media":1519,"comment_status":"open","ping_status":"closed","template":"","meta":[],"product_brand":[],"product_cat":[15],"product_tag":[],"class_list":{"0":"post-3524","1":"product","2":"type-product","3":"status-publish","4":"has-post-thumbnail","6":"product_cat-bakery-equipment","8":"first","9":"instock","10":"shipping-taxable","11":"product-type-simple"},"_links":{"self":[{"href":"https:\/\/www.jymachinetech.com\/tr\/wp-json\/wp\/v2\/product\/3524","targetHints":{"allow":["GET"]}}],"collection":[{"href":"https:\/\/www.jymachinetech.com\/tr\/wp-json\/wp\/v2\/product"}],"about":[{"href":"https:\/\/www.jymachinetech.com\/tr\/wp-json\/wp\/v2\/types\/product"}],"replies":[{"embeddable":true,"href":"https:\/\/www.jymachinetech.com\/tr\/wp-json\/wp\/v2\/comments?post=3524"}],"version-history":[{"count":1,"href":"https:\/\/www.jymachinetech.com\/tr\/wp-json\/wp\/v2\/product\/3524\/revisions"}],"predecessor-version":[{"id":7212,"href":"https:\/\/www.jymachinetech.com\/tr\/wp-json\/wp\/v2\/product\/3524\/revisions\/7212"}],"wp:featuredmedia":[{"embeddable":true,"href":"https:\/\/www.jymachinetech.com\/tr\/wp-json\/wp\/v2\/media\/1519"}],"wp:attachment":[{"href":"https:\/\/www.jymachinetech.com\/tr\/wp-json\/wp\/v2\/media?parent=3524"}],"wp:term":[{"taxonomy":"product_brand","embeddable":true,"href":"https:\/\/www.jymachinetech.com\/tr\/wp-json\/wp\/v2\/product_brand?post=3524"},{"taxonomy":"product_cat","embeddable":true,"href":"https:\/\/www.jymachinetech.com\/tr\/wp-json\/wp\/v2\/product_cat?post=3524"},{"taxonomy":"product_tag","embeddable":true,"href":"https:\/\/www.jymachinetech.com\/tr\/wp-json\/wp\/v2\/product_tag?post=3524"}],"curies":[{"name":"wp","href":"https:\/\/api.w.org\/{rel}","templated":true}]}}