{"id":1794,"date":"2024-01-18T11:06:07","date_gmt":"2024-01-18T11:06:07","guid":{"rendered":"https:\/\/www.jymachinetech.com\/?post_type=product&#038;p=1794"},"modified":"2025-07-25T06:08:15","modified_gmt":"2025-07-25T06:08:15","slug":"starchless-candy-machine","status":"publish","type":"product","link":"https:\/\/www.jymachinetech.com\/tr\/product\/starchless-candy-machine\/","title":{"rendered":"Ni\u015fasta Olmadan D\u00f6k\u00fcm | Ni\u015fastas\u0131z \u015eekerleme Makinesi"},"content":{"rendered":"<h2>Ni\u015fastas\u0131z \u015eekerleme Makinesi: \u015eekerleme \u00dcretiminde Devrim<\/h2>\n<p><strong>\u00dcr\u00fcn Genel Bak\u0131\u015f:<\/strong> Junyu'nun Ni\u015fastas\u0131z \u015eekerleme Makinesi, geleneksel piston darbe tipi \u015fekerleme makinelerini devrim niteli\u011finde de\u011fi\u015ftiren son teknoloji bir d\u00f6k\u00fcm sistemidir. Geleneksel makinelerin kapasite s\u0131n\u0131rlar\u0131n\u0131 a\u015fmak \u00fczere tasarlanm\u0131\u015f olup, ayn\u0131 anda 4 renk i\u015fleme kapasitesiyle saatte 2 tona kadar etkileyici bir \u00e7\u0131kt\u0131 elde edebilir.<\/p>\n<h2><strong>Ana \u00d6zellikler ve Yenilikler:<\/strong><\/h2>\n<ul>\n<li><strong>Y\u00fcksek Hassasiyet:<\/strong>\u00a0\u00dcr\u00fcn kalitesini ve birimlikli\u011fi koruyarak tutarl\u0131 ve do\u011fru \u015fekerleme d\u00f6k\u00fcm\u00fc sa\u011flar.<\/li>\n<li><strong>Basit \u0130\u015fletim:<\/strong>\u00a0Kullan\u0131c\u0131 dostu kontroller ve otomatik s\u00fcre\u00e7ler, i\u015fletme karma\u015fas\u0131n\u0131 en aza indirir, personelin kolayca kullanmas\u0131n\u0131 sa\u011flar.<\/li>\n<li><strong>Makul Fiyat:<\/strong>\u00a0Performanstan veya kaliteden \u00f6d\u00fcn vermeden maliyet etkin bir \u00e7\u00f6z\u00fcm sunar.<\/li>\n<li><strong>\u00c7ok Y\u00f6nl\u00fc \u0130\u015flem:<\/strong>\u00a0Farkl\u0131 \u015fekerleme t\u00fcrleri ve tarifleriyle uyumlu olup, \u00e7e\u015fitli \u00fcretim ihtiya\u00e7lar\u0131n\u0131 kar\u015f\u0131lar.<\/li>\n<li><strong>Esnek Sistem:<\/strong>\u00a0Farkl\u0131 \u00fcretim \u00f6l\u00e7eklerine ve gereksinimlere uyum sa\u011flayacak \u015fekilde tasarlanm\u0131\u015f olup, \u00f6l\u00e7eklenebilirlik sunar.<\/li>\n<li><strong>Benzersiz Mod\u00fcler Tasar\u0131m:<\/strong>\u00a0Kolay montaj, s\u00f6kme ve bak\u0131m imkan\u0131 sa\u011flayarak makinenin kullan\u0131labilirli\u011fini ve servis kolayl\u0131\u011f\u0131n\u0131 art\u0131r\u0131r.<\/li>\n<li><strong>Daha Uzun Mekanik \u00d6m\u00fcr:<\/strong>\u00a0Dayan\u0131kl\u0131l\u0131k ve uzun hizmet \u00f6mr\u00fc i\u00e7in y\u00fcksek kaliteli bile\u015fenler ve malzemelerle in\u015fa edilmi\u015ftir.<\/li>\n<li><strong>Mod\u00fcler Tasar\u0131m:<\/strong>\u00a0Y\u00fckseltme ve \u00f6zelle\u015ftirmeyi kolayla\u015ft\u0131r\u0131r, makinenin \u015fekerleme \u00fcretim teknolojisinin \u00f6n\u00fcnde kalmas\u0131n\u0131 sa\u011flar.<\/li>\n<\/ul>\n<h2><strong>Teknik \u00d6zellikler:<\/strong><\/h2>\n<ul>\n<li><strong>\u00c7\u0131k\u0131\u015f Kapasitesi:<\/strong>\u00a0Saatte 2 tona kadar, \u015fekerleme \u00fcretiminde yeni bir standart belirliyor.<\/li>\n<li><strong>Renk Yetene\u011fi:<\/strong>\u00a0Ayn\u0131 anda 4 renk i\u015fleme, \u00e7ok renkli \u015fekerleme \u00fcretimi i\u00e7in m\u00fckemmel.<\/li>\n<li><strong>Kontrol Sistemi:<\/strong>\u00a0Hassasiyet ve kullan\u0131m kolayl\u0131\u011f\u0131 sa\u011flayan geli\u015fmi\u015f kontrol sistemi.<\/li>\n<\/ul>\n<h2><strong>Applications:<\/strong><\/h2>\n<ul>\n<li>Y\u00fcksek \u00fcretim kapasitesi ve verimlilik art\u0131rmak isteyen b\u00fcy\u00fck \u00f6l\u00e7ekli \u015fekerleme \u00fcreticileri i\u00e7in idealdir ve y\u00fcksek \u00fcr\u00fcn kalitesini korur.<\/li>\n<\/ul>\n<p><img fetchpriority=\"high\" decoding=\"async\" class=\"alignnone size-full wp-image-1219\" title=\"\u015eekersiz D\u00f6k\u00fcm | \u015eekersiz \u015eekerleme Makinesi\" src=\"https:\/\/www.jymachinetech.com\/wp-content\/uploads\/2021\/12\/Starch-less-depositing-1-scaled.jpg\" alt=\"\u015eekersiz D\u00f6k\u00fcm | \u015eekersiz \u015eekerleme Makinesi\" width=\"2560\" height=\"1920\" srcset=\"https:\/\/www.jymachinetech.com\/wp-content\/uploads\/2021\/12\/Starch-less-depositing-1-scaled.jpg 2560w, https:\/\/www.jymachinetech.com\/wp-content\/uploads\/2021\/12\/Starch-less-depositing-1-scaled-16x12.jpg 16w, https:\/\/www.jymachinetech.com\/wp-content\/uploads\/2021\/12\/Starch-less-depositing-1-scaled-600x450.jpg 600w\" sizes=\"(max-width: 2560px) 100vw, 2560px\" \/><\/p>\n<h2><strong>Teknik \u00f6zellikler<\/strong><\/h2>\n<div class=\"table-responsive\">\n<table style=\"width: 100%;\">\n<tbody>\n<tr>\n<td style=\"text-align: center;\">cURL Too many subrequests.<\/td>\n<td style=\"text-align: center;\">JY-80<\/td>\n<td style=\"text-align: center;\">JY-150<\/td>\n<td style=\"text-align: center;\">JY-300<\/td>\n<td style=\"text-align: center;\">JY-450<\/td>\n<td style=\"text-align: center;\">JY-600<\/td>\n<td style=\"text-align: center;\">JY-1200<\/td>\n<\/tr>\n<tr>\n<td style=\"text-align: center;\">cURL Too many subrequests.<\/td>\n<td style=\"text-align: center;\">50-80kg\/s<\/td>\n<td style=\"text-align: center;\">150kg\/s<\/td>\n<td style=\"text-align: center;\">300kg\/s<\/td>\n<td style=\"text-align: center;\">450kg\/s<\/td>\n<td style=\"text-align: center;\">600-1000kg\/s<\/td>\n<td style=\"text-align: center;\">1200-2000kg\/s<\/td>\n<\/tr>\n<\/tbody>\n<\/table>\n<\/div>\n<p>&nbsp;<\/p>\n<h2><strong><span lang=\"EN-US\">Bu makineyle ne t\u00fcr \u015fekerleme yap\u0131labilir?<\/span><\/strong><\/h2>\n<p><img decoding=\"async\" class=\"alignnone size-full wp-image-1220\" title=\"\u015eekersiz D\u00f6k\u00fcm | \u015eekersiz \u015eekerleme Makinesi\" src=\"https:\/\/www.jymachinetech.com\/wp-content\/uploads\/2021\/12\/Starch-less-depositing-2.png\" alt=\"\u015eekersiz D\u00f6k\u00fcm | \u015eekersiz \u015eekerleme Makinesi\" width=\"1272\" height=\"383\" srcset=\"https:\/\/www.jymachinetech.com\/wp-content\/uploads\/2021\/12\/Starch-less-depositing-2.png 1272w, https:\/\/www.jymachinetech.com\/wp-content\/uploads\/2021\/12\/Starch-less-depositing-2-18x5.png 18w, https:\/\/www.jymachinetech.com\/wp-content\/uploads\/2021\/12\/Starch-less-depositing-2-600x181.png 600w\" sizes=\"(max-width: 1272px) 100vw, 1272px\" \/><\/p>\n<h2><b><span lang=\"EN-US\">Mutfak pi\u015firme sistemi<\/span><\/b><\/h2>\n<ul>\n<li>\u015feker pi\u015firici*1<\/li>\n<li>depolama tank\u0131*1<\/li>\n<li>lob pompas\u0131*2<\/li>\n<li>elektrik kontrol kutusu*1<\/li>\n<\/ul>\n<p><img decoding=\"async\" class=\"alignnone size-full wp-image-1221\" title=\"\u015eekersiz D\u00f6k\u00fcm | \u015eekersiz \u015eekerleme Makinesi\" src=\"https:\/\/www.jymachinetech.com\/wp-content\/uploads\/2021\/12\/Starch-less-depositing-3.png\" alt=\"\u015eekersiz D\u00f6k\u00fcm | \u015eekersiz \u015eekerleme Makinesi\" width=\"380\" height=\"324\" srcset=\"https:\/\/www.jymachinetech.com\/wp-content\/uploads\/2021\/12\/Starch-less-depositing-3.png 380w, https:\/\/www.jymachinetech.com\/wp-content\/uploads\/2021\/12\/Starch-less-depositing-3-14x12.png 14w\" sizes=\"(max-width: 380px) 100vw, 380px\" \/><\/p>\n<p>&nbsp;<\/p>\n<h2>Ni\u015fastas\u0131z \u015eekerleme Makinesi: \u015eeker \u00dcretiminde E\u015fsiz \u00c7ok Y\u00f6nl\u00fcl\u00fck<\/h2>\n<p><strong>\u00dcr\u00fcn Genel Bak\u0131\u015f:<\/strong> Ni\u015fastas\u0131z \u015eekerleme Makinesi, hassasiyet ve verimlilikle \u00e7e\u015fitli \u015fekerler \u00fcretmek \u00fczere tasarlanm\u0131\u015f son teknoloji bir d\u00f6k\u00fcm sistemidir. J\u00f6leli \u015fekerden sert \u015fekerlere kadar geni\u015f yelpazede \u00fcretim yapabilme ve b\u00fcy\u00fck \u00f6l\u00e7ekli \u00fcretim kapasitesi ile bu makine, \u015fekerleme \u00fcreticileri i\u00e7in g\u00fc\u00e7l\u00fc bir ara\u00e7t\u0131r.<\/p>\n<h2><strong>Key Features &amp; Benefits:<\/strong><\/h2>\n<ul>\n<li><strong>\u00c7ok Y\u00f6nl\u00fc \u015eeker \u00dcretimi:<\/strong>\u00a0J\u00f6leli \u015feker, sert \u015feker, lolipop \u015feker, karamelli \u015feker, s\u00fctl\u00fc \u015feker ve daha fazlas\u0131n\u0131 yapabilme kapasitesi.<\/li>\n<li><strong>Y\u00fcksek Hacimli \u00dcretim:<\/strong>\u00a0Saatte en az 21.600 par\u00e7a \u00fcretir, kapasite 40-2000kg\/saat aras\u0131nda \u00f6l\u00e7eklenebilir.<\/li>\n<li><strong>\u00d6zel \u015eekil ve Boyut Se\u00e7enekleri:<\/strong>\u00a0Benzersiz \u00fcr\u00fcn gereksinimlerini kar\u015f\u0131lamak i\u00e7in \u00f6zelle\u015ftirilmi\u015f \u00e7\u00f6z\u00fcmler sunar.<\/li>\n<li><strong>Ham Madde Esnekli\u011fi:<\/strong>\u00a0J\u00f6leli \u015feker i\u00e7in pektin, jelatin veya karrageenan gibi farkl\u0131 sak\u0131z bazlar\u0131na uyum sa\u011flar.<\/li>\n<li><strong>Is\u0131tma Se\u00e7enekleri:<\/strong>\u00a0Elektrikli \u0131s\u0131tma veya buhar \u0131s\u0131tma ile \u00e7e\u015fitli \u00fcretim ortamlar\u0131na uygun hale getirilebilir.<\/li>\n<\/ul>\n<h2><strong>Teknik \u00d6zellikler:<\/strong><\/h2>\n<ul>\n<li><strong>Kapasite Aral\u0131\u011f\u0131:<\/strong>\u00a040-2000kg\/saat, i\u015fletmenizin b\u00fcy\u00fckl\u00fc\u011f\u00fcne g\u00f6re uyarlanabilir.<\/li>\n<li><strong>\u015eekil ve Boyut \u00d6zelle\u015ftirmesi:<\/strong>\u00a0\u0130stenilen herhangi bir \u015fekil veya boyutta \u015feker \u00fcretme kapasitesine sahiptir.<\/li>\n<li><strong>Is\u0131tma Sistemleri:<\/strong>\u00a0Elektrik veya buhar \u0131s\u0131tma se\u00e7enekleri i\u00e7in donan\u0131ml\u0131d\u0131r.<\/li>\n<\/ul>\n<h2><strong>Applications:<\/strong><\/h2>\n<ul>\n<li>Geleneksel sert \u015fekerlerden modern jel \u015fekerlere kadar b\u00fcy\u00fck \u00f6l\u00e7ekli \u015fekerleme \u00fcretimi i\u00e7in uygundur.<\/li>\n<\/ul>\n<h2><strong>M\u00fc\u015fteri Deste\u011fi ve Hizmetleri:<\/strong><\/h2>\n<ul>\n<li><strong>Fabrika D\u00fczeni ve Tasar\u0131m\u0131:<\/strong>\u00a0Fabrika d\u00fczeni konusunda yard\u0131mc\u0131 oluyoruz ve 3D tasar\u0131m &amp; proje planlama hizmetleri sunuyoruz.<\/li>\n<li><strong>\u00d6zelle\u015ftirilmi\u015f \u00c7\u00f6z\u00fcmler:<\/strong>\u00a0\u00d6zel \u00fcr\u00fcn ihtiya\u00e7lar\u0131na uygun \u015fekil tasar\u0131m\u0131 ve \u015feker form\u00fcl\u00fc geli\u015ftirme imkan\u0131 sunar\u0131z.<\/li>\n<li><strong>Professional Consultation:<\/strong>\u00a0Uzman ekibimiz, se\u00e7im ve kurulum s\u00fcrecinde size rehberlik edecektir.<\/li>\n<\/ul>\n<h2><strong>SSS:<\/strong><\/h2>\n<p><strong>S: Makine hangi t\u00fcr \u015fekerler \u00fcretebilir?<\/strong> C: Makine \u00e7ok y\u00f6nl\u00fcd\u00fcr ve jel \u015feker, sert \u015feker, lolipop \u015feker, karamelli \u015feker, s\u00fctl\u00fc \u015feker ve daha fazlas\u0131n\u0131 \u00fcretebilir.<\/p>\n<p><strong>Q: Makine \u00e7ikolata da yapabilir mi?<\/strong> C: Bu standart makine \u00f6zellikle \u015feker \u00fcretimi i\u00e7in tasarlanm\u0131\u015ft\u0131r, \u00e7ikolata i\u00e7in de\u011fil.<\/p>\n<p><strong>Q: Saatlik \u00fcretim kapasitesi nedir?<\/strong> C: Makine saatte en az 21.600 par\u00e7a \u00fcretebilir.<\/p>\n<p><strong>S: \u015eeker makinesinin kapasite aral\u0131\u011f\u0131 nedir?<\/strong> C: Saatte 40-2000 kg aras\u0131nda kapasite sa\u011flar\u0131z.<\/p>\n<p><strong>S: Makine \u00f6zel \u015fekil ve boyutlarda \u015feker \u00fcretebilir mi?<\/strong> C: Evet, \u015fekerleriniz i\u00e7in \u00f6zel \u015fekil ve boyut se\u00e7enekleri sunuyoruz.<\/p>\n<p><strong>Q: Jelibon \u015fekerler i\u00e7in hangi sak\u0131z bazlar\u0131 kullan\u0131labilir?<\/strong> C: Jel \u015feker \u00fcretiminde pektin, jelatin veya karrageenan kullanabiliriz.<\/p>\n<p><strong>S: Makine i\u00e7in hangi \u0131s\u0131tma y\u00f6ntemleri mevcuttur?<\/strong> C: M\u00fc\u015fteri taleplerine g\u00f6re elektrikli \u0131s\u0131tma veya buhar \u0131s\u0131tma ile donat\u0131labilir.<\/p>\n<h2><strong>Neden Bizim Ni\u015fasta Olmayan \u015eeker Makinemizi Tercih Etmelisiniz:<\/strong><\/h2>\n<ul>\n<li><strong>Ger\u00e7ek Fabrika Deneyimi:<\/strong>\u00a040 y\u0131l\u0131 a\u015fk\u0131n deneyime sahip ger\u00e7ek bir \u00fcretim tesisiyiz.<\/li>\n<li><strong>Profesyonel Ekip:<\/strong>\u00a012 tasar\u0131mc\u0131 ve 20 profesyonel m\u00fchendis ile d\u00fcnya genelinde g\u00fc\u00e7l\u00fc teknik destek sunuyoruz.<\/li>\n<li><strong>G\u00fcvenilirlik:<\/strong>\u00a0Modern fabrikam\u0131z, s\u0131k\u0131 kalite kontrol ve Alman \u00fcretim standartlar\u0131na uygun olup, hassasiyet ve g\u00fcvenilirlik sa\u011flar.<\/li>\n<li><strong>Y\u00fcksek Kaliteli Makineler:<\/strong>\u00a0T\u00fcm makineler, dayan\u0131kl\u0131l\u0131k i\u00e7in SUS304 malzemeler ve kumlama y\u00fczey kaplamas\u0131 kullan\u0131larak GMP standard\u0131ndaki bir fabrikada \u00fcretilmi\u015ftir.<\/li>\n<\/ul>\n<h2><strong>Size olan Taahh\u00fcd\u00fcm\u00fcz:<\/strong><\/h2>\n<ul>\n<li><strong>\u00d6zelle\u015ftirilmi\u015f \u00c7\u00f6z\u00fcmler:<\/strong>\u00a0\u00d6zel fabrika d\u00fczenleri, 3D tasar\u0131mlar, proje planlar\u0131 ve \u00f6zelle\u015ftirilmi\u015f \u015fekil tasar\u0131mlar\u0131 sunuyoruz.<\/li>\n<li><strong>cURL Too many subrequests.<\/strong>\u00a0Deneyimli ekibimiz, ihtiya\u00e7lar\u0131n\u0131za uygun en iyi planlar ve teknik destek sa\u011flar.<\/li>\n<\/ul>\n<p><strong>Get a Quote Now:<\/strong> Ki\u015fiselle\u015ftirilmi\u015f teklif almak ve \u015eekersiz \u015eekerleme Makinemizin \u015fekerleme \u00fcretiminizde yarataca\u011f\u0131 fark\u0131 deneyimlemek i\u00e7in bug\u00fcn bizimle ileti\u015fime ge\u00e7in.<\/p>\n<p><img loading=\"lazy\" decoding=\"async\" class=\"alignnone size-full wp-image-1080\" title=\"\u015eekersiz D\u00f6k\u00fcm | \u015eekersiz \u015eekerleme Makinesi\" src=\"https:\/\/www.jymachinetech.com\/wp-content\/uploads\/2021\/12\/Small-biscuit-machine-line-8.png\" alt=\"\u015eekersiz D\u00f6k\u00fcm | \u015eekersiz \u015eekerleme Makinesi\" width=\"1992\" height=\"326\" srcset=\"https:\/\/www.jymachinetech.com\/wp-content\/uploads\/2021\/12\/Small-biscuit-machine-line-8.png 1992w, https:\/\/www.jymachinetech.com\/wp-content\/uploads\/2021\/12\/Small-biscuit-machine-line-8-18x3.png 18w, https:\/\/www.jymachinetech.com\/wp-content\/uploads\/2021\/12\/Small-biscuit-machine-line-8-600x98.png 600w\" sizes=\"(max-width: 1992px) 100vw, 1992px\" \/><\/p>","protected":false},"excerpt":{"rendered":"<p>Ni\u015fastas\u0131z d\u00f6k\u00fcm, sert \u015fekerler, lolipoplar, karameller, \u00e7i\u011fneme \u015fekerleri, sak\u0131zlar, j\u00f6leler gibi \u00fcr\u00fcnler i\u00e7in ideal \u00fcretim s\u00fcrecidir...<\/p>","protected":false},"featured_media":1226,"comment_status":"open","ping_status":"closed","template":"","meta":[],"product_brand":[],"product_cat":[16],"product_tag":[],"class_list":{"0":"post-1794","1":"product","2":"type-product","3":"status-publish","4":"has-post-thumbnail","6":"product_cat-candy-machine","8":"first","9":"instock","10":"shipping-taxable","11":"product-type-simple"},"_links":{"self":[{"href":"https:\/\/www.jymachinetech.com\/tr\/wp-json\/wp\/v2\/product\/1794","targetHints":{"allow":["GET"]}}],"collection":[{"href":"https:\/\/www.jymachinetech.com\/tr\/wp-json\/wp\/v2\/product"}],"about":[{"href":"https:\/\/www.jymachinetech.com\/tr\/wp-json\/wp\/v2\/types\/product"}],"replies":[{"embeddable":true,"href":"https:\/\/www.jymachinetech.com\/tr\/wp-json\/wp\/v2\/comments?post=1794"}],"version-history":[{"count":1,"href":"https:\/\/www.jymachinetech.com\/tr\/wp-json\/wp\/v2\/product\/1794\/revisions"}],"predecessor-version":[{"id":7215,"href":"https:\/\/www.jymachinetech.com\/tr\/wp-json\/wp\/v2\/product\/1794\/revisions\/7215"}],"wp:featuredmedia":[{"embeddable":true,"href":"https:\/\/www.jymachinetech.com\/tr\/wp-json\/wp\/v2\/media\/1226"}],"wp:attachment":[{"href":"https:\/\/www.jymachinetech.com\/tr\/wp-json\/wp\/v2\/media?parent=1794"}],"wp:term":[{"taxonomy":"product_brand","embeddable":true,"href":"https:\/\/www.jymachinetech.com\/tr\/wp-json\/wp\/v2\/product_brand?post=1794"},{"taxonomy":"product_cat","embeddable":true,"href":"https:\/\/www.jymachinetech.com\/tr\/wp-json\/wp\/v2\/product_cat?post=1794"},{"taxonomy":"product_tag","embeddable":true,"href":"https:\/\/www.jymachinetech.com\/tr\/wp-json\/wp\/v2\/product_tag?post=1794"}],"curies":[{"name":"wp","href":"https:\/\/api.w.org\/{rel}","templated":true}]}}