{"id":1638,"date":"2021-12-28T13:58:29","date_gmt":"2021-12-28T13:58:29","guid":{"rendered":"https:\/\/www.jymachinetech.com\/?post_type=product&#038;p=1638"},"modified":"2025-07-25T06:08:57","modified_gmt":"2025-07-25T06:08:57","slug":"bakery-equipment-cake-baking-mold","status":"publish","type":"product","link":"https:\/\/www.jymachinetech.com\/tr\/product\/bakery-equipment-cake-baking-mold\/","title":{"rendered":"Cake Baking Mold Factory | Cake Production Line"},"content":{"rendered":"<h2>Kek Pi\u015firme Kal\u0131b\u0131 Fabrikas\u0131: M\u00fckemmelikte Orta\u011f\u0131n\u0131z<\/h2>\n<p><strong>\u00dcr\u00fcn Genel Bak\u0131\u015f:<\/strong> Kek Pi\u015firme Kal\u0131b\u0131 Fabrikam\u0131z, kek, ekmek, kurabiye veya bisk\u00fcvi \u00fcretiminde \u00e7e\u015fitli ihtiya\u00e7lara uygun geni\u015f bir pi\u015firme kal\u0131plar\u0131 ve tepsiler yelpazesi sunmada uzmanla\u015fm\u0131\u015ft\u0131r. \u00dcretim hatt\u0131 gereksinimlerinize uygun \u00e7e\u015fitli se\u00e7enekler sunuyoruz.<\/p>\n<p><iframe title=\"Kek nas\u0131l yap\u0131l\u0131r? Jy tam otomatik kek yapma makinesi kek \u00fcretim hatt\u0131 1000kg\/saat kapasiteyle\" width=\"800\" height=\"600\" src=\"https:\/\/www.youtube.com\/embed\/15ysobg9fiA?feature=oembed\" frameborder=\"0\" allow=\"accelerometer; autoplay; clipboard-write; encrypted-media; gyroscope; picture-in-picture; web-share\" referrerpolicy=\"strict-origin-when-cross-origin\" allowfullscreen><\/iframe><\/p>\n<h2><strong>Ana \u00d6zellikler &amp; Avantajlar:<\/strong><\/h2>\n<ul>\n<li><strong>\u00d6zelle\u015ftirme:<\/strong> \u00d6zel \u00fcr\u00fcn tasar\u0131mlar\u0131n\u0131za uygun \u00e7e\u015fitli \u015fekil ve a\u011f\u0131rl\u0131klarda ki\u015fiselle\u015ftirilmi\u015f pi\u015firme kal\u0131plar\u0131 sunuyoruz.<\/li>\n<li><strong>Malzeme Se\u00e7enekleri:<\/strong> Y\u00fcksek kaliteli Teflon kaplamal\u0131 al\u00fcminyum veya silikon kal\u0131plar aras\u0131ndan \u00fcst\u00fcn performans i\u00e7in se\u00e7im yapabilirsiniz.<\/li>\n<li><strong>Geni\u015f Boyutlar:<\/strong> 400x600mm gibi b\u00fcy\u00fck \u00f6l\u00e7ekli \u00fcretim ihtiya\u00e7lar\u0131na uygun boyutlarda kal\u0131plar mevcuttur.<\/li>\n<li><strong>Versatility:<\/strong> Kal\u0131malar\u0131m\u0131z, farkl\u0131 \u015fekillerde kekler olu\u015fturmak \u00fczere tasarlanm\u0131\u015f olup \u00fcr\u00fcn \u00e7e\u015fitlili\u011finizi art\u0131r\u0131r.<\/li>\n<li><strong>Kullan\u0131m Kolayl\u0131\u011f\u0131:<\/strong> Pi\u015firme s\u00fcrecinizde temiz ve d\u00fczenli bir \u00e7al\u0131\u015fma sa\u011flayan kolay ve da\u011f\u0131n\u0131kl\u0131ks\u0131z bir \u00e7\u00f6z\u00fcm sunar.<\/li>\n<li><strong>S\u0131cakl\u0131k Dayan\u0131m\u0131:<\/strong> 280\u00b0C\u2019ye kadar f\u0131r\u0131na dayan\u0131kl\u0131 olup \u00e7e\u015fitli pi\u015firme s\u0131cakl\u0131klar\u0131yla uyumludur.<\/li>\n<li><strong>Bula\u015f\u0131k Makinesi ve Dondurucu G\u00fcvenli\u011fi:<\/strong> Dondurucularda ve bula\u015f\u0131k makinelerinde kullan\u0131labilir, saklama ve temizlik kolayl\u0131\u011f\u0131 sa\u011flar.<\/li>\n<li><strong>Koku ve Tat N\u00f6trl\u00fc\u011f\u00fc:<\/strong> Pi\u015firme s\u0131ras\u0131nda koku veya tat emilimini engelleyerek pi\u015fmi\u015f \u00fcr\u00fcnlerinizin lezzetini korur.<\/li>\n<li><strong>Yap\u0131\u015fmaz Kaplama:<\/strong> Yap\u0131\u015fmaz kaplama sayesinde pi\u015fmi\u015f \u00fcr\u00fcnlerin kolayca \u00e7\u0131kar\u0131lmas\u0131n\u0131 ve temizlik i\u015flemlerini h\u0131zland\u0131r\u0131r.<\/li>\n<li><strong>Dengeli Is\u0131 Da\u011f\u0131l\u0131m\u0131:<\/strong> Is\u0131y\u0131 e\u015fit \u015fekilde yayacak \u015fekilde tasarlanm\u0131\u015f, deformasyonu \u00f6nler ve tutarl\u0131 pi\u015firme sonu\u00e7lar\u0131 sa\u011flar.<\/li>\n<\/ul>\n<h2><img fetchpriority=\"high\" decoding=\"async\" width=\"800\" height=\"800\" class=\"wp-image-1644\" title=\"kek pi\u015firme kal\u0131b\u0131 fabrikas\u0131 | kek \u00fcretim hatt\u0131\" src=\"https:\/\/www.jymachinetech.com\/wp-content\/uploads\/2021\/12\/word-image-5.jpeg\" alt=\"kek pi\u015firme kal\u0131b\u0131 fabrikas\u0131 | kek \u00fcretim hatt\u0131\" srcset=\"https:\/\/www.jymachinetech.com\/wp-content\/uploads\/2021\/12\/word-image-5.jpeg 800w, https:\/\/www.jymachinetech.com\/wp-content\/uploads\/2021\/12\/word-image-5-12x12.jpeg 12w, https:\/\/www.jymachinetech.com\/wp-content\/uploads\/2021\/12\/word-image-5-300x300.jpeg 300w, https:\/\/www.jymachinetech.com\/wp-content\/uploads\/2021\/12\/word-image-5-600x600.jpeg 600w, https:\/\/www.jymachinetech.com\/wp-content\/uploads\/2021\/12\/word-image-5-100x100.jpeg 100w\" sizes=\"(max-width: 800px) 100vw, 800px\" \/><\/h2>\n<h2><strong>Applications:<\/strong><\/h2>\n<ul>\n<li><strong>Normal Pi\u015firme Tepsileri:<\/strong> Kurabiye ve bisk\u00fcvi \u00fcretimi i\u00e7in m\u00fckemmel olan bu tepsiler, herhangi bir f\u0131r\u0131n i\u00e7in vazge\u00e7ilmezdir.<\/li>\n<li><strong>Kek\/ekmek Pi\u015firme Tepsileri:<\/strong> Tam otomatik veya yar\u0131 otomatik \u00fcretim hatlar\u0131 i\u00e7in idealdir, makinelerinize uyacak \u015fekilde \u00f6zelle\u015ftirilebilirler.<\/li>\n<\/ul>\n<h2><strong>Kullan\u0131m \u00d6ncesi ve Bak\u0131m \u0130pu\u00e7lar\u0131:<\/strong><\/h2>\n<p>En iyi sonu\u00e7lar i\u00e7in, hijyeni korumak ve kal\u0131plar\u0131n \u00f6mr\u00fcn\u00fc uzatmak amac\u0131yla ilk kullan\u0131mdan \u00f6nce ve her kullan\u0131m sonras\u0131 tepsileri \u0131l\u0131k, sabunlu suyla y\u0131kaman\u0131z \u00f6nerilir.<\/p>\n<h2><strong>Neden Kek Pi\u015firme Kal\u0131b\u0131 Fabrikam\u0131z\u0131 Se\u00e7melisiniz?<\/strong><\/h2>\n<ul>\n<li><strong>\u00d6zelle\u015ftirilmi\u015f \u00c7\u00f6z\u00fcmler:<\/strong> \u00d6zel \u00fcretim hatlar\u0131n\u0131za uygun pi\u015firme tavalar\u0131 ve tepsiler sunuyoruz.<\/li>\n<li><strong>Kaliteli Malzemeler:<\/strong> \u00dcst\u00fcn malzemeler kullanmam\u0131z, pi\u015firme s\u00fcrecinizde dayan\u0131kl\u0131l\u0131k ve performans sa\u011flar.<\/li>\n<li><strong>Yenilik\u00e7i Tasar\u0131m:<\/strong> Kal\u0131plar\u0131m\u0131z, e\u015fit \u0131s\u0131 da\u011f\u0131l\u0131m\u0131 ve yap\u0131\u015fmaz y\u00fczeyler gibi \u00f6zelliklerle \u00fcst\u00fcn pi\u015firme sonu\u00e7lar\u0131 i\u00e7in tasarlanm\u0131\u015ft\u0131r.<\/li>\n<li><strong>Kapsaml\u0131 Destek:<\/strong> Pi\u015firme kal\u0131plar\u0131n\u0131z\u0131n en iyi durumda kalmas\u0131 i\u00e7in s\u00fcrekli destek ve bak\u0131m tavsiyesi sunuyoruz.<\/li>\n<\/ul>\n<p>&nbsp;<\/p>\n<h2><strong>Kek\/ekmek pi\u015firme tepsisi<\/strong><\/h2>\n<p><img decoding=\"async\" width=\"800\" height=\"816\" class=\"wp-image-1645\" title=\"kek pi\u015firme kal\u0131b\u0131 fabrikas\u0131 | kek \u00fcretim hatt\u0131\" src=\"https:\/\/www.jymachinetech.com\/wp-content\/uploads\/2021\/12\/word-image-6.jpeg\" alt=\"kek pi\u015firme kal\u0131b\u0131 fabrikas\u0131 | kek \u00fcretim hatt\u0131\" srcset=\"https:\/\/www.jymachinetech.com\/wp-content\/uploads\/2021\/12\/word-image-6.jpeg 800w, https:\/\/www.jymachinetech.com\/wp-content\/uploads\/2021\/12\/word-image-6-12x12.jpeg 12w, https:\/\/www.jymachinetech.com\/wp-content\/uploads\/2021\/12\/word-image-6-600x612.jpeg 600w\" sizes=\"(max-width: 800px) 100vw, 800px\" \/><\/p>\n<p><img decoding=\"async\" width=\"800\" height=\"874\" class=\"wp-image-1646\" title=\"kek pi\u015firme kal\u0131b\u0131 fabrikas\u0131 | kek \u00fcretim hatt\u0131\" src=\"https:\/\/www.jymachinetech.com\/wp-content\/uploads\/2021\/12\/word-image-7.jpeg\" alt=\"kek pi\u015firme kal\u0131b\u0131 fabrikas\u0131 | kek \u00fcretim hatt\u0131\" srcset=\"https:\/\/www.jymachinetech.com\/wp-content\/uploads\/2021\/12\/word-image-7.jpeg 800w, https:\/\/www.jymachinetech.com\/wp-content\/uploads\/2021\/12\/word-image-7-11x12.jpeg 11w, https:\/\/www.jymachinetech.com\/wp-content\/uploads\/2021\/12\/word-image-7-600x656.jpeg 600w\" sizes=\"(max-width: 800px) 100vw, 800px\" \/><\/p>\n<p>&nbsp;<\/p>\n<p>&nbsp;<\/p>","protected":false},"excerpt":{"rendered":"<p>\u0130ster hangi kek veya ekmek yapmak istiyorsan\u0131z, \u00e7e\u015fitli pi\u015firme kal\u0131plar\u0131n\u0131 se\u00e7enek olarak sa\u011flayabiliriz.<\/p>","protected":false},"featured_media":1647,"comment_status":"closed","ping_status":"closed","template":"","meta":[],"product_brand":[],"product_cat":[15],"product_tag":[],"class_list":{"0":"post-1638","1":"product","2":"type-product","3":"status-publish","4":"has-post-thumbnail","6":"product_cat-bakery-equipment","8":"first","9":"instock","10":"shipping-taxable","11":"product-type-simple"},"_links":{"self":[{"href":"https:\/\/www.jymachinetech.com\/tr\/wp-json\/wp\/v2\/product\/1638","targetHints":{"allow":["GET"]}}],"collection":[{"href":"https:\/\/www.jymachinetech.com\/tr\/wp-json\/wp\/v2\/product"}],"about":[{"href":"https:\/\/www.jymachinetech.com\/tr\/wp-json\/wp\/v2\/types\/product"}],"replies":[{"embeddable":true,"href":"https:\/\/www.jymachinetech.com\/tr\/wp-json\/wp\/v2\/comments?post=1638"}],"version-history":[{"count":1,"href":"https:\/\/www.jymachinetech.com\/tr\/wp-json\/wp\/v2\/product\/1638\/revisions"}],"predecessor-version":[{"id":7217,"href":"https:\/\/www.jymachinetech.com\/tr\/wp-json\/wp\/v2\/product\/1638\/revisions\/7217"}],"wp:featuredmedia":[{"embeddable":true,"href":"https:\/\/www.jymachinetech.com\/tr\/wp-json\/wp\/v2\/media\/1647"}],"wp:attachment":[{"href":"https:\/\/www.jymachinetech.com\/tr\/wp-json\/wp\/v2\/media?parent=1638"}],"wp:term":[{"taxonomy":"product_brand","embeddable":true,"href":"https:\/\/www.jymachinetech.com\/tr\/wp-json\/wp\/v2\/product_brand?post=1638"},{"taxonomy":"product_cat","embeddable":true,"href":"https:\/\/www.jymachinetech.com\/tr\/wp-json\/wp\/v2\/product_cat?post=1638"},{"taxonomy":"product_tag","embeddable":true,"href":"https:\/\/www.jymachinetech.com\/tr\/wp-json\/wp\/v2\/product_tag?post=1638"}],"curies":[{"name":"wp","href":"https:\/\/api.w.org\/{rel}","templated":true}]}}