{"id":1554,"date":"2021-12-26T08:23:23","date_gmt":"2021-12-26T08:23:23","guid":{"rendered":"https:\/\/www.jymachinetech.com\/?post_type=product&#038;p=1554"},"modified":"2025-07-25T05:57:01","modified_gmt":"2025-07-25T05:57:01","slug":"pillow-type-biscuit-packaging-machine","status":"publish","type":"product","link":"https:\/\/www.jymachinetech.com\/tr\/product\/pillow-type-biscuit-packaging-machine\/","title":{"rendered":"Pillow Type Biscuit Packaging Machine For Sales"},"content":{"rendered":"<h2>Yast\u0131k Tip Bisk\u00fcvi Ambalaj Makinesi: Kat\u0131 Madde Ambalaj\u0131 \u0130\u00e7in En \u0130yi \u00c7\u00f6z\u00fcm<\/h2>\n<p><strong>\u00dcr\u00fcn Genel Bak\u0131\u015f:<\/strong> Yast\u0131k Tip Bisk\u00fcvi Ambalaj Makinesi, \u00e7e\u015fitli end\u00fcstrilerin kat\u0131 madde ambalaj ihtiya\u00e7lar\u0131na uygun, yenilik\u00e7i ve \u00e7ok y\u00f6nl\u00fc bir ambalaj \u00e7\u00f6z\u00fcm\u00fcd\u00fcr. Bu makine \u00f6zellikle bisk\u00fcvi, kurabiye, ekmek, mooncake, \u015fekerleme ve di\u011fer d\u00fczenli kat\u0131 \u00fcr\u00fcnler i\u00e7in uygundur. Geli\u015fmi\u015f \u00f6zellikleri, \u00fcr\u00fcnlerinizin verimli bir \u015fekilde paketlenmesini sa\u011flar, kalitelerini ve sunumlar\u0131n\u0131 korur.<\/p>\n<p><iframe title=\"k\u00fc\u00e7\u00fck tam otomatik 250g 500g 1kg bisk\u00fcvi \/ cips \/ at\u0131\u015ft\u0131rmal\u0131k ambalaj makinesi\" width=\"800\" height=\"600\" src=\"https:\/\/www.youtube.com\/embed\/p9ELBsGSa98?list=PLkC9Irp2ZdYa10tGNGE32CKnGF6V4rKxk\" frameborder=\"0\" allow=\"accelerometer; autoplay; clipboard-write; encrypted-media; gyroscope; picture-in-picture; web-share\" referrerpolicy=\"strict-origin-when-cross-origin\" allowfullscreen><\/iframe><\/p>\n<h2><strong>Key Features &amp; Benefits:<\/strong><\/h2>\n<ul>\n<li><strong>\u00c7ok Y\u00f6nl\u00fc Kat\u0131 Madde Ambalaj\u0131:<\/strong> Geni\u015f bir kat\u0131 \u00fcr\u00fcn yelpazesine uyum sa\u011flayacak \u015fekilde tasarlanm\u0131\u015f, \u00e7e\u015fitli \u00fcretim hatlar\u0131 i\u00e7in ideal bir se\u00e7im.<\/li>\n<li><strong>\u00c7ift Frekans Kontrol\u00fc:<\/strong> Makinenin \u00e7al\u0131\u015fmas\u0131n\u0131 hassas bir \u015fekilde kontrol eder, tutarl\u0131 paketleme kalitesi sa\u011flar.<\/li>\n<li><strong>Esnek \u00c7anta Uzunlu\u011fu:<\/strong> De\u011fi\u015fken \u00e7anta uzunlu\u011fu ayarlar\u0131, film kullan\u0131m\u0131n\u0131 optimize eder, malzete israf\u0131 azalt\u0131r.<\/li>\n<li><strong>Zaman ve Film Verimlili\u011fi:<\/strong> Ambalaj s\u00fcrecini h\u0131zland\u0131r\u0131r, zaman ve film tasarrufu sa\u011flar, b\u00f6ylece i\u015fletme maliyetlerini d\u00fc\u015f\u00fcr\u00fcr.<\/li>\n<li><strong>Kullan\u0131c\u0131 Dostu \u0130\u015fletim:<\/strong> Sezgisel kontroller ve basit aray\u00fcz, \u00f6\u011frenme e\u011frisini minimize eder, h\u0131zl\u0131 kurulum ve kullan\u0131m sa\u011flar.<\/li>\n<li><strong>Ayr\u0131 PID S\u0131cakl\u0131k Kontrol\u00fc:<\/strong> Farkl\u0131 ambalaj malzemelerine uygun hassas s\u0131cakl\u0131k y\u00f6netimi, optimal m\u00fch\u00fcr kalitesi sa\u011flar.<\/li>\n<li><strong>Y\u00fcksek Hassasiyetli Optik \u0130\u015faret Takibi:<\/strong> Geli\u015fmi\u015f takip sistemi, do\u011fru kay\u0131t ve hizalama sa\u011flar, profesyonel g\u00f6r\u00fcn\u00fcml\u00fc paketler olu\u015fturur.<\/li>\n<li><strong>Basit S\u00fcr\u00fc\u015f Sistemi:<\/strong> D\u00fczg\u00fcn mekanik tasar\u0131m, bak\u0131m gereksinimini azalt\u0131r ve g\u00fcvenilir performans sunar.<\/li>\n<li><strong>Kendi Kendine Tan\u0131ma Ar\u0131za Fonksiyonu:<\/strong> Yerle\u015fik tan\u0131 sistemleri, sorunlar\u0131 h\u0131zl\u0131ca tespit edip \u00e7\u00f6zmeye yard\u0131mc\u0131 olur, ar\u0131za s\u00fcresini minimize eder.<\/li>\n<\/ul>\n<h2><strong>Geli\u015fmi\u015f Bile\u015fenler ve Mekanizmalar:<\/strong><\/h2>\n<ul>\n<li><strong>Besleme Konvey\u00f6r\u00fc:<\/strong> Manuel y\u00fckleme yap\u0131l\u0131r, bu sistem \u00fcr\u00fcnlerin film \u00fczerine d\u00fczg\u00fcn bir \u015fekilde aktar\u0131lmas\u0131n\u0131 sa\u011flar ve tutarl\u0131 paketleme sa\u011flar.<\/li>\n<li><strong>Kontrol Paneli:<\/strong> Ayr\u0131 bir PID s\u0131cakl\u0131k kontrol cihaz\u0131 ile donat\u0131lm\u0131\u015ft\u0131r, al\u00fcminyum film, ka\u011f\u0131t film, PE film ve kompozit film gibi \u00e7e\u015fitli malzemelere uyarlanabilir.<\/li>\n<li><strong>\u00c7anta \u015eekillendirme Cihaz\u0131:<\/strong> Eklemli \u00e7anta \u015fekillendirme cihaz\u0131 katlama s\u00fcrecini geli\u015ftirir ve y\u00fcksek kaliteli \u00e7anta olu\u015fumu sa\u011flar.<\/li>\n<li><strong>D\u00f6ner U\u00e7 M\u00fch\u00fcrleme Cihaz\u0131:<\/strong> \u00d6zelle\u015ftirilmi\u015f m\u00fch\u00fcrleme \u00e7\u00f6z\u00fcmleri d\u00fcz u\u00e7 m\u00fch\u00fcrleri, dalga \u015fekli, euro delikleri veya yuvarlak delikler i\u00e7erir ve m\u00fc\u015fteri taleplerine g\u00f6re uyarlanabilir.<\/li>\n<\/ul>\n<h2><strong>\u00d6zelle\u015ftirme ve Uygulama:<\/strong><\/h2>\n<p>Yast\u0131k Tipi Bisk\u00fcvi Paketleme Makinesi sadece bisk\u00fcvi ile s\u0131n\u0131rl\u0131 de\u011fildir; di\u011fer kat\u0131 madde \u00fcr\u00fcnleri i\u00e7in de uyarlanabilir. Bireysel \u00fcr\u00fcnleri veya toplu miktarlar\u0131 paketlemeniz gerekiyorsa, bu makine ihtiya\u00e7lar\u0131n\u0131za g\u00f6re ayarlanabilir.<\/p>\n<h2><strong>Model \u00c7e\u015fitleri:<\/strong><\/h2>\n<p>Model yelpazemiz (JY-280, JY-380, JY-480, JY-580) farkl\u0131 \u00fcretim hacimlerine ve film geni\u015fliklerine uygun \u00e7e\u015fitli kapasiteler sunar, b\u00f6ylece operasyonunuza m\u00fckemmel uyacak bir model bulabilirsiniz.<\/p>\n<h2><strong>Teknik \u00d6zellikler:<\/strong><\/h2>\n<p>Her model, farkl\u0131 \u00fcretim \u00f6l\u00e7eklerinin ihtiya\u00e7lar\u0131n\u0131 kar\u015f\u0131lamak \u00fczere belirli boyutlar, film geni\u015fli\u011fi kapasiteleri ve g\u00fc\u00e7 gereksinimleri ile gelir.<\/p>\n<h2><strong>Sat\u0131\u015f Sonras\u0131 Destek ve Hizmet:<\/strong><\/h2>\n<p>Kurulum rehberli\u011fi, operat\u00f6r e\u011fitimi ve s\u00fcrekli teknik destek dahil olmak \u00fczere kapsaml\u0131 sat\u0131\u015f sonras\u0131 destek sa\u011fl\u0131yoruz, b\u00f6ylece makinenizin en y\u00fcksek performansta \u00e7al\u0131\u015fmas\u0131n\u0131 sa\u011fl\u0131yoruz.<\/p>\n<h2><strong>Neden Yast\u0131k Tipi Bisk\u00fcvi Paketleme Makinemizi Se\u00e7melisiniz?<\/strong><\/h2>\n<ul>\n<li><strong>Kaliteli Yap\u0131:<\/strong>\u00a0Dayan\u0131kl\u0131l\u0131k ve tutarl\u0131 performans i\u00e7in y\u00fcksek kaliteli malzemelerle in\u015fa edilmi\u015ftir.<\/li>\n<li><strong>Yenilik\u00e7i Teknoloji:<\/strong>\u00a0En son teknolojiyi kullanarak hassas kontrol ve optimal paketleme sonu\u00e7lar\u0131 sa\u011flar.<\/li>\n<li><strong>\u00d6zelle\u015ftirme Se\u00e7enekleri:<\/strong>\u00a0Farkl\u0131 \u00fcretim ihtiya\u00e7lar\u0131na ve tercihlere uygun \u00e7e\u015fitli modellerde mevcuttur.<\/li>\n<li><strong>G\u00fcvenilir Destek:<\/strong>\u00a0Makinenizin \u00f6mr\u00fc boyunca g\u00fcvenilir m\u00fc\u015fteri hizmetleri ve teknik destek sunar.<\/li>\n<\/ul>\n<div class=\"table-responsive\">\n<table style=\"width: 100%;\">\n<tbody>\n<tr>\n<td>cURL Too many subrequests.<\/td>\n<td>JY-280<\/td>\n<td>JY-380<\/td>\n<td>JY-480<\/td>\n<td>JY-580<\/td>\n<\/tr>\n<tr>\n<td>Film geni\u015fli\u011fi<\/td>\n<td>Maks: 250mm<\/td>\n<td>Maks: 350mm<\/td>\n<td>Maks: 450mm<\/td>\n<td>Maks: 550mm<\/td>\n<\/tr>\n<tr>\n<td>torba geni\u015fli\u011fi<\/td>\n<td>30-110mm<\/td>\n<td>50-160mm<\/td>\n<td>60-200mm<\/td>\n<td>60-260mm<\/td>\n<\/tr>\n<tr>\n<td>\u00fcr\u00fcn y\u00fcksekli\u011fi<\/td>\n<td>Maks.40mm<\/td>\n<td>Maks.40mm<\/td>\n<td>Max.80mm<\/td>\n<td>Max:80mm<\/td>\n<\/tr>\n<tr>\n<td>film rulosu \u00e7ap\u0131<\/td>\n<td>Max.320mm<\/td>\n<td>Max.320mm<\/td>\n<td>Max.320mm<\/td>\n<td>Max:320mm<\/td>\n<\/tr>\n<tr>\n<td>ambalaj h\u0131z\u0131<\/td>\n<td>40-230 po\u015fet\/dak<\/td>\n<td>40-230 po\u015fet\/dak<\/td>\n<td>30-180 po\u015fet\/dak<\/td>\n<td>30-180 po\u015fet\/dak<\/td>\n<\/tr>\n<tr>\n<td>cURL Too many subrequests.<\/td>\n<td>2.4kw<\/td>\n<td>2.6kw<\/td>\n<td>2.6kw<\/td>\n<td>2.6kw<\/td>\n<\/tr>\n<tr>\n<td>Boyut(mm)<\/td>\n<td>3770*670*1450<\/td>\n<td>4020*770*1450<\/td>\n<td>4020*920*1450<\/td>\n<td>4020*920*1450<\/td>\n<\/tr>\n<tr>\n<td>Makine a\u011f\u0131rl\u0131\u011f\u0131<\/td>\n<td>450kg<\/td>\n<td>540kg<\/td>\n<td>750kg<\/td>\n<td>800kg<\/td>\n<\/tr>\n<\/tbody>\n<\/table>\n<\/div>\n<p>&nbsp;<\/p>\n<p><img fetchpriority=\"high\" decoding=\"async\" class=\"alignnone wp-image-1892\" title=\"pillow type biscuit packaging machine for sales\" src=\"https:\/\/www.jymachinetech.com\/wp-content\/uploads\/2021\/12\/pillow-biscuit-packaging-1-1024x496.png\" alt=\"pillow type biscuit packaging machine for sales\" width=\"800\" height=\"388\" \/><\/p>\n<p><img decoding=\"async\" class=\"alignnone wp-image-1893 size-full\" title=\"pillow type biscuit packaging machine for sales\" src=\"https:\/\/www.jymachinetech.com\/wp-content\/uploads\/2021\/12\/pillow-biscuit-packaging-2.png\" alt=\"pillow type biscuit packaging machine for sales\" width=\"800\" height=\"600\" srcset=\"https:\/\/www.jymachinetech.com\/wp-content\/uploads\/2021\/12\/pillow-biscuit-packaging-2.png 800w, https:\/\/www.jymachinetech.com\/wp-content\/uploads\/2021\/12\/pillow-biscuit-packaging-2-16x12.png 16w, https:\/\/www.jymachinetech.com\/wp-content\/uploads\/2021\/12\/pillow-biscuit-packaging-2-600x450.png 600w\" sizes=\"(max-width: 800px) 100vw, 800px\" \/><\/p>\n<h2>Besleme konvey\u00f6r\u00fc<\/h2>\n<p>\u0130\u015f\u00e7iler \u00fcr\u00fcnleri manuel olarak besleme konvey\u00f6r\u00fcne koyar, \u00fcr\u00fcn do\u011frudan filme ge\u00e7er.<\/p>\n<p><img decoding=\"async\" class=\"alignnone wp-image-1894\" title=\"pillow type biscuit packaging machine for sales\" src=\"https:\/\/www.jymachinetech.com\/wp-content\/uploads\/2021\/12\/pillow-biscuit-packaging-3.png\" alt=\"pillow type biscuit packaging machine for sales\" width=\"800\" height=\"394\" srcset=\"https:\/\/www.jymachinetech.com\/wp-content\/uploads\/2021\/12\/pillow-biscuit-packaging-3.png 780w, https:\/\/www.jymachinetech.com\/wp-content\/uploads\/2021\/12\/pillow-biscuit-packaging-3-18x9.png 18w, https:\/\/www.jymachinetech.com\/wp-content\/uploads\/2021\/12\/pillow-biscuit-packaging-3-600x295.png 600w\" sizes=\"(max-width: 800px) 100vw, 800px\" \/><\/p>\n<h2>Kontrol paneli<\/h2>\n<p>\u00c7e\u015fitli paketleme malzemelerine uygun ayr\u0131 PID s\u0131cakl\u0131k kontrol\u00f6r\u00fc. Al\u00fcminyum film, ka\u011f\u0131t film, PE film ve kompozit film i\u00e7in s\u0131cakl\u0131\u011f\u0131 kolayca de\u011fi\u015ftirebilirsiniz. Hangi t\u00fcr film ihtiyac\u0131n\u0131z olursa, her m\u00fc\u015fteriye uygun film tedarik\u00e7isini de \u00f6nerebiliriz.<\/p>\n<p><img loading=\"lazy\" decoding=\"async\" class=\"alignnone wp-image-1895\" title=\"pillow type biscuit packaging machine for sales\" src=\"https:\/\/www.jymachinetech.com\/wp-content\/uploads\/2021\/12\/pillow-biscuit-packaging-4.png\" alt=\"pillow type biscuit packaging machine for sales\" width=\"800\" height=\"419\" srcset=\"https:\/\/www.jymachinetech.com\/wp-content\/uploads\/2021\/12\/pillow-biscuit-packaging-4.png 818w, https:\/\/www.jymachinetech.com\/wp-content\/uploads\/2021\/12\/pillow-biscuit-packaging-4-18x9.png 18w, https:\/\/www.jymachinetech.com\/wp-content\/uploads\/2021\/12\/pillow-biscuit-packaging-4-600x314.png 600w\" sizes=\"(max-width: 800px) 100vw, 800px\" \/><\/p>\n<h2>Po\u015fet \u015fekillendirme cihaz\u0131<\/h2>\n<p>Yap\u0131land\u0131r\u0131lm\u0131\u015f po\u015fet \u015fekillendirme cihaz\u0131, filmi daha iyi performansla katlamaya olanak tan\u0131r.<\/p>\n<p><img loading=\"lazy\" decoding=\"async\" class=\"alignnone wp-image-1897\" title=\"pillow type biscuit packaging machine for sales\" src=\"https:\/\/www.jymachinetech.com\/wp-content\/uploads\/2021\/12\/pillow-biscuit-packaging-6.png\" alt=\"pillow type biscuit packaging machine for sales\" width=\"800\" height=\"380\" srcset=\"https:\/\/www.jymachinetech.com\/wp-content\/uploads\/2021\/12\/pillow-biscuit-packaging-6.png 530w, https:\/\/www.jymachinetech.com\/wp-content\/uploads\/2021\/12\/pillow-biscuit-packaging-6-18x9.png 18w\" sizes=\"(max-width: 800px) 100vw, 800px\" \/><\/p>\n<h2>D\u00f6ner u\u00e7 s\u0131zd\u0131rmazl\u0131k cihaz\u0131<\/h2>\n<p>Kesiciler, d\u00fcz u\u00e7 s\u0131zd\u0131rmazl\u0131klar, dalga \u015fekli, euro delikleri veya yuvarlak delikler ile farkl\u0131 po\u015fetler i\u00e7in ba\u011flant\u0131 po\u015fetleri yapabilir. Her m\u00fc\u015fterinin taleplerine g\u00f6re \u00f6zelle\u015ftirilmi\u015ftir.<\/p>\n<p><img loading=\"lazy\" decoding=\"async\" class=\"alignnone wp-image-1898 size-full\" title=\"pillow type biscuit packaging machine for sales\" src=\"https:\/\/www.jymachinetech.com\/wp-content\/uploads\/2021\/12\/pillow-biscuit-packaging-7.png\" alt=\"pillow type biscuit packaging machine for sales\" width=\"800\" height=\"600\" srcset=\"https:\/\/www.jymachinetech.com\/wp-content\/uploads\/2021\/12\/pillow-biscuit-packaging-7.png 800w, https:\/\/www.jymachinetech.com\/wp-content\/uploads\/2021\/12\/pillow-biscuit-packaging-7-16x12.png 16w, https:\/\/www.jymachinetech.com\/wp-content\/uploads\/2021\/12\/pillow-biscuit-packaging-7-600x450.png 600w\" sizes=\"(max-width: 800px) 100vw, 800px\" \/><\/p>\n<h2>Ambalaj resim referans\u0131<\/h2>\n<p>Bu t\u00fcr k\u00fc\u00e7\u00fck paketler, her t\u00fcrl\u00fc bisk\u00fcvi ambalaj\u0131 i\u00e7in kullan\u0131l\u0131r. Daha uygun sat\u0131\u015f i\u00e7in, perakende veya kutulu toptan sat\u0131\u015f olsun, ideal bir se\u00e7enektir.<\/p>\n<p><img loading=\"lazy\" decoding=\"async\" class=\"alignnone wp-image-1899\" title=\"pillow type biscuit packaging machine for sales\" src=\"https:\/\/www.jymachinetech.com\/wp-content\/uploads\/2021\/12\/pillow-biscuit-packaging-8-1024x484.png\" alt=\"pillow type biscuit packaging machine for sales\" width=\"800\" height=\"378\" \/><\/p>","protected":false},"excerpt":{"rendered":"<p>Bu bisk\u00fcvi ambalaj makinesi, kat\u0131 madde yast\u0131k ambalaj\u0131 i\u00e7in tasarlanm\u0131\u015ft\u0131r; bisk\u00fcvi, kurabiye, ekmek, ay tatl\u0131s\u0131, \u015fekerleme gibi her t\u00fcrl\u00fc iyi d\u00fczenlenmi\u015f kat\u0131 madde ve mal, end\u00fcstri aksesuar\u0131 vb. i\u00e7in uygundur.<\/p>","protected":false},"featured_media":1555,"comment_status":"closed","ping_status":"closed","template":"","meta":[],"product_brand":[],"product_cat":[106,19],"product_tag":[],"class_list":{"0":"post-1554","1":"product","2":"type-product","3":"status-publish","4":"has-post-thumbnail","6":"product_cat-biscuit-packaging-machine","7":"product_cat-packing-machine","9":"first","10":"instock","11":"shipping-taxable","12":"product-type-simple"},"_links":{"self":[{"href":"https:\/\/www.jymachinetech.com\/tr\/wp-json\/wp\/v2\/product\/1554","targetHints":{"allow":["GET"]}}],"collection":[{"href":"https:\/\/www.jymachinetech.com\/tr\/wp-json\/wp\/v2\/product"}],"about":[{"href":"https:\/\/www.jymachinetech.com\/tr\/wp-json\/wp\/v2\/types\/product"}],"replies":[{"embeddable":true,"href":"https:\/\/www.jymachinetech.com\/tr\/wp-json\/wp\/v2\/comments?post=1554"}],"version-history":[{"count":1,"href":"https:\/\/www.jymachinetech.com\/tr\/wp-json\/wp\/v2\/product\/1554\/revisions"}],"predecessor-version":[{"id":7190,"href":"https:\/\/www.jymachinetech.com\/tr\/wp-json\/wp\/v2\/product\/1554\/revisions\/7190"}],"wp:featuredmedia":[{"embeddable":true,"href":"https:\/\/www.jymachinetech.com\/tr\/wp-json\/wp\/v2\/media\/1555"}],"wp:attachment":[{"href":"https:\/\/www.jymachinetech.com\/tr\/wp-json\/wp\/v2\/media?parent=1554"}],"wp:term":[{"taxonomy":"product_brand","embeddable":true,"href":"https:\/\/www.jymachinetech.com\/tr\/wp-json\/wp\/v2\/product_brand?post=1554"},{"taxonomy":"product_cat","embeddable":true,"href":"https:\/\/www.jymachinetech.com\/tr\/wp-json\/wp\/v2\/product_cat?post=1554"},{"taxonomy":"product_tag","embeddable":true,"href":"https:\/\/www.jymachinetech.com\/tr\/wp-json\/wp\/v2\/product_tag?post=1554"}],"curies":[{"name":"wp","href":"https:\/\/api.w.org\/{rel}","templated":true}]}}