{"id":1521,"date":"2021-12-23T10:18:12","date_gmt":"2021-12-23T10:18:12","guid":{"rendered":"https:\/\/www.jymachinetech.com\/?post_type=product&#038;p=1521"},"modified":"2025-07-25T05:58:39","modified_gmt":"2025-07-25T05:58:39","slug":"konjac-pearl-making-machine","status":"publish","type":"product","link":"https:\/\/www.jymachinetech.com\/tr\/product\/konjac-pearl-making-machine\/","title":{"rendered":"Konjac Pearl Making Machine | Konjac Pearl Production Line"},"content":{"rendered":"<h2>Konjac \u0130nci Yap\u0131m Makinesi: Daha Sa\u011fl\u0131kl\u0131 Alternatiflerle \u0130\u00e7ecek Se\u00e7eneklerinizi Y\u00fckseltin<\/h2>\n<p><strong>\u00dcr\u00fcn Genel Bak\u0131\u015f:<\/strong> JY MACHINE taraf\u0131ndan \u00fcretilen Konjac \u0130nci Yap\u0131m Makinesi, pop\u00fcler ve daha sa\u011fl\u0131kl\u0131 bir alternatif olan konjac incileri \u00fcretmek i\u00e7in yenilik\u00e7i bir \u00e7\u00f6z\u00fcmd\u00fcr. Bu inciler, s\u0131cak ve buzlu i\u00e7eceklerin tad\u0131n\u0131 art\u0131ran keyifli \u00e7i\u011fneme veya \u00e7\u0131t\u0131r doku sunar.<\/p>\n<p><iframe title=\"JY200 Konjac agar kristal top \u00fcretim hatt\u0131. Konjac inci yapma makinesi, patlayan boba makinesi\" width=\"800\" height=\"450\" src=\"https:\/\/www.youtube.com\/embed\/F6Am_2slM0k?feature=oembed\" frameborder=\"0\" allow=\"accelerometer; autoplay; clipboard-write; encrypted-media; gyroscope; picture-in-picture; web-share\" referrerpolicy=\"strict-origin-when-cross-origin\" allowfullscreen><\/iframe><\/p>\n<h2><strong>Key Features &amp; Benefits:<\/strong><\/h2>\n<ul>\n<li><strong>Patented Technology:<\/strong> Konjac inci makinemiz, JY MACHINE taraf\u0131ndan geli\u015ftirilmi\u015f ve patentlenmi\u015f olup, benzersiz ve geli\u015fmi\u015f \u00fcretim kabiliyetleri sa\u011flar.<\/li>\n<li><strong>\u00c7ok Y\u00f6nl\u00fc Modeller:<\/strong> Laboratuvardan tam otomatik \u00fcretim hatlar\u0131na kadar \u00e7e\u015fitli modellerde mevcuttur ve farkl\u0131 i\u015fletme \u00f6l\u00e7ekleri ve ihtiya\u00e7lara uygundur.<\/li>\n<li><strong>\u00d6zelle\u015ftirilebilir \u0130nci:<\/strong> \u0130ncilerin boyutunu ve \u015feklini farkl\u0131 kal\u0131plarla ayarlayarak \u00fcr\u00fcnlerinize ki\u015fisel dokunu\u015flar kat\u0131n.<\/li>\n<li><strong>Geli\u015fmi\u015f \u0130\u015flevsellik:<\/strong> PLC kontrol\u00fc, CIP sistemi, stabil kald\u0131rma sistemi ve g\u00f6rsel pencere gibi \u00f6zellikler, kullan\u0131m ve bak\u0131m kolayl\u0131\u011f\u0131 sa\u011flar.<\/li>\n<li><strong>Verimli Tasar\u0131m:<\/strong> S\u0131v\u0131 transferi i\u00e7in \u00e7elik di\u015fli pompa, ayr\u0131 pi\u015firme sistemi ve dijital tasarruf form\u00fclleri ile \u00fcretimi kolayla\u015ft\u0131r\u0131r.<\/li>\n<li><strong>Sorunsuz \u00c7al\u0131\u015fma:<\/strong> Kolay kurulum, bak\u0131m ve hijyenik s\u0131v\u0131 geri kazan\u0131m\u0131 ile temiz ve verimli bir i\u015f ak\u0131\u015f\u0131 sa\u011flar.<\/li>\n<li><strong>Uzman Destek:<\/strong> Yurt d\u0131\u015f\u0131 kurulum deneyimi geni\u015f olan 20'den fazla m\u00fchendis ve 24 saat i\u00e7inde \u00e7evrimi\u00e7i teknik destek sunar.<\/li>\n<li><strong>Y\u0131ll\u0131k Bak\u0131m:<\/strong> Makinenizin en iyi durumda kalmas\u0131n\u0131 sa\u011flayan kapsaml\u0131 y\u0131ll\u0131k bak\u0131m hizmetleri.<\/li>\n<\/ul>\n<h2><strong>SSS:<\/strong><\/h2>\n<p><strong>S: Konjac incileri nedir?<\/strong> C: Konjac incileri, konjac unu kullan\u0131larak yap\u0131lan, besleyici ve lezzetli bir tapioca incisi alternatifidir. \u00c7i\u011fneme veya \u00e7\u0131t\u0131r dokuya sahip benzersiz bir yap\u0131 sunar ve i\u00e7eceklere e\u011flenceli ve zengin bir tat katarken, sa\u011fl\u0131k faydalar\u0131 ve s\u0131cak-so\u011fuk i\u00e7eceklerdeki \u00e7ok y\u00f6nl\u00fcl\u00fc\u011f\u00fc ile pop\u00fclerlik kazanmaktad\u0131r.<\/p>\n<p><strong>S: Makine farkl\u0131 t\u00fcrde inciler \u00fcretebilir mi?<\/strong> C: Evet, makinemiz \u00e7e\u015fitli aromalar ve hatta farkl\u0131 dokularda konjac incileri olu\u015fturmak \u00fczere tasarlanm\u0131\u015ft\u0131r, b\u00f6ylece \u00e7e\u015fitli t\u00fcketici tercihlerine hitap edebilirsiniz.<\/p>\n<p><strong>S: Makine hangi boyut ve \u015fekillerde konjac incileri \u00fcretebilir?<\/strong> C: Makine, farkl\u0131 kal\u0131plar kullanarak 2-3mm aras\u0131 inciler \u00fcretebilir. \u015eekiller de \u00f6zelle\u015ftirilebilir; top ve kalp \u015fekli yayg\u0131n olmakla birlikte, di\u011fer \u015fekiller belirli kal\u0131plarla elde edilebilir.<\/p>\n<p><strong>S: Bu makine patlayan boba da yapabilir mi?<\/strong> C: Hay\u0131r, bu makine \u00f6zellikle konjac incisi \u00fcretimi i\u00e7in tasarlanm\u0131\u015ft\u0131r. Patlayan boba \u00fcretmekle ilgileniyorsan\u0131z, Popping Boba \u00dcretim Hatt\u0131m\u0131z\u0131 \u00f6neririz.<\/p>\n<p><strong>S: Konjac incisi yap\u0131m\u0131 i\u00e7in form\u00fcl sa\u011fl\u0131yor musunuz?<\/strong> C: Evet, her m\u00fc\u015fteriye \u00f6zel form\u00fcl sunuyoruz, b\u00f6ylece y\u00fcksek kaliteli konjac incileri \u00fcretebilir ve \u00f6zel gereksinimlerinizi kar\u015f\u0131layabilirsiniz.<\/p>\n<p><strong>S: \u015eimdi sipari\u015f verirsem tahmini teslimat s\u00fcresi nedir?<\/strong> C: En k\u00fc\u00e7\u00fck model i\u00e7in teslim s\u00fcresi yakla\u015f\u0131k 15-30 g\u00fcnd\u00fcr. Ancak, \u00f6zellikle yo\u011fun d\u00f6nemlerde en do\u011fru teslimat s\u00fcresi i\u00e7in sat\u0131\u015f ekibimizle ileti\u015fime ge\u00e7menizi \u00f6neririz.<\/p>\n<p><strong>S: Makine nas\u0131l bak\u0131m yap\u0131lmal\u0131?<\/strong> C: Makinenizin uzun \u00f6m\u00fcrl\u00fc ve en iyi performans g\u00f6stermesini sa\u011flamak i\u00e7in operasyon, her makine bile\u015feninin a\u00e7\u0131klamas\u0131 ve g\u00fcnl\u00fck bak\u0131m prosed\u00fcrlerini i\u00e7eren detayl\u0131 bak\u0131m k\u0131lavuzu sunuyoruz.<\/p>\n<h2><strong>Neden JY MAK\u0130NE'yi Konjac Incisi Yap\u0131m Makineniz \u0130\u00e7in Tercih Etmelisiniz?<\/strong><\/h2>\n<ul>\n<li><strong>Global Service Team:<\/strong>\u00a0Kuzey Amerika'da yerel destek ile yurtd\u0131\u015f\u0131 hizmet sunuyoruz.<\/li>\n<li><strong>24\/7 Parts Center:<\/strong>\u00a0Kesintisiz \u00e7al\u0131\u015fma i\u00e7in gerekli par\u00e7alar\u0131n zaman\u0131nda eri\u015fimini sa\u011fl\u0131yoruz.<\/li>\n<li><strong>Free Services:<\/strong>\u00a0Fabrika yerle\u015fim plan\u0131 tasar\u0131m\u0131, \u00f6zelle\u015ftirilmi\u015f \u015fekil \u00f6rnekleri, \u00fcr\u00fcn form\u00fcl\u00fc tasar\u0131m\u0131 ve makine tasar\u0131m\u0131 dan\u0131\u015fmanl\u0131\u011f\u0131 dahil.<\/li>\n<li><strong>3D Equipment Scheme:<\/strong>\u00a0Daha iyi planlama i\u00e7in ekipman kurulumunun sanal g\u00f6sterimini sa\u011fl\u0131yoruz.<\/li>\n<li><strong>Customer Factory Production Tour:<\/strong>\u00a0Profesyonel ve g\u00fcvenilir \u00fcretim s\u00fcrecimizi yerinde g\u00f6rme f\u0131rsat\u0131.<\/li>\n<li><strong>Professional &amp; Reliable:<\/strong>\u00a0Kan\u0131tlanm\u0131\u015f bir ge\u00e7mi\u015fe ve kaliteye ba\u011fl\u0131l\u0131\u011fa sahip ger\u00e7ek bir fabrika.<\/li>\n<\/ul>\n<p><strong>Get a Quote Now:<\/strong> Ki\u015fiselle\u015ftirilmi\u015f teklif almak ve Konjac Incisi Yap\u0131m Makinemiz hakk\u0131nda daha fazla bilgi edinmek i\u00e7in bug\u00fcn bizimle ileti\u015fime ge\u00e7in.<\/p>\n<p><img fetchpriority=\"high\" decoding=\"async\" class=\"alignnone size-full wp-image-1524\" title=\"konjac pearl making machine | konjac pearl production line\" src=\"https:\/\/www.jymachinetech.com\/wp-content\/uploads\/2021\/12\/1630051672_image.png\" alt=\"konjac pearl making machine | konjac pearl production line\" width=\"554\" height=\"135\" srcset=\"https:\/\/www.jymachinetech.com\/wp-content\/uploads\/2021\/12\/1630051672_image.png 554w, https:\/\/www.jymachinetech.com\/wp-content\/uploads\/2021\/12\/1630051672_image-18x4.png 18w\" sizes=\"(max-width: 554px) 100vw, 554px\" \/><\/p>\n<h2><span lang=\"EN-US\">\u00d6zellikler<\/span><\/h2>\n<div class=\"table-responsive\">\n<table class=\"Table\" style=\"width: 382.25pt; border-collapse: collapse; border: solid white 1.0pt;\" width=\"510\">\n<tbody>\n<tr style=\"height: 22.55pt;\">\n<td style=\"border: solid white 1.0pt; border-bottom: solid white 3.0pt; background: #ed7d31; width: 91.65pt; padding: 3.6pt 7.2pt 3.6pt 7.2pt; height: 22.55pt;\" valign=\"top\" width=\"122\"><span style=\"font-size: 10.5pt;\"><span style=\"font-family: \u7b49\u7ebf;\"><b>cURL Too many subrequests.<\/b><\/span><\/span><\/td>\n<td style=\"border-bottom: solid white 3.0pt; background: #ed7d31; width: 2.0cm; border-top: solid white 1.0pt; border-left: none; border-right: solid white 1.0pt; padding: 3.6pt 7.2pt 3.6pt 7.2pt; height: 22.55pt;\" valign=\"top\" width=\"76\"><span style=\"font-size: 10.5pt;\"><span style=\"font-family: \u7b49\u7ebf;\"><b>JY-200<\/b><\/span><\/span><\/td>\n<td style=\"border-bottom: solid white 3.0pt; background: #ed7d31; width: 2.0cm; border-top: solid white 1.0pt; border-left: none; border-right: solid white 1.0pt; padding: 3.6pt 7.2pt 3.6pt 7.2pt; height: 22.55pt;\" valign=\"top\" width=\"76\"><span style=\"font-size: 10.5pt;\"><span style=\"font-family: \u7b49\u7ebf;\"><b>JY-400<\/b><\/span><\/span><\/td>\n<td style=\"border-bottom: solid white 3.0pt; background: #ed7d31; width: 2.0cm; border-top: solid white 1.0pt; border-left: none; border-right: solid white 1.0pt; padding: 3.6pt 7.2pt 3.6pt 7.2pt; height: 22.55pt;\" valign=\"top\" width=\"76\"><span style=\"font-size: 10.5pt;\"><span style=\"font-family: \u7b49\u7ebf;\"><b>JY-600<\/b><\/span><\/span><\/td>\n<td style=\"border-bottom: solid white 3.0pt; background: #ed7d31; width: 2.0cm; border-top: solid white 1.0pt; border-left: none; border-right: solid white 1.0pt; padding: 3.6pt 7.2pt 3.6pt 7.2pt; height: 22.55pt;\" valign=\"top\" width=\"76\"><span style=\"font-size: 10.5pt;\"><span style=\"font-family: \u7b49\u7ebf;\"><b>JY-800<\/b><\/span><\/span><\/td>\n<td style=\"border-bottom: solid white 3.0pt; background: #ed7d31; width: 63.8pt; border-top: solid white 1.0pt; border-left: none; border-right: solid white 1.0pt; padding: 3.6pt 7.2pt 3.6pt 7.2pt; height: 22.55pt;\" valign=\"top\" width=\"85\"><span style=\"font-size: 10.5pt;\"><span style=\"font-family: \u7b49\u7ebf;\"><b>JY-1200<\/b><\/span><\/span><\/td>\n<\/tr>\n<tr style=\"height: 25.2pt;\">\n<td style=\"border: solid white 1.0pt; background: #f8d7cd; width: 91.65pt; border-top: none; padding: 3.6pt 7.2pt 3.6pt 7.2pt; height: 25.2pt;\" valign=\"top\" width=\"122\"><span style=\"font-size: 10.5pt;\"><span style=\"font-family: \u7b49\u7ebf;\">Kapasite(kg\/saat)<\/span><\/span><\/td>\n<td style=\"border-bottom: solid white 1.0pt; background: #f8d7cd; width: 2.0cm; border-top: none; border-left: none; border-right: solid white 1.0pt; padding: 3.6pt 7.2pt 3.6pt 7.2pt; height: 25.2pt;\" valign=\"top\" width=\"76\"><span style=\"font-size: 10.5pt;\"><span style=\"font-family: \u7b49\u7ebf;\">200<\/span><\/span><\/td>\n<td style=\"border-bottom: solid white 1.0pt; background: #f8d7cd; width: 2.0cm; border-top: none; border-left: none; border-right: solid white 1.0pt; padding: 3.6pt 7.2pt 3.6pt 7.2pt; height: 25.2pt;\" valign=\"top\" width=\"76\"><span style=\"font-size: 10.5pt;\"><span style=\"font-family: \u7b49\u7ebf;\">400<\/span><\/span><\/td>\n<td style=\"border-bottom: solid white 1.0pt; background: #f8d7cd; width: 2.0cm; border-top: none; border-left: none; border-right: solid white 1.0pt; padding: 3.6pt 7.2pt 3.6pt 7.2pt; height: 25.2pt;\" valign=\"top\" width=\"76\"><span style=\"font-size: 10.5pt;\"><span style=\"font-family: \u7b49\u7ebf;\">600<\/span><\/span><\/td>\n<td style=\"border-bottom: solid white 1.0pt; background: #f8d7cd; width: 2.0cm; border-top: none; border-left: none; border-right: solid white 1.0pt; padding: 3.6pt 7.2pt 3.6pt 7.2pt; height: 25.2pt;\" valign=\"top\" width=\"76\"><span style=\"font-size: 10.5pt;\"><span style=\"font-family: \u7b49\u7ebf;\">800<\/span><\/span><\/td>\n<td style=\"border-bottom: solid white 1.0pt; background: #f8d7cd; width: 63.8pt; border-top: none; border-left: none; border-right: solid white 1.0pt; padding: 3.6pt 7.2pt 3.6pt 7.2pt; height: 25.2pt;\" valign=\"top\" width=\"85\"><span style=\"font-size: 10.5pt;\"><span style=\"font-family: \u7b49\u7ebf;\">1200<\/span><\/span><\/td>\n<\/tr>\n<tr style=\"height: 19.9pt;\">\n<td style=\"border: solid white 1.0pt; background: #fcece8; width: 91.65pt; border-top: none; padding: 3.6pt 7.2pt 3.6pt 7.2pt; height: 19.9pt;\" valign=\"top\" width=\"122\"><span style=\"font-size: 10.5pt;\"><span style=\"font-family: \u7b49\u7ebf;\">Makine uzunlu\u011fu<\/span><\/span><\/td>\n<td style=\"border-bottom: solid white 1.0pt; background: #fcece8; width: 2.0cm; border-top: none; border-left: none; border-right: solid white 1.0pt; padding: 3.6pt 7.2pt 3.6pt 7.2pt; height: 19.9pt;\" valign=\"top\" width=\"76\"><span style=\"font-size: 10.5pt;\"><span style=\"font-family: \u7b49\u7ebf;\">3.5m<\/span><\/span><\/td>\n<td style=\"border-bottom: solid white 1.0pt; background: #fcece8; width: 2.0cm; border-top: none; border-left: none; border-right: solid white 1.0pt; padding: 3.6pt 7.2pt 3.6pt 7.2pt; height: 19.9pt;\" valign=\"top\" width=\"76\"><span style=\"font-size: 10.5pt;\"><span style=\"font-family: \u7b49\u7ebf;\">3.5m<\/span><\/span><\/td>\n<td style=\"border-bottom: solid white 1.0pt; background: #fcece8; width: 2.0cm; border-top: none; border-left: none; border-right: solid white 1.0pt; padding: 3.6pt 7.2pt 3.6pt 7.2pt; height: 19.9pt;\" valign=\"top\" width=\"76\"><span style=\"font-size: 10.5pt;\"><span style=\"font-family: \u7b49\u7ebf;\">5.5m<\/span><\/span><\/td>\n<td style=\"border-bottom: solid white 1.0pt; background: #fcece8; width: 2.0cm; border-top: none; border-left: none; border-right: solid white 1.0pt; padding: 3.6pt 7.2pt 3.6pt 7.2pt; height: 19.9pt;\" valign=\"top\" width=\"76\"><span style=\"font-size: 10.5pt;\"><span style=\"font-family: \u7b49\u7ebf;\">5.5m<\/span><\/span><\/td>\n<td style=\"border-bottom: solid white 1.0pt; background: #fcece8; width: 63.8pt; border-top: none; border-left: none; border-right: solid white 1.0pt; padding: 3.6pt 7.2pt 3.6pt 7.2pt; height: 19.9pt;\" valign=\"top\" width=\"85\"><span style=\"font-size: 10.5pt;\"><span style=\"font-family: \u7b49\u7ebf;\">6m<\/span><\/span><\/td>\n<\/tr>\n<tr style=\"height: 16.7pt;\">\n<td style=\"border: solid white 1.0pt; background: #f8d7cd; width: 91.65pt; border-top: none; padding: 3.6pt 7.2pt 3.6pt 7.2pt; height: 16.7pt;\" valign=\"top\" width=\"122\"><span style=\"font-size: 10.5pt;\"><span style=\"font-family: \u7b49\u7ebf;\">cURL Too many subrequests.<\/span><\/span><\/td>\n<td style=\"border-bottom: solid white 1.0pt; background: #f8d7cd; width: 2.0cm; border-top: none; border-left: none; border-right: solid white 1.0pt; padding: 3.6pt 7.2pt 3.6pt 7.2pt; height: 16.7pt;\" valign=\"top\" width=\"76\"><span style=\"font-size: 10.5pt;\"><span style=\"font-family: \u7b49\u7ebf;\">10kw<\/span><\/span><\/td>\n<td style=\"border-bottom: solid white 1.0pt; background: #f8d7cd; width: 2.0cm; border-top: none; border-left: none; border-right: solid white 1.0pt; padding: 3.6pt 7.2pt 3.6pt 7.2pt; height: 16.7pt;\" valign=\"top\" width=\"76\"><span style=\"font-size: 10.5pt;\"><span style=\"font-family: \u7b49\u7ebf;\">15kw<\/span><\/span><\/td>\n<td style=\"border-bottom: solid white 1.0pt; background: #f8d7cd; width: 2.0cm; border-top: none; border-left: none; border-right: solid white 1.0pt; padding: 3.6pt 7.2pt 3.6pt 7.2pt; height: 16.7pt;\" valign=\"top\" width=\"76\"><span style=\"font-size: 10.5pt;\"><span style=\"font-family: \u7b49\u7ebf;\">15kw<\/span><\/span><\/td>\n<td style=\"border-bottom: solid white 1.0pt; background: #f8d7cd; width: 2.0cm; border-top: none; border-left: none; border-right: solid white 1.0pt; padding: 3.6pt 7.2pt 3.6pt 7.2pt; height: 16.7pt;\" valign=\"top\" width=\"76\"><span style=\"font-size: 10.5pt;\"><span style=\"font-family: \u7b49\u7ebf;\">25kw<\/span><\/span><\/td>\n<td style=\"border-bottom: solid white 1.0pt; background: #f8d7cd; width: 63.8pt; border-top: none; border-left: none; border-right: solid white 1.0pt; padding: 3.6pt 7.2pt 3.6pt 7.2pt; height: 16.7pt;\" valign=\"top\" width=\"85\"><span style=\"font-size: 10.5pt;\"><span style=\"font-family: \u7b49\u7ebf;\">30kw<\/span><\/span><\/td>\n<\/tr>\n<\/tbody>\n<\/table>\n<\/div>\n<p>&nbsp;<\/p>\n<p>&nbsp;<\/p>\n<h2><b><span lang=\"EN-US\">Mutfak pi\u015firme sistemi<\/span><\/b><\/h2>\n<p><img decoding=\"async\" class=\"alignnone size-full wp-image-1756\" title=\"konjac pearl making machine | konjac pearl production line\" src=\"https:\/\/www.jymachinetech.com\/wp-content\/uploads\/2021\/12\/kitchen.jpg\" alt=\"konjac pearl making machine | konjac pearl production line\" width=\"999\" height=\"666\" srcset=\"https:\/\/www.jymachinetech.com\/wp-content\/uploads\/2021\/12\/kitchen.jpg 999w, https:\/\/www.jymachinetech.com\/wp-content\/uploads\/2021\/12\/kitchen-18x12.jpg 18w, https:\/\/www.jymachinetech.com\/wp-content\/uploads\/2021\/12\/kitchen-600x400.jpg 600w\" sizes=\"(max-width: 999px) 100vw, 999px\" \/><\/p>\n<ul>\n<li><b>\u015feker pi\u015firici*1<\/b><\/li>\n<li><b>depolama tank\u0131*1<\/b><\/li>\n<li><b>lob pompas\u0131*2<\/b><\/li>\n<\/ul>\n<h2><b><span lang=\"EN-US\">\u015eekillendirme makinesi<\/span><\/b><\/h2>\n<p><img decoding=\"async\" class=\"alignnone size-full wp-image-1752\" title=\"konjac pearl making machine | konjac pearl production line\" src=\"https:\/\/www.jymachinetech.com\/wp-content\/uploads\/2021\/12\/2.Forming-System.jpg\" alt=\"konjac pearl making machine | konjac pearl production line\" width=\"999\" height=\"666\" srcset=\"https:\/\/www.jymachinetech.com\/wp-content\/uploads\/2021\/12\/2.Forming-System.jpg 999w, https:\/\/www.jymachinetech.com\/wp-content\/uploads\/2021\/12\/2.Forming-System-18x12.jpg 18w, https:\/\/www.jymachinetech.com\/wp-content\/uploads\/2021\/12\/2.Forming-System-600x400.jpg 600w\" sizes=\"(max-width: 999px) 100vw, 999px\" \/><\/p>\n<h2><strong><b>Reaksiyon sistemi<\/b><\/strong><\/h2>\n<p><img loading=\"lazy\" decoding=\"async\" class=\"alignnone size-full wp-image-1757\" title=\"konjac pearl making machine | konjac pearl production line\" src=\"https:\/\/www.jymachinetech.com\/wp-content\/uploads\/2021\/12\/reaction-system.jpg\" alt=\"konjac pearl making machine | konjac pearl production line\" width=\"999\" height=\"666\" srcset=\"https:\/\/www.jymachinetech.com\/wp-content\/uploads\/2021\/12\/reaction-system.jpg 999w, https:\/\/www.jymachinetech.com\/wp-content\/uploads\/2021\/12\/reaction-system-18x12.jpg 18w, https:\/\/www.jymachinetech.com\/wp-content\/uploads\/2021\/12\/reaction-system-600x400.jpg 600w\" sizes=\"(max-width: 999px) 100vw, 999px\" \/><\/p>\n<h2><strong><b>Dola\u015f\u0131m sistemi<\/b><\/strong><\/h2>\n<p><img loading=\"lazy\" decoding=\"async\" class=\"alignnone size-full wp-image-1753\" title=\"konjac pearl making machine | konjac pearl production line\" src=\"https:\/\/www.jymachinetech.com\/wp-content\/uploads\/2021\/12\/4.Circulation-System.jpg\" alt=\"konjac pearl making machine | konjac pearl production line\" width=\"999\" height=\"666\" srcset=\"https:\/\/www.jymachinetech.com\/wp-content\/uploads\/2021\/12\/4.Circulation-System.jpg 999w, https:\/\/www.jymachinetech.com\/wp-content\/uploads\/2021\/12\/4.Circulation-System-18x12.jpg 18w, https:\/\/www.jymachinetech.com\/wp-content\/uploads\/2021\/12\/4.Circulation-System-600x400.jpg 600w\" sizes=\"(max-width: 999px) 100vw, 999px\" \/><\/p>\n<h2><strong><b>filtrasyon sistemi<\/b><\/strong><\/h2>\n<p><img loading=\"lazy\" decoding=\"async\" class=\"alignnone size-full wp-image-1755\" title=\"konjac pearl making machine | konjac pearl production line\" src=\"https:\/\/www.jymachinetech.com\/wp-content\/uploads\/2021\/12\/filtration-system.jpg\" alt=\"konjac pearl making machine | konjac pearl production line\" width=\"999\" height=\"666\" srcset=\"https:\/\/www.jymachinetech.com\/wp-content\/uploads\/2021\/12\/filtration-system.jpg 999w, https:\/\/www.jymachinetech.com\/wp-content\/uploads\/2021\/12\/filtration-system-18x12.jpg 18w, https:\/\/www.jymachinetech.com\/wp-content\/uploads\/2021\/12\/filtration-system-600x400.jpg 600w\" sizes=\"(max-width: 999px) 100vw, 999px\" \/><\/p>\n<h2><strong><b>S<\/b><\/strong><strong><b>sterilizasyon sistemi<\/b><\/strong><\/h2>\n<p><img loading=\"lazy\" decoding=\"async\" class=\"alignnone size-full wp-image-1750\" title=\"konjac pearl making machine | konjac pearl production line\" src=\"https:\/\/www.jymachinetech.com\/wp-content\/uploads\/2021\/12\/Sterilization-system.jpg\" alt=\"konjac pearl making machine | konjac pearl production line\" width=\"999\" height=\"666\" srcset=\"https:\/\/www.jymachinetech.com\/wp-content\/uploads\/2021\/12\/Sterilization-system.jpg 999w, https:\/\/www.jymachinetech.com\/wp-content\/uploads\/2021\/12\/Sterilization-system-18x12.jpg 18w, https:\/\/www.jymachinetech.com\/wp-content\/uploads\/2021\/12\/Sterilization-system-600x400.jpg 600w\" sizes=\"(max-width: 999px) 100vw, 999px\" \/><\/p>\n<p>&nbsp;<\/p>\n<h2><span lang=\"EN-US\">Bu makine ile ne t\u00fcr konjac incisi yap\u0131labilir?<\/span><\/h2>\n<p><img loading=\"lazy\" decoding=\"async\" class=\"alignnone size-full wp-image-1528\" title=\"konjac pearl making machine | konjac pearl production line\" src=\"https:\/\/www.jymachinetech.com\/wp-content\/uploads\/2021\/12\/1630051859_image.png\" alt=\"konjac pearl making machine | konjac pearl production line\" width=\"544\" height=\"288\" srcset=\"https:\/\/www.jymachinetech.com\/wp-content\/uploads\/2021\/12\/1630051859_image.png 544w, https:\/\/www.jymachinetech.com\/wp-content\/uploads\/2021\/12\/1630051859_image-18x10.png 18w\" sizes=\"(max-width: 544px) 100vw, 544px\" \/><\/p>\n<p>&nbsp;<\/p>\n<p><img loading=\"lazy\" decoding=\"async\" class=\"alignnone size-full wp-image-1529\" title=\"konjac pearl making machine | konjac pearl production line\" src=\"https:\/\/www.jymachinetech.com\/wp-content\/uploads\/2021\/12\/1630051875_image.png\" alt=\"konjac pearl making machine | konjac pearl production line\" width=\"554\" height=\"201\" srcset=\"https:\/\/www.jymachinetech.com\/wp-content\/uploads\/2021\/12\/1630051875_image.png 554w, https:\/\/www.jymachinetech.com\/wp-content\/uploads\/2021\/12\/1630051875_image-18x7.png 18w\" sizes=\"(max-width: 554px) 100vw, 554px\" \/><\/p>\n<p>&nbsp;<\/p>\n<h2><span lang=\"EN-US\">Uygulama referans\u0131<\/span><\/h2>\n<p><img loading=\"lazy\" decoding=\"async\" class=\"alignnone size-full wp-image-1530\" title=\"konjac pearl making machine | konjac pearl production line\" src=\"https:\/\/www.jymachinetech.com\/wp-content\/uploads\/2021\/12\/1630051890_image.png\" alt=\"konjac pearl making machine | konjac pearl production line\" width=\"554\" height=\"258\" srcset=\"https:\/\/www.jymachinetech.com\/wp-content\/uploads\/2021\/12\/1630051890_image.png 554w, https:\/\/www.jymachinetech.com\/wp-content\/uploads\/2021\/12\/1630051890_image-18x8.png 18w\" sizes=\"(max-width: 554px) 100vw, 554px\" \/><\/p>\n<p>&nbsp;<\/p>","protected":false},"excerpt":{"rendered":"<div class=\"content-style\">\n<ul>\n<li>Servodrive\u00a0&amp; PLC control<\/li>\n<li>CIP sistemi mevcut<\/li>\n<li>Formula andtesting\u00a0support<\/li>\n<li>G\u00f6rsel pencere<\/li>\n<li>Circulation system<\/li>\n<li>Sterilization system<\/li>\n<li>Continuous packaging system<\/li>\n<li>24 saat teknolojik destek<\/li>\n<li>Annual maintenance<\/li>\n<li>Oversea\u00a0installnation<\/li>\n<\/ul>\n<\/div>","protected":false},"featured_media":1790,"comment_status":"closed","ping_status":"closed","template":"","meta":[],"product_brand":[],"product_cat":[103],"product_tag":[],"class_list":{"0":"post-1521","1":"product","2":"type-product","3":"status-publish","4":"has-post-thumbnail","6":"product_cat-konjac-pearl-machine","8":"first","9":"instock","10":"shipping-taxable","11":"product-type-simple"},"_links":{"self":[{"href":"https:\/\/www.jymachinetech.com\/tr\/wp-json\/wp\/v2\/product\/1521","targetHints":{"allow":["GET"]}}],"collection":[{"href":"https:\/\/www.jymachinetech.com\/tr\/wp-json\/wp\/v2\/product"}],"about":[{"href":"https:\/\/www.jymachinetech.com\/tr\/wp-json\/wp\/v2\/types\/product"}],"replies":[{"embeddable":true,"href":"https:\/\/www.jymachinetech.com\/tr\/wp-json\/wp\/v2\/comments?post=1521"}],"version-history":[{"count":1,"href":"https:\/\/www.jymachinetech.com\/tr\/wp-json\/wp\/v2\/product\/1521\/revisions"}],"predecessor-version":[{"id":7192,"href":"https:\/\/www.jymachinetech.com\/tr\/wp-json\/wp\/v2\/product\/1521\/revisions\/7192"}],"wp:featuredmedia":[{"embeddable":true,"href":"https:\/\/www.jymachinetech.com\/tr\/wp-json\/wp\/v2\/media\/1790"}],"wp:attachment":[{"href":"https:\/\/www.jymachinetech.com\/tr\/wp-json\/wp\/v2\/media?parent=1521"}],"wp:term":[{"taxonomy":"product_brand","embeddable":true,"href":"https:\/\/www.jymachinetech.com\/tr\/wp-json\/wp\/v2\/product_brand?post=1521"},{"taxonomy":"product_cat","embeddable":true,"href":"https:\/\/www.jymachinetech.com\/tr\/wp-json\/wp\/v2\/product_cat?post=1521"},{"taxonomy":"product_tag","embeddable":true,"href":"https:\/\/www.jymachinetech.com\/tr\/wp-json\/wp\/v2\/product_tag?post=1521"}],"curies":[{"name":"wp","href":"https:\/\/api.w.org\/{rel}","templated":true}]}}