{"id":1504,"date":"2021-12-23T09:32:07","date_gmt":"2021-12-23T09:32:07","guid":{"rendered":"https:\/\/www.jymachinetech.com\/?post_type=product&#038;p=1504"},"modified":"2025-07-25T05:59:01","modified_gmt":"2025-07-25T05:59:01","slug":"chocolate-holding-tank","status":"publish","type":"product","link":"https:\/\/www.jymachinetech.com\/tr\/product\/chocolate-holding-tank\/","title":{"rendered":"\u00c7ikolata Tutucu Tank\u0131 | Paslanmaz \u00c7elik \u00c7ikolata Depolama Tank\u0131"},"content":{"rendered":"<h2>\u00c7ikolata Depolama Tank\u0131: \u00c7ikolata \u00dcretim Hatt\u0131n\u0131z\u0131n Kalbi<\/h2>\n<p><strong>\u00dcr\u00fcn Genel Bak\u0131\u015f:<\/strong> \u00c7ikolata Depolama Tank\u0131, herhangi bir \u00e7ikolata \u00fcretim hatt\u0131n\u0131n kritik bir bile\u015fenidir ve \u00e7ikolata k\u00fctlesini hassasiyetle ve verimlilikle tutmak ve y\u00f6netmek \u00fczere tasarlanm\u0131\u015ft\u0131r. Geli\u015fmi\u015f \u00f6zellikleri, \u00e7ikolatan\u0131z\u0131n \u00fcretim s\u00fcreci boyunca optimal ko\u015fullarda kalmas\u0131n\u0131 sa\u011flar.<\/p>\n<p><iframe title=\"Alt\u0131n para \u00c7ikolata d\u00f6kme ve yapma makinesi ile folyo sarma ve paketleme makinesi\" width=\"800\" height=\"600\" src=\"https:\/\/www.youtube.com\/embed\/Ze1rulkC0ns?list=PLkC9Irp2ZdYa4PmOAcxqLj_5W7hqWV4Cb\" frameborder=\"0\" allow=\"accelerometer; autoplay; clipboard-write; encrypted-media; gyroscope; picture-in-picture; web-share\" referrerpolicy=\"strict-origin-when-cross-origin\" allowfullscreen><\/iframe><\/p>\n<h2><strong>Ana Avantajlar:<\/strong><\/h2>\n<ul>\n<li><strong>Y\u00fcksek Verimlilik:<\/strong> Tank, b\u00fcy\u00fck hacimli \u00e7ikolata k\u00fctlesini i\u015fleyebilecek \u015fekilde tasarlanm\u0131\u015f olup, y\u00fcksek \u00fcretim h\u0131z\u0131 ve minimum duru\u015f sa\u011flar.<\/li>\n<li><strong>Kolay Kullan\u0131m:<\/strong> Kullan\u0131c\u0131 dostu kontroller, sorunsuz \u00e7al\u0131\u015fma sa\u011flar ve \u00e7ikolata k\u00fctlesini y\u00f6netmek i\u00e7in sezgisel ayarlar sunar.<\/li>\n<li><strong>Pratik Bak\u0131m:<\/strong> Tank\u0131n tasar\u0131m\u0131, t\u00fcm par\u00e7alara kolay eri\u015fim sa\u011flar ve temizlik ile bak\u0131m rutinlerini basitle\u015ftirir.<\/li>\n<li><strong>Kaliteli Elektrik Bile\u015fenleri:<\/strong> \u0130thal marka elektrik bile\u015fenleri ile donat\u0131lm\u0131\u015ft\u0131r, tank g\u00fcvenilirlik ve dayan\u0131kl\u0131l\u0131k sa\u011flar.<\/li>\n<li><strong>Stainless Steel Construction:<\/strong> Paslanmaz \u00e7elik kullan\u0131m\u0131 sadece daha uzun hizmet \u00f6mr\u00fc sa\u011flamakla kalmaz, ayn\u0131 zamanda g\u0131da g\u00fcvenli\u011fi standartlar\u0131na da uygundur.<\/li>\n<li><strong>S\u00fcrekli Kar\u0131\u015ft\u0131rma:<\/strong> Tank, \u00e7ikolata k\u00fctlesinin \u00e7\u00f6kelmesini veya ayr\u0131\u015fmas\u0131n\u0131 \u00f6nleyen s\u00fcrekli kar\u0131\u015ft\u0131rma sistemine sahiptir.<\/li>\n<li><strong>Termostat Kontrol\u00fc:<\/strong> Kullan\u0131c\u0131 dostu kontrol paneli ile hassas s\u0131cakl\u0131k y\u00f6netimi sa\u011flan\u0131r ve \u00e7ikolata k\u00fctlesinin i\u015fleme i\u00e7in ideal s\u0131cakl\u0131kta tutulmas\u0131 sa\u011flan\u0131r.<\/li>\n<\/ul>\n<h2><strong>Teknik \u00d6zellikler:<\/strong><\/h2>\n<ul>\n<li><strong>Kar\u0131\u015ft\u0131rma Sistemi:<\/strong>\u00a0D\u00fczenli kar\u0131\u015f\u0131m\u0131 sa\u011flar ve hava kabarc\u0131klar\u0131 veya topaklar\u0131n olu\u015fumunu engeller.<\/li>\n<li><strong>S\u0131cakl\u0131k Birli\u011fi:<\/strong>\u00a0\u00c7ikolata kalitesi i\u00e7in kritik olan tank boyunca tutarl\u0131 s\u0131cakl\u0131\u011f\u0131 korur.<\/li>\n<li><strong>Hijyenik Tasar\u0131m:<\/strong>\u00a0Kolay temizleme sa\u011flar ve g\u0131da i\u015fleme i\u00e7in kat\u0131 hijyen gereksinimlerini kar\u015f\u0131lar.<\/li>\n<li><strong>\u00d6zelle\u015ftirilebilir Kapasite:<\/strong>\u00a0Farkl\u0131 \u00f6l\u00e7ekli operasyonlar\u0131n \u00fcretim ihtiya\u00e7lar\u0131na uygun \u00e7e\u015fitli boyutlarda mevcuttur.<\/li>\n<li><strong>Enerji Verimlili\u011fi:<\/strong>\u00a0Y\u00fcksek performans\u0131 korurken daha az enerji t\u00fcketmek \u00fczere tasarlanm\u0131\u015ft\u0131r.<\/li>\n<\/ul>\n<h2><strong>Applications:<\/strong><\/h2>\n<ul>\n<li>\u00c7ikolata fabrikalar\u0131, \u015fekerleme \u00fcretimi ve el yap\u0131m\u0131 \u00e7ikolata yap\u0131m\u0131nda kullan\u0131ma idealdir.<\/li>\n<li>Kal\u0131plama, kaplama veya s\u00fcrekli \u015fekerleme \u00fcretim s\u00fcrecinin bir par\u00e7as\u0131 olarak \u00e7ikolatay\u0131 tutmak i\u00e7in m\u00fckemmeldir.<\/li>\n<\/ul>\n<h2><strong>M\u00fc\u015fteri Deste\u011fi ve Hizmetleri:<\/strong><\/h2>\n<ul>\n<li><strong>Profesyonel Kurulum:<\/strong>\u00a0Ekibimiz, tank\u0131n do\u011fru \u015fekilde kurulmas\u0131n\u0131 ve \u00fcretim hatt\u0131n\u0131za entegre edilmesini sa\u011flar.<\/li>\n<li><strong>Kapsaml\u0131 E\u011fitim:<\/strong>\u00a0Operat\u00f6rlerin tank\u0131 verimli ve g\u00fcvenli kullan\u0131m\u0131 i\u00e7in detayl\u0131 e\u011fitim almas\u0131n\u0131 sa\u011fl\u0131yoruz.<\/li>\n<li><strong>After-Sales Service:<\/strong>\u00a0Her t\u00fcrl\u00fc operasyonel sorun i\u00e7in h\u0131zl\u0131 ve etkili destek sunuyoruz.<\/li>\n<li><strong>Yedek Par\u00e7a Mevcudiyeti:<\/strong>\u00a0Bak\u0131m ve onar\u0131mlar i\u00e7in yedek par\u00e7a tedarikinin s\u00fcrekli olmas\u0131n\u0131 sa\u011fl\u0131yoruz.<\/li>\n<\/ul>\n<h2><strong>Neden \u00c7ikolata Tutma Tank\u0131m\u0131z\u0131 Se\u00e7melisiniz?<\/strong><\/h2>\n<ul>\n<li><strong>Kalite ve G\u00fcvenilirlik:<\/strong>\u00a0G\u00fcvenilir performans i\u00e7in y\u00fcksek kaliteli malzeme ve bile\u015fenlerle \u00fcretilmi\u015ftir.<\/li>\n<li><strong>\u00d6zelle\u015ftirme:<\/strong>\u00a0\u00c7ikolata \u00fcretim s\u00fcrecinizin \u00f6zel gereksinimlerine uygun olarak tasarlanm\u0131\u015ft\u0131r.<\/li>\n<li><strong>Yenilik:<\/strong>\u00a0Verimli \u00e7ikolata i\u015fleme ve \u00fcretimi i\u00e7in en son teknolojiyi i\u00e7erir.<\/li>\n<li><strong>Destek:<\/strong>\u00a0\u00c7ikolata \u00fcretim ekipmanlar\u0131nda geni\u015f deneyime sahip uzman ekibimiz taraf\u0131ndan desteklenmektedir.<\/li>\n<\/ul>\n<h2><strong>Get a Quote Now:<\/strong><\/h2>\n<p>Ki\u015fiselle\u015ftirilmi\u015f fiyatland\u0131rma ve \u00c7ikolata Tutucu Tank\u0131m\u0131z\u0131n \u00e7ikolata \u00fcretim kapasitenizi nas\u0131l art\u0131rabilece\u011fi hakk\u0131nda daha fazla bilgi edinmek i\u00e7in bug\u00fcn bizimle ileti\u015fime ge\u00e7in.<\/p>\n<p><img fetchpriority=\"high\" decoding=\"async\" class=\"alignnone size-full wp-image-1507\" title=\"\u00e7ikolata tutucu tank | paslanmaz \u00e7elik \u00e7ikolata depolama tank\u0131\" src=\"https:\/\/www.jymachinetech.com\/wp-content\/uploads\/2021\/12\/image_1616395883_Chocolate-holding-tank2.jpg\" alt=\"\u00e7ikolata tutucu tank | paslanmaz \u00e7elik \u00e7ikolata depolama tank\u0131\" width=\"800\" height=\"580\" srcset=\"https:\/\/www.jymachinetech.com\/wp-content\/uploads\/2021\/12\/image_1616395883_Chocolate-holding-tank2.jpg 800w, https:\/\/www.jymachinetech.com\/wp-content\/uploads\/2021\/12\/image_1616395883_Chocolate-holding-tank2-18x12.jpg 18w, https:\/\/www.jymachinetech.com\/wp-content\/uploads\/2021\/12\/image_1616395883_Chocolate-holding-tank2-600x435.jpg 600w\" sizes=\"(max-width: 800px) 100vw, 800px\" \/><\/p>\n<p>&nbsp;<\/p>\n<div class=\"table-responsive\">\n<table style=\"width: 100%;\">\n<tbody>\n<tr>\n<td style=\"text-align: center;\">cURL Too many subrequests.<\/td>\n<td style=\"text-align: center;\">30L<\/td>\n<td style=\"text-align: center;\">100L<\/td>\n<td style=\"text-align: center;\">500L<\/td>\n<td style=\"text-align: center;\">1000L<\/td>\n<td style=\"text-align: center;\">1500L<\/td>\n<td style=\"text-align: center;\">2000L<\/td>\n<\/tr>\n<tr>\n<td style=\"text-align: center;\">Maksimum Kapasite(l)<\/td>\n<td style=\"text-align: center;\">30<\/td>\n<td style=\"text-align: center;\">100<\/td>\n<td style=\"text-align: center;\">500<\/td>\n<td style=\"text-align: center;\">1000<\/td>\n<td style=\"text-align: center;\">1500<\/td>\n<td style=\"text-align: center;\">2000<\/td>\n<\/tr>\n<tr>\n<td style=\"text-align: center;\">Devir H\u0131z\u0131(rpm)<\/td>\n<td style=\"text-align: center;\">22.5<\/td>\n<td style=\"text-align: center;\">22.5<\/td>\n<td style=\"text-align: center;\">22.5<\/td>\n<td style=\"text-align: center;\">22.5<\/td>\n<td style=\"text-align: center;\">22.5<\/td>\n<td style=\"text-align: center;\">22.5<\/td>\n<\/tr>\n<tr>\n<td style=\"text-align: center;\">Ana motor g\u00fcc\u00fc(kw)<\/td>\n<td style=\"text-align: center;\">0.37<\/td>\n<td style=\"text-align: center;\">0.75<\/td>\n<td style=\"text-align: center;\">1.1<\/td>\n<td style=\"text-align: center;\">1.5<\/td>\n<td style=\"text-align: center;\">1.5~5<\/td>\n<td style=\"text-align: center;\">1.5~5<\/td>\n<\/tr>\n<tr>\n<td style=\"text-align: center;\">Elektrikli \u0131s\u0131tma g\u00fcc\u00fc(kw)<\/td>\n<td style=\"text-align: center;\">1<\/td>\n<td style=\"text-align: center;\">2.5<\/td>\n<td style=\"text-align: center;\">5<\/td>\n<td style=\"text-align: center;\">7.5<\/td>\n<td style=\"text-align: center;\">7.5~15<\/td>\n<td style=\"text-align: center;\">7.5~15<\/td>\n<\/tr>\n<tr>\n<td style=\"text-align: center;\">Is\u0131 Tutma G\u00fcc\u00fc(kw)<\/td>\n<td style=\"text-align: center;\">1<\/td>\n<td style=\"text-align: center;\">2.5<\/td>\n<td style=\"text-align: center;\">2.5<\/td>\n<td style=\"text-align: center;\">2.5<\/td>\n<td style=\"text-align: center;\">2.5~5<\/td>\n<td style=\"text-align: center;\">2.5~5<\/td>\n<\/tr>\n<\/tbody>\n<\/table>\n<\/div>","protected":false},"excerpt":{"rendered":"<p>Chocolate holding tank is a crucial step in chocolate production &#8211; between the tempering and final molding phase. If you want delicately molded chocolates, the chocolate must be kept at the correct consistency and temperature.<\/p>","protected":false},"featured_media":1506,"comment_status":"closed","ping_status":"closed","template":"","meta":[],"product_brand":[],"product_cat":[17],"product_tag":[],"class_list":{"0":"post-1504","1":"product","2":"type-product","3":"status-publish","4":"has-post-thumbnail","6":"product_cat-chocolate-machine","8":"first","9":"instock","10":"shipping-taxable","11":"product-type-simple"},"_links":{"self":[{"href":"https:\/\/www.jymachinetech.com\/tr\/wp-json\/wp\/v2\/product\/1504","targetHints":{"allow":["GET"]}}],"collection":[{"href":"https:\/\/www.jymachinetech.com\/tr\/wp-json\/wp\/v2\/product"}],"about":[{"href":"https:\/\/www.jymachinetech.com\/tr\/wp-json\/wp\/v2\/types\/product"}],"replies":[{"embeddable":true,"href":"https:\/\/www.jymachinetech.com\/tr\/wp-json\/wp\/v2\/comments?post=1504"}],"version-history":[{"count":1,"href":"https:\/\/www.jymachinetech.com\/tr\/wp-json\/wp\/v2\/product\/1504\/revisions"}],"predecessor-version":[{"id":7194,"href":"https:\/\/www.jymachinetech.com\/tr\/wp-json\/wp\/v2\/product\/1504\/revisions\/7194"}],"wp:featuredmedia":[{"embeddable":true,"href":"https:\/\/www.jymachinetech.com\/tr\/wp-json\/wp\/v2\/media\/1506"}],"wp:attachment":[{"href":"https:\/\/www.jymachinetech.com\/tr\/wp-json\/wp\/v2\/media?parent=1504"}],"wp:term":[{"taxonomy":"product_brand","embeddable":true,"href":"https:\/\/www.jymachinetech.com\/tr\/wp-json\/wp\/v2\/product_brand?post=1504"},{"taxonomy":"product_cat","embeddable":true,"href":"https:\/\/www.jymachinetech.com\/tr\/wp-json\/wp\/v2\/product_cat?post=1504"},{"taxonomy":"product_tag","embeddable":true,"href":"https:\/\/www.jymachinetech.com\/tr\/wp-json\/wp\/v2\/product_tag?post=1504"}],"curies":[{"name":"wp","href":"https:\/\/api.w.org\/{rel}","templated":true}]}}