{"id":15,"date":"2025-07-09T05:49:59","date_gmt":"2025-07-09T05:49:59","guid":{"rendered":"https:\/\/www.jymachinetech.com\/?post_type=product&#038;p=15"},"modified":"2025-09-10T13:45:58","modified_gmt":"2025-09-10T13:45:58","slug":"biscuit-production-line","status":"publish","type":"product","link":"https:\/\/www.jymachinetech.com\/tr\/product\/biscuit-production-line\/","title":{"rendered":"Bisk\u00fcvi \u00dcretim Hatt\u0131"},"content":{"rendered":"<p data-pm-slice=\"1 1 []\">Jun Yu otomatik bir sa\u011flar <a href=\"https:\/\/www.jymachinetech.com\/tr\/product\/biscuit-production-line\/\" target=\"_blank\"><strong>bisk\u00fcvi \u00fcretim hatt\u0131<\/strong><\/a> \u0130htiya\u00e7lar\u0131n\u0131za uygun olarak tasarland\u0131. \u0130lgili \u00fcr\u00fcnleri g\u00f6zden ge\u00e7irebilir ve web sitemizde dan\u0131\u015fmanl\u0131k ba\u015flatabilirsiniz.<\/p>\n<p>@jymachinetech \u2013 Hammadde i\u015fleme, paketleme, t\u00fcketim veya enerji, ya da basitten tam otomatik ekipmana kadar, bizim <a href=\"https:\/\/www.jymachinetech.com\/tr\/product\/biscuit-production-line\/\" target=\"_blank\">bisk\u00fcvi \u00fcretim hatt\u0131<\/a> \u00c7\u00f6z\u00fcmler, anahtar teslim proje deste\u011fi, insana uygun tasar\u0131m ve katma de\u011ferli se\u00e7enekleri i\u00e7eren makul bir teklif plan\u0131 ile birlikte gelir.<\/p>\n<p>&nbsp;<\/p>\n<p><iframe title=\"Junyu sindirim kurabiyesi makinesi kraker bisk\u00fcvi yapma makinesi kurabiye \u00fcretim hatt\u0131 ekipmanlar\u0131\" width=\"800\" height=\"450\" src=\"https:\/\/www.youtube.com\/embed\/7ERXsv8bDJg?feature=oembed\" frameborder=\"0\" allow=\"accelerometer; autoplay; clipboard-write; encrypted-media; gyroscope; picture-in-picture; web-share\" referrerpolicy=\"strict-origin-when-cross-origin\" allowfullscreen><\/iframe><\/p>\n<h2 data-pm-slice=\"1 3 []\"><a href=\"https:\/\/www.jymachinetech.com\/tr\/product\/biscuit-production-line\/\" target=\"_blank\">Bisk\u00fcvi \u00dcretim Hatt\u0131<\/a>Makine Avantajlar\u0131<\/h2>\n<p>Ekibimiz <a href=\"https:\/\/www.jymachinetech.com\/tr\/essential-insights-into-biscuit-production-line-efficiency-and-design\/\" target=\"_blank\"><strong>bisk\u00fcvi \u00fcretim hatt\u0131<\/strong><\/a> B\u00fcy\u00fck \u00f6l\u00e7ekli f\u0131r\u0131nlama ihtiya\u00e7lar\u0131 i\u00e7in g\u00fcvenilir performans ve ak\u0131ll\u0131 otomasyon sa\u011flar.<\/p>\n<ul>\n<li>Alman tasar\u0131m ekibi \u00e7izimleri<\/li>\n<li>Bask\u0131 ve kesim \u00f6zellikli D\u00f6ner Silindirli \u00c7ift Silindir<\/li>\n<li>Ta\u015f\u0131ma sisteminin otomatik sapma d\u00fczeltmesi<\/li>\n<li>Daha ayarlanabilir hamur kal\u0131nl\u0131\u011f\u0131<\/li>\n<li>D\u00fc\u015f\u00fck hasar oran\u0131, hammadde israf\u0131n\u0131 etkin \u015fekilde \u00f6nler, israf\u0131 azaltmaya ve maliyetleri art\u0131rmaya yard\u0131mc\u0131 olur<\/li>\n<li>F\u0131r\u0131n 2-5 s\u0131cakl\u0131k b\u00f6lgesine sahiptir, bu da ayar\u0131 daha uygundur<\/li>\n<li>Yeni f\u0131r\u0131n d\u00f6ng\u00fcs\u00fc tasar\u0131m\u0131, daha fazla enerji tasarrufu sa\u011flar<\/li>\n<li>Do\u011fal termal yal\u0131t\u0131m malzemesi, kullan\u0131c\u0131lar\u0131n sa\u011fl\u0131\u011f\u0131n\u0131 korur<\/li>\n<li>\u00c7ok say\u0131da yurtd\u0131\u015f\u0131 kurulum deneyimine sahip 20'den fazla m\u00fchendis<\/li>\n<li>Her m\u00fc\u015fteri i\u00e7in uygun form\u00fcl<\/li>\n<li>H\u0131zl\u0131 teslim s\u00fcresi<\/li>\n<li>24 saat i\u00e7inde \u00e7evrimi\u00e7i destek sa\u011flayan teknoloji<\/li>\n<li>Annual maintenance<\/li>\n<li>T\u00fcm elektrik par\u00e7alar uluslararas\u0131 markalar kullan\u0131larak daha uzun \u00f6m\u00fcr sa\u011flar<\/li>\n<li>Makineler, kurabiye yap\u0131m\u0131n\u0131n \u00e7e\u015fitli a\u015famalar\u0131n\u0131 otomatikle\u015ftirir, tutarl\u0131 kalite ve verimlilik sa\u011flar<\/li>\n<li>B\u00fct\u00e7enize uygun tamamen otomatik\/yar\u0131 otomatik tasar\u0131m<\/li>\n<li>Otomatik olarak yap\u0131land\u0131r\u0131labilir <a href=\"https:\/\/www.jymachinetech.com\/tr\/essential-insights-into-biscuit-production-line-efficiency-and-design\/\" target=\"_blank\">bisk\u00fcvi \u00fcretim hatt\u0131<\/a> Maksimum otomasyon ve verimlilik i\u00e7in<\/li>\n<li>M\u00fc\u015fteri fabrikas\u0131 alan\u0131na g\u00f6re tasar\u0131m d\u00fczeni<\/li>\n<li>Farkl\u0131 kurabiye kal\u0131plar\u0131 i\u00e7in \u00f6zelle\u015ftirilmi\u015f \u015fekiller sa\u011flar<\/li>\n<li>Kal\u0131plar, kesiciler ve ambalaj sistemleri gibi ek ekipmanlar \u00fcretim hatt\u0131n\u0131 geli\u015ftirmek i\u00e7in mevcuttur <a title=\"En \u0130yi Kek \u00dcretim Hatt\u0131: Verimlilik ve Kaliteyi Art\u0131rma\" href=\"https:\/\/www.jymachinetech.com\/tr\/the-best-cake-production-line-enhancing-efficiency-and-quality\/\" data-wpil-monitor-id=\"75\" target=\"_blank\">\u00fcretim hatt\u0131n\u0131 geli\u015ftirmek<\/a> fonksiyonelli\u011fi<\/li>\n<li>R \u015fekli b\u00fckme ve su ge\u00e7irmez kumlama kaplama daha uzun kullan\u0131m i\u00e7in<\/li>\n<li>Daha uzun servis \u00f6mr\u00fc i\u00e7in uluslararas\u0131 markalara sahip elektrik par\u00e7alar\u0131<\/li>\n<li>Gizli par\u00e7alar\u0131n uyar\u0131 i\u015faretleri ve g\u00fcvenli kullan\u0131m i\u00e7in koruma<\/li>\n<li>Otomasyon \u00f6zellikleri manuel i\u015f\u00e7ilik ve insan hatalar\u0131n\u0131 en aza indirmeye yard\u0131mc\u0131 olur, g\u00fcvenli\u011fi ve verimlili\u011fi art\u0131r\u0131r<\/li>\n<li>S\u0131cakl\u0131k kontrol\u00fc ayr\u0131 ayr\u0131<\/li>\n<li>Hassas s\u00fcre\u00e7 y\u00f6netimi ve otomasyon i\u00e7in geli\u015fmi\u015f kontrol sistemleri<\/li>\n<li>CE sertifikas\u0131 alt\u0131nda ve GMP standartlar\u0131na ula\u015fan<\/li>\n<\/ul>\n<h2 data-pm-slice=\"1 1 []\">Bisk\u00fcvi \u00dcretimine Giri\u015f<\/h2>\n<p>Bisk\u00fcvi \u00fcretimi b\u00fcy\u00fck \u00f6l\u00e7ekte, g\u0131da i\u015fleme end\u00fcstrisi i\u00e7in \u00f6zel olarak tasarlanm\u0131\u015f geli\u015fmi\u015f \u00fcretim hatlar\u0131na dayan\u0131r. Modern <a href=\"https:\/\/www.jymachinetech.com\/tr\/essential-insights-into-biscuit-production-line-efficiency-and-design\/\" target=\"_blank\">bisk\u00fcvi \u00fcretim hatt\u0131<\/a> birka\u00e7 entegre a\u015famadan olu\u015fur, bunlar hamur kar\u0131\u015ft\u0131rma, hamur \u015fekillendirme, pi\u015firme ve ambalajlamay\u0131 i\u00e7erir. Bu a\u015famalar, en son teknoloji makineler ve ekipmanlar taraf\u0131ndan desteklenir, hepsi birlikte \u00e7al\u0131\u015farak <a title=\"cURL Too many subrequests.\" href=\"https:\/\/www.jymachinetech.com\/tr\/2025-top-gummy-candy-machine-for-efficient-production-and-quality-results\/\" data-wpil-monitor-id=\"101\" target=\"_blank\">\u00fcretim verimlili\u011fini en \u00fcst d\u00fczeye \u00e7\u0131kar\u0131r ve tutarl\u0131 \u00fcr\u00fcn kalitesini sa\u011flar<\/a>. Sekt\u00f6rde lider \u00fcreticiler, belirli \u00fcretim gereksinimlerini kar\u015f\u0131lamak \u00fczere \u00e7e\u015fitli <a href=\"https:\/\/www.jymachinetech.com\/tr\/essential-insights-into-biscuit-production-line-efficiency-and-design\/\" target=\"_blank\">bisk\u00fcvi \u00fcretim hatlar\u0131<\/a> \u00f6zelle\u015ftirilmi\u015f \u00fcr\u00fcnler sunar, bu da \u015firketlerin y\u00fcksek hacimli bisk\u00fcvi \u00fcretirken kat\u0131 kalite standartlar\u0131n\u0131 korumas\u0131n\u0131 sa\u011flar. Bu tam hatlar\u0131 kullanarak, \u00fcreticiler pazar talebini kar\u015f\u0131lamak i\u00e7in geni\u015f bir yelpazede bisk\u00fcvi \u00fcr\u00fcnleri verimli bir \u015fekilde \u00fcretebilirler.<\/p>\n<h2><em><strong><span style=\"vertical-align: inherit;\"><span style=\"vertical-align: inherit;\">Hangi t\u00fcr bisk\u00fcvi\u00a0 <\/span><\/span><\/strong><\/em><span lang=\"EN-US\"><em><strong><span style=\"vertical-align: inherit;\"><span style=\"vertical-align: inherit;\">bu hatla yap\u0131labilir <a href=\"https:\/\/www.jymachinetech.com\/tr\/product\/biscuit-production-line\/\" target=\"_blank\">bisk\u00fcvi \u00fcretim hatt\u0131<\/a>?<\/span><\/span><\/strong><\/em><br \/>\n<\/span><\/h2>\n<p data-pm-slice=\"1 1 []\">Bu \u00fcretim hatt\u0131, yumu\u015fak hamur bisk\u00fcviler, sert bisk\u00fcviler, sandvi\u00e7 bisk\u00fcviler ve krakerler dahil olmak \u00fczere \u00e7e\u015fitli bisk\u00fcvi t\u00fcrlerini \u00fcretmek \u00fczere tasarlanm\u0131\u015ft\u0131r. \u0130ster geleneksel sert bisk\u00fcvi ister yenilik\u00e7i yumu\u015fak hamur tariflerine odaklan\u0131n, hat \u00e7e\u015fitli form\u00fclasyonlar ve \u015fekillerle uyarlanabilir. Esnek ekipmanlar ve ayarlanabilir ayarlar sayesinde, \u00fcreticiler farkl\u0131 bisk\u00fcvi t\u00fcrleri aras\u0131nda kolayca ge\u00e7i\u015f yapabilir, \u00fcretim kapasitesini art\u0131rabilir ve \u00fcr\u00fcn yelpazesini geni\u015fletebilir. Bu \u00e7ok y\u00f6nl\u00fcl\u00fck, <a href=\"https:\/\/www.jymachinetech.com\/tr\/essential-insights-into-biscuit-production-line-efficiency-and-design\/\" target=\"_blank\">bisk\u00fcvi \u00fcretim hatt\u0131<\/a> \u015firketlerin \u00e7e\u015fitli bisk\u00fcvi t\u00fcrleri \u00fcretmeyi ve de\u011fi\u015fen t\u00fcketici tercihlerine uyum sa\u011flamay\u0131 hedefleyenler i\u00e7in ideal bir \u00e7\u00f6z\u00fcm haline getirir.<\/p>\n<p><img fetchpriority=\"high\" decoding=\"async\" class=\"alignnone size-large wp-image-41\" title=\"otomatik bisk\u00fcvi \u00fcretim hatt\u0131 fabrikas\u0131\" src=\"https:\/\/www.jymachinetech.com\/wp-content\/uploads\/2021\/12\/Automatic-biscuit-production-line-10-1024x262.png\" alt=\"otomatik bisk\u00fcvi \u00fcretim hatt\u0131 fabrikas\u0131\" width=\"750\" height=\"192\" \/><\/p>\n<p><img decoding=\"async\" class=\"alignnone size-large wp-image-40\" title=\"otomatik bisk\u00fcvi \u00fcretim hatt\u0131 fabrikas\u0131\" src=\"https:\/\/www.jymachinetech.com\/wp-content\/uploads\/2021\/12\/Automatic-biscuit-production-line-9-1-1024x266.png\" alt=\"otomatik bisk\u00fcvi \u00fcretim hatt\u0131 fabrikas\u0131\" width=\"750\" height=\"195\" \/><\/p>\n<p><span lang=\"EN-US\"><span style=\"vertical-align: inherit;\"><span style=\"vertical-align: inherit;\">\u0130deal bisk\u00fcvilerinizi yapmak i\u00e7in fabrikan\u0131z\u0131n alan\u0131na uygun en iyi yerle\u015fimi tasarlayacak ve en uygun makineleri donataca\u011f\u0131z.<\/span><\/span><\/span><\/p>\n<p>&nbsp;<\/p>\n<h2><em><strong><span lang=\"EN-US\"><span style=\"vertical-align: inherit;\"><span style=\"vertical-align: inherit;\">Tam otomatik bisk\u00fcvi, kurabiye ve kraker \u00fcretim hatt\u0131n\u0131n t\u00fcm s\u00fcreci<\/span><\/span><\/span><\/strong><\/em><\/h2>\n<h3><span style=\"vertical-align: inherit;\"><span style=\"vertical-align: inherit;\">Hamur yo\u011furma makinesi<\/span><\/span><\/h3>\n<p><img decoding=\"async\" class=\"alignnone size-full wp-image-29\" title=\"otomatik bisk\u00fcvi \u00fcretim hatt\u0131 fabrikas\u0131\" src=\"https:\/\/www.jymachinetech.com\/wp-content\/uploads\/2021\/12\/Automatic-biscuit-production-line-14.jpg\" alt=\"otomatik bisk\u00fcvi \u00fcretim hatt\u0131 fabrikas\u0131\" width=\"720\" height=\"818\" srcset=\"https:\/\/www.jymachinetech.com\/wp-content\/uploads\/2021\/12\/Automatic-biscuit-production-line-14.jpg 720w, https:\/\/www.jymachinetech.com\/wp-content\/uploads\/2021\/12\/Automatic-biscuit-production-line-14-11x12.jpg 11w, https:\/\/www.jymachinetech.com\/wp-content\/uploads\/2021\/12\/Automatic-biscuit-production-line-14-600x682.jpg 600w\" sizes=\"(max-width: 720px) 100vw, 720px\" \/><\/p>\n<h3><span style=\"vertical-align: inherit;\"><span style=\"vertical-align: inherit;\">Hamur besleme makinesi<\/span><\/span><\/h3>\n<p><img loading=\"lazy\" decoding=\"async\" class=\"alignnone size-full wp-image-25\" title=\"otomatik bisk\u00fcvi \u00fcretim hatt\u0131 fabrikas\u0131\" src=\"https:\/\/www.jymachinetech.com\/wp-content\/uploads\/2021\/12\/Automatic-biscuit-production-line-10.jpg\" alt=\"otomatik bisk\u00fcvi \u00fcretim hatt\u0131 fabrikas\u0131\" width=\"800\" height=\"450\" srcset=\"https:\/\/www.jymachinetech.com\/wp-content\/uploads\/2021\/12\/Automatic-biscuit-production-line-10.jpg 800w, https:\/\/www.jymachinetech.com\/wp-content\/uploads\/2021\/12\/Automatic-biscuit-production-line-10-18x10.jpg 18w, https:\/\/www.jymachinetech.com\/wp-content\/uploads\/2021\/12\/Automatic-biscuit-production-line-10-600x338.jpg 600w\" sizes=\"(max-width: 800px) 100vw, 800px\" \/><\/p>\n<h3><span style=\"vertical-align: inherit;\"><span style=\"vertical-align: inherit;\">Hamur kald\u0131rma konvey\u00f6r\u00fc<\/span><\/span><\/h3>\n<p><img loading=\"lazy\" decoding=\"async\" class=\"alignnone size-large wp-image-26\" title=\"otomatik bisk\u00fcvi \u00fcretim hatt\u0131 fabrikas\u0131\" src=\"https:\/\/www.jymachinetech.com\/wp-content\/uploads\/2021\/12\/Automatic-biscuit-production-line-11-768x1024.jpg\" alt=\"otomatik bisk\u00fcvi \u00fcretim hatt\u0131 fabrikas\u0131\" width=\"750\" height=\"1000\" \/><\/p>\n<p>&nbsp;<\/p>\n<h3><span style=\"vertical-align: inherit;\"><span style=\"vertical-align: inherit;\">Rulo a\u00e7ma ve \u015fekillendirme<\/span><\/span><\/h3>\n<p><img loading=\"lazy\" decoding=\"async\" class=\"alignnone size-full wp-image-60\" title=\"otomatik bisk\u00fcvi \u00fcretim hatt\u0131 fabrikas\u0131\" src=\"https:\/\/www.jymachinetech.com\/wp-content\/uploads\/2021\/12\/Automatic-biscuit-production-line-8-1.jpg\" alt=\"otomatik bisk\u00fcvi \u00fcretim hatt\u0131 fabrikas\u0131\" width=\"800\" height=\"422\" srcset=\"https:\/\/www.jymachinetech.com\/wp-content\/uploads\/2021\/12\/Automatic-biscuit-production-line-8-1.jpg 800w, https:\/\/www.jymachinetech.com\/wp-content\/uploads\/2021\/12\/Automatic-biscuit-production-line-8-1-18x9.jpg 18w, https:\/\/www.jymachinetech.com\/wp-content\/uploads\/2021\/12\/Automatic-biscuit-production-line-8-1-600x317.jpg 600w\" sizes=\"(max-width: 800px) 100vw, 800px\" \/><\/p>\n<h3><span style=\"vertical-align: inherit;\"><span style=\"vertical-align: inherit;\">Sert bisk\u00fcvi \u015fekillendirme i\u00e7in d\u00f6ner kal\u0131play\u0131c\u0131<\/span><\/span><\/h3>\n<p><img loading=\"lazy\" decoding=\"async\" class=\"alignnone size-full wp-image-32\" title=\"otomatik bisk\u00fcvi \u00fcretim hatt\u0131 fabrikas\u0131\" src=\"https:\/\/www.jymachinetech.com\/wp-content\/uploads\/2021\/12\/Automatic-biscuit-production-line-1-1.jpg\" alt=\"otomatik bisk\u00fcvi \u00fcretim hatt\u0131 fabrikas\u0131\" width=\"958\" height=\"539\" srcset=\"https:\/\/www.jymachinetech.com\/wp-content\/uploads\/2021\/12\/Automatic-biscuit-production-line-1-1.jpg 958w, https:\/\/www.jymachinetech.com\/wp-content\/uploads\/2021\/12\/Automatic-biscuit-production-line-1-1-18x10.jpg 18w, https:\/\/www.jymachinetech.com\/wp-content\/uploads\/2021\/12\/Automatic-biscuit-production-line-1-1-600x338.jpg 600w\" sizes=\"(max-width: 958px) 100vw, 958px\" \/><\/p>\n<h3><span style=\"vertical-align: inherit;\"><span style=\"vertical-align: inherit;\">Yumu\u015fak bisk\u00fcvi \u015fekillendirme i\u00e7in d\u00f6ner kal\u0131play\u0131c\u0131<\/span><\/span><\/h3>\n<p><img loading=\"lazy\" decoding=\"async\" class=\"alignnone size-full wp-image-33\" title=\"otomatik bisk\u00fcvi \u00fcretim hatt\u0131 fabrikas\u0131\" src=\"https:\/\/www.jymachinetech.com\/wp-content\/uploads\/2021\/12\/Automatic-biscuit-production-line-2-1.jpg\" alt=\"otomatik bisk\u00fcvi \u00fcretim hatt\u0131 fabrikas\u0131\" width=\"800\" height=\"600\" srcset=\"https:\/\/www.jymachinetech.com\/wp-content\/uploads\/2021\/12\/Automatic-biscuit-production-line-2-1.jpg 800w, https:\/\/www.jymachinetech.com\/wp-content\/uploads\/2021\/12\/Automatic-biscuit-production-line-2-1-16x12.jpg 16w, https:\/\/www.jymachinetech.com\/wp-content\/uploads\/2021\/12\/Automatic-biscuit-production-line-2-1-600x450.jpg 600w\" sizes=\"(max-width: 800px) 100vw, 800px\" \/><\/p>\n<h3><span style=\"vertical-align: inherit;\"><span style=\"vertical-align: inherit;\">F\u0131r\u0131n<\/span><\/span><\/h3>\n<p><img loading=\"lazy\" decoding=\"async\" class=\"alignnone size-full wp-image-34\" title=\"otomatik bisk\u00fcvi \u00fcretim hatt\u0131 fabrikas\u0131\" src=\"https:\/\/www.jymachinetech.com\/wp-content\/uploads\/2021\/12\/Automatic-biscuit-production-line-3-1.png\" alt=\"otomatik bisk\u00fcvi \u00fcretim hatt\u0131 fabrikas\u0131\" width=\"800\" height=\"467\" srcset=\"https:\/\/www.jymachinetech.com\/wp-content\/uploads\/2021\/12\/Automatic-biscuit-production-line-3-1.png 800w, https:\/\/www.jymachinetech.com\/wp-content\/uploads\/2021\/12\/Automatic-biscuit-production-line-3-1-18x12.png 18w, https:\/\/www.jymachinetech.com\/wp-content\/uploads\/2021\/12\/Automatic-biscuit-production-line-3-1-600x350.png 600w\" sizes=\"(max-width: 800px) 100vw, 800px\" \/><\/p>\n<ul>\n<li><span lang=\"EN-US\"><span style=\"vertical-align: inherit;\"><span style=\"vertical-align: inherit;\">Gazl\u0131 pi\u015firme f\u0131r\u0131n\u0131<\/span><\/span><\/span><\/li>\n<li><span style=\"vertical-align: inherit;\"><span style=\"vertical-align: inherit;\">Elektrikli pi\u015firme f\u0131r\u0131n\u0131<\/span><\/span><\/li>\n<li><span style=\"vertical-align: inherit;\"><span style=\"vertical-align: inherit;\">Hibrit pi\u015firme f\u0131r\u0131n\u0131<\/span><\/span><\/li>\n<\/ul>\n<h3><span style=\"vertical-align: inherit;\"><span style=\"vertical-align: inherit;\">Ya\u011f p\u00fcsk\u00fcrtme makinesi<\/span><\/span><\/h3>\n<p><img loading=\"lazy\" decoding=\"async\" class=\"alignnone size-full wp-image-35\" title=\"otomatik bisk\u00fcvi \u00fcretim hatt\u0131 fabrikas\u0131\" src=\"https:\/\/www.jymachinetech.com\/wp-content\/uploads\/2021\/12\/Automatic-biscuit-production-line-4-1.jpg\" alt=\"otomatik bisk\u00fcvi \u00fcretim hatt\u0131 fabrikas\u0131\" width=\"800\" height=\"600\" srcset=\"https:\/\/www.jymachinetech.com\/wp-content\/uploads\/2021\/12\/Automatic-biscuit-production-line-4-1.jpg 800w, https:\/\/www.jymachinetech.com\/wp-content\/uploads\/2021\/12\/Automatic-biscuit-production-line-4-1-16x12.jpg 16w, https:\/\/www.jymachinetech.com\/wp-content\/uploads\/2021\/12\/Automatic-biscuit-production-line-4-1-600x450.jpg 600w\" sizes=\"(max-width: 800px) 100vw, 800px\" \/><\/p>\n<p>&nbsp;<\/p>\n<h3><span style=\"vertical-align: inherit;\"><span style=\"vertical-align: inherit;\">So\u011futma konvey\u00f6r\u00fc<\/span><\/span><\/h3>\n<p><img loading=\"lazy\" decoding=\"async\" class=\"alignnone size-large wp-image-20\" title=\"otomatik bisk\u00fcvi \u00fcretim hatt\u0131 fabrikas\u0131\" src=\"https:\/\/www.jymachinetech.com\/wp-content\/uploads\/2021\/12\/Automatic-biscuit-production-line-5-1024x768.jpg\" alt=\"otomatik bisk\u00fcvi \u00fcretim hatt\u0131 fabrikas\u0131\" width=\"750\" height=\"563\" \/><\/p>\n<h3><span style=\"vertical-align: inherit;\"><span style=\"vertical-align: inherit;\">Bisk\u00fcvi istifleme makinesi<\/span><\/span><\/h3>\n<p><img loading=\"lazy\" decoding=\"async\" class=\"alignnone size-large wp-image-21\" title=\"otomatik bisk\u00fcvi \u00fcretim hatt\u0131 fabrikas\u0131\" src=\"https:\/\/www.jymachinetech.com\/wp-content\/uploads\/2021\/12\/Automatic-biscuit-production-line-6-768x1024.jpg\" alt=\"otomatik bisk\u00fcvi \u00fcretim hatt\u0131 fabrikas\u0131\" width=\"750\" height=\"1000\" \/><\/p>\n<h3><span style=\"vertical-align: inherit;\"><span style=\"vertical-align: inherit;\">Ambalaj makinesi<\/span><\/span><\/h3>\n<p><img loading=\"lazy\" decoding=\"async\" class=\"alignnone size-full wp-image-38\" title=\"otomatik bisk\u00fcvi \u00fcretim hatt\u0131 fabrikas\u0131\" src=\"https:\/\/www.jymachinetech.com\/wp-content\/uploads\/2021\/12\/Automatic-biscuit-production-line-7-1.png\" alt=\"otomatik bisk\u00fcvi \u00fcretim hatt\u0131 fabrikas\u0131\" width=\"682\" height=\"376\" srcset=\"https:\/\/www.jymachinetech.com\/wp-content\/uploads\/2021\/12\/Automatic-biscuit-production-line-7-1.png 682w, https:\/\/www.jymachinetech.com\/wp-content\/uploads\/2021\/12\/Automatic-biscuit-production-line-7-1-18x10.png 18w, https:\/\/www.jymachinetech.com\/wp-content\/uploads\/2021\/12\/Automatic-biscuit-production-line-7-1-600x331.png 600w\" sizes=\"(max-width: 682px) 100vw, 682px\" \/><\/p>\n<h2 data-pm-slice=\"1 1 []\">Bak\u0131m ve Onar\u0131m<\/h2>\n<p>Bisk\u00fcvi \u00fcretiminde en y\u00fcksek performans\u0131 s\u00fcrd\u00fcrmek, t\u00fcnel f\u0131r\u0131nlar\u0131 ve hamur yo\u011furma makineleri dahil olmak \u00fczere t\u00fcm anahtar bile\u015fenlerin d\u00fczenli bak\u0131m\u0131n\u0131 ve zaman\u0131nda onar\u0131m\u0131n\u0131 gerektirir. Rutin bir bak\u0131m program\u0131 olu\u015fturmak, beklenmedik ekipman ar\u0131zalar\u0131n\u0131 \u00f6nlemeye, ar\u0131za s\u00fcresini azaltmaya ve makinelerin \u00f6mr\u00fcn\u00fc uzatmaya yard\u0131mc\u0131 olur. Kritik ekipmanlar\u0131n d\u00fczenli denetimleri ve bak\u0131m\u0131, \u00fcretim hatt\u0131n\u0131n <a title=\"Verimli Pi\u015firme \u00c7\u00f6z\u00fcmleri \u0130\u00e7in En \u0130yi Sert Hamur Bisk\u00fcvi \u00dcretim Hatt\u0131\" href=\"https:\/\/www.jymachinetech.com\/tr\/top-hard-dough-biscuit-production-line-for-efficient-baking-solutions\/\" data-wpil-monitor-id=\"100\" target=\"_blank\">verimli bir \u015fekilde \u00e7al\u0131\u015fmaya devam etmesini sa\u011flar<\/a>, minimum at\u0131kla y\u00fcksek kaliteli bisk\u00fcviler \u00fcretir. \u00dcreticiler ayr\u0131ca, i\u015f\u00e7ilik maliyetlerini kontrol etmeye ve tutarl\u0131 \u00fcretim \u00e7\u0131kt\u0131s\u0131n\u0131 s\u00fcrd\u00fcrmeye yard\u0131mc\u0131 olan, gerekti\u011finde ekipman\u0131 onarmak veya de\u011fi\u015ftirmek i\u00e7in net bir plana sahip olmal\u0131d\u0131r. Bak\u0131m ve onar\u0131m\u0131 \u00f6nceliklendirmek, verimli, g\u00fcvenilir bisk\u00fcvi \u00fcretim operasyonlar\u0131n\u0131 s\u00fcrd\u00fcrmek i\u00e7in \u00e7ok \u00f6nemlidir.<\/p>","protected":false},"excerpt":{"rendered":"<div class=\"content-style\">\n<p><span style=\"vertical-align: inherit;\"><span style=\"vertical-align: inherit;\">Suitable for most of the soft dough and hard dough biscuits<\/span><\/span><\/p>\n<\/div>","protected":false},"featured_media":53,"comment_status":"open","ping_status":"closed","template":"","meta":[],"product_brand":[],"product_cat":[15,95],"product_tag":[175,180,187,183,182,20,185,181,177,178,188,186,184,176,179],"class_list":{"0":"post-15","1":"product","2":"type-product","3":"status-publish","4":"has-post-thumbnail","6":"product_cat-bakery-equipment","7":"product_cat-biscuit-machine","8":"product_tag-automatic-biscuit-machine","9":"product_tag-biscuit-baking-oven","10":"product_tag-biscuit-cooling-conveyor","11":"product_tag-biscuit-forming-machine","12":"product_tag-biscuit-packaging-solution","13":"product_tag-biscuit-production-line","14":"product_tag-ce-certified-biscuit-machine","15":"product_tag-commercial-biscuit-machinery","16":"product_tag-cookie-production-line","17":"product_tag-cracker-manufacturing-equipment","18":"product_tag-customized-biscuit-molds","19":"product_tag-dough-mixer-for-biscuits","20":"product_tag-german-biscuit-machine-design","21":"product_tag-industrial-biscuit-making-machine","22":"product_tag-rotary-molder-for-biscuits","24":"first","25":"instock","26":"shipping-taxable","27":"product-type-simple"},"_links":{"self":[{"href":"https:\/\/www.jymachinetech.com\/tr\/wp-json\/wp\/v2\/product\/15","targetHints":{"allow":["GET"]}}],"collection":[{"href":"https:\/\/www.jymachinetech.com\/tr\/wp-json\/wp\/v2\/product"}],"about":[{"href":"https:\/\/www.jymachinetech.com\/tr\/wp-json\/wp\/v2\/types\/product"}],"replies":[{"embeddable":true,"href":"https:\/\/www.jymachinetech.com\/tr\/wp-json\/wp\/v2\/comments?post=15"}],"version-history":[{"count":10,"href":"https:\/\/www.jymachinetech.com\/tr\/wp-json\/wp\/v2\/product\/15\/revisions"}],"predecessor-version":[{"id":6827,"href":"https:\/\/www.jymachinetech.com\/tr\/wp-json\/wp\/v2\/product\/15\/revisions\/6827"}],"wp:featuredmedia":[{"embeddable":true,"href":"https:\/\/www.jymachinetech.com\/tr\/wp-json\/wp\/v2\/media\/53"}],"wp:attachment":[{"href":"https:\/\/www.jymachinetech.com\/tr\/wp-json\/wp\/v2\/media?parent=15"}],"wp:term":[{"taxonomy":"product_brand","embeddable":true,"href":"https:\/\/www.jymachinetech.com\/tr\/wp-json\/wp\/v2\/product_brand?post=15"},{"taxonomy":"product_cat","embeddable":true,"href":"https:\/\/www.jymachinetech.com\/tr\/wp-json\/wp\/v2\/product_cat?post=15"},{"taxonomy":"product_tag","embeddable":true,"href":"https:\/\/www.jymachinetech.com\/tr\/wp-json\/wp\/v2\/product_tag?post=15"}],"curies":[{"name":"wp","href":"https:\/\/api.w.org\/{rel}","templated":true}]}}