{"id":1495,"date":"2021-12-23T09:14:44","date_gmt":"2021-12-23T09:14:44","guid":{"rendered":"https:\/\/www.jymachinetech.com\/?post_type=product&#038;p=1495"},"modified":"2025-07-25T05:59:10","modified_gmt":"2025-07-25T05:59:10","slug":"chocolate-enrobing-machine","status":"publish","type":"product","link":"https:\/\/www.jymachinetech.com\/tr\/product\/chocolate-enrobing-machine\/","title":{"rendered":"\u00c7ikolata Kaplama Makinesi | \u00c7ikolata \u00dcretim Hatt\u0131"},"content":{"rendered":"<h2>\u00c7ikolata Kaplama Makinesi: Geli\u015fmi\u015f \u00dcretim \u0130\u00e7in En \u0130yi Kaplama \u00c7\u00f6z\u00fcm\u00fc<\/h2>\n<p><strong>\u00dcr\u00fcn Genel Bak\u0131\u015f:<\/strong> Y\u00fcksek verimlilik ve \u00e7ok y\u00f6nl\u00fcl\u00fck i\u00e7in tasarlanm\u0131\u015f, en son teknoloji \u00c7ikolata Kaplama Makinemiz ile \u015fekerleme \u00fcretiminizi y\u00fckseltin. Bu makine, praline, bisk\u00fcvi, kuru meyve, kek ve \u015fekerleme gibi \u00e7e\u015fitli \u00fcr\u00fcnler i\u00e7in e\u015fit ve profesyonel bir kaplama sa\u011flar.<\/p>\n<p><iframe title=\"\u00c7ikolata par\u00e7ac\u0131kl\u0131 kurabiye yapma makinesi, \u00e7ipli bisk\u00fcvi \u00fcretim hatt\u0131, kurabiye kesme ve \u015fekillendirme makineleri\" width=\"800\" height=\"450\" src=\"https:\/\/www.youtube.com\/embed\/lzgDEZqdzTs?feature=oembed\" frameborder=\"0\" allow=\"accelerometer; autoplay; clipboard-write; encrypted-media; gyroscope; picture-in-picture; web-share\" referrerpolicy=\"strict-origin-when-cross-origin\" allowfullscreen><\/iframe><\/p>\n<h2><strong>Key Features &amp; Benefits:<\/strong><\/h2>\n<ul>\n<li><strong>Art\u0131r\u0131lm\u0131\u015f \u00dcretim Kapasitesi:<\/strong>\u00a0Y\u00fcksek talep \u00fcretim ihtiya\u00e7lar\u0131n\u0131 kar\u015f\u0131lamak i\u00e7in \u00e7\u0131kt\u0131 hacmini ve h\u0131z\u0131 art\u0131r\u0131n.<\/li>\n<li><strong>E\u015fit Kaplama Sonu:<\/strong>\u00a0Tam veya k\u0131smen kaplanm\u0131\u015f \u00fcr\u00fcnler i\u00e7in tutarl\u0131 \u00e7ikolata kaplama sonucu elde edin.<\/li>\n<li><strong>\u00c7ok Y\u00f6nl\u00fc Uygulama:<\/strong>\u00a0Farkl\u0131 \u00fcr\u00fcnler i\u00e7in uygun, \u00fcr\u00fcn yelpazenizi geni\u015fletir.<\/li>\n<li><strong>Kullan\u0131c\u0131 Dostu \u0130\u015fletim:<\/strong>\u00a0Kullan\u0131m\u0131 kolay kontrol paneli ve az e\u011fitim s\u00fcresi ile basitle\u015ftirilmi\u015f kullan\u0131m.<\/li>\n<li><strong>D\u00fc\u015f\u00fck Bak\u0131m Tasar\u0131m\u0131:<\/strong>\u00a0Sorunsuz bak\u0131m i\u00e7in optimize edilmi\u015f yap\u0131.<\/li>\n<li><strong>Kaliteli Bile\u015fenler:<\/strong>\u00a0G\u00fcvenilirlik i\u00e7in y\u00fcksek kaliteli, ithal elektrik bile\u015fenleri ile donat\u0131lm\u0131\u015ft\u0131r.<\/li>\n<li><strong>Ayarlanabilir Kaplama Hacmi:<\/strong>\u00a0\u00dcr\u00fcn \u00f6zelliklerine uygun \u00e7ikolata kaplama derinli\u011fini ayarlay\u0131n.<\/li>\n<li><strong>Verimli Sallama Cihaz\u0131:<\/strong>\u00a0\u0130stenmeyen fazla \u00e7ikolatay\u0131 azaltarak optimal kaplama kal\u0131nl\u0131\u011f\u0131 sa\u011flar.<\/li>\n<li><strong>Hareketli Toplama Sistemi:<\/strong>\u00a0Kolay temizlik ve bak\u0131m sa\u011flar.<\/li>\n<\/ul>\n<h2><strong>SSS:<\/strong><\/h2>\n<p><strong>S: \u00c7ikolata kaplama makinesi nedir?<\/strong> C: \u00c7ikolata kaplama makinesi, \u00fcr\u00fcnleri ince bir katman halinde \u00e7ikolataya veya di\u011fer kaplamalara kaplamada temel ekipmand\u0131r ve d\u00fczg\u00fcn ve \u00e7ekici bir g\u00f6r\u00fcn\u00fcm sa\u011flar.<\/p>\n<p><strong>S: Makine farkl\u0131 t\u00fcrde \u00e7ikolata kaplama \u00fcr\u00fcnleri \u00fcretebilir mi?<\/strong> C: Evet, kaplama makinemiz \u00e7ok y\u00f6nl\u00fcd\u00fcr ve praline, bisk\u00fcvi, kuru meyve, kek ve daha fazlas\u0131 dahil olmak \u00fczere \u00e7e\u015fitli \u00e7ikolata kaplama \u00fcr\u00fcnlerini i\u015fleyebilir.<\/p>\n<p><strong>S: Bu makineyi mevcut bisk\u00fcvi veya di\u011fer \u00fcretim hatlar\u0131mla entegre edebilir miyim?<\/strong> C: Entegrasyon, bant geni\u015fli\u011fi ve mevcut \u00fcretim hatt\u0131 kurulumunuzla uyumlulu\u011fa ba\u011fl\u0131d\u0131r.<\/p>\n<p><strong>S: Bu makineyle hangi \u00fcr\u00fcnler i\u015flenebilir?<\/strong> C: Makine, bisk\u00fcvi, \u00e7ikolata, kek ve ekmek gibi \u00e7e\u015fitli \u00fcr\u00fcnler i\u00e7in uygundur ve \u00e7e\u015fitli uygulama olanaklar\u0131 sunar.<\/p>\n<p><strong>S: Sipari\u015f sonras\u0131 makineyi alma s\u00fcresi nedir?<\/strong> C: En k\u00fc\u00e7\u00fck makine modeli genellikle 15-30 g\u00fcn i\u00e7inde teslim edilir, ancak kesin teslim s\u00fcresi i\u00e7in sat\u0131\u015f ekibimizle ileti\u015fime ge\u00e7meniz tavsiye edilir.<\/p>\n<p><strong>S: Makine nas\u0131l bak\u0131m yap\u0131lmal\u0131?<\/strong> C: Sat\u0131n alma sonras\u0131 kapsaml\u0131 bir kullan\u0131m k\u0131lavuzu sa\u011fl\u0131yoruz; bu k\u0131lavuzda i\u015fletme, makine tan\u0131m\u0131 ve g\u00fcnl\u00fck bak\u0131m rutinleri detayland\u0131r\u0131lm\u0131\u015ft\u0131r ve optimal performans sa\u011flar.<\/p>\n<h2><strong>Neden Bizi Se\u00e7melisiniz \u2013 \u00dcretici:<\/strong><\/h2>\n<ul>\n<li><strong>Ger\u00e7ek Fabrika Deneyimi:<\/strong>\u00a0Biz sadece bir ticaret \u015firketi de\u011fil, kan\u0131tlanm\u0131\u015f bir ge\u00e7mi\u015fe sahip ger\u00e7ek bir \u00fcretim tesisiyiz.<\/li>\n<li><strong>Profesyonellik:<\/strong>\u00a040 y\u0131l\u0131 a\u015fk\u0131n makine \u00fcretim deneyimimizle, 12 tasar\u0131mc\u0131 ve 20 m\u00fchendislik ekibimiz size uzman teknik destek sunmaya haz\u0131rd\u0131r.<\/li>\n<li><strong>G\u00fcvenilirlik:<\/strong>\u00a0Modern fabrikam\u0131zda 200'den fazla \u00e7al\u0131\u015fan bulunmaktad\u0131r ve geli\u015fmi\u015f Alman standartlar\u0131na uygun s\u0131k\u0131 kalite kontrol sistemi uygulamaktad\u0131r, CNC i\u015fleme kullanarak hassasiyet sa\u011flar.<\/li>\n<li><strong>Y\u00fcksek Kaliteli Makineler:<\/strong>\u00a0T\u00fcm makineler GMP standardlar\u0131na uygun bir fabrikada \u00fcretilmi\u015ftir, \u00fcst\u00fcn kalite ve dayan\u0131kl\u0131l\u0131k sa\u011flamak i\u00e7in SUS304 paslanmaz \u00e7elik ve kumlama y\u00fczey kaplamas\u0131 kullan\u0131lm\u0131\u015ft\u0131r.<\/li>\n<\/ul>\n<h2><strong>Size olan Taahh\u00fcd\u00fcm\u00fcz:<\/strong><\/h2>\n<ul>\n<li><strong>\u00d6zelle\u015ftirilmi\u015f \u00c7\u00f6z\u00fcmler:<\/strong>\u00a0\u00d6zel ihtiya\u00e7lar\u0131n\u0131z\u0131 kar\u015f\u0131lamak i\u00e7in fabrika yerle\u015fim planlamas\u0131, 3D tasar\u0131m, proje planlamas\u0131, \u00f6zelle\u015ftirilmi\u015f \u015fekil tasar\u0131m\u0131 ve \u00fcr\u00fcn form\u00fcl\u00fc geli\u015ftirme hizmetleri sunuyoruz.<\/li>\n<\/ul>\n<p><strong>Get a Quote Now:<\/strong> Ki\u015fiselle\u015ftirilmi\u015f teklif almak ve \u00c7ikolata Kaplama Makinemizin \u00fcretim kapasitenizde yarataca\u011f\u0131 fark\u0131 deneyimlemek i\u00e7in bug\u00fcn bizimle ileti\u015fime ge\u00e7in.<\/p>\n<p><img fetchpriority=\"high\" decoding=\"async\" class=\"alignnone size-full wp-image-1497\" title=\"\u00e7ikolata kaplama makinesi | \u00e7ikolata \u00fcretim hatt\u0131\" src=\"https:\/\/www.jymachinetech.com\/wp-content\/uploads\/2021\/12\/1626915573_image.png\" alt=\"\u00e7ikolata kaplama makinesi | \u00e7ikolata \u00fcretim hatt\u0131\" width=\"598\" height=\"449\" srcset=\"https:\/\/www.jymachinetech.com\/wp-content\/uploads\/2021\/12\/1626915573_image.png 598w, https:\/\/www.jymachinetech.com\/wp-content\/uploads\/2021\/12\/1626915573_image-16x12.png 16w\" sizes=\"(max-width: 598px) 100vw, 598px\" \/><\/p>\n<h2><strong>\u00d6zellikler<\/strong><\/h2>\n<p>&nbsp;<\/p>\n<div class=\"table-responsive\">\n<table style=\"width: 100%;\">\n<tbody>\n<tr>\n<td style=\"text-align: center;\">cURL Too many subrequests.<\/td>\n<td style=\"text-align: center;\">JY-400<\/td>\n<td style=\"text-align: center;\">JY-600<\/td>\n<td style=\"text-align: center;\">JY-800<\/td>\n<td style=\"text-align: center;\">JY-1000<\/td>\n<\/tr>\n<tr>\n<td style=\"text-align: center;\">Tel \u00f6rg\u00fc ve bant geni\u015fli\u011fi(mm)<\/td>\n<td style=\"text-align: center;\">400<\/td>\n<td style=\"text-align: center;\">600<\/td>\n<td style=\"text-align: center;\">800<\/td>\n<td style=\"text-align: center;\">\u00a0\u00a0\u00a01000<\/td>\n<\/tr>\n<tr>\n<td style=\"text-align: center;\">Tel \u00f6rg\u00fc ve bant h\u0131z\u0131(m\/dakika)<\/td>\n<td style=\"text-align: center;\">1-6<\/td>\n<td style=\"text-align: center;\">1-6<\/td>\n<td style=\"text-align: center;\">1-6<\/td>\n<td style=\"text-align: center;\">1-6<\/td>\n<\/tr>\n<tr>\n<td style=\"text-align: center;\">So\u011futma \u00fcnitesi(kurulum)<\/td>\n<td style=\"text-align: center;\">2<\/td>\n<td style=\"text-align: center;\">2<\/td>\n<td style=\"text-align: center;\">2<\/td>\n<td style=\"text-align: center;\">3<\/td>\n<\/tr>\n<tr>\n<td style=\"text-align: center;\">So\u011futma t\u00fcneli uzunlu\u011fu(m)<\/td>\n<td style=\"text-align: center;\">10<\/td>\n<td style=\"text-align: center;\">14<\/td>\n<td style=\"text-align: center;\">18<\/td>\n<td style=\"text-align: center;\">22<\/td>\n<\/tr>\n<tr>\n<td style=\"text-align: center;\">So\u011futma t\u00fcneli s\u0131cakl\u0131\u011f\u0131(\u2103)<\/td>\n<td style=\"text-align: center;\">2-10<\/td>\n<td style=\"text-align: center;\">2-10<\/td>\n<td style=\"text-align: center;\">2-10<\/td>\n<td style=\"text-align: center;\">2-10<\/td>\n<\/tr>\n<\/tbody>\n<\/table>\n<\/div>\n<p>&nbsp;<\/p>\n<h2><b><span lang=\"EN-US\">Alan s\u0131n\u0131rlamas\u0131 konusunda endi\u015feleniyor musunuz?<\/span><\/b><\/h2>\n<p>Farkl\u0131 kapasiteler g\u00f6re laboratuvar kullan\u0131m\u0131 i\u00e7in birka\u00e7 tip bulunmaktad\u0131r.<\/p>\n<p><img decoding=\"async\" class=\"alignnone size-full wp-image-1498\" title=\"\u00e7ikolata kaplama makinesi | \u00e7ikolata \u00fcretim hatt\u0131\" src=\"https:\/\/www.jymachinetech.com\/wp-content\/uploads\/2021\/12\/1626915773_image.png\" alt=\"\u00e7ikolata kaplama makinesi | \u00e7ikolata \u00fcretim hatt\u0131\" width=\"423\" height=\"244\" srcset=\"https:\/\/www.jymachinetech.com\/wp-content\/uploads\/2021\/12\/1626915773_image.png 423w, https:\/\/www.jymachinetech.com\/wp-content\/uploads\/2021\/12\/1626915773_image-18x10.png 18w\" sizes=\"(max-width: 423px) 100vw, 423px\" \/><\/p>\n<p><img decoding=\"async\" class=\"alignnone size-full wp-image-1499\" title=\"\u00e7ikolata kaplama makinesi | \u00e7ikolata \u00fcretim hatt\u0131\" src=\"https:\/\/www.jymachinetech.com\/wp-content\/uploads\/2021\/12\/1626915803_image.png\" alt=\"\u00e7ikolata kaplama makinesi | \u00e7ikolata \u00fcretim hatt\u0131\" width=\"538\" height=\"240\" srcset=\"https:\/\/www.jymachinetech.com\/wp-content\/uploads\/2021\/12\/1626915803_image.png 538w, https:\/\/www.jymachinetech.com\/wp-content\/uploads\/2021\/12\/1626915803_image-18x8.png 18w\" sizes=\"(max-width: 538px) 100vw, 538px\" \/><\/p>\n<p>&nbsp;<\/p>\n<div class=\"table-responsive\">\n<table class=\"Table\" style=\"margin-left: 7px; border-collapse: collapse; border: solid windowtext 1.0pt;\" width=\"653\">\n<tbody>\n<tr style=\"height: 1.0cm;\">\n<td style=\"border: solid windowtext 1.0pt; width: 132.15pt; padding: 0cm 5.4pt 0cm 5.4pt; height: 1.0cm;\" width=\"176\"><span style=\"font-size: 10.5pt;\"><span style=\"font-family: Calibri,sans-serif;\"><b>cURL Too many subrequests.<\/b><\/span><\/span><\/td>\n<td style=\"border: solid windowtext 1.0pt; width: 87.6pt; border-left: none; padding: 0cm 5.4pt 0cm 5.4pt; height: 1.0cm;\" width=\"117\"><span style=\"font-size: 10.5pt;\"><span style=\"font-family: Calibri,sans-serif;\"><b>CM-8<\/b><\/span><\/span><\/td>\n<td style=\"border: solid windowtext 1.0pt; width: 89.0pt; border-left: none; padding: 0cm 5.4pt 0cm 5.4pt; height: 1.0cm;\" width=\"119\"><span style=\"font-size: 10.5pt;\"><span style=\"font-family: Calibri,sans-serif;\"><b>CM-15<\/b><\/span><\/span><\/td>\n<td style=\"border: solid windowtext 1.0pt; width: 97.5pt; border-left: none; padding: 0cm 5.4pt 0cm 5.4pt; height: 1.0cm;\" width=\"130\"><span style=\"font-size: 10.5pt;\"><span style=\"font-family: Calibri,sans-serif;\"><b>CM-30<\/b><\/span><\/span><\/td>\n<td style=\"border: solid windowtext 1.0pt; width: 83.6pt; border-left: none; padding: 0cm 5.4pt 0cm 5.4pt; height: 1.0cm;\" width=\"111\"><span style=\"font-size: 10.5pt;\"><span style=\"font-family: Calibri,sans-serif;\"><b>CM-60<\/b><\/span><\/span><\/td>\n<\/tr>\n<tr style=\"height: 1.0cm;\">\n<td style=\"border: solid windowtext 1.0pt; width: 132.15pt; border-top: none; padding: 0cm 5.4pt 0cm 5.4pt; height: 1.0cm;\" width=\"176\"><span style=\"font-size: 10.5pt;\"><span style=\"font-family: Calibri,sans-serif;\"><b>Elektrikli \u0131s\u0131tma g\u00fcc\u00fc<\/b><\/span><\/span><\/td>\n<td style=\"border-bottom: solid windowtext 1.0pt; width: 87.6pt; border-top: none; border-left: none; border-right: solid windowtext 1.0pt; padding: 0cm 5.4pt 0cm 5.4pt; height: 1.0cm;\" width=\"117\"><span style=\"font-size: 10.5pt;\"><span style=\"font-family: Calibri,sans-serif;\"><span lang=\"EN-US\" style=\"font-family: 'Arial','sans-serif';\">600w<\/span><\/span><\/span><\/td>\n<td style=\"border-bottom: solid windowtext 1.0pt; width: 89.0pt; border-top: none; border-left: none; border-right: solid windowtext 1.0pt; padding: 0cm 5.4pt 0cm 5.4pt; height: 1.0cm;\" width=\"119\"><span style=\"font-size: 10.5pt;\"><span style=\"font-family: Calibri,sans-serif;\"><span lang=\"EN-US\" style=\"font-family: 'Arial','sans-serif';\">800w<\/span><\/span><\/span><\/td>\n<td style=\"border-bottom: solid windowtext 1.0pt; width: 97.5pt; border-top: none; border-left: none; border-right: solid windowtext 1.0pt; padding: 0cm 5.4pt 0cm 5.4pt; height: 1.0cm;\" width=\"130\"><span style=\"font-size: 10.5pt;\"><span style=\"font-family: Calibri,sans-serif;\"><span lang=\"EN-US\" style=\"font-family: 'Arial','sans-serif';\">1300w<\/span><\/span><\/span><\/td>\n<td style=\"border-bottom: solid windowtext 1.0pt; width: 83.6pt; border-top: none; border-left: none; border-right: solid windowtext 1.0pt; padding: 0cm 5.4pt 0cm 5.4pt; height: 1.0cm;\" width=\"111\"><span style=\"font-size: 10.5pt;\"><span style=\"font-family: Calibri,sans-serif;\"><span lang=\"EN-US\" style=\"font-family: 'Arial','sans-serif';\">\u00a0\u00a0 2000w<\/span><\/span><\/span><\/td>\n<\/tr>\n<tr style=\"height: 1.0cm;\">\n<td style=\"border: solid windowtext 1.0pt; width: 132.15pt; border-top: none; padding: 0cm 5.4pt 0cm 5.4pt; height: 1.0cm;\" width=\"176\"><span style=\"font-size: 10.5pt;\"><span style=\"font-family: Calibri,sans-serif;\"><b>Kaplama geni\u015fli\u011fi<\/b><\/span><\/span><\/td>\n<td style=\"border-bottom: solid windowtext 1.0pt; width: 87.6pt; border-top: none; border-left: none; border-right: solid windowtext 1.0pt; padding: 0cm 5.4pt 0cm 5.4pt; height: 1.0cm;\" width=\"117\"><span style=\"font-size: 10.5pt;\"><span style=\"font-family: Calibri,sans-serif;\"><span lang=\"EN-US\" style=\"font-family: 'Arial','sans-serif';\">200mm<\/span><\/span><\/span><\/td>\n<td style=\"border-bottom: solid windowtext 1.0pt; width: 89.0pt; border-top: none; border-left: none; border-right: solid windowtext 1.0pt; padding: 0cm 5.4pt 0cm 5.4pt; height: 1.0cm;\" width=\"119\"><span style=\"font-size: 10.5pt;\"><span style=\"font-family: Calibri,sans-serif;\"><span lang=\"EN-US\" style=\"font-family: 'Arial','sans-serif';\">200mm<\/span><\/span><\/span><\/td>\n<td style=\"border-bottom: solid windowtext 1.0pt; width: 97.5pt; border-top: none; border-left: none; border-right: solid windowtext 1.0pt; padding: 0cm 5.4pt 0cm 5.4pt; height: 1.0cm;\" width=\"130\"><span style=\"font-size: 10.5pt;\"><span style=\"font-family: Calibri,sans-serif;\"><span lang=\"EN-US\" style=\"font-family: 'Arial','sans-serif';\">200-300mm<\/span><\/span><\/span><\/td>\n<td style=\"border-bottom: solid windowtext 1.0pt; width: 83.6pt; border-top: none; border-left: none; border-right: solid windowtext 1.0pt; padding: 0cm 5.4pt 0cm 5.4pt; height: 1.0cm;\" width=\"111\"><span style=\"font-size: 10.5pt;\"><span style=\"font-family: Calibri,sans-serif;\"><span lang=\"EN-US\" style=\"font-family: 'Arial','sans-serif';\">200-300mm<\/span><\/span><\/span><\/td>\n<\/tr>\n<tr style=\"height: 1.0cm;\">\n<td style=\"border: solid windowtext 1.0pt; width: 132.15pt; border-top: none; padding: 0cm 5.4pt 0cm 5.4pt; height: 1.0cm;\" width=\"176\"><span style=\"font-size: 10.5pt;\"><span style=\"font-family: Calibri,sans-serif;\"><b>Hacim<\/b><\/span><\/span><\/td>\n<td style=\"border-bottom: solid windowtext 1.0pt; width: 87.6pt; border-top: none; border-left: none; border-right: solid windowtext 1.0pt; padding: 0cm 5.4pt 0cm 5.4pt; height: 1.0cm;\" width=\"117\"><span style=\"font-size: 10.5pt;\"><span style=\"font-family: Calibri,sans-serif;\"><span lang=\"EN-US\" style=\"font-family: 'Arial','sans-serif';\">8L<\/span><\/span><\/span><\/td>\n<td style=\"border-bottom: solid windowtext 1.0pt; width: 89.0pt; border-top: none; border-left: none; border-right: solid windowtext 1.0pt; padding: 0cm 5.4pt 0cm 5.4pt; height: 1.0cm;\" width=\"119\"><span style=\"font-size: 10.5pt;\"><span style=\"font-family: Calibri,sans-serif;\"><span lang=\"EN-US\" style=\"font-family: 'Arial','sans-serif';\">15L<\/span><\/span><\/span><\/td>\n<td style=\"border-bottom: solid windowtext 1.0pt; width: 97.5pt; border-top: none; border-left: none; border-right: solid windowtext 1.0pt; padding: 0cm 5.4pt 0cm 5.4pt; height: 1.0cm;\" width=\"130\"><span style=\"font-size: 10.5pt;\"><span style=\"font-family: Calibri,sans-serif;\"><span lang=\"EN-US\" style=\"font-family: 'Arial','sans-serif';\">30L<\/span><\/span><\/span><\/td>\n<td style=\"border-bottom: solid windowtext 1.0pt; width: 83.6pt; border-top: none; border-left: none; border-right: solid windowtext 1.0pt; padding: 0cm 5.4pt 0cm 5.4pt; height: 1.0cm;\" width=\"111\"><span style=\"font-size: 10.5pt;\"><span style=\"font-family: Calibri,sans-serif;\"><span lang=\"EN-US\" style=\"font-family: 'Arial','sans-serif';\">60L<\/span><\/span><\/span><\/td>\n<\/tr>\n<\/tbody>\n<\/table>\n<\/div>\n<p>&nbsp;<\/p>\n<h2><strong>\u00c7ikolata Kaplama \u00d6rnekleri<\/strong><\/h2>\n<p><img loading=\"lazy\" decoding=\"async\" class=\"alignnone size-large wp-image-1503\" title=\"\u00e7ikolata kaplama makinesi | \u00e7ikolata \u00fcretim hatt\u0131\" src=\"https:\/\/www.jymachinetech.com\/wp-content\/uploads\/2021\/12\/WX20211223-171106@2x-1024x247.png\" alt=\"\u00e7ikolata kaplama makinesi | \u00e7ikolata \u00fcretim hatt\u0131\" width=\"1024\" height=\"247\" \/><\/p>\n<p>&nbsp;<\/p>","protected":false},"excerpt":{"rendered":"<p>Bir kaplama makinesi, yiyecek end\u00fcstrisinde yiyece\u011fi genellikle \u00e7ikolata ile kaplamak i\u00e7in kullan\u0131lan bir makinedir.<\/p>","protected":false},"featured_media":1500,"comment_status":"closed","ping_status":"closed","template":"","meta":[],"product_brand":[],"product_cat":[17],"product_tag":[],"class_list":{"0":"post-1495","1":"product","2":"type-product","3":"status-publish","4":"has-post-thumbnail","6":"product_cat-chocolate-machine","8":"first","9":"instock","10":"shipping-taxable","11":"product-type-simple"},"_links":{"self":[{"href":"https:\/\/www.jymachinetech.com\/tr\/wp-json\/wp\/v2\/product\/1495","targetHints":{"allow":["GET"]}}],"collection":[{"href":"https:\/\/www.jymachinetech.com\/tr\/wp-json\/wp\/v2\/product"}],"about":[{"href":"https:\/\/www.jymachinetech.com\/tr\/wp-json\/wp\/v2\/types\/product"}],"replies":[{"embeddable":true,"href":"https:\/\/www.jymachinetech.com\/tr\/wp-json\/wp\/v2\/comments?post=1495"}],"version-history":[{"count":1,"href":"https:\/\/www.jymachinetech.com\/tr\/wp-json\/wp\/v2\/product\/1495\/revisions"}],"predecessor-version":[{"id":7195,"href":"https:\/\/www.jymachinetech.com\/tr\/wp-json\/wp\/v2\/product\/1495\/revisions\/7195"}],"wp:featuredmedia":[{"embeddable":true,"href":"https:\/\/www.jymachinetech.com\/tr\/wp-json\/wp\/v2\/media\/1500"}],"wp:attachment":[{"href":"https:\/\/www.jymachinetech.com\/tr\/wp-json\/wp\/v2\/media?parent=1495"}],"wp:term":[{"taxonomy":"product_brand","embeddable":true,"href":"https:\/\/www.jymachinetech.com\/tr\/wp-json\/wp\/v2\/product_brand?post=1495"},{"taxonomy":"product_cat","embeddable":true,"href":"https:\/\/www.jymachinetech.com\/tr\/wp-json\/wp\/v2\/product_cat?post=1495"},{"taxonomy":"product_tag","embeddable":true,"href":"https:\/\/www.jymachinetech.com\/tr\/wp-json\/wp\/v2\/product_tag?post=1495"}],"curies":[{"name":"wp","href":"https:\/\/api.w.org\/{rel}","templated":true}]}}