{"id":1489,"date":"2021-12-23T09:04:54","date_gmt":"2021-12-23T09:04:54","guid":{"rendered":"https:\/\/www.jymachinetech.com\/?post_type=product&#038;p=1489"},"modified":"2025-07-25T05:59:17","modified_gmt":"2025-07-25T05:59:17","slug":"chocolate-conche-machine","status":"publish","type":"product","link":"https:\/\/www.jymachinetech.com\/tr\/product\/chocolate-conche-machine\/","title":{"rendered":"\u00c7ikolata konche makinesi | \u00c7ikolata \u00dcretim Hatt\u0131"},"content":{"rendered":"<h2>\u00c7ikolata Konche Makinesi: Parlak \u00c7ikolata M\u00fckemmelli\u011fi \u0130\u00e7in Zanaatkar\u0131n Tercihi<\/h2>\n<p><strong>\u00dcr\u00fcn Genel Bak\u0131\u015f:<\/strong> \u00c7ikolata Konche Makinesi, \u00c7ikolata \u00dcretim Hatt\u0131 i\u00e7inde kaliteli \u00e7ikolata yap\u0131m\u0131n\u0131n temel ta\u015flar\u0131ndan biridir. Bu makine, \u00e7ikolatay\u0131 rafine eder, dokusunu p\u00fcr\u00fczs\u00fczle\u015ftirir ve s\u00fcrekli kar\u0131\u015ft\u0131rma ve havaland\u0131rma i\u015flemiyle lezzetini art\u0131r\u0131r.<\/p>\n<p><iframe title=\"Junyu Alt\u0131n Madeni \u00c7ikolata Folyo Kaplama Makinesi\" width=\"800\" height=\"600\" src=\"https:\/\/www.youtube.com\/embed\/MBu3kK5vzGU?list=PLkC9Irp2ZdYa4PmOAcxqLj_5W7hqWV4Cb\" frameborder=\"0\" allow=\"accelerometer; autoplay; clipboard-write; encrypted-media; gyroscope; picture-in-picture; web-share\" referrerpolicy=\"strict-origin-when-cross-origin\" allowfullscreen><\/iframe><\/p>\n<h2><strong>Ana Avantajlar:<\/strong><\/h2>\n<ul>\n<li><strong>Y\u00fcksek Verimlilik:<\/strong> Konche makinemiz, genellikle gereken konche s\u00fcresini azaltarak verimli \u00e7al\u0131\u015facak \u015fekilde tasarlanm\u0131\u015ft\u0131r ve p\u00fcr\u00fczs\u00fcz, homojen bir \u00e7ikolata k\u00fctlesi elde edilmesini sa\u011flar.<\/li>\n<li><strong>Kolay Kullan\u0131m:<\/strong> Kullan\u0131c\u0131 dostu kontroller ve otomatik s\u00fcre\u00e7ler, operat\u00f6rlerin konche i\u015flemini, az deneyime sahip olanlar dahi kolayca y\u00f6netmesini sa\u011flar.<\/li>\n<li><strong>Pratik Bak\u0131m:<\/strong> Makinenin yap\u0131s\u0131, t\u00fcm bile\u015fenlere kolay eri\u015fim sa\u011flar, temizlik ve bak\u0131m rutinlerini basitle\u015ftirerek makinenin en iyi durumda kalmas\u0131n\u0131 sa\u011flar.<\/li>\n<li><strong>S\u0131k\u0131 ve Basit Yap\u0131:<\/strong> Kompakt ve ak\u0131c\u0131 tasar\u0131m, \u00fcretim alan\u0131n\u0131zda minimum yer kaplarken g\u00fc\u00e7l\u00fc performans sa\u011flar.<\/li>\n<li><strong>Kaliteli Elektrik Bile\u015fenleri:<\/strong> Y\u00fcksek kaliteli, ithal elektrik bile\u015fenleriyle donat\u0131lm\u0131\u015f olan makine, g\u00fcvenilirlik ve dayan\u0131kl\u0131l\u0131k sunar, ar\u0131za ve bak\u0131m sorunlar\u0131n\u0131 azalt\u0131r.<\/li>\n<\/ul>\n<h2><strong>Teknik \u00d6zellikler:<\/strong><\/h2>\n<ul>\n<li><strong>S\u00fcrekli Kar\u0131\u015ft\u0131rma:<\/strong>\u00a0Konche makinesi, \u00e7ikolata k\u00fctlesinin detayl\u0131 kar\u0131\u015ft\u0131r\u0131lmas\u0131n\u0131 sa\u011flar, havay\u0131 entegre eder ve dokuyu rafine eder.<\/li>\n<li><strong>De\u011fi\u015fken H\u0131z Kontrol\u00fc:<\/strong>\u00a0Operat\u00f6rlerin, farkl\u0131 \u00e7ikolata t\u00fcrlerinin \u00f6zelliklerine g\u00f6re kar\u0131\u015ft\u0131rma yo\u011funlu\u011funu ayarlamas\u0131na olanak tan\u0131r.<\/li>\n<li><strong>S\u0131cakl\u0131k Kontrol\u00fc:<\/strong>\u00a0Konche i\u00e7indeki hassas s\u0131cakl\u0131k kontrol\u00fc, \u00e7ikolatan\u0131n en uygun ko\u015fullarda i\u015flenmesini sa\u011flar.<\/li>\n<li><strong>Hijyenik Tasar\u0131m:<\/strong>\u00a0S\u0131k\u0131 g\u0131da g\u00fcvenli\u011fi standartlar\u0131na uygun, temizlenmesi kolay y\u00fczeyler ve bile\u015fenler i\u00e7erir.<\/li>\n<\/ul>\n<h2><strong>Applications:<\/strong><\/h2>\n<ul>\n<li>Zanaatkar \u00e7ikolata \u00fcreticileri ve y\u00fcksek kaliteli, p\u00fcr\u00fczs\u00fcz doku ve zengin lezzetli \u00e7ikolata \u00fcretmek isteyen b\u00fcy\u00fck \u00f6l\u00e7ekli \u00e7ikolata \u00fcreticileri i\u00e7in idealdir.<\/li>\n<\/ul>\n<h2><strong>M\u00fc\u015fteri Deste\u011fi ve Hizmetleri:<\/strong><\/h2>\n<ul>\n<li><strong>Profesyonel Kurulum:<\/strong>\u00a0Ekibimiz, konche makinenizin do\u011fru \u015fekilde kurulmas\u0131n\u0131 ve \u00fcretim hatt\u0131n\u0131za entegre edilmesini sa\u011flar.<\/li>\n<li><strong>Kapsaml\u0131 E\u011fitim:<\/strong>\u00a0Personelinizin konche makinesini verimli \u015fekilde kullanmas\u0131 ve bak\u0131m\u0131n\u0131 yapmas\u0131 i\u00e7in kapsaml\u0131 e\u011fitimler sunuyoruz.<\/li>\n<li><strong>After-Sales Service:<\/strong>\u00a0Her t\u00fcrl\u00fc operasyonel sorun i\u00e7in h\u0131zl\u0131 ve etkili destek sa\u011flayarak \u00fcretiminizde minimum aksama sa\u011flar.<\/li>\n<li><strong>Yedek Par\u00e7alar:<\/strong>\u00a0Konche makinenizi en iyi durumda tutmak i\u00e7in g\u00fcvenilir yedek par\u00e7a tedariki.<\/li>\n<\/ul>\n<h2><strong>Neden \u00c7ikolata Konche Makinemizi Tercih Etmelisiniz?<\/strong><\/h2>\n<ul>\n<li><strong>Kalite ve Performans:<\/strong>\u00a0\u00dcst\u00fcn performans ve dayan\u0131kl\u0131l\u0131k i\u00e7in y\u00fcksek kaliteli malzemeler ve bile\u015fenlerle \u00fcretilmi\u015ftir.<\/li>\n<li><strong>cURL Too many subrequests.<\/strong>\u00a0\u00c7ikolata konche i\u015fleminizin \u00f6zel gereksinimlerine uygun olarak tasarlanm\u0131\u015ft\u0131r.<\/li>\n<li><strong>Yenilik ve Teknoloji:<\/strong>\u00a0Kesin ve verimli \u00e7ikolata rafinasyonu i\u00e7in en son teknolojiyi i\u00e7erir.<\/li>\n<li><strong>Uzman Destek:<\/strong>\u00a0\u00c7ikolata \u00fcretim ekipmanlar\u0131nda geni\u015f deneyime sahip profesyonellerden olu\u015fan bir ekibin deste\u011fiyle.<\/li>\n<\/ul>\n<p><strong>Get a Quote Now:<\/strong> Ki\u015fiselle\u015ftirilmi\u015f fiyatland\u0131rma ve \u00c7ikolata Konche Makinemizin \u00e7ikolata \u00fcretim kapasitenizi nas\u0131l geli\u015ftirebilece\u011fi hakk\u0131nda daha fazla bilgi almak i\u00e7in bug\u00fcn bizimle ileti\u015fime ge\u00e7in.<\/p>\n<p>&nbsp;<\/p>\n<p><img fetchpriority=\"high\" decoding=\"async\" class=\"alignnone size-full wp-image-1491\" title=\"\u00e7ikolata konche makinesi | \u00e7ikolata \u00fcretim hatt\u0131\" src=\"https:\/\/www.jymachinetech.com\/wp-content\/uploads\/2021\/12\/1616395069_Chocolate-Conche-Machine4.png\" alt=\"\u00e7ikolata konche makinesi | \u00e7ikolata \u00fcretim hatt\u0131\" width=\"612\" height=\"368\" srcset=\"https:\/\/www.jymachinetech.com\/wp-content\/uploads\/2021\/12\/1616395069_Chocolate-Conche-Machine4.png 612w, https:\/\/www.jymachinetech.com\/wp-content\/uploads\/2021\/12\/1616395069_Chocolate-Conche-Machine4-18x12.png 18w, https:\/\/www.jymachinetech.com\/wp-content\/uploads\/2021\/12\/1616395069_Chocolate-Conche-Machine4-600x361.png 600w\" sizes=\"(max-width: 612px) 100vw, 612px\" \/><\/p>\n<div class=\"table-responsive\">\n<table style=\"width: 100%;\">\n<tbody>\n<tr>\n<td style=\"text-align: center;\">cURL Too many subrequests.<\/td>\n<td style=\"text-align: center;\">JY-100L<\/td>\n<td style=\"text-align: center;\">JY-500L<\/td>\n<td style=\"text-align: center;\">JY-1000L<\/td>\n<td style=\"text-align: center;\">JY-3000L<\/td>\n<\/tr>\n<tr>\n<td style=\"text-align: center;\">Etkin hacim<\/td>\n<td style=\"text-align: center;\">100L<\/td>\n<td style=\"text-align: center;\">500L<\/td>\n<td style=\"text-align: center;\">1000L<\/td>\n<td style=\"text-align: center;\">3000L<\/td>\n<\/tr>\n<tr>\n<td style=\"text-align: center;\">\u0130nce \u00f6\u011f\u00fctme inceli\u011fi<\/td>\n<td style=\"text-align: center;\">20~25um<\/td>\n<td style=\"text-align: center;\">20~25um<\/td>\n<td style=\"text-align: center;\">20~25um<\/td>\n<td style=\"text-align: center;\">20~25um<\/td>\n<\/tr>\n<tr>\n<td style=\"text-align: center;\">Ana mil d\u00f6nd\u00fcrme h\u0131z\u0131<\/td>\n<td style=\"text-align: center;\">48r\/dak<\/td>\n<td style=\"text-align: center;\">33r\/dak<\/td>\n<td style=\"text-align: center;\">35r\/dakika<\/td>\n<td style=\"text-align: center;\">35r\/dakika<\/td>\n<\/tr>\n<tr>\n<td style=\"text-align: center;\">\u0130nce \u00f6\u011f\u00fctme s\u00fcresi<\/td>\n<td style=\"text-align: center;\">12~16s<\/td>\n<td style=\"text-align: center;\">16~22s<\/td>\n<td style=\"text-align: center;\">16~22s<\/td>\n<td style=\"text-align: center;\">16~22s<\/td>\n<\/tr>\n<\/tbody>\n<\/table>\n<\/div>","protected":false},"excerpt":{"rendered":"<p>\u00c7ikolata Konche, \u00e7ikolatalar\u0131n ince \u00f6\u011f\u00fct\u00fclmesinde kullan\u0131lan ana ekipmanlardan biridir ve ayn\u0131 zamanda soya fasulyesi ununun ince \u00f6\u011f\u00fct\u00fclmesi ve y\u00fcksek standartl\u0131 gran\u00fclasyon i\u00e7in g\u00fcnl\u00fck end\u00fcstriyel kimyasallar\u0131n da uygun oldu\u011fu bir ekipmand\u0131r. \u0130nce \u00f6\u011f\u00fctme s\u00fcresi yakla\u015f\u0131k 14~20 saat olup, ortalama gran\u00fclasyon 20\u03bcm seviyesine ula\u015fabilir. \u00c7ikolata \u00fcretim hatt\u0131nda \u00e7ikolata macunu malzemelerinin ince \u00f6\u011f\u00fct\u00fclmesi i\u00e7in ana ekipmand\u0131r. \u00d6zellikle k\u00fc\u00e7\u00fck \u00e7ikolata ve \u015fekerleme fabrikalar\u0131n\u0131n teknik taleplerine uygun olarak tasarlanm\u0131\u015ft\u0131r.<\/p>","protected":false},"featured_media":1492,"comment_status":"closed","ping_status":"closed","template":"","meta":[],"product_brand":[],"product_cat":[17],"product_tag":[],"class_list":{"0":"post-1489","1":"product","2":"type-product","3":"status-publish","4":"has-post-thumbnail","6":"product_cat-chocolate-machine","8":"first","9":"instock","10":"shipping-taxable","11":"product-type-simple"},"_links":{"self":[{"href":"https:\/\/www.jymachinetech.com\/tr\/wp-json\/wp\/v2\/product\/1489","targetHints":{"allow":["GET"]}}],"collection":[{"href":"https:\/\/www.jymachinetech.com\/tr\/wp-json\/wp\/v2\/product"}],"about":[{"href":"https:\/\/www.jymachinetech.com\/tr\/wp-json\/wp\/v2\/types\/product"}],"replies":[{"embeddable":true,"href":"https:\/\/www.jymachinetech.com\/tr\/wp-json\/wp\/v2\/comments?post=1489"}],"version-history":[{"count":1,"href":"https:\/\/www.jymachinetech.com\/tr\/wp-json\/wp\/v2\/product\/1489\/revisions"}],"predecessor-version":[{"id":7196,"href":"https:\/\/www.jymachinetech.com\/tr\/wp-json\/wp\/v2\/product\/1489\/revisions\/7196"}],"wp:featuredmedia":[{"embeddable":true,"href":"https:\/\/www.jymachinetech.com\/tr\/wp-json\/wp\/v2\/media\/1492"}],"wp:attachment":[{"href":"https:\/\/www.jymachinetech.com\/tr\/wp-json\/wp\/v2\/media?parent=1489"}],"wp:term":[{"taxonomy":"product_brand","embeddable":true,"href":"https:\/\/www.jymachinetech.com\/tr\/wp-json\/wp\/v2\/product_brand?post=1489"},{"taxonomy":"product_cat","embeddable":true,"href":"https:\/\/www.jymachinetech.com\/tr\/wp-json\/wp\/v2\/product_cat?post=1489"},{"taxonomy":"product_tag","embeddable":true,"href":"https:\/\/www.jymachinetech.com\/tr\/wp-json\/wp\/v2\/product_tag?post=1489"}],"curies":[{"name":"wp","href":"https:\/\/api.w.org\/{rel}","templated":true}]}}