{"id":1471,"date":"2021-12-22T14:19:46","date_gmt":"2021-12-22T14:19:46","guid":{"rendered":"https:\/\/www.jymachinetech.com\/?post_type=product&#038;p=1471"},"modified":"2025-07-25T06:00:15","modified_gmt":"2025-07-25T06:00:15","slug":"caramel-candy-depositing-line","status":"publish","type":"product","link":"https:\/\/www.jymachinetech.com\/tr\/product\/caramel-candy-depositing-line\/","title":{"rendered":"Karamel \u015feker deposu hatt\u0131 | \u015feker yap\u0131m makinesi"},"content":{"rendered":"<h2>Karamel \u015eekerleme D\u00f6k\u00fcm Hatt\u0131: \u015eekerleme Yap\u0131m\u0131nda Hassasiyet ve \u00c7ok Y\u00f6nl\u00fcl\u00fck<\/h2>\n<p><strong>\u00dcr\u00fcn Genel Bak\u0131\u015f:<\/strong> Y\u00fcksek kaliteli karamelli ve toffee \u00fcretimi i\u00e7in tamamen otomatik, servo tahrikli, PLC kontroll\u00fc d\u00f6k\u00fcm hatt\u0131m\u0131zla tan\u0131\u015f\u0131n. Bu son teknoloji sistem, \u00e7ikolata ve re\u00e7el gibi katma de\u011ferli merkez dolgular\u0131 da dahil olmak \u00fczere \u00e7e\u015fitli \u015fekil ve renklerde \u00fcr\u00fcnler yaratmak \u00fczere tasarlanm\u0131\u015ft\u0131r.<\/p>\n<p><iframe title=\"cURL Too many subrequests.\" width=\"800\" height=\"450\" src=\"https:\/\/www.youtube.com\/embed\/mR4k0quXfBw?feature=oembed\" frameborder=\"0\" allow=\"accelerometer; autoplay; clipboard-write; encrypted-media; gyroscope; picture-in-picture; web-share\" referrerpolicy=\"strict-origin-when-cross-origin\" allowfullscreen><\/iframe><\/p>\n<h2><strong>Key Features &amp; Benefits:<\/strong><\/h2>\n<ul>\n<li><strong>\u00d6zelle\u015ftirme Yetene\u011fi:<\/strong>\u00a0\u0130htiyac\u0131n\u0131za g\u00f6re \u00f6zelle\u015ftirilebilir kal\u0131plarla tek renkli veya merkez dolgulu toffeesler olu\u015fturun.<\/li>\n<li><strong>Geli\u015fmi\u015f Kontrol Sistemi:<\/strong>\u00a0\u015eekerleme yap\u0131m s\u00fcrecini hassas kontrol etmek i\u00e7in servo sistemi ile donat\u0131lm\u0131\u015ft\u0131r.<\/li>\n<li><strong>Tam Hat Bile\u015fenleri:<\/strong>\u00a0Otomatik tart\u0131m ve kar\u0131\u015ft\u0131rma sistemi (iste\u011fe ba\u011fl\u0131), bas\u0131n\u00e7 \u00e7\u00f6zme sistemi, toffee \u015fekerleme pi\u015firici, d\u00f6k\u00fcm makinesi, so\u011futma t\u00fcneli ve daha fazlas\u0131n\u0131 i\u00e7erir.<\/li>\n<\/ul>\n<h2><strong>Teknik \u00d6zellikler:<\/strong><\/h2>\n<ul>\n<li><strong>Kapasite:<\/strong>\u00a0Saatte 150-2000kg \u00fcretim kapasitesine sahiptir, \u00e7e\u015fitli \u00fcretim ihtiya\u00e7lar\u0131na g\u00f6re \u00f6l\u00e7eklenebilir.<\/li>\n<li><strong>\u015eekil ve Boyut Esnekli\u011fi:<\/strong>\u00a0Pazar taleplerine uygun olarak \u015fekerlerin \u015fekil ve boyutunu \u00f6zelle\u015ftirin.<\/li>\n<li><strong>Is\u0131tma Se\u00e7enekleri:<\/strong>\u00a0\u00dcretim ortam\u0131n\u0131za uygun olarak elektrikli \u0131s\u0131tma veya buhar \u0131s\u0131tma se\u00e7enekleri mevcuttur.<\/li>\n<\/ul>\n<h2><strong>Applications:<\/strong><\/h2>\n<ul>\n<li>\u00c7e\u015fitli dolgular ve sunumlar ile geni\u015f bir karamel ve toffee \u015fekerleme yelpazesi \u00fcretmek isteyen \u015fekerleme \u00fcreticileri i\u00e7in idealdir.<\/li>\n<\/ul>\n<p>&nbsp;<\/p>\n<div class=\"table-responsive\">\n<table style=\"width: 500px;\" border=\"1\" cellspacing=\"1\" cellpadding=\"1\">\n<tbody>\n<tr>\n<td>cURL Too many subrequests.<\/td>\n<td>JYT-150<\/td>\n<td>JYT-300<\/td>\n<td>JYT-450<\/td>\n<td>JYT-600<\/td>\n<td>JYT-1200<\/td>\n<\/tr>\n<tr>\n<td>kapasite(kg\/saat)<\/td>\n<td>100-150<\/td>\n<td>200-300<\/td>\n<td>350-450<\/td>\n<td>600-1000<\/td>\n<td>1200-2000<\/td>\n<\/tr>\n<\/tbody>\n<\/table>\n<\/div>\n<p>&nbsp;<\/p>\n<p>&nbsp;<\/p>\n<h2><b>Toffee Pi\u015firici<\/b><\/h2>\n<p><img fetchpriority=\"high\" decoding=\"async\" class=\"alignnone size-full wp-image-1476\" title=\"karamel \u015feker d\u00f6kme hatt\u0131 | \u015feker yap\u0131m makinesi\" src=\"https:\/\/www.jymachinetech.com\/wp-content\/uploads\/2021\/12\/image_1612150641_2.png\" alt=\"karamel \u015feker d\u00f6kme hatt\u0131 | \u015feker yap\u0131m makinesi\" width=\"336\" height=\"336\" srcset=\"https:\/\/www.jymachinetech.com\/wp-content\/uploads\/2021\/12\/image_1612150641_2.png 336w, https:\/\/www.jymachinetech.com\/wp-content\/uploads\/2021\/12\/image_1612150641_2-12x12.png 12w, https:\/\/www.jymachinetech.com\/wp-content\/uploads\/2021\/12\/image_1612150641_2-300x300.png 300w, https:\/\/www.jymachinetech.com\/wp-content\/uploads\/2021\/12\/image_1612150641_2-100x100.png 100w\" sizes=\"(max-width: 336px) 100vw, 336px\" \/><\/p>\n<p>Toffee Pi\u015firicimiz, toffee ve karamel \u00fcretim \u015feklini devrim niteli\u011finde de\u011fi\u015ftirmek \u00fczere tasarlanm\u0131\u015f en son teknoloji makinedir. Yenilik\u00e7i iki pi\u015firici sistemi sayesinde, bu makine daha h\u0131zl\u0131 ve daha hassas karamelle\u015ftirme sa\u011flar, b\u00f6ylece tutarl\u0131, y\u00fcksek kaliteli bir son \u00fcr\u00fcn elde edilir.<\/p>\n<h3><strong>Key Features &amp; Benefits:<\/strong><\/h3>\n<ul>\n<li><strong>\u00c7ift Pi\u015firici Sistemi:<\/strong> \u0130ki ayr\u0131 pi\u015firici, e\u015f zamanl\u0131 pi\u015firme ve karamelle\u015ftirme i\u00e7in birlikte \u00e7al\u0131\u015f\u0131r, verimlili\u011fi ve kontrol\u00fc art\u0131r\u0131r.<\/li>\n<li><strong>Y\u00fcksek Verimli Buharl\u0131 Pi\u015firme:<\/strong> Buhar tabanl\u0131 pi\u015firme, e\u015fit \u0131s\u0131 da\u011f\u0131l\u0131m\u0131, daha az hava kabarc\u0131\u011f\u0131 ve minimal bozulma sa\u011flar, kusursuz toffee dokusu i\u00e7in.<\/li>\n<li><strong>E\u015f Zamanl\u0131 Pi\u015firme ve Karamelle\u015ftirme:<\/strong> Pi\u015firme ve karamelle\u015ftirme s\u00fcre\u00e7lerinin ba\u011f\u0131ms\u0131z \u00e7al\u0131\u015fmas\u0131, her ad\u0131m \u00fczerinde hassas kontrol sa\u011flar ve en iyi sonu\u00e7lar\u0131 garanti eder.<\/li>\n<li><strong>Kalite \u00d6zellikleri \u0130\u00e7in Ba\u011f\u0131ms\u0131z Kontroller:<\/strong> Renk, tat, nem ve dokuyu bireysel kontrollerle ayarlayarak, toffei tam istedi\u011finiz gibi \u00f6zelle\u015ftirin.<\/li>\n<li><strong>Otomatik Malzeme Besleyici:<\/strong> Bu \u00f6zellik, parti de\u011fi\u015fimlerini h\u0131zland\u0131r\u0131r, duru\u015f s\u00fcresini azalt\u0131r ve \u00fcretim h\u0131z\u0131n\u0131 art\u0131r\u0131r.<\/li>\n<li><strong>D\u00fc\u015f\u00fck \u0130sraf Oran\u0131:<\/strong> Toffee Pi\u015firicinin hassasiyeti, at\u0131\u011f\u0131 en aza indirir, b\u00f6ylece maliyetleri d\u00fc\u015f\u00fcr\u00fcr.<\/li>\n<li><strong>\u0130\u015f\u00e7ilik ve Maliyet Verimlili\u011fi:<\/strong> Y\u00fcksek \u00fcretim standartlar\u0131n\u0131 koruyan otomatik s\u00fcre\u00e7lerle i\u015fg\u00fcc\u00fc ihtiyac\u0131n\u0131 ve ilgili maliyetleri azalt\u0131n.<\/li>\n<li><strong>Otomatik Renk ve Tat Ekleme:<\/strong> Toffee partilerinizde tutarl\u0131 renk ve tat profilleri sa\u011flamak i\u00e7in otomatik ekleme sistemleri kullan\u0131n.<\/li>\n<\/ul>\n<h3><strong>Teknik \u00d6zellikler:<\/strong><\/h3>\n<ul>\n<li><strong>Pi\u015firme Y\u00f6ntemi:<\/strong>\u00a0E\u015fit \u0131s\u0131 da\u011f\u0131l\u0131m\u0131 i\u00e7in buhar tabanl\u0131.<\/li>\n<li><strong>Kontrol Sistemi:<\/strong>\u00a0Yemek pi\u015firme ve karamelle\u015fme s\u00fcrecinin her y\u00f6n\u00fc i\u00e7in bireysel kontroller.<\/li>\n<li><strong>Otomasyon Seviyesi:<\/strong>\u00a0Y\u00fcksek, otomatik besleyiciler ve minimum manuel m\u00fcdahale ile.<\/li>\n<\/ul>\n<h3><strong>Applications:<\/strong><\/h3>\n<ul>\n<li>Karamel, \u015fekerleme ve di\u011fer \u0131s\u0131ya duyarl\u0131 \u015fekerleme \u00fcr\u00fcnleri \u00fcreten \u015fekerleme \u00fcreticileri i\u00e7in m\u00fckemmel, hassas pi\u015firme ve karamelle\u015fme gerektirir.<\/li>\n<\/ul>\n<h2><b>D\u00f6k\u00fcm sistemi ve so\u011futma t\u00fcneli<\/b><\/h2>\n<ul>\n<li>Y\u00fczeyler su ge\u00e7irmez buzlu, hizmet \u00f6mr\u00fcn\u00fc uzat\u0131r, GMP standard\u0131na uygun.<\/li>\n<li>Tam olarak tan\u0131mlanm\u0131\u015f \u015feritler veya katmanlar.<\/li>\n<li>Y\u00fcksek hassasiyetli d\u00f6k\u00fcm, sapma yok.<\/li>\n<li>Daha viskoz form\u00fcller i\u00e7in yumu\u015fak silikon kal\u0131plar.<\/li>\n<li>Daha hassas s\u0131cakl\u0131k kontrol\u00fc i\u00e7in ba\u011f\u0131ms\u0131z so\u011futma sistemi.<\/li>\n<li>S\u00fcrekli hassas d\u00f6k\u00fcm, daha az hava kabarc\u0131\u011f\u0131 ve parlama.<\/li>\n<li>Otomatik y\u0131kama fonksiyonu, tek hatl\u0131 temizleme sistemi yak\u0131n yap\u0131da, alan tasarrufu sa\u011flar.<\/li>\n<\/ul>\n<p><img decoding=\"async\" class=\"alignnone size-full wp-image-1474\" title=\"karamel \u015feker d\u00f6kme hatt\u0131 | \u015feker yap\u0131m makinesi\" src=\"https:\/\/www.jymachinetech.com\/wp-content\/uploads\/2021\/12\/1627005781_IMG_1892.jpg\" alt=\"karamel \u015feker d\u00f6kme hatt\u0131 | \u015feker yap\u0131m makinesi\" width=\"600\" height=\"400\" srcset=\"https:\/\/www.jymachinetech.com\/wp-content\/uploads\/2021\/12\/1627005781_IMG_1892.jpg 600w, https:\/\/www.jymachinetech.com\/wp-content\/uploads\/2021\/12\/1627005781_IMG_1892-18x12.jpg 18w\" sizes=\"(max-width: 600px) 100vw, 600px\" \/><\/p>\n<h2>Kullan\u0131m<\/h2>\n<p><img decoding=\"async\" class=\"alignnone size-full wp-image-1475\" title=\"karamel \u015feker d\u00f6kme hatt\u0131 | \u015feker yap\u0131m makinesi\" src=\"https:\/\/www.jymachinetech.com\/wp-content\/uploads\/2021\/12\/1629342292_5d82256fda7f3c01de736af931ba2e8.png\" alt=\"karamel \u015feker d\u00f6kme hatt\u0131 | \u015feker yap\u0131m makinesi\" width=\"2179\" height=\"864\" srcset=\"https:\/\/www.jymachinetech.com\/wp-content\/uploads\/2021\/12\/1629342292_5d82256fda7f3c01de736af931ba2e8.png 2179w, https:\/\/www.jymachinetech.com\/wp-content\/uploads\/2021\/12\/1629342292_5d82256fda7f3c01de736af931ba2e8-18x7.png 18w, https:\/\/www.jymachinetech.com\/wp-content\/uploads\/2021\/12\/1629342292_5d82256fda7f3c01de736af931ba2e8-600x238.png 600w\" sizes=\"(max-width: 2179px) 100vw, 2179px\" \/><\/p>\n<h2><strong>M\u00fc\u015fteri Deste\u011fi ve Hizmetleri:<\/strong><\/h2>\n<ul>\n<li><strong>Professional Consultation:<\/strong>\u00a0M\u00fchendisler ve tasar\u0131mc\u0131lar ekibimiz, ihtiya\u00e7lar\u0131n\u0131z\u0131 anlamak ve en iyi \u00e7\u00f6z\u00fcmleri sunmak i\u00e7in sizinle \u00e7al\u0131\u015facakt\u0131r.<\/li>\n<li><strong>Kapsaml\u0131 E\u011fitim:<\/strong>\u00a0Personelinizin d\u00f6k\u00fcm hatt\u0131n\u0131 kullanmada iyi e\u011fitimli olmas\u0131n\u0131 sa\u011flay\u0131n, detayl\u0131 e\u011fitim programlar\u0131m\u0131zla.<\/li>\n<li><strong>After-Sales Service:<\/strong>\u00a0Her t\u00fcrl\u00fc sorun ve bak\u0131m ihtiyac\u0131nda h\u0131zl\u0131 destek al\u0131n.<\/li>\n<li><strong>Y\u0131ll\u0131k Bak\u0131m Programlar\u0131:<\/strong>\u00a0Ekipmanlar\u0131n\u0131z\u0131n sorunsuz \u00e7al\u0131\u015fmas\u0131n\u0131 sa\u011flamak i\u00e7in d\u00fczenli bak\u0131m hizmetlerimizden yararlan\u0131n.<\/li>\n<\/ul>\n<h2><strong>SSS:<\/strong><\/h2>\n<p><strong>Soru: Bu makine ka\u00e7 farkl\u0131 karamelli \u015feker yapabilir?<\/strong> Cevap: Makine, tek renkli ve merkez dolgulu se\u00e7enekler dahil olmak \u00fczere \u00e7e\u015fitli karamelli \u015fekerler \u00fcretebilir ve kal\u0131plar\u0131 bitmi\u015f \u00fcr\u00fcn tasar\u0131m\u0131n\u0131za g\u00f6re \u00f6zelle\u015ftirme imkan\u0131 sa\u011flar.<\/p>\n<p><strong>Soru: Makine farkl\u0131 t\u00fcrde \u015feker \u00fcretebilir mi?<\/strong> Cevap: Evet, makine \u00e7ok y\u00f6nl\u00fcd\u00fcr ve benzersiz tasar\u0131mlar i\u00e7in \u00f6zelle\u015ftirilmi\u015f kal\u0131plarla \u00e7e\u015fitli \u015feker t\u00fcrleri \u00fcretebilir.<\/p>\n<p><strong>Soru: Bu makineyle \u00e7ikolata yapabilir miyim?<\/strong> Cevap: Bu makine \u00f6zellikle \u015feker \u00fcretimi i\u00e7in tasarlanm\u0131\u015ft\u0131r ve \u00e7ikolata yapmak amac\u0131yla kullan\u0131lmaz.<\/p>\n<p><strong>Soru: Jelibonlar\u0131n saatlik \u00fcretim kapasitesi nedir?<\/strong> Cevap: Makine en az 21.600 adet jelibon \u00fcretebilir bir saatte.<\/p>\n<p><strong>Soru: Makine hangi \u015feker \u015fekilleri ve boyutlar\u0131n\u0131 yapabilir?<\/strong> Cevap: \u0130stedi\u011finiz herhangi bir \u015fekil ve boyutta \u015feker sa\u011flayabiliriz, \u00f6zel kal\u0131plarla ihtiya\u00e7lar\u0131n\u0131za uygun tasar\u0131mlar yap\u0131yoruz.<\/p>\n<p><strong>Soru: Makine i\u00e7in hangi \u0131s\u0131tma se\u00e7enekleri mevcuttur?<\/strong> Cevap: Makine, \u00fcretim tesisinizin kurulumuna ba\u011fl\u0131 olarak elektrikli \u0131s\u0131tma veya buhar \u0131s\u0131tma ile donat\u0131labilir.<\/p>\n<h2><strong>Neden Bizi Se\u00e7melisiniz \u2013 \u00dcretici:<\/strong><\/h2>\n<ul>\n<li><strong>Ger\u00e7ek Fabrika Deneyimi:<\/strong>\u00a0Biz, 40 y\u0131l\u0131 a\u015fk\u0131n sekt\u00f6r tecr\u00fcbesine sahip ger\u00e7ek bir \u00fcretim tesisiyiz.<\/li>\n<li><strong>Profesyonel Ekip:<\/strong>\u00a0Ekibimiz, d\u00fcnya \u00e7ap\u0131nda teknik destek sunmaya haz\u0131r 12 tasar\u0131mc\u0131 ve 20 profesyonel m\u00fchendisten olu\u015fmaktad\u0131r.<\/li>\n<li><strong>G\u00fcvenilirlik:<\/strong>\u00a0200'den fazla \u00e7al\u0131\u015fan\u0131 olan modern bir fabrikam\u0131z, s\u0131k\u0131 kalite kontrol\u00fc ve Alman \u00fcretim standartlar\u0131na uyumu ile makinelerimizin hassasiyetini ve g\u00fcvenilirli\u011fini sa\u011fl\u0131yoruz.<\/li>\n<li><strong>Y\u00fcksek Kaliteli Makineler:<\/strong>\u00a0T\u00fcm makinelerimiz, SUS304 malzemeler ve dayan\u0131kl\u0131l\u0131k ile hijyen i\u00e7in kumlama y\u00fczey kaplamas\u0131 kullan\u0131larak GMP standard\u0131ndaki fabrikada \u00fcretilmi\u015ftir.<\/li>\n<\/ul>\n<h2><strong>Size olan Taahh\u00fcd\u00fcm\u00fcz:<\/strong><\/h2>\n<ul>\n<li><strong>\u00d6zelle\u015ftirilmi\u015f \u00c7\u00f6z\u00fcmler:<\/strong>\u00a0Fabrika yerle\u015fim planlamas\u0131, 3D tasar\u0131m, proje planlamas\u0131, \u00f6zelle\u015ftirilmi\u015f \u015fekil tasar\u0131m\u0131 ve \u015feker form\u00fcl\u00fc geli\u015ftirme hizmetleri sunuyoruz, bunlar sizin \u00f6zel ihtiya\u00e7lar\u0131n\u0131za g\u00f6re haz\u0131rlanm\u0131\u015ft\u0131r.<\/li>\n<\/ul>\n<p><strong>Get a Quote Now:<\/strong> Ki\u015fiselle\u015ftirilmi\u015f teklif almak ve Karamel \u015eeker D\u00f6kmek Hatt\u0131m\u0131z\u0131n \u015feker \u00fcretim kapasitenizi nas\u0131l art\u0131rabilece\u011fini \u00f6\u011frenmek i\u00e7in bug\u00fcn bizimle ileti\u015fime ge\u00e7in.<\/p>","protected":false},"excerpt":{"rendered":"<p>Y\u00fcksek kaliteli karamelli, toffee ve fudge \u015feker \u00fcretiminin tam yelpazesi.<\/p>","protected":false},"featured_media":4938,"comment_status":"closed","ping_status":"closed","template":"","meta":[],"product_brand":[],"product_cat":[16,102],"product_tag":[],"class_list":{"0":"post-1471","1":"product","2":"type-product","3":"status-publish","4":"has-post-thumbnail","6":"product_cat-candy-machine","7":"product_cat-toffee-candy-machine","9":"first","10":"instock","11":"shipping-taxable","12":"product-type-simple"},"_links":{"self":[{"href":"https:\/\/www.jymachinetech.com\/tr\/wp-json\/wp\/v2\/product\/1471","targetHints":{"allow":["GET"]}}],"collection":[{"href":"https:\/\/www.jymachinetech.com\/tr\/wp-json\/wp\/v2\/product"}],"about":[{"href":"https:\/\/www.jymachinetech.com\/tr\/wp-json\/wp\/v2\/types\/product"}],"replies":[{"embeddable":true,"href":"https:\/\/www.jymachinetech.com\/tr\/wp-json\/wp\/v2\/comments?post=1471"}],"version-history":[{"count":1,"href":"https:\/\/www.jymachinetech.com\/tr\/wp-json\/wp\/v2\/product\/1471\/revisions"}],"predecessor-version":[{"id":7198,"href":"https:\/\/www.jymachinetech.com\/tr\/wp-json\/wp\/v2\/product\/1471\/revisions\/7198"}],"wp:featuredmedia":[{"embeddable":true,"href":"https:\/\/www.jymachinetech.com\/tr\/wp-json\/wp\/v2\/media\/4938"}],"wp:attachment":[{"href":"https:\/\/www.jymachinetech.com\/tr\/wp-json\/wp\/v2\/media?parent=1471"}],"wp:term":[{"taxonomy":"product_brand","embeddable":true,"href":"https:\/\/www.jymachinetech.com\/tr\/wp-json\/wp\/v2\/product_brand?post=1471"},{"taxonomy":"product_cat","embeddable":true,"href":"https:\/\/www.jymachinetech.com\/tr\/wp-json\/wp\/v2\/product_cat?post=1471"},{"taxonomy":"product_tag","embeddable":true,"href":"https:\/\/www.jymachinetech.com\/tr\/wp-json\/wp\/v2\/product_tag?post=1471"}],"curies":[{"name":"wp","href":"https:\/\/api.w.org\/{rel}","templated":true}]}}