{"id":1414,"date":"2021-12-22T09:02:52","date_gmt":"2021-12-22T09:02:52","guid":{"rendered":"https:\/\/www.jymachinetech.com\/?post_type=product&#038;p=1414"},"modified":"2025-07-25T08:44:26","modified_gmt":"2025-07-25T08:44:26","slug":"candy-drying-trays","status":"publish","type":"product","link":"https:\/\/www.jymachinetech.com\/tr\/product\/candy-drying-trays\/","title":{"rendered":"\u015eeker Kurutma Tepsileri Fabrikas\u0131: 400*800*15mm PE+PP 2-3 kg"},"content":{"rendered":"<h2>\u015eeker Kurutma Tepsileri: Verimli Jelibon \u015eeker \u00dcretimi \u0130\u00e7in En Uygun \u00c7\u00f6z\u00fcm<\/h2>\n<p><strong>\u00dcr\u00fcn Genel Bak\u0131\u015f:<\/strong> \u015eeker Kurutma Tepsilerimiz, ni\u015fasta i\u00e7ermeyen jelibon \u015feker \u00fcretim s\u00fcreci i\u00e7in \u00f6zel olarak tasarlanm\u0131\u015ft\u0131r. Jelibon \u015feker yap\u0131m makinenize ve mini \u015feker d\u00f6kme cihaz\u0131n\u0131za m\u00fckemmel tamamlay\u0131c\u0131d\u0131r ve kal\u0131ptan kurutmaya sorunsuz ge\u00e7i\u015f sa\u011flar.<\/p>\n<h2><strong>Key Features &amp; Benefits:<\/strong><\/h2>\n<ul>\n<li><strong>Temizlemenin Kolayl\u0131\u011f\u0131:<\/strong>\u00a0Tepsiler, basit ve verimli temizlik i\u00e7in tasarlanm\u0131\u015ft\u0131r, duru\u015f s\u00fcresini azalt\u0131r ve hijyenik bir \u00fcretim ortam\u0131 sa\u011flar.<\/li>\n<li><strong>Kokusuz Malzeme:<\/strong>\u00a0Kokusu olmayan malzemelerden \u00fcretilmi\u015ftir, jelibon \u015fekerlerin orijinal lezzetini korur.<\/li>\n<li><strong>Kuruma S\u0131ras\u0131nda Stabilite:<\/strong>\u00a0Tepsiler, kurutma i\u015flemi i\u00e7in stabil bir y\u00fczey sa\u011flar, bu da e\u015fit doku ve g\u00f6r\u00fcn\u00fcm i\u00e7in \u00f6nemlidir.<\/li>\n<li><strong>Y\u00fcksek Dayan\u0131ml\u0131 Alt K\u0131s\u0131m:<\/strong>\u00a0\u015eekerlerin a\u011f\u0131rl\u0131\u011f\u0131n\u0131 destekleyecek y\u00fcksek dayan\u0131ml\u0131 alt k\u0131s\u0131m ile tasarlanm\u0131\u015ft\u0131r, deformasyon veya \u00e7\u00f6kme yapmaz.<\/li>\n<li><strong>S\u0131cakl\u0131k Dayan\u0131m\u0131:<\/strong>\u00a0Hem y\u00fcksek hem de d\u00fc\u015f\u00fck s\u0131cakl\u0131klara dayanabilir, \u00e7e\u015fitli kurutma teknikleri ve ortamlar i\u00e7in uygundur.<\/li>\n<li><strong>Verimli S\u0131ralama:<\/strong>\u00a0Kolay s\u0131ralanabilir ve istiflenebilir, tepsiler alan tasarrufu sa\u011flar ve kurutma odas\u0131nda d\u00fczeni art\u0131r\u0131r.<\/li>\n<\/ul>\n<h2><strong>Teknik \u00d6zellikler:<\/strong><\/h2>\n<ul>\n<li><strong>Material:<\/strong>\u00a0Dayan\u0131kl\u0131l\u0131k ve hijyen i\u00e7in y\u00fcksek kaliteli, g\u0131da s\u0131n\u0131f\u0131 plastik veya paslanmaz \u00e7elik kullan\u0131lm\u0131\u015ft\u0131r.<\/li>\n<li><strong>Tasar\u0131m:<\/strong>\u00a0E\u015fit hava sirk\u00fclasyonunu te\u015fvik eden havaland\u0131rmal\u0131 yap\u0131, optimal kuruma i\u00e7in gereklidir.<\/li>\n<li><strong>Kapasite:<\/strong>\u00a0\u00c7ok say\u0131da <a href=\"https:\/\/www.jymachinetech.com\/tr\/2025-top-gummy-candy-machine-for-efficient-production-and-quality-results\/\" title=\"cURL Too many subrequests.\"  data-wpil-monitor-id=\"103\" target=\"_blank\">jelibon \u015feker<\/a> i\u00e7in tasarlanm\u0131\u015f<\/li>\n<\/ul>\n<h2><strong>Applications:<\/strong><\/h2>\n<ul>\n<li>Son a\u015famada kullan\u0131lmak \u00fczere idealdir <a href=\"https:\/\/www.jymachinetech.com\/tr\/top-machine-gummy-candy-solutions-for-efficient-production\/\" title=\"Verimli \u00dcretim \u0130\u00e7in En \u0130yi Jel \u015eekerli \u015eekerleme \u00c7\u00f6z\u00fcmleri\"  data-wpil-monitor-id=\"63\" target=\"_blank\">jelibon \u00fcretimi<\/a>, \u015fekerlerin dokusunu ve raf \u00f6mr\u00fcn\u00fc art\u0131ran kurutma s\u00fcrecini kolayla\u015ft\u0131r\u0131r.<\/li>\n<\/ul>\n<h2><strong>M\u00fc\u015fteri Deste\u011fi ve Hizmetleri:<\/strong><\/h2>\n<ul>\n<li><strong>\u00d6zelle\u015ftirme Hizmetleri:<\/strong>\u00a0Kurutma odan\u0131z\u0131n ve \u00fcretim ihtiya\u00e7lar\u0131n\u0131z\u0131n \u00f6zel boyutlar\u0131na ve gereksinimlerine uygun tepsi \u00f6zelle\u015ftirmesi sunuyoruz.<\/li>\n<li><strong>Kalite G\u00fcvencesi:<\/strong>\u00a0Her tepsi, g\u00fcvenilirlik ve dayan\u0131kl\u0131l\u0131\u011f\u0131 sa\u011flamak i\u00e7in s\u0131k\u0131 kalite standartlar\u0131na uygun olarak \u00fcretilmi\u015ftir.<\/li>\n<\/ul>\n<h2><strong>\u015eeker Kurutma Tepsilerimizi Neden Tercih Etmelisiniz:<\/strong><\/h2>\n<ul>\n<li><strong>Verimlilik &amp; Dayan\u0131kl\u0131l\u0131k:<\/strong>\u00a0Kolay temizlenebilir tasarland\u0131 ve uzun s\u00fcreli kullan\u0131m i\u00e7in y\u00fcksek mukavemetli malzemelerle in\u015fa edildi.<\/li>\n<li><strong>G\u00fcvenlik &amp; Hijyen:<\/strong>\u00a0Kokusuz ve kolay temizlenebilir tepsilerimizle en y\u00fcksek g\u0131da g\u00fcvenli\u011fi standartlar\u0131n\u0131 sa\u011flay\u0131n.<\/li>\n<li><strong>Alan Tasarrufu Sa\u011flayan Tasar\u0131m:<\/strong>\u00a0Verimli s\u0131ralama sistemimizle kurutma odan\u0131zda de\u011ferli alanlar kazan\u0131n.<\/li>\n<\/ul>\n<p><strong>Get a Quote Now:<\/strong> Ki\u015fiselle\u015ftirilmi\u015f fiyatland\u0131rma ve <a href=\"https:\/\/www.jymachinetech.com\/tr\/beginners-guide-using-gummy-candy-machine-homemade-gummies\/\" title=\"J\u00f6le \u015eeker Makinesi Kullan\u0131m\u0131 i\u00e7in Ba\u015flang\u0131\u00e7 Rehberi\"  data-wpil-monitor-id=\"59\" target=\"_blank\">\u015eeker Kurutma Tepsilerimizin<\/a> kek \u015fekeri \u00fcretiminizi kolayla\u015ft\u0131r\u0131p kolayla\u015ft\u0131rmad\u0131\u011f\u0131n\u0131 \u00f6\u011frenmek i\u00e7in bug\u00fcn bizimle ileti\u015fime ge\u00e7in.<\/p>\n<p><img fetchpriority=\"high\" decoding=\"async\" class=\"alignnone size-full wp-image-1418\" title=\"\u015feker kurutma tepsisi fabrikas\u0131 | \u015feker kurutma tepsileri sat\u0131\u015fta\" src=\"https:\/\/www.jymachinetech.com\/wp-content\/uploads\/2021\/12\/1623115006_Candy-drying-tray4-1.jpg\" alt=\"\u015feker kurutma tepsisi fabrikas\u0131 | \u015feker kurutma tepsileri sat\u0131\u015fta\" width=\"800\" height=\"1103\" srcset=\"https:\/\/www.jymachinetech.com\/wp-content\/uploads\/2021\/12\/1623115006_Candy-drying-tray4-1.jpg 800w, https:\/\/www.jymachinetech.com\/wp-content\/uploads\/2021\/12\/1623115006_Candy-drying-tray4-1-9x12.jpg 9w, https:\/\/www.jymachinetech.com\/wp-content\/uploads\/2021\/12\/1623115006_Candy-drying-tray4-1-600x827.jpg 600w\" sizes=\"(max-width: 800px) 100vw, 800px\" \/><\/p>\n<section class=\"details\">\n<div class=\"container\">\n<div class=\"row\">\n<div class=\"tab-nav-main\">\n<div id=\"tab-content\" class=\"tab-content\">\n<div id=\"product-detail\" class=\"tab-pane fade in active\" role=\"tabpanel\">\n<div><\/div>\n<\/div>\n<\/div>\n<\/div>\n<\/div>\n<\/div>\n<\/section>\n<section class=\"relatedpro\">\n<div class=\"container\">\n<div class=\"row\">\n<div class=\"col-xs-12\"><\/div>\n<\/div>\n<\/div>\n<\/section>\n<div class=\"table-responsive\">\n<table style=\"width: 100%;\">\n<tbody>\n<tr>\n<td style=\"text-align: center;\">Size<\/td>\n<td style=\"text-align: center;\">cURL Too many subrequests.<\/td>\n<td style=\"text-align: center;\">Y\u00fckleme a\u011f\u0131rl\u0131\u011f\u0131<\/td>\n<\/tr>\n<tr>\n<td style=\"text-align: center;\">400*800*15mm<\/td>\n<td style=\"text-align: center;\">PE+PP<\/td>\n<td style=\"text-align: center;\">2-3 kg<\/td>\n<\/tr>\n<\/tbody>\n<\/table>\n<\/div>","protected":false},"excerpt":{"rendered":"<p>Hangi \u015fekerleri yapmak isterseniz isteyin, sizin i\u00e7in \u00e7e\u015fitli \u015feker tepsisi se\u00e7enekleri sa\u011flayabiliriz.<\/p>","protected":false},"featured_media":4929,"comment_status":"closed","ping_status":"closed","template":"","meta":[],"product_brand":[],"product_cat":[16,98],"product_tag":[],"class_list":{"0":"post-1414","1":"product","2":"type-product","3":"status-publish","4":"has-post-thumbnail","6":"product_cat-candy-machine","7":"product_cat-gummy-candy-machine","9":"first","10":"instock","11":"shipping-taxable","12":"product-type-simple"},"_links":{"self":[{"href":"https:\/\/www.jymachinetech.com\/tr\/wp-json\/wp\/v2\/product\/1414","targetHints":{"allow":["GET"]}}],"collection":[{"href":"https:\/\/www.jymachinetech.com\/tr\/wp-json\/wp\/v2\/product"}],"about":[{"href":"https:\/\/www.jymachinetech.com\/tr\/wp-json\/wp\/v2\/types\/product"}],"replies":[{"embeddable":true,"href":"https:\/\/www.jymachinetech.com\/tr\/wp-json\/wp\/v2\/comments?post=1414"}],"version-history":[{"count":3,"href":"https:\/\/www.jymachinetech.com\/tr\/wp-json\/wp\/v2\/product\/1414\/revisions"}],"predecessor-version":[{"id":7316,"href":"https:\/\/www.jymachinetech.com\/tr\/wp-json\/wp\/v2\/product\/1414\/revisions\/7316"}],"wp:featuredmedia":[{"embeddable":true,"href":"https:\/\/www.jymachinetech.com\/tr\/wp-json\/wp\/v2\/media\/4929"}],"wp:attachment":[{"href":"https:\/\/www.jymachinetech.com\/tr\/wp-json\/wp\/v2\/media?parent=1414"}],"wp:term":[{"taxonomy":"product_brand","embeddable":true,"href":"https:\/\/www.jymachinetech.com\/tr\/wp-json\/wp\/v2\/product_brand?post=1414"},{"taxonomy":"product_cat","embeddable":true,"href":"https:\/\/www.jymachinetech.com\/tr\/wp-json\/wp\/v2\/product_cat?post=1414"},{"taxonomy":"product_tag","embeddable":true,"href":"https:\/\/www.jymachinetech.com\/tr\/wp-json\/wp\/v2\/product_tag?post=1414"}],"curies":[{"name":"wp","href":"https:\/\/api.w.org\/{rel}","templated":true}]}}