{"id":1365,"date":"2021-12-21T09:00:07","date_gmt":"2021-12-21T09:00:07","guid":{"rendered":"https:\/\/www.jymachinetech.com\/?post_type=product&#038;p=1365"},"modified":"2025-07-25T08:44:20","modified_gmt":"2025-07-25T08:44:20","slug":"candy-mold","status":"publish","type":"product","link":"https:\/\/www.jymachinetech.com\/tr\/product\/candy-mold\/","title":{"rendered":"\u015eeker kal\u0131b\u0131 | J\u00f6leli \u015eeker Kal\u0131b\u0131 Fabrikas\u0131"},"content":{"rendered":"<h2>\u015eeker Kal\u0131plar\u0131: Yarat\u0131c\u0131 \u015eekerleme \u0130\u00e7in \u00c7ok Y\u00f6nl\u00fc \u00c7\u00f6z\u00fcmler<\/h2>\n<p><strong>\u00dcr\u00fcn Genel Bak\u0131\u015f:<\/strong> Geni\u015f \u015feker kal\u0131p yelpazemiz, \u015fekerleme pazar\u0131n\u0131n \u00e7e\u015fitli ihtiya\u00e7lar\u0131n\u0131 kar\u015f\u0131lamak \u00fczere tasarlanm\u0131\u015ft\u0131r. Uzman \u015feker yap\u0131m ekipmanlar\u0131m\u0131zla uyumlu olan bu kal\u0131plar, jelibon, sert ve lolipop \u015fekerlerinizin hassasiyet ve tutarl\u0131l\u0131kla \u00fcretilmesini sa\u011flar.<\/p>\n<h2><strong>\u015eeker Kal\u0131plar\u0131 T\u00fcrleri:<\/strong><\/h2>\n<ul>\n<li><strong>Jelibon \u015eeker Kal\u0131plar\u0131:<\/strong>\n<ul>\n<li><strong>Standart Jelibon Kal\u0131p:<\/strong>\u00a0G\u00fcnl\u00fck kullan\u0131m i\u00e7in klasik kal\u0131plar <a href=\"https:\/\/www.jymachinetech.com\/tr\/the-best-gummy-candy-production-line-a-complete-guide-for-beginners\/\" title=\"cURL Too many subrequests.\"  data-wpil-monitor-id=\"31\" target=\"_blank\">jelibon \u00fcretimi<\/a>.<\/li>\n<li><strong>H\u0131zl\u0131 Serbest B\u0131rakmal\u0131 Jelibon Kal\u0131p:<\/strong>\u00a0\u015eekerlerin kolayca \u00e7\u0131kar\u0131lmas\u0131 i\u00e7in tasarlanm\u0131\u015f, \u00fcretim verimlili\u011fini art\u0131r\u0131r.<\/li>\n<li><strong>Silicone Jelibon Kal\u0131p:<\/strong>\u00a0Detayl\u0131 ve karma\u015f\u0131k jelibon \u015fekilleri i\u00e7in y\u00fcksek kaliteli silikon kal\u0131plar.<\/li>\n<li><strong>3D <\/strong><a href=\"https:\/\/www.jymachinetech.com\/tr\/beginners-guide-using-gummy-candy-machine-homemade-gummies\/\" title=\"J\u00f6le \u015eeker Makinesi Kullan\u0131m\u0131 i\u00e7in Ba\u015flang\u0131\u00e7 Rehberi\"  data-wpil-monitor-id=\"79\" target=\"_blank\">Jelibon Kal\u0131p: \u015eekerler olu\u015fturun<\/a> \u00fc\u00e7 boyutlu tasar\u0131ma sahip, \u00fcr\u00fcnlerinize benzersiz bir dokunu\u015f katan.<\/li>\n<li><strong>Uzun Jelibon Kal\u0131p:<\/strong>\u00a0Uzun jelibonlar, \u00f6rne\u011fin jelibon solucanlar\u0131 gibi \u00fcr\u00fcnler \u00fcretmek i\u00e7in idealdir.<\/li>\n<li><strong>Ni\u015fasta Jelibon Kal\u0131p:<\/strong>\u00a0\u00d6zellikle ni\u015fasta mogul makinelerimizle kullan\u0131lmak \u00fczere tasarlanm\u0131\u015ft\u0131r.<\/li>\n<\/ul>\n<\/li>\n<li><strong>Sert \u015eeker Kal\u0131plar\u0131:<\/strong>\n<ul>\n<li>Sert \u015feker yap\u0131m makinelerimizle uyumlu olup \u00e7e\u015fitli sert \u015fekerler \u00fcretmek i\u00e7in kullan\u0131l\u0131r.<\/li>\n<\/ul>\n<\/li>\n<li><strong>Lolipop \u015eeker Kal\u0131plar\u0131:<\/strong>\n<ul>\n<li><strong>D\u00fcz Lolipop Kal\u0131b\u0131:<\/strong>\u00a0Geleneksel d\u00fcz lolipop \u015fekilleri i\u00e7in m\u00fckemmeldir.<\/li>\n<li><strong>3D Lolipop Kal\u0131b\u0131:<\/strong>\u00a0Farkl\u0131 bir g\u00f6r\u00fcn\u00fcm i\u00e7in \u00fc\u00e7 boyutlu tasar\u0131ma sahip lolipoplar olu\u015fturun.<\/li>\n<\/ul>\n<\/li>\n<li><strong>Toffee \u015eeker Kal\u0131b\u0131:<\/strong>\n<ul>\n<li>Toffee \u015feker d\u00f6k\u00fcm hatt\u0131m\u0131zda kullan\u0131lmak \u00fczere tasarlanm\u0131\u015f, tutarl\u0131 ve profesyonel bir biti\u015f sa\u011flar.<\/li>\n<\/ul>\n<\/li>\n<\/ul>\n<h2><strong>Key Features &amp; Benefits:<\/strong><\/h2>\n<ul>\n<li><strong>Uyumluluk:<\/strong>\u00a0T\u00fcm kal\u0131plar, \u00fcretimi kolayla\u015ft\u0131rmak i\u00e7in \u015feker yap\u0131m makinelerimizle sorunsuz \u00e7al\u0131\u015facak \u015fekilde tasarlanm\u0131\u015ft\u0131r.<\/li>\n<li><strong>Malzeme Kalitesi:<\/strong>\u00a0G\u0131da s\u0131n\u0131f\u0131 malzemelerden \u00fcretilmi\u015f, g\u00fcvenlik ve dayan\u0131kl\u0131l\u0131k sa\u011flar.<\/li>\n<li><strong>Tasar\u0131m Esnekli\u011fi:<\/strong>\u00a0Farkl\u0131 piyasa trendleri ve t\u00fcketici tercihlerine uygun geni\u015f \u015fekil ve tasar\u0131m yelpazesi sunar.<\/li>\n<li><strong>Kullan\u0131m Kolayl\u0131\u011f\u0131:<\/strong>\u00a0Bir\u00e7ok kal\u0131b\u0131m\u0131z, verimli \u00fcretim i\u00e7in h\u0131zl\u0131 serbest b\u0131rakma mekanizmas\u0131 i\u00e7erir.<\/li>\n<li><strong>\u00d6zelle\u015ftirme Se\u00e7enekleri:<\/strong>\u00a0Belirli \u00fcr\u00fcn gereksinimlerine uygun \u00e7e\u015fitli boyut ve malzemelerde mevcuttur.<\/li>\n<\/ul>\n<h2><strong>Teknik \u00d6zellikler:<\/strong><\/h2>\n<ul>\n<li><strong>Malzemeler:<\/strong>\u00a0G\u0131da s\u0131n\u0131f\u0131 plastik, silikon ve paslanmaz \u00e7elik.<\/li>\n<li><strong>Tasar\u0131m \u00c7e\u015fitleri:<\/strong>\u00a0Standarttan karma\u015f\u0131k 3D tasar\u0131mlara kadar, farkl\u0131 \u015feker t\u00fcrlerine uygun olarak haz\u0131rlanm\u0131\u015ft\u0131r.<\/li>\n<\/ul>\n<h2><strong>Applications:<\/strong><\/h2>\n<ul>\n<li>J\u00f6le ay\u0131lar\u0131, ek\u015fi bantlar, sert \u015fekerler, lolipoplar ve toffees gibi geni\u015f bir \u015fekerleme \u00fcr\u00fcn yelpazesi i\u00e7in uygundur.<\/li>\n<\/ul>\n<h2><strong>M\u00fc\u015fteri Deste\u011fi ve Hizmetleri:<\/strong><\/h2>\n<ul>\n<li><strong>\u00dcr\u00fcn Dan\u0131\u015fmanl\u0131\u011f\u0131:<\/strong>\u00a0Ekibimiz, \u00fcretim ihtiya\u00e7lar\u0131n\u0131z i\u00e7in en uygun kal\u0131plar\u0131 bulman\u0131za yard\u0131mc\u0131 olacak.<\/li>\n<li><strong>\u00d6zelle\u015ftirme Hizmetleri:<\/strong>\u00a0Benzersiz tasar\u0131m gereksinimlerini kar\u015f\u0131lamak i\u00e7in kal\u0131p \u00f6zelle\u015ftirmesi sunuyoruz.<\/li>\n<li><strong>Kalite G\u00fcvencesi:<\/strong>\u00a0Her kal\u0131p, y\u00fcksek kalite standartlar\u0131na uygun olarak \u00fcretilir ve g\u00fcvenilirlik ile tutarl\u0131l\u0131\u011f\u0131 sa\u011flar.<\/li>\n<\/ul>\n<h2><strong>\u015eeker Kal\u0131plar\u0131m\u0131z\u0131 Neden Se\u00e7melisiniz:<\/strong><\/h2>\n<ul>\n<li><strong>Yenilik ve Tasar\u0131m:<\/strong>\u00a0Geli\u015fen t\u00fcketici zevklerine uygun yenilik\u00e7i kal\u0131p tasar\u0131mlar\u0131m\u0131zla \u00f6nde kal\u0131n.<\/li>\n<li><strong>Kalite ve G\u00fcvenlik:<\/strong>\u00a0G\u0131da s\u0131n\u0131f\u0131 kal\u0131plar\u0131m\u0131zla en y\u00fcksek \u00fcretim kalitesini ve g\u0131da g\u00fcvenli\u011fini sa\u011flay\u0131n.<\/li>\n<li><strong>\u00c7ok Y\u00f6nl\u00fcl\u00fck ve \u00d6zelle\u015ftirme:<\/strong>\u00a0\u00c7ok \u00e7e\u015fitli kal\u0131p se\u00e7eneklerinden se\u00e7im yap\u0131n ve benzersiz \u00fcr\u00fcnler i\u00e7in \u00f6zelle\u015ftirme imkanlar\u0131ndan yararlan\u0131n.<\/li>\n<\/ul>\n<p><strong>Get a Quote Now:<\/strong> Se\u00e7eneklerimizi Ke\u015ffedin <a href=\"https:\/\/www.jymachinetech.com\/tr\/top-machine-gummy-candy-solutions-for-efficient-production\/\" title=\"Verimli \u00dcretim \u0130\u00e7in En \u0130yi Jel \u015eekerli \u015eekerleme \u00c7\u00f6z\u00fcmleri\"  data-wpil-monitor-id=\"78\" target=\"_blank\">\u015eeker Kal\u0131plar\u0131m\u0131z<\/a> ve ki\u015fiselle\u015ftirilmi\u015f teklif ve uzman tavsiyesi almak i\u00e7in web sitemizde dan\u0131\u015fma ba\u015flat\u0131n, \u015fekerleme \u00fcretim kapasitenizi art\u0131r\u0131n.<\/p>\n<p><img fetchpriority=\"high\" decoding=\"async\" class=\"alignnone size-full wp-image-1373\" title=\"\u015feker kal\u0131b\u0131 | jel \u015feker kal\u0131b\u0131 fabrikas\u0131\" src=\"https:\/\/www.jymachinetech.com\/wp-content\/uploads\/2021\/12\/Candy-mold-1.png\" alt=\"\u015feker kal\u0131b\u0131 | jel \u015feker kal\u0131b\u0131 fabrikas\u0131\" width=\"491\" height=\"358\" srcset=\"https:\/\/www.jymachinetech.com\/wp-content\/uploads\/2021\/12\/Candy-mold-1.png 491w, https:\/\/www.jymachinetech.com\/wp-content\/uploads\/2021\/12\/Candy-mold-1-16x12.png 16w\" sizes=\"(max-width: 491px) 100vw, 491px\" \/><\/p>\n<h2>Standart Jel Kal\u0131p<\/h2>\n<p><img decoding=\"async\" class=\"alignnone size-full wp-image-1287\" title=\"\u015feker kal\u0131b\u0131 | jel \u015feker kal\u0131b\u0131 fabrikas\u0131\" src=\"https:\/\/www.jymachinetech.com\/wp-content\/uploads\/2021\/12\/jelly-candy-making-machine-2.png\" alt=\"\u015feker kal\u0131b\u0131 | jel \u015feker kal\u0131b\u0131 fabrikas\u0131\" width=\"888\" height=\"343\" srcset=\"https:\/\/www.jymachinetech.com\/wp-content\/uploads\/2021\/12\/jelly-candy-making-machine-2.png 888w, https:\/\/www.jymachinetech.com\/wp-content\/uploads\/2021\/12\/jelly-candy-making-machine-2-18x7.png 18w, https:\/\/www.jymachinetech.com\/wp-content\/uploads\/2021\/12\/jelly-candy-making-machine-2-600x232.png 600w\" sizes=\"(max-width: 888px) 100vw, 888px\" \/><\/p>\n<h2>H\u0131zl\u0131 Serbest B\u0131rakmal\u0131 Jel Kal\u0131p<\/h2>\n<p><img decoding=\"async\" class=\"alignnone size-full wp-image-1291\" title=\"\u015feker kal\u0131b\u0131 | jel \u015feker kal\u0131b\u0131 fabrikas\u0131\" src=\"https:\/\/www.jymachinetech.com\/wp-content\/uploads\/2021\/12\/jelly-candy-making-machine-6.png\" alt=\"\u015feker kal\u0131b\u0131 | jel \u015feker kal\u0131b\u0131 fabrikas\u0131\" width=\"888\" height=\"316\" srcset=\"https:\/\/www.jymachinetech.com\/wp-content\/uploads\/2021\/12\/jelly-candy-making-machine-6.png 888w, https:\/\/www.jymachinetech.com\/wp-content\/uploads\/2021\/12\/jelly-candy-making-machine-6-18x6.png 18w, https:\/\/www.jymachinetech.com\/wp-content\/uploads\/2021\/12\/jelly-candy-making-machine-6-600x214.png 600w\" sizes=\"(max-width: 888px) 100vw, 888px\" \/><\/p>\n<h2>Silicone Jel Kal\u0131p<\/h2>\n<p><img loading=\"lazy\" decoding=\"async\" class=\"alignnone size-full wp-image-1288\" title=\"\u015feker kal\u0131b\u0131 | jel \u015feker kal\u0131b\u0131 fabrikas\u0131\" src=\"https:\/\/www.jymachinetech.com\/wp-content\/uploads\/2021\/12\/jelly-candy-making-machine-3.png\" alt=\"\u015feker kal\u0131b\u0131 | jel \u015feker kal\u0131b\u0131 fabrikas\u0131\" width=\"888\" height=\"353\" srcset=\"https:\/\/www.jymachinetech.com\/wp-content\/uploads\/2021\/12\/jelly-candy-making-machine-3.png 888w, https:\/\/www.jymachinetech.com\/wp-content\/uploads\/2021\/12\/jelly-candy-making-machine-3-18x7.png 18w, https:\/\/www.jymachinetech.com\/wp-content\/uploads\/2021\/12\/jelly-candy-making-machine-3-600x239.png 600w\" sizes=\"(max-width: 888px) 100vw, 888px\" \/><\/p>\n<h2>3D Jel Kal\u0131p<\/h2>\n<p><img loading=\"lazy\" decoding=\"async\" class=\"alignnone size-full wp-image-1292\" title=\"\u015feker kal\u0131b\u0131 | jel \u015feker kal\u0131b\u0131 fabrikas\u0131\" src=\"https:\/\/www.jymachinetech.com\/wp-content\/uploads\/2021\/12\/jelly-candy-making-machine-7.png\" alt=\"\u015feker kal\u0131b\u0131 | jel \u015feker kal\u0131b\u0131 fabrikas\u0131\" width=\"888\" height=\"317\" srcset=\"https:\/\/www.jymachinetech.com\/wp-content\/uploads\/2021\/12\/jelly-candy-making-machine-7.png 888w, https:\/\/www.jymachinetech.com\/wp-content\/uploads\/2021\/12\/jelly-candy-making-machine-7-18x6.png 18w, https:\/\/www.jymachinetech.com\/wp-content\/uploads\/2021\/12\/jelly-candy-making-machine-7-600x214.png 600w\" sizes=\"(max-width: 888px) 100vw, 888px\" \/><\/p>\n<h2>Uzun Jel Kal\u0131p<\/h2>\n<p><img loading=\"lazy\" decoding=\"async\" class=\"alignnone size-full wp-image-1383\" title=\"\u015feker kal\u0131b\u0131 | jel \u015feker kal\u0131b\u0131 fabrikas\u0131\" src=\"https:\/\/www.jymachinetech.com\/wp-content\/uploads\/2021\/12\/Candy-mold-11.png\" alt=\"\u015feker kal\u0131b\u0131 | jel \u015feker kal\u0131b\u0131 fabrikas\u0131\" width=\"1174\" height=\"524\" srcset=\"https:\/\/www.jymachinetech.com\/wp-content\/uploads\/2021\/12\/Candy-mold-11.png 1174w, https:\/\/www.jymachinetech.com\/wp-content\/uploads\/2021\/12\/Candy-mold-11-18x8.png 18w, https:\/\/www.jymachinetech.com\/wp-content\/uploads\/2021\/12\/Candy-mold-11-600x268.png 600w\" sizes=\"(max-width: 1174px) 100vw, 1174px\" \/><\/p>\n<h2>Ni\u015fasta Jel Kal\u0131p<\/h2>\n<p>Ni\u015fasta kal\u0131p makinemizde kullan\u0131labilir.<\/p>\n<p><img loading=\"lazy\" decoding=\"async\" class=\"alignnone size-full wp-image-1377\" title=\"\u015feker kal\u0131b\u0131 | jel \u015feker kal\u0131b\u0131 fabrikas\u0131\" src=\"https:\/\/www.jymachinetech.com\/wp-content\/uploads\/2021\/12\/Candy-mold-5.png\" alt=\"\u015feker kal\u0131b\u0131 | jel \u015feker kal\u0131b\u0131 fabrikas\u0131\" width=\"438\" height=\"247\" srcset=\"https:\/\/www.jymachinetech.com\/wp-content\/uploads\/2021\/12\/Candy-mold-5.png 438w, https:\/\/www.jymachinetech.com\/wp-content\/uploads\/2021\/12\/Candy-mold-5-18x10.png 18w\" sizes=\"(max-width: 438px) 100vw, 438px\" \/><\/p>\n<p><img loading=\"lazy\" decoding=\"async\" class=\"alignnone size-full wp-image-1384\" title=\"\u015feker kal\u0131b\u0131 | jel \u015feker kal\u0131b\u0131 fabrikas\u0131\" src=\"https:\/\/www.jymachinetech.com\/wp-content\/uploads\/2021\/12\/Candy-mold-12.png\" alt=\"\u015feker kal\u0131b\u0131 | jel \u015feker kal\u0131b\u0131 fabrikas\u0131\" width=\"1180\" height=\"534\" srcset=\"https:\/\/www.jymachinetech.com\/wp-content\/uploads\/2021\/12\/Candy-mold-12.png 1180w, https:\/\/www.jymachinetech.com\/wp-content\/uploads\/2021\/12\/Candy-mold-12-18x8.png 18w, https:\/\/www.jymachinetech.com\/wp-content\/uploads\/2021\/12\/Candy-mold-12-600x272.png 600w\" sizes=\"(max-width: 1180px) 100vw, 1180px\" \/><\/p>\n<p>&nbsp;<\/p>\n<h2>Sert \u015eeker Kal\u0131b\u0131<\/h2>\n<p>Sert \u015feker yap\u0131m makinemizde kullan\u0131labilir.<\/p>\n<p><img loading=\"lazy\" decoding=\"async\" class=\"alignnone size-full wp-image-1385\" title=\"\u015feker kal\u0131b\u0131 | jel \u015feker kal\u0131b\u0131 fabrikas\u0131\" src=\"https:\/\/www.jymachinetech.com\/wp-content\/uploads\/2021\/12\/Candy-mold-13.png\" alt=\"\u015feker kal\u0131b\u0131 | jel \u015feker kal\u0131b\u0131 fabrikas\u0131\" width=\"1280\" height=\"542\" srcset=\"https:\/\/www.jymachinetech.com\/wp-content\/uploads\/2021\/12\/Candy-mold-13.png 1280w, https:\/\/www.jymachinetech.com\/wp-content\/uploads\/2021\/12\/Candy-mold-13-18x8.png 18w, https:\/\/www.jymachinetech.com\/wp-content\/uploads\/2021\/12\/Candy-mold-13-600x254.png 600w\" sizes=\"(max-width: 1280px) 100vw, 1280px\" \/><\/p>\n<p><img loading=\"lazy\" decoding=\"async\" class=\"alignnone size-full wp-image-1386\" title=\"\u015feker kal\u0131b\u0131 | jel \u015feker kal\u0131b\u0131 fabrikas\u0131\" src=\"https:\/\/www.jymachinetech.com\/wp-content\/uploads\/2021\/12\/Candy-mold-14.png\" alt=\"\u015feker kal\u0131b\u0131 | jel \u015feker kal\u0131b\u0131 fabrikas\u0131\" width=\"1188\" height=\"518\" srcset=\"https:\/\/www.jymachinetech.com\/wp-content\/uploads\/2021\/12\/Candy-mold-14.png 1188w, https:\/\/www.jymachinetech.com\/wp-content\/uploads\/2021\/12\/Candy-mold-14-18x8.png 18w, https:\/\/www.jymachinetech.com\/wp-content\/uploads\/2021\/12\/Candy-mold-14-600x262.png 600w\" sizes=\"(max-width: 1188px) 100vw, 1188px\" \/><\/p>\n<h2>Lolipop \u015eeker Kal\u0131b\u0131<\/h2>\n<p>Lolipop yap\u0131m makinemizde kullan\u0131labilir.<\/p>\n<h2>D\u00fcz Lolipop Kal\u0131b\u0131<\/h2>\n<p><img loading=\"lazy\" decoding=\"async\" class=\"alignnone size-full wp-image-1387\" title=\"\u015feker kal\u0131b\u0131 | jel \u015feker kal\u0131b\u0131 fabrikas\u0131\" src=\"https:\/\/www.jymachinetech.com\/wp-content\/uploads\/2021\/12\/Candy-mold-15.png\" alt=\"\u015feker kal\u0131b\u0131 | jel \u015feker kal\u0131b\u0131 fabrikas\u0131\" width=\"1264\" height=\"498\" srcset=\"https:\/\/www.jymachinetech.com\/wp-content\/uploads\/2021\/12\/Candy-mold-15.png 1264w, https:\/\/www.jymachinetech.com\/wp-content\/uploads\/2021\/12\/Candy-mold-15-18x7.png 18w, https:\/\/www.jymachinetech.com\/wp-content\/uploads\/2021\/12\/Candy-mold-15-600x236.png 600w\" sizes=\"(max-width: 1264px) 100vw, 1264px\" \/><\/p>\n<p><img loading=\"lazy\" decoding=\"async\" class=\"alignnone size-full wp-image-1388\" title=\"\u015feker kal\u0131b\u0131 | jel \u015feker kal\u0131b\u0131 fabrikas\u0131\" src=\"https:\/\/www.jymachinetech.com\/wp-content\/uploads\/2021\/12\/Candy-mold-16.png\" alt=\"\u015feker kal\u0131b\u0131 | jel \u015feker kal\u0131b\u0131 fabrikas\u0131\" width=\"1252\" height=\"510\" srcset=\"https:\/\/www.jymachinetech.com\/wp-content\/uploads\/2021\/12\/Candy-mold-16.png 1252w, https:\/\/www.jymachinetech.com\/wp-content\/uploads\/2021\/12\/Candy-mold-16-18x7.png 18w, https:\/\/www.jymachinetech.com\/wp-content\/uploads\/2021\/12\/Candy-mold-16-600x244.png 600w\" sizes=\"(max-width: 1252px) 100vw, 1252px\" \/><\/p>\n<h2>3D Lolipop Kal\u0131b\u0131<\/h2>\n<p><img loading=\"lazy\" decoding=\"async\" class=\"alignnone size-full wp-image-1389\" title=\"\u015feker kal\u0131b\u0131 | jel \u015feker kal\u0131b\u0131 fabrikas\u0131\" src=\"https:\/\/www.jymachinetech.com\/wp-content\/uploads\/2021\/12\/Candy-mold-17.png\" alt=\"\u015feker kal\u0131b\u0131 | jel \u015feker kal\u0131b\u0131 fabrikas\u0131\" width=\"1328\" height=\"530\" srcset=\"https:\/\/www.jymachinetech.com\/wp-content\/uploads\/2021\/12\/Candy-mold-17.png 1328w, https:\/\/www.jymachinetech.com\/wp-content\/uploads\/2021\/12\/Candy-mold-17-18x7.png 18w, https:\/\/www.jymachinetech.com\/wp-content\/uploads\/2021\/12\/Candy-mold-17-600x239.png 600w\" sizes=\"(max-width: 1328px) 100vw, 1328px\" \/><\/p>\n<p><img loading=\"lazy\" decoding=\"async\" class=\"alignnone size-full wp-image-1390\" title=\"\u015feker kal\u0131b\u0131 | jel \u015feker kal\u0131b\u0131 fabrikas\u0131\" src=\"https:\/\/www.jymachinetech.com\/wp-content\/uploads\/2021\/12\/Candy-mold-18.png\" alt=\"\u015feker kal\u0131b\u0131 | jel \u015feker kal\u0131b\u0131 fabrikas\u0131\" width=\"1318\" height=\"530\" srcset=\"https:\/\/www.jymachinetech.com\/wp-content\/uploads\/2021\/12\/Candy-mold-18.png 1318w, https:\/\/www.jymachinetech.com\/wp-content\/uploads\/2021\/12\/Candy-mold-18-18x7.png 18w, https:\/\/www.jymachinetech.com\/wp-content\/uploads\/2021\/12\/Candy-mold-18-600x241.png 600w\" sizes=\"(max-width: 1318px) 100vw, 1318px\" \/><\/p>\n<h2>Toffee \u015eeker Kal\u0131b\u0131<\/h2>\n<p>Toffee \u015feker d\u00f6k\u00fcm hatt\u0131m\u0131zda kullan\u0131labilir.<\/p>\n<p><img loading=\"lazy\" decoding=\"async\" class=\"alignnone size-full wp-image-1391\" title=\"\u015feker kal\u0131b\u0131 | jel \u015feker kal\u0131b\u0131 fabrikas\u0131\" src=\"https:\/\/www.jymachinetech.com\/wp-content\/uploads\/2021\/12\/Candy-mold-19.png\" alt=\"\u015feker kal\u0131b\u0131 | jel \u015feker kal\u0131b\u0131 fabrikas\u0131\" width=\"1242\" height=\"520\" srcset=\"https:\/\/www.jymachinetech.com\/wp-content\/uploads\/2021\/12\/Candy-mold-19.png 1242w, https:\/\/www.jymachinetech.com\/wp-content\/uploads\/2021\/12\/Candy-mold-19-18x8.png 18w, https:\/\/www.jymachinetech.com\/wp-content\/uploads\/2021\/12\/Candy-mold-19-600x251.png 600w\" sizes=\"(max-width: 1242px) 100vw, 1242px\" \/><\/p>\n<p><img loading=\"lazy\" decoding=\"async\" class=\"alignnone size-full wp-image-1392\" title=\"\u015feker kal\u0131b\u0131 | jel \u015feker kal\u0131b\u0131 fabrikas\u0131\" src=\"https:\/\/www.jymachinetech.com\/wp-content\/uploads\/2021\/12\/Candy-mold-20.png\" alt=\"\u015feker kal\u0131b\u0131 | jel \u015feker kal\u0131b\u0131 fabrikas\u0131\" width=\"1278\" height=\"586\" srcset=\"https:\/\/www.jymachinetech.com\/wp-content\/uploads\/2021\/12\/Candy-mold-20.png 1278w, https:\/\/www.jymachinetech.com\/wp-content\/uploads\/2021\/12\/Candy-mold-20-18x8.png 18w, https:\/\/www.jymachinetech.com\/wp-content\/uploads\/2021\/12\/Candy-mold-20-600x275.png 600w\" sizes=\"(max-width: 1278px) 100vw, 1278px\" \/><\/p>\n<section class=\"details\">\n<div class=\"container\">\n<div class=\"row\">\n<div class=\"tab-nav-main\">\n<div id=\"tab-content\" class=\"tab-content\">\n<div id=\"product-detail\" class=\"tab-pane fade in active\" role=\"tabpanel\">\n<div>\u015eeker kal\u0131plar\u0131 indirimde. \u015eeker kal\u0131b\u0131 sa\u011fl\u0131yoruz, ilgili \u00fcr\u00fcnleri g\u00f6zden ge\u00e7irebilir ve web sitemizde dan\u0131\u015fma ba\u015flatabilirsiniz.<\/div>\n<\/div>\n<\/div>\n<\/div>\n<\/div>\n<\/div>\n<\/section>\n<section class=\"relatedpro\">\n<div class=\"container\">\n<div class=\"row\">\n<div class=\"col-xs-12\"><\/div>\n<\/div>\n<\/div>\n<\/section>","protected":false},"excerpt":{"rendered":"<div class=\"content-style\">\n<p>Whatever candy you would like to make, we can provide the various kinds of candy mold for your option.<\/p>\n<ul>\n<li>Customized shape and weight<\/li>\n<li>Aluminum with Teflon coating \/silicon made<\/li>\n<li>Mould size: 380x75mm<\/li>\n<li>2D or 3D molds are available<\/li>\n<\/ul>\n<\/div>","protected":false},"featured_media":4930,"comment_status":"closed","ping_status":"closed","template":"","meta":[],"product_brand":[],"product_cat":[16,98],"product_tag":[],"class_list":{"0":"post-1365","1":"product","2":"type-product","3":"status-publish","4":"has-post-thumbnail","6":"product_cat-candy-machine","7":"product_cat-gummy-candy-machine","9":"first","10":"instock","11":"shipping-taxable","12":"product-type-simple"},"_links":{"self":[{"href":"https:\/\/www.jymachinetech.com\/tr\/wp-json\/wp\/v2\/product\/1365","targetHints":{"allow":["GET"]}}],"collection":[{"href":"https:\/\/www.jymachinetech.com\/tr\/wp-json\/wp\/v2\/product"}],"about":[{"href":"https:\/\/www.jymachinetech.com\/tr\/wp-json\/wp\/v2\/types\/product"}],"replies":[{"embeddable":true,"href":"https:\/\/www.jymachinetech.com\/tr\/wp-json\/wp\/v2\/comments?post=1365"}],"version-history":[{"count":4,"href":"https:\/\/www.jymachinetech.com\/tr\/wp-json\/wp\/v2\/product\/1365\/revisions"}],"predecessor-version":[{"id":7298,"href":"https:\/\/www.jymachinetech.com\/tr\/wp-json\/wp\/v2\/product\/1365\/revisions\/7298"}],"wp:featuredmedia":[{"embeddable":true,"href":"https:\/\/www.jymachinetech.com\/tr\/wp-json\/wp\/v2\/media\/4930"}],"wp:attachment":[{"href":"https:\/\/www.jymachinetech.com\/tr\/wp-json\/wp\/v2\/media?parent=1365"}],"wp:term":[{"taxonomy":"product_brand","embeddable":true,"href":"https:\/\/www.jymachinetech.com\/tr\/wp-json\/wp\/v2\/product_brand?post=1365"},{"taxonomy":"product_cat","embeddable":true,"href":"https:\/\/www.jymachinetech.com\/tr\/wp-json\/wp\/v2\/product_cat?post=1365"},{"taxonomy":"product_tag","embeddable":true,"href":"https:\/\/www.jymachinetech.com\/tr\/wp-json\/wp\/v2\/product_tag?post=1365"}],"curies":[{"name":"wp","href":"https:\/\/api.w.org\/{rel}","templated":true}]}}