{"id":1344,"date":"2021-12-21T08:38:14","date_gmt":"2021-12-21T08:38:14","guid":{"rendered":"https:\/\/www.jymachinetech.com\/?post_type=product&#038;p=1344"},"modified":"2025-07-25T08:43:39","modified_gmt":"2025-07-25T08:43:39","slug":"toffee-candy-depositing-line","status":"publish","type":"product","link":"https:\/\/www.jymachinetech.com\/tr\/product\/toffee-candy-depositing-line\/","title":{"rendered":"Toffee \u015eeker Deposito Hatt\u0131 | Toffee \u015eeker Yap\u0131m Makinesi | Karamel \u015feker makinesi"},"content":{"rendered":"<p>\u015eanghay Junyu size \u015fekerin kar\u0131\u015ft\u0131r\u0131lmas\u0131 ve \u00e7\u00f6z\u00fclmesinden \u015furup i\u015fleme, toffee k\u00fctlesinin pi\u015firilmesi, so\u011futulmas\u0131, toffee \u015fekillendirme, toffee ambalajlama ve paketleme dahil olmak \u00fczere \u00e7e\u015fitli Toffee Yap\u0131m Makineleri sunar, hepsi tek kaynaktan.<\/p>\n<p>\u015eanghay Junyu taraf\u0131ndan tek durak \u00e7\u00f6z\u00fcm buldu\u011funda, Toffee Makinesi \u00dcreticileri arayan bir ki\u015finin daha neye ihtiyac\u0131 olabilir?<\/p>\n<p><iframe title=\"\u015eekerli \u015feker makinesi, toffee yap\u0131c\u0131, dolgu \u015fekerleri yapma makinesi #shorts #toffee\" width=\"800\" height=\"450\" src=\"https:\/\/www.youtube.com\/embed\/wslvhTfhfMA?feature=oembed\" frameborder=\"0\" allow=\"accelerometer; autoplay; clipboard-write; encrypted-media; gyroscope; picture-in-picture; web-share\" referrerpolicy=\"strict-origin-when-cross-origin\" allowfullscreen><\/iframe><\/p>\n<p>Toffee d\u00f6k\u00fcm makinesi olduk\u00e7a basit hale getirilebilir, \u00e7\u00fcnk\u00fc \u015eanghay Junyu uzmanlar\u0131 taraf\u0131ndan desteklenmektedir, sadece toffee yap\u0131m\u0131 i\u00e7in ekipman sunmakla kalmaz, ayn\u0131 zamanda \u00fcretim tesisinizin d\u00fczenini tasarlamada, tarifinizi form\u00fcle etmede ve \u00fcr\u00fcn\u00fcn\u00fcze ve piyasa talebine g\u00f6re ambalaj makinesi t\u00fcr\u00fcne karar vermenizde de yard\u0131mc\u0131 oluruz.<\/p>\n<p><img fetchpriority=\"high\" decoding=\"async\" class=\"alignnone wp-image-4055 size-full\" title=\"Toffee \u015feker d\u00f6k\u00fcm hatt\u0131 | toffee \u015feker yap\u0131m makinesi | karamel \u015feker makinesi\" src=\"https:\/\/www.jymachinetech.com\/wp-content\/uploads\/2021\/12\/Pasted-20-e1670212203886.png\" alt=\"Toffee \u015feker d\u00f6k\u00fcm hatt\u0131 | toffee \u015feker yap\u0131m makinesi | karamel \u015feker makinesi\" width=\"888\" height=\"499\" srcset=\"https:\/\/www.jymachinetech.com\/wp-content\/uploads\/2021\/12\/Pasted-20-e1670212203886.png 888w, https:\/\/www.jymachinetech.com\/wp-content\/uploads\/2021\/12\/Pasted-20-e1670212203886-18x10.png 18w, https:\/\/www.jymachinetech.com\/wp-content\/uploads\/2021\/12\/Pasted-20-e1670212203886-600x337.png 600w\" sizes=\"(max-width: 888px) 100vw, 888px\" \/><\/p>\n<div class=\"table-responsive\">\n<table style=\"width: 100%; height: auto;\" border=\"1\" cellspacing=\"1\" cellpadding=\"1\">\n<tbody>\n<tr>\n<td>cURL Too many subrequests.<\/td>\n<td>JYT-150<\/td>\n<td>JYT-300<\/td>\n<td>JYT-450<\/td>\n<td>JYT-600<\/td>\n<td>JYT-1200<\/td>\n<\/tr>\n<tr>\n<td>kapasite(kg\/saat)<\/td>\n<td>100-150<\/td>\n<td>200-300<\/td>\n<td>350-450<\/td>\n<td>600-1000<\/td>\n<td>1200-2000<\/td>\n<\/tr>\n<\/tbody>\n<\/table>\n<\/div>\n<p>&nbsp;<\/p>\n<h2>Toffee \u015fekerleme d\u00f6k\u00fcm hatt\u0131n\u0131n avantajlar\u0131<\/h2>\n<h2>Toffee \u015fekerleme makinesinin Mutfak Pi\u015firme Sistemi<\/h2>\n<ul>\n<li>Pi\u015firme ve Depolama<\/li>\n<li>Ba\u011f\u0131ms\u0131z kontrol sistemi<\/li>\n<li>S\u0131cakl\u0131k ayar\u0131<\/li>\n<li>Paslanmaz \u00e7elik kaz\u0131y\u0131c\u0131 kar\u0131\u015ft\u0131rma<\/li>\n<li>Dijital ekran<\/li>\n<li>G\u00f6rsel pencere<\/li>\n<li>Pratik bo\u015faltma<\/li>\n<li>H\u0131zl\u0131 montaj ve daha h\u0131zl\u0131 kullan\u0131m<\/li>\n<li>Is\u0131tma i\u00e7in ceketli<\/li>\n<li>Paslanmaz \u00e7elik iskelet, yal\u0131t\u0131ml\u0131 yanlar ve borular<\/li>\n<li>Tam otomasyon sistemi<\/li>\n<li>Pompa ve borular ile transfer<\/li>\n<li>H\u0131zl\u0131 kurulum i\u00e7in mod\u00fclerle\u015ftirme<\/li>\n<\/ul>\n<p><img decoding=\"async\" class=\"alignnone wp-image-4056 size-full\" title=\"Toffee \u015feker d\u00f6k\u00fcm hatt\u0131 | toffee \u015feker yap\u0131m makinesi | karamel \u015feker makinesi\" src=\"https:\/\/www.jymachinetech.com\/wp-content\/uploads\/2021\/12\/Pasted-21-e1670212346351.png\" alt=\"Toffee \u015feker d\u00f6k\u00fcm hatt\u0131 | toffee \u015feker yap\u0131m makinesi | karamel \u015feker makinesi\" width=\"888\" height=\"610\" srcset=\"https:\/\/www.jymachinetech.com\/wp-content\/uploads\/2021\/12\/Pasted-21-e1670212346351.png 888w, https:\/\/www.jymachinetech.com\/wp-content\/uploads\/2021\/12\/Pasted-21-e1670212346351-18x12.png 18w, https:\/\/www.jymachinetech.com\/wp-content\/uploads\/2021\/12\/Pasted-21-e1670212346351-600x412.png 600w\" sizes=\"(max-width: 888px) 100vw, 888px\" \/><\/p>\n<p>&nbsp;<\/p>\n<h2>Toffee K\u00fctle Pi\u015firici<\/h2>\n<ul>\n<li>Daha h\u0131zl\u0131 ve daha do\u011fru karamela elde etmek i\u00e7in iki pi\u015firici sistemi<\/li>\n<li>Buhar ile y\u00fcksek verimli pi\u015firme, Daha az hava kabarc\u0131\u011f\u0131, minimal deformasyon<\/li>\n<li>Pi\u015firme ve karamela ayr\u0131 ve e\u015fzamanl\u0131<\/li>\n<li>Renk, tat, nem ve doku i\u00e7in ba\u011f\u0131ms\u0131z kontrol<\/li>\n<li>Otomatik malzeme besleyici, h\u0131zl\u0131 de\u011fi\u015fim<\/li>\n<li>D\u00fc\u015f\u00fck fire oran\u0131, az insan g\u00fcc\u00fc ve d\u00fc\u015f\u00fck maliyet<\/li>\n<li>Otomatik renk\/tat ekleme<\/li>\n<\/ul>\n<p><img decoding=\"async\" class=\"alignnone wp-image-4058 size-full\" title=\"Toffee \u015feker d\u00f6k\u00fcm hatt\u0131 | toffee \u015feker yap\u0131m makinesi | karamel \u015feker makinesi\" src=\"https:\/\/www.jymachinetech.com\/wp-content\/uploads\/2021\/12\/Pasted-23-e1670212460361.png\" alt=\"Toffee \u015feker d\u00f6k\u00fcm hatt\u0131 | toffee \u015feker yap\u0131m makinesi | karamel \u015feker makinesi\" width=\"888\" height=\"596\" srcset=\"https:\/\/www.jymachinetech.com\/wp-content\/uploads\/2021\/12\/Pasted-23-e1670212460361.png 888w, https:\/\/www.jymachinetech.com\/wp-content\/uploads\/2021\/12\/Pasted-23-e1670212460361-18x12.png 18w, https:\/\/www.jymachinetech.com\/wp-content\/uploads\/2021\/12\/Pasted-23-e1670212460361-600x403.png 600w\" sizes=\"(max-width: 888px) 100vw, 888px\" \/><\/p>\n<h2>Toffee \u015eeker D\u00f6kme Makinesi<\/h2>\n<ul>\n<li>Y\u00fczeyler su ge\u00e7irmez ve buzlu, servis \u00f6mr\u00fcn\u00fc uzat\u0131r ve GMP standard\u0131na uygundur<\/li>\n<li>Tam olarak tan\u0131mlanm\u0131\u015f \u015feritler veya katmanlar.<\/li>\n<li>Y\u00fcksek hassasiyetli d\u00f6k\u00fcm, sapma yok<\/li>\n<li>Daha viskoz form\u00fcller i\u00e7in yumu\u015fak silikon kal\u0131plar.<\/li>\n<li>Daha hassas s\u0131cakl\u0131k kontrol\u00fc i\u00e7in ba\u011f\u0131ms\u0131z so\u011futma sistemi.<\/li>\n<li>S\u00fcrekli ve hassas d\u00f6k\u00fcm, daha az hava kabarc\u0131\u011f\u0131 ve parlama<\/li>\n<li>Otomatik y\u0131kama fonksiyonu, tek hatl\u0131 temizleme sistemi yak\u0131n yap\u0131da, alan tasarrufu sa\u011flar.<\/li>\n<\/ul>\n<p><img loading=\"lazy\" decoding=\"async\" class=\"alignnone wp-image-4060 size-full\" title=\"Toffee \u015feker d\u00f6k\u00fcm hatt\u0131 | toffee \u015feker yap\u0131m makinesi | karamel \u015feker makinesi\" src=\"https:\/\/www.jymachinetech.com\/wp-content\/uploads\/2021\/12\/Pasted-25-e1670212624994.png\" alt=\"Toffee \u015feker d\u00f6k\u00fcm hatt\u0131 | toffee \u015feker yap\u0131m makinesi | karamel \u015feker makinesi\" width=\"888\" height=\"435\" srcset=\"https:\/\/www.jymachinetech.com\/wp-content\/uploads\/2021\/12\/Pasted-25-e1670212624994.png 888w, https:\/\/www.jymachinetech.com\/wp-content\/uploads\/2021\/12\/Pasted-25-e1670212624994-18x9.png 18w, https:\/\/www.jymachinetech.com\/wp-content\/uploads\/2021\/12\/Pasted-25-e1670212624994-600x294.png 600w\" sizes=\"(max-width: 888px) 100vw, 888px\" \/><\/p>\n<p><img loading=\"lazy\" decoding=\"async\" class=\"alignnone wp-image-4061 size-full\" title=\"Toffee \u015feker d\u00f6k\u00fcm hatt\u0131 | toffee \u015feker yap\u0131m makinesi | karamel \u015feker makinesi\" src=\"https:\/\/www.jymachinetech.com\/wp-content\/uploads\/2021\/12\/Pasted-26-e1670212649961.png\" alt=\"Toffee \u015feker d\u00f6k\u00fcm hatt\u0131 | toffee \u015feker yap\u0131m makinesi | karamel \u015feker makinesi\" width=\"888\" height=\"414\" srcset=\"https:\/\/www.jymachinetech.com\/wp-content\/uploads\/2021\/12\/Pasted-26-e1670212649961.png 888w, https:\/\/www.jymachinetech.com\/wp-content\/uploads\/2021\/12\/Pasted-26-e1670212649961-18x8.png 18w, https:\/\/www.jymachinetech.com\/wp-content\/uploads\/2021\/12\/Pasted-26-e1670212649961-600x280.png 600w\" sizes=\"(max-width: 888px) 100vw, 888px\" \/><\/p>\n<h2>Otomatik Kal\u0131p \u00c7\u0131karma Sistemi<\/h2>\n<p><img loading=\"lazy\" decoding=\"async\" class=\"alignnone wp-image-4063 size-full\" title=\"Toffee \u015feker d\u00f6k\u00fcm hatt\u0131 | toffee \u015feker yap\u0131m makinesi | karamel \u015feker makinesi\" src=\"https:\/\/www.jymachinetech.com\/wp-content\/uploads\/2021\/12\/Pasted-28-e1670212735584.png\" alt=\"Toffee \u015feker d\u00f6k\u00fcm hatt\u0131 | toffee \u015feker yap\u0131m makinesi | karamel \u015feker makinesi\" width=\"888\" height=\"440\" srcset=\"https:\/\/www.jymachinetech.com\/wp-content\/uploads\/2021\/12\/Pasted-28-e1670212735584.png 888w, https:\/\/www.jymachinetech.com\/wp-content\/uploads\/2021\/12\/Pasted-28-e1670212735584-18x9.png 18w, https:\/\/www.jymachinetech.com\/wp-content\/uploads\/2021\/12\/Pasted-28-e1670212735584-600x297.png 600w\" sizes=\"(max-width: 888px) 100vw, 888px\" \/><\/p>\n<h2>cURL Too many subrequests.<\/h2>\n<p><img loading=\"lazy\" decoding=\"async\" class=\"alignnone wp-image-4065 size-full\" title=\"Toffee \u015feker d\u00f6k\u00fcm hatt\u0131 | toffee \u015feker yap\u0131m makinesi | karamel \u015feker makinesi\" src=\"https:\/\/www.jymachinetech.com\/wp-content\/uploads\/2021\/12\/Pasted-30-e1670212805697.png\" alt=\"Toffee \u015feker d\u00f6k\u00fcm hatt\u0131 | toffee \u015feker yap\u0131m makinesi | karamel \u015feker makinesi\" width=\"888\" height=\"420\" srcset=\"https:\/\/www.jymachinetech.com\/wp-content\/uploads\/2021\/12\/Pasted-30-e1670212805697.png 888w, https:\/\/www.jymachinetech.com\/wp-content\/uploads\/2021\/12\/Pasted-30-e1670212805697-18x9.png 18w, https:\/\/www.jymachinetech.com\/wp-content\/uploads\/2021\/12\/Pasted-30-e1670212805697-600x284.png 600w\" sizes=\"(max-width: 888px) 100vw, 888px\" \/><\/p>\n<h2>\u015eeker Kal\u0131b\u0131<\/h2>\n<p><img loading=\"lazy\" decoding=\"async\" width=\"998\" height=\"551\" class=\"alignnone wp-image-4067 size-full\" title=\"Toffee \u015feker d\u00f6k\u00fcm hatt\u0131 | toffee \u015feker yap\u0131m makinesi | karamel \u015feker makinesi\" src=\"https:\/\/www.jymachinetech.com\/wp-content\/uploads\/2021\/12\/Pasted-32.png\" alt=\"Toffee \u015feker d\u00f6k\u00fcm hatt\u0131 | toffee \u015feker yap\u0131m makinesi | karamel \u015feker makinesi\" srcset=\"https:\/\/www.jymachinetech.com\/wp-content\/uploads\/2021\/12\/Pasted-32.png 998w, https:\/\/www.jymachinetech.com\/wp-content\/uploads\/2021\/12\/Pasted-32-18x10.png 18w, https:\/\/www.jymachinetech.com\/wp-content\/uploads\/2021\/12\/Pasted-32-600x331.png 600w\" sizes=\"(max-width: 998px) 100vw, 998px\" \/><\/p>\n<p><img loading=\"lazy\" decoding=\"async\" width=\"949\" height=\"477\" class=\"alignnone wp-image-4069 size-full\" title=\"Toffee \u015feker d\u00f6k\u00fcm hatt\u0131 | toffee \u015feker yap\u0131m makinesi | karamel \u015feker makinesi\" src=\"https:\/\/www.jymachinetech.com\/wp-content\/uploads\/2021\/12\/Pasted-34.png\" alt=\"Toffee \u015feker d\u00f6k\u00fcm hatt\u0131 | toffee \u015feker yap\u0131m makinesi | karamel \u015feker makinesi\" srcset=\"https:\/\/www.jymachinetech.com\/wp-content\/uploads\/2021\/12\/Pasted-34.png 949w, https:\/\/www.jymachinetech.com\/wp-content\/uploads\/2021\/12\/Pasted-34-18x9.png 18w, https:\/\/www.jymachinetech.com\/wp-content\/uploads\/2021\/12\/Pasted-34-600x302.png 600w\" sizes=\"(max-width: 949px) 100vw, 949px\" \/><\/p>\n<p><img loading=\"lazy\" decoding=\"async\" width=\"939\" height=\"491\" class=\"alignnone wp-image-4072 size-full\" title=\"Toffee \u015feker d\u00f6k\u00fcm hatt\u0131 | toffee \u015feker yap\u0131m makinesi | karamel \u015feker makinesi\" src=\"https:\/\/www.jymachinetech.com\/wp-content\/uploads\/2021\/12\/Pasted-37.png\" alt=\"Toffee \u015feker d\u00f6k\u00fcm hatt\u0131 | toffee \u015feker yap\u0131m makinesi | karamel \u015feker makinesi\" srcset=\"https:\/\/www.jymachinetech.com\/wp-content\/uploads\/2021\/12\/Pasted-37.png 939w, https:\/\/www.jymachinetech.com\/wp-content\/uploads\/2021\/12\/Pasted-37-18x9.png 18w, https:\/\/www.jymachinetech.com\/wp-content\/uploads\/2021\/12\/Pasted-37-600x314.png 600w\" sizes=\"(max-width: 939px) 100vw, 939px\" \/><\/p>\n<p>&nbsp;<\/p>\n<h2>Hangi t\u00fcr toffee \u015feker \u00fcretmek istersiniz?<\/h2>\n<p><img loading=\"lazy\" decoding=\"async\" width=\"1009\" height=\"391\" class=\"alignnone wp-image-4074 size-full\" title=\"Toffee \u015feker d\u00f6k\u00fcm hatt\u0131 | toffee \u015feker yap\u0131m makinesi | karamel \u015feker makinesi\" src=\"https:\/\/www.jymachinetech.com\/wp-content\/uploads\/2021\/12\/Pasted-39.png\" alt=\"Toffee \u015feker d\u00f6k\u00fcm hatt\u0131 | toffee \u015feker yap\u0131m makinesi | karamel \u015feker makinesi\" srcset=\"https:\/\/www.jymachinetech.com\/wp-content\/uploads\/2021\/12\/Pasted-39.png 1009w, https:\/\/www.jymachinetech.com\/wp-content\/uploads\/2021\/12\/Pasted-39-18x7.png 18w, https:\/\/www.jymachinetech.com\/wp-content\/uploads\/2021\/12\/Pasted-39-600x233.png 600w\" sizes=\"(max-width: 1009px) 100vw, 1009px\" \/><\/p>\n<h2>Hangi t\u00fcr paket ihtiyac\u0131n\u0131z var?<\/h2>\n<p>\u0130\u015fte size baz\u0131 \u015feker ambalaj makineleri referans\u0131n\u0131z i\u00e7in<\/p>\n<h2>Yast\u0131k tipi ambalaj makinesi<\/h2>\n<p><img loading=\"lazy\" decoding=\"async\" class=\"alignnone wp-image-4075 size-full\" title=\"Toffee \u015feker d\u00f6k\u00fcm hatt\u0131 | toffee \u015feker yap\u0131m makinesi | karamel \u015feker makinesi\" src=\"https:\/\/www.jymachinetech.com\/wp-content\/uploads\/2021\/12\/Pasted-40.png\" alt=\"Toffee \u015feker d\u00f6k\u00fcm hatt\u0131 | toffee \u015feker yap\u0131m makinesi | karamel \u015feker makinesi\" width=\"960\" height=\"725\" srcset=\"https:\/\/www.jymachinetech.com\/wp-content\/uploads\/2021\/12\/Pasted-40.png 960w, https:\/\/www.jymachinetech.com\/wp-content\/uploads\/2021\/12\/Pasted-40-16x12.png 16w, https:\/\/www.jymachinetech.com\/wp-content\/uploads\/2021\/12\/Pasted-40-600x453.png 600w\" sizes=\"(max-width: 960px) 100vw, 960px\" \/><\/p>\n<h2>\u00c7ift burmal\u0131 ambalaj makinesi<\/h2>\n<p><img loading=\"lazy\" decoding=\"async\" class=\"alignnone wp-image-4076 size-full\" title=\"Toffee \u015feker d\u00f6k\u00fcm hatt\u0131 | toffee \u015feker yap\u0131m makinesi | karamel \u015feker makinesi\" src=\"https:\/\/www.jymachinetech.com\/wp-content\/uploads\/2021\/12\/Pasted-41.png\" alt=\"Toffee \u015feker d\u00f6k\u00fcm hatt\u0131 | toffee \u015feker yap\u0131m makinesi | karamel \u015feker makinesi\" width=\"905\" height=\"653\" srcset=\"https:\/\/www.jymachinetech.com\/wp-content\/uploads\/2021\/12\/Pasted-41.png 905w, https:\/\/www.jymachinetech.com\/wp-content\/uploads\/2021\/12\/Pasted-41-18x12.png 18w, https:\/\/www.jymachinetech.com\/wp-content\/uploads\/2021\/12\/Pasted-41-600x433.png 600w\" sizes=\"(max-width: 905px) 100vw, 905px\" \/><\/p>\n<h2>\u015eekerleme tarifi hakk\u0131nda endi\u015feli misin?<\/h2>\n<p><img loading=\"lazy\" decoding=\"async\" width=\"893\" height=\"688\" class=\"alignnone wp-image-4078 size-full\" title=\"Toffee \u015feker d\u00f6k\u00fcm hatt\u0131 | toffee \u015feker yap\u0131m makinesi | karamel \u015feker makinesi\" src=\"https:\/\/www.jymachinetech.com\/wp-content\/uploads\/2021\/12\/Pasted-43.png\" alt=\"Toffee \u015feker d\u00f6k\u00fcm hatt\u0131 | toffee \u015feker yap\u0131m makinesi | karamel \u015feker makinesi\" srcset=\"https:\/\/www.jymachinetech.com\/wp-content\/uploads\/2021\/12\/Pasted-43.png 893w, https:\/\/www.jymachinetech.com\/wp-content\/uploads\/2021\/12\/Pasted-43-16x12.png 16w, https:\/\/www.jymachinetech.com\/wp-content\/uploads\/2021\/12\/Pasted-43-600x462.png 600w\" sizes=\"(max-width: 893px) 100vw, 893px\" \/><\/p>\n<h2><\/h2>\n<h2><strong><b>Daha fazla RFQ hakk\u0131nda <\/b><\/strong><strong><b>\u015fekerleme d\u00f6k\u00fcm\u00fc<\/b><\/strong><strong><b>\u00a0machine<\/b><\/strong><\/h2>\n<p>S: Ka\u00e7 \u00e7e\u015fit <a href=\"https:\/\/www.jymachinetech.com\/tr\/top-benefits-of-using-a-candy-manufacturing-machine-for-your-business\/\" title=\"Bir \u015eeker \u00dcretim Makinesi Kullanman\u0131n \u0130\u015fletmeniz \u0130\u00e7in En B\u00fcy\u00fck Faydalar\u0131\"  data-wpil-monitor-id=\"56\" target=\"_blank\">\u015fekerleme bu makine<\/a> yapabilir?<\/p>\n<p>C: Tek renkli, merkezi dolgulu veya lolipop gibi karamela \u00fcr\u00fcnleri yapabilir.<\/p>\n<p>S: Bu makinede \u00e7ikolata da yapabilir miyim?<\/p>\n<p>C: Hay\u0131r, bu bizim standart <a href=\"https:\/\/www.jymachinetech.com\/tr\/beginners-guide-using-gummy-candy-machine-homemade-gummies\/\" title=\"J\u00f6le \u015eeker Makinesi Kullan\u0131m\u0131 i\u00e7in Ba\u015flang\u0131\u00e7 Rehberi\"  data-wpil-monitor-id=\"62\" target=\"_blank\">\u015fekerleme yapma makinemizdir<\/a>.<\/p>\n<p>S: Bir saatte ka\u00e7 adet yapabilirsiniz?<\/p>\n<p>C: Bir saatte en az 21600 adet.<\/p>\n<p>S: Ne kadar kapasiteli \u015fekerleme makinesine ihtiyac\u0131n\u0131z var?<\/p>\n<p>C: Normalde saatte 40-2000 kg kapasite sa\u011flayabiliriz.<\/p>\n<p>S: Makinenizin yapabilece\u011fi \u015fekerleme \u015fekli ve boyutu nedir?<\/p>\n<p>C: \u0130htiyac\u0131n\u0131z olan her t\u00fcrl\u00fc \u015fekerlemeyi, size \u00f6zel \u015fekil ve boyutta sa\u011flayabiliriz.<\/p>\n<p>S: Hangi \u0131s\u0131tma? Elektrikli \u0131s\u0131tma m\u0131 yoksa buharl\u0131 \u0131s\u0131tma m\u0131?<\/p>\n<p>C: M\u00fc\u015fterinin ortam\u0131na g\u00f6re elektrikli \u0131s\u0131tma veya buharl\u0131 \u0131s\u0131tma sa\u011flayabiliriz.<\/p>\n<h2><strong><span lang=\"EN-US\">Neden Bizden Makine Almal\u0131s\u0131n\u0131z \u2013 \u00dcretici<\/span><\/strong><\/h2>\n<ul>\n<li value=\"50\"><b><span lang=\"EN-US\">Ger\u00e7ek f<\/span><\/b><b><span lang=\"EN-US\">fabrika<\/span><\/b><b><span lang=\"EN-US\">\u00a0ticaret \u015firketi de\u011fil<\/span><\/b><\/li>\n<\/ul>\n<p><span lang=\"EN-US\">\u00a0 \u00a0 \u00a0 \u00a0Sizinle bir fabrika turu yapal\u0131m m\u0131?<\/span><\/p>\n<ul>\n<li value=\"50\"><b><span lang=\"EN-US\">Profesyonel<\/span><\/b><\/li>\n<\/ul>\n<p><span lang=\"EN-US\">\u00a0 \u00a0 \u00a0 \u00a0Fabrikam\u0131z 40'tan fazla makine \u00fcretim deneyimine sahiptir.<br \/>\n12 tasar\u0131mc\u0131 ve 20 profesyonel m\u00fchendis bulunmaktad\u0131r ve size her zaman ve her yerde teknik destek sunabilirler.<\/span><\/p>\n<ul>\n<li value=\"50\"><b><span lang=\"EN-US\">G\u00fcvenilirlik<\/span><\/b><\/li>\n<\/ul>\n<p><span lang=\"EN-US\">\u00a0 \u00a0 \u00a0 Modern fabrika 200'den fazla i\u015f\u00e7iye sahiptir.<br \/>\nS\u0131k\u0131 kalite kontrol sistemi, geli\u015fmi\u015f Alman standard\u0131<br \/>\n\u0130\u015fleme CNC merkezi, her makinenin detay\u0131n\u0131 hassas teknolojiyle i\u015flemek i\u00e7in sa\u011flar. Profesyonel m\u00fchendis ekibi, ihtiyac\u0131n\u0131za g\u00f6re en iyi plan\u0131 sunar.<\/span><\/p>\n<ul>\n<li value=\"50\"><b><span lang=\"EN-US\">Y\u00fcksek Kaliteli Makineler<\/span><\/b><\/li>\n<\/ul>\n<p><span lang=\"EN-US\">\u00a0 \u00a0 \u00a0 T\u00fcm makineler GMP standard\u0131ndaki fabrikada \u00fcretilmi\u015ftir<\/span><br \/>\n<span lang=\"EN-US\">\u00a0 \u00a0 \u00a0 Makinenin hassasiyetini korumak i\u00e7in CNC merkezi kullan\u0131yoruz<\/span><br \/>\n<span lang=\"EN-US\">\u00a0 \u00a0 \u00a0 T\u00fcm makineler SUS304 ve kumlama y\u00fczey kaplama i\u015flemi kullan\u0131r<\/span><\/p>\n<p>&nbsp;<\/p>\n<h2><strong><span lang=\"EN-US\">Sizin i\u00e7in yapabileceklerimiz<\/span><\/strong><\/h2>\n<ul>\n<li value=\"50\"><span lang=\"EN-US\">Fabrika yerle\u015fimi<\/span><\/li>\n<li><span lang=\"EN-US\">3D tasar\u0131m ve proje plan\u0131<\/span><\/li>\n<li value=\"50\"><span lang=\"EN-US\">\u00d6zelle\u015ftirilmi\u015f \u015fekil tasar\u0131m\u0131<\/span><\/li>\n<li><span lang=\"EN-US\">\u015eeker \u015fekeri form\u00fcl\u00fc<\/span><\/li>\n<\/ul>","protected":false},"excerpt":{"rendered":"<p>High quality toffee &amp; caramel production can be made by fully automatic servo driven PLC controlled depositing line in an assortment of shape and color include addes-value center filling such as chocolate,jam etc.<br \/>\nThis line mainly consists of auto weighing and mixing system(can be optional),pressure dissolving system,toffee candy cooker,depositor and cooling tunnel and adopt the advances servo system to control the processing.<\/p>","protected":false},"featured_media":1349,"comment_status":"open","ping_status":"closed","template":"","meta":[],"product_brand":[],"product_cat":[16,102],"product_tag":[141,142,143],"class_list":{"0":"post-1344","1":"product","2":"type-product","3":"status-publish","4":"has-post-thumbnail","6":"product_cat-candy-machine","7":"product_cat-toffee-candy-machine","8":"product_tag-hard-candy-machine","9":"product_tag-hard-candy-production-line","10":"product_tag-toffee-candy-machine","12":"first","13":"instock","14":"shipping-taxable","15":"product-type-simple"},"_links":{"self":[{"href":"https:\/\/www.jymachinetech.com\/tr\/wp-json\/wp\/v2\/product\/1344","targetHints":{"allow":["GET"]}}],"collection":[{"href":"https:\/\/www.jymachinetech.com\/tr\/wp-json\/wp\/v2\/product"}],"about":[{"href":"https:\/\/www.jymachinetech.com\/tr\/wp-json\/wp\/v2\/types\/product"}],"replies":[{"embeddable":true,"href":"https:\/\/www.jymachinetech.com\/tr\/wp-json\/wp\/v2\/comments?post=1344"}],"version-history":[{"count":3,"href":"https:\/\/www.jymachinetech.com\/tr\/wp-json\/wp\/v2\/product\/1344\/revisions"}],"predecessor-version":[{"id":7286,"href":"https:\/\/www.jymachinetech.com\/tr\/wp-json\/wp\/v2\/product\/1344\/revisions\/7286"}],"wp:featuredmedia":[{"embeddable":true,"href":"https:\/\/www.jymachinetech.com\/tr\/wp-json\/wp\/v2\/media\/1349"}],"wp:attachment":[{"href":"https:\/\/www.jymachinetech.com\/tr\/wp-json\/wp\/v2\/media?parent=1344"}],"wp:term":[{"taxonomy":"product_brand","embeddable":true,"href":"https:\/\/www.jymachinetech.com\/tr\/wp-json\/wp\/v2\/product_brand?post=1344"},{"taxonomy":"product_cat","embeddable":true,"href":"https:\/\/www.jymachinetech.com\/tr\/wp-json\/wp\/v2\/product_cat?post=1344"},{"taxonomy":"product_tag","embeddable":true,"href":"https:\/\/www.jymachinetech.com\/tr\/wp-json\/wp\/v2\/product_tag?post=1344"}],"curies":[{"name":"wp","href":"https:\/\/api.w.org\/{rel}","templated":true}]}}