{"id":1228,"date":"2021-12-21T07:04:18","date_gmt":"2021-12-21T07:04:18","guid":{"rendered":"https:\/\/www.jymachinetech.com\/?post_type=product&#038;p=1228"},"modified":"2025-07-25T08:44:19","modified_gmt":"2025-07-25T08:44:19","slug":"mini-candy-depositor","status":"publish","type":"product","link":"https:\/\/www.jymachinetech.com\/tr\/product\/mini-candy-depositor\/","title":{"rendered":"Mini \u015eeker Depositor: 10-24 kg\/saat 12 kg\/saat 2-8 g"},"content":{"rendered":"<h2>Mini \u015eeker Depositor: K\u00fc\u00e7\u00fck \u00d6l\u00e7ekli Operasyonlar \u0130\u00e7in \u00c7ok Y\u00f6nl\u00fc ve Kompakt \u015eeker \u00dcretimi<\/h2>\n<p><strong>\u00dcr\u00fcn Genel Bak\u0131\u015f:<\/strong> Mini \u015eeker Depositor, k\u00fc\u00e7\u00fck \u00f6l\u00e7ekli \u015feker \u00fcretimi i\u00e7in ideal bir \u00e7\u00f6z\u00fcmd\u00fcr, at\u00f6lyeler, laboratuvarlar ve giri\u015fimler i\u00e7in m\u00fckemmeldir. Bu makine, yumu\u015faktan serte, tek veya \u00e7ok renkli \u00e7e\u015fitli \u015fekerler yaratma esnekli\u011fi sunar ve numune testleri ile k\u00fc\u00e7\u00fck parti \u00fcretimi i\u00e7in pop\u00fcler bir tercihtir.<\/p>\n<p><iframe title=\"Mini jelibon \u015feker d\u00f6k\u00fcc\u00fc k\u00fc\u00e7\u00fck \u015feker makinesi yar\u0131 otomatik makine # k\u0131sa\" width=\"800\" height=\"600\" src=\"https:\/\/www.youtube.com\/embed\/ZoZOCBZR4Y4?feature=oembed\" frameborder=\"0\" allow=\"accelerometer; autoplay; clipboard-write; encrypted-media; gyroscope; picture-in-picture; web-share\" referrerpolicy=\"strict-origin-when-cross-origin\" allowfullscreen><\/iframe><\/p>\n<h2><strong>Key Features &amp; Benefits:<\/strong><\/h2>\n<ul>\n<li><strong>Versatility:<\/strong>\u00a0Gummy, sert, lolipop, karamelli ve s\u00fctl\u00fc \u015fekerler dahil olmak \u00fczere her t\u00fcrl\u00fc \u015feker \u00fcretme kapasitesine sahiptir.<\/li>\n<li><strong>Kullan\u0131c\u0131 Aray\u00fcz\u00fc:<\/strong>\u00a0Kolay kullan\u0131m ve se\u00e7im i\u00e7in ayak paneli veya dokunmatik ekran ile donat\u0131lm\u0131\u015ft\u0131r.<\/li>\n<li><strong>Bak\u0131m Kolayl\u0131\u011f\u0131:<\/strong>\u00a0Kolay temizleme ve bo\u015faltma i\u00e7in tasarlanm\u0131\u015f, ar\u0131za s\u00fcresini azalt\u0131r.<\/li>\n<li><strong>Y\u00fcksek \u00dcretim Hacmi:<\/strong>\u00a0Her at\u0131\u015fta maksimum 24 par\u00e7a \u00fcretim, operat\u00f6re ba\u011fl\u0131 olarak saatte 14400 par\u00e7aya kadar \u00e7\u0131kabilir.<\/li>\n<li><strong>Renk Se\u00e7enekleri:<\/strong>\u00a0Tek veya \u00e7ift renkli \u015fekerler veya dolgular i\u00e7in uygundur, yarat\u0131c\u0131 \u00f6zg\u00fcrl\u00fck sunar.<\/li>\n<li><strong>Kompakt Tasar\u0131m:<\/strong>\u00a0Alan tasarrufu sa\u011flayan ve stabil performans i\u00e7in kompakt yap\u0131 \u00f6zellikleri ta\u015f\u0131r.<\/li>\n<li><strong>G\u00fcvenlik ve Stabilite:<\/strong>\u00a0Kullan\u0131c\u0131 dostu aray\u00fcz ile g\u00fcvenli ve stabil \u00e7al\u0131\u015fma sa\u011flar.<\/li>\n<\/ul>\n<h2><strong>Teknik \u00d6zellikler:<\/strong><\/h2>\n<ul>\n<li><strong>Model JY24:<\/strong>\u00a0Saatte 10-24 kg \u00fcretim kapasitesi, maksimum \u015feker a\u011f\u0131rl\u0131\u011f\u0131 2-8 g veya \u00f6zelle\u015ftirilebilir.<\/li>\n<li><strong>Model JY24-D:<\/strong>\u00a0Saatte 12 kg \u00fcretim kapasitesi, maksimum \u015feker a\u011f\u0131rl\u0131\u011f\u0131 2-8 g veya \u00f6zelle\u015ftirilebilir.<\/li>\n<\/ul>\n<h2><strong>Applications:<\/strong><\/h2>\n<ul>\n<li>K\u00fc\u00e7\u00fck \u00f6l\u00e7ekli \u00fcretim, laboratuvar testi ve \u00f6zelle\u015ftirilmi\u015f \u015feker \u015fekilleri ve boyutlar\u0131 olu\u015fturmak i\u00e7in idealdir.<\/li>\n<\/ul>\n<h2><strong>M\u00fc\u015fteri Deste\u011fi ve Hizmetleri:<\/strong><\/h2>\n<ul>\n<li><strong>\u00d6zelle\u015ftirme Hizmetleri:<\/strong>\u00a0\u00d6zelle\u015ftirilmi\u015f \u015fekil tasar\u0131m\u0131 ve \u015feker form\u00fclleri, \u00f6zel ihtiya\u00e7lar\u0131n\u0131za g\u00f6re sunuyoruz.<\/li>\n<li><strong>Proje Deste\u011fi:<\/strong>\u00a0Fabrika d\u00fczeni, 3D tasar\u0131m ve proje planlama hizmetleri sa\u011flar.<\/li>\n<li><strong>Professional Consultation:<\/strong>\u00a0Uzman ekibimiz, kar\u015f\u0131la\u015fabilece\u011finiz her t\u00fcrl\u00fc soru ve zorlukta yard\u0131mc\u0131 olmaya haz\u0131rd\u0131r.<\/li>\n<\/ul>\n<h2><strong>SSS:<\/strong><\/h2>\n<p><strong><a href=\"https:\/\/www.jymachinetech.com\/tr\/top-candy-gummy-counter-machine-for-efficient-counting-and-packaging\/\" title=\"Verimli Say\u0131m ve Paketleme \u0130\u00e7in En \u0130yi \u015eekerli J\u00f6le Makinesi\"  data-wpil-monitor-id=\"39\" target=\"_blank\">Q:<\/a> Bu makine hangi t\u00fcr \u015fekerler yapabilir?<\/strong> A: Makine, jelibon \u015feker, sert \u015feker, lolipop \u015feker, karamelli \u015feker, s\u00fctl\u00fc \u015feker ve daha fazlas\u0131n\u0131 \u00fcretebilir.<\/p>\n<p><strong>Q: Makine \u00e7ikolata da yapabilir mi?<\/strong> A: Bu standart <a href=\"https:\/\/www.jymachinetech.com\/tr\/top-machine-gummy-candy-solutions-for-efficient-production\/\" title=\"Verimli \u00dcretim \u0130\u00e7in En \u0130yi Jel \u015eekerli \u015eekerleme \u00c7\u00f6z\u00fcmleri\"  data-wpil-monitor-id=\"74\" target=\"_blank\">makine \u00f6zellikle \u015feker \u00fcretimi i\u00e7in tasarlanm\u0131\u015ft\u0131r<\/a>, \u00e7ikolata i\u00e7in de\u011fil.<\/p>\n<p><strong>Q: Saatlik \u00fcretim kapasitesi nedir?<\/strong> A: Makine, operat\u00f6r\u00fcn verimlili\u011fine ba\u011fl\u0131 olarak en az 14400 adet \u00fcretebilir.<\/p>\n<p><strong>Q: Otomatik makine hatt\u0131n\u0131n kapasite aral\u0131\u011f\u0131 nedir?<\/strong> A: Otomatik makine hatlar\u0131 i\u00e7in saatlik 80-2000 kg aras\u0131nda kapasiteler sunuyoruz, mini \u015feker makinesi ise 10-30 kg\/saat uygundur.<\/p>\n<p><strong>Q: Makine \u00f6zelle\u015ftirilmi\u015f \u015feker \u015fekilleri ve boyutlar\u0131 olu\u015fturabilir mi?<\/strong> A: Evet, ihtiya\u00e7lar\u0131n\u0131za g\u00f6re \u00f6zelle\u015ftirilmi\u015f \u015fekil ve boyutlar sa\u011flayabiliriz.<\/p>\n<p><strong>Q: Jelibon \u015fekerler i\u00e7in hangi sak\u0131z bazlar\u0131 kullan\u0131labilir?<\/strong> A: \u0130\u015fleme, pektin, jelatin veya karrageenan gibi hammaddelere g\u00f6re de\u011fi\u015fir.<\/p>\n<p><strong>Q: Hangi \u0131s\u0131tma se\u00e7enekleri mevcuttur?<\/strong> A: \u00c7evrenize uygun hem elektrikli \u0131s\u0131tma hem de buhar \u0131s\u0131tma se\u00e7enekleri sunuyoruz.<\/p>\n<h2><strong>Mini \u015eeker D\u00f6k\u00fcc\u00fc'mizi Neden Tercih Etmelisiniz:<\/strong><\/h2>\n<ul>\n<li><strong>Ger\u00e7ek Fabrika Deneyimi:<\/strong>\u00a040 y\u0131l\u0131 a\u015fk\u0131n deneyime sahip ger\u00e7ek bir \u00fcretim tesisiyiz.<\/li>\n<li><strong>Profesyonel Ekip:<\/strong>\u00a0Fabrikam\u0131z, d\u00fcnya \u00e7ap\u0131nda desteklemek i\u00e7in 12 tasar\u0131mc\u0131 ve 20 profesyonel m\u00fchendis istihdam etmektedir.<\/li>\n<li><strong>G\u00fcvenilirlik:<\/strong>\u00a0200'den fazla i\u015f\u00e7iyle modern bir fabrikam\u0131z, s\u0131k\u0131 kalite kontrol\u00fc ve Alman \u00fcretim standartlar\u0131na uyum sa\u011flayarak her makinede hassasiyet sa\u011fl\u0131yoruz.<\/li>\n<li><strong>Y\u00fcksek Kaliteli Makineler:<\/strong>\u00a0T\u00fcm makineler GMP standard\u0131ndaki fabrikada, SUS304 malzemeler ve dayan\u0131kl\u0131l\u0131k i\u00e7in kumlama y\u00fczey kaplamas\u0131 kullan\u0131larak \u00fcretilmi\u015ftir.<\/li>\n<\/ul>\n<p><strong>Get a Quote Now:<\/strong> Ki\u015fiselle\u015ftirilmi\u015f fiyatland\u0131rma ve Mini \u015eeker D\u00f6k\u00fcc\u00fc'mizin \u015feker \u00fcretim kapasitenizi nas\u0131l art\u0131rabilece\u011fi hakk\u0131nda daha fazla bilgi almak i\u00e7in bug\u00fcn bizimle ileti\u015fime ge\u00e7in.<\/p>","protected":false},"excerpt":{"rendered":"<div class=\"content-style\">\n<p>Mini \u015eeker Depositor, k\u00fc\u00e7\u00fck \u00f6l\u00e7ekli \u015feker \u00fcretimi i\u00e7in ideal bir \u00e7\u00f6z\u00fcmd\u00fcr, at\u00f6lyeler, laboratuvarlar ve giri\u015fimler i\u00e7in m\u00fckemmeldir. Bu makine, yumu\u015faktan serte, tek veya \u00e7ok renkli \u00e7e\u015fitli \u015fekerler yaratma esnekli\u011fi sunar ve numune testleri ile k\u00fc\u00e7\u00fck parti \u00fcretimi i\u00e7in pop\u00fcler bir tercihtir.<\/p>\n<\/div>\n<div id=\"gtx-trans\" style=\"position: absolute; left: 303px; top: 53.5px;\">\n<div class=\"gtx-trans-icon\"><\/div>\n<\/div>","protected":false},"featured_media":4932,"comment_status":"open","ping_status":"closed","template":"","meta":[],"product_brand":[],"product_cat":[16,98],"product_tag":[],"class_list":{"0":"post-1228","1":"product","2":"type-product","3":"status-publish","4":"has-post-thumbnail","6":"product_cat-candy-machine","7":"product_cat-gummy-candy-machine","9":"first","10":"instock","11":"shipping-taxable","12":"product-type-simple"},"_links":{"self":[{"href":"https:\/\/www.jymachinetech.com\/tr\/wp-json\/wp\/v2\/product\/1228","targetHints":{"allow":["GET"]}}],"collection":[{"href":"https:\/\/www.jymachinetech.com\/tr\/wp-json\/wp\/v2\/product"}],"about":[{"href":"https:\/\/www.jymachinetech.com\/tr\/wp-json\/wp\/v2\/types\/product"}],"replies":[{"embeddable":true,"href":"https:\/\/www.jymachinetech.com\/tr\/wp-json\/wp\/v2\/comments?post=1228"}],"version-history":[{"count":2,"href":"https:\/\/www.jymachinetech.com\/tr\/wp-json\/wp\/v2\/product\/1228\/revisions"}],"predecessor-version":[{"id":7295,"href":"https:\/\/www.jymachinetech.com\/tr\/wp-json\/wp\/v2\/product\/1228\/revisions\/7295"}],"wp:featuredmedia":[{"embeddable":true,"href":"https:\/\/www.jymachinetech.com\/tr\/wp-json\/wp\/v2\/media\/4932"}],"wp:attachment":[{"href":"https:\/\/www.jymachinetech.com\/tr\/wp-json\/wp\/v2\/media?parent=1228"}],"wp:term":[{"taxonomy":"product_brand","embeddable":true,"href":"https:\/\/www.jymachinetech.com\/tr\/wp-json\/wp\/v2\/product_brand?post=1228"},{"taxonomy":"product_cat","embeddable":true,"href":"https:\/\/www.jymachinetech.com\/tr\/wp-json\/wp\/v2\/product_cat?post=1228"},{"taxonomy":"product_tag","embeddable":true,"href":"https:\/\/www.jymachinetech.com\/tr\/wp-json\/wp\/v2\/product_tag?post=1228"}],"curies":[{"name":"wp","href":"https:\/\/api.w.org\/{rel}","templated":true}]}}