{"id":1218,"date":"2020-06-10T06:29:23","date_gmt":"2020-06-10T06:29:23","guid":{"rendered":"https:\/\/www.jymachinetech.com\/?post_type=product&#038;p=1218"},"modified":"2025-07-25T08:44:13","modified_gmt":"2025-07-25T08:44:13","slug":"starch-less-depositing","status":"publish","type":"product","link":"https:\/\/www.jymachinetech.com\/tr\/product\/starch-less-depositing\/","title":{"rendered":"Starchless Candy Machine | Jelly Toffee Lollipop Production Line"},"content":{"rendered":"<p>Bu ni\u015fastas\u0131z depo sistemleri kal\u0131plama tipi \u015fekerler yapmak i\u00e7in tasarlanm\u0131\u015ft\u0131r.<\/p>\n<p>Yumu\u015fak Gummy, J\u00f6le, Karamel, Lollipop ve Sert \u015eekerler gibi \u00e7e\u015fitli \u00fcr\u00fcnler ve farkl\u0131 pi\u015firme sistemleri i\u00e7erir.<\/p>\n<p>Ve merkez dolgulu, Kola Yan Yana, Hamburger katmanl\u0131, Tornado iki veya \u00fc\u00e7 renk gibi \u00e7e\u015fitli tarzlar sunar\u2026<\/p>\n<p>\u0130lginizi \u00e7eken \u015fekerlerin foto\u011fraf\u0131n\u0131 bize g\u00f6nderin, \u015fimdi \u00f6zelle\u015ftirilmi\u015f \u00fcretim makinesi ba\u015flat\u0131n!<\/p>\n<h2><strong>Teknik \u00f6zellikler<\/strong><\/h2>\n<div class=\"table-responsive\">\n<table>\n<tbody>\n<tr>\n<td width=\"60\"><strong><b>cURL Too many subrequests.<\/b><\/strong><\/td>\n<td width=\"60\"><strong><b>JY<\/b><\/strong><strong><b>-40<\/b><\/strong><\/td>\n<td width=\"60\"><strong><b>JY<\/b><\/strong><strong><b>-80<\/b><\/strong><\/td>\n<td width=\"60\"><strong><b>JY<\/b><\/strong><strong><b>-150<\/b><\/strong><\/td>\n<td width=\"60\"><strong><b>JY<\/b><\/strong><strong><b>-300<\/b><\/strong><\/td>\n<td width=\"60\"><strong><b>JY<\/b><\/strong><strong><b>-600<\/b><\/strong><\/td>\n<td width=\"60\"><strong><b>JY<\/b><\/strong><strong><b>-1500<\/b><\/strong><\/td>\n<\/tr>\n<tr>\n<td width=\"60\">cURL Too many subrequests.<\/p>\n<p>Adet\/Saat<\/td>\n<td width=\"60\">8,000-<\/p>\n<p>12,000<\/td>\n<td width=\"60\">12,000-<\/p>\n<p>21,600<\/td>\n<td width=\"60\">25,000-<\/p>\n<p>43,200<\/td>\n<td width=\"60\">50,000-<\/p>\n<p>86,400<\/td>\n<td width=\"60\">10,000-<\/p>\n<p>172,800<\/td>\n<td width=\"60\">384,000-<\/p>\n<p>768,000<\/td>\n<\/tr>\n<tr>\n<td width=\"60\">Uzunluk<\/td>\n<td width=\"60\"><\/td>\n<td width=\"60\"><\/td>\n<td width=\"60\"><\/td>\n<td width=\"60\"><\/td>\n<td width=\"60\"><\/td>\n<td width=\"60\"><\/td>\n<\/tr>\n<\/tbody>\n<\/table>\n<\/div>\n<p>&nbsp;<\/p>\n<h2><strong><span lang=\"EN-US\">Bu makineyle ne t\u00fcr \u015fekerleme yap\u0131labilir?<\/span><\/strong><\/h2>\n<p><img fetchpriority=\"high\" decoding=\"async\" class=\"alignnone size-full wp-image-1220\" title=\"Ni\u015fastas\u0131z \u015feker makinesi | j\u00f6le toffee lollipop \u00fcretim hatt\u0131\" src=\"https:\/\/www.jymachinetech.com\/wp-content\/uploads\/2021\/12\/Starch-less-depositing-2.png\" alt=\"Ni\u015fastas\u0131z \u015feker makinesi | j\u00f6le toffee lollipop \u00fcretim hatt\u0131\" width=\"1272\" height=\"383\" srcset=\"https:\/\/www.jymachinetech.com\/wp-content\/uploads\/2021\/12\/Starch-less-depositing-2.png 1272w, https:\/\/www.jymachinetech.com\/wp-content\/uploads\/2021\/12\/Starch-less-depositing-2-18x5.png 18w, https:\/\/www.jymachinetech.com\/wp-content\/uploads\/2021\/12\/Starch-less-depositing-2-600x181.png 600w\" sizes=\"(max-width: 1272px) 100vw, 1272px\" \/><\/p>\n<p>&nbsp;<\/p>\n<h2>Mikro-filmi vakum pi\u015firici<\/h2>\n<p>E\u015fsiz, ince film pi\u015firme s\u00fcreci, sert \u015feker ve lolipoplar i\u00e7in \u00e7e\u015fitli \u015feker ve \u015fekersiz \u015fekerleme \u015furuplar\u0131nda tutarl\u0131 y\u00fcksek kalite sa\u011flar.<\/p>\n<p>Bir mente\u015feli rotor, \u015furubu ince ve e\u015fit bir film halinde t\u00fcp\u00fcn i\u00e7ine yayar ve h\u0131zla pi\u015firir. Y\u00fcksek \u00e7\u0131kt\u0131, \u015furup \u015feffafl\u0131\u011f\u0131 ve uzun raf \u00f6mr\u00fc ile kullan\u0131\u015fl\u0131 operasyonu sayesinde y\u00fcksek kaliteli \u015fekerler i\u00e7in ilk tercihtir.<\/p>\n<h2>Gummy \u015feker vakum pi\u015firici<\/h2>\n<p>Bu makine, j\u00f6le \u00fcretimi i\u00e7in pektin, agar, karrageenan ve di\u011fer modifiye ni\u015fasta pi\u015firmek i\u00e7in geli\u015fmi\u015f ve uygundur. S\u0131cakl\u0131k veya bas\u0131n\u00e7 modlar\u0131 kullan\u0131larak kapal\u0131 devre pi\u015firme, do\u011fru son pi\u015fmi\u015f s\u0131cakl\u0131k veya nem sa\u011flar, b\u00f6ylece daha k\u0131sa gummy kuruma s\u00fcresi, daha uzun raf \u00f6mr\u00fc ve s\u00fcrekli i\u015flem s\u0131ras\u0131nda daha az kabarc\u0131k olu\u015fur.<\/p>\n<h2>Karamel ve Toffee Pi\u015firici<\/h2>\n<p>Bu, yumu\u015fak ve \u00e7i\u011fnenebilir \u015fekerler, karamel, toffees ve fudge gibi d\u00fc\u015f\u00fck kaynam\u0131\u015f \u015fekerler i\u00e7in pi\u015firicidir.<\/p>\n<p>Ve Karamel, temel \u015feker\/glukoz kar\u0131\u015f\u0131m\u0131n\u0131 pi\u015firmek i\u00e7in y\u00fcksek verimli plaka \u0131s\u0131 de\u011fi\u015ftirici kullan\u0131r, yo\u011funla\u015ft\u0131r\u0131lm\u0131\u015f s\u00fct veya di\u011fer \u0131s\u0131ya duyarl\u0131 maddeler PHE'den sonra kar\u0131\u015f\u0131ma enjekte edilir ve ard\u0131ndan istenen renk ve tat geli\u015fimi i\u00e7in karamelizasyon kab\u0131nda pi\u015firilir. Bu basit ve bak\u0131m gerektirmeyen sistem, y\u00fcksek s\u00fct i\u00e7eri\u011fi ile kaliteli toffees ve karameller \u00fcretmeye olanak tan\u0131r.<\/p>\n<h2>S\u00fcrekli hava \u00fcfleyici<\/h2>\n<p>\u0130yi sonu\u00e7lar i\u00e7in kar\u0131\u015ft\u0131rma s\u0131ras\u0131nda hava \u00fcfleyici makineyi kontrol etmek amac\u0131yla s\u0131cak ve so\u011fuk so\u011futucu ile \u00fc\u00e7 b\u00f6lge.<\/p>\n<p>\u0130\u00e7inde yo\u011fun kar\u0131\u015ft\u0131rma \u00e7ubu\u011fu ve y\u00fcksek h\u0131zda d\u00f6nen, istenen yo\u011funluk ve yap\u0131y\u0131 elde etmek i\u00e7in tasarlanm\u0131\u015f.<\/p>\n<h2>S\u00fct \u015fekeri ve Taffy pi\u015firici<\/h2>\n<p>Bu s\u00fcrekli vakum mikrofilm pi\u015firici, s\u00fct \u015fekeri, sert karamelli gibi \u00fcr\u00fcnlerde kullan\u0131l\u0131r.<\/p>\n<p>Fark \u015fu ki, s\u00fct \u00fcr\u00fcnlerinin i\u00e7eriklerini normal ocaktan gelen y\u00fcksek s\u0131cakl\u0131ktan koruyacak ve maksimum s\u00fct aromas\u0131 koruyacakt\u0131r.<\/p>\n<p>&nbsp;<\/p>\n<h2>Otomatik Mutfak Sistemi<\/h2>\n<p><img decoding=\"async\" class=\"alignnone size-full wp-image-1800\" title=\"Ni\u015fastas\u0131z \u015feker makinesi | j\u00f6le toffee lollipop \u00fcretim hatt\u0131\" src=\"https:\/\/www.jymachinetech.com\/wp-content\/uploads\/2021\/12\/kitchen-system.jpg\" alt=\"Ni\u015fastas\u0131z \u015feker makinesi | j\u00f6le toffee lollipop \u00fcretim hatt\u0131\" width=\"999\" height=\"666\" srcset=\"https:\/\/www.jymachinetech.com\/wp-content\/uploads\/2021\/12\/kitchen-system.jpg 999w, https:\/\/www.jymachinetech.com\/wp-content\/uploads\/2021\/12\/kitchen-system-18x12.jpg 18w, https:\/\/www.jymachinetech.com\/wp-content\/uploads\/2021\/12\/kitchen-system-600x400.jpg 600w\" sizes=\"(max-width: 999px) 100vw, 999px\" \/><\/p>\n<h2>\u015eekillendirme makinesi<\/h2>\n<p><img decoding=\"async\" class=\"alignnone size-full wp-image-1798\" title=\"Ni\u015fastas\u0131z \u015feker makinesi | j\u00f6le toffee lollipop \u00fcretim hatt\u0131\" src=\"https:\/\/www.jymachinetech.com\/wp-content\/uploads\/2021\/12\/forming-machine.jpg\" alt=\"Ni\u015fastas\u0131z \u015feker makinesi | j\u00f6le toffee lollipop \u00fcretim hatt\u0131\" width=\"999\" height=\"666\" srcset=\"https:\/\/www.jymachinetech.com\/wp-content\/uploads\/2021\/12\/forming-machine.jpg 999w, https:\/\/www.jymachinetech.com\/wp-content\/uploads\/2021\/12\/forming-machine-18x12.jpg 18w, https:\/\/www.jymachinetech.com\/wp-content\/uploads\/2021\/12\/forming-machine-600x400.jpg 600w\" sizes=\"(max-width: 999px) 100vw, 999px\" \/><\/p>\n<h2>Jel Depositi<\/h2>\n<p><img loading=\"lazy\" decoding=\"async\" class=\"alignnone size-full wp-image-1799\" title=\"Ni\u015fastas\u0131z \u015feker makinesi | j\u00f6le toffee lollipop \u00fcretim hatt\u0131\" src=\"https:\/\/www.jymachinetech.com\/wp-content\/uploads\/2021\/12\/gummy-depositor.jpg\" alt=\"Ni\u015fastas\u0131z \u015feker makinesi | j\u00f6le toffee lollipop \u00fcretim hatt\u0131\" width=\"999\" height=\"666\" srcset=\"https:\/\/www.jymachinetech.com\/wp-content\/uploads\/2021\/12\/gummy-depositor.jpg 999w, https:\/\/www.jymachinetech.com\/wp-content\/uploads\/2021\/12\/gummy-depositor-18x12.jpg 18w, https:\/\/www.jymachinetech.com\/wp-content\/uploads\/2021\/12\/gummy-depositor-600x400.jpg 600w\" sizes=\"(max-width: 999px) 100vw, 999px\" \/><\/p>\n<h2>Lolipop \u00e7ubu\u011fu enjeksiyon sistemi<\/h2>\n<p><img loading=\"lazy\" decoding=\"async\" class=\"alignnone size-full wp-image-1801\" title=\"Ni\u015fastas\u0131z \u015feker makinesi | j\u00f6le toffee lollipop \u00fcretim hatt\u0131\" src=\"https:\/\/www.jymachinetech.com\/wp-content\/uploads\/2021\/12\/Lollipop-stick-injection-system.jpg\" alt=\"Ni\u015fastas\u0131z \u015feker makinesi | j\u00f6le toffee lollipop \u00fcretim hatt\u0131\" width=\"999\" height=\"681\" srcset=\"https:\/\/www.jymachinetech.com\/wp-content\/uploads\/2021\/12\/Lollipop-stick-injection-system.jpg 999w, https:\/\/www.jymachinetech.com\/wp-content\/uploads\/2021\/12\/Lollipop-stick-injection-system-18x12.jpg 18w, https:\/\/www.jymachinetech.com\/wp-content\/uploads\/2021\/12\/Lollipop-stick-injection-system-600x409.jpg 600w\" sizes=\"(max-width: 999px) 100vw, 999px\" \/><\/p>\n<h2>Kontrol kablosu<\/h2>\n<p><img loading=\"lazy\" decoding=\"async\" class=\"alignnone size-full wp-image-1796\" title=\"Ni\u015fastas\u0131z \u015feker makinesi | j\u00f6le toffee lollipop \u00fcretim hatt\u0131\" src=\"https:\/\/www.jymachinetech.com\/wp-content\/uploads\/2021\/12\/control-cable.jpg\" alt=\"Ni\u015fastas\u0131z \u015feker makinesi | j\u00f6le toffee lollipop \u00fcretim hatt\u0131\" width=\"999\" height=\"666\" srcset=\"https:\/\/www.jymachinetech.com\/wp-content\/uploads\/2021\/12\/control-cable.jpg 999w, https:\/\/www.jymachinetech.com\/wp-content\/uploads\/2021\/12\/control-cable-18x12.jpg 18w, https:\/\/www.jymachinetech.com\/wp-content\/uploads\/2021\/12\/control-cable-600x400.jpg 600w\" sizes=\"(max-width: 999px) 100vw, 999px\" \/><\/p>\n<h2>Cooling tunnel<\/h2>\n<p>&nbsp;<\/p>\n<h2>Kal\u0131ptan \u00c7\u0131karma<\/h2>\n<p><img loading=\"lazy\" decoding=\"async\" class=\"alignnone size-full wp-image-1797\" title=\"Ni\u015fastas\u0131z \u015feker makinesi | j\u00f6le toffee lollipop \u00fcretim hatt\u0131\" src=\"https:\/\/www.jymachinetech.com\/wp-content\/uploads\/2021\/12\/demolding.jpg\" alt=\"Ni\u015fastas\u0131z \u015feker makinesi | j\u00f6le toffee lollipop \u00fcretim hatt\u0131\" width=\"999\" height=\"666\" srcset=\"https:\/\/www.jymachinetech.com\/wp-content\/uploads\/2021\/12\/demolding.jpg 999w, https:\/\/www.jymachinetech.com\/wp-content\/uploads\/2021\/12\/demolding-18x12.jpg 18w, https:\/\/www.jymachinetech.com\/wp-content\/uploads\/2021\/12\/demolding-600x400.jpg 600w\" sizes=\"(max-width: 999px) 100vw, 999px\" \/><\/p>\n<p>&nbsp;<\/p>\n<h2>Ni\u015fastas\u0131z \u015eeker Makinesi \u00dcretimi<\/h2>\n<p><img loading=\"lazy\" decoding=\"async\" class=\"alignnone size-full wp-image-1802\" title=\"Ni\u015fastas\u0131z \u015feker makinesi | j\u00f6le toffee lollipop \u00fcretim hatt\u0131\" src=\"https:\/\/www.jymachinetech.com\/wp-content\/uploads\/2021\/12\/prodcutin1.jpg\" alt=\"Ni\u015fastas\u0131z \u015feker makinesi | j\u00f6le toffee lollipop \u00fcretim hatt\u0131\" width=\"999\" height=\"666\" srcset=\"https:\/\/www.jymachinetech.com\/wp-content\/uploads\/2021\/12\/prodcutin1.jpg 999w, https:\/\/www.jymachinetech.com\/wp-content\/uploads\/2021\/12\/prodcutin1-18x12.jpg 18w, https:\/\/www.jymachinetech.com\/wp-content\/uploads\/2021\/12\/prodcutin1-600x400.jpg 600w\" sizes=\"(max-width: 999px) 100vw, 999px\" \/><\/p>\n<p><img loading=\"lazy\" decoding=\"async\" class=\"alignnone size-full wp-image-1803\" title=\"Ni\u015fastas\u0131z \u015feker makinesi | j\u00f6le toffee lollipop \u00fcretim hatt\u0131\" src=\"https:\/\/www.jymachinetech.com\/wp-content\/uploads\/2021\/12\/production1.jpg\" alt=\"Ni\u015fastas\u0131z \u015feker makinesi | j\u00f6le toffee lollipop \u00fcretim hatt\u0131\" width=\"999\" height=\"666\" srcset=\"https:\/\/www.jymachinetech.com\/wp-content\/uploads\/2021\/12\/production1.jpg 999w, https:\/\/www.jymachinetech.com\/wp-content\/uploads\/2021\/12\/production1-18x12.jpg 18w, https:\/\/www.jymachinetech.com\/wp-content\/uploads\/2021\/12\/production1-600x400.jpg 600w\" sizes=\"(max-width: 999px) 100vw, 999px\" \/><\/p>\n<p><img loading=\"lazy\" decoding=\"async\" class=\"alignnone size-full wp-image-1804\" title=\"Ni\u015fastas\u0131z \u015feker makinesi | j\u00f6le toffee lollipop \u00fcretim hatt\u0131\" src=\"https:\/\/www.jymachinetech.com\/wp-content\/uploads\/2021\/12\/production2.jpg\" alt=\"Ni\u015fastas\u0131z \u015feker makinesi | j\u00f6le toffee lollipop \u00fcretim hatt\u0131\" width=\"999\" height=\"666\" srcset=\"https:\/\/www.jymachinetech.com\/wp-content\/uploads\/2021\/12\/production2.jpg 999w, https:\/\/www.jymachinetech.com\/wp-content\/uploads\/2021\/12\/production2-18x12.jpg 18w, https:\/\/www.jymachinetech.com\/wp-content\/uploads\/2021\/12\/production2-600x400.jpg 600w\" sizes=\"(max-width: 999px) 100vw, 999px\" \/><\/p>\n<p><img loading=\"lazy\" decoding=\"async\" class=\"alignnone size-full wp-image-1806\" title=\"Ni\u015fastas\u0131z \u015feker makinesi | j\u00f6le toffee lollipop \u00fcretim hatt\u0131\" src=\"https:\/\/www.jymachinetech.com\/wp-content\/uploads\/2021\/12\/production4.jpg\" alt=\"Ni\u015fastas\u0131z \u015feker makinesi | j\u00f6le toffee lollipop \u00fcretim hatt\u0131\" width=\"999\" height=\"666\" srcset=\"https:\/\/www.jymachinetech.com\/wp-content\/uploads\/2021\/12\/production4.jpg 999w, https:\/\/www.jymachinetech.com\/wp-content\/uploads\/2021\/12\/production4-18x12.jpg 18w, https:\/\/www.jymachinetech.com\/wp-content\/uploads\/2021\/12\/production4-600x400.jpg 600w\" sizes=\"(max-width: 999px) 100vw, 999px\" \/><\/p>\n<h2>Ni\u015fastas\u0131z \u015eeker Makinesi S\u0131k\u00e7a Sorulan Sorular<\/h2>\n<p>Q1: Deneyimim yok ve form\u00fcl hakk\u0131nda yard\u0131m edebilir misiniz?<\/p>\n<p>Evet, form\u00fclden \u00fcr\u00fcn deste\u011fine kadar tam kapsaml\u0131 bir plan sunuyoruz.<\/p>\n<p>Q2: Sert yapabilir miyim <a href=\"https:\/\/www.jymachinetech.com\/tr\/top-benefits-of-using-a-candy-manufacturing-machine-for-your-business\/\" title=\"Bir \u015eeker \u00dcretim Makinesi Kullanman\u0131n \u0130\u015fletmeniz \u0130\u00e7in En B\u00fcy\u00fck Faydalar\u0131\"  data-wpil-monitor-id=\"54\" target=\"_blank\">bu makinede \u015feker<\/a>?<\/p>\n<p>Evet, ama ayn\u0131 zamanda \u015feker kam\u0131\u015f\u0131 \u015fekerleri, lolipoplar da var.<\/p>\n<p>Q3: Makinenin gerilimi ve ak\u0131m\u0131 nedir?<\/p>\n<p>A: Ekipman\u0131 geriliminize g\u00f6re \u00f6zelle\u015ftiriyoruz ve farkl\u0131 gerilimlerle sizin i\u00e7in amper listesini hesaplayaca\u011f\u0131z.<\/p>\n<p>Q4: \u0130\u00e7ine bir eczane eklemek istiyorum <a href=\"https:\/\/www.jymachinetech.com\/tr\/beginners-guide-using-gummy-candy-machine-homemade-gummies\/\" title=\"J\u00f6le \u015eeker Makinesi Kullan\u0131m\u0131 i\u00e7in Ba\u015flang\u0131\u00e7 Rehberi\"  data-wpil-monitor-id=\"61\" target=\"_blank\">Makinenizde ka\u00e7 \u015feker var?<\/a> Bana FDA gereksinimlerini kar\u015f\u0131lamama yard\u0131mc\u0131 olacak herhangi bir sertifikas\u0131 var m\u0131?<\/p>\n<p>-A: Evet, CE sertifikam\u0131z var ve UL&amp;EU listesinde kullan\u0131lan t\u00fcm markalar\u0131 GMP Standartlar\u0131na s\u0131k\u0131 s\u0131k\u0131ya uygun \u015fekilde kulland\u0131k.<\/p>\n<p>Q5: Bu makinenin temiz s\u0131k\u0131\u015ft\u0131r\u0131lm\u0131\u015f hava gerektirip gerekmedi\u011fi d\u0131\u015f\u0131nda ba\u015fka ne haz\u0131rlamam gerekiyor?<\/p>\n<p>-A: \u00c7o\u011fu m\u00fc\u015fterinin alan s\u0131n\u0131r\u0131n\u0131 g\u00f6z \u00f6n\u00fcne alarak, bu makine sadece g\u00fcce ba\u011flanmas\u0131 gerekir, m\u00fc\u015fterinin maliyetini ve s\u0131k\u0131\u015ft\u0131r\u0131lm\u0131\u015f hava ak\u0131\u015f\u0131n\u0131n karma\u015f\u0131k evrimini tasarruf eder. Servo kullan\u0131m\u0131 daha basit ve ak\u0131ll\u0131 kontrol sa\u011flar, makine i\u00e7in ek sistemler ba\u011flamaya gerek yoktur.<\/p>\n<p>Soru 6: S\u0131cakl\u0131k ve \u015feker a\u011f\u0131rl\u0131\u011f\u0131n\u0131 nas\u0131l ayarlamal\u0131y\u0131m?<\/p>\n<p>-A: Kontrol kutusu ve dokunmatik ekran ayarlar\u0131yla ayarlan\u0131r.<\/p>\n<p>Soru 7: Kal\u0131plar\u0131 so\u011futma a\u015famas\u0131na ta\u015f\u0131mam gerekiyor mu?<\/p>\n<p>-A: Hay\u0131r, makine deposundan ve so\u011futmadan tamamen otomatik olup, sadece \u015fekerleri toplaman\u0131z ve makinenin \u00e7\u0131k\u0131\u015f\u0131n\u0131 yapman\u0131z yeterlidir!<\/p>\n<p>Q8: Makineyi kurmak i\u00e7in bir uzmana ihtiyac\u0131m var m\u0131?<\/p>\n<p>-A: Makinenin elektrik ba\u011flant\u0131s\u0131 h\u0131zl\u0131 ba\u011flant\u0131 par\u00e7as\u0131 ile yap\u0131l\u0131r ve ak\u0131ll\u0131 telefon gibi dokunmatik ekran \u00fczerinden kolayca ayarlanabilir veya gerekirse yerel teknik destek ekibimiz yard\u0131mc\u0131 olabilir.<\/p>\n<p>Beslenme j\u00f6le ay\u0131 \u015fekeri yap\u0131m makinesi sa\u011fl\u0131yoruz. E\u011fer Beslenme j\u00f6le ay\u0131 \u015fekeri yap\u0131m makinesi ile ilgileniyorsan\u0131z, ilgili \u00fcr\u00fcnleri inceleyebilir ve web sitemizde dan\u0131\u015fma ba\u015flatabilirsiniz.<\/p>\n<h2><strong><b>Neden<\/b><\/strong><strong><b>\u00a0<\/b><\/strong><strong><b>se\u00e7meliyim<\/b><\/strong><strong><b>\u00a0junyu?<\/b><\/strong><\/h2>\n<ul>\n<li>Yurtd\u0131\u015f\u0131 Hizmetleri ekibi<\/li>\n<li>NormathAmerica yerel hizmetleri<\/li>\n<li>Anumalmachine bak\u0131m\u0131<\/li>\n<li>24H\/7G\u00fcn Par\u00e7a Merkezi<\/li>\n<li>\u00dccretsiz Fabrika d\u00fczeni tasar\u0131m\u0131<\/li>\n<li>\u00dccretsiz \u00f6zelle\u015ftirilmi\u015f \u015fekil \u00f6rne\u011fi<\/li>\n<li>\u00dcr\u00fcn form\u00fcl tasar\u0131m\u0131<\/li>\n<li>makine tasar\u0131m\u0131<\/li>\n<li>Ekipman \u015femas\u0131 3D G\u00f6sterimi<\/li>\n<li>M\u00fc\u015fteri fabrikas\u0131 \u00fcretim turu<\/li>\n<li>Ger\u00e7ek fabrika Profesyonellik &amp; G\u00fcvenilirlik<\/li>\n<li>Hemen teklif al\u0131n<\/li>\n<\/ul>","protected":false},"excerpt":{"rendered":"<ul>\n<li>Y\u00fcksek hassasiyet<\/li>\n<li>Otomatik a\u011f\u0131rl\u0131kland\u0131rma<\/li>\n<li>Daha Y\u00fcksek End\u00fcstriyel kapasite<\/li>\n<li>Automatickitchen&amp;feeding<\/li>\n<li>Otomatik kurutma sistemi<\/li>\n<li>Makul fiyat<\/li>\n<li>\u00c7ok y\u00f6nl\u00fc i\u015flem<\/li>\n<li>Esnek sistem<\/li>\n<li>Benzersiz mod\u00fcler tasar\u0131m<\/li>\n<li>Daha uzun mekanik \u00f6m\u00fcr<\/li>\n<li>Mod\u00fcler tasar\u0131m<\/li>\n<li>OBD sistemi<\/li>\n<li>Uzaktan kumanda<\/li>\n<\/ul>","protected":false},"featured_media":1809,"comment_status":"closed","ping_status":"closed","template":"","meta":[],"product_brand":[],"product_cat":[16,100,102],"product_tag":[32,33],"class_list":{"0":"post-1218","1":"product","2":"type-product","3":"status-publish","4":"has-post-thumbnail","6":"product_cat-candy-machine","7":"product_cat-lollipop-machine","8":"product_cat-toffee-candy-machine","9":"product_tag-candy-machine","10":"product_tag-vacuum-cooker","12":"first","13":"instock","14":"shipping-taxable","15":"product-type-simple"},"_links":{"self":[{"href":"https:\/\/www.jymachinetech.com\/tr\/wp-json\/wp\/v2\/product\/1218","targetHints":{"allow":["GET"]}}],"collection":[{"href":"https:\/\/www.jymachinetech.com\/tr\/wp-json\/wp\/v2\/product"}],"about":[{"href":"https:\/\/www.jymachinetech.com\/tr\/wp-json\/wp\/v2\/types\/product"}],"replies":[{"embeddable":true,"href":"https:\/\/www.jymachinetech.com\/tr\/wp-json\/wp\/v2\/comments?post=1218"}],"version-history":[{"count":3,"href":"https:\/\/www.jymachinetech.com\/tr\/wp-json\/wp\/v2\/product\/1218\/revisions"}],"predecessor-version":[{"id":7285,"href":"https:\/\/www.jymachinetech.com\/tr\/wp-json\/wp\/v2\/product\/1218\/revisions\/7285"}],"wp:featuredmedia":[{"embeddable":true,"href":"https:\/\/www.jymachinetech.com\/tr\/wp-json\/wp\/v2\/media\/1809"}],"wp:attachment":[{"href":"https:\/\/www.jymachinetech.com\/tr\/wp-json\/wp\/v2\/media?parent=1218"}],"wp:term":[{"taxonomy":"product_brand","embeddable":true,"href":"https:\/\/www.jymachinetech.com\/tr\/wp-json\/wp\/v2\/product_brand?post=1218"},{"taxonomy":"product_cat","embeddable":true,"href":"https:\/\/www.jymachinetech.com\/tr\/wp-json\/wp\/v2\/product_cat?post=1218"},{"taxonomy":"product_tag","embeddable":true,"href":"https:\/\/www.jymachinetech.com\/tr\/wp-json\/wp\/v2\/product_tag?post=1218"}],"curies":[{"name":"wp","href":"https:\/\/api.w.org\/{rel}","templated":true}]}}