{"id":1021,"date":"2021-12-18T09:53:15","date_gmt":"2021-12-18T09:53:15","guid":{"rendered":"https:\/\/www.jymachinetech.com\/?post_type=product&#038;p=1021"},"modified":"2025-07-25T05:52:56","modified_gmt":"2025-07-25T05:52:56","slug":"cookie-machine","status":"publish","type":"product","link":"https:\/\/www.jymachinetech.com\/tr\/product\/cookie-machine\/","title":{"rendered":"Yar\u0131 Otomasyonlu Kurabiye \u00dcretim Hatt\u0131 Sat\u0131\u015f \u0130\u00e7in | End\u00fcstriyel F\u0131r\u0131n Ekipmanlar\u0131"},"content":{"rendered":"<h2>Semi-Otomasyonlu Kurabiye \u00dcretim Hatt\u0131: F\u0131r\u0131nlamada \u00c7ok Y\u00f6nl\u00fcl\u00fck ve Verimlilik<\/h2>\n<p><strong>\u00dcr\u00fcn Genel Bak\u0131\u015f:<\/strong> Junyu'nun Semi-Otomasyonlu Kurabiye \u00dcretim Hatt\u0131, modern f\u0131r\u0131nc\u0131l\u0131\u011f\u0131n \u00e7e\u015fitli taleplerini kar\u015f\u0131lamak \u00fczere tasarlanm\u0131\u015ft\u0131r. Farkl\u0131 \u00fcretim \u00f6l\u00e7eklerine uygun \u00e7e\u015fitli modellerle, bu hat geni\u015f bir yelpazede kurabiye, bisk\u00fcvi ve di\u011fer pi\u015fmi\u015f \u00fcr\u00fcnleri hassasiyet ve tutarl\u0131l\u0131kla \u00fcretebilir.<\/p>\n<p><iframe title=\"Fabrikam\u0131zda bisk\u00fcvi nas\u0131l yap\u0131l\u0131r? 1200mm tam otomatik bisk\u00fcvi \u00fcretim hatt\u0131 bisk\u00fcvi yap\u0131m makinesi\" width=\"800\" height=\"450\" src=\"https:\/\/www.youtube.com\/embed\/kwUAEOGspq0?list=PLkC9Irp2ZdYYo8LYiGUXXFn1OQ5NaYFSQ\" frameborder=\"0\" allow=\"accelerometer; autoplay; clipboard-write; encrypted-media; gyroscope; picture-in-picture; web-share\" referrerpolicy=\"strict-origin-when-cross-origin\" allowfullscreen><\/iframe><\/p>\n<h2><strong>Model \u00d6zellikleri:<\/strong><\/h2>\n<ul>\n<li><strong>Model JY-400:<\/strong>\u00a0Kapastesi 100-185 kg\/saat, G\u00fc\u00e7 0.75 kw, Boyutlar 1460x960x1240 mm.<\/li>\n<li><strong>Model JY-600:<\/strong>\u00a0Kapastesi 200-285 kg\/saat, G\u00fc\u00e7 2.2 kw, Boyutlar 1560x1160x1240 mm.<\/li>\n<li><strong>Model JY-800:<\/strong>\u00a0Kapastesi 400-485 kg\/saat, G\u00fc\u00e7 3.5 kw, Boyutlar 1660x1360x1240 mm.<\/li>\n<li><strong>Model JY-1000:<\/strong>\u00a0Kapastesi 500-585 kg\/saat, G\u00fc\u00e7 7.5 kw, Boyutlar 1760x1560x1240 mm.<\/li>\n<\/ul>\n<h2><strong>Key Features &amp; Benefits:<\/strong><\/h2>\n<ul>\n<li><strong>\u00d6zelle\u015ftirilebilir Meme Tipleri:<\/strong>\u00a0Farkl\u0131 \u015fekillerde mevcut olup geni\u015f bir pi\u015fmi\u015f \u00fcr\u00fcn yelpazesi \u00fcretmek i\u00e7in.<\/li>\n<li><strong>Kal\u0131p Paneli:<\/strong>\u00a0Kesin \u015fekillendirme ve tutarl\u0131 \u00fcr\u00fcn kalitesi i\u00e7in.<\/li>\n<li><strong>Tel Kesici Meme:<\/strong>\u00a0Temiz kesimler ve uniform boyutland\u0131rma i\u00e7in.<\/li>\n<li><strong>\u00c7ok Y\u00f6nl\u00fc \u00dcr\u00fcn Yelpazesi:<\/strong>\u00a0K\u00f6p\u00fck, marshmallow, makaron, katmanl\u0131 kekler, parmak bisk\u00fcvi ve daha fazlas\u0131n\u0131 \u00fcretmeye uygun.<\/li>\n<li>Basit operasyon<\/li>\n<li>Makul fiyat<\/li>\n<li>Servo depolama<\/li>\n<li>PLC kontrol\u00fc<\/li>\n<li>Otomatik transfer<\/li>\n<li>\u00c7ok fonksiyonlu<\/li>\n<li>Farkl\u0131 \u00e7al\u0131\u015fma ortamlar\u0131na uyacak k\u00fc\u00e7\u00fck boyut<\/li>\n<li>Ekstr\u00fczyon i\u015flemi veya tel kesim i\u015flemi i\u00e7in \u00e7ok fonksiyonlu<\/li>\n<li>Tek ki\u015fi taraf\u0131ndan h\u0131zl\u0131 ve kolay kurulum ve kullan\u0131m i\u00e7in tasarland\u0131.<\/li>\n<li>Kurulum an\u0131ndan itibaren an\u0131nda \u00fcretkenlik i\u00e7in tasarland\u0131.<\/li>\n<li>Dayan\u0131kl\u0131l\u0131k, kolay temizlik ve genel hijyen i\u00e7in tasarlanm\u0131\u015f paslanmaz \u00e7elik<\/li>\n<\/ul>\n<h2><strong>Teknik \u00d6zellikler:<\/strong><\/h2>\n<ul>\n<li><strong>Verimli \u00dcretim:<\/strong>\u00a0En k\u00fc\u00e7\u00fck model saatte 5400 adede kadar \u00fcretebilir.<\/li>\n<li><strong>Kapasite \u00d6l\u00e7eklenebilirli\u011fi:<\/strong>\u00a0\u00dcretim ihtiya\u00e7lar\u0131n\u0131za uygun 100-600 kg\/saat aras\u0131 se\u00e7enekler<\/li>\n<li><strong>\u015eekil ve Boyut Esnekli\u011fi:<\/strong>\u00a0Farkl\u0131 kurabiye \u015fekilleri ve boyutlar\u0131 i\u00e7in \u00f6zel \u00fcretim y\u00f6ntemleri<\/li>\n<\/ul>\n<h2><strong>M\u00fc\u015fteri Deste\u011fi ve Hizmetleri:<\/strong><\/h2>\n<ul>\n<li><strong>Yurtd\u0131\u015f\u0131 Servis Ekibi:<\/strong>\u00a0Uluslararas\u0131 destek ve yerel servis sa\u011flayan T\u00fcrkiye genelinde hizmet<\/li>\n<li><strong>24\/7 Parts Center:<\/strong>\u00a0Kesintisiz \u00e7al\u0131\u015fma i\u00e7in gerekli par\u00e7alar\u0131n zaman\u0131nda eri\u015fimini sa\u011fl\u0131yoruz.<\/li>\n<li><strong>Free Services:<\/strong>\u00a0Fabrika yerle\u015fim plan\u0131 tasar\u0131m\u0131, \u00f6zelle\u015ftirilmi\u015f \u015fekil \u00f6rnekleri, \u00fcr\u00fcn form\u00fcl\u00fc tasar\u0131m\u0131 ve makine tasar\u0131m\u0131 dan\u0131\u015fmanl\u0131\u011f\u0131 dahil.<\/li>\n<\/ul>\n<h2><strong>SSS:<\/strong><\/h2>\n<p><strong>Soru: Makine hangi t\u00fcr kurabiyeleri yapabilir?<\/strong> Cevap: Hat \u00e7ok y\u00f6nl\u00fcd\u00fcr ve \u00e7e\u015fitli kurabiye, kek, \u0130svi\u00e7re rulo, makaron ve daha fazlas\u0131n\u0131 \u00fcretebilir.<\/p>\n<p><strong>Soru: Makine ayn\u0131 zamanda bisk\u00fcvi yapabilir mi?<\/strong> Cevap: Evet, yumu\u015fak bisk\u00fcviler kolayl\u0131kla \u00fcretilebilir.<\/p>\n<p><strong>Q: Saatlik \u00fcretim kapasitesi nedir?<\/strong> Cevap: Giri\u015f seviyesi model saatte 5400 adetle ba\u015flar, daha y\u00fcksek modeller artan kapasite sunar.<\/p>\n<p><strong>Soru: Makinenin \u00fcretim kapasitesi a\u011f\u0131rl\u0131k a\u00e7\u0131s\u0131ndan nedir?<\/strong> Cevap: 100-600 kg\/saat aras\u0131 kapasiteleri olan modeller sunuyoruz.<\/p>\n<p><strong>S: Makine hangi \u015fekil ve boyutlarda kurabiyeler \u00fcretebilir?<\/strong> C: \u00c7e\u015fitli \u015fekil ve boyutlarda \u00fcretim yapabiliriz ve \u00f6zel kurabiye ihtiya\u00e7lar\u0131n\u0131z i\u00e7in en iyi \u00fcretim y\u00f6ntemini belirlemek i\u00e7in sizinle birlikte \u00e7al\u0131\u015faca\u011f\u0131z.<\/p>\n<p><strong>S: Makine i\u00e7in hangi \u0131s\u0131tma kaynaklar\u0131 mevcuttur?<\/strong> C: Operasyonel gereksinimlerinize uygun olarak elektrikli ve gazl\u0131 \u0131s\u0131tma dahil olmak \u00fczere farkl\u0131 \u0131s\u0131tma enerjisi se\u00e7enekleri sunuyoruz.<\/p>\n<h2><strong>Neden Junyu'yu Se\u00e7melisiniz:<\/strong><\/h2>\n<ul>\n<li><strong>Ger\u00e7ek Fabrika Deneyimi:<\/strong>\u00a0Makine \u00fcretiminde 40 y\u0131l\u0131 a\u015fk\u0131n bir ge\u00e7mi\u015fe sahip ger\u00e7ek bir \u00fcretim tesisi.<\/li>\n<li><strong>Profesyonel Ekip:<\/strong>\u00a0Teknik destek ve \u00f6zelle\u015ftirilmi\u015f \u00e7\u00f6z\u00fcmler sunmaya haz\u0131r 20'den fazla m\u00fchendis ve tasar\u0131mc\u0131.<\/li>\n<li><strong>G\u00fcvenilirlik:<\/strong>\u00a0200'den fazla \u00e7al\u0131\u015fan\u0131, s\u0131k\u0131 kalite kontrol\u00fc ve Alman \u00fcretim standartlar\u0131na uygunlu\u011fu olan modern bir fabrika.<\/li>\n<li><strong>Y\u00fcksek Kaliteli Makineler:<\/strong>\u00a0T\u00fcm makineler, dayan\u0131kl\u0131l\u0131k ve hijyen i\u00e7in SUS304 malzemeleri ve kumlama y\u00fczey kaplamas\u0131 kullan\u0131larak GMP standard\u0131nda bir fabrikada \u00fcretilmektedir.<\/li>\n<\/ul>\n<h2><strong>Size olan Taahh\u00fcd\u00fcm\u00fcz:<\/strong><\/h2>\n<ul>\n<li><strong>\u00d6zelle\u015ftirilmi\u015f \u00c7\u00f6z\u00fcmler:<\/strong>\u00a0\u00d6zel ihtiya\u00e7lar\u0131n\u0131z\u0131 kar\u015f\u0131lamak i\u00e7in fabrika yerle\u015fim planlamas\u0131, 3D tasar\u0131m, proje planlamas\u0131 ve \u00f6zelle\u015ftirilmi\u015f \u015fekil tasar\u0131m\u0131 sunuyoruz.<\/li>\n<\/ul>\n<h2><strong>Get a Quote Now:<\/strong><\/h2>\n<p>Ki\u015fiselle\u015ftirilmi\u015f bir fiyat teklifi almak ve Yar\u0131 Otomasyonumuzun <a href=\"https:\/\/www.jymachinetech.com\/tr\/essential-guide-to-the-biscuit-production-line-for-efficient-baking\/\" title=\"Verimli F\u0131r\u0131nlama \u0130\u00e7in Bisk\u00fcvi \u00dcretim Hatt\u0131na Temel Rehber\"  data-wpil-monitor-id=\"104\" target=\"_blank\">Kurabiye \u00dcretim Hatt\u0131'n\u0131n<\/a> f\u0131r\u0131nc\u0131l\u0131k i\u015finizde yaratabilece\u011fi fark\u0131 deneyimlemek i\u00e7in bug\u00fcn bizimle ileti\u015fime ge\u00e7in.<\/p>","protected":false},"excerpt":{"rendered":"<p>Semi-Automation Cookie Production Line: Versatility and Efficiency in Baking Product Overview: The Semi-Automation Cookie Production Line from Junyu is designed to meet the diverse demands of modern baking. With a range of models to suit various production scales, this line is capable of producing a wide array of cookies, biscuits, and other baked goods with [&hellip;]<\/p>","protected":false},"featured_media":1046,"comment_status":"open","ping_status":"closed","template":"","meta":[],"product_brand":[],"product_cat":[15],"product_tag":[],"class_list":{"0":"post-1021","1":"product","2":"type-product","3":"status-publish","4":"has-post-thumbnail","6":"product_cat-bakery-equipment","8":"first","9":"instock","10":"shipping-taxable","11":"product-type-simple"},"_links":{"self":[{"href":"https:\/\/www.jymachinetech.com\/tr\/wp-json\/wp\/v2\/product\/1021","targetHints":{"allow":["GET"]}}],"collection":[{"href":"https:\/\/www.jymachinetech.com\/tr\/wp-json\/wp\/v2\/product"}],"about":[{"href":"https:\/\/www.jymachinetech.com\/tr\/wp-json\/wp\/v2\/types\/product"}],"replies":[{"embeddable":true,"href":"https:\/\/www.jymachinetech.com\/tr\/wp-json\/wp\/v2\/comments?post=1021"}],"version-history":[{"count":2,"href":"https:\/\/www.jymachinetech.com\/tr\/wp-json\/wp\/v2\/product\/1021\/revisions"}],"predecessor-version":[{"id":7318,"href":"https:\/\/www.jymachinetech.com\/tr\/wp-json\/wp\/v2\/product\/1021\/revisions\/7318"}],"wp:featuredmedia":[{"embeddable":true,"href":"https:\/\/www.jymachinetech.com\/tr\/wp-json\/wp\/v2\/media\/1046"}],"wp:attachment":[{"href":"https:\/\/www.jymachinetech.com\/tr\/wp-json\/wp\/v2\/media?parent=1021"}],"wp:term":[{"taxonomy":"product_brand","embeddable":true,"href":"https:\/\/www.jymachinetech.com\/tr\/wp-json\/wp\/v2\/product_brand?post=1021"},{"taxonomy":"product_cat","embeddable":true,"href":"https:\/\/www.jymachinetech.com\/tr\/wp-json\/wp\/v2\/product_cat?post=1021"},{"taxonomy":"product_tag","embeddable":true,"href":"https:\/\/www.jymachinetech.com\/tr\/wp-json\/wp\/v2\/product_tag?post=1021"}],"curies":[{"name":"wp","href":"https:\/\/api.w.org\/{rel}","templated":true}]}}