{"id":4800,"date":"2024-12-09T02:13:35","date_gmt":"2024-12-09T02:13:35","guid":{"rendered":"https:\/\/www.jymachinetech.com\/?page_id=4800"},"modified":"2024-12-09T02:14:42","modified_gmt":"2024-12-09T02:14:42","slug":"privacy-policy","status":"publish","type":"page","link":"https:\/\/www.jymachinetech.com\/tr\/privacy-policy\/","title":{"rendered":"Gizlilik Politikas\u0131"},"content":{"rendered":"<h2 class=\"wp-block-heading\">Who we are<\/h2>\r\n\r\n\r\n\r\n<p>Web sitesi adresimiz: https:\/\/www.jymachinetech.com.<\/p>\r\n\r\n\r\n\r\n<h2 class=\"wp-block-heading\">Yorumlar<\/h2>\r\n\r\n\r\n\r\n<p>Ziyaret\u00e7iler siteye yorum b\u0131rakt\u0131\u011f\u0131nda, yorumlar formunda g\u00f6sterilen verileri toplar\u0131z ve ayr\u0131ca spam tespiti i\u00e7in ziyaret\u00e7inin IP adresi ve taray\u0131c\u0131 kullan\u0131c\u0131 ajan\u0131 dizesini de al\u0131r\u0131z.<\/p>\r\n\r\n\r\n\r\n<p>E-posta adresinizden olu\u015fturulan anonimle\u015ftirilmi\u015f bir dize (k\u0131saca hash olarak da adland\u0131r\u0131l\u0131r) Gravatar hizmetine sa\u011flanabilir. Gravatar hizmetinin gizlilik politikas\u0131 burada mevcuttur: https:\/\/automattic.com\/privacy\/. Yorumunuz onayland\u0131ktan sonra, profil resminiz yorumunuz ba\u011flam\u0131nda kamuya a\u00e7\u0131k hale gelir.<\/p>\r\n\r\n\r\n\r\n<h2 class=\"wp-block-heading\">Medya<\/h2>\r\n\r\n\r\n\r\n<p>Web sitesine resim y\u00fcklerken, g\u00f6m\u00fcl\u00fc konum verisi (EXIF GPS) i\u00e7eren resimleri y\u00fcklemekten ka\u00e7\u0131nmal\u0131s\u0131n\u0131z. Web sitesine gelen ziyaret\u00e7iler, web sitesindeki resimlerden herhangi bir konum verisini indirebilir ve \u00e7\u0131karabilir.<\/p>\r\n\r\n\r\n\r\n<h2 class=\"wp-block-heading\">Cookies<\/h2>\r\n\r\n\r\n\r\n<p><strong class=\"privacy-policy-tutorial\">\u00a0<\/strong>Siteye yorum b\u0131rak\u0131rsan\u0131z, ad\u0131n\u0131z\u0131, e-posta adresinizi ve web sitenizi \u00e7erezlerde kaydetmeyi tercih edebilirsiniz. Bu, ba\u015fka bir yorum b\u0131rakt\u0131\u011f\u0131n\u0131zda bilgilerinizi tekrar doldurmaman\u0131z i\u00e7in kolayl\u0131k sa\u011flar. Bu \u00e7erezler bir y\u0131l s\u00fcreyle ge\u00e7erlidir.<\/p>\r\n\r\n\r\n\r\n<p>Giri\u015f sayfam\u0131z\u0131 ziyaret ederseniz, taray\u0131c\u0131n\u0131z\u0131n \u00e7erezleri kabul edip etmedi\u011fini belirlemek i\u00e7in ge\u00e7ici bir \u00e7erez ayarlanacakt\u0131r. Bu \u00e7erez ki\u015fisel veri i\u00e7ermez ve taray\u0131c\u0131n\u0131z\u0131 kapatt\u0131\u011f\u0131n\u0131zda silinir.<\/p>\r\n\r\n\r\n\r\n<p>Giri\u015f yapt\u0131\u011f\u0131n\u0131zda, giri\u015f bilgilerinizi ve ekran g\u00f6r\u00fcnt\u00fcleme tercihlerinizi kaydetmek i\u00e7in birka\u00e7 \u00e7erez daha ayarlanacakt\u0131r. Giri\u015f \u00e7erezleri iki g\u00fcn, ekran se\u00e7enekleri \u00e7erezleri bir y\u0131l ge\u00e7erlidir. \u201cBeni Hat\u0131rla\u201d se\u00e7ene\u011fini se\u00e7erseniz, giri\u015finiz iki hafta devam eder. Hesab\u0131n\u0131zdan \u00e7\u0131k\u0131\u015f yaparsan\u0131z, giri\u015f \u00e7erezleri silinir.<\/p>\r\n\r\n\r\n\r\n<p>Bir makaleyi d\u00fczenler veya yay\u0131nlarsan\u0131z, taray\u0131c\u0131n\u0131za ek bir \u00e7erez kaydedilecektir. Bu \u00e7erez ki\u015fisel veri i\u00e7ermez ve sadece d\u00fczenledi\u011finiz makalenin post ID'sini g\u00f6sterir. 1 g\u00fcn sonra sona erer.<\/p>\r\n\r\n\r\n\r\n<h2 class=\"wp-block-heading\">Di\u011fer web sitelerinden g\u00f6m\u00fcl\u00fc i\u00e7erik<\/h2>\r\n\r\n\r\n\r\n<p>Bu sitedeki makaleler g\u00f6m\u00fcl\u00fc i\u00e7erik i\u00e7erebilir (\u00f6rne\u011fin videolar, resimler, makaleler vb.). Di\u011fer web sitelerinden g\u00f6m\u00fcl\u00fc i\u00e7erik, ziyaret\u00e7inin di\u011fer web sitesini ziyaret etmi\u015f gibi davran\u0131r.<\/p>\r\n\r\n\r\n\r\n<p>Bu web siteleri sizinle ilgili veri toplayabilir, \u00e7erezler kullanabilir, ek \u00fc\u00e7\u00fcnc\u00fc taraf izleme ara\u00e7lar\u0131 g\u00f6mebilir ve g\u00f6m\u00fcl\u00fc i\u00e7erikle etkile\u015fiminizi izleyebilir; ayr\u0131ca hesab\u0131n\u0131z varsa ve giri\u015f yapt\u0131ysan\u0131z, g\u00f6m\u00fcl\u00fc i\u00e7eri\u011fe olan etkile\u015fiminizi takip edebilir.<\/p>\r\n\r\n\r\n\r\n<h2 class=\"wp-block-heading\">Verilerinizi kimlerle payla\u015f\u0131yoruz<\/h2>\r\n\r\n\r\n\r\n<p><strong class=\"privacy-policy-tutorial\">\u00a0<\/strong>\u015eifre s\u0131f\u0131rlama talebinde bulunursan\u0131z, IP adresiniz s\u0131f\u0131rlama e-postas\u0131na dahil edilir.<\/p>\r\n\r\n\r\n\r\n<h2 class=\"wp-block-heading\">Verilerinizi ne kadar s\u00fcre sakl\u0131yoruz<\/h2>\r\n\r\n\r\n\r\n<p>Yorum b\u0131rak\u0131rsan\u0131z, yorum ve meta verileri s\u00fcresiz olarak saklan\u0131r. Bu, takip eden yorumlar\u0131 otomatik tan\u0131y\u0131p onaylamam\u0131z\u0131 sa\u011flar ve moderasyon kuyru\u011funda tutmam\u0131za gerek kalmaz.<\/p>\r\n\r\n\r\n\r\n<p>Web sitemize kay\u0131tl\u0131 kullan\u0131c\u0131lar (varsa), sa\u011flad\u0131klar\u0131 ki\u015fisel bilgileri kullan\u0131c\u0131 profillerinde de saklar\u0131z. T\u00fcm kullan\u0131c\u0131lar, ki\u015fisel bilgilerini herhangi bir zamanda g\u00f6rebilir, d\u00fczenleyebilir veya silebilir (kullan\u0131c\u0131 adlar\u0131n\u0131 de\u011fi\u015ftiremezler). Web sitesi y\u00f6neticileri de bu bilgileri g\u00f6rebilir ve d\u00fczenleyebilir.<\/p>\r\n\r\n\r\n\r\n<h2 class=\"wp-block-heading\">Verileriniz \u00fczerinde hangi haklara sahipsiniz<\/h2>\r\n\r\n\r\n\r\n<p>Bu sitede bir hesab\u0131n\u0131z varsa veya yorumlar b\u0131rakt\u0131ysan\u0131z, sizinle ilgili tuttu\u011fumuz ki\u015fisel verilerin d\u0131\u015fa aktar\u0131lm\u0131\u015f bir dosyas\u0131n\u0131 talep edebilirsiniz, ayr\u0131ca bizimle payla\u015ft\u0131\u011f\u0131n\u0131z herhangi bir ki\u015fisel veriyi silmemizi isteyebilirsiniz. Bu, idari, yasal veya g\u00fcvenlik ama\u00e7lar\u0131yla saklamam\u0131z gereken verileri kapsamaz.<\/p>\r\n\r\n\r\n\r\n<h2 class=\"wp-block-heading\">Verilerinizin g\u00f6nderildi\u011fi yer<\/h2>\r\n\r\n\r\n\r\n<p><strong class=\"privacy-policy-tutorial\">\u00a0<\/strong>Ziyaret\u00e7i yorumlar\u0131, otomatik spam tespit hizmeti arac\u0131l\u0131\u011f\u0131yla kontrol edilebilir.<\/p>\r\n\r\n<p>&nbsp;<\/p>","protected":false},"excerpt":{"rendered":"<p>Who we are Our website address is: https:\/\/www.jymachinetech.com. Comments When visitors leave comments on the site we collect the data shown in the comments form, and also the visitor\u2019s IP address and browser user agent string to help spam detection. An anonymized string created from your email address (also called a hash) may be provided [&hellip;]<\/p>","protected":false},"author":1,"featured_media":0,"parent":0,"menu_order":0,"comment_status":"closed","ping_status":"closed","template":"","meta":{"footnotes":""},"class_list":["post-4800","page","type-page","status-publish","hentry"],"_links":{"self":[{"href":"https:\/\/www.jymachinetech.com\/tr\/wp-json\/wp\/v2\/pages\/4800","targetHints":{"allow":["GET"]}}],"collection":[{"href":"https:\/\/www.jymachinetech.com\/tr\/wp-json\/wp\/v2\/pages"}],"about":[{"href":"https:\/\/www.jymachinetech.com\/tr\/wp-json\/wp\/v2\/types\/page"}],"author":[{"embeddable":true,"href":"https:\/\/www.jymachinetech.com\/tr\/wp-json\/wp\/v2\/users\/1"}],"replies":[{"embeddable":true,"href":"https:\/\/www.jymachinetech.com\/tr\/wp-json\/wp\/v2\/comments?post=4800"}],"version-history":[{"count":0,"href":"https:\/\/www.jymachinetech.com\/tr\/wp-json\/wp\/v2\/pages\/4800\/revisions"}],"wp:attachment":[{"href":"https:\/\/www.jymachinetech.com\/tr\/wp-json\/wp\/v2\/media?parent=4800"}],"curies":[{"name":"wp","href":"https:\/\/api.w.org\/{rel}","templated":true}]}}