{"id":87,"date":"2021-12-18T07:21:50","date_gmt":"2021-12-18T07:21:50","guid":{"rendered":"https:\/\/www.jymachinetech.com\/?post_type=product&#038;p=87"},"modified":"2025-07-25T05:54:16","modified_gmt":"2025-07-25T05:54:16","slug":"dough-mixer","status":"publish","type":"product","link":"https:\/\/www.jymachinetech.com\/pt\/product\/dough-mixer\/","title":{"rendered":"F\u00e1brica de misturador de massa | Misturador de massa para vendas"},"content":{"rendered":"<p>Este misturador com um design exclusivo &#039;$&#039; para a l\u00e2mina de mistura para garantir uma boa dispers\u00e3o dos ingredientes e um r\u00e1pido desenvolvimento da massa. \u00c9 fundamental desenvolver uma massa macia e extens\u00edvel.<br \/>\nEsta a\u00e7\u00e3o de mistura inclui amassar, rolar e dobrar na massa sem muito rasgar e extrudar, \u00e9 a escolha ideal.<\/p>\n<p><img fetchpriority=\"high\" decoding=\"async\" class=\"alignnone wp-image-777 size-full\" title=\"f\u00e1brica de misturadores de massa | misturador de massa para vendas\" src=\"https:\/\/www.jymachinetech.com\/wp-content\/uploads\/2021\/12\/Dough-mixer2.png\" alt=\"f\u00e1brica de misturadores de massa | misturador de massa para vendas\" width=\"800\" height=\"580\" srcset=\"https:\/\/www.jymachinetech.com\/wp-content\/uploads\/2021\/12\/Dough-mixer2.png 800w, https:\/\/www.jymachinetech.com\/wp-content\/uploads\/2021\/12\/Dough-mixer2-18x12.png 18w, https:\/\/www.jymachinetech.com\/wp-content\/uploads\/2021\/12\/Dough-mixer2-600x435.png 600w\" sizes=\"(max-width: 800px) 100vw, 800px\" \/><br \/>\nO tempo de mistura em baixa velocidade ser\u00e1 de 20 a 25 minutos.<br \/>\nO tempo de mistura em alta velocidade para a massa de amido especial ser\u00e1 de 10 a 12 minutos.<\/p>\n<p><iframe title=\"M\u00e1quina de fazer biscoitos, Linha de produ\u00e7\u00e3o de biscoitos, Linha de conforma\u00e7\u00e3o e corte de folhas de massa\" width=\"800\" height=\"450\" src=\"https:\/\/www.youtube.com\/embed\/PUkXg4ThEyc?feature=oembed\" frameborder=\"0\" allow=\"accelerometer; autoplay; clipboard-write; encrypted-media; gyroscope; picture-in-picture; web-share\" referrerpolicy=\"strict-origin-when-cross-origin\" allowfullscreen><\/iframe><\/p>\n<h2><strong>A.50-500 kg\/lote para pequenas e m\u00faltiplas produ\u00e7\u00f5es<\/strong><\/h2>\n<ul>\n<li>Multifun\u00e7\u00f5es para massas duras e macias<\/li>\n<li>Economia de espa\u00e7o<\/li>\n<li>\u00c2ngulo ajust\u00e1vel<\/li>\n<li>Frente e r\u00e9: 90-120o<\/li>\n<li>L\u00e2mina tipo a\u00e7o inoxid\u00e1vel $<\/li>\n<li>Conectado diretamente com o sistema de pesagem para obter o efeito de mistura online<\/li>\n<\/ul>\n<h2><strong>B.500-1500 kg\/lote para produ\u00e7\u00e3o grande ou cont\u00ednua<\/strong><\/h2>\n<ul>\n<li>Sistema de controle PLC e tela sens\u00edvel ao toque<\/li>\n<li>Motor SEW<\/li>\n<li>Conex\u00e3o com cortador de massa e transportador autom\u00e1tico<\/li>\n<li>Cinto de PU antiaderente<\/li>\n<li>L\u00e2mina tipo a\u00e7o inoxid\u00e1vel $<\/li>\n<li>Inverta a unidade para obter faixas de velocidade m\u00e1ximas com partida suave e uso m\u00ednimo de energia.<\/li>\n<\/ul>\n<p>&nbsp;<\/p>\n<div class=\"table-responsive\">\n<table style=\"width: 100%;\">\n<tbody>\n<tr>\n<td style=\"text-align: center;\">Modelo<\/td>\n<td style=\"text-align: center;\">Pot\u00eancia (kw)<\/td>\n<td style=\"text-align: center;\">Velocidade de Mistura\uff08r\/min\uff09<\/td>\n<td style=\"text-align: center;\">Peso (kg)<\/td>\n<td style=\"text-align: center;\">Capacidade de mistura<\/td>\n<td style=\"text-align: center;\">Dimens\u00e3o (mm)<\/td>\n<\/tr>\n<tr>\n<td style=\"text-align: center;\">JY-50<\/td>\n<td style=\"text-align: center;\">3.55<\/td>\n<td style=\"text-align: center;\">26<\/td>\n<td style=\"text-align: center;\">290<\/td>\n<td style=\"text-align: center;\">50kg<\/td>\n<td style=\"text-align: center;\">1110*630*1070<\/td>\n<\/tr>\n<tr>\n<td style=\"text-align: center;\">JY-75<\/td>\n<td style=\"text-align: center;\">4.75<\/td>\n<td style=\"text-align: center;\">27<\/td>\n<td style=\"text-align: center;\">414<\/td>\n<td style=\"text-align: center;\">75kg<\/td>\n<td style=\"text-align: center;\">1188*710*1220<\/td>\n<\/tr>\n<tr>\n<td style=\"text-align: center;\">JY-100<\/td>\n<td style=\"text-align: center;\">6.25<\/td>\n<td style=\"text-align: center;\">29<\/td>\n<td style=\"text-align: center;\">485<\/td>\n<td style=\"text-align: center;\">100kg<\/td>\n<td style=\"text-align: center;\">1250*740*1300<\/td>\n<\/tr>\n<tr>\n<td style=\"text-align: center;\">JY-150<\/td>\n<td style=\"text-align: center;\">8.6<\/td>\n<td style=\"text-align: center;\">28<\/td>\n<td style=\"text-align: center;\">1056<\/td>\n<td style=\"text-align: center;\">150kg<\/td>\n<td style=\"text-align: center;\">1632*800*1420<\/td>\n<\/tr>\n<tr>\n<td style=\"text-align: center;\">JY-200<\/td>\n<td style=\"text-align: center;\">13.2<\/td>\n<td style=\"text-align: center;\">20<\/td>\n<td style=\"text-align: center;\">1620<\/td>\n<td style=\"text-align: center;\">200kg<\/td>\n<td style=\"text-align: center;\">1690*980*1700<\/td>\n<\/tr>\n<tr>\n<td style=\"text-align: center;\">JY-250<\/td>\n<td style=\"text-align: center;\">13.2<\/td>\n<td style=\"text-align: center;\">20<\/td>\n<td style=\"text-align: center;\">1640<\/td>\n<td style=\"text-align: center;\">250kg<\/td>\n<td style=\"text-align: center;\">1704*1040*1750<\/td>\n<\/tr>\n<\/tbody>\n<\/table>\n<\/div>\n<p>&nbsp;<\/p>\n<h2><strong>Misturador de massa de l\u00e2minas duplas (Vertical)<\/strong><\/h2>\n<p>Este misturador tem l\u00e2minas de fuso vertical duplo para uma mistura completamente alta. A a\u00e7\u00e3o de mistura alta, mas suave, agita bem os ingredientes sem alta entrada de energia no est\u00e1gio de prote\u00ednas do gl\u00faten.<\/p>\n<p><img decoding=\"async\" class=\"alignnone wp-image-772 size-full\" title=\"f\u00e1brica de misturadores de massa | misturador de massa para vendas\" src=\"https:\/\/www.jymachinetech.com\/wp-content\/uploads\/2021\/12\/1615615440_Double-blades-dough-mixer-Vertical.png\" alt=\"f\u00e1brica de misturadores de massa | misturador de massa para vendas\" width=\"720\" height=\"960\" srcset=\"https:\/\/www.jymachinetech.com\/wp-content\/uploads\/2021\/12\/1615615440_Double-blades-dough-mixer-Vertical.png 720w, https:\/\/www.jymachinetech.com\/wp-content\/uploads\/2021\/12\/1615615440_Double-blades-dough-mixer-Vertical-9x12.png 9w, https:\/\/www.jymachinetech.com\/wp-content\/uploads\/2021\/12\/1615615440_Double-blades-dough-mixer-Vertical-600x800.png 600w\" sizes=\"(max-width: 720px) 100vw, 720px\" \/><br \/>\nAs cubas de mistura com rodas s\u00e3o carregadas com ingredientes, manualmente ou por um sistema de enchimento de cuba semiautom\u00e1tico, pode economizar tempo na transi\u00e7\u00e3o entre o per\u00edodo de fermenta\u00e7\u00e3o e os diferentes tipos de massa.<\/p>\n<p>&nbsp;<\/p>\n<h2><strong>Vantagens de <\/strong>Misturador de massa<\/h2>\n<ul>\n<li>Tempo de fermenta\u00e7\u00e3o do biscoito 4-8H<\/li>\n<li>Tamanho do lote: 300\/500\/800kg<\/li>\n<li>Velocidade do batedor: 25 rpm<\/li>\n<li>Opera\u00e7\u00e3o simples e segura<\/li>\n<li>Temporizador para controle ideal ap\u00f3s a mistura final<\/li>\n<li>L\u00e2minas de fuso vertical duplo em a\u00e7o inoxid\u00e1vel<\/li>\n<li>Cubas de mistura com rodas para reparo e economia de tempo<\/li>\n<li>Higi\u00eanico e de f\u00e1cil manuten\u00e7\u00e3o<\/li>\n<\/ul>\n<p>&nbsp;<\/p>\n<div class=\"table-responsive\">\n<table style=\"width: 100%;\">\n<tbody>\n<tr>\n<td style=\"text-align: center;\">Modelo<\/td>\n<td style=\"text-align: center;\">Poder<\/td>\n<td style=\"text-align: center;\">Velocidade de mistura<\/td>\n<td style=\"text-align: center;\">Velocidade da tigela<\/td>\n<td style=\"text-align: center;\">Capacidade da tigela<\/td>\n<td style=\"text-align: center;\">Dimens\u00e3o<\/td>\n<\/tr>\n<tr>\n<td style=\"text-align: center;\">JY-30<\/td>\n<td style=\"text-align: center;\">0,85\/1,1kw\/h<\/td>\n<td style=\"text-align: center;\">123\/185r\/min<\/td>\n<td style=\"text-align: center;\">12\/24 r\/min<\/td>\n<td style=\"text-align: center;\">34L<\/td>\n<td style=\"text-align: center;\">750*430*990<\/td>\n<\/tr>\n<tr>\n<td style=\"text-align: center;\">JY-40<\/td>\n<td style=\"text-align: center;\">0,85\/1,5kw\/h<\/td>\n<td style=\"text-align: center;\">114\/230 r\/min<\/td>\n<td style=\"text-align: center;\">12\/24 r\/min<\/td>\n<td style=\"text-align: center;\">48L<\/td>\n<td style=\"text-align: center;\">920*510*1050<\/td>\n<\/tr>\n<tr>\n<td style=\"text-align: center;\">JY-60<\/td>\n<td style=\"text-align: center;\">1,5\/2,4 kw\/h<\/td>\n<td style=\"text-align: center;\">115\/230 r\/min<\/td>\n<td style=\"text-align: center;\">10\/20 rpm<\/td>\n<td style=\"text-align: center;\">68L<\/td>\n<td style=\"text-align: center;\">950*550*1100<\/td>\n<\/tr>\n<tr>\n<td style=\"text-align: center;\">JY-80<\/td>\n<td style=\"text-align: center;\">2,2\/3,3 kw\/h<\/td>\n<td style=\"text-align: center;\">125\/250 rpm<\/td>\n<td style=\"text-align: center;\">10\/20 rpm<\/td>\n<td style=\"text-align: center;\">84L<\/td>\n<td style=\"text-align: center;\">1050*600*1150<\/td>\n<\/tr>\n<tr>\n<td style=\"text-align: center;\">JY-120<\/td>\n<td style=\"text-align: center;\">3\/4,5 kw\/h<\/td>\n<td style=\"text-align: center;\">125\/250 rpm<\/td>\n<td style=\"text-align: center;\">10\/20 rpm<\/td>\n<td style=\"text-align: center;\">122L<\/td>\n<td style=\"text-align: center;\">1200*690*1330<\/td>\n<\/tr>\n<tr>\n<td style=\"text-align: center;\">JY-240<\/td>\n<td style=\"text-align: center;\">4\/7,5 kw\/h<\/td>\n<td style=\"text-align: center;\">125\/250 rpm<\/td>\n<td style=\"text-align: center;\">10\/20 rpm<\/td>\n<td style=\"text-align: center;\">240L<\/td>\n<td style=\"text-align: center;\">1300*880*1580<\/td>\n<\/tr>\n<\/tbody>\n<\/table>\n<\/div>","protected":false},"excerpt":{"rendered":"<p>A mistura \u00e9 a chave para fazer os biscoitos com sucesso, qualquer que seja a massa macia ou a prote\u00edna do gl\u00faten, como refrigerante. Os diferentes misturadores causar\u00e3o efeitos totalmente diferentes.<\/p>","protected":false},"featured_media":776,"comment_status":"open","ping_status":"closed","template":"","meta":[],"product_brand":[],"product_cat":[15],"product_tag":[],"class_list":{"0":"post-87","1":"product","2":"type-product","3":"status-publish","4":"has-post-thumbnail","6":"product_cat-bakery-equipment","8":"first","9":"instock","10":"shipping-taxable","11":"product-type-simple"},"_links":{"self":[{"href":"https:\/\/www.jymachinetech.com\/pt\/wp-json\/wp\/v2\/product\/87","targetHints":{"allow":["GET"]}}],"collection":[{"href":"https:\/\/www.jymachinetech.com\/pt\/wp-json\/wp\/v2\/product"}],"about":[{"href":"https:\/\/www.jymachinetech.com\/pt\/wp-json\/wp\/v2\/types\/product"}],"replies":[{"embeddable":true,"href":"https:\/\/www.jymachinetech.com\/pt\/wp-json\/wp\/v2\/comments?post=87"}],"version-history":[{"count":1,"href":"https:\/\/www.jymachinetech.com\/pt\/wp-json\/wp\/v2\/product\/87\/revisions"}],"predecessor-version":[{"id":7188,"href":"https:\/\/www.jymachinetech.com\/pt\/wp-json\/wp\/v2\/product\/87\/revisions\/7188"}],"wp:featuredmedia":[{"embeddable":true,"href":"https:\/\/www.jymachinetech.com\/pt\/wp-json\/wp\/v2\/media\/776"}],"wp:attachment":[{"href":"https:\/\/www.jymachinetech.com\/pt\/wp-json\/wp\/v2\/media?parent=87"}],"wp:term":[{"taxonomy":"product_brand","embeddable":true,"href":"https:\/\/www.jymachinetech.com\/pt\/wp-json\/wp\/v2\/product_brand?post=87"},{"taxonomy":"product_cat","embeddable":true,"href":"https:\/\/www.jymachinetech.com\/pt\/wp-json\/wp\/v2\/product_cat?post=87"},{"taxonomy":"product_tag","embeddable":true,"href":"https:\/\/www.jymachinetech.com\/pt\/wp-json\/wp\/v2\/product_tag?post=87"}],"curies":[{"name":"wp","href":"https:\/\/api.w.org\/{rel}","templated":true}]}}