{"id":847,"date":"2021-12-18T08:59:54","date_gmt":"2021-12-18T08:59:54","guid":{"rendered":"https:\/\/www.jymachinetech.com\/?post_type=product&#038;p=847"},"modified":"2025-07-25T05:53:23","modified_gmt":"2025-07-25T05:53:23","slug":"rotary-cutting-molder","status":"publish","type":"product","link":"https:\/\/www.jymachinetech.com\/pt\/product\/rotary-cutting-molder\/","title":{"rendered":"Moldador de corte rotativo para biscoito duro | Linha de produ\u00e7\u00e3o de biscoitos"},"content":{"rendered":"<h2>Moldador de Corte Rotativo: Engenharia de Precis\u00e3o para Produ\u00e7\u00e3o de Biscoitos Duros<\/h2>\n<p><strong>Resumo do Produto:<\/strong> A Moldadora de Corte Rotativa \u00e9 uma m\u00e1quina sofisticada projetada para a produ\u00e7\u00e3o de alta precis\u00e3o de biscoitos duros. Ela desempenha um papel crucial na moldagem de blocos de massa em tiras uniformes, garantindo qualidade consistente e fabrica\u00e7\u00e3o eficiente.<\/p>\n<p><iframe title=\"M\u00e1quina de moldagem rotativa para fazer biscoitos Oreo macios\" width=\"800\" height=\"450\" src=\"https:\/\/www.youtube.com\/embed\/4G7q--1ieJ4?feature=oembed\" frameborder=\"0\" allow=\"accelerometer; autoplay; clipboard-write; encrypted-media; gyroscope; picture-in-picture; web-share\" referrerpolicy=\"strict-origin-when-cross-origin\" allowfullscreen><\/iframe><\/p>\n<h2><strong>Principais recursos e benef\u00edcios:<\/strong><\/h2>\n<ul>\n<li><strong>Forma\u00e7\u00e3o de blocos de massa personaliz\u00e1vel:<\/strong> The mold is capable of producing dough blocks in specified sizes, shapes, and patterns, essential for maintaining the dough&#8217;s structure and quality throughout the production process.<\/li>\n<li><strong>Rolos de extrus\u00e3o adapt\u00e1veis:<\/strong> Dependendo do tipo de massa processada, os rolos de extrus\u00e3o podem ser personalizados para serem lisos ou ondulados, proporcionando versatilidade no design dos biscoitos.<\/li>\n<li><strong>Rotor de conforma\u00e7\u00e3o de troca r\u00e1pida:<\/strong> O rotor de forma\u00e7\u00e3o pode ser substitu\u00eddo rapidamente ao alternar entre diferentes produtos de biscoito, aumentando a flexibilidade da produ\u00e7\u00e3o e reduzindo o tempo de inatividade.<\/li>\n<li><strong>Controle de velocidade de precis\u00e3o:<\/strong> A velocidade do rolo \u00e9 gerenciada por um conversor de frequ\u00eancia, permitindo uma regula\u00e7\u00e3o precisa dentro de limites de largura definidos para acomodar v\u00e1rios tamanhos de biscoitos.<\/li>\n<li><strong>Integra\u00e7\u00e3o perfeita:<\/strong> O design do Moldador de Corte Rotativo facilita a integra\u00e7\u00e3o em linhas de produ\u00e7\u00e3o existentes, promovendo um fluxo de trabalho tranquilo e eficiente.<\/li>\n<li><strong>Sistema de correia transportadora robusto:<\/strong> A correia transportadora \u00e9 constru\u00edda com estrutura de a\u00e7o carbono, superf\u00edcies deslizantes de a\u00e7o inoxid\u00e1vel e dois rolos de borracha para um manuseio confi\u00e1vel e consistente da massa. A entrada e a sa\u00edda possuem um bico de di\u00e2metro reduzido para facilitar a passagem da massa.<\/li>\n<li><strong>Controle automatizado de velocidade do transportador:<\/strong> A velocidade da correia transportadora \u00e9 controlada automaticamente atrav\u00e9s do painel el\u00e9trico da linha de lamina\u00e7\u00e3o, garantindo opera\u00e7\u00e3o sincronizada com a moldadora de corte.<\/li>\n<\/ul>\n<h2><strong>Destaques t\u00e9cnicos:<\/strong><\/h2>\n<ul>\n<li>A m\u00e1quina \u00e9 equipada com uma interface amig\u00e1vel que permite ajustes e configura\u00e7\u00f5es f\u00e1ceis, tornando-a acess\u00edvel at\u00e9 mesmo para operadores com treinamento m\u00ednimo.<\/li>\n<li>Sensores e controles avan\u00e7ados monitoram a espessura da massa e a uniformidade da tira, fornecendo feedback em tempo real para garantia de qualidade.<\/li>\n<li>O uso de materiais de alta qualidade na constru\u00e7\u00e3o da m\u00e1quina garante durabilidade e longevidade, reduzindo a necessidade de manuten\u00e7\u00e3o e reparos frequentes.<\/li>\n<li>A m\u00e1quina foi projetada com recursos de seguran\u00e7a, como bot\u00f5es de parada de emerg\u00eancia e prote\u00e7\u00f5es de seguran\u00e7a para proteger os operadores durante a opera\u00e7\u00e3o.<\/li>\n<\/ul>\n<h2><strong>Aplica\u00e7\u00f5es:<\/strong><\/h2>\n<ul>\n<li>Suitable for a wide range of <a href=\"https:\/\/www.jymachinetech.com\/pt\/top-hard-dough-biscuit-production-line-for-efficient-baking-solutions\/\" title=\"Linha de produ\u00e7\u00e3o de biscoitos de massa dura superior para solu\u00e7\u00f5es eficientes de panifica\u00e7\u00e3o\"  data-wpil-monitor-id=\"96\" target=\"_blank\">hard biscuit production<\/a> facilities, from small-scale bakeries to large-scale industrial manufacturers.<\/li>\n<\/ul>\n<h2><strong>Suporte e servi\u00e7os ao cliente:<\/strong><\/h2>\n<ul>\n<li><strong>Servi\u00e7os de personaliza\u00e7\u00e3o:<\/strong> Oferecemos op\u00e7\u00f5es de personaliza\u00e7\u00e3o para adaptar o Moldador de Corte Rotativo \u00e0s suas necessidades espec\u00edficas de produ\u00e7\u00e3o.<\/li>\n<li><strong>Instala\u00e7\u00e3o profissional:<\/strong> Nossa equipe de especialistas garantir\u00e1 que a m\u00e1quina seja instalada corretamente e integrada \u00e0 sua linha de produ\u00e7\u00e3o.<\/li>\n<li><strong>Treinamento do Operador:<\/strong> Treinamento abrangente \u00e9 fornecido para garantir que sua equipe possa operar a m\u00e1quina com efici\u00eancia e seguran\u00e7a.<\/li>\n<li><strong>Suporte p\u00f3s-venda:<\/strong> Oferecemos suporte cont\u00ednuo, incluindo servi\u00e7os de manuten\u00e7\u00e3o e acesso a pe\u00e7as de reposi\u00e7\u00e3o, para manter sua M\u00e1quina de Moldagem por Corte Rotativo em condi\u00e7\u00f5es ideais.<\/li>\n<\/ul>\n<h2><strong>Por que escolher nossa m\u00e1quina de moldagem por corte rotativo:<\/strong><\/h2>\n<ul>\n<li><strong>Inova\u00e7\u00e3o e Precis\u00e3o:<\/strong>\u00a0Utilizando a mais recente tecnologia para precis\u00e3o inigual\u00e1vel na produ\u00e7\u00e3o de biscoitos.<\/li>\n<li><strong>Qualidade e durabilidade:<\/strong>\u00a0Constru\u00eddo com materiais de alta qualidade para um desempenho confi\u00e1vel e duradouro.<\/li>\n<li><strong>Flexibilidade e efici\u00eancia:<\/strong>\u00a0Projetado para lidar com v\u00e1rios tipos de massa e trocas de produtos com facilidade, maximizando a efici\u00eancia da produ\u00e7\u00e3o.<\/li>\n<\/ul>\n<p><strong>Fa\u00e7a uma cota\u00e7\u00e3o agora:<\/strong> Para obter pre\u00e7os personalizados e saber mais sobre como nossa M\u00e1quina de Moldagem de Corte Rotativo pode melhorar sua capacidade de produ\u00e7\u00e3o de biscoitos, entre em contato conosco hoje mesmo.<\/p>\n<p><img fetchpriority=\"high\" decoding=\"async\" class=\"alignnone size-full wp-image-906\" title=\"moldadora de corte rotativo para biscoitos duros | linha de produ\u00e7\u00e3o de biscoitos\" src=\"https:\/\/www.jymachinetech.com\/wp-content\/uploads\/2021\/12\/Rotary-cutting-molder5.png\" alt=\"moldadora de corte rotativo para biscoitos duros | linha de produ\u00e7\u00e3o de biscoitos\" width=\"770\" height=\"520\" srcset=\"https:\/\/www.jymachinetech.com\/wp-content\/uploads\/2021\/12\/Rotary-cutting-molder5.png 770w, https:\/\/www.jymachinetech.com\/wp-content\/uploads\/2021\/12\/Rotary-cutting-molder5-18x12.png 18w, https:\/\/www.jymachinetech.com\/wp-content\/uploads\/2021\/12\/Rotary-cutting-molder5-600x405.png 600w\" sizes=\"(max-width: 770px) 100vw, 770px\" \/><\/p>\n<p>&nbsp;<\/p>\n<div class=\"table-responsive\">\n<table style=\"width: 100%;\">\n<tbody>\n<tr>\n<td style=\"text-align: center;\">Modelo<\/td>\n<td style=\"text-align: center;\">JYB-600<\/td>\n<td style=\"text-align: center;\">JYB-800<\/td>\n<td style=\"text-align: center;\">JYB-1000<\/td>\n<td style=\"text-align: center;\">JYB-1200<\/td>\n<td style=\"text-align: center;\">JYB-1500<\/td>\n<\/tr>\n<tr>\n<td style=\"text-align: center;\">Dimens\u00e3o<\/td>\n<td style=\"text-align: center;\">6800\u00d71250\u00d71850<\/td>\n<td style=\"text-align: center;\">7700\u00d71450\u00d71850<\/td>\n<td style=\"text-align: center;\">15000*2400*1750<\/td>\n<td style=\"text-align: center;\">15000*2600*1750<\/td>\n<td style=\"text-align: center;\">15000*2900*1750<\/td>\n<\/tr>\n<tr>\n<td style=\"text-align: center;\">Pot\u00eancia (kw)<\/td>\n<td style=\"text-align: center;\">4.5<\/td>\n<td style=\"text-align: center;\">6.2<\/td>\n<td style=\"text-align: center;\">42<\/td>\n<td style=\"text-align: center;\">46<\/td>\n<td style=\"text-align: center;\">54<\/td>\n<\/tr>\n<tr>\n<td style=\"text-align: center;\">Peso(T)<\/td>\n<td style=\"text-align: center;\">1<\/td>\n<td style=\"text-align: center;\">3.5<\/td>\n<td style=\"text-align: center;\">15<\/td>\n<td style=\"text-align: center;\">18<\/td>\n<td style=\"text-align: center;\">21<\/td>\n<\/tr>\n<tr>\n<td style=\"text-align: center;\" colspan=\"6\">Temperatura de trabalho 0~50Co<\/td>\n<\/tr>\n<\/tbody>\n<\/table>\n<\/div>","protected":false},"excerpt":{"rendered":"<ul>\n<li>Dispositivo de alinhamento da dist\u00e2ncia do centro do molde;<\/li>\n<li>Display digital individual para dois rolos rotativos;<\/li>\n<li>A estrutura de press\u00e3o de forma\u00e7\u00e3o \u00e9 acionada pelo motor que pode ser ajustado \u00e0 vontade. F\u00e1cil<\/li>\n<li>opera\u00e7\u00e3o e desmoldagem confi\u00e1vel;<\/li>\n<li>Adota um redutor de engrenagem helicoidal como pot\u00eancia e transmiss\u00e3o por correia s\u00edncrona. transmiss\u00e3o est\u00e1vel,<\/li>\n<li>pequena vibra\u00e7\u00e3o e baixo ru\u00eddo;<\/li>\n<li>Alto grau de automa\u00e7\u00e3o por controle el\u00e9trico;<\/li>\n<li>A correia transportadora tensionada e ajustada automaticamente;<\/li>\n<li>Dispositivo de recupera\u00e7\u00e3o de material restante;<\/li>\n<\/ul>","protected":false},"featured_media":902,"comment_status":"open","ping_status":"closed","template":"","meta":[],"product_brand":[],"product_cat":[15,95],"product_tag":[],"class_list":{"0":"post-847","1":"product","2":"type-product","3":"status-publish","4":"has-post-thumbnail","6":"product_cat-bakery-equipment","7":"product_cat-biscuit-machine","9":"first","10":"instock","11":"shipping-taxable","12":"product-type-simple"},"_links":{"self":[{"href":"https:\/\/www.jymachinetech.com\/pt\/wp-json\/wp\/v2\/product\/847","targetHints":{"allow":["GET"]}}],"collection":[{"href":"https:\/\/www.jymachinetech.com\/pt\/wp-json\/wp\/v2\/product"}],"about":[{"href":"https:\/\/www.jymachinetech.com\/pt\/wp-json\/wp\/v2\/types\/product"}],"replies":[{"embeddable":true,"href":"https:\/\/www.jymachinetech.com\/pt\/wp-json\/wp\/v2\/comments?post=847"}],"version-history":[{"count":2,"href":"https:\/\/www.jymachinetech.com\/pt\/wp-json\/wp\/v2\/product\/847\/revisions"}],"predecessor-version":[{"id":7311,"href":"https:\/\/www.jymachinetech.com\/pt\/wp-json\/wp\/v2\/product\/847\/revisions\/7311"}],"wp:featuredmedia":[{"embeddable":true,"href":"https:\/\/www.jymachinetech.com\/pt\/wp-json\/wp\/v2\/media\/902"}],"wp:attachment":[{"href":"https:\/\/www.jymachinetech.com\/pt\/wp-json\/wp\/v2\/media?parent=847"}],"wp:term":[{"taxonomy":"product_brand","embeddable":true,"href":"https:\/\/www.jymachinetech.com\/pt\/wp-json\/wp\/v2\/product_brand?post=847"},{"taxonomy":"product_cat","embeddable":true,"href":"https:\/\/www.jymachinetech.com\/pt\/wp-json\/wp\/v2\/product_cat?post=847"},{"taxonomy":"product_tag","embeddable":true,"href":"https:\/\/www.jymachinetech.com\/pt\/wp-json\/wp\/v2\/product_tag?post=847"}],"curies":[{"name":"wp","href":"https:\/\/api.w.org\/{rel}","templated":true}]}}