{"id":83,"date":"2021-12-18T07:16:26","date_gmt":"2021-12-18T07:16:26","guid":{"rendered":"https:\/\/www.jymachinetech.com\/?post_type=product&#038;p=83"},"modified":"2025-07-25T05:54:36","modified_gmt":"2025-07-25T05:54:36","slug":"feeder","status":"publish","type":"product","link":"https:\/\/www.jymachinetech.com\/pt\/product\/feeder\/","title":{"rendered":"Alimentador Para Vendas | F\u00e1brica de Alimentadores"},"content":{"rendered":"<div class=\"content-style\">\n<p>O alimentador \u00e9 usado para alimentar a massa na tremonha e pr\u00e9-enrolar a massa ou as folhas de massa em peda\u00e7os de massa adequados, que s\u00e3o transportados para os rolos de calibre 1\/2\/3 para rolagem adicional. \u00c9 uma m\u00e1quina indispens\u00e1vel em todos os tipos de linhas de produ\u00e7\u00e3o de biscoitos duros.<\/p>\n<p>&nbsp;<\/p>\n<\/div>\n<div class=\"table-responsive\">\n<table style=\"width: 100%;\">\n<tbody>\n<tr>\n<td style=\"text-align: center;\">Modelo<\/td>\n<td style=\"text-align: center;\">JY1500<\/td>\n<td style=\"text-align: center;\">JY1200<\/td>\n<td style=\"text-align: center;\">JY1000<\/td>\n<td style=\"text-align: center;\">JY600<\/td>\n<\/tr>\n<tr>\n<td style=\"text-align: center;\">Sa\u00edda<\/td>\n<td style=\"text-align: center;\">1500<\/td>\n<td style=\"text-align: center;\">1200<\/td>\n<td style=\"text-align: center;\">1000<\/td>\n<td style=\"text-align: center;\">600<\/td>\n<\/tr>\n<tr>\n<td style=\"text-align: center;\">Fonte de alimenta\u00e7\u00e3o (V\/Hz)<\/td>\n<td style=\"text-align: center;\" colspan=\"4\">220v\/380v\/415v<\/td>\n<\/tr>\n<tr>\n<td style=\"text-align: center;\">Espessura da chapa<\/td>\n<td style=\"text-align: center;\" colspan=\"4\">Ajust\u00e1vel<\/td>\n<\/tr>\n<tr>\n<td style=\"text-align: center;\">Pot\u00eancia (kw)<\/td>\n<td style=\"text-align: center;\" colspan=\"4\">1.22<\/td>\n<\/tr>\n<tr>\n<td style=\"text-align: center;\">Velocidade (m\/min)<\/td>\n<td style=\"text-align: center;\" colspan=\"4\">1,2-1,9 m\/minuto<\/td>\n<\/tr>\n<\/tbody>\n<\/table>\n<\/div>","protected":false},"excerpt":{"rendered":"<ul>\n<li>Controlador de frequ\u00eancia de velocidade do motor, usando transdutor de deslocamento para inspecionar a espessura da massa<\/li>\n<li>A tela de toque do PLC ajusta a espessura da massa, mais precisa<\/li>\n<li>Rolo de liga mais forte<\/li>\n<li>A prote\u00e7\u00e3o do rolo \u00e9 instalada no rolo superior para reduzir a chance de cortar as folhas de massa<\/li>\n<li>A gaxeta de nylon n\u00e3o t\u00f3xica de qualidade alimentar branca interna impede que as folhas de massa sejam alimentadas<\/li>\n<li>Rolo de borracha dentro protegendo o rolo de liga eficaz<\/li>\n<li>A estrutura principal e o corpo s\u00e3o feitos de a\u00e7o inoxid\u00e1vel<\/li>\n<li>Dobramento em forma de R e revestimento de jateamento \u00e0 prova d&#039;\u00e1gua para maior tempo de uso<\/li>\n<\/ul>","protected":false},"featured_media":86,"comment_status":"open","ping_status":"closed","template":"","meta":[],"product_brand":[],"product_cat":[15],"product_tag":[],"class_list":{"0":"post-83","1":"product","2":"type-product","3":"status-publish","4":"has-post-thumbnail","6":"product_cat-bakery-equipment","8":"first","9":"instock","10":"shipping-taxable","11":"product-type-simple"},"_links":{"self":[{"href":"https:\/\/www.jymachinetech.com\/pt\/wp-json\/wp\/v2\/product\/83","targetHints":{"allow":["GET"]}}],"collection":[{"href":"https:\/\/www.jymachinetech.com\/pt\/wp-json\/wp\/v2\/product"}],"about":[{"href":"https:\/\/www.jymachinetech.com\/pt\/wp-json\/wp\/v2\/types\/product"}],"replies":[{"embeddable":true,"href":"https:\/\/www.jymachinetech.com\/pt\/wp-json\/wp\/v2\/comments?post=83"}],"version-history":[{"count":1,"href":"https:\/\/www.jymachinetech.com\/pt\/wp-json\/wp\/v2\/product\/83\/revisions"}],"predecessor-version":[{"id":7189,"href":"https:\/\/www.jymachinetech.com\/pt\/wp-json\/wp\/v2\/product\/83\/revisions\/7189"}],"wp:featuredmedia":[{"embeddable":true,"href":"https:\/\/www.jymachinetech.com\/pt\/wp-json\/wp\/v2\/media\/86"}],"wp:attachment":[{"href":"https:\/\/www.jymachinetech.com\/pt\/wp-json\/wp\/v2\/media?parent=83"}],"wp:term":[{"taxonomy":"product_brand","embeddable":true,"href":"https:\/\/www.jymachinetech.com\/pt\/wp-json\/wp\/v2\/product_brand?post=83"},{"taxonomy":"product_cat","embeddable":true,"href":"https:\/\/www.jymachinetech.com\/pt\/wp-json\/wp\/v2\/product_cat?post=83"},{"taxonomy":"product_tag","embeddable":true,"href":"https:\/\/www.jymachinetech.com\/pt\/wp-json\/wp\/v2\/product_tag?post=83"}],"curies":[{"name":"wp","href":"https:\/\/api.w.org\/{rel}","templated":true}]}}